{"id":1885,"date":"2022-09-24T10:55:11","date_gmt":"2022-09-24T03:55:11","guid":{"rendered":"https:\/\/ngaviet.com\/delivery-policy\/"},"modified":"2022-09-29T00:30:34","modified_gmt":"2022-09-28T17:30:34","slug":"delivery-policy","status":"publish","type":"page","link":"https:\/\/ngaviet.com\/en\/delivery-policy\/","title":{"rendered":"Delivery policy"},"content":{"rendered":"\n<div class=\"container section-title-container\" ><h2 class=\"section-title section-title-center\"><b><\/b><span class=\"section-title-main\" style=\"color:rgb(15, 172, 3);\"><i class=\"icon-checkmark\" ><\/i>CH\u00cdNH S\u00c1CH GIAO H\u00c0NG<\/span><b><\/b><\/h2><\/div>\n\n\n\n<p><\/p>\n\n\n\n<h3 class=\"wp-block-heading\"><strong>1. City area. Ho Chi Minh City Thu Duc<\/strong><\/h3>\n\n\n\n<figure class=\"wp-block-image size-full is-resized\"><img decoding=\"async\" loading=\"lazy\" src=\"https:\/\/ngaviet.com\/wp-content\/uploads\/2022\/09\/Screenshot-2022-09-28-at-19.37.37.png\" alt=\"\" class=\"wp-image-2178\" width=\"793\" height=\"145\"\/><\/figure>\n\n\n\n<h3 class=\"wp-block-heading\"><strong>2. Intercity\/city area<\/strong><\/h3>\n\n\n\n<figure class=\"wp-block-image size-full is-resized\"><img decoding=\"async\" loading=\"lazy\" src=\"https:\/\/ngaviet.com\/wp-content\/uploads\/2022\/09\/Screenshot-2022-09-28-at-19.37.46.png\" alt=\"\" class=\"wp-image-2180\" width=\"794\" height=\"156\"\/><\/figure>\n\n\n\n<p><strong>Note<\/strong>:<\/p>\n\n\n\n<p>&#8211; Delivery time at Nga Viet Trading Co., Ltd applies from Monday to Saturday morning every week.<\/p>\n\n\n\n<p>&#8211; Delivery fee and estimated time of receiving goods may vary depending on the delivery unit, time.<\/p>\n\n\n\n<h3 class=\"wp-block-heading\"><strong>3. Questions related to delivery<\/strong><\/h3>\n\n\n\n<h4 class=\"wp-block-heading\"><strong>3.1. I need the product urgently, can it be delivered immediately?<\/strong><\/h4>\n\n\n\n<p>Yes. We have delivery support for cases that need immediate delivery. <\/p>\n\n\n\n<p><strong>Ho Chi Minh City Area<\/strong>:<\/p>\n\n\n\n<p>&#8211; FREE fast delivery for orders from 500,000 VND or more<\/p>\n\n\n\n<p>&#8211; Orders under 500,000 VND, customers pay the shipping fee themselves.<\/p>\n\n\n\n<p><strong>Intercity\/city area<\/strong>:<\/p>\n\n\n\n<p>&#8211; Shipping time is about 1-2 days, districts and communes outside the city from 2-3 days. Apply fast delivery for orders from 800,000 VND (free shipping).<\/p>\n\n\n\n<h4 class=\"wp-block-heading\"><strong>3.2. Is it possible to schedule delivery according to my free schedule?<\/strong><\/h4>\n\n\n\n<p>Yes. Customers can schedule delivery on weekdays from Monday to Saturday morning, working hours from 7:45 am &#8211; 5:00 pm, Saturday: 7:45 am &#8211; 11 am (applicable to Ho Chi Minh City area).<\/p>\n\n\n\n<p>&#8211; In the intercity\/city area, you can contact the shipper to change the delivery schedule according to your wishes.<\/p>\n\n\n\n<h4 class=\"wp-block-heading\"><strong>3.3. Can I check the goods before I pay?<\/strong><\/h4>\n\n\n\n<p>You are free to check the goods before paying.<\/p>\n\n\n\n<h4 class=\"wp-block-heading\"><strong>3.4. When can I receive my order?<\/strong><\/h4>\n\n\n\n<p>You will receive your order according to the estimated time mentioned in (1), (2).<\/p>\n\n\n\n<p>If during that time you have not received a call from Nga Viet&#8217;s delivery staff or shipper, you can directly contact the hotline: 0933.248.096 to be supported by Nga Viet staff to check the status of your order.<\/p>\n\n\n\n<p>For any questions or complaints, you can contact hotline\/Zalo at: <strong>0933.248.096 <\/strong>or email address: <a href=\"mailto:ngavietcompany@gmail.com\"><strong>ngavietcompany@gmail.com<\/strong><\/a> for the best support.<\/p>\n","protected":false},"excerpt":{"rendered":"<p>1. City area. Ho Chi Minh City Thu Duc 2. Intercity\/city area Note: &#8211; Delivery time at Nga Viet Trading Co., Ltd applies from Monday to Saturday morning every week. &#8211; Delivery fee and estimated time of receiving goods may vary depending on the delivery unit, time. 3. Questions related to delivery 3.1. I need&#8230;<\/p>\n","protected":false},"author":1,"featured_media":0,"parent":0,"menu_order":0,"comment_status":"closed","ping_status":"closed","template":"","meta":[],"_links":{"self":[{"href":"https:\/\/ngaviet.com\/en\/wp-json\/wp\/v2\/pages\/1885"}],"collection":[{"href":"https:\/\/ngaviet.com\/en\/wp-json\/wp\/v2\/pages"}],"about":[{"href":"https:\/\/ngaviet.com\/en\/wp-json\/wp\/v2\/types\/page"}],"author":[{"embeddable":true,"href":"https:\/\/ngaviet.com\/en\/wp-json\/wp\/v2\/users\/1"}],"replies":[{"embeddable":true,"href":"https:\/\/ngaviet.com\/en\/wp-json\/wp\/v2\/comments?post=1885"}],"version-history":[{"count":0,"href":"https:\/\/ngaviet.com\/en\/wp-json\/wp\/v2\/pages\/1885\/revisions"}],"wp:attachment":[{"href":"https:\/\/ngaviet.com\/en\/wp-json\/wp\/v2\/media?parent=1885"}],"curies":[{"name":"wp","href":"https:\/\/api.w.org\/{rel}","templated":true}]}}