{"id":1890,"date":"2022-09-24T10:49:17","date_gmt":"2022-09-24T03:49:17","guid":{"rendered":"https:\/\/ngaviet.com\/payment-policy\/"},"modified":"2022-09-24T20:45:20","modified_gmt":"2022-09-24T13:45:20","slug":"payment-policy","status":"publish","type":"page","link":"https:\/\/ngaviet.com\/en\/payment-policy\/","title":{"rendered":"Payment policy"},"content":{"rendered":"\n<div class=\"container section-title-container\" ><h2 class=\"section-title section-title-center\"><b><\/b><span class=\"section-title-main\" style=\"color:rgb(15, 172, 3);\"><i class=\"icon-checkmark\" ><\/i>Ch\u00ednh s\u00e1ch thanh to\u00e1n<\/span><b><\/b><\/h2><\/div>\n\n<p><\/p>\n\n<p>Currently, you can pay Nga Viet Trading Co., Ltd by 1 of 2 ways:<\/p>\n\n<ol><li><strong>Payment in cash:<\/strong><br\/>After you receive the order, you can pay in cash on the spot to the delivery staff.<\/li><li><strong>Payment by bank transfer:<br\/><\/strong>Customers can pay by bank transfer via Nga Viet Trading Co., Ltd.&#8217;s bank account:<ul><li>Account number: 19038662830011<\/li><li>Account name: Nga Viet Trading Co., Ltd<\/li><li>Bank: Techcombank 3\/2 Street, HCMC.<\/li><\/ul><\/li><\/ol>\n","protected":false},"excerpt":{"rendered":"<p>Currently, you can pay Nga Viet Trading Co., Ltd by 1 of 2 ways: Payment in cash:After you receive the order, you can pay in cash on the spot to the delivery staff. Payment by bank transfer:Customers can pay by bank transfer via Nga Viet Trading Co., Ltd.&#8217;s bank account: Account number: 19038662830011 Account name:&#8230;<\/p>\n","protected":false},"author":1,"featured_media":0,"parent":0,"menu_order":0,"comment_status":"closed","ping_status":"closed","template":"","meta":[],"_links":{"self":[{"href":"https:\/\/ngaviet.com\/en\/wp-json\/wp\/v2\/pages\/1890"}],"collection":[{"href":"https:\/\/ngaviet.com\/en\/wp-json\/wp\/v2\/pages"}],"about":[{"href":"https:\/\/ngaviet.com\/en\/wp-json\/wp\/v2\/types\/page"}],"author":[{"embeddable":true,"href":"https:\/\/ngaviet.com\/en\/wp-json\/wp\/v2\/users\/1"}],"replies":[{"embeddable":true,"href":"https:\/\/ngaviet.com\/en\/wp-json\/wp\/v2\/comments?post=1890"}],"version-history":[{"count":0,"href":"https:\/\/ngaviet.com\/en\/wp-json\/wp\/v2\/pages\/1890\/revisions"}],"wp:attachment":[{"href":"https:\/\/ngaviet.com\/en\/wp-json\/wp\/v2\/media?parent=1890"}],"curies":[{"name":"wp","href":"https:\/\/api.w.org\/{rel}","templated":true}]}}