{"id":1808,"date":"2022-09-23T10:04:54","date_gmt":"2022-09-23T03:04:54","guid":{"rendered":"https:\/\/ngaviet.com\/?page_id=1808"},"modified":"2022-09-24T20:44:16","modified_gmt":"2022-09-24T13:44:16","slug":"chinh-sach-bao-mat","status":"publish","type":"page","link":"https:\/\/ngaviet.com\/vi\/chinh-sach-bao-mat\/","title":{"rendered":"Ch\u00ednh s\u00e1ch b\u1ea3o m\u1eadt"},"content":{"rendered":"\n<div class=\"container section-title-container\" ><h2 class=\"section-title section-title-center\"><b><\/b><span class=\"section-title-main\" style=\"color:rgb(15, 172, 3);\"><i class=\"icon-checkmark\" ><\/i>Ch\u00ednh s\u00e1ch b\u1ea3o m\u1eadt<\/span><b><\/b><\/h2><\/div>\n\n\n\n<p>C\u00f4ng ty TNHH Th\u01b0\u01a1ng M\u1ea1i Nga Vi\u1ec7t cam k\u1ebft b\u1ea3o m\u1eadt nh\u1eefng th\u00f4ng tin mang t\u00ednh ch\u1ea5t ri\u00eang t\u01b0 c\u1ee7a kh\u00e1ch h\u00e0ng, nh\u1eb1m n\u00e2ng cao ch\u1ea5t l\u01b0\u1ee3ng ph\u1ee5c v\u1ee5 c\u0169ng nh\u01b0 tr\u1ea3i nghi\u1ec7m c\u1ee7a kh\u00e1ch h\u00e0ng khi gh\u00e9 th\u0103m website ngaviet.com, b\u1ea1n vui l\u00f2ng \u0111\u1ecdc \u201cCh\u00ednh s\u00e1ch b\u1ea3o m\u1eadt\u201d b\u00ean d\u01b0\u1edbi \u0111\u1ec3 hi\u1ec3u r\u00f5 h\u01a1n nh\u1eefng g\u00ec ch\u00fang t\u00f4i cam k\u1ebft nh\u00e9!<\/p>\n\n\n\n<h3 class=\"wp-block-heading\"><strong>1. M\u1ee5c \u0111\u00edch v\u00e0 ph\u1ea1m vi thu th\u1eadp th\u00f4ng tin<\/strong><\/h3>\n\n\n\n<p>&#8211; C\u00f4ng ty TNHH Th\u01b0\u01a1ng M\u1ea1i Nga Vi\u1ec7t cam k\u1ebft, ch\u00fang t\u00f4i ch\u1ec9 thu th\u1eadp th\u00f4ng tin c\u1ee7a qu\u00fd kh\u00e1ch nh\u1eb1m m\u1ee5c \u0111\u00edch giao d\u1ecbch gi\u1eefa website v\u00e0 kh\u00e1ch h\u00e0ng m\u00e0 kh\u00f4ng l\u1ea5y th\u00eam b\u1ea5t k\u1ef3 th\u00f4ng tin g\u00ec, \u0111\u1ea3m b\u1ea3o tu\u00e2n th\u1ee7 quy \u0111\u1ecbnh c\u1ee7a ph\u00e1p lu\u1eadt.<\/p>\n\n\n\n<p>&#8211; Ch\u00fang t\u00f4i cam k\u1ebft tuy\u1ec7t \u0111\u1ed1i kh\u00f4ng chia s\u1ebb b\u1ea5t k\u1ef3 m\u1ed9t th\u00f4ng tin c\u00e1 nh\u00e2n n\u00e0o c\u1ee7a b\u1ea1n cho \u0111\u01a1n v\u1ecb th\u1ee9 3 nh\u1eb1m m\u1ee5c \u0111\u00edch l\u1ee3i nhu\u1eadn.<\/p>\n\n\n\n<p>&#8211; \u0110\u1ec3 th\u1ef1c hi\u1ec7n giao d\u1ecbch, h\u1ecfi \u0111\u00e1p, qu\u00fd kh\u00e1ch h\u00e0ng g\u1eedi form li\u00ean h\u1ec7 v\u1edbi ch\u00fang t\u00f4i theo th\u00f4ng tin c\u00e1 nh\u00e2n (H\u1ecd t\u00ean, email, s\u1ed1 \u0111i\u1ec7n tho\u1ea1i, \u0111\u1ecba ch\u1ec9, n\u1ed9i dung). M\u1ecdi th\u00f4ng tin b\u1ea1n cung c\u1ea5p \u0111\u1ea3m b\u1ea3o h\u1ee3p ph\u00e1p. Nga Vi\u1ec7t kh\u00f4ng ch\u1ecbu tr\u00e1ch nhi\u1ec7m v\u1edbi nh\u1eefng th\u00f4ng tin sai l\u1ec7ch, li\u00ean quan ph\u00e1p lu\u1eadt.<\/p>\n\n\n\n<h3 class=\"wp-block-heading\"><strong>2. Ph\u1ea1m vi s\u1eed d\u1ee5ng th\u00f4ng tin<\/strong><\/h3>\n\n\n\n<p>&#8211; Ch\u00fang t\u00f4i ch\u1ec9 thu th\u1eadp nh\u1eefng th\u00f4ng tin \u0111\u01b0\u1ee3c y\u00eau c\u1ea7u, khi b\u1ea1n x\u00e1c nh\u1eadn g\u1eedi form li\u00ean h\u1ec7 qua website.<\/p>\n\n\n\n<p>&#8211; C\u00e1c th\u00f4ng tin qua form li\u00ean h\u1ec7 ch\u1ec9 l\u01b0u h\u00e0nh n\u1ed9i b\u1ed9 nh\u1eb1m gi\u1ea3i \u0111\u00e1p th\u1eafc m\u1eafc c\u1ee7a b\u1ea1n ngay l\u00fac \u0111\u00f3 ho\u1eb7c s\u1eed d\u1ee5ng trong m\u1ed9t s\u1ed1 tr\u01b0\u1eddng h\u1ee3p c\u1ea7n thi\u1ebft:<\/p>\n\n\n\n<ul><li>Th\u00f4ng b\u00e1o ch\u01b0\u01a1ng tr\u00ecnh khuy\u1ebfn m\u00e3i<\/li><li>G\u1eedi th\u01b0 ch\u00fac m\u1eebng sinh nh\u1eadt, th\u01b0 c\u1ea3m \u01a1n<\/li><li>Gi\u1edbi thi\u1ec7u s\u1ea3n ph\u1ea9m m\u1edbi<\/li><li>C\u00e1c kh\u1ea3o s\u00e1t nh\u1eb1m t\u0103ng ch\u1ea5t l\u01b0\u1ee3ng d\u1ecbch v\u1ee5 \u0111\u1ec3 \u0111\u00e1p \u1ee9ng nhu c\u1ea7u kh\u00e1ch h\u00e0ng,&#8230;<\/li><\/ul>\n\n\n\n<h3 class=\"wp-block-heading\"><strong>3. Nh\u1eefng ng\u01b0\u1eddi c\u00f3 th\u1ec3 ti\u1ebfp c\u1eadn v\u00e0 qu\u1ea3n l\u00fd th\u00f4ng tin c\u1ee7a b\u1ea1n<\/strong><\/h3>\n\n\n\n<p>&#8211; Khi qu\u00fd kh\u00e1ch g\u1eedi form li\u00ean h\u1ec7 th\u00f4ng qua website th\u00ec nh\u1eefng ng\u01b0\u1eddi, \u0111\u01a1n v\u1ecb t\u1ed5 ch\u1ee9c d\u01b0\u1edbi \u0111\u00e2y c\u00f3 quy\u1ec1n \u0111\u01b0\u1ee3c ti\u1ebfp c\u1eadn v\u00e0 qu\u1ea3n l\u00fd th\u00f4ng tin c\u00e1 nh\u00e2n c\u1ee7a b\u1ea1n.<\/p>\n\n\n\n<ul><li>Ban qu\u1ea3n tr\u1ecb qu\u1ea3n l\u00fd website t\u1ea1i c\u00f4ng ty TNHH Th\u01b0\u01a1ng M\u1ea1i Nga Vi\u1ec7t<\/li><li>B\u00ean th\u1ee9 3 t\u00edch h\u1ee3p v\u1edbi website ngaviet.com<\/li><li>\u0110\u01a1n v\u1ecb v\u1eadn chuy\u1ec3n khi qu\u00fd kh\u00e1ch y\u00eau c\u1ea7u giao h\u00e0ng<\/li><li>K\u1ebf to\u00e1n t\u00e0i ch\u00ednh t\u1ea1i c\u00f4ng ty.<\/li><\/ul>\n\n\n\n<h3 class=\"wp-block-heading\"><strong>4. \u0110\u1ecba ch\u1ec9 \u0111\u01a1n v\u1ecb thu th\u1eadp v\u00e0 qu\u1ea3n l\u00fd th\u00f4ng tin c\u1ee7a b\u1ea1n<\/strong><\/h3>\n\n\n\n<p>C\u00f4ng ty TNHH Th\u01b0\u01a1ng M\u1ea1i Nga Vi\u1ec7t<\/p>\n\n\n\n<ul><li>\u0110\u1ecba ch\u1ec9: 644\/2 \u0111\u01b0\u1eddng 3\/2, ph\u01b0\u1eddng 14, qu\u1eadn 10<\/li><li>Hotline: 0933 248 096<\/li><li>Ng\u01b0\u1eddi \u0111\u1ea1i di\u1ec7n ph\u00e1p l\u00fd: V\u0169 L\u00ea Quy\u00ean<\/li><li>Gmail: cskh.ngaviet@gmail.com<\/li><\/ul>\n\n\n\n<h3 class=\"wp-block-heading\"><strong>5. Th\u1eddi gian l\u01b0u tr\u1eef th\u00f4ng tin<\/strong><\/h3>\n\n\n\n<p>D\u1eef li\u1ec7u c\u00e1 nh\u00e2n c\u1ee7a b\u1ea1n khi g\u1eedi form li\u00ean h\u1ec7 s\u1ebd \u0111\u01b0\u1ee3c l\u01b0u tr\u1eef t\u1ea1i m\u00e1y ch\u1ee7 cho \u0111\u1ebfn khi c\u00f3 y\u00eau c\u1ea7u h\u1ee7y b\u1ecf\/kh\u00f4ng c\u00f2n c\u1ea7n thi\u1ebft \u0111\u00e1p \u1ee9ng nhu c\u1ea7u thu th\u1eadp.<\/p>\n\n\n\n<h3 class=\"wp-block-heading\"><strong>6. Cam k\u1ebft b\u1ea3o m\u1eadt th\u00f4ng tin c\u00e1 nh\u00e2n c\u1ee7a kh\u00e1ch h\u00e0ng<\/strong><\/h3>\n\n\n\n<p>C\u00f4ng ty TNHH Th\u01b0\u01a1ng M\u1ea1i Nga Vi\u1ec7t cam k\u1ebft b\u1ea3o m\u1eadt m\u1ecdi th\u00f4ng tin c\u00e1 nh\u00e2n c\u1ee7a kh\u00e1ch h\u00e0ng, kh\u00f4ng v\u01b0\u1ee3t qu\u00e1 m\u1ee5c \u0111\u00edch, ph\u1ea1m vi s\u1eed d\u1ee5ng th\u00f4ng tin \u1edf m\u1ee5c 1,2.<\/p>\n\n\n\n<h3 class=\"wp-block-heading\"><strong>7. Thay \u0111\u1ed5i ch\u00ednh s\u00e1ch b\u1ea3o m\u1eadt<\/strong><\/h3>\n\n\n\n<p>C\u00f4ng ty TNHH Th\u01b0\u01a1ng M\u1ea1i Nga Vi\u1ec7t c\u00f3 quy\u1ec1n thay \u0111\u1ed5i ch\u00ednh s\u00e1ch b\u1ea3o m\u1eadt b\u1ea5t c\u1ee9 l\u00fac n\u00e0o. Khi thay \u0111\u1ed5i ch\u00fang t\u00f4i s\u1ebd c\u1eadp nh\u1eadt th\u00f4ng tin thay \u0111\u1ed5i tr\u00ean website ngaviet.com.<\/p>\n\n\n\n<p>M\u1ecdi th\u1eafc m\u1eafc, khi\u1ebfu n\u1ea1i qu\u00fd kh\u00e1ch c\u00f3 th\u1ec3 li\u00ean h\u1ec7 s\u1ed1 hotline\/Zalo theo s\u1ed1: <strong>0933.248.096 <\/strong>ho\u1eb7c \u0111\u1ecba ch\u1ec9 email: <a href=\"mailto:ngavietcompany@gmail.com\"><strong>ngavietcompany@gmail.com<\/strong><\/a> \u0111\u1ec3 \u0111\u01b0\u1ee3c h\u1ed7 tr\u1ee3 t\u1ed1t nh\u1ea5t.<\/p>\n","protected":false},"excerpt":{"rendered":"<p>C\u00f4ng ty TNHH Th\u01b0\u01a1ng M\u1ea1i Nga Vi\u1ec7t cam k\u1ebft b\u1ea3o m\u1eadt nh\u1eefng th\u00f4ng tin mang t\u00ednh ch\u1ea5t ri\u00eang t\u01b0 c\u1ee7a kh\u00e1ch h\u00e0ng, nh\u1eb1m n\u00e2ng cao ch\u1ea5t l\u01b0\u1ee3ng ph\u1ee5c v\u1ee5 c\u0169ng nh\u01b0 tr\u1ea3i nghi\u1ec7m c\u1ee7a kh\u00e1ch h\u00e0ng khi gh\u00e9 th\u0103m website ngaviet.com, b\u1ea1n vui l\u00f2ng \u0111\u1ecdc \u201cCh\u00ednh s\u00e1ch b\u1ea3o m\u1eadt\u201d b\u00ean d\u01b0\u1edbi \u0111\u1ec3 hi\u1ec3u r\u00f5 h\u01a1n&#8230;<\/p>\n","protected":false},"author":1,"featured_media":0,"parent":0,"menu_order":0,"comment_status":"closed","ping_status":"closed","template":"","meta":[],"_links":{"self":[{"href":"https:\/\/ngaviet.com\/vi\/wp-json\/wp\/v2\/pages\/1808"}],"collection":[{"href":"https:\/\/ngaviet.com\/vi\/wp-json\/wp\/v2\/pages"}],"about":[{"href":"https:\/\/ngaviet.com\/vi\/wp-json\/wp\/v2\/types\/page"}],"author":[{"embeddable":true,"href":"https:\/\/ngaviet.com\/vi\/wp-json\/wp\/v2\/users\/1"}],"replies":[{"embeddable":true,"href":"https:\/\/ngaviet.com\/vi\/wp-json\/wp\/v2\/comments?post=1808"}],"version-history":[{"count":0,"href":"https:\/\/ngaviet.com\/vi\/wp-json\/wp\/v2\/pages\/1808\/revisions"}],"wp:attachment":[{"href":"https:\/\/ngaviet.com\/vi\/wp-json\/wp\/v2\/media?parent=1808"}],"curies":[{"name":"wp","href":"https:\/\/api.w.org\/{rel}","templated":true}]}}