{"id":1841,"date":"2022-09-24T11:03:54","date_gmt":"2022-09-24T04:03:54","guid":{"rendered":"https:\/\/ngaviet.com\/?page_id=1841"},"modified":"2022-09-25T01:11:15","modified_gmt":"2022-09-24T18:11:15","slug":"chinh-sach-doi-tra","status":"publish","type":"page","link":"https:\/\/ngaviet.com\/vi\/chinh-sach-doi-tra\/","title":{"rendered":"Ch\u00ednh s\u00e1ch \u0111\u1ed5i tr\u1ea3"},"content":{"rendered":"\n<div class=\"container section-title-container\" ><h2 class=\"section-title section-title-center\"><b><\/b><span class=\"section-title-main\" style=\"color:rgb(15, 172, 3);\"><i class=\"icon-checkmark\" ><\/i>Ch\u00ednh s\u00e1ch \u0111\u1ed5i tr\u1ea3<\/span><b><\/b><\/h2><\/div>\n\n\n\n<h3 class=\"wp-block-heading\"><strong>I. Tr\u01b0\u1eddng h\u1ee3p h\u1ed7 tr\u1ee3 \u0111\u1ed5i tr\u1ea3<\/strong><\/h3>\n\n\n\n<p>Hi\u1ec7n nay, C\u00f4ng ty TNHH Th\u01b0\u01a1ng M\u1ea1i Nga Vi\u1ec7t ch\u1ea5p nh\u1eadn \u0111\u01a1n \u0111\u1ed5i tr\u1ea3 do m\u1ed9t trong nh\u1eefng v\u1ea5n \u0111\u1ec1\/l\u1ed7i sau:<\/p>\n\n\n\n<p>1. S\u1ea3n ph\u1ea9m c\u00f3 h\u1ea1n s\u1eed d\u1ee5ng d\u01b0\u1edbi 6 th\u00e1ng<\/p>\n\n\n\n<p>2. S\u1ea3n ph\u1ea9m b\u1ecb l\u1ed7i v\u1eadn chuy\u1ec3n<\/p>\n\n\n\n<p>3. \u0110\u1ed5i tr\u1ea3 do l\u1ed7i t\u1eeb nh\u00e0 s\u1ea3n xu\u1ea5t.<\/p>\n\n\n\n<h3 class=\"wp-block-heading\"><strong>II. \u0110i\u1ec1u ki\u1ec7n \u0111\u1ed5i tr\u1ea3 s\u1ea3n ph\u1ea9m<\/strong><\/h3>\n\n\n\n<p>1. S\u1ea3n ph\u1ea9m \u0111\u1ed5i tr\u1ea3 ph\u1ea3i c\u00f2n nguy\u00ean v\u1eb9n bao b\u00ec, v\u1ecf h\u1ed9p, kh\u00f4ng b\u1ecb r\u00e1ch n\u00e1t,&#8230;<\/p>\n\n\n\n<p>2. S\u1ea3n ph\u1ea9m ph\u1ea3i \u0111\u01b0\u1ee3c b\u1ea3o qu\u1ea3n \u0111\u00fang c\u00e1ch&nbsp;<\/p>\n\n\n\n<p>V\u00ed d\u1ee5: Tr\u01b0\u1eddng h\u1ee3p kh\u00e1ch h\u00e0ng \u0111\u1ec3 \u00e1nh n\u1eafng m\u1eb7t tr\u1eddi chi\u1ebfu tr\u1ef1c ti\u1ebfp v\u00e0o s\u1ea3n ph\u1ea9m, l\u00e0m \u1ea3nh h\u01b0\u1edfng \u0111\u1ebfn ch\u1ea5t l\u01b0\u1ee3ng vi\u00ean nang s\u1ebd kh\u00f4ng \u0111\u01b0\u1ee3c h\u1ed7 tr\u1ee3 \u0111\u1ed5i tr\u1ea3.<\/p>\n\n\n\n<h3 class=\"wp-block-heading\"><strong>III. C\u00e1c b\u01b0\u1edbc ho\u00e0n tr\u1ea3 x\u00e1c ph\u1ea9m<\/strong><\/h3>\n\n\n\n<p>&#8211; Qu\u00fd kh\u00e1ch li\u00ean h\u1ec7 hotline: <strong>0933.248.096<\/strong> (C\u00f4ng ty TNHH Th\u01b0\u01a1ng M\u1ea1i Nga Vi\u1ec7t) th\u00f4ng b\u00e1o \u0111\u1ed5i tr\u1ea3<\/p>\n\n\n\n<p>&#8211; Ch\u00fang t\u00f4i s\u1ebd ti\u1ebfn h\u00e0nh ki\u1ec3m tra th\u00f4ng tin s\u1ea3n ph\u1ea9m<\/p>\n\n\n\n<p>&#8211; Sau khi x\u00e1c nh\u1eadn \u0111\u1ee7 \u0111i\u1ec1u ki\u1ec7n \u0111\u1ed5i tr\u1ea3, ch\u00fang t\u00f4i s\u1ebd ti\u1ebfn h\u00e0nh h\u1ed7 tr\u1ee3 \u0111\u1ed5i tr\u1ea3 h\u00e0ng cho qu\u00fd kh\u00e1ch.<\/p>\n\n\n\n<p>&#8211; Kh\u00e1ch h\u00e0ng khu v\u1ef1c TPHCM s\u1ebd \u0111\u01b0\u1ee3c h\u1ed7 tr\u1ee3 giao h\u00e0ng m\u1edbi t\u1ea1i \u0111\u01a1n v\u1ecb b\u1ea1n \u0111ang kinh doanh.<\/p>\n\n\n\n<p>&#8211; Kh\u00e1ch h\u00e0ng ngo\u1ea1i t\u1ec9nh\/li\u00ean t\u1ec9nh g\u1eedi h\u00e0ng v\u1ec1 \u0111\u1ecba ch\u1ec9 v\u0103n ph\u00f2ng c\u00f4ng ty: s\u1ed1 644\/2 \u0111\u01b0\u1eddng 3\/2, ph\u01b0\u1eddng 14, qu\u1eadn 10.<\/p>\n\n\n\n<p>M\u1ecdi th\u1eafc m\u1eafc, khi\u1ebfu n\u1ea1i qu\u00fd kh\u00e1ch c\u00f3 th\u1ec3 li\u00ean h\u1ec7 s\u1ed1 hotline\/Zalo theo s\u1ed1: <strong>0933.248.096 <\/strong>ho\u1eb7c \u0111\u1ecba ch\u1ec9 email: <a href=\"mailto:ngavietcompany@gmail.com\"><strong>ngavietcompany@gmail.com<\/strong><\/a> \u0111\u1ec3 \u0111\u01b0\u1ee3c h\u1ed7 tr\u1ee3 t\u1ed1t nh\u1ea5t.<\/p>\n","protected":false},"excerpt":{"rendered":"<p>I. Tr\u01b0\u1eddng h\u1ee3p h\u1ed7 tr\u1ee3 \u0111\u1ed5i tr\u1ea3 Hi\u1ec7n nay, C\u00f4ng ty TNHH Th\u01b0\u01a1ng M\u1ea1i Nga Vi\u1ec7t ch\u1ea5p nh\u1eadn \u0111\u01a1n \u0111\u1ed5i tr\u1ea3 do m\u1ed9t trong nh\u1eefng v\u1ea5n \u0111\u1ec1\/l\u1ed7i sau: 1. S\u1ea3n ph\u1ea9m c\u00f3 h\u1ea1n s\u1eed d\u1ee5ng d\u01b0\u1edbi 6 th\u00e1ng 2. S\u1ea3n ph\u1ea9m b\u1ecb l\u1ed7i v\u1eadn chuy\u1ec3n 3. \u0110\u1ed5i tr\u1ea3 do l\u1ed7i t\u1eeb nh\u00e0 s\u1ea3n xu\u1ea5t. II&#8230;.<\/p>\n","protected":false},"author":1,"featured_media":0,"parent":0,"menu_order":0,"comment_status":"closed","ping_status":"closed","template":"","meta":[],"_links":{"self":[{"href":"https:\/\/ngaviet.com\/vi\/wp-json\/wp\/v2\/pages\/1841"}],"collection":[{"href":"https:\/\/ngaviet.com\/vi\/wp-json\/wp\/v2\/pages"}],"about":[{"href":"https:\/\/ngaviet.com\/vi\/wp-json\/wp\/v2\/types\/page"}],"author":[{"embeddable":true,"href":"https:\/\/ngaviet.com\/vi\/wp-json\/wp\/v2\/users\/1"}],"replies":[{"embeddable":true,"href":"https:\/\/ngaviet.com\/vi\/wp-json\/wp\/v2\/comments?post=1841"}],"version-history":[{"count":0,"href":"https:\/\/ngaviet.com\/vi\/wp-json\/wp\/v2\/pages\/1841\/revisions"}],"wp:attachment":[{"href":"https:\/\/ngaviet.com\/vi\/wp-json\/wp\/v2\/media?parent=1841"}],"curies":[{"name":"wp","href":"https:\/\/api.w.org\/{rel}","templated":true}]}}