{"id":624,"date":"2022-09-08T09:03:10","date_gmt":"2022-09-08T02:03:10","guid":{"rendered":"https:\/\/ngaviet.com\/?page_id=624"},"modified":"2026-04-06T15:37:38","modified_gmt":"2026-04-06T08:37:38","slug":"lien-he","status":"publish","type":"page","link":"https:\/\/ngaviet.com\/vi\/lien-he\/","title":{"rendered":"Li\u00ean h\u1ec7"},"content":{"rendered":"<div class=\"row row-large align-middle row-divided\"  id=\"row-1301850582\">\n\n\t<div id=\"col-835412124\" class=\"col medium-6 small-12 large-6\"  data-animate=\"fadeInLeft\">\n\t\t\t\t<div class=\"col-inner text-left\"  >\n\t\t\t\n\t\t\t\n\n<div class=\"wpcf7 no-js\" id=\"wpcf7-f539-o1\" lang=\"vi\" dir=\"ltr\">\n<div class=\"screen-reader-response\"><p role=\"status\" aria-live=\"polite\" aria-atomic=\"true\"><\/p> <ul><\/ul><\/div>\n<form action=\"\/vi\/wp-json\/wp\/v2\/pages\/624#wpcf7-f539-o1\" method=\"post\" class=\"wpcf7-form init\" aria-label=\"Contact form\" novalidate=\"novalidate\" data-status=\"init\">\n<div style=\"display: none;\">\n<input type=\"hidden\" name=\"_wpcf7\" value=\"539\" \/>\n<input type=\"hidden\" name=\"_wpcf7_version\" value=\"5.8.3\" \/>\n<input type=\"hidden\" name=\"_wpcf7_locale\" value=\"vi\" \/>\n<input type=\"hidden\" name=\"_wpcf7_unit_tag\" value=\"wpcf7-f539-o1\" \/>\n<input type=\"hidden\" name=\"_wpcf7_container_post\" value=\"0\" \/>\n<input type=\"hidden\" name=\"_wpcf7_posted_data_hash\" value=\"\" \/>\n<\/div>\n<div class=\"row form-single-product\">\n\t<div class=\"col large-12 col-form form-title-pro\">\n\t\t<h3>Li\u00ean h\u1ec7\n\t\t<\/h3>\n\t<\/div>\n\t<div class=\"col large-12 col-form\">\n\t\t<p><span class=\"wpcf7-form-control-wrap\" data-name=\"your-name\"><input size=\"40\" class=\"wpcf7-form-control wpcf7-text wpcf7-validates-as-required input-same\" aria-required=\"true\" aria-invalid=\"false\" placeholder=\"H\u1ecd t\u00ean\" value=\"\" type=\"text\" name=\"your-name\" \/><\/span>\n\t\t<\/p>\n\t<\/div>\n\t<div class=\"col large-12 col-form\">\n\t\t<p><span class=\"wpcf7-form-control-wrap\" data-name=\"your-email\"><input size=\"40\" class=\"wpcf7-form-control wpcf7-text wpcf7-validates-as-required input-same\" aria-required=\"true\" aria-invalid=\"false\" placeholder=\"Email\" value=\"\" type=\"text\" name=\"your-email\" \/><\/span>\n\t\t<\/p>\n\t<\/div>\n\t<div class=\"col large-12 col-form\">\n\t\t<p><span class=\"wpcf7-form-control-wrap\" data-name=\"your-tel\"><input size=\"40\" class=\"wpcf7-form-control wpcf7-tel wpcf7-validates-as-required wpcf7-text wpcf7-validates-as-tel input-same\" aria-required=\"true\" aria-invalid=\"false\" placeholder=\"S\u1ed1 \u0111i\u1ec7n tho\u1ea1i\" value=\"\" type=\"tel\" name=\"your-tel\" \/><\/span>\n\t\t<\/p>\n\t<\/div>\n\t<div class=\"col large-12 col-form\">\n\t\t<p><span class=\"wpcf7-form-control-wrap\" data-name=\"your-add\"><input size=\"40\" class=\"wpcf7-form-control wpcf7-text wpcf7-validates-as-required input-same\" aria-required=\"true\" aria-invalid=\"false\" placeholder=\"\u0110\u1ecba ch\u1ec9\" value=\"\" type=\"text\" name=\"your-add\" \/><\/span>\n\t\t<\/p>\n\t<\/div>\n\t<div class=\"col large-12 col-form\">\n\t\t<p><span class=\"wpcf7-form-control-wrap\" data-name=\"your-message\"><textarea cols=\"40\" rows=\"10\" class=\"wpcf7-form-control wpcf7-textarea input-same\" aria-invalid=\"false\" placeholder=\"Th\u00f4ng \u0111i\u1ec7p n\u1ed9i dung\" name=\"your-message\"><\/textarea><\/span>\n\t\t<\/p>\n\t<\/div>\n\t<div class=\"col large-12 col-form btn-guidonthuoc\">\n\t\t<p><input class=\"wpcf7-form-control wpcf7-submit has-spinner gui-donthuoc\" type=\"submit\" value=\"G\u1eecI LI\u00caN H\u1ec6\" \/>\n\t\t<\/p>\n\t<\/div>\n<\/div><p style=\"display: none !important;\"><label>&#916;<textarea name=\"_wpcf7_ak_hp_textarea\" cols=\"45\" rows=\"8\" maxlength=\"100\"><\/textarea><\/label><input type=\"hidden\" id=\"ak_js_1\" name=\"_wpcf7_ak_js\" value=\"239\"\/><script>document.getElementById( \"ak_js_1\" ).setAttribute( \"value\", ( new Date() ).getTime() );<\/script><\/p><input type='hidden' class='wpcf7-pum' value='{\"closepopup\":false,\"closedelay\":0,\"openpopup\":false,\"openpopup_id\":0}' \/><div class=\"wpcf7-response-output\" aria-hidden=\"true\"><\/div>\n<\/form>\n<\/div>\n\n\t\t<\/div>\n\t\t\t\t\t<\/div>\n\n\t\n\n\t<div id=\"col-1131095364\" class=\"col medium-6 small-12 large-6\"  data-animate=\"fadeInRight\">\n\t\t\t\t<div class=\"col-inner\"  >\n\t\t\t\n\t\t\t\n<h2 class=\"uppercase\">LI\u00caN H\u1ec6 V\u1edaI CH\u00daNG T\u00d4I<\/h2>\n<h3 class=\"mg0\"><span style=\"font-size: 95%;\">C\u00d4NG TY TNHH TH\u01af\u01a0NG M\u1ea0I NGA VI\u1ec6T<\/span><\/h3>\n<ul>\n<li><strong>\u0110\u1ecba ch\u1ec9:<\/strong> 644\/2 \u0110\u01b0\u1eddng 3\/2, Ph\u01b0\u1eddng Di\u00ean H\u1ed3ng, TP. H\u1ed3 Ch\u00ed Minh, Vi\u1ec7t Nam<\/li>\n<li><strong>\u0110i\u1ec7n tho\u1ea1i:<\/strong> <a href=\"http:\/\/(028)73069996\" data-wplink-url-error=\"true\" target=\"_blank\">(028) 73 069 996<\/a><\/li>\n<li><strong>Hotline<\/strong>: <a href=\"tel:0933248096\">0933.248.096<\/a><\/li>\n<li><strong>Email:<\/strong> <a href=\"mailto:info@ngaviet.com\">info@ngaviet.com<\/a> ho\u1eb7c <a href=\"mailto:cskh.ngaviet@gmail.com\">cskh.ngaviet@gmail.com<\/a><\/li>\n<li><b>Gi\u1edd l\u00e0m vi\u1ec7c: <\/b><strong>Th\u1ee9 2 &#8211; 6<\/strong>: 8h-17h | <strong>Th\u1ee9 7<\/strong>: 8h &#8211; 11h<\/li>\n<\/ul>\n<p>Nga Vi\u1ec7t &#8211; V\u00ec m\u1ed9t s\u1ee9c kh\u1ecfe Vi\u1ec7t, h\u00e2n h\u1ea1nh \u0111\u01b0\u1ee3c \u0111\u1ed3ng h\u00e0nh c\u00f9ng b\u1ea1n trong h\u00e0nh tr\u00ecnh ch\u0103m s\u00f3c s\u1ee9c kh\u1ecfe.<\/p>\n<h3 class=\"mg0\">\u00a0<\/h3>\n\t\t<\/div>\n\t\t\t\t\t<\/div>\n\n\t\n<\/div>\n<p><iframe src=\"https:\/\/www.google.com\/maps\/embed?pb=!1m18!1m12!1m3!1d3919.603160183651!2d106.6618254!3d10.765036199999999!2m3!1f0!2f0!3f0!3m2!1i1024!2i768!4f13.1!3m3!1m2!1s0x31752fd7a2987533%3A0xcbd3138431921b39!2zQ8O0bmcgdHkgZMaw4bujYyBwaOG6qW0gTmdhIFZp4buHdA!5e0!3m2!1svi!2s!4v1663638129300!5m2!1svi!2s\" width=\"1200\" height=\"450\" style=\"border:0;\" allowfullscreen=\"\" loading=\"lazy\" referrerpolicy=\"no-referrer-when-downgrade\"><\/iframe><\/p>\n","protected":false},"excerpt":{"rendered":"","protected":false},"author":1,"featured_media":0,"parent":0,"menu_order":0,"comment_status":"closed","ping_status":"closed","template":"","meta":[],"_links":{"self":[{"href":"https:\/\/ngaviet.com\/vi\/wp-json\/wp\/v2\/pages\/624"}],"collection":[{"href":"https:\/\/ngaviet.com\/vi\/wp-json\/wp\/v2\/pages"}],"about":[{"href":"https:\/\/ngaviet.com\/vi\/wp-json\/wp\/v2\/types\/page"}],"author":[{"embeddable":true,"href":"https:\/\/ngaviet.com\/vi\/wp-json\/wp\/v2\/users\/1"}],"replies":[{"embeddable":true,"href":"https:\/\/ngaviet.com\/vi\/wp-json\/wp\/v2\/comments?post=624"}],"version-history":[{"count":5,"href":"https:\/\/ngaviet.com\/vi\/wp-json\/wp\/v2\/pages\/624\/revisions"}],"predecessor-version":[{"id":4762,"href":"https:\/\/ngaviet.com\/vi\/wp-json\/wp\/v2\/pages\/624\/revisions\/4762"}],"wp:attachment":[{"href":"https:\/\/ngaviet.com\/vi\/wp-json\/wp\/v2\/media?parent=624"}],"curies":[{"name":"wp","href":"https:\/\/api.w.org\/{rel}","templated":true}]}}