{"id":2633,"date":"2022-10-12T15:46:14","date_gmt":"2022-10-12T08:46:14","guid":{"rendered":"https:\/\/ngaviet.com\/?post_type=product&#038;p=2633"},"modified":"2026-04-28T14:38:51","modified_gmt":"2026-04-28T07:38:51","slug":"dong-trung-ha-thao","status":"publish","type":"product","link":"https:\/\/ngaviet.com\/vi\/dong-trung-ha-thao\/","title":{"rendered":"\u0110\u00f4ng tr\u00f9ng h\u1ea1 th\u1ea3o Cordyceps AP"},"content":{"rendered":"<div id=\"ez-toc-container\" class=\"ez-toc-v2_0_58 counter-hierarchy ez-toc-counter ez-toc-light-blue ez-toc-container-direction\">\n<div class=\"ez-toc-title-container\">\n<p class=\"ez-toc-title \" >M\u1ee5c l\u1ee5c<\/p>\n<span class=\"ez-toc-title-toggle\"><a href=\"#\" class=\"ez-toc-pull-right ez-toc-btn ez-toc-btn-xs ez-toc-btn-default ez-toc-toggle\" aria-label=\"Toggle Table of Content\" role=\"button\"><label for=\"item-69f2c09e2b206\" ><span class=\"\"><span class=\"eztoc-hide\" style=\"display:none;\">Toggle<\/span><span class=\"ez-toc-icon-toggle-span\"><svg style=\"fill: #999;color:#999\" xmlns=\"http:\/\/www.w3.org\/2000\/svg\" class=\"list-377408\" width=\"20px\" height=\"20px\" viewBox=\"0 0 24 24\" fill=\"none\"><path d=\"M6 6H4v2h2V6zm14 0H8v2h12V6zM4 11h2v2H4v-2zm16 0H8v2h12v-2zM4 16h2v2H4v-2zm16 0H8v2h12v-2z\" fill=\"currentColor\"><\/path><\/svg><svg style=\"fill: #999;color:#999\" class=\"arrow-unsorted-368013\" xmlns=\"http:\/\/www.w3.org\/2000\/svg\" width=\"10px\" height=\"10px\" viewBox=\"0 0 24 24\" version=\"1.2\" baseProfile=\"tiny\"><path d=\"M18.2 9.3l-6.2-6.3-6.2 6.3c-.2.2-.3.4-.3.7s.1.5.3.7c.2.2.4.3.7.3h11c.3 0 .5-.1.7-.3.2-.2.3-.5.3-.7s-.1-.5-.3-.7zM5.8 14.7l6.2 6.3 6.2-6.3c.2-.2.3-.5.3-.7s-.1-.5-.3-.7c-.2-.2-.4-.3-.7-.3h-11c-.3 0-.5.1-.7.3-.2.2-.3.5-.3.7s.1.5.3.7z\"\/><\/svg><\/span><\/span><\/label><input aria-label=\"Toggle\" aria-label=\"item-69f2c09e2b206\"  type=\"checkbox\" id=\"item-69f2c09e2b206\"><\/a><\/span><\/div>\n<nav><ul class='ez-toc-list ez-toc-list-level-1 eztoc-toggle-hide-by-default' ><li class='ez-toc-page-1 ez-toc-heading-level-2'><a class=\"ez-toc-link ez-toc-heading-1\" href=\"https:\/\/ngaviet.com\/vi\/dong-trung-ha-thao\/#Thong_tin_san_pham\" title=\"Th\u00f4ng tin s\u1ea3n ph\u1ea9m\">Th\u00f4ng tin s\u1ea3n ph\u1ea9m<\/a><\/li><li class='ez-toc-page-1 ez-toc-heading-level-2'><a class=\"ez-toc-link ez-toc-heading-2\" href=\"https:\/\/ngaviet.com\/vi\/dong-trung-ha-thao\/#Thanh_phan\" title=\"Th\u00e0nh ph\u1ea7n\u00a0\">Th\u00e0nh ph\u1ea7n\u00a0<\/a><\/li><li class='ez-toc-page-1 ez-toc-heading-level-2'><a class=\"ez-toc-link ez-toc-heading-3\" href=\"https:\/\/ngaviet.com\/vi\/dong-trung-ha-thao\/#Cong_dung\" title=\"C\u00f4ng d\u1ee5ng\u00a0\">C\u00f4ng d\u1ee5ng\u00a0<\/a><\/li><li class='ez-toc-page-1 ez-toc-heading-level-2'><a class=\"ez-toc-link ez-toc-heading-4\" href=\"https:\/\/ngaviet.com\/vi\/dong-trung-ha-thao\/#Doi_tuong_su_dung\" title=\"\u0110\u1ed1i t\u01b0\u1ee3ng s\u1eed d\u1ee5ng\">\u0110\u1ed1i t\u01b0\u1ee3ng s\u1eed d\u1ee5ng<\/a><\/li><li class='ez-toc-page-1 ez-toc-heading-level-2'><a class=\"ez-toc-link ez-toc-heading-5\" href=\"https:\/\/ngaviet.com\/vi\/dong-trung-ha-thao\/#Cach_dung\" title=\"C\u00e1ch d\u00f9ng\">C\u00e1ch d\u00f9ng<\/a><\/li><\/ul><\/nav><\/div>\n\n<h2><span class=\"ez-toc-section\" id=\"Thong_tin_san_pham\"><\/span><b>Th\u00f4ng tin s\u1ea3n ph\u1ea9m<\/b><span class=\"ez-toc-section-end\"><\/span><\/h2>\n<p><span style=\"font-weight: 400;\">\u0110\u00f4ng Tr\u00f9ng H\u1ea1 Th\u1ea3o th\u1ef1c ch\u1ea5t l\u00e0 lo\u1ea1i n\u1ea5m k\u00fd sinh ph\u00e1t tri\u1ec3n trong \u1ea5u tr\u00f9ng c\u1ee7a c\u00f4n tr\u00f9ng.\u00a0 T\u1eeb l\u00e2u, \u0110\u00f4ng Tr\u00f9ng H\u1ea1 Th\u1ea3o \u0111\u00e3 \u0111\u01b0\u1ee3c bi\u1ebft \u0111\u1ebfn nh\u01b0 m\u1ed9t lo\u1ea1i d\u01b0\u1ee3c li\u1ec7u qu\u00fd hi\u1ebfm ch\u1eefa b\u00e1ch b\u1ec7nh, gi\u00fap b\u1ed3i b\u1ed5 c\u01a1 th\u1ec3 \u1ed1m y\u1ebfu, \u0111i\u1ec1u tr\u1ecb m\u1ec7t m\u1ecfi, t\u0103ng c\u01b0\u1eddng s\u1ee9c \u0111\u1ec1 kh\u00e1ng, b\u1ed5 th\u1eadn,&#8230;<\/span><\/p>\n<p><span style=\"font-weight: 400;\">Th\u1ef1c ph\u1ea9m ch\u1ee9c n\u0103ng \u0110\u00f4ng Tr\u00f9ng H\u1ea1 Th\u1ea3o Cordyceps AP v\u1edbi quy c\u00e1ch s\u1ea3n xu\u1ea5t d\u1ea1ng g\u00f3i 10ml ti\u1ec7n l\u1ee3i, th\u00e0nh ph\u1ea7n c\u00f3 ch\u1ee9a <\/span><span style=\"font-weight: 400;\">b\u1ed9t \u0110\u00f4ng tr\u00f9ng h\u1ea1 th\u1ea3o, L-Lysine HCl, H\u1ed3ng S\u00e2m H\u00e0n Qu\u1ed1c,..<\/span><span style=\"font-weight: 400;\">ph\u00f9 h\u1ee3p cho ng\u01b0\u1eddi g\u1ea7y y\u1ebfu, m\u1ec7t m\u1ecfi, suy nh\u01b0\u1ee3c c\u01a1 th\u1ec3, ng\u01b0\u1eddi lao \u0111\u1ed9ng n\u1eb7ng nh\u1ecdc, m\u1edbi \u1ed1m d\u1eady,&#8230;<\/span><\/p>\n<h2><span class=\"ez-toc-section\" id=\"Thanh_phan\"><\/span><b>Th\u00e0nh ph\u1ea7n\u00a0<\/b><span class=\"ez-toc-section-end\"><\/span><\/h2>\n<p style=\"text-align: left;\"><span style=\"font-weight: 400;\">L-Lysine HCl<\/span><span style=\"font-weight: 400;\">&#8230;&#8230;&#8230;&#8230;&#8230;&#8230;&#8230;&#8230;&#8230;&#8230;&#8230;&#8230;&#8230;&#8230;&#8230;&#8230;&#8230;&#8230;&#8230;&#8230;&#8230;&#8230;&#8230;&#8230;&#8230;&#8230;&#8230;&#8230;&#8230;&#8230;&#8230;..<\/span><span style=\"font-weight: 400;\">2500mg<\/span><\/p>\n<p style=\"text-align: left;\"><span style=\"font-weight: 400;\">B\u1ed9t \u0110\u00f4ng tr\u00f9ng h\u1ea1 th\u1ea3o(Cordyceps sinensis)<\/span><span style=\"font-weight: 400;\">&#8230;&#8230;&#8230;&#8230;&#8230;&#8230;&#8230;&#8230;&#8230;&#8230;.<\/span><span style=\"font-weight: 400;\">1000mg<\/span><\/p>\n<p style=\"text-align: left;\"><span style=\"font-weight: 400;\">Arginin HCl<\/span><span style=\"font-weight: 400;\">&#8230;&#8230;&#8230;&#8230;&#8230;&#8230;&#8230;&#8230;&#8230;&#8230;&#8230;&#8230;&#8230;&#8230;&#8230;&#8230;&#8230;&#8230;&#8230;&#8230;&#8230;&#8230;&#8230;&#8230;&#8230;&#8230;&#8230;&#8230;&#8230;&#8230;&#8230;&#8230;.<\/span><span style=\"font-weight: 400;\">500mg<\/span><\/p>\n<p style=\"text-align: left;\"><span style=\"font-weight: 400;\">Chi\u1ebft xu\u1ea5t H\u1ed3ng s\u00e2m(t\u01b0\u01a1ng \u0111\u01b0\u01a1ng H\u1ed3ng s\u00e2m 500mg)<\/span><span style=\"font-weight: 400;\">&#8230;&#8230;&#8230;&#8230;<\/span><span style=\"font-weight: 400;\">50mg<\/span><\/p>\n<p style=\"text-align: left;\"><span style=\"font-weight: 400;\">Thymomodulin<\/span><span style=\"font-weight: 400;\">&#8230;&#8230;&#8230;&#8230;&#8230;&#8230;&#8230;&#8230;&#8230;&#8230;&#8230;&#8230;&#8230;&#8230;&#8230;&#8230;&#8230;&#8230;&#8230;&#8230;&#8230;&#8230;&#8230;&#8230;&#8230;&#8230;&#8230;&#8230;&#8230;&#8230;.<\/span><span style=\"font-weight: 400;\">50mg<\/span><\/p>\n<p style=\"text-align: left;\"><span style=\"font-weight: 400;\">Fucoidan<\/span><span style=\"font-weight: 400;\">&#8230;&#8230;&#8230;&#8230;&#8230;&#8230;&#8230;&#8230;&#8230;&#8230;&#8230;&#8230;&#8230;&#8230;&#8230;&#8230;&#8230;&#8230;&#8230;&#8230;&#8230;&#8230;&#8230;&#8230;&#8230;&#8230;&#8230;&#8230;&#8230;&#8230;&#8230;&#8230;&#8230;&#8230;.<\/span><span style=\"font-weight: 400;\">1mg<\/span><\/p>\n<h2><span class=\"ez-toc-section\" id=\"Cong_dung\"><\/span><b>C\u00f4ng d\u1ee5ng\u00a0<\/b><span class=\"ez-toc-section-end\"><\/span><\/h2>\n<p><span style=\"font-weight: 400;\">B\u1ed3i b\u1ed5 c\u01a1 th\u1ec3, t\u0103ng c\u01b0\u1eddng s\u1ee9c \u0111\u1ec1 kh\u00e1ng<\/span><\/p>\n<h2><span class=\"ez-toc-section\" id=\"Doi_tuong_su_dung\"><\/span><b>\u0110\u1ed1i t\u01b0\u1ee3ng s\u1eed d\u1ee5ng<\/b><span class=\"ez-toc-section-end\"><\/span><\/h2>\n<ul>\n<li style=\"font-weight: 400;\" aria-level=\"1\"><span style=\"font-weight: 400;\">Ng\u01b0\u1eddi g\u1ea7y y\u1ebfu, m\u1ec7t m\u1ecfi, suy nh\u01b0\u1ee3c c\u01a1 th\u1ec3.<\/span><\/li>\n<li style=\"font-weight: 400;\" aria-level=\"1\"><span style=\"font-weight: 400;\">Ng\u01b0\u1eddi lao \u0111\u1ed9ng n\u1eb7ng nh\u1ecdc, m\u1edbi \u1ed1m d\u1eady, ng\u01b0\u1eddi c\u00f3 s\u1ee9c \u0111\u1ec1 kh\u00e1ng k\u00e9m, ng\u01b0\u1eddi sau ph\u1eabu thu\u1eadt c\u1ea7n b\u1ed3i b\u1ed5 s\u1ee9c kh\u1ecfe.<\/span><\/li>\n<\/ul>\n<h2><span class=\"ez-toc-section\" id=\"Cach_dung\"><\/span><b>C\u00e1ch d\u00f9ng<\/b><span class=\"ez-toc-section-end\"><\/span><\/h2>\n<ul>\n<li style=\"font-weight: 400;\" aria-level=\"1\"><span style=\"font-weight: 400;\">Tr\u1ebb d\u01b0\u1edbi 1 tu\u1ed5i: u\u1ed1ng 10ml\/l\u1ea7n\/ng\u00e0y<\/span><\/li>\n<li style=\"font-weight: 400;\" aria-level=\"1\"><span style=\"font-weight: 400;\">Tr\u1ebb tr\u00ean 10 tu\u1ed5i v\u00e0 ng\u01b0\u1eddi l\u1edbn: u\u1ed1ng 10ml\/l\u1ea7n x 2.3 l\u1ea7n\/ng\u00e0y.<\/span><\/li>\n<\/ul>\n<p><img decoding=\"async\" loading=\"lazy\" class=\"wp-image-2634 aligncenter\" src=\"https:\/\/ngaviet.com\/wp-content\/uploads\/2022\/10\/Dong-trung-ha-thao_page-0001.jpg\" alt=\"dong-trung-ha-thao\" width=\"503\" height=\"693\" \/><\/p>\n","protected":false},"excerpt":{"rendered":"<ul>\n<li style=\"font-weight: 400;\" aria-level=\"1\"><b>C\u00f4ng d\u1ee5ng<\/b><span style=\"font-weight: 400;\">: B\u1ed3i b\u1ed5 c\u01a1 th\u1ec3, t\u0103ng c\u01b0\u1eddng s\u1ee9c \u0111\u1ec1 kh\u00e1ng<\/span><\/li>\n<li style=\"font-weight: 400;\" aria-level=\"1\"><b>Nh\u00e0 s\u1ea3n xu\u1ea5t<\/b><span style=\"font-weight: 400;\">: B\u1ea3o Nguy\u00ean &#8211; Vi\u1ec7t Nam<\/span><\/li>\n<li style=\"font-weight: 400;\" aria-level=\"1\"><b>Quy c\u00e1ch<\/b><span style=\"font-weight: 400;\">: H\u1ed9p 60 g\u00f3i 10 ml (c\u00f3 t\u00fai gi\u1ea5y \u0111i k\u00e8m). Th\u00f9ng 12 h\u1ed9p<\/span><\/li>\n<li style=\"font-weight: 400;\" aria-level=\"1\"><b>C\u00e1ch d\u00f9ng<\/b><span style=\"font-weight: 400;\">: u\u1ed1ng 1-2 vi\u00ean tr\u01b0\u1edbc khi ng\u1ee7 1 gi\u1edd<\/span><\/li>\n<li><b><span style=\"color: #282828;\">H\u1ea1n d\u00f9ng<\/span>: <\/b>3 n\u0103m k\u1ec3 t\u1eeb ng\u00e0y s\u1ea3n xu\u1ea5t<\/li>\n<\/ul>\n","protected":false},"featured_media":3643,"comment_status":"open","ping_status":"closed","template":"","meta":[],"product_cat":[15,59],"product_tag":[101],"_links":{"self":[{"href":"https:\/\/ngaviet.com\/vi\/wp-json\/wp\/v2\/product\/2633"}],"collection":[{"href":"https:\/\/ngaviet.com\/vi\/wp-json\/wp\/v2\/product"}],"about":[{"href":"https:\/\/ngaviet.com\/vi\/wp-json\/wp\/v2\/types\/product"}],"replies":[{"embeddable":true,"href":"https:\/\/ngaviet.com\/vi\/wp-json\/wp\/v2\/comments?post=2633"}],"wp:featuredmedia":[{"embeddable":true,"href":"https:\/\/ngaviet.com\/vi\/wp-json\/wp\/v2\/media\/3643"}],"wp:attachment":[{"href":"https:\/\/ngaviet.com\/vi\/wp-json\/wp\/v2\/media?parent=2633"}],"wp:term":[{"taxonomy":"product_cat","embeddable":true,"href":"https:\/\/ngaviet.com\/vi\/wp-json\/wp\/v2\/product_cat?post=2633"},{"taxonomy":"product_tag","embeddable":true,"href":"https:\/\/ngaviet.com\/vi\/wp-json\/wp\/v2\/product_tag?post=2633"}],"curies":[{"name":"wp","href":"https:\/\/api.w.org\/{rel}","templated":true}]}}