{"id":2645,"date":"2022-10-12T16:26:33","date_gmt":"2022-10-12T09:26:33","guid":{"rendered":"https:\/\/ngaviet.com\/?post_type=product&#038;p=2645"},"modified":"2026-04-03T10:02:55","modified_gmt":"2026-04-03T03:02:55","slug":"sam-nhung-bo-than-tw-hop-60-vien","status":"publish","type":"product","link":"https:\/\/ngaviet.com\/vi\/sam-nhung-bo-than-tw-hop-60-vien\/","title":{"rendered":"S\u00e2m nhung b\u1ed5 th\u1eadn TW h\u1ed9p 60 vi\u00ean"},"content":{"rendered":"<div id=\"ez-toc-container\" class=\"ez-toc-v2_0_58 counter-hierarchy ez-toc-counter ez-toc-light-blue ez-toc-container-direction\">\n<div class=\"ez-toc-title-container\">\n<p class=\"ez-toc-title \" >M\u1ee5c l\u1ee5c<\/p>\n<span class=\"ez-toc-title-toggle\"><a href=\"#\" class=\"ez-toc-pull-right ez-toc-btn ez-toc-btn-xs ez-toc-btn-default ez-toc-toggle\" aria-label=\"Toggle Table of Content\" role=\"button\"><label for=\"item-69d2d0310e273\" ><span class=\"\"><span class=\"eztoc-hide\" style=\"display:none;\">Toggle<\/span><span class=\"ez-toc-icon-toggle-span\"><svg style=\"fill: #999;color:#999\" xmlns=\"http:\/\/www.w3.org\/2000\/svg\" class=\"list-377408\" width=\"20px\" height=\"20px\" viewBox=\"0 0 24 24\" fill=\"none\"><path d=\"M6 6H4v2h2V6zm14 0H8v2h12V6zM4 11h2v2H4v-2zm16 0H8v2h12v-2zM4 16h2v2H4v-2zm16 0H8v2h12v-2z\" fill=\"currentColor\"><\/path><\/svg><svg style=\"fill: #999;color:#999\" class=\"arrow-unsorted-368013\" xmlns=\"http:\/\/www.w3.org\/2000\/svg\" width=\"10px\" height=\"10px\" viewBox=\"0 0 24 24\" version=\"1.2\" baseProfile=\"tiny\"><path d=\"M18.2 9.3l-6.2-6.3-6.2 6.3c-.2.2-.3.4-.3.7s.1.5.3.7c.2.2.4.3.7.3h11c.3 0 .5-.1.7-.3.2-.2.3-.5.3-.7s-.1-.5-.3-.7zM5.8 14.7l6.2 6.3 6.2-6.3c.2-.2.3-.5.3-.7s-.1-.5-.3-.7c-.2-.2-.4-.3-.7-.3h-11c-.3 0-.5.1-.7.3-.2.2-.3.5-.3.7s.1.5.3.7z\"\/><\/svg><\/span><\/span><\/label><input aria-label=\"Toggle\" aria-label=\"item-69d2d0310e273\"  type=\"checkbox\" id=\"item-69d2d0310e273\"><\/a><\/span><\/div>\n<nav><ul class='ez-toc-list ez-toc-list-level-1 eztoc-toggle-hide-by-default' ><li class='ez-toc-page-1 ez-toc-heading-level-2'><a class=\"ez-toc-link ez-toc-heading-1\" href=\"https:\/\/ngaviet.com\/vi\/sam-nhung-bo-than-tw-hop-60-vien\/#Thong_tin_san_pham\" title=\"Th\u00f4ng tin s\u1ea3n ph\u1ea9m\">Th\u00f4ng tin s\u1ea3n ph\u1ea9m<\/a><\/li><li class='ez-toc-page-1 ez-toc-heading-level-2'><a class=\"ez-toc-link ez-toc-heading-2\" href=\"https:\/\/ngaviet.com\/vi\/sam-nhung-bo-than-tw-hop-60-vien\/#Thanh_phan\" title=\"Th\u00e0nh ph\u1ea7n\">Th\u00e0nh ph\u1ea7n<\/a><\/li><li class='ez-toc-page-1 ez-toc-heading-level-2'><a class=\"ez-toc-link ez-toc-heading-3\" href=\"https:\/\/ngaviet.com\/vi\/sam-nhung-bo-than-tw-hop-60-vien\/#Cong_dung\" title=\"C\u00f4ng d\u1ee5ng:\">C\u00f4ng d\u1ee5ng:<\/a><\/li><li class='ez-toc-page-1 ez-toc-heading-level-2'><a class=\"ez-toc-link ez-toc-heading-4\" href=\"https:\/\/ngaviet.com\/vi\/sam-nhung-bo-than-tw-hop-60-vien\/#Doi_tuong_su_dung\" title=\"\u0110\u1ed1i t\u01b0\u1ee3ng s\u1eed d\u1ee5ng:\">\u0110\u1ed1i t\u01b0\u1ee3ng s\u1eed d\u1ee5ng:<\/a><\/li><li class='ez-toc-page-1 ez-toc-heading-level-2'><a class=\"ez-toc-link ez-toc-heading-5\" href=\"https:\/\/ngaviet.com\/vi\/sam-nhung-bo-than-tw-hop-60-vien\/#Cach_dung\" title=\"C\u00e1ch d\u00f9ng:\u00a0\">C\u00e1ch d\u00f9ng:\u00a0<\/a><\/li><li class='ez-toc-page-1 ez-toc-heading-level-2'><a class=\"ez-toc-link ez-toc-heading-6\" href=\"https:\/\/ngaviet.com\/vi\/sam-nhung-bo-than-tw-hop-60-vien\/#Bao_quan\" title=\"B\u1ea3o qu\u1ea3n\">B\u1ea3o qu\u1ea3n<\/a><\/li><\/ul><\/nav><\/div>\n\n<h2><span class=\"ez-toc-section\" id=\"Thong_tin_san_pham\"><\/span><strong>Th\u00f4ng tin s\u1ea3n ph\u1ea9m<\/strong><span class=\"ez-toc-section-end\"><\/span><\/h2>\n<p><span style=\"font-weight: 400;\">S\u00e2m nhung b\u1ed5 th\u1eadn TW l\u00e0 d\u00f2ng th\u1ef1c ph\u1ea9m ch\u1ee9c n\u0103ng \u0111\u01b0\u1ee3c s\u1ea3n xu\u1ea5t t\u1ea1i c\u00f4ng ty d\u01b0\u1ee3c m\u1ef9 ph\u1ea9m Diamond Ph\u00e1p \u0111\u1ea1t ti\u00eau chu\u1ea9n GMP, ISO 22000 v\u1edbi c\u00f4ng d\u1ee5ng b\u1ed5 th\u1eadn, d\u01b0\u1ee1ng huy\u1ebft, gi\u00fap t\u0103ng c\u01b0\u1eddng sinh l\u1ef1c, gi\u1ea3m \u0111au nh\u1ee9c, m\u1ecfi g\u1ed1i, t\u00ea b\u00ec ch\u00e2n tay. <\/span><span style=\"font-weight: 400;\"><br \/>\n<\/span><span style=\"font-weight: 400;\">S\u00e2m nhung b\u1ed5 th\u1eadn TW d\u00f9ng \u0111\u01b0\u1ee3c cho c\u1ea3 \u0111\u00e0n \u00f4ng v\u00e0 ph\u1ee5 n\u1eef. S\u1ea3n ph\u1ea9m s\u1ea3n xu\u1ea5t theo d\u1ea1ng vi\u00ean nang c\u1ee9ng, m\u1ed7i h\u1ed9p s\u1ebd c\u00f3 60 vi\u00ean, m\u1ed7i th\u00f9ng bao g\u1ed3m 72 h\u1ed9p..<\/span><\/p>\n<h2><span class=\"ez-toc-section\" id=\"Thanh_phan\"><\/span><b>Th\u00e0nh ph\u1ea7n<\/b><span class=\"ez-toc-section-end\"><\/span><\/h2>\n<p><span style=\"font-weight: 400;\">Trong 1 vi\u00ean nang c\u1ee9ng c\u00f3 ch\u1ee9a:<\/span><\/p>\n<p><span style=\"font-weight: 400;\">&#8211; 472,6 mg Cao kh\u00f4 h\u1ed7n h\u1ee3p d\u01b0\u1ee3c li\u1ec7u t\u01b0\u01a1ng \u0111\u01b0\u01a1ng:<\/span><\/p>\n<p><span style=\"font-weight: 400;\">Th\u1ee5c \u0111\u1ecba\u2026\u2026\u2026\u2026\u2026\u2026\u2026\u2026\u2026\u2026\u2026\u2026\u2026\u2026\u2026\u2026\u2026\u2026\u2026\u2026\u2026\u2026\u2026\u2026\u2026\u2026\u2026\u2026\u2026..900mg<\/span><\/p>\n<p><span style=\"font-weight: 400;\">Nh\u1ee5c thung dung\u2026\u2026\u2026\u2026\u2026\u2026\u2026\u2026\u2026\u2026\u2026\u2026\u2026\u2026\u2026\u2026\u2026\u2026\u2026\u2026\u2026\u2026\u2026\u2026700mg<\/span><\/p>\n<p><span style=\"font-weight: 400;\">Ba K\u00edch\u2026\u2026\u2026\u2026\u2026\u2026\u2026\u2026\u2026\u2026\u2026\u2026\u2026\u2026\u2026\u2026\u2026\u2026\u2026\u2026\u2026\u2026\u2026\u2026\u2026\u2026\u2026\u2026\u2026&#8230;.600mg<\/span><\/p>\n<p><span style=\"font-weight: 400;\">\u00cdch m\u1eabu\u2026\u2026\u2026\u2026\u2026\u2026\u2026\u2026\u2026\u2026\u2026\u2026\u2026\u2026\u2026\u2026\u2026\u2026\u2026\u2026\u2026\u2026\u2026\u2026\u2026\u2026\u2026\u2026\u2026\u2026600mg<\/span><\/p>\n<p><span style=\"font-weight: 400;\">\u0110\u01b0\u01a1ng quy\u2026\u2026\u2026\u2026\u2026\u2026\u2026\u2026\u2026\u2026\u2026\u2026\u2026\u2026\u2026\u2026\u2026\u2026\u2026\u2026\u2026\u2026\u2026\u2026\u2026\u2026\u2026\u2026.400mg<\/span><\/p>\n<p><span style=\"font-weight: 400;\">Ph\u1ee5c Linh\u2026\u2026\u2026\u2026\u2026\u2026\u2026\u2026\u2026\u2026\u2026\u2026\u2026\u2026\u2026\u2026\u2026\u2026\u2026\u2026\u2026\u2026\u2026\u2026\u2026\u2026\u2026\u2026\u2026.400mg<\/span><\/p>\n<p><span style=\"font-weight: 400;\">Th\u1ecf ty t\u1eed\u2026\u2026\u2026\u2026\u2026\u2026\u2026\u2026\u2026\u2026\u2026\u2026\u2026\u2026\u2026\u2026\u2026\u2026\u2026\u2026\u2026\u2026\u2026\u2026\u2026\u2026\u2026\u2026&#8230;&#8230;250mg<\/span><\/p>\n<p><span style=\"font-weight: 400;\">Xuy\u00ean khung\u2026\u2026\u2026\u2026\u2026\u2026\u2026\u2026\u2026\u2026\u2026\u2026\u2026\u2026\u2026\u2026\u2026\u2026\u2026\u2026\u2026\u2026\u2026\u2026\u2026\u2026\u2026150mg<\/span><\/p>\n<p><span style=\"font-weight: 400;\">\u0110\u1ea3ng S\u00e2m\u2026\u2026\u2026\u2026\u2026\u2026\u2026\u2026\u2026\u2026\u2026\u2026\u2026\u2026\u2026\u2026\u2026\u2026\u2026\u2026\u2026\u2026\u2026\u2026\u2026\u2026\u2026&#8230;..150mg<\/span><\/p>\n<p><span style=\"font-weight: 400;\">S\u01a1n d\u01b0\u1ee3c\u2026\u2026\u2026\u2026\u2026\u2026\u2026\u2026\u2026\u2026\u2026\u2026\u2026\u2026\u2026\u2026\u2026\u2026\u2026\u2026\u2026\u2026\u2026\u2026\u2026\u2026\u2026\u2026\u2026.150mg<\/span><\/p>\n<p><span style=\"font-weight: 400;\">Tr\u1ea1ch t\u1ea3\u2026\u2026\u2026\u2026\u2026\u2026\u2026\u2026\u2026\u2026\u2026\u2026\u2026\u2026\u2026\u2026\u2026\u2026\u2026\u2026\u2026\u2026\u2026\u2026\u2026\u2026\u2026\u2026\u2026\u2026.150mg<\/span><\/p>\n<p><span style=\"font-weight: 400;\">B\u00e1ch h\u1ee3p\u2026\u2026\u2026\u2026\u2026\u2026\u2026\u2026\u2026\u2026\u2026\u2026\u2026\u2026\u2026\u2026\u2026\u2026\u2026\u2026\u2026\u2026\u2026\u2026\u2026\u2026\u2026\u2026\u2026..150mg<\/span><\/p>\n<p><span style=\"font-weight: 400;\">H\u00e0 Th\u1ee7 \u00f4 \u0111\u1ecf\u2026\u2026\u2026\u2026\u2026\u2026\u2026\u2026\u2026\u2026\u2026\u2026\u2026\u2026\u2026\u2026\u2026\u2026\u2026\u2026\u2026\u2026\u2026\u2026\u2026\u2026\u2026..120mg<\/span><\/p>\n<p><span style=\"font-weight: 400;\">Nh\u00e2n S\u00e2m\u2026\u2026\u2026\u2026\u2026\u2026\u2026\u2026\u2026\u2026\u2026\u2026\u2026\u2026\u2026\u2026\u2026\u2026\u2026\u2026\u2026\u2026\u2026\u2026\u2026\u2026\u2026\u2026\u20266mg<\/span><\/p>\n<p><span style=\"font-weight: 400;\">Nhung h\u01b0\u01a1u\u2026\u2026\u2026\u2026\u2026\u2026\u2026\u2026\u2026\u2026\u2026\u2026\u2026\u2026\u2026\u2026\u2026\u2026\u2026\u2026\u2026\u2026\u2026\u2026\u2026\u2026\u2026\u20262mg<\/span><\/p>\n<h2><span class=\"ez-toc-section\" id=\"Cong_dung\"><\/span><b>C\u00f4ng d\u1ee5ng:<\/b><span class=\"ez-toc-section-end\"><\/span><\/h2>\n<ul>\n<li style=\"font-weight: 400;\" aria-level=\"1\"><span style=\"font-weight: 400;\">H\u1ed7 tr\u1ee3 gi\u00fap b\u1ed5 th\u1eadn, d\u01b0\u1ee1ng huy\u1ebft<\/span><\/li>\n<li style=\"font-weight: 400;\" aria-level=\"1\"><span style=\"font-weight: 400;\">H\u1ed7 tr\u1ee3 t\u0103ng c\u01b0\u1eddng sinh l\u1ef1c v\u00e0 gi\u1ea3m m\u00e3n d\u1ee5c s\u1edbm<\/span><\/li>\n<\/ul>\n<h2><span class=\"ez-toc-section\" id=\"Doi_tuong_su_dung\"><\/span><b>\u0110\u1ed1i t\u01b0\u1ee3ng s\u1eed d\u1ee5ng:<\/b><span class=\"ez-toc-section-end\"><\/span><\/h2>\n<p><span style=\"font-weight: 400;\">Nam, n\u1eef b\u1ecb th\u1eadn h\u01b0, th\u1eadn y\u1ebfu v\u1edbi c\u00e1c bi\u1ec3u hi\u1ec7n: Ti\u1ec3u ti\u1ec7n nhi\u1ec1u l\u1ea7n, ch\u00e2n tay t\u00ea m\u1ecfi, \u0111au l\u01b0ng, m\u1ecfi g\u1ed1i, t\u00f3c b\u1ea1c s\u1edbm. Ng\u01b0\u1eddi b\u1ecb m\u00e3n d\u1ee5c s\u1edbm<\/span><\/p>\n<h2><span class=\"ez-toc-section\" id=\"Cach_dung\"><\/span><b>C\u00e1ch d\u00f9ng:\u00a0<\/b><span class=\"ez-toc-section-end\"><\/span><\/h2>\n<p><span style=\"font-weight: 400;\">Nam n\u1eef tr\u01b0\u1edfng th\u00e0nh: u\u1ed1ng tr\u01b0\u1edbc khi \u0103n 30 ph\u00fat. Ng\u00e0y u\u1ed1ng 2 l\u1ea7n<\/span><\/p>\n<p><span style=\"font-weight: 400;\">&#8211; Li\u1ec1u d\u1ef1 ph\u00f2ng: 1-2 vi\u00ean\/l\u1ea7n<\/span><\/p>\n<p><span style=\"font-weight: 400;\">&#8211; Li\u1ec1u h\u1ed7 tr\u1ee3: 2-3 vi\u00ean\/l\u1ea7n<\/span><\/p>\n<p><span style=\"font-weight: 400;\">&#8211; Li\u1ec1u duy tr\u00ec: 1 vi\u00ean\/l\u1ea7n<\/span><\/p>\n<p><span style=\"font-weight: 400;\">M\u1ed7i \u0111\u1ee3t d\u00f9ng t\u1eeb 30-45 ng\u00e0y \u0111\u1ec3 \u0111\u1ea1t hi\u1ec7u qu\u1ea3 \u0111i\u1ec1u tr\u1ecb cao nh\u1ea5t.<\/span><\/p>\n<p><b>Ch\u00fa \u00fd<\/b><span style=\"font-weight: 400;\">:<\/span><\/p>\n<ul>\n<li style=\"font-weight: 400;\" aria-level=\"1\"><span style=\"font-weight: 400;\">Th\u1ef1c ph\u1ea9m n\u00e0y kh\u00f4ng ph\u1ea3i l\u00e0 thu\u1ed1c, kh\u00f4ng c\u00f3 t\u00e1c d\u1ee5ng thay th\u1ebf thu\u1ed1c ch\u1eefa b\u1ec7nh.<\/span><\/li>\n<li style=\"font-weight: 400;\" aria-level=\"1\"><span style=\"font-weight: 400;\">Kh\u00f4ng s\u1eed d\u1ee5ng n\u1ebfu m\u1eabn c\u1ea3m v\u1edbi b\u1ea5t k\u1ef3 th\u00e0nh ph\u1ea7n n\u00e0o c\u1ee7a s\u1ea3n ph\u1ea9m.<\/span><\/li>\n<\/ul>\n<h2><span class=\"ez-toc-section\" id=\"Bao_quan\"><\/span><b>B\u1ea3o qu\u1ea3n<\/b><span class=\"ez-toc-section-end\"><\/span><\/h2>\n<p><span style=\"font-weight: 400;\">N\u01a1i kh\u00f4 r\u00e1o, tho\u00e1ng m\u00e1t, tr\u00e1nh \u00e1nh n\u1eafng tr\u1ef1c ti\u1ebfp, nhi\u1ec7t \u0111\u1ed9 kh\u00f4ng qu\u00e1 30 \u0111\u1ed9 C. \u0110\u1ec3 xa t\u1ea7m tay tr\u1ebb em.<\/span><\/p>\n<p><b>S\u1ea3n ph\u1ea9m \u0111\u01b0\u1ee3c s\u1ea3n xu\u1ea5t t\u1ea1i<\/b><span style=\"font-weight: 400;\">:\u00a0<\/span><\/p>\n<p><span style=\"font-weight: 400;\">C\u00f4ng ty C\u1ed5 ph\u1ea7n Li\u00ean doanh d\u01b0\u1ee3c m\u1ef9 ph\u1ea9m Diamond Ph\u00e1p<\/span><\/p>\n<p><span style=\"font-weight: 400;\">\u0110\u1ecba ch\u1ec9: khu c\u00f4ng nghi\u1ec7p \u0110\u1ed3ng V\u0103n 2, Th\u1ecb Tr\u1ea5n \u0110\u1ed3ng V\u0103n, Huy\u1ec7n Duy Ti\u00ean, t\u1ec9nh H\u00e0 Nam, Vi\u1ec7t Nam.<\/span><\/p>\n<p>S\u1ed1 CBSP: 5612\/2018\/\u0110KSP<\/p>\n<p><img decoding=\"async\" loading=\"lazy\" class=\"wp-image-3152 aligncenter\" src=\"https:\/\/ngaviet.com\/wp-content\/uploads\/2022\/10\/Sam-nhung-bo-than-Tw.jpg\" alt=\"s\u00e2m nhung b\u1ed5 th\u1eadn tw 60 vi\u00ean\" width=\"719\" height=\"936\" \/><\/p>\n","protected":false},"excerpt":{"rendered":"<ul>\n<li><b>C\u00f4ng d\u1ee5ng<\/b><span style=\"font-weight: 400;\">: H\u1ed7 tr\u1ee3 gi\u00fap b\u1ed5 Th\u1eadn, d\u01b0\u1ee1ng huy\u1ebft, h\u1ed7 tr\u1ee3 t\u0103ng c\u01b0\u1eddng sinh l\u1ef1c v\u00e0 gi\u1ea3m m\u00e3n d\u1ee5c s\u1edbm<\/span><\/li>\n<li style=\"font-weight: 400;\" aria-level=\"1\"><b>Nh\u00e0 s\u1ea3n xu\u1ea5t<\/b><span style=\"font-weight: 400;\">:\u00a0 Diamond Ph\u00e1p &#8211; VN<\/span><\/li>\n<li style=\"font-weight: 400;\" aria-level=\"1\"><b>Quy c\u00e1ch<\/b><span style=\"font-weight: 400;\">: H\u1ed9p 1 chai 60 vi\u00ean. Th\u00f9ng 72 h\u1ed9p<\/span><\/li>\n<li style=\"font-weight: 400;\" aria-level=\"1\"><b>C\u00e1ch d\u00f9ng<\/b><span style=\"font-weight: 400;\">: U\u1ed1ng tr\u01b0\u1edbc khi \u0103n 30 ph\u00fat, ng\u00e0y u\u1ed1ng 2 l\u1ea7n<\/span><\/li>\n<li style=\"font-weight: 400;\" aria-level=\"1\"><b>H\u1ea1n d\u00f9ng: <\/b><span style=\"font-weight: 400;\">3 n\u0103m k\u1ec3 t\u1eeb ng\u00e0y s\u1ea3n xu\u1ea5t<\/span><\/li>\n<\/ul>\n","protected":false},"featured_media":3574,"comment_status":"open","ping_status":"closed","template":"","meta":[],"product_cat":[15,59,57,30],"product_tag":[101],"_links":{"self":[{"href":"https:\/\/ngaviet.com\/vi\/wp-json\/wp\/v2\/product\/2645"}],"collection":[{"href":"https:\/\/ngaviet.com\/vi\/wp-json\/wp\/v2\/product"}],"about":[{"href":"https:\/\/ngaviet.com\/vi\/wp-json\/wp\/v2\/types\/product"}],"replies":[{"embeddable":true,"href":"https:\/\/ngaviet.com\/vi\/wp-json\/wp\/v2\/comments?post=2645"}],"wp:featuredmedia":[{"embeddable":true,"href":"https:\/\/ngaviet.com\/vi\/wp-json\/wp\/v2\/media\/3574"}],"wp:attachment":[{"href":"https:\/\/ngaviet.com\/vi\/wp-json\/wp\/v2\/media?parent=2645"}],"wp:term":[{"taxonomy":"product_cat","embeddable":true,"href":"https:\/\/ngaviet.com\/vi\/wp-json\/wp\/v2\/product_cat?post=2645"},{"taxonomy":"product_tag","embeddable":true,"href":"https:\/\/ngaviet.com\/vi\/wp-json\/wp\/v2\/product_tag?post=2645"}],"curies":[{"name":"wp","href":"https:\/\/api.w.org\/{rel}","templated":true}]}}