{"id":2663,"date":"2022-10-13T08:30:51","date_gmt":"2022-10-13T01:30:51","guid":{"rendered":"https:\/\/ngaviet.com\/?post_type=product&#038;p=2663"},"modified":"2026-04-08T20:03:23","modified_gmt":"2026-04-08T13:03:23","slug":"maxvit-9b","status":"publish","type":"product","link":"https:\/\/ngaviet.com\/vi\/maxvit-9b\/","title":{"rendered":"Maxvit 9B th\u1ef1c ph\u1ea9m ch\u1ee9c n\u0103ng b\u1ed5 sung Vitamin, kho\u00e1ng ch\u1ea5t"},"content":{"rendered":"<div id=\"ez-toc-container\" class=\"ez-toc-v2_0_58 counter-hierarchy ez-toc-counter ez-toc-light-blue ez-toc-container-direction\">\n<div class=\"ez-toc-title-container\">\n<p class=\"ez-toc-title \" >M\u1ee5c l\u1ee5c<\/p>\n<span class=\"ez-toc-title-toggle\"><a href=\"#\" class=\"ez-toc-pull-right ez-toc-btn ez-toc-btn-xs ez-toc-btn-default ez-toc-toggle\" aria-label=\"Toggle Table of Content\" role=\"button\"><label for=\"item-69d7ed48783ad\" ><span class=\"\"><span class=\"eztoc-hide\" style=\"display:none;\">Toggle<\/span><span class=\"ez-toc-icon-toggle-span\"><svg style=\"fill: #999;color:#999\" xmlns=\"http:\/\/www.w3.org\/2000\/svg\" class=\"list-377408\" width=\"20px\" height=\"20px\" viewBox=\"0 0 24 24\" fill=\"none\"><path d=\"M6 6H4v2h2V6zm14 0H8v2h12V6zM4 11h2v2H4v-2zm16 0H8v2h12v-2zM4 16h2v2H4v-2zm16 0H8v2h12v-2z\" fill=\"currentColor\"><\/path><\/svg><svg style=\"fill: #999;color:#999\" class=\"arrow-unsorted-368013\" xmlns=\"http:\/\/www.w3.org\/2000\/svg\" width=\"10px\" height=\"10px\" viewBox=\"0 0 24 24\" version=\"1.2\" baseProfile=\"tiny\"><path d=\"M18.2 9.3l-6.2-6.3-6.2 6.3c-.2.2-.3.4-.3.7s.1.5.3.7c.2.2.4.3.7.3h11c.3 0 .5-.1.7-.3.2-.2.3-.5.3-.7s-.1-.5-.3-.7zM5.8 14.7l6.2 6.3 6.2-6.3c.2-.2.3-.5.3-.7s-.1-.5-.3-.7c-.2-.2-.4-.3-.7-.3h-11c-.3 0-.5.1-.7.3-.2.2-.3.5-.3.7s.1.5.3.7z\"\/><\/svg><\/span><\/span><\/label><input aria-label=\"Toggle\" aria-label=\"item-69d7ed48783ad\"  type=\"checkbox\" id=\"item-69d7ed48783ad\"><\/a><\/span><\/div>\n<nav><ul class='ez-toc-list ez-toc-list-level-1 eztoc-toggle-hide-by-default' ><li class='ez-toc-page-1 ez-toc-heading-level-2'><a class=\"ez-toc-link ez-toc-heading-1\" href=\"https:\/\/ngaviet.com\/vi\/maxvit-9b\/#Maxvit_9B_la_thuoc_gi\" title=\"Maxvit 9B l\u00e0 thu\u1ed1c g\u00ec?\">Maxvit 9B l\u00e0 thu\u1ed1c g\u00ec?<\/a><\/li><li class='ez-toc-page-1 ez-toc-heading-level-2'><a class=\"ez-toc-link ez-toc-heading-2\" href=\"https:\/\/ngaviet.com\/vi\/maxvit-9b\/#Thanh_phan_cua_Maxvit_9B\" title=\"Th\u00e0nh ph\u1ea7n c\u1ee7a Maxvit 9B\">Th\u00e0nh ph\u1ea7n c\u1ee7a Maxvit 9B<\/a><\/li><li class='ez-toc-page-1 ez-toc-heading-level-2'><a class=\"ez-toc-link ez-toc-heading-3\" href=\"https:\/\/ngaviet.com\/vi\/maxvit-9b\/#Cong_dung_cua_Maxvit_9B\" title=\"C\u00f4ng d\u1ee5ng c\u1ee7a Maxvit 9B\">C\u00f4ng d\u1ee5ng c\u1ee7a Maxvit 9B<\/a><\/li><li class='ez-toc-page-1 ez-toc-heading-level-2'><a class=\"ez-toc-link ez-toc-heading-4\" href=\"https:\/\/ngaviet.com\/vi\/maxvit-9b\/#Doi_tuong_su_dung\" title=\"\u0110\u1ed1i t\u01b0\u1ee3ng s\u1eed d\u1ee5ng\">\u0110\u1ed1i t\u01b0\u1ee3ng s\u1eed d\u1ee5ng<\/a><\/li><li class='ez-toc-page-1 ez-toc-heading-level-2'><a class=\"ez-toc-link ez-toc-heading-5\" href=\"https:\/\/ngaviet.com\/vi\/maxvit-9b\/#Cach_dung_thuc_pham_chuc_nang_Maxvit_9B\" title=\"C\u00e1ch d\u00f9ng th\u1ef1c ph\u1ea9m ch\u1ee9c n\u0103ng Maxvit 9B\">C\u00e1ch d\u00f9ng th\u1ef1c ph\u1ea9m ch\u1ee9c n\u0103ng Maxvit 9B<\/a><\/li><\/ul><\/nav><\/div>\n\n<h2><span class=\"ez-toc-section\" id=\"Maxvit_9B_la_thuoc_gi\"><\/span><b>Maxvit 9B l\u00e0 thu\u1ed1c g\u00ec?<\/b><span class=\"ez-toc-section-end\"><\/span><\/h2>\n<p><span style=\"font-weight: 400;\">Maxvit 9B l\u00e0 d\u00f2ng th\u1ef1c ph\u1ea9m ch\u1ee9c n\u0103ng c\u00f3 c\u00f4ng d\u1ee5ng b\u1ed5 sung vitamin, gi\u00fap b\u1ed3i b\u1ed5 c\u01a1 th\u1ec3, t\u0103ng c\u01b0\u1eddng ti\u00eau h\u00f3a, \u0111\u01b0\u1ee3c b\u00e0o ch\u1ebf theo d\u1ea1ng vi\u00ean nang m\u1ec1m, d\u1ec5 u\u1ed1ng kh\u00f4ng g\u00e2y m\u00f9i kh\u00f3 ch\u1ecbu.\u00a0<\/span><\/p>\n<p><span style=\"font-weight: 400;\">Maxvit 9B v\u1edbi th\u00e0nh ph\u1ea7n c\u00f3 ch\u1ee9a \u0111\u1ebfn 9 lo\u1ea1i <a href=\"https:\/\/ngaviet.com\/cac-loai-vitamin-can-thiet-cho-co-the\/\">vitamin c\u1ea7n thi\u1ebft cho c\u01a1 th\u1ec3<\/a>, bao g\u1ed3m 8 lo\u1ea1i vitamin B nh\u01b0: B1, B2, B6, B5, B9, B8, B12 v\u00e0 1 lo\u1ea1i vitamin A.<\/span><\/p>\n<p><span style=\"font-weight: 400;\">B\u00ean c\u1ea1nh \u0111\u00f3, th\u1ef1c ph\u1ea9m ch\u1ee9c n\u0103ng b\u1ed5 sung vitamin Maxvit 9B c\u00f3 ch\u1ee9a:<\/span><\/p>\n<ul>\n<li style=\"font-weight: 400;\" aria-level=\"1\"><b>L-Lysine HCl<\/b><span style=\"font-weight: 400;\">: l\u00e0 m\u1ed9t trong nh\u1eefng <\/span><b>acid amin<\/b><span style=\"font-weight: 400;\"> thi\u1ebft y\u1ebfu c\u1ee7a c\u01a1 th\u1ec3. Acid amin thi\u1ebft y\u1ebfu l\u00e0 nh\u1eefng acid amin m\u00e0 c\u01a1 th\u1ec3 con ng\u01b0\u1eddi kh\u00f4ng th\u1ec3 t\u1ef1 t\u1ed5ng h\u1ee3p \u0111\u01b0\u1ee3c m\u00e0 ph\u1ea3i d\u1ef1a v\u00e0o ngu\u1ed3n Lysine t\u1eeb th\u1ef1c ph\u1ea9m. Lysine l\u00e0 th\u00e0nh ph\u1ea7n c\u1ea5u t\u1ea1o c\u1ee7a nhi\u1ec1u protein c\u1ea5u tr\u00fac v\u00e0 ch\u1ee9c n\u0103ng, \u0111\u00f3ng vai tr\u00f2 kh\u00f4ng th\u1ec3 thay th\u1ebf trong c\u01a1 th\u1ec3 ng\u01b0\u1eddi.<\/span><\/li>\n<li style=\"font-weight: 400;\" aria-level=\"1\"><b>Nh\u00e2n s\u00e2m<\/b><span style=\"font-weight: 400;\">: l\u00e0 m\u1ed9t v\u1ecb thu\u1ed1c c\u1ed5 truy\u1ec1n trong \u0110\u00f4ng Y. C\u00e1c s\u00e1ch c\u1ed5 th\u01b0\u1eddng ghi nh\u1eadn s\u00e2m b\u1ed5 5 t\u1ea1ng (t\u00e2m, can, t\u1ef3, ph\u1ebf, th\u1eadn t\u01b0\u01a1ng \u1ee9ng tim, gan, l\u00e1ch, ph\u1ed5i, c\u1eadt) gi\u00fap gi\u1ea3m c\u0103ng th\u1eb3ng, k\u00edch th\u00edch h\u1ec7 th\u1ed1ng mi\u1ec5n d\u1ecbch, th\u1ea7n kinh, \u0111i\u1ec1u tr\u1ecb ti\u1ec3u \u0111\u01b0\u1eddng,&#8230;<\/span><\/li>\n<li style=\"font-weight: 400;\" aria-level=\"1\"><b>Thymomodulin:<\/b><span style=\"font-weight: 400;\"> l\u00e0 d\u1ecbch \u0111\u01b0\u1ee3c chi\u1ebft ra t\u1eeb tuy\u1ebfn \u1ee9c c\u1ee7a b\u00f2. <span style=\"color: #282828;\"><a style=\"color: #282828;\" href=\"https:\/\/www.vinmec.com\/vi\/thong-tin-duoc\/su-dung-thuoc-toan\/cong-dung-cua-thuoc-thymomodulin\/\" rel=\"nofollow noopener\" target=\"_blank\">Thymomodulin<\/a><\/span> c\u00f3 t\u00e1c d\u1ee5ng \u0111i\u1ec1u ho\u00e0 h\u1ec7 mi\u1ec5n d\u1ecbch c\u1ee7a c\u01a1 th\u1ec3. Trong m\u1ef9 ph\u1ea9m v\u00e0 th\u1ef1c ph\u1ea9m ch\u1ee9c n\u0103ng, thymomodulin th\u01b0\u1eddng \u0111\u01b0\u1ee3c d\u00f9ng v\u1edbi c\u00f4ng d\u1ee5ng gi\u1ea3m nguy c\u01a1 d\u1ecb \u1ee9ng, ch\u1ed1ng l\u00e3o ho\u00e1, l\u00e0m \u0111\u1eb9p da.<\/span><\/li>\n<\/ul>\n<h2><span class=\"ez-toc-section\" id=\"Thanh_phan_cua_Maxvit_9B\"><\/span><b>Th\u00e0nh ph\u1ea7n c\u1ee7a Maxvit 9B<\/b><span class=\"ez-toc-section-end\"><\/span><\/h2>\n<p><span style=\"font-weight: 400;\">L-Lysine HCl\u2026\u2026\u2026\u2026\u2026\u2026\u2026\u2026\u2026\u2026..\u2026\u2026\u2026\u2026\u2026\u2026\u2026\u2026\u2026..100 mg<\/span><\/p>\n<p><span style=\"font-weight: 400;\">Cao nh\u00e2n s\u00e2m (Panax ginseng)\u2026\u2026\u2026\u2026\u2026\u2026\u2026..10 mg<\/span><\/p>\n<p><span style=\"font-weight: 400;\">Thymomodulin\u2026\u2026\u2026\u2026\u2026\u2026\u2026\u2026\u2026\u2026..\u2026\u2026\u2026\u2026\u2026\u2026\u2026\u2026.5 mg<\/span><\/p>\n<p><span style=\"font-weight: 400;\">Vitamin B1 (Thiamin HCl)\u2026\u2026\u2026\u2026\u2026\u2026\u2026\u2026\u2026\u2026&#8230;..2 mg<\/span><\/p>\n<p><span style=\"font-weight: 400;\">Viatmin B2 (Riboflavin)\u2026\u2026\u2026\u2026\u2026\u2026\u2026\u2026\u2026\u2026..\u2026\u2026..2mg<\/span><\/p>\n<p><span style=\"font-weight: 400;\">Vitamin B3 (Acid nicotinic)\u2026\u2026\u2026\u2026\u2026\u2026\u2026\u2026\u2026\u2026&#8230;2mg<\/span><\/p>\n<p><span style=\"font-weight: 400;\"><a href=\"https:\/\/ngaviet.com\/vitamin-b6-co-trong-thuc-pham-nao\/\">Vitamin B6<\/a> (Pyridoxin HCl)\u2026\u2026\u2026\u2026\u2026\u2026\u2026\u2026\u2026\u2026&#8230;2 mg<\/span><\/p>\n<p><span style=\"font-weight: 400;\">Vitamin B5 (Acid pantothenic)\u2026\u2026\u2026\u2026\u2026\u2026\u2026\u2026.2 mg<\/span><\/p>\n<p><span style=\"font-weight: 400;\">B\u1ed9t \u0111\u00f4ng tr\u00f9ng h\u1ea1 th\u1ea3o\u2026\u2026\u2026\u2026\u2026\u2026\u2026\u2026\u2026\u2026..\u2026\u2026.2 mg<\/span><\/p>\n<p><span style=\"font-weight: 400;\">B\u1ed9t linh chi\u2026\u2026\u2026\u2026\u2026..\u2026\u2026\u2026\u2026\u2026\u2026\u2026\u2026\u2026\u2026..\u2026\u2026&#8230;&#8230;..2mg<\/span><\/p>\n<p><span style=\"font-weight: 400;\">B\u1ed9t nhung h\u01b0\u01a1u\u2026\u2026\u2026\u2026\u2026\u2026..\u2026\u2026\u2026\u2026\u2026\u2026\u2026\u2026\u2026\u2026&#8230;2mg<\/span><\/p>\n<p><span style=\"font-weight: 400;\">Vitamin A\u2026..\u2026\u2026\u2026\u2026\u2026\u2026\u2026\u2026\u2026\u2026..\u2026\u2026\u2026\u2026\u2026\u2026\u2026\u2026\u2026.5 mg<\/span><\/p>\n<p><span style=\"font-weight: 400;\">Vitamin B9\u2026\u2026\u2026..\u2026\u2026\u2026\u2026\u2026\u2026\u2026\u2026\u2026\u2026..\u2026\u2026\u2026\u2026\u2026\u202690 mcg<\/span><\/p>\n<p><span style=\"font-weight: 400;\">Vitamin B8\u2026\u2026..\u2026\u2026\u2026\u2026\u2026\u2026\u2026\u2026\u2026\u2026..\u2026\u2026\u2026\u2026\u2026\u2026&#8230;30 mcg<\/span><\/p>\n<p><span style=\"font-weight: 400;\">Vitamin B12\u2026\u2026\u2026\u2026..\u2026\u2026\u2026\u2026\u2026\u2026\u2026\u2026\u2026\u2026&#8230;\u2026\u2026\u2026\u202610 mcg.<\/span><\/p>\n<h2><span class=\"ez-toc-section\" id=\"Cong_dung_cua_Maxvit_9B\"><\/span><b>C\u00f4ng d\u1ee5ng c\u1ee7a Maxvit 9B<\/b><span class=\"ez-toc-section-end\"><\/span><\/h2>\n<p><span style=\"font-weight: 400;\">B\u1ed5 sung <span style=\"color: #282828;\"><a style=\"color: #282828;\" href=\"https:\/\/vi.wikipedia.org\/wiki\/Vitamin\" rel=\"nofollow noopener\" target=\"_blank\">vitamin<\/a><\/span> c\u1ea7n thi\u1ebft cho c\u01a1 th\u1ec3, gi\u00fap t\u0103ng c\u01b0\u1eddng s\u1ee9c kh\u1ecfe, h\u1ed7 tr\u1ee3 t\u0103ng c\u01b0\u1eddng ti\u00eau ho\u00e1, v\u00e0 gi\u00fap \u0103n ngon mi\u1ec7ng.<\/span><\/p>\n<h2><span class=\"ez-toc-section\" id=\"Doi_tuong_su_dung\"><\/span><b>\u0110\u1ed1i t\u01b0\u1ee3ng s\u1eed d\u1ee5ng<\/b><span class=\"ez-toc-section-end\"><\/span><\/h2>\n<p><span style=\"font-weight: 400;\">Ng\u01b0\u1eddi b\u1ecb suy nh\u01b0\u1ee3c c\u01a1 th\u1ec3, ng\u01b0\u1eddi \u0103n u\u1ed1ng k\u00e9m, ng\u01b0\u1eddi l\u00e0m vi\u1ec7c c\u01b0\u1eddng \u0111\u1ed9 cao, c\u0103ng th\u1eb3ng, m\u1ec7t m\u1ecfi, ng\u01b0\u1eddi m\u1edbi \u1ed1m d\u1eady, sau ph\u1eabu thu\u1eadt, ng\u01b0\u1eddi cao tu\u1ed5i c\u1ea7n b\u1ed3i b\u1ed5 t\u0103ng c\u01b0\u1eddng s\u1ee9c kh\u1ecfe.<\/span><\/p>\n<h2><span class=\"ez-toc-section\" id=\"Cach_dung_thuc_pham_chuc_nang_Maxvit_9B\"><\/span><b>C\u00e1ch d\u00f9ng th\u1ef1c ph\u1ea9m ch\u1ee9c n\u0103ng Maxvit 9B<\/b><span class=\"ez-toc-section-end\"><\/span><\/h2>\n<p><span style=\"font-weight: 400;\">Ng\u01b0\u1eddi l\u1edbn v\u00e0 tr\u1ebb em tr\u00ean 6 tu\u1ed5i: Ng\u00e0y u\u1ed1ng 1 vi\u00ean. Ho\u1eb7c d\u00f9ng theo h\u01b0\u1edbng d\u1eabn c\u1ee7a c\u00e1n b\u1ed9 y t\u1ebf\/th\u1ea7y thu\u1ed1c.<\/span><\/p>\n<p><b>C\u00e1ch b\u1ea3o qu\u1ea3n: <\/b><span style=\"font-weight: 400;\">N\u01a1i kh\u00f4 r\u00e1o, tho\u00e1ng m\u00e1t, tr\u00e1nh \u00e1nh n\u1eafng tr\u1ef1c ti\u1ebfp, nhi\u1ec7t \u0111\u1ed9 kh\u00f4ng qu\u00e1 30 \u0111\u1ed9 C, \u0111\u1ec3 xa t\u1ea7m tay tr\u1ebb em.<\/span><\/p>\n<p><b>L\u01b0u \u00fd<\/b><span style=\"font-weight: 400;\">:\u00a0<\/span><\/p>\n<ul>\n<li style=\"font-weight: 400;\" aria-level=\"1\"><span style=\"font-weight: 400;\">S\u1ea3n ph\u1ea9m kh\u00f4ng s\u1eed d\u1ee5ng cho ng\u01b0\u1eddi m\u1eabn c\u1ea3m v\u1edbi b\u1ea5t k\u1ef3 th\u00e0nh ph\u1ea7n n\u00e0o c\u1ee7a s\u1ea3n ph\u1ea9m.<\/span><\/li>\n<li style=\"font-weight: 400;\" aria-level=\"1\"><span style=\"font-weight: 400;\">Th\u1ef1c ph\u1ea9m n\u00e0y kh\u00f4ng ph\u1ea3i l\u00e0 thu\u1ed1c v\u00e0 kh\u00f4ng c\u00f3 t\u00e1c d\u1ee5ng thay th\u1ebf thu\u1ed1c ch\u1eefa b\u1ec7nh.<\/span><\/li>\n<\/ul>\n<p><b>S\u1ea3n xu\u1ea5t t\u1ea1i:\u00a0 <\/b><span style=\"font-weight: 400;\">C\u00f4ng ty CP Li\u00ean doanh D\u01b0\u1ee3c M\u1ef9 ph\u1ea9m Diamond Ph\u00e1p.<\/span><\/p>\n<p><span style=\"font-weight: 400;\">Quy c\u00e1ch \u0111\u00f3ng g\u00f3i: H\u1ed9p 100 vi\u00ean nang m\u1ec1m (10 v\u1ec9 x 10 vi\u00ean). Th\u00f9ng 44 h\u1ed9p.<\/span><\/p>\n<p><img decoding=\"async\" loading=\"lazy\" class=\"wp-image-3226 aligncenter\" src=\"https:\/\/ngaviet.com\/wp-content\/uploads\/2022\/10\/Maxvit-9b-5.jpg\" alt=\"thuc-pham-chuc-nang-bo-sung-vitamin\" width=\"721\" height=\"1019\" \/><\/p>\n<p>N\u1ebfu b\u1ea1n quan t\u00e2m v\u1ec1 s\u1ea3n ph\u1ea9m c\u00f3 th\u1ec3 li\u00ean h\u1ec7 \u0111\u1eb7t mua h\u00e0ng th\u00f4ng qua:<\/p>\n<ul>\n<li>Hotline:\u00a0<strong>0933.248.096<\/strong><\/li>\n<li>Email:\u00a0<em><a href=\"mailto:cskh.ngaviet@gmail.com\">cskh.ngaviet@gmail.com<\/a><\/em><\/li>\n<li>Zalo OA:\u00a0<em><a href=\"https:\/\/zalo.me\/2042719656458438425?src=media\" target=\"_blank\" rel=\"noopener\">https:\/\/zalo.me\/2042719656458438425?src=media<\/a><\/em><\/li>\n<li>Fanpage Nga Vi\u1ec7t Pharma:\u00a0<em><a href=\"https:\/\/www.facebook.com\/ngavietpharma\" target=\"_blank\" rel=\"noopener\">https:\/\/www.facebook.com\/ngavietpharma<\/a><\/em><\/li>\n<\/ul>\n","protected":false},"excerpt":{"rendered":"<ul>\n<li style=\"font-weight: 400;\" aria-level=\"1\"><b>C\u00f4ng d\u1ee5ng<\/b><span style=\"font-weight: 400;\">: b\u1ed5 sung vitamin, b\u1ed3i b\u1ed5 c\u01a1 th\u1ec3<\/span><\/li>\n<li style=\"font-weight: 400;\" aria-level=\"1\"><b>Nh\u00e0 s\u1ea3n xu\u1ea5t<\/b><span style=\"font-weight: 400;\">:\u00a0 Diamond Ph\u00e1p &#8211; VN<\/span><\/li>\n<li style=\"font-weight: 400;\" aria-level=\"1\"><b>Quy c\u00e1ch<\/b><span style=\"font-weight: 400;\">: H\u1ed9p 100 vi\u00ean nang m\u1ec1m (10 v\u1ec9 x 10 vi\u00ean). Th\u00f9ng 44 h\u1ed9p<\/span><\/li>\n<li style=\"font-weight: 400;\" aria-level=\"1\"><b>C\u00e1ch d\u00f9ng<\/b><span style=\"font-weight: 400;\">:\u00a0 ng\u00e0y u\u1ed1ng 1 vi\u00ean<\/span><\/li>\n<li style=\"font-weight: 400;\" aria-level=\"1\"><b>H\u1ea1n d\u00f9ng: <\/b><span style=\"font-weight: 400;\">3 n\u0103m k\u1ec3 t\u1eeb ng\u00e0y s\u1ea3n xu\u1ea5t<\/span><\/li>\n<\/ul>\n","protected":false},"featured_media":3913,"comment_status":"open","ping_status":"closed","template":"","meta":[],"product_cat":[15,59,30],"product_tag":[101],"_links":{"self":[{"href":"https:\/\/ngaviet.com\/vi\/wp-json\/wp\/v2\/product\/2663"}],"collection":[{"href":"https:\/\/ngaviet.com\/vi\/wp-json\/wp\/v2\/product"}],"about":[{"href":"https:\/\/ngaviet.com\/vi\/wp-json\/wp\/v2\/types\/product"}],"replies":[{"embeddable":true,"href":"https:\/\/ngaviet.com\/vi\/wp-json\/wp\/v2\/comments?post=2663"}],"wp:featuredmedia":[{"embeddable":true,"href":"https:\/\/ngaviet.com\/vi\/wp-json\/wp\/v2\/media\/3913"}],"wp:attachment":[{"href":"https:\/\/ngaviet.com\/vi\/wp-json\/wp\/v2\/media?parent=2663"}],"wp:term":[{"taxonomy":"product_cat","embeddable":true,"href":"https:\/\/ngaviet.com\/vi\/wp-json\/wp\/v2\/product_cat?post=2663"},{"taxonomy":"product_tag","embeddable":true,"href":"https:\/\/ngaviet.com\/vi\/wp-json\/wp\/v2\/product_tag?post=2663"}],"curies":[{"name":"wp","href":"https:\/\/api.w.org\/{rel}","templated":true}]}}