{"id":2678,"date":"2022-10-13T08:51:02","date_gmt":"2022-10-13T01:51:02","guid":{"rendered":"https:\/\/ngaviet.com\/?post_type=product&#038;p=2678"},"modified":"2026-04-28T14:39:15","modified_gmt":"2026-04-28T07:39:15","slug":"dung-dich-ve-sinh-phu-nu-mithra","status":"publish","type":"product","link":"https:\/\/ngaviet.com\/vi\/dung-dich-ve-sinh-phu-nu-mithra\/","title":{"rendered":"Dung d\u1ecbch v\u1ec7 sinh ph\u1ee5 n\u1eef Mithra (cho da nh\u1ea1y c\u1ea3m)"},"content":{"rendered":"<p><span style=\"color: #555555;\"><div id=\"ez-toc-container\" class=\"ez-toc-v2_0_58 counter-hierarchy ez-toc-counter ez-toc-light-blue ez-toc-container-direction\">\n<div class=\"ez-toc-title-container\">\n<p class=\"ez-toc-title \" >M\u1ee5c l\u1ee5c<\/p>\n<span class=\"ez-toc-title-toggle\"><a href=\"#\" class=\"ez-toc-pull-right ez-toc-btn ez-toc-btn-xs ez-toc-btn-default ez-toc-toggle\" aria-label=\"Toggle Table of Content\" role=\"button\"><label for=\"item-69f365a39875b\" ><span class=\"\"><span class=\"eztoc-hide\" style=\"display:none;\">Toggle<\/span><span class=\"ez-toc-icon-toggle-span\"><svg style=\"fill: #999;color:#999\" xmlns=\"http:\/\/www.w3.org\/2000\/svg\" class=\"list-377408\" width=\"20px\" height=\"20px\" viewBox=\"0 0 24 24\" fill=\"none\"><path d=\"M6 6H4v2h2V6zm14 0H8v2h12V6zM4 11h2v2H4v-2zm16 0H8v2h12v-2zM4 16h2v2H4v-2zm16 0H8v2h12v-2z\" fill=\"currentColor\"><\/path><\/svg><svg style=\"fill: #999;color:#999\" class=\"arrow-unsorted-368013\" xmlns=\"http:\/\/www.w3.org\/2000\/svg\" width=\"10px\" height=\"10px\" viewBox=\"0 0 24 24\" version=\"1.2\" baseProfile=\"tiny\"><path d=\"M18.2 9.3l-6.2-6.3-6.2 6.3c-.2.2-.3.4-.3.7s.1.5.3.7c.2.2.4.3.7.3h11c.3 0 .5-.1.7-.3.2-.2.3-.5.3-.7s-.1-.5-.3-.7zM5.8 14.7l6.2 6.3 6.2-6.3c.2-.2.3-.5.3-.7s-.1-.5-.3-.7c-.2-.2-.4-.3-.7-.3h-11c-.3 0-.5.1-.7.3-.2.2-.3.5-.3.7s.1.5.3.7z\"\/><\/svg><\/span><\/span><\/label><input aria-label=\"Toggle\" aria-label=\"item-69f365a39875b\"  type=\"checkbox\" id=\"item-69f365a39875b\"><\/a><\/span><\/div>\n<nav><ul class='ez-toc-list ez-toc-list-level-1 eztoc-toggle-hide-by-default' ><li class='ez-toc-page-1 ez-toc-heading-level-2'><a class=\"ez-toc-link ez-toc-heading-1\" href=\"https:\/\/ngaviet.com\/vi\/dung-dich-ve-sinh-phu-nu-mithra\/#Thong_tin_ve_dung_dich_ve_sinh_phu_nu_Mithra\" title=\"Th\u00f4ng tin v\u1ec1 dung d\u1ecbch v\u1ec7 sinh ph\u1ee5 n\u1eef Mithra\">Th\u00f4ng tin v\u1ec1 dung d\u1ecbch v\u1ec7 sinh ph\u1ee5 n\u1eef Mithra<\/a><\/li><li class='ez-toc-page-1 ez-toc-heading-level-2'><a class=\"ez-toc-link ez-toc-heading-2\" href=\"https:\/\/ngaviet.com\/vi\/dung-dich-ve-sinh-phu-nu-mithra\/#Thanh_phan_san_pham\" title=\"Th\u00e0nh ph\u1ea7n s\u1ea3n ph\u1ea9m\">Th\u00e0nh ph\u1ea7n s\u1ea3n ph\u1ea9m<\/a><\/li><li class='ez-toc-page-1 ez-toc-heading-level-2'><a class=\"ez-toc-link ez-toc-heading-3\" href=\"https:\/\/ngaviet.com\/vi\/dung-dich-ve-sinh-phu-nu-mithra\/#Cong_dung_cua_dung_dich_ve_sinh_phu_nu_Mithra\" title=\"C\u00f4ng d\u1ee5ng c\u1ee7a dung d\u1ecbch v\u1ec7 sinh ph\u1ee5 n\u1eef Mithra\">C\u00f4ng d\u1ee5ng c\u1ee7a dung d\u1ecbch v\u1ec7 sinh ph\u1ee5 n\u1eef Mithra<\/a><\/li><li class='ez-toc-page-1 ez-toc-heading-level-2'><a class=\"ez-toc-link ez-toc-heading-4\" href=\"https:\/\/ngaviet.com\/vi\/dung-dich-ve-sinh-phu-nu-mithra\/#Doi_tuong_su_dung\" title=\"\u0110\u1ed1i t\u01b0\u1ee3ng s\u1eed d\u1ee5ng\u00a0\">\u0110\u1ed1i t\u01b0\u1ee3ng s\u1eed d\u1ee5ng\u00a0<\/a><\/li><li class='ez-toc-page-1 ez-toc-heading-level-2'><a class=\"ez-toc-link ez-toc-heading-5\" href=\"https:\/\/ngaviet.com\/vi\/dung-dich-ve-sinh-phu-nu-mithra\/#Cach_dung_dung_dich_ve_sinh_phu_nu_Mithra\" title=\"C\u00e1ch d\u00f9ng dung d\u1ecbch v\u1ec7 sinh ph\u1ee5 n\u1eef Mithra\">C\u00e1ch d\u00f9ng dung d\u1ecbch v\u1ec7 sinh ph\u1ee5 n\u1eef Mithra<\/a><\/li><\/ul><\/nav><\/div>\n<\/span><\/p>\n<h2><span class=\"ez-toc-section\" id=\"Thong_tin_ve_dung_dich_ve_sinh_phu_nu_Mithra\"><\/span><b>Th\u00f4ng tin v\u1ec1 dung d\u1ecbch v\u1ec7 sinh ph\u1ee5 n\u1eef Mithra<\/b><span class=\"ez-toc-section-end\"><\/span><\/h2>\n<p><span style=\"font-weight: 400;\">Mithra h\u00e3ng dung d\u1ecbch v\u1ec7 sinh ph\u1ee5 n\u1eef cao c\u1ea5p \u0111\u1ebfn t\u1eeb B\u1ec9, s\u1ea3n ph\u1ea9m c\u00f3 m\u00f9i nh\u1eb9, d\u1ec5 ch\u1ecbu \u0111\u01b0\u1ee3c s\u1ea3n xu\u1ea5t v\u1edbi dung t\u00edch chai 150ml, d\u1ea1ng b\u1ecdt n\u00ean d\u00f9ng r\u1ea5t ti\u1ebft ki\u1ec7m, ti\u1ec7n d\u1ee5ng, kh\u00f4ng c\u1ea7n pha lo\u00e3ng khi s\u1eed d\u1ee5ng.<\/span><\/p>\n<p><span style=\"font-weight: 400;\">Dung d\u1ecbch v\u1ec7 sinh ph\u1ee5 n\u1eef cao c\u1ea5p Mithra \u0111\u01b0\u1ee3c chi\u1ebft xu\u1ea5t t\u1eeb h\u1ea1t Jojoba c\u00f3 \u0111\u1eb7c t\u00ednh nh\u1eb9 nh\u00e0ng, kh\u00f4ng g\u00e2y k\u00edch \u1ee9ng, c\u00f3 t\u00e1c d\u1ee5ng d\u01b0\u1ee1ng da, gi\u1eef \u1ea9m v\u00e0 l\u00e0m ch\u1ea5t d\u1eabn cho c\u00e1c s\u1ea3n ph\u1ea9m ch\u0103m s\u00f3c da. Tinh d\u1ea7u jojoba gi\u00e0u vitamin E, c\u00f3 t\u00ednh ch\u1ea5t ch\u1ed1ng oxy h\u00f3a, c\u00e1c lo\u1ea1i m\u1ef9 ph\u1ea9m c\u00f3 ch\u1ee9a jojoba \u0111ang l\u00e0 xu h\u01b0\u1edbng th\u1ecbnh h\u00e0nh trong nh\u1eefng n\u0103m \u0111\u1ed5 l\u1ea1i \u0111\u00e2y.<\/span><\/p>\n<p><span style=\"font-weight: 400;\">Dung d\u1ecbch v\u1ec7 sinh ph\u1ee5 n\u1eef Mithra \u0111\u1ea3m b\u1ea3o:<\/span><\/p>\n<ul>\n<li style=\"font-weight: 400;\" aria-level=\"1\"><span style=\"font-weight: 400;\">KH\u00d4NG ch\u1ee9a c\u1ed3n, x\u00e0 ph\u00f2ng<\/span><\/li>\n<li style=\"font-weight: 400;\" aria-level=\"1\"><span style=\"font-weight: 400;\">KH\u00d4NG ch\u1ee9a c\u00e1c ch\u1ea5t t\u1ea1o m\u00e0u<\/span><\/li>\n<li style=\"font-weight: 400;\" aria-level=\"1\"><span style=\"font-weight: 400;\">KH\u00d4NG s\u1eed d\u1ee5ng h\u00f3a ch\u1ea5t nh\u00e2n t\u1ea1o paraben l\u00e0m ch\u1ea5t b\u1ea3o qu\u1ea3n.<\/span><\/li>\n<\/ul>\n<h2><span class=\"ez-toc-section\" id=\"Thanh_phan_san_pham\"><\/span><b>Th\u00e0nh ph\u1ea7n s\u1ea3n ph\u1ea9m<\/b><span class=\"ez-toc-section-end\"><\/span><\/h2>\n<p><span style=\"font-weight: 400;\">D\u1ea7u Jojoba, cocamidopropyl betaine, triglycerids, chlorhexidine, cetrimonium, pH=5 v\u00e0 n\u01b0\u1edbc tinh khi\u1ebft.<\/span><\/p>\n<p><span style=\"font-weight: 400;\">Jojoba l\u00e0 m\u1ed9t lo\u00e0i c\u00e2y v\u00f9ng B\u1eafc M\u1ef9, c\u00f3 t\u00ean khoa h\u1ecdc l\u00e0 Simmondsia chinensis. D\u1ea7u chi\u1ebft xu\u1ea5t t\u1eeb h\u1ea1t Jojoba c\u00f3 t\u00e1c d\u1ee5ng d\u01b0\u1ee1ng da v\u00e0 l\u00e0m ch\u1ea5t d\u1eabn cho c\u00e1c s\u1ea3n ph\u1ea9m v\u1ec1 ch\u0103m s\u00f3c da.<\/span><\/p>\n<h2><span class=\"ez-toc-section\" id=\"Cong_dung_cua_dung_dich_ve_sinh_phu_nu_Mithra\"><\/span><b>C\u00f4ng d\u1ee5ng c\u1ee7a <\/b><b>dung d\u1ecbch v\u1ec7 sinh ph\u1ee5 n\u1eef Mithra<\/b><span class=\"ez-toc-section-end\"><\/span><\/h2>\n<ul>\n<li style=\"font-weight: 400;\" aria-level=\"1\"><span style=\"font-weight: 400;\">L\u00e0m s\u1ea1ch da, khu v\u1ef1c ngo\u00e0i c\u01a1 quan sinh d\u1ee5c, kh\u1eed m\u00f9i hi\u1ec7u qu\u1ea3 m\u00e0 kh\u00f4ng l\u00e0m kh\u00f4 da.<\/span><\/li>\n<li style=\"font-weight: 400;\" aria-level=\"1\"><span style=\"font-weight: 400;\">L\u00e0m d\u1ecbu c\u00e1c v\u00f9ng da b\u1ecb kh\u00f4 r\u00e1t v\u00e0 ng\u1ee9a (hi\u1ec7u qu\u1ea3 c\u1ee7a d\u1ea7u jojoba. Ch\u1ea5t gi\u1eef \u1ea9m c\u00f3 trong d\u1ea7u jojoba t\u1ea1o ra r\u00e0o c\u1ea3n ch\u1ed1ng l\u1ea1i s\u1ef1 m\u1ea5t n\u01b0\u1edbc, gi\u00fap c\u00e2n b\u1eb1ng \u0111\u1ed9 \u1ea9m)<\/span><\/li>\n<li style=\"font-weight: 400;\" aria-level=\"1\"><span style=\"font-weight: 400;\">Duy tr\u00ec pH=5 l\u00e0 pH sinh l\u00fd c\u1ee7a \u00e2m h\u1ed9, gi\u00fap c\u00e2n b\u1eb1ng m\u00f4i tr\u01b0\u1eddng acid trong \u00e2m \u0111\u1ea1o, kh\u00f4ng l\u00e0m t\u1ed5n th\u01b0\u01a1ng h\u1ec7 vi sinh t\u1ef1 nhi\u00ean c\u1ee7a \u00e2m \u0111\u1ea1o.<\/span><\/li>\n<li style=\"font-weight: 400;\" aria-level=\"1\"><span style=\"font-weight: 400;\">N\u00e2ng cao s\u1ee9c \u0111\u1ec1 kh\u00e1ng t\u1ef1 nhi\u00ean c\u1ee7a da ch\u1ed1ng l\u1ea1i c\u00e1c t\u00e1c nh\u00e2n b\u00ean ngo\u00e0i.<\/span><\/li>\n<li style=\"font-weight: 400;\" aria-level=\"1\"><span style=\"font-weight: 400;\">Ph\u00f2ng ng\u1eeba c\u00e1c b\u1ec7nh l\u00fd v\u1ec1 nhi\u1ec5m khu\u1ea9n da v\u00e0 \u0111\u01b0\u1eddng sinh d\u1ee5c<\/span><\/li>\n<\/ul>\n<h2><span class=\"ez-toc-section\" id=\"Doi_tuong_su_dung\"><\/span><b>\u0110\u1ed1i t\u01b0\u1ee3ng s\u1eed d\u1ee5ng\u00a0<\/b><span class=\"ez-toc-section-end\"><\/span><\/h2>\n<p><span style=\"font-weight: 400;\">&#8211; D\u00f9ng v\u1ec7 sinh h\u00e0ng ng\u00e0y cho ph\u1ee5 n\u1eef v\u00e0 tr\u1ebb em<\/span><\/p>\n<p><span style=\"font-weight: 400;\">&#8211; Th\u00edch h\u1ee3p cho ng\u01b0\u1eddi c\u00f3 l\u00e0n da nh\u1ea1y c\u1ea3m, b\u1ecb c\u00e1c ch\u1ee9ng vi\u00eam da<\/span><\/p>\n<p><span style=\"font-weight: 400;\">&#8211; An to\u00e0n cho ph\u1ee5 n\u1eef c\u00f3 thai v\u00e0 cho con b\u00fa.<\/span><\/p>\n<h2><span class=\"ez-toc-section\" id=\"Cach_dung_dung_dich_ve_sinh_phu_nu_Mithra\"><\/span><b>C\u00e1ch d\u00f9ng <\/b><b>dung d\u1ecbch v\u1ec7 sinh ph\u1ee5 n\u1eef Mithra<\/b><span class=\"ez-toc-section-end\"><\/span><\/h2>\n<p><span style=\"font-weight: 400;\">&#8211; D\u00f9ng v\u1ec7 sinh v\u00f9ng k\u00edn v\u00e0 c\u00e1c v\u00f9ng da nh\u1ea1y c\u1ea3m.<\/span><\/p>\n<p><span style=\"font-weight: 400;\">&#8211; Nh\u1ea5n m\u1ed9t l\u01b0\u1ee3ng v\u1eeba \u0111\u1ee7 kem b\u1ecdt d\u00f9ng xoa tr\u1ef1c ti\u1ebfp r\u1ed3i r\u1eeda l\u1ea1i b\u1eb1ng n\u01b0\u1edbc.<\/span><\/p>\n<p><span style=\"font-weight: 400;\">L\u01b0u \u00fd: l\u1eafc k\u1ef9 tr\u01b0\u1edbc khi d\u00f9ng \u0111\u1ec3 t\u1ea1o b\u1ecdt, ch\u1ec9 nh\u1ea5n nh\u1eb9 1 l\u1ea7n \u1edf v\u00f2i b\u00ecnh \u0111\u1ec3 t\u1ea1o l\u01b0\u1ee3ng b\u1ecdt ra v\u1eeba \u0111\u1ee7 cho 1 l\u1ea7n r\u1eeda b\u00ecnh th\u01b0\u1eddng.<\/span><\/p>\n<p><span style=\"font-weight: 400;\">S\u1ed1 \u0110K: 77065\/18\/CBMP-QLD<\/span><\/p>\n<p><b>Nh\u00e0 s\u1ea3n xu\u1ea5t<\/b><span style=\"font-weight: 400;\">: Mithra Pharmaceuticals s.a &#8211; B\u1ec9<\/span><\/p>\n<p><b>Ph\u00e2n ph\u1ed1i b\u1edfi<\/b><span style=\"font-weight: 400;\">: C\u00f4ng ty TNHH Th\u01b0\u01a1ng M\u1ea1i Nga Vi\u1ec7t<\/span><\/p>\n<p><span style=\"font-weight: 400;\">\u0110\u1ecba ch\u1ec9<\/span><b>: <\/b><span style=\"font-weight: 400;\">644\/2 \u0111\u01b0\u1eddng 3\/2 ph\u01b0\u1eddng 14, qu\u1eadn 10<\/span><\/p>\n<p><span style=\"font-weight: 400;\">\u0110i\u1ec7n tho\u1ea1i: 028.73069996 &#8211; 38645885<\/span><\/p>\n<p><span style=\"font-weight: 400;\">Hotline t\u01b0 v\u1ea5n: 028.73030300.<\/span><\/p>\n","protected":false},"excerpt":{"rendered":"<ul>\n<li style=\"font-weight: 400;\" aria-level=\"1\"><b>C\u00f4ng d\u1ee5ng<\/b><span style=\"font-weight: 400;\">:\u00a0 D\u00f9ng v\u1ec7 sinh c\u00e1 nh\u00e2n cho ng\u01b0\u1eddi c\u00f3 da nh\u1ea1y c\u1ea3m\u00a0<\/span><\/li>\n<li style=\"font-weight: 400;\" aria-level=\"1\"><b>Nh\u00e0 s\u1ea3n xu\u1ea5t<\/b><span style=\"font-weight: 400;\">: Mithra Pharmaceuticals &#8211; B\u1ec9<\/span><\/li>\n<li style=\"font-weight: 400;\" aria-level=\"1\"><b>Quy c\u00e1ch<\/b><span style=\"font-weight: 400;\">: H\u1ed9p 1 b\u00ecnh t\u1ea1o b\u1ecdt \u0111\u1ecbnh l\u01b0\u1ee3ng 150ml. Th\u00f9ng 20 h\u1ed9p<\/span><\/li>\n<li style=\"font-weight: 400;\" aria-level=\"1\"><b>C\u00e1ch d\u00f9ng<\/b><span style=\"font-weight: 400;\">: <\/span><span style=\"font-weight: 400;\">Nh\u1ea5n m\u1ed9t l\u01b0\u1ee3ng v\u1eeba \u0111\u1ee7 kem b\u1ecdt d\u00f9ng xoa tr\u1ef1c ti\u1ebfp r\u1ed3i r\u1eeda l\u1ea1i b\u1eb1ng n\u01b0\u1edbc<\/span><\/li>\n<li style=\"font-weight: 400;\" aria-level=\"1\"><b>H\u1ea1n d\u00f9ng: <\/b><span style=\"font-weight: 400;\">36 th\u00e1ng k\u1ec3 t\u1eeb ng\u00e0y s\u1ea3n xu\u1ea5t<\/span><\/li>\n<\/ul>\n","protected":false},"featured_media":3693,"comment_status":"open","ping_status":"closed","template":"","meta":[],"product_cat":[15,54],"product_tag":[],"_links":{"self":[{"href":"https:\/\/ngaviet.com\/vi\/wp-json\/wp\/v2\/product\/2678"}],"collection":[{"href":"https:\/\/ngaviet.com\/vi\/wp-json\/wp\/v2\/product"}],"about":[{"href":"https:\/\/ngaviet.com\/vi\/wp-json\/wp\/v2\/types\/product"}],"replies":[{"embeddable":true,"href":"https:\/\/ngaviet.com\/vi\/wp-json\/wp\/v2\/comments?post=2678"}],"wp:featuredmedia":[{"embeddable":true,"href":"https:\/\/ngaviet.com\/vi\/wp-json\/wp\/v2\/media\/3693"}],"wp:attachment":[{"href":"https:\/\/ngaviet.com\/vi\/wp-json\/wp\/v2\/media?parent=2678"}],"wp:term":[{"taxonomy":"product_cat","embeddable":true,"href":"https:\/\/ngaviet.com\/vi\/wp-json\/wp\/v2\/product_cat?post=2678"},{"taxonomy":"product_tag","embeddable":true,"href":"https:\/\/ngaviet.com\/vi\/wp-json\/wp\/v2\/product_tag?post=2678"}],"curies":[{"name":"wp","href":"https:\/\/api.w.org\/{rel}","templated":true}]}}