{"id":2683,"date":"2022-10-13T09:42:47","date_gmt":"2022-10-13T02:42:47","guid":{"rendered":"https:\/\/ngaviet.com\/?post_type=product&#038;p=2683"},"modified":"2026-04-08T20:04:29","modified_gmt":"2026-04-08T13:04:29","slug":"vien-uong-tieu-dem-cho-nguoi-gia-tidicaps","status":"publish","type":"product","link":"https:\/\/ngaviet.com\/vi\/vien-uong-tieu-dem-cho-nguoi-gia-tidicaps\/","title":{"rendered":"Vi\u00ean u\u1ed1ng ti\u1ec3u \u0111\u00eam cho ng\u01b0\u1eddi gi\u00e0 Tidicaps"},"content":{"rendered":"<p><span style=\"font-weight: 400;\"><div id=\"ez-toc-container\" class=\"ez-toc-v2_0_58 counter-hierarchy ez-toc-counter ez-toc-light-blue ez-toc-container-direction\">\n<div class=\"ez-toc-title-container\">\n<p class=\"ez-toc-title \" >M\u1ee5c l\u1ee5c<\/p>\n<span class=\"ez-toc-title-toggle\"><a href=\"#\" class=\"ez-toc-pull-right ez-toc-btn ez-toc-btn-xs ez-toc-btn-default ez-toc-toggle\" aria-label=\"Toggle Table of Content\" role=\"button\"><label for=\"item-69d7ec98427d4\" ><span class=\"\"><span class=\"eztoc-hide\" style=\"display:none;\">Toggle<\/span><span class=\"ez-toc-icon-toggle-span\"><svg style=\"fill: #999;color:#999\" xmlns=\"http:\/\/www.w3.org\/2000\/svg\" class=\"list-377408\" width=\"20px\" height=\"20px\" viewBox=\"0 0 24 24\" fill=\"none\"><path d=\"M6 6H4v2h2V6zm14 0H8v2h12V6zM4 11h2v2H4v-2zm16 0H8v2h12v-2zM4 16h2v2H4v-2zm16 0H8v2h12v-2z\" fill=\"currentColor\"><\/path><\/svg><svg style=\"fill: #999;color:#999\" class=\"arrow-unsorted-368013\" xmlns=\"http:\/\/www.w3.org\/2000\/svg\" width=\"10px\" height=\"10px\" viewBox=\"0 0 24 24\" version=\"1.2\" baseProfile=\"tiny\"><path d=\"M18.2 9.3l-6.2-6.3-6.2 6.3c-.2.2-.3.4-.3.7s.1.5.3.7c.2.2.4.3.7.3h11c.3 0 .5-.1.7-.3.2-.2.3-.5.3-.7s-.1-.5-.3-.7zM5.8 14.7l6.2 6.3 6.2-6.3c.2-.2.3-.5.3-.7s-.1-.5-.3-.7c-.2-.2-.4-.3-.7-.3h-11c-.3 0-.5.1-.7.3-.2.2-.3.5-.3.7s.1.5.3.7z\"\/><\/svg><\/span><\/span><\/label><input aria-label=\"Toggle\" aria-label=\"item-69d7ec98427d4\"  type=\"checkbox\" id=\"item-69d7ec98427d4\"><\/a><\/span><\/div>\n<nav><ul class='ez-toc-list ez-toc-list-level-1 eztoc-toggle-hide-by-default' ><li class='ez-toc-page-1 ez-toc-heading-level-2'><a class=\"ez-toc-link ez-toc-heading-1\" href=\"https:\/\/ngaviet.com\/vi\/vien-uong-tieu-dem-cho-nguoi-gia-tidicaps\/#Thong_tin_ve_vien_uong_tieu_dem_cho_nguoi_gia_Tidicaps\" title=\"Th\u00f4ng tin v\u1ec1 vi\u00ean u\u1ed1ng ti\u1ec3u \u0111\u00eam cho ng\u01b0\u1eddi gi\u00e0 Tidicaps\">Th\u00f4ng tin v\u1ec1 vi\u00ean u\u1ed1ng ti\u1ec3u \u0111\u00eam cho ng\u01b0\u1eddi gi\u00e0 Tidicaps<\/a><\/li><li class='ez-toc-page-1 ez-toc-heading-level-2'><a class=\"ez-toc-link ez-toc-heading-2\" href=\"https:\/\/ngaviet.com\/vi\/vien-uong-tieu-dem-cho-nguoi-gia-tidicaps\/#Thanh_phan_co_trong_vien_uong_tieu_dem_Tidicaps\" title=\"Th\u00e0nh ph\u1ea7n c\u00f3 trong vi\u00ean u\u1ed1ng ti\u1ec3u \u0111\u00eam Tidicaps\">Th\u00e0nh ph\u1ea7n c\u00f3 trong vi\u00ean u\u1ed1ng ti\u1ec3u \u0111\u00eam Tidicaps<\/a><\/li><li class='ez-toc-page-1 ez-toc-heading-level-2'><a class=\"ez-toc-link ez-toc-heading-3\" href=\"https:\/\/ngaviet.com\/vi\/vien-uong-tieu-dem-cho-nguoi-gia-tidicaps\/#Cong_dung_vien_uong_Tidicaps\" title=\"C\u00f4ng d\u1ee5ng vi\u00ean u\u1ed1ng Tidicaps\">C\u00f4ng d\u1ee5ng vi\u00ean u\u1ed1ng Tidicaps<\/a><ul class='ez-toc-list-level-3'><li class='ez-toc-heading-level-3'><a class=\"ez-toc-link ez-toc-heading-4\" href=\"https:\/\/ngaviet.com\/vi\/vien-uong-tieu-dem-cho-nguoi-gia-tidicaps\/#Dau_hat_bi_ngo\" title=\"D\u1ea7u h\u1ea1t b\u00ed ng\u00f4\">D\u1ea7u h\u1ea1t b\u00ed ng\u00f4<\/a><\/li><li class='ez-toc-page-1 ez-toc-heading-level-3'><a class=\"ez-toc-link ez-toc-heading-5\" href=\"https:\/\/ngaviet.com\/vi\/vien-uong-tieu-dem-cho-nguoi-gia-tidicaps\/#Dau_toi\" title=\"D\u1ea7u t\u1ecfi\">D\u1ea7u t\u1ecfi<\/a><\/li><li class='ez-toc-page-1 ez-toc-heading-level-3'><a class=\"ez-toc-link ez-toc-heading-6\" href=\"https:\/\/ngaviet.com\/vi\/vien-uong-tieu-dem-cho-nguoi-gia-tidicaps\/#Bot_phan_hoa\" title=\"B\u1ed9t ph\u1ea5n hoa\">B\u1ed9t ph\u1ea5n hoa<\/a><\/li><li class='ez-toc-page-1 ez-toc-heading-level-3'><a class=\"ez-toc-link ez-toc-heading-7\" href=\"https:\/\/ngaviet.com\/vi\/vien-uong-tieu-dem-cho-nguoi-gia-tidicaps\/#Vitamin_E_tu_nhien\" title=\"Vitamin E t\u1ef1 nhi\u00ean\">Vitamin E t\u1ef1 nhi\u00ean<\/a><\/li><\/ul><\/li><li class='ez-toc-page-1 ez-toc-heading-level-2'><a class=\"ez-toc-link ez-toc-heading-8\" href=\"https:\/\/ngaviet.com\/vi\/vien-uong-tieu-dem-cho-nguoi-gia-tidicaps\/#Cach_dung_Tidicaps\" title=\"C\u00e1ch d\u00f9ng Tidicaps\">C\u00e1ch d\u00f9ng Tidicaps<\/a><\/li><li class='ez-toc-page-1 ez-toc-heading-level-2'><a class=\"ez-toc-link ez-toc-heading-9\" href=\"https:\/\/ngaviet.com\/vi\/vien-uong-tieu-dem-cho-nguoi-gia-tidicaps\/#Cach_bao_quan\" title=\"C\u00e1ch b\u1ea3o qu\u1ea3n\u00a0\">C\u00e1ch b\u1ea3o qu\u1ea3n\u00a0<\/a><\/li><li class='ez-toc-page-1 ez-toc-heading-level-2'><a class=\"ez-toc-link ez-toc-heading-10\" href=\"https:\/\/ngaviet.com\/vi\/vien-uong-tieu-dem-cho-nguoi-gia-tidicaps\/#Doi_tuong_su_dung\" title=\"\u0110\u1ed1i t\u01b0\u1ee3ng s\u1eed d\u1ee5ng:\">\u0110\u1ed1i t\u01b0\u1ee3ng s\u1eed d\u1ee5ng:<\/a><\/li><\/ul><\/nav><\/div>\n<\/span><\/p>\n<h2><span class=\"ez-toc-section\" id=\"Thong_tin_ve_vien_uong_tieu_dem_cho_nguoi_gia_Tidicaps\"><\/span><b>Th\u00f4ng tin v\u1ec1 vi\u00ean u\u1ed1ng ti\u1ec3u \u0111\u00eam cho ng\u01b0\u1eddi gi\u00e0 Tidicaps<\/b><span class=\"ez-toc-section-end\"><\/span><\/h2>\n<p><span style=\"font-weight: 400;\">Tidicaps l\u00e0 d\u00f2ng th\u1ef1c ph\u1ea9m ch\u1ee9c n\u0103ng v\u1edbi s\u1ef1 k\u1ebft h\u1ee3p ho\u00e0n h\u1ea3o gi\u1eefa c\u00e1c th\u00e0nh ph\u1ea7n t\u1eeb thi\u00ean nhi\u00ean nh\u01b0: <a href=\"https:\/\/ngaviet.com\/dau-hat-bi-ngo\/\">d\u1ea7u h\u1ea1t b\u00ed ng\u00f4<\/a> (\u0111\u1ecf) nguy\u00ean ch\u1ea5t, d\u1ea7u t\u1ecfi nguy\u00ean ch\u1ea5t, ph\u1ea5n hoa v\u00e0 vitamin E t\u1ef1 nhi\u00ean. S\u1ea3n ph\u1ea9m c\u00f3 c\u00f4ng d\u1ee5ng gi\u00fap ph\u00f2ng v\u00e0 l\u00e0m gi\u1ea3m c\u00e1c t\u00ecnh tr\u1ea1ng U x\u01a1 ti\u1ec1n li\u1ec7t tuy\u1ebfn l\u00e0nh t\u00ednh, gi\u00fap xoa d\u1ecbu v\u00e0 c\u1ea3i thi\u1ec7n t\u00ecnh tr\u1ea1ng ti\u1ec3u \u0111\u00eam, ti\u1ec3u nhi\u1ec1u l\u1ea7n, kh\u00f3 ti\u1ec3u, ti\u1ec3u bu\u1ed1t. B\u00ean c\u1ea1nh \u0111\u00f3, Tidicaps c\u00f2n c\u00f3 t\u00e1c d\u1ee5ng gi\u00fap ch\u1ed1ng l\u1ea1i oxy h\u00f3a v\u00e0 gi\u1ea3m cholesterol.<\/span><\/p>\n<p><span style=\"font-weight: 400;\">Vi\u00ean u\u1ed1ng ti\u1ec3u \u0111\u00eam cho ng\u01b0\u1eddi cao tu\u1ed5i Tidicaps \u0111\u01b0\u1ee3c b\u00e0o ch\u1ebf theo d\u1ea1ng vi\u00ean nang m\u1ec1m d\u1ec5 s\u1eed d\u1ee5ng, kh\u00f4ng t\u1ea1o c\u1ea3m gi\u00e1c m\u00f9i thu\u1ed1c kh\u00f3 ch\u1ecbu.\u00a0<\/span><\/p>\n<p><span style=\"font-weight: 400;\">D\u1ea7u h\u1ea1t <span style=\"color: #282828;\"><a style=\"color: #282828;\" href=\"https:\/\/vi.wikipedia.org\/wiki\/B%C3%AD_ng%C3%B4\" rel=\"nofollow noopener\" target=\"_blank\">b\u00ed ng\u00f4<\/a><\/span> t\u1eeb l\u00e2u \u0111\u00e3 \u0111\u01b0\u1ee3c coi l\u00e0 m\u1ed9t v\u1ecb thu\u1ed1c t\u1ef1 nhi\u00ean gi\u00e0u dinh d\u01b0\u1ee1ng v\u00e0 ng\u0103n ng\u1eeba c\u00e1c b\u1ec7nh kh\u00e1c nhau \u0111\u1eb7c bi\u1ec7t l\u00e0 \u0111\u1ed1i v\u1edbi c\u00e1c b\u1ec7nh tuy\u1ebfn ti\u1ec1n li\u1ec7t. Trong d\u1ea7u h\u1ea1t b\u00ed ng\u00f4 v\u00e0 ph\u1ea5n hoa c\u00f3 ch\u1ee9a c\u00e1c lo\u1ea1i phytosterol, c\u00e1c nh\u00f3m ho\u1ea1t ch\u1ea5t n\u00e0y \u0111\u01b0\u1ee3c c\u00f4ng nh\u1eadn c\u00f3 t\u00e1c d\u1ee5ng c\u00f3 l\u1ee3i \u0111\u1ed1i v\u1edbi b\u00e0ng quang v\u00e0 tuy\u1ebfn ti\u1ec1n li\u1ec7t, gi\u00fap l\u00e0m gi\u1ea3m t\u0103ng sinh t\u1ebf b\u00e0o ph\u00ec \u0111\u1ea1i tuy\u1ebfn ti\u1ec1n li\u1ec7t, gi\u00fap h\u1ea1n ch\u1ebf v\u00e0 gi\u1ea3m k\u00edch th\u01b0\u1edbc kh\u1ed1i u x\u01a1 tuy\u1ebfn ti\u1ec1n li\u1ec7t, l\u00e0m d\u1ecbu t\u00ecnh tr\u1ea1ng ho\u1ea1t \u0111\u1ed9ng qu\u00e1 m\u1ee9c c\u1ee7a b\u00e0ng quang \u2013 nguy\u00ean nh\u00e2n g\u00e2y ti\u1ec3u s\u00f3n, ti\u1ec3u r\u1eaft v\u00e0 \u0111\u00e1i d\u1ea7m th\u01b0\u1eddng g\u1eb7p \u1edf ng\u01b0\u1eddi gi\u00e0 c\u1ea3 hai gi\u1edbi.\u00a0<\/span><\/p>\n<p><span style=\"font-weight: 400;\">Tidicaps c\u00f3 ch\u1ee9a nhi\u1ec1u ch\u1ea5t ch\u1ed1ng oxy h\u00f3a gi\u00fap l\u00e0m v\u1eefng b\u1ec1n th\u00e0nh m\u1ea1ch, ch\u1ed1ng ph\u00f9 n\u1ec1 v\u00e0 l\u00e0m ch\u1eadm qu\u00e1 tr\u00ecnh l\u00e3o h\u00f3a. S\u1ea3n ph\u1ea9m \u0111\u01b0\u1ee3c \u0111\u1eb7c bi\u1ec7t khuy\u1ebfn c\u00e1o s\u1eed d\u1ee5ng cho nam gi\u1edbi c\u00f3 ph\u00ec \u0111\u1ea1i ti\u1ec1n li\u1ec7t tuy\u1ebfn, kh\u00f3 kh\u0103n trong ti\u1ec3u ti\u1ec7n, sinh ho\u1ea1t t\u00ecnh d\u1ee5c.<\/span><\/p>\n<h2><span class=\"ez-toc-section\" id=\"Thanh_phan_co_trong_vien_uong_tieu_dem_Tidicaps\"><\/span><b>Th\u00e0nh ph\u1ea7n c\u00f3 trong vi\u00ean u\u1ed1ng ti\u1ec3u \u0111\u00eam Tidicaps<\/b><span class=\"ez-toc-section-end\"><\/span><\/h2>\n<p><span style=\"font-weight: 400;\">D\u1ea7u h\u1ea1t b\u00ed ng\u00f4&#8230;&#8230;&#8230;&#8230;&#8230;&#8230;&#8230;&#8230;&#8230;&#8230;&#8230;&#8230;&#8230;&#8230;&#8230;&#8230;&#8230;&#8230;.500mg<\/span><\/p>\n<p><span style=\"font-weight: 400;\">D\u1ea7u t\u1ecfi&#8230;&#8230;&#8230;&#8230;&#8230;&#8230;&#8230;&#8230;&#8230;&#8230;&#8230;&#8230;&#8230;&#8230;&#8230;&#8230;&#8230;&#8230;&#8230;&#8230;&#8230;&#8230;.50mg<\/span><\/p>\n<p><span style=\"font-weight: 400;\">Ph\u1ea5n hoa&#8230;&#8230;&#8230;&#8230;&#8230;&#8230;&#8230;&#8230;&#8230;&#8230;&#8230;&#8230;&#8230;&#8230;&#8230;&#8230;&#8230;&#8230;&#8230;&#8230;&#8230;50mg<\/span><\/p>\n<p><span style=\"font-weight: 400;\">Vitamin E&#8230;&#8230;&#8230;&#8230;&#8230;&#8230;&#8230;&#8230;&#8230;&#8230;&#8230;&#8230;&#8230;&#8230;&#8230;&#8230;&#8230;&#8230;&#8230;&#8230;&#8230;5mg<\/span><\/p>\n<p><span style=\"font-weight: 400;\">Vitamin C&#8230;&#8230;&#8230;&#8230;&#8230;&#8230;&#8230;&#8230;&#8230;&#8230;&#8230;&#8230;&#8230;&#8230;&#8230;&#8230;&#8230;&#8230;&#8230;&#8230;&#8230;7.5mg<\/span><\/p>\n<h2><span class=\"ez-toc-section\" id=\"Cong_dung_vien_uong_Tidicaps\"><\/span><b>C\u00f4ng d\u1ee5ng vi\u00ean u\u1ed1ng Tidicaps<\/b><span class=\"ez-toc-section-end\"><\/span><\/h2>\n<p><span style=\"font-weight: 400;\">&#8211;\u00a0 H\u1ed7 tr\u1ee3 \u0111i\u1ec1u tr\u1ecb ch\u1ee9ng r\u1ed1i lo\u1ea1n ti\u1ec3u ti\u1ec7n, ti\u1ec3u bu\u1ed1t, s\u00f3n ti\u1ec3u, ti\u1ec3u nhi\u1ec1u l\u1ea7n trong \u0111\u00eam \u1edf ng\u01b0\u1eddi gi\u00e0<\/span><\/p>\n<p><span style=\"font-weight: 400;\">&#8211;\u00a0 Gi\u00fap h\u1ea1n ch\u1ebf s\u1ef1 t\u0103ng sinh t\u1ebf b\u00e0o ph\u00ec \u0111\u1ea1i tuy\u1ebfn ti\u1ec1n li\u1ec7t<\/span><\/p>\n<p><span style=\"font-weight: 400;\">&#8211;\u00a0 H\u1ed7 tr\u1ee3 \u0111i\u1ec1u tr\u1ecb u x\u01a1 l\u00e0nh t\u00ednh tuy\u1ebfn ti\u1ec1n li\u1ec7t.<\/span><\/p>\n<p><span style=\"font-weight: 400;\">&#8211;\u00a0 H\u1ed7 tr\u1ee3 \u0111i\u1ec1u tr\u1ecb r\u1ed1i lo\u1ea1n ti\u00eau h\u00f3a, kh\u00f3 ti\u00eau, b\u1ee5ng tr\u01b0\u1edbng, \u0111\u1ea7y h\u01a1i r\u1ea5t t\u1ed1t cho ng\u01b0\u1eddi b\u1ecb vi\u00eam \u0111\u1ea1i tr\u00e0ng m\u00e3n t\u00ednh<\/span><\/p>\n<p><span style=\"font-weight: 400;\">&#8211;\u00a0 Ch\u1ed1ng l\u00e3o h\u00f3a, x\u01a1 v\u1eefa \u0111\u1ed9ng m\u1ea1ch, gi\u1ea3m m\u1ee1 m\u00e1u, t\u0103ng c\u01b0\u1eddng s\u1ee9c \u0111\u1ec1 kh\u00e1ng.<\/span><\/p>\n<h3><span class=\"ez-toc-section\" id=\"Dau_hat_bi_ngo\"><\/span><b>D\u1ea7u h\u1ea1t b\u00ed ng\u00f4<\/b><span class=\"ez-toc-section-end\"><\/span><\/h3>\n<p><span style=\"font-weight: 400;\">Delta 7- phytosterol c\u00f3 trong d\u1ea7u c\u00f3 c\u1ea5u tr\u00fac h\u00f3a h\u1ecdc gi\u1ed1ng v\u1edbi androgen v\u00e0 estrogen n\u00ean c\u00f3 nh\u1eefng t\u00e1c d\u1ee5ng c\u00f3 l\u1ee3i \u0111\u1ed1i v\u1edbi tuy\u1ebfn ti\u1ec1n li\u1ec7t, c\u1ea3i thi\u1ec7n ch\u1ee9c n\u0103ng c\u1ee7a b\u00e0ng quang, c\u1ea3i thi\u1ec7n hi\u1ec7n t\u01b0\u1ee3ng ti\u1ec3u l\u1eaft nh\u1eaft, ti\u1ec3u bu\u1ed1t, b\u00ed ti\u1ec3u.<\/span><\/p>\n<h3><span class=\"ez-toc-section\" id=\"Dau_toi\"><\/span><b>D\u1ea7u t\u1ecfi<\/b><span class=\"ez-toc-section-end\"><\/span><\/h3>\n<p><span style=\"font-weight: 400;\">\u0110\u01b0\u1ee3c chi\u1ebft xu\u1ea5t t\u1eeb gi\u1ed1ng <a href=\"https:\/\/ngaviet.com\/dau-toi-garlic-oil\/\">t\u1ecfi t\u00eda<\/a> c\u00f3 h\u00e0ng l\u01b0\u1ee3ng alicin cao, c\u00f3 kh\u1ea3 n\u0103ng t\u0103ng s\u1ee9c \u0111\u1ec1 kh\u00e1ng cho c\u01a1 th\u1ec3, ng\u0103n ng\u1eeba virus C\u00fam, Rubella, Quai b\u1ecb, Vi\u00eam m\u00e0ng n\u00e3o\u2026C\u00e1c nh\u00e0 khoa h\u1ecdc \u0111\u00e3 ch\u1ee9ng minh d\u1ea7u t\u1ecfi c\u00f3 kh\u1ea3 n\u0103ng b\u1ea3o v\u1ec7 c\u01a1 quan h\u00f4 h\u1ea5p, l\u00e0m th\u00f4ng ph\u1ed5i, ch\u1ed1ng l\u00e3o h\u00f3a m\u1ea1nh v\u00e0 l\u00e0m h\u1ea1 m\u1ee1 m\u00e1u h\u1ea1n ch\u1ebf x\u01a1 v\u1eefa \u0111\u1ed9ng m\u1ea1ch v\u00e0 r\u1ea5t t\u1ed1t cho ng\u01b0\u1eddi b\u1ecb th\u1ea5p kh\u1edbp.<\/span><\/p>\n<h3><span class=\"ez-toc-section\" id=\"Bot_phan_hoa\"><\/span><b>B\u1ed9t ph\u1ea5n hoa<\/b><span class=\"ez-toc-section-end\"><\/span><\/h3>\n<p><span style=\"font-weight: 400;\">\u0110\u01b0\u1ee3c s\u1eed d\u1ee5ng trong Tidicaps c\u00f3 ch\u1ee9a Cernilton, lo\u1ea1i ho\u1ea1t ch\u1ea5t n\u00e0y \u0111\u00e3 \u0111\u01b0\u1ee3c s\u1eed d\u1ee5ng \u0111\u1ec3 \u0111i\u1ec1u tr\u1ecb hi\u1ec7u qu\u1ea3 vi\u00eam tuy\u1ebfn ti\u1ec1n li\u1ec7t h\u01a1n 30 n\u0103m qua. Trong b\u1ed9t ph\u1ea5n hoa n\u00e0y c\u00f3 hai nh\u00f3m ch\u1ea5t, nh\u00f3m tan trong n\u01b0\u1edbc c\u00f3 t\u00e1c d\u1ee5ng ch\u1ed1ng vi\u00eam, nh\u00f3m tan trong d\u1ea7u ch\u1ee9a c\u00e1c sterol c\u00f3 t\u00e1c d\u1ee5ng \u0111i\u1ec1u h\u00f2a hormone. T\u00e1c d\u1ee5ng c\u1ee7a hai nh\u00f3m n\u00e0y gi\u00fap c\u1ea3i thi\u1ec7n r\u00f5 r\u1ec7t c\u00e1c tri\u1ec7u ch\u1ee9ng c\u1ee7a U x\u01a1 ti\u1ec1n li\u1ec7t tuy\u1ebfn nh\u01b0 h\u1ea1n ch\u1ebf ph\u00e1t tri\u1ec3n v\u00e0 gi\u1ea3m k\u00edch th\u01b0\u1edbc c\u1ee7a kh\u1ed1i ph\u00ec \u0111\u1ea1i, c\u1ea3i thi\u1ec7n c\u00e1c tri\u1ec7u ch\u1ee9ng ti\u1ec3u \u0111au, ti\u1ec3u r\u1eaft v\u00e0 kh\u00f3 ti\u1ec3u. Ngo\u00e0i ra trong ph\u1ea5n hoa c\u00f2n ch\u1ee9a c\u00e1c ch\u1ea5t c\u00f3 gi\u00e1 tr\u1ecb dinh d\u01b0\u1ee1ng cao, c\u00f3 t\u00e1c d\u1ee5ng b\u1ed3i b\u1ed5 c\u01a1 th\u1ec3, c\u1ea3i thi\u1ec7n h\u1ec7 ti\u00eau h\u00f3a, n\u00e2ng cao th\u1ec3 tr\u1ea1ng.<\/span><\/p>\n<h3><span class=\"ez-toc-section\" id=\"Vitamin_E_tu_nhien\"><\/span><b>Vitamin E t\u1ef1 nhi\u00ean<\/b><span class=\"ez-toc-section-end\"><\/span><\/h3>\n<p><span style=\"font-weight: 400;\">Vitamin E t\u1ef1 nhi\u00ean c\u00f3 kh\u1ea3 n\u0103ng ho\u1ea1t \u0111\u1ed9ng sinh h\u1ecdc cao h\u01a1n vitamin E nh\u00e2n t\u1ea1o. Vitamin E c\u0169ng gi\u00fap t\u0103ng kh\u1ea3 n\u0103ng h\u1ea5p thu k\u1ebdm. Nh\u1edd c\u00e1c t\u00e1c d\u1ee5ng tr\u00ean m\u00e0 vitamin E thi\u00ean nhi\u00ean gi\u00fap l\u00e0m v\u1eefng b\u1ec1n th\u00e0nh m\u1ea1ch, t\u0103ng s\u1ee9c \u0111\u1ec1 kh\u00e1ng v\u00e0 h\u1ea1n ch\u1ebf l\u00e3o h\u00f3a, gi\u00fap \u0111i\u1ec1u h\u00f2a c\u00e1c hormone n\u1ed9i sinh c\u00f3 li\u00ean quan t\u1edbi ph\u00ec \u0111\u1ea1i tuy\u1ebfn ti\u1ec1n li\u1ec7t.<\/span><\/p>\n<h2><span class=\"ez-toc-section\" id=\"Cach_dung_Tidicaps\"><\/span><b>C\u00e1ch d\u00f9ng Tidicaps<\/b><span class=\"ez-toc-section-end\"><\/span><\/h2>\n<ul>\n<li style=\"font-weight: 400;\" aria-level=\"1\"><span style=\"font-weight: 400;\">U\u1ed1ng 2 vi\u00ean\/l\u1ea7n, ng\u00e0y 2-3 l\u1ea7n. U\u1ed1ng tr\u01b0\u1edbc khi \u0103n.<\/span><\/li>\n<li style=\"font-weight: 400;\" aria-level=\"1\"><span style=\"font-weight: 400;\">N\u00ean d\u00f9ng t\u1ed1i thi\u1ec3u li\u00ean t\u1ee5c trong 2 th\u00e1ng \u0111\u1ec3 c\u00f3 t\u00e1c d\u1ee5ng t\u1ed1t nh\u1ea5t v\u00e0 c\u00f3 th\u1ec3 l\u1eb7p l\u1ea1i n\u1ebfu c\u1ea7n.\u00a0<\/span><\/li>\n<li style=\"font-weight: 400;\" aria-level=\"1\"><span style=\"font-weight: 400;\">T\u01b0 v\u1ea5n b\u00e1c s\u0129 ho\u1eb7c d\u01b0\u1ee3c s\u0129 khi g\u1eb7p ph\u1ea3n \u1ee9ng ph\u1ee5.<\/span><\/li>\n<\/ul>\n<p><b>L\u01b0u \u00fd<\/b><span style=\"font-weight: 400;\">:\u00a0<\/span><\/p>\n<ul>\n<li style=\"font-weight: 400;\" aria-level=\"1\"><span style=\"font-weight: 400;\">S\u1ea3n ph\u1ea9m kh\u00f4ng ph\u1ea3i l\u00e0 thu\u1ed1c v\u00e0 kh\u00f4ng c\u00f3 t\u00e1c d\u1ee5ng thay th\u1ebf thu\u1ed1c ch\u1eefa b\u1ec7nh.<\/span><\/li>\n<li style=\"font-weight: 400;\" aria-level=\"1\"><span style=\"font-weight: 400;\">Ph\u1ee5 n\u1eef c\u00f3 thai, ng\u01b0\u1eddi nu\u00f4i con b\u00fa c\u1ea7n tham kh\u1ea3o \u00fd ki\u1ebfn th\u1ea7y thu\u1ed1c tr\u01b0\u1edbc khi s\u1eed d\u1ee5ng<\/span><\/li>\n<li style=\"font-weight: 400;\" aria-level=\"1\"><span style=\"font-weight: 400;\">Kh\u00f4ng d\u00f9ng cho ng\u01b0\u1eddi m\u1eabn c\u1ea3m v\u1edbi b\u1ea5t k\u1ef3 th\u00e0nh ph\u1ea7n n\u00e0o c\u1ee7a thu\u1ed1c.<\/span><\/li>\n<\/ul>\n<h2><span class=\"ez-toc-section\" id=\"Cach_bao_quan\"><\/span><b>C\u00e1ch b\u1ea3o qu\u1ea3n\u00a0<\/b><span class=\"ez-toc-section-end\"><\/span><\/h2>\n<p><span style=\"font-weight: 400;\">B\u1ea3o qu\u1ea3n \u1edf n\u01a1i kh\u00f4 r\u00e1o, tr\u00e1nh \u00e1nh s\u00e1ng.<\/span><\/p>\n<h2><span class=\"ez-toc-section\" id=\"Doi_tuong_su_dung\"><\/span><b>\u0110\u1ed1i t\u01b0\u1ee3ng s\u1eed d\u1ee5ng:<\/b><span class=\"ez-toc-section-end\"><\/span><\/h2>\n<ul>\n<li style=\"font-weight: 400;\" aria-level=\"1\"><span style=\"font-weight: 400;\">Ng\u01b0\u1eddi tr\u01b0\u1edfng th\u00e0nh, ng\u01b0\u1eddi gi\u00e0 b\u1ecb u x\u01a1 ti\u1ec1n li\u1ec7t tuy\u1ebfn l\u00e0nh t\u00ednh, ng\u01b0\u1eddi kh\u00f3 ti\u1ec3u, ti\u1ec3u \u0111\u00eam, \u0111i ti\u1ec3u nhi\u1ec1u l\u1ea7n, ti\u1ec3u bu\u1ed1t,&#8230;<\/span><\/li>\n<li style=\"font-weight: 400;\" aria-level=\"1\"><span style=\"font-weight: 400;\">S\u1ea3n ph\u1ea9m d\u00f9ng cho c\u1ea3 n\u1eef gi\u1edbi.<\/span><\/li>\n<\/ul>\n<p><span style=\"font-weight: 400;\">S\u1ed1 \u0110K BCB: 1373\/2018\/\u0110KSP<\/span><\/p>\n<p><span style=\"font-weight: 400;\">S\u1ea3n xu\u1ea5t t\u1ea1i: C\u00f4ng ty C\u1ed5 ph\u1ea7n d\u01b0\u1ee3c VTYT H\u1ea3i D\u01b0\u01a1ng<\/span><\/p>\n<p><span style=\"font-weight: 400;\">\u0110\u1ecba ch\u1ec9: 102 Chi L\u0103ng, Tp. H\u1ea3i D\u01b0\u01a1ng, T\u1ec9nh H\u1ea3i D\u01b0\u01a1ng<\/span><\/p>\n<p><span style=\"font-weight: 400;\">S\u1ea3n ph\u1ea9m c\u1ee7a C\u00f4ng ty TNHH Th\u01b0\u01a1ng M\u1ea1i Nga Vi\u1ec7t<\/span><\/p>\n<p><span style=\"font-weight: 400;\">\u0110\u1ecba ch\u1ec9: 644\/2 \u0111\u01b0\u1eddng 3\/2, ph\u01b0\u1eddng 14, qu\u1eadn 10.<\/span><\/p>\n<p><img decoding=\"async\" loading=\"lazy\" class=\"alignnone wp-image-3075\" src=\"https:\/\/ngaviet.com\/wp-content\/uploads\/2022\/10\/2018-Tidicaps_page-0001.jpg\" alt=\"thuc-pham-chuc-nang-tieu-dem-tidicaps\" width=\"620\" height=\"802\" \/><img decoding=\"async\" loading=\"lazy\" class=\"alignnone wp-image-3077\" src=\"https:\/\/ngaviet.com\/wp-content\/uploads\/2022\/10\/TIDICAPS_page-0001.jpg\" alt=\"vien-uong-tieu-dem-tidicaps\" width=\"563\" height=\"795\" \/><\/p>\n<blockquote><p><span style=\"font-size: 95%;\">L\u1ee3i \u00edch &#8220;tuy\u1ec7t v\u1eddi&#8221; c\u1ee7a d\u1ea7u h\u1ea1t b\u00ed ng\u00f4 \u0111\u1ed1i v\u1edbi tuy\u1ebfn ti\u1ec1n li\u1ec7t \u1edf nam gi\u1edbi c\u00f3 th\u1ec3 b\u1ea1n ch\u01b0a bi\u1ebft: <em><a href=\"https:\/\/ngaviet.com\/dau-hat-bi-ngo\/\">https:\/\/ngaviet.com\/dau-hat-bi-ngo\/<\/a><\/em><\/span><\/p><\/blockquote>\n<p>N\u1ebfu b\u1ea1n quan t\u00e2m v\u1ec1 s\u1ea3n ph\u1ea9m c\u00f3 th\u1ec3 li\u00ean h\u1ec7 \u0111\u1eb7t mua h\u00e0ng th\u00f4ng qua:<\/p>\n<ul>\n<li>Hotline:\u00a0<strong>0933.248.096<\/strong><\/li>\n<li>Email:\u00a0<em><a href=\"mailto:cskh.ngaviet@gmail.com\">cskh.ngaviet@gmail.com<\/a><\/em><\/li>\n<li>Zalo OA:\u00a0<em><a href=\"https:\/\/zalo.me\/2042719656458438425?src=media\" target=\"_blank\" rel=\"noopener\">https:\/\/zalo.me\/2042719656458438425?src=media<\/a><\/em><\/li>\n<li>Fanpage Nga Vi\u1ec7t Pharma:\u00a0<em><a href=\"https:\/\/www.facebook.com\/ngavietpharma\" target=\"_blank\" rel=\"noopener\">https:\/\/www.facebook.com\/ngavietpharma<\/a><\/em><\/li>\n<\/ul>\n","protected":false},"excerpt":{"rendered":"<ul>\n<li style=\"font-weight: 400;\" aria-level=\"1\"><b>C\u00f4ng d\u1ee5ng<\/b><span style=\"font-weight: 400;\">: H\u1ed7 tr\u1ee3 \u0111i\u1ec1u tr\u1ecb ph\u00ec \u0111\u1ea1i l\u00e0nh t\u00ednh tuy\u1ebfn ti\u1ec1n li\u1ec7t, tr\u1ecb ch\u1ee9ng ti\u1ec3u \u0111\u00eam \u1edf ng\u01b0\u1eddi gi\u00e0 (c\u1ea3 nam v\u00e0 n\u1eef)<\/span><\/li>\n<li style=\"font-weight: 400;\" aria-level=\"1\"><b>Nh\u00e0 s\u1ea3n xu\u1ea5t<\/b><span style=\"font-weight: 400;\">: D\u01b0\u1ee3c H\u1ea3i D\u01b0\u01a1ng &#8211; VN<\/span><\/li>\n<li style=\"font-weight: 400;\" aria-level=\"1\"><b>Quy c\u00e1ch<\/b><span style=\"font-weight: 400;\">:\u00a0 H\u1ed9p 1 chai 100 vi\u00ean nang m\u1ec1m. Th\u00f9ng 120 h\u1ed9p<\/span><\/li>\n<li style=\"font-weight: 400;\" aria-level=\"1\"><b>C\u00e1ch d\u00f9ng<\/b><span style=\"font-weight: 400;\">: U\u1ed1ng 2 vi\u00ean\/l\u1ea7n, ng\u00e0y 2-3 l\u1ea7n. U\u1ed1ng tr\u01b0\u1edbc khi \u0103n<\/span><\/li>\n<li style=\"font-weight: 400;\" aria-level=\"1\"><b>H\u1ea1n d\u00f9ng: <\/b><span style=\"font-weight: 400;\">3 n\u0103m k\u1ec3 t\u1eeb ng\u00e0y s\u1ea3n xu\u1ea5t<\/span><\/li>\n<\/ul>\n","protected":false},"featured_media":3068,"comment_status":"open","ping_status":"closed","template":"","meta":[],"product_cat":[15,30,52],"product_tag":[],"_links":{"self":[{"href":"https:\/\/ngaviet.com\/vi\/wp-json\/wp\/v2\/product\/2683"}],"collection":[{"href":"https:\/\/ngaviet.com\/vi\/wp-json\/wp\/v2\/product"}],"about":[{"href":"https:\/\/ngaviet.com\/vi\/wp-json\/wp\/v2\/types\/product"}],"replies":[{"embeddable":true,"href":"https:\/\/ngaviet.com\/vi\/wp-json\/wp\/v2\/comments?post=2683"}],"wp:featuredmedia":[{"embeddable":true,"href":"https:\/\/ngaviet.com\/vi\/wp-json\/wp\/v2\/media\/3068"}],"wp:attachment":[{"href":"https:\/\/ngaviet.com\/vi\/wp-json\/wp\/v2\/media?parent=2683"}],"wp:term":[{"taxonomy":"product_cat","embeddable":true,"href":"https:\/\/ngaviet.com\/vi\/wp-json\/wp\/v2\/product_cat?post=2683"},{"taxonomy":"product_tag","embeddable":true,"href":"https:\/\/ngaviet.com\/vi\/wp-json\/wp\/v2\/product_tag?post=2683"}],"curies":[{"name":"wp","href":"https:\/\/api.w.org\/{rel}","templated":true}]}}