{"id":2686,"date":"2022-10-13T09:45:08","date_gmt":"2022-10-13T02:45:08","guid":{"rendered":"https:\/\/ngaviet.com\/?post_type=product&#038;p=2686"},"modified":"2026-04-03T10:04:49","modified_gmt":"2026-04-03T03:04:49","slug":"trinh-nu-hoang-cung","status":"publish","type":"product","link":"https:\/\/ngaviet.com\/vi\/trinh-nu-hoang-cung\/","title":{"rendered":"Vi\u00ean U\u1ed1ng Trinh n\u1eef Ho\u00e0ng cung"},"content":{"rendered":"<p><span style=\"color: #555555;\"><div id=\"ez-toc-container\" class=\"ez-toc-v2_0_58 counter-hierarchy ez-toc-counter ez-toc-light-blue ez-toc-container-direction\">\n<div class=\"ez-toc-title-container\">\n<p class=\"ez-toc-title \" >M\u1ee5c l\u1ee5c<\/p>\n<span class=\"ez-toc-title-toggle\"><a href=\"#\" class=\"ez-toc-pull-right ez-toc-btn ez-toc-btn-xs ez-toc-btn-default ez-toc-toggle\" aria-label=\"Toggle Table of Content\" role=\"button\"><label for=\"item-69d2d0c9b0266\" ><span class=\"\"><span class=\"eztoc-hide\" style=\"display:none;\">Toggle<\/span><span class=\"ez-toc-icon-toggle-span\"><svg style=\"fill: #999;color:#999\" xmlns=\"http:\/\/www.w3.org\/2000\/svg\" class=\"list-377408\" width=\"20px\" height=\"20px\" viewBox=\"0 0 24 24\" fill=\"none\"><path d=\"M6 6H4v2h2V6zm14 0H8v2h12V6zM4 11h2v2H4v-2zm16 0H8v2h12v-2zM4 16h2v2H4v-2zm16 0H8v2h12v-2z\" fill=\"currentColor\"><\/path><\/svg><svg style=\"fill: #999;color:#999\" class=\"arrow-unsorted-368013\" xmlns=\"http:\/\/www.w3.org\/2000\/svg\" width=\"10px\" height=\"10px\" viewBox=\"0 0 24 24\" version=\"1.2\" baseProfile=\"tiny\"><path d=\"M18.2 9.3l-6.2-6.3-6.2 6.3c-.2.2-.3.4-.3.7s.1.5.3.7c.2.2.4.3.7.3h11c.3 0 .5-.1.7-.3.2-.2.3-.5.3-.7s-.1-.5-.3-.7zM5.8 14.7l6.2 6.3 6.2-6.3c.2-.2.3-.5.3-.7s-.1-.5-.3-.7c-.2-.2-.4-.3-.7-.3h-11c-.3 0-.5.1-.7.3-.2.2-.3.5-.3.7s.1.5.3.7z\"\/><\/svg><\/span><\/span><\/label><input aria-label=\"Toggle\" aria-label=\"item-69d2d0c9b0266\"  type=\"checkbox\" id=\"item-69d2d0c9b0266\"><\/a><\/span><\/div>\n<nav><ul class='ez-toc-list ez-toc-list-level-1 eztoc-toggle-hide-by-default' ><li class='ez-toc-page-1 ez-toc-heading-level-2'><a class=\"ez-toc-link ez-toc-heading-1\" href=\"https:\/\/ngaviet.com\/vi\/trinh-nu-hoang-cung\/#Thong_tin_ve_vien_uong_Trinh_Nu_Hoang_Cung\" title=\"Th\u00f4ng tin v\u1ec1 vi\u00ean u\u1ed1ng Trinh N\u1eef Ho\u00e0ng Cung\">Th\u00f4ng tin v\u1ec1 vi\u00ean u\u1ed1ng Trinh N\u1eef Ho\u00e0ng Cung<\/a><\/li><li class='ez-toc-page-1 ez-toc-heading-level-2'><a class=\"ez-toc-link ez-toc-heading-2\" href=\"https:\/\/ngaviet.com\/vi\/trinh-nu-hoang-cung\/#Thanh_phan_co_trong_vien_uong_Trinh_Nu_Hoang_Cung\" title=\"Th\u00e0nh ph\u1ea7n c\u00f3 trong vi\u00ean u\u1ed1ng Trinh N\u1eef Ho\u00e0ng Cung\">Th\u00e0nh ph\u1ea7n c\u00f3 trong vi\u00ean u\u1ed1ng Trinh N\u1eef Ho\u00e0ng Cung<\/a><\/li><li class='ez-toc-page-1 ez-toc-heading-level-2'><a class=\"ez-toc-link ez-toc-heading-3\" href=\"https:\/\/ngaviet.com\/vi\/trinh-nu-hoang-cung\/#Cong_dung_Trinh_Nu_Hoang_Cung\" title=\"C\u00f4ng d\u1ee5ng\u00a0Trinh N\u1eef Ho\u00e0ng Cung\">C\u00f4ng d\u1ee5ng\u00a0Trinh N\u1eef Ho\u00e0ng Cung<\/a><ul class='ez-toc-list-level-3'><li class='ez-toc-heading-level-3'><a class=\"ez-toc-link ez-toc-heading-4\" href=\"https:\/\/ngaviet.com\/vi\/trinh-nu-hoang-cung\/#Trinh_nu_hoang_cung_la_than_hanh\" title=\"Trinh n\u1eef ho\u00e0ng cung (l\u00e1, th\u00e2n h\u00e0nh)\">Trinh n\u1eef ho\u00e0ng cung (l\u00e1, th\u00e2n h\u00e0nh)<\/a><\/li><li class='ez-toc-page-1 ez-toc-heading-level-3'><a class=\"ez-toc-link ez-toc-heading-5\" href=\"https:\/\/ngaviet.com\/vi\/trinh-nu-hoang-cung\/#Bach_hoa_xa_thiet_thao_toan_cay\" title=\"B\u1ea1ch hoa x\u00e0 thi\u1ec7t th\u1ea3o (to\u00e0n c\u00e2y)\">B\u1ea1ch hoa x\u00e0 thi\u1ec7t th\u1ea3o (to\u00e0n c\u00e2y)<\/a><\/li><li class='ez-toc-page-1 ez-toc-heading-level-3'><a class=\"ez-toc-link ez-toc-heading-6\" href=\"https:\/\/ngaviet.com\/vi\/trinh-nu-hoang-cung\/#Cay_ban_Chi_Lien\" title=\"C\u00e2y b\u00e1n Chi Li\u00ean\">C\u00e2y b\u00e1n Chi Li\u00ean<\/a><\/li><li class='ez-toc-page-1 ez-toc-heading-level-3'><a class=\"ez-toc-link ez-toc-heading-7\" href=\"https:\/\/ngaviet.com\/vi\/trinh-nu-hoang-cung\/#Tam_that_Panax_pseudo-ginseng\" title=\"Tam th\u1ea5t (Panax pseudo-ginseng)\">Tam th\u1ea5t (Panax pseudo-ginseng)<\/a><\/li><li class='ez-toc-page-1 ez-toc-heading-level-3'><a class=\"ez-toc-link ez-toc-heading-8\" href=\"https:\/\/ngaviet.com\/vi\/trinh-nu-hoang-cung\/#Khuong_hoang_Curcuma_longa\" title=\"Kh\u01b0\u01a1ng ho\u00e0ng (Curcuma longa)\u00a0\">Kh\u01b0\u01a1ng ho\u00e0ng (Curcuma longa)\u00a0<\/a><\/li><\/ul><\/li><li class='ez-toc-page-1 ez-toc-heading-level-2'><a class=\"ez-toc-link ez-toc-heading-9\" href=\"https:\/\/ngaviet.com\/vi\/trinh-nu-hoang-cung\/#Cach_dung_Trinh_Nu_Hoang_Cung\" title=\"C\u00e1ch d\u00f9ng Trinh N\u1eef Ho\u00e0ng Cung\">C\u00e1ch d\u00f9ng Trinh N\u1eef Ho\u00e0ng Cung<\/a><\/li><li class='ez-toc-page-1 ez-toc-heading-level-2'><a class=\"ez-toc-link ez-toc-heading-10\" href=\"https:\/\/ngaviet.com\/vi\/trinh-nu-hoang-cung\/#Cach_bao_quan\" title=\"C\u00e1ch b\u1ea3o qu\u1ea3n\u00a0\">C\u00e1ch b\u1ea3o qu\u1ea3n\u00a0<\/a><\/li><li class='ez-toc-page-1 ez-toc-heading-level-2'><a class=\"ez-toc-link ez-toc-heading-11\" href=\"https:\/\/ngaviet.com\/vi\/trinh-nu-hoang-cung\/#Doi_tuong_su_dung\" title=\"\u0110\u1ed1i t\u01b0\u1ee3ng s\u1eed d\u1ee5ng\">\u0110\u1ed1i t\u01b0\u1ee3ng s\u1eed d\u1ee5ng<\/a><\/li><\/ul><\/nav><\/div>\n<\/span><\/p>\n<h2><span class=\"ez-toc-section\" id=\"Thong_tin_ve_vien_uong_Trinh_Nu_Hoang_Cung\"><\/span><b>Th\u00f4ng tin v\u1ec1 vi\u00ean u\u1ed1ng Trinh N\u1eef Ho\u00e0ng Cung<\/b><span class=\"ez-toc-section-end\"><\/span><\/h2>\n<p><span style=\"font-weight: 400;\">Vi\u00ean u\u1ed1ng Trinh N\u1eef Ho\u00e0ng Cung <\/span><span style=\"font-weight: 400;\">\u0111\u01b0\u1ee3c b\u00e0o ch\u1ebf theo d\u1ea1ng vi\u00ean nang v\u1edbi quy c\u00e1ch 60 vi\u00ean 1 h\u1ed9p, <\/span><span style=\"font-weight: 400;\">s\u1ea3n ph\u1ea9m s\u1ea3n xu\u1ea5t b\u1edfi C\u00f4ng Ty C\u1ed5 Ph\u1ea7n D\u01b0\u1ee3c Ph\u1ea9m Qu\u1ed1c T\u1ebf Dolexphar c\u00f3 c\u00f4ng d\u1ee5ng h\u1ed7 tr\u1ee3 c\u1ea3i thi\u1ec7n u x\u01a1 t\u1eed cung, <\/span><span style=\"font-weight: 400;\">u nang bu\u1ed3ng tr\u1ee9ng, u tuy\u1ebfn v\u00fa l\u00e0nh t\u00ednh, ti\u1ec1n li\u1ec7t tuy\u1ebfn,&#8230;<\/span><\/p>\n<h2><span class=\"ez-toc-section\" id=\"Thanh_phan_co_trong_vien_uong_Trinh_Nu_Hoang_Cung\"><\/span><b>Th\u00e0nh ph\u1ea7n c\u00f3 trong <\/b><b>vi\u00ean u\u1ed1ng Trinh N\u1eef Ho\u00e0ng Cung<\/b><span class=\"ez-toc-section-end\"><\/span><\/h2>\n<p><span style=\"font-weight: 400;\">Trinh n\u1eef ho\u00e0ng cung (Crinum latifolium)&#8230;&#8230;&#8230;&#8230;&#8230;&#8230;&#8230;&#8230;&#8230;&#8230;&#8230;&#8230;&#8230;&#8230;&#8230;&#8230;&#8230;&#8230;.1800 mg<\/span><\/p>\n<p><span style=\"font-weight: 400;\">B\u1ea1ch hoa x\u00e0 thi\u1ec7t th\u1ea3o (Hedyotis diffusa)&#8230;&#8230;&#8230;&#8230;&#8230;&#8230;&#8230;&#8230;&#8230;&#8230;&#8230;&#8230;&#8230;&#8230;&#8230;&#8230;&#8230;&#8230;500 mg<\/span><\/p>\n<p><span style=\"font-weight: 400;\">B\u00e1n chi li\u00ean (Scutellaria barbata)&#8230;&#8230;&#8230;&#8230;&#8230;&#8230;&#8230;&#8230;&#8230;&#8230;&#8230;&#8230;&#8230;&#8230;&#8230;&#8230;&#8230;&#8230;&#8230;&#8230;&#8230;&#8230;.200 mg<\/span><\/p>\n<p><span style=\"font-weight: 400;\">Tam th\u1ea5t (Panax pseudoginseng)&#8230;&#8230;&#8230;&#8230;&#8230;&#8230;&#8230;&#8230;&#8230;&#8230;&#8230;&#8230;&#8230;&#8230;&#8230;&#8230;&#8230;&#8230;&#8230;&#8230;&#8230;&#8230;120 mg<\/span><\/p>\n<p><span style=\"font-weight: 400;\">Kh\u01b0\u01a1ng ho\u00e0ng (Curcuma longa)&#8230;&#8230;&#8230;&#8230;&#8230;&#8230;&#8230;&#8230;&#8230;&#8230;&#8230;&#8230;&#8230;&#8230;&#8230;&#8230;&#8230;&#8230;&#8230;&#8230;&#8230;&#8230;.50 mg<\/span><\/p>\n<h2><span class=\"ez-toc-section\" id=\"Cong_dung_Trinh_Nu_Hoang_Cung\"><\/span><b>C\u00f4ng d\u1ee5ng<\/b><b>\u00a0Trinh N\u1eef Ho\u00e0ng Cung<\/b><span class=\"ez-toc-section-end\"><\/span><\/h2>\n<p><span style=\"font-weight: 400;\">H\u1ed7 tr\u1ee3 gi\u1ea3m s\u1ef1 ti\u1ebfn tri\u1ec3n c\u1ee7a u x\u01a1 t\u1eed cung \u1edf n\u1eef gi\u1edbi v\u00e0 ph\u00ec \u0111\u1ea1i l\u00e0nh t\u00ednh ti\u1ec1n li\u1ec7t tuy\u1ebfn \u1edf nam gi\u1edbi.<\/span><\/p>\n<h3><span class=\"ez-toc-section\" id=\"Trinh_nu_hoang_cung_la_than_hanh\"><\/span><b>Trinh n\u1eef ho\u00e0ng cung (l\u00e1, th\u00e2n h\u00e0nh)<\/b><span class=\"ez-toc-section-end\"><\/span><\/h3>\n<p><span style=\"font-weight: 400;\">Trong <span style=\"color: #282828;\"><a style=\"color: #282828;\" href=\"https:\/\/www.vinmec.com\/vi\/y-hoc-co-truyen\/duoc-lieu\/trinh-nu-hoang-cung-co-tac-dung-gi\/\" rel=\"nofollow noopener\" target=\"_blank\">c\u00e2y trinh n\u1eef ho\u00e0ng cung<\/a><\/span> c\u00f3 ch\u1ee9a c\u00e1c alkaloid v\u00e0 glucan, d\u1ecbch chi\u1ebft n\u01b0\u1edbc n\u00f3ng c\u1ee7a l\u00e1 Trinh n\u1eef ho\u00e0ng cung \u0111\u00e3 th\u1ec3 hi\u1ec7n t\u00ednh ch\u1ed1ng oxy h\u00f3a m\u1ea1nh, kh\u00e1ng vi\u00eam, kh\u00e1ng khu\u1ea9n, \u1ee9c ch\u1ebf qu\u00e1 tr\u00ecnh ph\u00e2n b\u00e0o, v\u00e0 \u1ee9c ch\u1ebf s\u1ef1 ph\u00e1t tri\u1ec3n c\u1ee7a t\u1ebf b\u00e0o ung th\u01b0 trong ph\u00f2ng th\u00ed nghi\u1ec7m. Trong y h\u1ecdc d\u00e2n gian Vi\u1ec7t Nam v\u00e0 Trung Qu\u1ed1c, trinh n\u1eef ho\u00e0ng cung \u0111\u01b0\u1ee3c d\u00f9ng \u0111\u1ec3 h\u1ed7 tr\u1ee3 gi\u1ea3m s\u1ef1 ti\u1ebfn tri\u1ec3n c\u1ee7a u x\u01a1 t\u1eed cung \u1edf n\u1eef gi\u1edbi v\u00e0 ph\u00ec \u0111\u1ea1i tuy\u1ebfn ti\u1ec1n li\u1ec7t \u1edf nam gi\u1edbi.<\/span><\/p>\n<h3><span class=\"ez-toc-section\" id=\"Bach_hoa_xa_thiet_thao_toan_cay\"><\/span><b>B\u1ea1ch hoa x\u00e0 thi\u1ec7t th\u1ea3o (to\u00e0n c\u00e2y)<\/b><span class=\"ez-toc-section-end\"><\/span><\/h3>\n<p><span style=\"font-weight: 400;\">Trong c\u00e2y b\u1ea1ch hoa x\u00e0 thi\u1ec7t th\u1ea3o c\u00f3 ch\u1ee9a c\u00e1c iridoid glycosides (asperuloside, scandoside), stigmasterol, sitosterol, v\u00e0 c\u00e1c flavonoid (quercentin, kaempferol).\u00a0<\/span><\/p>\n<p><span style=\"font-weight: 400;\">Trong ph\u00f2ng th\u00ed nghi\u1ec7m, d\u1ecbch chi\u1ebft Ba\u0323ch Hoa X\u00e0 Thi\u1ec7t Th\u1ea3o \u0111\u00e3 th\u1ec3 hi\u1ec7n t\u00ednh ch\u1ed1ng oxy h\u00f3a m\u1ea1nh, kh\u00e1ng vi\u00eam m\u1ea1nh, \u0111i\u1ec1u h\u00f2a h\u1ec7 mi\u1ec5n d\u1ecbch, \u0111\u1ed9c t\u1ebf b\u00e0o, v\u00e0 \u1ee9c ch\u1ebf qu\u00e1 tr\u00ecnh ph\u00e2n b\u00e0o c\u1ee7a t\u1ebf b\u00e0o ung th\u01b0. C\u00e2y c\u00f2n c\u00f3 k\u00edch th\u00edch s\u1ef1 t\u0103ng sinh c\u1ee7a t\u1ebf b\u00e0o l\u00e1ch chu\u1ed9t \u1edf nh\u1eefng th\u00ed nghi\u1ec7m tr\u00ean \u1ed1ng k\u00ednh, t\u1eeb \u0111\u00f3, ng\u01b0\u1eddi ta suy ra r\u1eb1ng d\u01b0\u1ee3c li\u1ec7u c\u00f3 kh\u1ea3 n\u0103ng \u0111i\u1ec1u h\u00f2a mi\u1ec5n d\u1ecbch.<\/span><\/p>\n<p><span style=\"font-weight: 400;\">V\u1ec1 t\u00e1c d\u1ee5ng ch\u1ed1ng vi\u00eam, n\u01b0\u1edbc s\u1eafc b\u1ea1ch hoa x\u00e0 thi\u1ec7t th\u1ea3o t\u0103ng c\u01b0\u1eddng kh\u1ea3 n\u0103ng th\u1ef1c b\u00e0o c\u1ee7a h\u1ec7 th\u1ed1ng m\u00f4 l\u01b0\u1edbi \u2013 n\u1ed9i m\u00f4 (reticulo endomethelium) v\u00e0 c\u1ee7a t\u1ebf b\u00e0o b\u1ea1ch c\u1ea7u. B\u1ea1ch hoa x\u00e0 thi\u1ec7t th\u1ea3o \u0111\u01b0\u1ee3c ph\u00e1t hi\u1ec7n \u1edf n\u01b0\u1edbc ta t\u1eeb th\u1eddi Tu\u1ec7 T\u0129nh, d\u00f9ng ch\u1eefa r\u1eafn c\u1eafn, s\u1edfi \u0111\u1eadu. \u1ede Trung Qu\u1ed1c, b\u1ea1ch hoa x\u00e0 thi\u1ec7t th\u1ea3o \u0111\u01b0\u1ee3c d\u00f9ng l\u00e0m thu\u1ed1c ch\u1ed1ng vi\u00eam, ch\u1eefa ph\u1ebf nhi\u1ec7t, hen suy\u1ec5n, vi\u00eam h\u1ecdng, vi\u00eam amydal, vi\u00eam \u0111\u01b0\u1eddng ti\u1ebft ni\u1ec7u, vi\u00eam v\u00f9ng ch\u1eadu.<\/span><\/p>\n<h3><span class=\"ez-toc-section\" id=\"Cay_ban_Chi_Lien\"><\/span><b>C\u00e2y b\u00e1n Chi Li\u00ean<\/b><span class=\"ez-toc-section-end\"><\/span><\/h3>\n<ul>\n<li style=\"font-weight: 400;\" aria-level=\"1\"><span style=\"font-weight: 400;\">T\u00e1c d\u1ee5ng x\u1ed5 ti\u00eau<\/span><\/li>\n<li style=\"font-weight: 400;\" aria-level=\"1\"><span style=\"font-weight: 400;\">Ti\u00eau kh\u1ed1i U th\u1eddi k\u1ef3 \u0111\u1ea7u<\/span><\/li>\n<li style=\"font-weight: 400;\" aria-level=\"1\"><span style=\"font-weight: 400;\">H\u1ed7 tr\u1ee3 tr\u1ecb lao ph\u1ed5i, vi\u00eam gan<\/span><\/li>\n<\/ul>\n<h3><span class=\"ez-toc-section\" id=\"Tam_that_Panax_pseudo-ginseng\"><\/span><b>Tam th\u1ea5t (Panax pseudo-ginseng)<\/b><span class=\"ez-toc-section-end\"><\/span><\/h3>\n<p><span style=\"font-weight: 400;\">L\u00e0 s\u1ea3n ph\u1ea9m c\u00f3 nhi\u1ec1u \u0111\u1eb7c t\u00ednh, th\u00e0nh ph\u1ea7n ho\u00e1 h\u1ecdc, v\u00e0 c\u00f4ng d\u1ee5ng t\u01b0\u01a1ng \u0111\u1ed3ng v\u1edbi nh\u00e2n s\u00e2m trong \u0111\u00f4ng y.\u00a0<\/span><\/p>\n<p><span style=\"font-weight: 400;\">Tam th\u1ea5t c\u00f3 ch\u1ee9a nhi\u1ec1u ginsenosides, l\u00e0 th\u00e0nh ph\u1ea7n ch\u1ed1ng oxy ho\u00e1 v\u00e0 c\u00f3 kh\u1ea3 n\u0103ng gi\u00fap \u0111i\u1ec1u ho\u00e0 h\u1ec7 mi\u1ec5n d\u1ecbch qua \u0111\u1eb7c t\u00ednh kh\u00e1ng vi\u00eam m\u1ea1nh.\u00a0<\/span><\/p>\n<p><span style=\"font-weight: 400;\">Tam Th\u1ea5t c\u0169ng t\u01b0\u01a1ng t\u1ef1 nh\u01b0 nh\u00e2n s\u00e2m, c\u00f3 c\u00e1c oligosaccharides, l\u00e0 nh\u00f3m h\u1ee3p ch\u1ea5t c\u00f3 c\u00f4ng d\u1ee5ng nh\u01b0 m\u1ed9t pre-biotic, gi\u00fap nu\u00f4i d\u01b0\u1ee1ng nh\u1eefng vi khu\u1ea9n c\u00f3 l\u1ee3i trong ru\u1ed9t ph\u00e1t tri\u1ec3n.<\/span><\/p>\n<h3><span class=\"ez-toc-section\" id=\"Khuong_hoang_Curcuma_longa\"><\/span><b>Kh\u01b0\u01a1ng ho\u00e0ng (Curcuma longa)\u00a0<\/b><span class=\"ez-toc-section-end\"><\/span><\/h3>\n<p><span style=\"font-weight: 400;\">Kh\u01b0\u01a1ng ho\u00e0ng, hay c\u00f2n g\u1ecdi l\u00e0 Ngh\u1ec7 V\u00e0ng, l\u00e0 \u0111\u01b0\u1ee3c li\u1ec7u c\u00f3 ch\u1ee9a curcumin trong y h\u1ecdc truy\u1ec1n th\u1ed1ng Vi\u1ec7t Nam v\u00e0 Trung Qu\u1ed1c. Trong ph\u00f2ng th\u00ed nghi\u1ec7m, curcumin \u0111\u00e3 th\u1ec3 hi\u1ec7n t\u00ednh ch\u1ed1ng oxy h\u00f3a, kh\u00e1ng khu\u1ea9n, kh\u00e1ng vi\u00eam, \u0111i\u1ec1u h\u00f2a c\u00e1c y\u1ebfu t\u1ed1 t\u0103ng tr\u01b0\u1edfng c\u1ee7a t\u1ebf b\u00e0o, \u1ee9c ch\u1ebf qu\u00e1 tr\u00ecnh ph\u00e2n b\u00e0o v\u00e0 ti\u1ebfn tri\u1ec3n c\u1ee7a t\u1ebf b\u00e0o u x\u01a1, \u0111\u1eb7c bi\u1ec7t l\u00e0 t\u1ebf b\u00e0o u x\u01a1 \u1edf v\u00fa, tuy\u1ebfn ti\u1ec1n li\u1ec7t, da\u0323 d\u00e0y, v\u00e0 \u0111\u1ea1i tr\u00e0ng.<\/span><\/p>\n<h2><span class=\"ez-toc-section\" id=\"Cach_dung_Trinh_Nu_Hoang_Cung\"><\/span><b>C\u00e1ch d\u00f9ng Trinh N\u1eef Ho\u00e0ng Cung<\/b><span class=\"ez-toc-section-end\"><\/span><\/h2>\n<p><span style=\"font-weight: 400;\">Ng\u00e0y u\u1ed1ng 2 l\u1ea7n, m\u1ed7i l\u1ea7n 2-4 vi\u00ean t\u00f9y th\u1ec3 tr\u1ea1ng ho\u1eb7c d\u00f9ng theo h\u01b0\u1edbng d\u1eabn c\u1ee7a th\u1ea7y thu\u1ed1c. N\u00ean d\u00f9ng th\u01b0\u1eddng xuy\u00ean li\u00ean t\u1ee5c m\u1ed7i \u0111\u1ee3t t\u1eeb 2-3 th\u00e1ng.<\/span><\/p>\n<p><b>L\u01b0u \u00fd<\/b><span style=\"font-weight: 400;\">:\u00a0<\/span><\/p>\n<ul>\n<li style=\"font-weight: 400;\" aria-level=\"1\"><span style=\"font-weight: 400;\">Kh\u00f4ng d\u00f9ng s\u1ea3n ph\u1ea9m cho ng\u01b0\u1eddi m\u1eabn c\u1ea3m v\u1edbi b\u1ea5t k\u1ef3 th\u00e0nh ph\u1ea7n n\u00e0o c\u1ee7a s\u1ea3n ph\u1ea9m.\u00a0<\/span><\/li>\n<li style=\"font-weight: 400;\" aria-level=\"1\"><span style=\"font-weight: 400;\">Kh\u00f4ng d\u00f9ng cho ph\u1ee5 n\u1eef c\u00f3 thai v\u00e0 cho con b\u00fa<\/span><\/li>\n<li style=\"font-weight: 400;\" aria-level=\"1\"><span style=\"font-weight: 400;\">Th\u1ef1c ph\u1ea9m n\u00e0y kh\u00f4ng ph\u1ea3i l\u00e0 thu\u1ed1c, kh\u00f4ng c\u00f3 t\u00e1c d\u1ee5ng thay th\u1ebf thu\u1ed1c ch\u1eefa b\u1ec7nh.<\/span><\/li>\n<\/ul>\n<h2><span class=\"ez-toc-section\" id=\"Cach_bao_quan\"><\/span><b>C\u00e1ch b\u1ea3o qu\u1ea3n\u00a0<\/b><span class=\"ez-toc-section-end\"><\/span><\/h2>\n<p><span style=\"font-weight: 400;\">B\u1ea3o qu\u1ea3n \u1edf n\u01a1i kh\u00f4 r\u00e1o, tr\u00e1nh \u00e1nh s\u00e1ng.<\/span><\/p>\n<h2><span class=\"ez-toc-section\" id=\"Doi_tuong_su_dung\"><\/span><b>\u0110\u1ed1i t\u01b0\u1ee3ng s\u1eed d\u1ee5ng<\/b><span class=\"ez-toc-section-end\"><\/span><\/h2>\n<ul>\n<li style=\"font-weight: 400;\" aria-level=\"1\"><span style=\"font-weight: 400;\">N\u1eef gi\u1edbi b\u1ecb u x\u01a1 t\u1eed cung, u x\u01a1 tuy\u1ebfn v\u00fa<\/span><\/li>\n<li style=\"font-weight: 400;\" aria-level=\"1\"><span style=\"font-weight: 400;\">Nam gi\u1edbi b\u1ecb u x\u01a1 ho\u1eb7c ph\u00ec \u0111\u1ea1i l\u00e0nh t\u00ednh tuy\u1ebfn ti\u1ec1n li\u1ec7t.<\/span><\/li>\n<\/ul>\n<p><span style=\"font-weight: 400;\">S\u1ea3n xu\u1ea5t t\u1ea1i: C\u00f4ng ty C\u1ed5 ph\u1ea7n D\u01b0\u1ee3c Ph\u1ea9m Qu\u1ed1c t\u1ebf Dolexphar<\/span><\/p>\n<p><span style=\"font-weight: 400;\">\u0110\u1ecba ch\u1ec9: L\u00f4 C-2, Khu c\u00f4ng nghi\u1ec7p \u0110\u1ea1i An m\u1edf r\u1ed9ng, th\u1ecb tr\u1ea5n Lai C\u00e1ch, huy\u1ec7n C\u1ea9m Gi\u00e0ng, t\u1ec9nh H\u1ea3i D\u01b0\u01a1ng.<\/span><\/p>\n<p><span style=\"font-weight: 400;\">S\u0110K: 12447\/2019\/\u0110KSP<img decoding=\"async\" loading=\"lazy\" class=\"wp-image-2864 aligncenter\" src=\"https:\/\/ngaviet.com\/wp-content\/uploads\/2022\/10\/trinh-nu.jpg\" alt=\"vien-uong-trinh-nu-hoang-cung\" width=\"663\" height=\"937\" \/><\/span><\/p>\n","protected":false},"excerpt":{"rendered":"<ul>\n<li style=\"font-weight: 400;\" aria-level=\"1\">\n<ul>\n<li style=\"font-weight: 400;\" aria-level=\"1\"><b>C\u00f4ng d\u1ee5ng<\/b><span style=\"font-weight: 400;\">:\u00a0 Gi\u1ea3m u x\u01a1 t\u1eed cung, u nang bu\u1ed3ng tr\u1ee9ng, u tuy\u1ebfn v\u00fa l\u00e0nh t\u00ednh, ti\u1ec1n li\u1ec7t tuy\u1ebfn.<\/span><\/li>\n<li style=\"font-weight: 400;\" aria-level=\"1\"><b>Nh\u00e0 s\u1ea3n xu\u1ea5t<\/b><span style=\"font-weight: 400;\">: Dolexphar &#8211; VN<\/span><\/li>\n<li style=\"font-weight: 400;\" aria-level=\"1\"><b>Quy c\u00e1ch<\/b><span style=\"font-weight: 400;\">: \u00a0 H\u1ed9p 1 chai 60 vi\u00ean. Th\u00f9ng 120 h\u1ed9p<\/span><\/li>\n<li style=\"font-weight: 400;\" aria-level=\"1\"><b>C\u00e1ch d\u00f9ng<\/b><span style=\"font-weight: 400;\">:\u00a0 Ng\u00e0y u\u1ed1ng 2-3 l\u1ea7n, m\u1ed7i l\u1ea7n 2-3 vi\u00ean. N\u00ean d\u00f9ng li\u00ean t\u1ee5c 2-3 th\u00e1ng<\/span><\/li>\n<li style=\"font-weight: 400;\" aria-level=\"1\"><b style=\"font-size: 14.4px;\">H\u1ea1n d\u00f9ng: <\/b><span style=\"font-weight: 400;\">3 n\u0103m k\u1ec3 t\u1eeb ng\u00e0y s\u1ea3n xu\u1ea5t<\/span><\/li>\n<\/ul>\n<\/li>\n<\/ul>\n","protected":false},"featured_media":3544,"comment_status":"open","ping_status":"closed","template":"","meta":[],"product_cat":[15,64,30,52],"product_tag":[],"_links":{"self":[{"href":"https:\/\/ngaviet.com\/vi\/wp-json\/wp\/v2\/product\/2686"}],"collection":[{"href":"https:\/\/ngaviet.com\/vi\/wp-json\/wp\/v2\/product"}],"about":[{"href":"https:\/\/ngaviet.com\/vi\/wp-json\/wp\/v2\/types\/product"}],"replies":[{"embeddable":true,"href":"https:\/\/ngaviet.com\/vi\/wp-json\/wp\/v2\/comments?post=2686"}],"wp:featuredmedia":[{"embeddable":true,"href":"https:\/\/ngaviet.com\/vi\/wp-json\/wp\/v2\/media\/3544"}],"wp:attachment":[{"href":"https:\/\/ngaviet.com\/vi\/wp-json\/wp\/v2\/media?parent=2686"}],"wp:term":[{"taxonomy":"product_cat","embeddable":true,"href":"https:\/\/ngaviet.com\/vi\/wp-json\/wp\/v2\/product_cat?post=2686"},{"taxonomy":"product_tag","embeddable":true,"href":"https:\/\/ngaviet.com\/vi\/wp-json\/wp\/v2\/product_tag?post=2686"}],"curies":[{"name":"wp","href":"https:\/\/api.w.org\/{rel}","templated":true}]}}