{"id":269,"date":"2021-10-15T22:40:04","date_gmt":"2021-10-15T15:40:04","guid":{"rendered":"https:\/\/ngaviet.com\/?post_type=product&#038;p=269"},"modified":"2022-11-09T13:35:37","modified_gmt":"2022-11-09T06:35:37","slug":"dau-goi-thao-duoc-den-toc-tosmedy","status":"publish","type":"product","link":"https:\/\/ngaviet.com\/vi\/dau-goi-thao-duoc-den-toc-tosmedy\/","title":{"rendered":"D\u1ea7u g\u1ed9i th\u1ea3o d\u01b0\u1ee3c \u0111en t\u00f3c Tosmedy"},"content":{"rendered":"<p><span style=\"font-weight: 400;\"><div id=\"ez-toc-container\" class=\"ez-toc-v2_0_58 counter-hierarchy ez-toc-counter ez-toc-light-blue ez-toc-container-direction\">\n<div class=\"ez-toc-title-container\">\n<p class=\"ez-toc-title \" >M\u1ee5c l\u1ee5c<\/p>\n<span class=\"ez-toc-title-toggle\"><a href=\"#\" class=\"ez-toc-pull-right ez-toc-btn ez-toc-btn-xs ez-toc-btn-default ez-toc-toggle\" aria-label=\"Toggle Table of Content\" role=\"button\"><label for=\"item-69fe262ca6051\" ><span class=\"\"><span class=\"eztoc-hide\" style=\"display:none;\">Toggle<\/span><span class=\"ez-toc-icon-toggle-span\"><svg style=\"fill: #999;color:#999\" xmlns=\"http:\/\/www.w3.org\/2000\/svg\" class=\"list-377408\" width=\"20px\" height=\"20px\" viewBox=\"0 0 24 24\" fill=\"none\"><path d=\"M6 6H4v2h2V6zm14 0H8v2h12V6zM4 11h2v2H4v-2zm16 0H8v2h12v-2zM4 16h2v2H4v-2zm16 0H8v2h12v-2z\" fill=\"currentColor\"><\/path><\/svg><svg style=\"fill: #999;color:#999\" class=\"arrow-unsorted-368013\" xmlns=\"http:\/\/www.w3.org\/2000\/svg\" width=\"10px\" height=\"10px\" viewBox=\"0 0 24 24\" version=\"1.2\" baseProfile=\"tiny\"><path d=\"M18.2 9.3l-6.2-6.3-6.2 6.3c-.2.2-.3.4-.3.7s.1.5.3.7c.2.2.4.3.7.3h11c.3 0 .5-.1.7-.3.2-.2.3-.5.3-.7s-.1-.5-.3-.7zM5.8 14.7l6.2 6.3 6.2-6.3c.2-.2.3-.5.3-.7s-.1-.5-.3-.7c-.2-.2-.4-.3-.7-.3h-11c-.3 0-.5.1-.7.3-.2.2-.3.5-.3.7s.1.5.3.7z\"\/><\/svg><\/span><\/span><\/label><input aria-label=\"Toggle\" aria-label=\"item-69fe262ca6051\"  type=\"checkbox\" id=\"item-69fe262ca6051\"><\/a><\/span><\/div>\n<nav><ul class='ez-toc-list ez-toc-list-level-1 eztoc-toggle-hide-by-default' ><li class='ez-toc-page-1 ez-toc-heading-level-2'><a class=\"ez-toc-link ez-toc-heading-1\" href=\"https:\/\/ngaviet.com\/vi\/dau-goi-thao-duoc-den-toc-tosmedy\/#Thong_tin_ve_dau_goi_thao_duoc_Tosmedy\" title=\"Th\u00f4ng tin v\u1ec1 d\u1ea7u g\u1ed9i th\u1ea3o d\u01b0\u1ee3c Tosmedy\">Th\u00f4ng tin v\u1ec1 d\u1ea7u g\u1ed9i th\u1ea3o d\u01b0\u1ee3c Tosmedy<\/a><\/li><li class='ez-toc-page-1 ez-toc-heading-level-2'><a class=\"ez-toc-link ez-toc-heading-2\" href=\"https:\/\/ngaviet.com\/vi\/dau-goi-thao-duoc-den-toc-tosmedy\/#Thanh_phan_co_trong_dau_goi_Tosmedy\" title=\"Th\u00e0nh ph\u1ea7n c\u00f3 trong d\u1ea7u g\u1ed9i Tosmedy\">Th\u00e0nh ph\u1ea7n c\u00f3 trong d\u1ea7u g\u1ed9i Tosmedy<\/a><\/li><li class='ez-toc-page-1 ez-toc-heading-level-2'><a class=\"ez-toc-link ez-toc-heading-3\" href=\"https:\/\/ngaviet.com\/vi\/dau-goi-thao-duoc-den-toc-tosmedy\/#Cong_dung_dau_goi_thao_duoc_Tosmedy\" title=\"C\u00f4ng d\u1ee5ng d\u1ea7u g\u1ed9i th\u1ea3o d\u01b0\u1ee3c Tosmedy\u00a0\">C\u00f4ng d\u1ee5ng d\u1ea7u g\u1ed9i th\u1ea3o d\u01b0\u1ee3c Tosmedy\u00a0<\/a><\/li><li class='ez-toc-page-1 ez-toc-heading-level-2'><a class=\"ez-toc-link ez-toc-heading-4\" href=\"https:\/\/ngaviet.com\/vi\/dau-goi-thao-duoc-den-toc-tosmedy\/#Cach_su_dung_dau_goi_den_toc_Tosmedy\" title=\"C\u00e1ch s\u1eed d\u1ee5ng d\u1ea7u g\u1ed9i \u0111en t\u00f3c Tosmedy\">C\u00e1ch s\u1eed d\u1ee5ng d\u1ea7u g\u1ed9i \u0111en t\u00f3c Tosmedy<\/a><\/li><li class='ez-toc-page-1 ez-toc-heading-level-2'><a class=\"ez-toc-link ez-toc-heading-5\" href=\"https:\/\/ngaviet.com\/vi\/dau-goi-thao-duoc-den-toc-tosmedy\/#Mot_so_luu_y_khi_su_dung_dau_goi_thao_duoc_Tosmedy\" title=\"M\u1ed9t s\u1ed1 l\u01b0u \u00fd khi s\u1eed d\u1ee5ng d\u1ea7u g\u1ed9i th\u1ea3o d\u01b0\u1ee3c Tosmedy\">M\u1ed9t s\u1ed1 l\u01b0u \u00fd khi s\u1eed d\u1ee5ng d\u1ea7u g\u1ed9i th\u1ea3o d\u01b0\u1ee3c Tosmedy<\/a><\/li><\/ul><\/nav><\/div>\n<\/span><\/p>\n<h2><span class=\"ez-toc-section\" id=\"Thong_tin_ve_dau_goi_thao_duoc_Tosmedy\"><\/span><b>Th\u00f4ng tin v\u1ec1 d\u1ea7u g\u1ed9i th\u1ea3o d\u01b0\u1ee3c Tosmedy<\/b><span class=\"ez-toc-section-end\"><\/span><\/h2>\n<p><span style=\"font-weight: 400;\">D\u1ea7u g\u1ed9i th\u1ea3o d\u01b0\u1ee3c \u0111en t\u00f3c TOSMEDY \u0111\u01b0\u1ee3c chi\u1ebft xu\u1ea5t ho\u00e0n to\u00e0n t\u1eeb c\u00e1c th\u00e0nh ph\u1ea7n th\u1ea3o d\u01b0\u1ee3c thi\u00ean nhi\u00ean nh\u01b0: nh\u00e2n s\u00e2m, v\u1eebng \u0111en, ng\u0169 b\u1ed9 t\u1eed, tr\u1eafc b\u00e1ch di\u1ec7p, <span style=\"color: #282828;\"><a style=\"color: #282828;\" href=\"https:\/\/www.vinmec.com\/vi\/tin-tuc\/thong-tin-suc-khoe\/dinh-duong\/ha-thu-o-do-co-tac-dung-gi\/\" rel=\"nofollow noopener\" target=\"_blank\">H\u00e0 th\u1ee7 \u00f4<\/a><\/span>, G\u1eebng,&#8230;c\u00f3 c\u00f4ng d\u1ee5ng l\u00e0m s\u1ea1ch v\u00e0 \u0111en t\u00f3c t\u1ef1 nhi\u00ean, l\u00e0m ch\u1eadm qu\u00e1 tr\u00ecnh l\u00e3o h\u00f3a c\u1ee7a t\u00f3c, gi\u00fap t\u00f3c ch\u1eafc kh\u1ecfe, b\u00f3ng \u0111\u1eb9p.<\/span><\/p>\n<p><span style=\"font-weight: 400;\">D\u1ea7u g\u1ed9i Tosmedy kh\u00f4ng ph\u1ea3i l\u00e0 thu\u1ed1c nhu\u1ed9m n\u00ean s\u1ebd kh\u00f4ng g\u00e2y \u0111en da \u0111\u1ea7u, kh\u00f4ng \u00e1m m\u00f9i h\u00f3a ch\u1ea5t kh\u00f3 ch\u1ecbu, g\u1ed9i v\u00e0 x\u1ea3 nh\u01b0 c\u00e1c lo\u1ea1i d\u1ea7u g\u1ed9i th\u00f4ng th\u01b0\u1eddng. S\u1ea3n ph\u1ea9m s\u1ebd mang l\u1ea1i cho ng\u01b0\u1eddi d\u00f9ng c\u1ea3m gi\u00e1c tho\u1ea3i m\u00e1i, d\u1ec5 ch\u1ecbu nh\u1edd m\u00f9i th\u01a1m thoang tho\u1ea3ng nh\u1eb9 nh\u00e0ng t\u1eeb nh\u00e2n s\u00e2m.<\/span><\/p>\n<h2><span class=\"ez-toc-section\" id=\"Thanh_phan_co_trong_dau_goi_Tosmedy\"><\/span><b>Th\u00e0nh ph\u1ea7n c\u00f3 trong d\u1ea7u g\u1ed9i Tosmedy<\/b><span class=\"ez-toc-section-end\"><\/span><\/h2>\n<p><span style=\"font-weight: 400;\">D\u1ecbch chi\u1ebft Nh\u00e2n s\u00e2m, V\u1eebng \u0111en, Ng\u0169 b\u1ed9 t\u1eed, Tr\u1eafc b\u00e1ch di\u1ec7p, H\u00e0 th\u1ee7 \u00f4, G\u1eebng, C.A.B, AES, Ascorbic, D\u1ea7u Hydrogenated Jojoba,..\u00a0<\/span><\/p>\n<h2><span class=\"ez-toc-section\" id=\"Cong_dung_dau_goi_thao_duoc_Tosmedy\"><\/span><b>C\u00f4ng d\u1ee5ng d\u1ea7u g\u1ed9i th\u1ea3o d\u01b0\u1ee3c Tosmedy\u00a0<\/b><span class=\"ez-toc-section-end\"><\/span><\/h2>\n<ul>\n<li style=\"font-weight: 400;\" aria-level=\"1\"><span style=\"font-weight: 400;\">Gi\u00fap t\u00f3c \u0111en m\u01b0\u1ee3t m\u00e0 t\u1ef1 nhi\u00ean, b\u00f3ng \u0111\u1eb9p, kh\u1ecfe t\u00f3c<\/span><\/li>\n<li style=\"font-weight: 400;\" aria-level=\"1\"><span style=\"font-weight: 400;\">L\u00e0m s\u1ea1ch t\u00f3c v\u00e0 da \u0111\u1ea7u<\/span><\/li>\n<li style=\"font-weight: 400;\" aria-level=\"1\"><span style=\"font-weight: 400;\">D\u01b0\u1ee1ng t\u00f3c v\u00e0 ph\u1ee5c h\u1ed3i t\u00f3c, l\u01b0u gi\u1eef h\u01b0\u01a1ng th\u01a1m l\u00e2u<\/span><\/li>\n<\/ul>\n<p><b>Nh\u00e2n s\u00e2m<\/b><span style=\"font-weight: 400;\">: ch\u1ee9a c\u00e1c d\u01b0\u1ee1ng ch\u1ea5t gi\u00fap nu\u00f4i d\u01b0\u1ee1ng t\u00f3c b\u00f3ng \u0111\u1eb9p, ch\u1eafc kh\u1ecfe, ng\u0103n ch\u1eb7n t\u00ecnh tr\u1ea1ng r\u1ee5ng t\u00f3c.<\/span><\/p>\n<p><b>V\u1eebng \u0111en, H\u00e0 Th\u1ee7 \u00d4<\/b><span style=\"font-weight: 400;\">: 2 th\u00e0nh ph\u1ea7n n\u00e0y t\u1eeb l\u00e2u \u0111\u00e3 \u0111\u01b0\u1ee3c d\u00e2n gian truy\u1ec1n tai nhau v\u1ec1 c\u00e1c b\u00e0i thu\u1ed1c ch\u1eefa t\u00f3c kh\u00f4 x\u01a1 nh\u1edd c\u00e1c th\u00e0nh ph\u1ea7n c\u00f3 c\u00f4ng d\u1ee5ng l\u00e0m \u0111en t\u00f3c, l\u00e0m ch\u1eadm qu\u00e1 tr\u00ecnh l\u00e3o h\u00f3a cho t\u00f3c, gi\u00fap t\u00f3c ch\u1eafc kh\u1ecfe, b\u00f3ng m\u01b0\u1ee3t.<\/span><\/p>\n<h2><span class=\"ez-toc-section\" id=\"Cach_su_dung_dau_goi_den_toc_Tosmedy\"><\/span><b>C\u00e1ch s\u1eed d\u1ee5ng d\u1ea7u g\u1ed9i \u0111en t\u00f3c Tosmedy<\/b><span class=\"ez-toc-section-end\"><\/span><\/h2>\n<ul>\n<li style=\"font-weight: 400;\" aria-level=\"1\"><span style=\"font-weight: 400;\">B\u01b0\u1edbc 1: \u0110\u1ec3 t\u00f3c kh\u00f4, \u0111eo g\u0103ng tay v\u00e0 c\u1eaft h\u1ebft g\u00f3i k\u00e9p s\u1ed1 1 (d\u1ea7u g\u1ed9i) tr\u1ed9n \u0111\u1ec1u<\/span><\/li>\n<li style=\"font-weight: 400;\" aria-level=\"1\"><span style=\"font-weight: 400;\">B\u01b0\u1edbc 2: Cho d\u1ea7u g\u1ed9i (\u0111\u00e3 tr\u1ed9n \u0111\u1ec1u) l\u00ean \u0111\u1ea7u v\u00e0 xoa \u0111\u1ec1u nh\u01b0 d\u1ea7u g\u1ed9i th\u00f4ng th\u01b0\u1eddng. Xoa \u0111\u1ebfn khi t\u00f3c tr\u1eafng chuy\u1ec3n sang \u0111en (th\u1eddi gian l\u00ean m\u00e0u t\u00f9y thu\u1ed9c v\u00e0o t\u1eebng ch\u1ea5t t\u00f3c c\u00f3 th\u1ec3 t\u1eeb 10-30 ph\u00fat) \u0111\u1ec3 th\u00eam 5-10 ph\u00fat n\u1eefa<\/span><\/li>\n<li style=\"font-weight: 400;\" aria-level=\"1\"><span style=\"font-weight: 400;\">B\u01b0\u1edbc 4: X\u1ea3 l\u1ea1i b\u1eb1ng n\u01b0\u1edbc s\u1ea1ch<\/span><\/li>\n<li style=\"font-weight: 400;\" aria-level=\"1\"><span style=\"font-weight: 400;\">B\u01b0\u1edbc 5: C\u1eaft g\u00f3i s\u1ed1 2 (d\u1ea7u x\u1ea3) massage \u0111\u1ec1u l\u00ean t\u00f3c\u00a0<\/span><\/li>\n<li style=\"font-weight: 400;\" aria-level=\"1\"><span style=\"font-weight: 400;\">B\u01b0\u1edbc 5. X\u1ea3 l\u1ea1i b\u1eb1ng n\u01b0\u1edbc s\u1ea1ch \u0111\u1ec3 c\u00f3 \u0111\u01b0\u1ee3c m\u00e1i t\u00f3c \u0111en m\u01b0\u1ee3t t\u1ef1 nhi\u00ean.<\/span><\/li>\n<\/ul>\n<h2><span class=\"ez-toc-section\" id=\"Mot_so_luu_y_khi_su_dung_dau_goi_thao_duoc_Tosmedy\"><\/span><b>M\u1ed9t s\u1ed1 l\u01b0u \u00fd khi s\u1eed d\u1ee5ng d\u1ea7u g\u1ed9i th\u1ea3o d\u01b0\u1ee3c Tosmedy<\/b><span class=\"ez-toc-section-end\"><\/span><\/h2>\n<ul>\n<li style=\"font-weight: 400;\" aria-level=\"1\"><span style=\"font-weight: 400;\">\u0110\u1ecdc k\u1ef9 h\u01b0\u1edbng d\u1eabn s\u1eed d\u1ee5ng tr\u01b0\u1edbc khi d\u00f9ng<\/span><\/li>\n<li style=\"font-weight: 400;\" aria-level=\"1\"><span style=\"font-weight: 400;\">Kh\u00f4ng d\u00f9ng cho nh\u1eefng ng\u01b0\u1eddi b\u1ecb n\u1ea5m da \u0111\u1ea7u, da \u0111\u1ea7u b\u1ecb t\u1ed5n th\u01b0\u01a1ng, tr\u1ea7y x\u01b0\u1edbc<\/span><\/li>\n<li style=\"font-weight: 400;\" aria-level=\"1\"><span style=\"font-weight: 400;\">Nh\u1eefng ng\u01b0\u1eddi c\u00f3 c\u01a1 \u0111\u1ecba th\u01b0\u1eddng xuy\u00ean b\u1ecb d\u1ecb \u1ee9ng c\u1ea7n \u0111\u01b0\u1ee3c t\u01b0 v\u1ea5n tr\u01b0\u1edbc khi d\u00f9ng ho\u1eb7c khuy\u1ebfn c\u00e1o kh\u00f4ng n\u00ean d\u00f9ng<\/span><\/li>\n<li style=\"font-weight: 400;\" aria-level=\"1\"><span style=\"font-weight: 400;\">R\u1eeda m\u1eb7t ngay n\u1ebfu s\u1ea3n ph\u1ea9m d\u00ednh v\u00e0o m\u1eaft<\/span><\/li>\n<li style=\"font-weight: 400;\" aria-level=\"1\"><span style=\"font-weight: 400;\">Tr\u00e1nh xa t\u1ea7m tay tr\u1ebb em, kh\u00f4ng d\u00f9ng cho tr\u1ebb d\u01b0\u1edbi 12 tu\u1ed5i.<\/span><\/li>\n<\/ul>\n<p>N\u1ebfu b\u1ea1n quan t\u00e2m v\u1ec1 s\u1ea3n ph\u1ea9m c\u00f3 th\u1ec3 li\u00ean h\u1ec7 \u0111\u1eb7t mua h\u00e0ng t\u1ea1i Nga Vi\u1ec7t Pharma th\u00f4ng qua:<\/p>\n<ul>\n<li><em>Hotline: 0933.248.096<\/em><\/li>\n<li><em>Email:\u00a0<a href=\"mailto:cskh.ngaviet@gmail.com\">cskh.ngaviet@gmail.com<\/a><\/em><\/li>\n<li><em>Zalo OA:\u00a0<a href=\"https:\/\/zalo.me\/2042719656458438425?src=media\" target=\"_blank\" rel=\"noopener\">https:\/\/zalo.me\/2042719656458438425?src=media<\/a><\/em><\/li>\n<li><em>Fanpage Nga Vi\u1ec7t Pharma:\u00a0<a href=\"https:\/\/www.facebook.com\/ngavietpharma\" target=\"_blank\" rel=\"noopener\">https:\/\/www.facebook.com\/ngavietpharma<\/a><\/em><\/li>\n<\/ul>\n","protected":false},"excerpt":{"rendered":"<ul>\n<li style=\"font-weight: 400;\" aria-level=\"1\"><b>C\u00f4ng d\u1ee5ng<\/b><span style=\"font-weight: 400;\">:\u00a0 L\u00e0m \u0111en t\u00f3c t\u1ef1 nhi\u00ean, b\u00f3ng \u0111\u1eb9p, kh\u1ecfe t\u00f3c<\/span><\/li>\n<li style=\"font-weight: 400;\" aria-level=\"1\"><b>Nh\u00e0 s\u1ea3n xu\u1ea5t<\/b><span style=\"font-weight: 400;\">: Mediplantex &#8211; HN<\/span><\/li>\n<li style=\"font-weight: 400;\" aria-level=\"1\"><b>Quy c\u00e1ch<\/b><span style=\"font-weight: 400;\">: H\u1ed9p 1 g\u00f3i d\u1ea7u g\u1ed9i 30ml + 1 g\u00f3i d\u1ea7u x\u1ea3 15ml<\/span><\/li>\n<li style=\"font-weight: 400;\" aria-level=\"1\"><b>C\u00e1ch d\u00f9ng<\/b><span style=\"font-weight: 400;\">: xem chi ti\u1ebft trong ph\u1ea7n n\u1ed9i dung<\/span><\/li>\n<li style=\"font-weight: 400;\" aria-level=\"1\"><b>H\u1ea1n d\u00f9ng: <\/b><span style=\"font-weight: 400;\">3 n\u0103m k\u1ec3 t\u1eeb ng\u00e0y s\u1ea3n xu\u1ea5t<\/span><\/li>\n<\/ul>\n","protected":false},"featured_media":3474,"comment_status":"open","ping_status":"closed","template":"","meta":[],"product_cat":[15,54,64],"product_tag":[],"_links":{"self":[{"href":"https:\/\/ngaviet.com\/vi\/wp-json\/wp\/v2\/product\/269"}],"collection":[{"href":"https:\/\/ngaviet.com\/vi\/wp-json\/wp\/v2\/product"}],"about":[{"href":"https:\/\/ngaviet.com\/vi\/wp-json\/wp\/v2\/types\/product"}],"replies":[{"embeddable":true,"href":"https:\/\/ngaviet.com\/vi\/wp-json\/wp\/v2\/comments?post=269"}],"wp:featuredmedia":[{"embeddable":true,"href":"https:\/\/ngaviet.com\/vi\/wp-json\/wp\/v2\/media\/3474"}],"wp:attachment":[{"href":"https:\/\/ngaviet.com\/vi\/wp-json\/wp\/v2\/media?parent=269"}],"wp:term":[{"taxonomy":"product_cat","embeddable":true,"href":"https:\/\/ngaviet.com\/vi\/wp-json\/wp\/v2\/product_cat?post=269"},{"taxonomy":"product_tag","embeddable":true,"href":"https:\/\/ngaviet.com\/vi\/wp-json\/wp\/v2\/product_tag?post=269"}],"curies":[{"name":"wp","href":"https:\/\/api.w.org\/{rel}","templated":true}]}}