{"id":2691,"date":"2022-10-13T09:53:41","date_gmt":"2022-10-13T02:53:41","guid":{"rendered":"https:\/\/ngaviet.com\/?post_type=product&#038;p=2691"},"modified":"2026-04-28T14:46:27","modified_gmt":"2026-04-28T07:46:27","slug":"vien-uong-sang-mat-dep-da-optonic","status":"publish","type":"product","link":"https:\/\/ngaviet.com\/vi\/vien-uong-sang-mat-dep-da-optonic\/","title":{"rendered":"Vi\u00ean u\u1ed1ng s\u00e1ng m\u1eaft, \u0111\u1eb9p da Optonic"},"content":{"rendered":"<p><span style=\"font-weight: 400;\"><div id=\"ez-toc-container\" class=\"ez-toc-v2_0_58 counter-hierarchy ez-toc-counter ez-toc-light-blue ez-toc-container-direction\">\n<div class=\"ez-toc-title-container\">\n<p class=\"ez-toc-title \" >M\u1ee5c l\u1ee5c<\/p>\n<span class=\"ez-toc-title-toggle\"><a href=\"#\" class=\"ez-toc-pull-right ez-toc-btn ez-toc-btn-xs ez-toc-btn-default ez-toc-toggle\" aria-label=\"Toggle Table of Content\" role=\"button\"><label for=\"item-69f2664f9b30d\" ><span class=\"\"><span class=\"eztoc-hide\" style=\"display:none;\">Toggle<\/span><span class=\"ez-toc-icon-toggle-span\"><svg style=\"fill: #999;color:#999\" xmlns=\"http:\/\/www.w3.org\/2000\/svg\" class=\"list-377408\" width=\"20px\" height=\"20px\" viewBox=\"0 0 24 24\" fill=\"none\"><path d=\"M6 6H4v2h2V6zm14 0H8v2h12V6zM4 11h2v2H4v-2zm16 0H8v2h12v-2zM4 16h2v2H4v-2zm16 0H8v2h12v-2z\" fill=\"currentColor\"><\/path><\/svg><svg style=\"fill: #999;color:#999\" class=\"arrow-unsorted-368013\" xmlns=\"http:\/\/www.w3.org\/2000\/svg\" width=\"10px\" height=\"10px\" viewBox=\"0 0 24 24\" version=\"1.2\" baseProfile=\"tiny\"><path d=\"M18.2 9.3l-6.2-6.3-6.2 6.3c-.2.2-.3.4-.3.7s.1.5.3.7c.2.2.4.3.7.3h11c.3 0 .5-.1.7-.3.2-.2.3-.5.3-.7s-.1-.5-.3-.7zM5.8 14.7l6.2 6.3 6.2-6.3c.2-.2.3-.5.3-.7s-.1-.5-.3-.7c-.2-.2-.4-.3-.7-.3h-11c-.3 0-.5.1-.7.3-.2.2-.3.5-.3.7s.1.5.3.7z\"\/><\/svg><\/span><\/span><\/label><input aria-label=\"Toggle\" aria-label=\"item-69f2664f9b30d\"  type=\"checkbox\" id=\"item-69f2664f9b30d\"><\/a><\/span><\/div>\n<nav><ul class='ez-toc-list ez-toc-list-level-1 eztoc-toggle-hide-by-default' ><li class='ez-toc-page-1 ez-toc-heading-level-2'><a class=\"ez-toc-link ez-toc-heading-1\" href=\"https:\/\/ngaviet.com\/vi\/vien-uong-sang-mat-dep-da-optonic\/#Thong_tin_vien_uong_bo_mat_Optonic\" title=\"Th\u00f4ng tin vi\u00ean u\u1ed1ng b\u1ed5 m\u1eaft Optonic\">Th\u00f4ng tin vi\u00ean u\u1ed1ng b\u1ed5 m\u1eaft Optonic<\/a><\/li><li class='ez-toc-page-1 ez-toc-heading-level-2'><a class=\"ez-toc-link ez-toc-heading-2\" href=\"https:\/\/ngaviet.com\/vi\/vien-uong-sang-mat-dep-da-optonic\/#Thanh_phan_co_trong_Optonic\" title=\"Th\u00e0nh ph\u1ea7n c\u00f3 trong Optonic\">Th\u00e0nh ph\u1ea7n c\u00f3 trong Optonic<\/a><\/li><li class='ez-toc-page-1 ez-toc-heading-level-2'><a class=\"ez-toc-link ez-toc-heading-3\" href=\"https:\/\/ngaviet.com\/vi\/vien-uong-sang-mat-dep-da-optonic\/#Cong_dung\" title=\"C\u00f4ng d\u1ee5ng\">C\u00f4ng d\u1ee5ng<\/a><\/li><li class='ez-toc-page-1 ez-toc-heading-level-2'><a class=\"ez-toc-link ez-toc-heading-4\" href=\"https:\/\/ngaviet.com\/vi\/vien-uong-sang-mat-dep-da-optonic\/#Cach_dung_vien_uong_sang_mat_Optonic\" title=\"C\u00e1ch d\u00f9ng vi\u00ean u\u1ed1ng s\u00e1ng m\u1eaft Optonic\">C\u00e1ch d\u00f9ng vi\u00ean u\u1ed1ng s\u00e1ng m\u1eaft Optonic<\/a><\/li><li class='ez-toc-page-1 ez-toc-heading-level-2'><a class=\"ez-toc-link ez-toc-heading-5\" href=\"https:\/\/ngaviet.com\/vi\/vien-uong-sang-mat-dep-da-optonic\/#Doi_tuong_su_dung\" title=\"\u0110\u1ed1i t\u01b0\u1ee3ng s\u1eed d\u1ee5ng:\">\u0110\u1ed1i t\u01b0\u1ee3ng s\u1eed d\u1ee5ng:<\/a><\/li><\/ul><\/nav><\/div>\n<\/span><\/p>\n<h2><span class=\"ez-toc-section\" id=\"Thong_tin_vien_uong_bo_mat_Optonic\"><\/span><b>Th\u00f4ng tin vi\u00ean u\u1ed1ng b\u1ed5 m\u1eaft Optonic<\/b><span class=\"ez-toc-section-end\"><\/span><\/h2>\n<p><span style=\"font-weight: 400;\">Th\u1ef1c ph\u1ea9m ch\u1ee9c n\u0103ng b\u1ed5 m\u1eaft, \u0111\u1eb9p da Optonic v\u1edbi th\u00e0nh ph\u1ea7n chi\u1ebft xu\u1ea5t t\u1eeb thi\u00ean nhi\u00ean nh\u01b0 d\u1ea7u g\u1ea5c, s\u1eefa ong ch\u00faa, vitamin E c\u00f3 c\u00f4ng d\u1ee5ng h\u1ed7 tr\u1ee3 c\u1ea3i thi\u1ec7n th\u1ecb l\u1ef1c cho m\u1eaft, gi\u1ea3m kh\u00f4 m\u1eaft, m\u1ecfi v\u00e0 m\u1edd m\u1eaft.\u00a0<\/span><\/p>\n<p><span style=\"font-weight: 400;\">B\u00ean c\u1ea1nh \u0111\u00f3, trong m\u1ed7i vi\u00ean Optonic c\u00f2n c\u00f3 ch\u1ee9a vitamin E, s\u1eefa ong ch\u00faa s\u1ebd mang l\u1ea1i cho l\u00e0n da th\u00eam s\u00e1ng \u0111\u1eb9p, m\u1ecbn m\u00e0ng t\u1ef1 nhi\u00ean.<\/span><\/p>\n<h2><span class=\"ez-toc-section\" id=\"Thanh_phan_co_trong_Optonic\"><\/span><b>Th\u00e0nh ph\u1ea7n c\u00f3 trong Optonic<\/b><span class=\"ez-toc-section-end\"><\/span><\/h2>\n<ul>\n<li style=\"font-weight: 400;\" aria-level=\"1\"><span style=\"font-weight: 400;\">D\u1ea7u g\u1ea5c\u2026\u2026\u2026\u2026\u2026\u2026\u2026\u2026\u2026\u2026\u2026\u2026\u2026\u2026\u2026\u2026\u2026\u2026\u2026\u2026\u2026\u2026\u2026.250 mg<\/span><\/li>\n<li style=\"font-weight: 400;\" aria-level=\"1\"><span style=\"font-weight: 400;\">S\u1eefa ong ch\u00faa\u2026\u2026\u2026\u2026\u2026\u2026\u2026\u2026\u2026\u2026\u2026\u2026\u2026\u2026\u2026\u2026\u2026\u2026\u2026\u2026&#8230;20 mg<\/span><\/li>\n<li style=\"font-weight: 400;\" aria-level=\"1\"><span style=\"font-weight: 400;\">Vitamin E\u2026\u2026\u2026\u2026\u2026\u2026\u2026\u2026\u2026\u2026\u2026\u2026\u2026\u2026\u2026\u2026\u2026\u2026\u2026\u2026\u2026\u2026\u202610 IU.<\/span><\/li>\n<\/ul>\n<h2><span class=\"ez-toc-section\" id=\"Cong_dung\"><\/span><b>C\u00f4ng d\u1ee5ng<\/b><span class=\"ez-toc-section-end\"><\/span><\/h2>\n<ul>\n<li style=\"font-weight: 400;\" aria-level=\"1\"><span style=\"font-weight: 400;\">B\u1ed5 sung d\u01b0\u1ee1ng ch\u1ea5t cho da, m\u1eaft, h\u1ed7 tr\u1ee3 c\u1ea3i thi\u1ec7n th\u1ecb l\u1ef1c cho m\u1eaft, gi\u1ea3m kh\u00f4 m\u1eaft, m\u1ecfi m\u1eaft, nh\u00ecn m\u1edd.<\/span><\/li>\n<li style=\"font-weight: 400;\" aria-level=\"1\"><span style=\"font-weight: 400;\">H\u1ed7 tr\u1ee3 l\u00e0m \u0111\u1eb9p da, gi\u00fap da s\u00e1ng \u0111\u1eb9p.<\/span><\/li>\n<\/ul>\n<p><a href=\"https:\/\/medlatec.vn\/tin-tuc\/loi-ich-cua-dau-gac-va-nhung-dieu-can-nho-khi-su-dung-s51-n26468\" rel=\"nofollow noopener\" target=\"_blank\"><b>D\u1ea7u g\u1ea5c<\/b><\/a><span style=\"font-weight: 400;\">: \u0111\u01b0\u1ee3c xem l\u00e0 \u201cth\u1ea7n d\u01b0\u1ee3c c\u1ee7a \u0111\u00f4i m\u1eaft\u201d nh\u1edd trong d\u1ea7u g\u1ea5c c\u00f3 h\u00e0m l\u01b0\u1ee3ng vitamin A cao, g\u1ea5p \u0111\u1ebfn 15 l\u1ea7n so v\u1edbi c\u1ee7 c\u00e0 r\u1ed1t v\u00e0 g\u1ea5p 68 l\u1ea7n so v\u1edbi qu\u1ea3 c\u00e0 chua.<\/span><\/p>\n<p><span style=\"font-weight: 400;\">V\u00e0 theo m\u1ed9t nghi\u00ean c\u1ee9u kh\u00e1c d\u1ea7u g\u1ea5c ch\u1ee9a l\u01b0\u1ee3ng vitamin A g\u1ea5p 1,8 l\u1ea7n so v\u1edbi d\u1ea7u gan c\u00e1 thu.<\/span><\/p>\n<p><a href=\"https:\/\/hellobacsi.com\/an-uong-lanh-manh\/thong-tin-dinh-duong\/tac-dung-cua-sua-ong-chua\/\" rel=\"nofollow noopener\" target=\"_blank\"><b>S\u1eefa ong ch\u00faa<\/b><\/a><span style=\"font-weight: 400;\">: T\u1eeb l\u00e2u s\u1eefa ong ch\u00faa \u0111\u00e3 \u0111\u01b0\u1ee3c bi\u1ebft \u0111\u1ebfn l\u00e0 m\u1ed9t th\u1ef1c ph\u1ea9m v\u00f4 c\u00f9ng b\u1ed5 d\u01b0\u1ee1ng cho s\u1ee9c kh\u1ecfe ng\u01b0\u1eddi s\u1eed d\u1ee5ng. V\u1edbi c\u00f4ng d\u1ee5ng ch\u1ed1ng oxy h\u00f3a, ch\u1ed1ng vi\u00eam hi\u1ec7u qu\u1ea3 gi\u00fap ch\u1eefa l\u00e0nh c\u00e1c v\u1ebft th\u01b0\u01a1ng v\u00e0 ph\u1ee5c h\u1ed3i nh\u1eefng l\u00e0n da b\u1ecb h\u01b0 t\u1ed5n th\u01b0\u01a1ng, \u0111i\u1ec1u tr\u1ecb ch\u1ee9ng kh\u00f4 m\u1eaft nh\u1edd kh\u1ea3 n\u0103ng l\u00e0m t\u0103ng ti\u1ebft n\u01b0\u1edbc m\u1eaft t\u1eeb tuy\u1ebfn l\u1ec7.<\/span><\/p>\n<p><a href=\"https:\/\/www.vinmec.com\/vi\/tin-tuc\/thong-tin-suc-khoe\/cong-dung-cua-vitamin-e\/\" rel=\"nofollow noopener\" target=\"_blank\"><b>Vitamin E<\/b><\/a><span style=\"font-weight: 400;\">: l\u00e0 m\u1ed9t ch\u1ea5t ch\u1ed1ng oxy h\u00f3a m\u1ea1nh gi\u00fap l\u00e0n da m\u1ecbn m\u00e0ng, gi\u1ea3m n\u1ebfp nh\u0103n. Trong c\u01a1 th\u1ec3 vitamin E \u0111\u00f3ng vai tr\u00f2 l\u00e0 ch\u1ea5t kh\u1eed trong chu tr\u00ecnh c\u00e2n b\u1eb1ng oxi ho\u00e1 kh\u1eed c\u1ee7a c\u01a1 th\u1ec3, c\u00f9ng v\u1edbi ascorbic acid (vitamin C) v\u00e0 glutathione.<\/span><\/p>\n<h2><span class=\"ez-toc-section\" id=\"Cach_dung_vien_uong_sang_mat_Optonic\"><\/span><b>C\u00e1ch d\u00f9ng vi\u00ean u\u1ed1ng s\u00e1ng m\u1eaft Optonic<\/b><span class=\"ez-toc-section-end\"><\/span><\/h2>\n<p><span style=\"font-weight: 400;\">Ng\u00e0y u\u1ed1ng 2 l\u1ea7n, 1-2 vi\u00ean\/l\u1ea7n. U\u1ed1ng ngay tr\u01b0\u1edbc ho\u1eb7c sau b\u1eefa \u0103n.<\/span><\/p>\n<h2><span class=\"ez-toc-section\" id=\"Doi_tuong_su_dung\"><\/span><b>\u0110\u1ed1i t\u01b0\u1ee3ng s\u1eed d\u1ee5ng:<\/b><span class=\"ez-toc-section-end\"><\/span><\/h2>\n<ul>\n<li style=\"font-weight: 400;\" aria-level=\"1\"><span style=\"font-weight: 400;\">Ng\u01b0\u1eddi b\u1ecb suy gi\u1ea3m th\u1ecb l\u1ef1c, kh\u00f4 m\u1eaft, m\u1ecfi m\u1eaft, qu\u00e1ng g\u00e0, tho\u00e1i h\u00f3a v\u00f5ng m\u1ea1c m\u1eaft<\/span><\/li>\n<li style=\"font-weight: 400;\" aria-level=\"1\"><span style=\"font-weight: 400;\">Ng\u01b0\u1eddi s\u1ea1m da, n\u1ea5m da, kh\u00f4 da.<\/span><\/li>\n<\/ul>\n<p><b>L\u01b0u \u00fd<\/b><span style=\"font-weight: 400;\">: Kh\u00f4ng d\u00f9ng cho ng\u01b0\u1eddi c\u00f3 m\u1eabn c\u1ea3m v\u1edbi b\u1ea5t k\u1ef3 th\u00e0nh ph\u1ea7n n\u00e0o c\u1ee7a s\u1ea3n ph\u1ea9m.<\/span><\/p>\n<p><b>S\u1ea3n xu\u1ea5t t\u1ea1i<\/b><span style=\"font-weight: 400;\">: C\u00f4ng ty TNHH Th\u1ea3o d\u01b0\u1ee3c Thanh H\u1eb1ng<\/span><\/p>\n<p><span style=\"font-weight: 400;\">\u0110\u1ecba ch\u1ec9: Y\u00ean Vi\u00ean, x\u00e3 V\u00e2n h\u00e0, huy\u1ec7n Vi\u1ec7t Y\u00ean, t\u1ec9nh B\u1eafc Giang<\/span><\/p>\n<p><span style=\"font-weight: 400;\">S\u0110KSP: 9556\/2018\/\u0110KSP<\/span><\/p>\n<p><span style=\"font-weight: 400;\"><img decoding=\"async\" loading=\"lazy\" class=\"wp-image-2861 aligncenter\" src=\"https:\/\/ngaviet.com\/wp-content\/uploads\/2022\/10\/Optonic-1.jpg\" alt=\"vien-uong-bo-mat-optonic\" width=\"502\" height=\"709\" \/><\/span><\/p>\n<p>N\u1ebfu b\u1ea1n quan t\u00e2m v\u1ec1 s\u1ea3n ph\u1ea9m c\u00f3 th\u1ec3 li\u00ean h\u1ec7 \u0111\u1eb7t mua h\u00e0ng th\u00f4ng qua:<\/p>\n<ul>\n<li>Hotline:\u00a0<strong>0933.248.096<\/strong><\/li>\n<li>Email:\u00a0<em><a href=\"mailto:cskh.ngaviet@gmail.com\">cskh.ngaviet@gmail.com<\/a><\/em><\/li>\n<li>Zalo OA:\u00a0<em><a href=\"https:\/\/zalo.me\/2042719656458438425?src=media\" target=\"_blank\" rel=\"noopener\">https:\/\/zalo.me\/2042719656458438425?src=media<\/a><\/em><\/li>\n<li>Fanpage Nga Vi\u1ec7t Pharma:\u00a0<em><a href=\"https:\/\/www.facebook.com\/ngavietpharma\" target=\"_blank\" rel=\"noopener\">https:\/\/www.facebook.com\/ngavietpharma<\/a><\/em><\/li>\n<\/ul>\n","protected":false},"excerpt":{"rendered":"<ul>\n<li style=\"font-weight: 400;\" aria-level=\"1\"><b>C\u00f4ng d\u1ee5ng<\/b><span style=\"font-weight: 400;\">:\u00a0 \u0110\u1eb9p da, s\u00e1ng m\u1eaft, b\u1ed3i b\u1ed5 c\u01a1 th\u1ec3, ch\u1ed1ng l\u00e3o h\u00f3a<\/span><\/li>\n<li style=\"font-weight: 400;\" aria-level=\"1\"><b>Nh\u00e0 s\u1ea3n xu\u1ea5t<\/b><span style=\"font-weight: 400;\">:\u00a0 Thanh H\u1eb1ng &#8211; VN<\/span><\/li>\n<li style=\"font-weight: 400;\" aria-level=\"1\"><b>Quy c\u00e1ch<\/b><span style=\"font-weight: 400;\">:\u00a0 H\u1ed9p 60 vi\u00ean nang m\u1ec1m (6 v\u1ec9 x 10 vi\u00ean). Th\u00f9ng 110 h\u1ed9p<\/span><\/li>\n<li style=\"font-weight: 400;\" aria-level=\"1\"><b>C\u00e1ch d\u00f9ng<\/b><span style=\"font-weight: 400;\">: Ng\u00e0y u\u1ed1ng 2 l\u1ea7n, 1-2 vi\u00ean\/l\u1ea7n. <\/span><span style=\"font-weight: 400;\">U\u1ed1ng ngay tr\u01b0\u1edbc ho\u1eb7c sau b\u1eefa \u0103n<\/span><\/li>\n<li style=\"font-weight: 400;\" aria-level=\"1\"><b>H\u1ea1n d\u00f9ng: <\/b><span style=\"font-weight: 400;\">3 n\u0103m k\u1ec3 t\u1eeb ng\u00e0y s\u1ea3n xu\u1ea5t<\/span><\/li>\n<\/ul>\n","protected":false},"featured_media":3514,"comment_status":"open","ping_status":"closed","template":"","meta":[],"product_cat":[15,59,54,30],"product_tag":[],"_links":{"self":[{"href":"https:\/\/ngaviet.com\/vi\/wp-json\/wp\/v2\/product\/2691"}],"collection":[{"href":"https:\/\/ngaviet.com\/vi\/wp-json\/wp\/v2\/product"}],"about":[{"href":"https:\/\/ngaviet.com\/vi\/wp-json\/wp\/v2\/types\/product"}],"replies":[{"embeddable":true,"href":"https:\/\/ngaviet.com\/vi\/wp-json\/wp\/v2\/comments?post=2691"}],"wp:featuredmedia":[{"embeddable":true,"href":"https:\/\/ngaviet.com\/vi\/wp-json\/wp\/v2\/media\/3514"}],"wp:attachment":[{"href":"https:\/\/ngaviet.com\/vi\/wp-json\/wp\/v2\/media?parent=2691"}],"wp:term":[{"taxonomy":"product_cat","embeddable":true,"href":"https:\/\/ngaviet.com\/vi\/wp-json\/wp\/v2\/product_cat?post=2691"},{"taxonomy":"product_tag","embeddable":true,"href":"https:\/\/ngaviet.com\/vi\/wp-json\/wp\/v2\/product_tag?post=2691"}],"curies":[{"name":"wp","href":"https:\/\/api.w.org\/{rel}","templated":true}]}}