{"id":2703,"date":"2022-10-13T10:55:02","date_gmt":"2022-10-13T03:55:02","guid":{"rendered":"https:\/\/ngaviet.com\/?post_type=product&#038;p=2703"},"modified":"2022-10-27T15:29:32","modified_gmt":"2022-10-27T08:29:32","slug":"aq-vita","status":"publish","type":"product","link":"https:\/\/ngaviet.com\/vi\/aq-vita\/","title":{"rendered":"AQ Vita &#8211; Dinh d\u01b0\u1ee1ng to\u00e0n di\u1ec7n cho ph\u1ee5 n\u1eef mang thai"},"content":{"rendered":"<div id=\"ez-toc-container\" class=\"ez-toc-v2_0_58 counter-hierarchy ez-toc-counter ez-toc-light-blue ez-toc-container-direction\">\n<div class=\"ez-toc-title-container\">\n<p class=\"ez-toc-title \" >M\u1ee5c l\u1ee5c<\/p>\n<span class=\"ez-toc-title-toggle\"><a href=\"#\" class=\"ez-toc-pull-right ez-toc-btn ez-toc-btn-xs ez-toc-btn-default ez-toc-toggle\" aria-label=\"Toggle Table of Content\" role=\"button\"><label for=\"item-69e89f2c77235\" ><span class=\"\"><span class=\"eztoc-hide\" style=\"display:none;\">Toggle<\/span><span class=\"ez-toc-icon-toggle-span\"><svg style=\"fill: #999;color:#999\" xmlns=\"http:\/\/www.w3.org\/2000\/svg\" class=\"list-377408\" width=\"20px\" height=\"20px\" viewBox=\"0 0 24 24\" fill=\"none\"><path d=\"M6 6H4v2h2V6zm14 0H8v2h12V6zM4 11h2v2H4v-2zm16 0H8v2h12v-2zM4 16h2v2H4v-2zm16 0H8v2h12v-2z\" fill=\"currentColor\"><\/path><\/svg><svg style=\"fill: #999;color:#999\" class=\"arrow-unsorted-368013\" xmlns=\"http:\/\/www.w3.org\/2000\/svg\" width=\"10px\" height=\"10px\" viewBox=\"0 0 24 24\" version=\"1.2\" baseProfile=\"tiny\"><path d=\"M18.2 9.3l-6.2-6.3-6.2 6.3c-.2.2-.3.4-.3.7s.1.5.3.7c.2.2.4.3.7.3h11c.3 0 .5-.1.7-.3.2-.2.3-.5.3-.7s-.1-.5-.3-.7zM5.8 14.7l6.2 6.3 6.2-6.3c.2-.2.3-.5.3-.7s-.1-.5-.3-.7c-.2-.2-.4-.3-.7-.3h-11c-.3 0-.5.1-.7.3-.2.2-.3.5-.3.7s.1.5.3.7z\"\/><\/svg><\/span><\/span><\/label><input aria-label=\"Toggle\" aria-label=\"item-69e89f2c77235\"  type=\"checkbox\" id=\"item-69e89f2c77235\"><\/a><\/span><\/div>\n<nav><ul class='ez-toc-list ez-toc-list-level-1 eztoc-toggle-hide-by-default' ><li class='ez-toc-page-1 ez-toc-heading-level-2'><a class=\"ez-toc-link ez-toc-heading-1\" href=\"https:\/\/ngaviet.com\/vi\/aq-vita\/#Thong_tin_san_pham_AQ_Vita\" title=\"Th\u00f4ng tin s\u1ea3n ph\u1ea9m AQ Vita\">Th\u00f4ng tin s\u1ea3n ph\u1ea9m AQ Vita<\/a><\/li><li class='ez-toc-page-1 ez-toc-heading-level-2'><a class=\"ez-toc-link ez-toc-heading-2\" href=\"https:\/\/ngaviet.com\/vi\/aq-vita\/#Thanh_phan_co_trong_AQ_Vita\" title=\"Th\u00e0nh ph\u1ea7n c\u00f3 trong AQ Vita\">Th\u00e0nh ph\u1ea7n c\u00f3 trong AQ Vita<\/a><\/li><li class='ez-toc-page-1 ez-toc-heading-level-2'><a class=\"ez-toc-link ez-toc-heading-3\" href=\"https:\/\/ngaviet.com\/vi\/aq-vita\/#Cong_dung\" title=\"C\u00f4ng d\u1ee5ng:\">C\u00f4ng d\u1ee5ng:<\/a><\/li><li class='ez-toc-page-1 ez-toc-heading-level-2'><a class=\"ez-toc-link ez-toc-heading-4\" href=\"https:\/\/ngaviet.com\/vi\/aq-vita\/#Cach_dung\" title=\"C\u00e1ch d\u00f9ng\">C\u00e1ch d\u00f9ng<\/a><\/li><li class='ez-toc-page-1 ez-toc-heading-level-2'><a class=\"ez-toc-link ez-toc-heading-5\" href=\"https:\/\/ngaviet.com\/vi\/aq-vita\/#Doi_tuong_su_dung\" title=\"\u0110\u1ed1i t\u01b0\u1ee3ng s\u1eed d\u1ee5ng:\">\u0110\u1ed1i t\u01b0\u1ee3ng s\u1eed d\u1ee5ng:<\/a><\/li><li class='ez-toc-page-1 ez-toc-heading-level-2'><a class=\"ez-toc-link ez-toc-heading-6\" href=\"https:\/\/ngaviet.com\/vi\/aq-vita\/#Thong_tin_them_me_bau_nen_biet\" title=\"Th\u00f4ng tin th\u00eam m\u1eb9 b\u1ea7u n\u00ean bi\u1ebft\">Th\u00f4ng tin th\u00eam m\u1eb9 b\u1ea7u n\u00ean bi\u1ebft<\/a><\/li><\/ul><\/nav><\/div>\n\n<h2><span class=\"ez-toc-section\" id=\"Thong_tin_san_pham_AQ_Vita\"><\/span><b>Th\u00f4ng tin s\u1ea3n ph\u1ea9m AQ Vita<\/b><span class=\"ez-toc-section-end\"><\/span><\/h2>\n<p><span style=\"font-weight: 400;\">AQ Vita l\u00e0 d\u00f2ng th\u1ef1c ph\u1ea9m ch\u1ee9c n\u0103ng b\u1ed5 sung vitamin v\u00e0 kho\u00e1ng ch\u1ea5t cho c\u1ea3 m\u1eb9 v\u00e0 b\u00e9. V\u1edbi c\u00e1c th\u00e0nh ph\u1ea7n l\u00e0nh t\u00ednh, t\u1ed1t cho s\u1ee9c kh\u1ecfe c\u1ee7a b\u00e0 b\u1ea7u nh\u01b0: d\u1ea7u g\u1ea5c, c\u00e1c lo\u1ea1i vitamin B1, B3, B6, B9, B12, vitamin D3, E, d\u1ea7u c\u00e1 (DHA), s\u1eaft fumarat,&#8230;S\u1ea3n ph\u1ea9m kh\u00f4ng ch\u1ec9 t\u1ed1t cho s\u1ee9c kh\u1ecfe c\u1ee7a m\u1eb9 mang thai, gi\u00fap b\u1ed5 sung m\u00e1u, t\u0103ng c\u01b0\u1eddng h\u1ec7 mi\u1ec5n d\u1ecbch, l\u00e0m gi\u1ea3m s\u1ef1 bu\u1ed3n n\u00f4n trong thai k\u1ef3 m\u00e0 c\u00f2n gi\u00fap h\u1ed7 tr\u1ee3 thai nhi tr\u00e1nh c\u00e1c d\u1ecb t\u1eadt b\u1ea9m sinh, sinh non, tr\u1ebb ch\u1eadm ph\u00e1t tri\u1ec3n\u2026.<\/span><\/p>\n<p><span style=\"font-weight: 400;\">AQ Vita ch\u00ednh l\u00e0 gi\u1ea3i ph\u00e1p to\u00e0n di\u1ec7n b\u1ed5 sung s\u1eaft, vitamin cho ph\u1ee5 n\u1eef mang thai. Theo b\u1ed9 Y t\u1ebf \u0111\u00e3 khuy\u1ebfn c\u00e1o, c\u00e1c ch\u1ecb em ph\u1ee5 n\u1eef mang thai n\u00ean b\u1ed5 sung s\u1eaft h\u00e0ng ng\u00e0y v\u00e0 u\u1ed1ng k\u00e9o d\u00e0i \u0111\u1ebfn 1 th\u00e1ng sau khi sinh.<\/span><\/p>\n<h2><span class=\"ez-toc-section\" id=\"Thanh_phan_co_trong_AQ_Vita\"><\/span><b>Th\u00e0nh ph\u1ea7n c\u00f3 trong AQ Vita<\/b><span class=\"ez-toc-section-end\"><\/span><\/h2>\n<p><span style=\"font-weight: 400;\">Fish oil (d\u1ea7u c\u00e1) (DHA 12%, EPA 18%) &#8230;&#8230;&#8230;&#8230;&#8230;&#8230;&#8230;&#8230;&#8230;&#8230;270mg (t\u01b0\u01a1ng \u0111\u01b0\u01a1ng 32mg DHA)<\/span><\/p>\n<p><span style=\"font-weight: 400;\">D\u1ea7u g\u1ea5c &#8230;&#8230;&#8230;&#8230;&#8230;&#8230;&#8230;&#8230;&#8230;&#8230;&#8230;&#8230;&#8230;&#8230;&#8230;&#8230;&#8230;&#8230;&#8230;&#8230;&#8230;&#8230;&#8230;&#8230;&#8230;&#8230;&#8230;&#8230;&#8230;&#8230;200mg<\/span><\/p>\n<p><span style=\"font-weight: 400;\">S\u1eaft fumarat &#8230;&#8230;&#8230;&#8230;&#8230;&#8230;&#8230;&#8230;&#8230;&#8230;&#8230;&#8230;&#8230;&#8230;&#8230;&#8230;&#8230;&#8230;&#8230;&#8230;&#8230;&#8230;&#8230;&#8230;&#8230;&#8230;&#8230;&#8230;60mg<\/span><\/p>\n<p><span style=\"font-weight: 400;\">Zinc gluconat(k\u1ebdm gluconat) &#8230;&#8230;&#8230;&#8230;&#8230;&#8230;&#8230;&#8230;&#8230;&#8230;&#8230;&#8230;&#8230;&#8230;&#8230;&#8230;&#8230;10mg<\/span><\/p>\n<p><span style=\"font-weight: 400;\">Magnesium oxide&#8230;&#8230;&#8230;&#8230;&#8230;&#8230;&#8230;&#8230;&#8230;&#8230;&#8230;&#8230;&#8230;&#8230;&#8230;&#8230;&#8230;&#8230;&#8230;&#8230;&#8230;&#8230;&#8230;&#8230;&#8230;10mg<\/span><\/p>\n<p><span style=\"font-weight: 400;\">Manganese gluconat &#8230;&#8230;&#8230;&#8230;&#8230;&#8230;&#8230;&#8230;&#8230;&#8230;&#8230;&#8230;&#8230;&#8230;&#8230;&#8230;&#8230;&#8230;&#8230;&#8230;&#8230;&#8230;..2mg<\/span><\/p>\n<p><span style=\"font-weight: 400;\">Copper gluconat &#8230;&#8230;&#8230;&#8230;&#8230;&#8230;&#8230;&#8230;&#8230;&#8230;&#8230;&#8230;&#8230;&#8230;&#8230;&#8230;&#8230;&#8230;&#8230;&#8230;&#8230;&#8230;&#8230;&#8230;&#8230;..1mg<\/span><\/p>\n<p><span style=\"font-weight: 400;\">Vitamin B3 (Nicotinamide) &#8230;&#8230;&#8230;&#8230;&#8230;&#8230;&#8230;&#8230;&#8230;&#8230;&#8230;&#8230;&#8230;&#8230;&#8230;&#8230;&#8230;&#8230;&#8230;15mg<\/span><\/p>\n<p><span style=\"font-weight: 400;\">Vitamin B6 (Pyridoxine Hydrochloride)&#8230;&#8230;&#8230;&#8230;&#8230;&#8230;&#8230;&#8230;&#8230;&#8230;&#8230;.10mg<\/span><\/p>\n<p><span style=\"font-weight: 400;\">Vitamin B5 (Calcium pantothenat) &#8230;&#8230;&#8230;&#8230;&#8230;&#8230;&#8230;&#8230;&#8230;&#8230;&#8230;&#8230;&#8230;&#8230;7,5mg<\/span><\/p>\n<p><span style=\"font-weight: 400;\">Vitamin B1 (Thiamin Mononitrate) &#8230;&#8230;&#8230;&#8230;&#8230;&#8230;&#8230;&#8230;&#8230;&#8230;&#8230;&#8230;&#8230;&#8230;3mg<\/span><\/p>\n<p><span style=\"font-weight: 400;\">Acid folic &#8230;&#8230;&#8230;&#8230;&#8230;&#8230;&#8230;&#8230;&#8230;&#8230;&#8230;&#8230;&#8230;&#8230;&#8230;&#8230;&#8230;&#8230;&#8230;&#8230;&#8230;&#8230;&#8230;&#8230;&#8230;&#8230;&#8230;&#8230;&#8230;&#8230;.400mcg<\/span><\/p>\n<p><span style=\"font-weight: 400;\">Vitamin B12 (Cyanocobalamin)&#8230;&#8230;&#8230;&#8230;&#8230;&#8230;&#8230;&#8230;&#8230;&#8230;&#8230;&#8230;&#8230;&#8230;&#8230;&#8230;2,5mcg<\/span><\/p>\n<p><span style=\"font-weight: 400;\">Vitamin D3 (Cholecalciferol)&#8230;&#8230;&#8230;&#8230;&#8230;&#8230;&#8230;&#8230;&#8230;&#8230;&#8230;&#8230;&#8230;&#8230;&#8230;&#8230;&#8230;&#8230;.200 IU<\/span><\/p>\n<p><span style=\"font-weight: 400;\">Vitamin E (DL- Alpha tocopheryl acetat)&#8230;&#8230;&#8230;&#8230;&#8230;&#8230;&#8230;&#8230;&#8230;&#8230;.20IU<\/span><\/p>\n<h2><span class=\"ez-toc-section\" id=\"Cong_dung\"><\/span><b>C\u00f4ng d\u1ee5ng:<\/b><span class=\"ez-toc-section-end\"><\/span><\/h2>\n<ul>\n<li style=\"font-weight: 400;\" aria-level=\"1\"><span style=\"font-weight: 400;\">B\u1ed5 sung s\u1eaft, vitamin, kho\u00e1ng ch\u1ea5t c\u1ea7n thi\u1ebft cho c\u01a1 th\u1ec3, h\u1ed7 tr\u1ee3 gi\u1ea3m t\u00ecnh tr\u1ea1ng thi\u1ebfu m\u00e1u do thi\u1ebfu s\u1eaft, gi\u00fap t\u0103ng c\u01b0\u1eddng s\u1ee9c kh\u1ecfe, n\u00e2ng cao s\u1ee9c \u0111\u1ec1 kh\u00e1ng.<\/span><\/li>\n<\/ul>\n<h2><span class=\"ez-toc-section\" id=\"Cach_dung\"><\/span><b>C\u00e1ch d\u00f9ng<\/b><span class=\"ez-toc-section-end\"><\/span><\/h2>\n<p><span style=\"font-weight: 400;\">U\u1ed1ng 1 vi\u00ean\/l\u1ea7n\/ng\u00e0y, ngay tr\u01b0\u1edbc b\u1eefa \u0103n.<\/span><\/p>\n<p><b>Ch\u00fa \u00fd<\/b><span style=\"font-weight: 400;\">:\u00a0<\/span><\/p>\n<ul>\n<li style=\"font-weight: 400;\" aria-level=\"1\"><span style=\"font-weight: 400;\">Th\u1ef1c ph\u1ea9m n\u00e0y kh\u00f4ng ph\u1ea3i l\u00e0 thu\u1ed1c, kh\u00f4ng c\u00f3 t\u00e1c d\u1ee5ng thay th\u1ebf thu\u1ed1c ch\u1eefa b\u1ec7nh.<\/span><\/li>\n<li style=\"font-weight: 400;\" aria-level=\"1\"><span style=\"font-weight: 400;\">Kh\u00f4ng s\u1eed d\u1ee5ng n\u1ebfu m\u1eabn c\u1ea3m v\u1edbi b\u1ea5t k\u1ef3 th\u00e0nh ph\u1ea7n n\u00e0o c\u1ee7a s\u1ea3n ph\u1ea9m.<\/span><\/li>\n<\/ul>\n<h2><span class=\"ez-toc-section\" id=\"Doi_tuong_su_dung\"><\/span><b>\u0110\u1ed1i t\u01b0\u1ee3ng s\u1eed d\u1ee5ng:<\/b><span class=\"ez-toc-section-end\"><\/span><\/h2>\n<p><span style=\"font-weight: 400;\">&#8211; D\u00f9ng cho ph\u1ee5 n\u1eef chu\u1ea9n b\u1ecb mang thai, \u0111ang mang thai v\u00e0 cho con b\u00fa<\/span><\/p>\n<p><span style=\"font-weight: 400;\">&#8211; Ng\u01b0\u1eddi thi\u1ebfu m\u00e1u do thi\u1ebfu s\u1eaft, suy nh\u01b0\u1ee3c c\u01a1 th\u1ec3, m\u1ec7t m\u1ecfi, m\u1edbi \u1ed1m d\u1eady, \u0111ang trong th\u1eddi k\u1ef3 d\u01b0\u1ee1ng b\u1ec7nh, ng\u01b0\u1eddi c\u00f3 nhu c\u1ea7u b\u1ed5 sung vitamin v\u00e0 kho\u00e1ng ch\u1ea5t<\/span><\/p>\n<p><b>S\u1ea3n xu\u1ea5t t\u1ea1i<\/b><span style=\"font-weight: 400;\">: C\u00f4ng ty d\u01b0\u1ee3c ph\u1ea9m v\u00e0 th\u01b0\u01a1ng m\u1ea1i Ph\u01b0\u01a1ng \u0110\u00f4ng (TNHH)<\/span><\/p>\n<p><b>\u0110\u1ecba ch\u1ec9<\/b><span style=\"font-weight: 400;\">: C\u1ee5m CN H\u1ea1p L\u0129nh &#8211; Ph\u01b0\u1eddng H\u1ea1p L\u0129nh &#8211; Th\u00e0nh ph\u1ed1 B\u1eafc Ninh &#8211; T\u1ec9nh B\u1eafc Ninh<\/span><\/p>\n<p><span style=\"font-weight: 400;\">Ph\u00e2n ph\u1ed1i b\u1edfi C\u00f4ng ty TNHH Th\u01b0\u01a1ng M\u1ea1i Nga Vi\u1ec7t<\/span><\/p>\n<p><span style=\"font-weight: 400;\">\u0110\u1ecba ch\u1ec9: 644\/2 \u0111\u01b0\u1eddng 3\/2, ph\u01b0\u1eddng 14, qu\u1eadn 10<\/span><\/p>\n<p><span style=\"font-weight: 400;\">S\u1ea3n ph\u1ea9m \u0111\u01b0\u1ee3c c\u1ea5p gi\u1ea5y c\u00f4ng b\u1ed1 c\u1ee7a B\u1ed9 Y t\u1ebf C\u1ee5c An to\u00e0n v\u1ec7 sinh Th\u1ef1c ph\u1ea9m Vi\u1ec7t Nam t\u1ea1i S\u1ed1: 13394\/2019\/\u0110KSP<\/span><\/p>\n<p><img decoding=\"async\" loading=\"lazy\" class=\"wp-image-2709 aligncenter\" src=\"https:\/\/ngaviet.com\/wp-content\/uploads\/2022\/10\/AQ-vita-2.jpg\" alt=\"\" width=\"445\" height=\"1195\" \/><\/p>\n<h2><span class=\"ez-toc-section\" id=\"Thong_tin_them_me_bau_nen_biet\"><\/span><b>Th\u00f4ng tin th\u00eam m\u1eb9 b\u1ea7u n\u00ean bi\u1ebft<\/b><span class=\"ez-toc-section-end\"><\/span><\/h2>\n<ul>\n<li><span style=\"color: #282828;\"><a style=\"color: #282828;\" href=\"https:\/\/www.dienmayxanh.com\/vao-bep\/tac-dung-cua-dau-gac-mua-dau-gac-o-dau-the-nao-de-uong-dau-08051\" rel=\"nofollow noopener\" target=\"_blank\"><b>D\u1ea7u g\u1ea5c<\/b><\/a><\/span><span style=\"font-weight: 400;\">: c\u00f3 ch\u1ee9a Vitamin A, Omega 9, Omega 6, vitamin E c\u00f9ng c\u00e1c nguy\u00ean t\u1ed1 vi l\u01b0\u1ee3ng nh\u01b0 k\u1ebdm, s\u1eaft, coban, selen,&#8230;gi\u00fap b\u1ed3i d\u01b0\u1ee1ng c\u01a1 th\u1ec3 tr\u1ebb em, ph\u1ee5 n\u1eef c\u00f3 thai, ch\u1eefa kh\u00f4 m\u1eaft, qu\u00e1ng g\u00e0, ch\u1ed1ng cao huy\u1ebft \u00e1p, r\u1ed1i lo\u1ea1n th\u1ea7n kinh,&#8230;<\/span><\/li>\n<li><b>D\u1ea7u c\u00e1<\/b><span style=\"font-weight: 400;\">: ch\u1ee9a acid b\u00e9o omega-3 (<span style=\"color: #282828;\"><a style=\"color: #282828;\" href=\"https:\/\/www.vinmec.com\/vi\/tin-tuc\/thong-tin-suc-khoe\/dha-la-gi-huong-dan-cach-bo-sung-dha-cho-me-va-be\/\" rel=\"nofollow noopener\" target=\"_blank\">DHA<\/a><\/span>, EPA): DHA \u0111\u00f3ng m\u1ed9t vai tr\u00f2 quan tr\u1ecdng trong vi\u1ec7c ph\u00e1t tri\u1ec3n ch\u1ee9c n\u0103ng n\u00e3o \u1edf b\u00e0o thai, tr\u1ebb em, gi\u00fap k\u00ecm h\u00e3m s\u1ef1 l\u00e3o h\u00f3a n\u00e3o, ng\u0103n ng\u1eeba s\u1ef1 suy gi\u1ea3m tr\u00ed nh\u1edb, g\u00f3p ph\u1ea7n x\u00e2y d\u1ef1ng m\u00f4 v\u00e0 t\u1ebf b\u00e0o thai nhi, c\u00f3 th\u1ec3 gi\u00fap cho t\u0103ng tr\u1ecdng l\u01b0\u1ee3ng trong qu\u00e1 tr\u00ecnh mang thai.<\/span><\/li>\n<li aria-level=\"1\"><b>S\u1eaft:<\/b><span style=\"font-weight: 400;\"> l\u00e0 ch\u1ea5t kho\u00e1ng quan tr\u1ecdng trong giai \u0111o\u1ea1n t\u0103ng tr\u01b0\u1edfng nhanh nh\u01b0 l\u00fac mang thai v\u00ec trong giai \u0111o\u1ea1n n\u00e0y c\u00f3 s\u1ef1 t\u0103ng c\u1ea3 tr\u1ecdng l\u01b0\u1ee3ng v\u00e0 th\u1ec3 t\u00edch m\u00e1u. C\u1ea3 m\u1eb9 v\u00e0 thai nhi \u0111\u1ec1u \u0111\u00f2i h\u1ecfi cung c\u1ea5p th\u00eam s\u1eaft \u0111\u1ec3 t\u1ea1o c\u00e1c h\u1ee3p ch\u1ea5t ch\u1ee9a s\u1eaft c\u1ea7n thi\u1ebft cho c\u01a1 th\u1ec3 \u0111\u1eb7c bi\u1ec7t l\u00e0 hemoglobin \u1edf h\u1ed3ng c\u1ea7u v\u00e0 myglobin \u1edf m\u00f4 c\u01a1.<\/span><\/li>\n<\/ul>\n<ul>\n<li style=\"font-weight: 400;\" aria-level=\"1\"><b>Vitamin D3<\/b><span style=\"font-weight: 400;\">: k\u00edch th\u00edch s\u1ef1 kho\u00e1ng h\u00f3a c\u1ee7a x\u01b0\u01a1ng, gi\u00fap cho c\u01a1 th\u1ec3 c\u00f3 th\u1ec3 h\u1ea5p thu c\u00e1c kho\u00e1ng ch\u1ea5t nh\u01b0 Calci, Phospho v\u00e0o c\u01a1 th\u1ec3. N\u1ebfu thi\u1ebfu vitamin D \u0111\u1eb7c bi\u1ec7t l\u00e0 vitamin D3 (\u0111\u01b0\u1ee3c t\u1ed5ng h\u1ee3p t\u1eeb d\u01b0\u1edbi da qua \u00e1nh s\u00e1ng), l\u01b0\u1ee3ng Calci \u0111\u01b0a v\u00e0o c\u01a1 th\u1ec3 t\u1eeb th\u1ee9c \u0103n h\u00e0ng ng\u00e0y ch\u1ec9 \u0111\u01b0\u1ee3c h\u1ea5p th\u1ee5 kho\u1ea3ng 20% v\u00ec th\u1ebf d\u1ec5 g\u00e2y h\u1eadu qu\u1ea3 nh\u01b0 tr\u1ebb c\u00f2i x\u01b0\u01a1ng ngay trong b\u1ee5ng m\u1eb9 hay \u0111\u1ebb ra b\u00ecnh th\u01b0\u1eddng nh\u01b0ng th\u00f3p l\u00e2u li\u1ec1n.<\/span><\/li>\n<li style=\"font-weight: 400;\" aria-level=\"1\"><b>Vitamin E<\/b><span style=\"font-weight: 400;\">: l\u00e0 ch\u1ea5t ch\u1ed1ng oxy h\u00f3a gi\u00fap t\u1ebf b\u00e0o ch\u1ed1ng l\u1ea1i t\u00e1c h\u1ea1i c\u1ee7a c\u00e1c g\u1ed1c t\u1ef1 do, h\u1ed7 tr\u1ee3 cho s\u1ef1 ph\u00e1t tri\u1ec3n c\u00e1c t\u1ebf b\u00e0o m\u1edbi c\u1ee7a b\u00e9. M\u1ed9t s\u1ed1 em b\u00e9 sinh non c\u00f3 d\u1ea5u hi\u1ec7u thi\u1ebfu vitamin E ngay sau sinh v\u00e0 t\u0103ng nguy c\u01a1 thi\u1ebfu m\u00e1u t\u00e1n huy\u1ebft.<\/span><\/li>\n<li style=\"font-weight: 400;\" aria-level=\"1\"><b>Vitamin B1, B3<\/b><span style=\"font-weight: 400;\">: g\u00f3p ph\u1ea7n v\u00e0o s\u1ef1 t\u0103ng tr\u01b0\u1edfng, ho\u1ea1t \u0111\u1ed9ng v\u00e0 h\u1ec7 th\u1ed1ng th\u1ea7n kinh c\u1ee7a thai nhi.<\/span><\/li>\n<li style=\"font-weight: 400;\" aria-level=\"1\"><b>Vitamin B6<\/b><span style=\"font-weight: 400;\">: l\u00e0 m\u1ed9t coenzyme cho m\u1ed9t s\u1ed1 ph\u1ea3n \u1ee9ng decarboxylase v\u00e0 transaminase. L\u00e0m gi\u1ea3m c\u00e1c tri\u1ec7u ch\u1ee9ng bu\u1ed3n n\u00f4n trong thai k\u1ef3 nh\u01b0ng kh\u00f4ng l\u00e0m gi\u1ea3m c\u00e1c t\u00e1c d\u1ee5ng ph\u1ee5 li\u00ean quan v\u1edbi vi\u1ec7c s\u1eed d\u1ee5ng thu\u1ed1c ng\u1eeba thai. Vitamin B6 gi\u00fap t\u0103ng tr\u01b0\u1edfng, t\u1ea1o h\u1ed3ng c\u1ea7u, t\u0103ng c\u01b0\u1eddng h\u1ec7 mi\u1ec5n d\u1ecbch, ph\u00e1t tri\u1ec3n c\u00e1c t\u1ebf b\u00e0o m\u1edbi c\u1ee7a b\u00e0o thai.<\/span><\/li>\n<li style=\"font-weight: 400;\" aria-level=\"1\"><b>Folic<\/b><span style=\"font-weight: 400;\">: B\u1ed5 sung trong th\u1eddi k\u1ef3 mang thai tr\u00e1nh nguy c\u01a1 s\u1ea3y thai t\u1ef1 nhi\u00ean. Nghi\u00ean c\u1ee9u ch\u1ee9ng minh r\u1eb1ng nh\u1eefng ph\u1ee5 n\u1eef b\u1ed5 sung a.folic v\u1edbi li\u1ec1u 400UI trong v\u00f2ng 1 th\u00e1ng tr\u01b0\u1edbc khi th\u1ee5 thai \u0111\u1ebfn 6-12 tu\u1ea7n \u0111\u1ea7u c\u1ee7a thai k\u1ef3 s\u1ebd gi\u1ea3m 70% nguy c\u01a1 khi\u1ebfm khuy\u1ebft \u1ed1ng th\u1ea7n kinh b\u00e0o thai.<\/span><\/li>\n<li style=\"font-weight: 400;\" aria-level=\"1\"><b>Vitamin B12<\/b><span style=\"font-weight: 400;\">: tham gia t\u1ea1o h\u1ed3ng c\u1ea7u,h\u1ed7 tr\u1ee3 s\u1ef1 ph\u00e1t tri\u1ec3n n\u00e3o v\u00e0 h\u1ec7 th\u1ea7n kinh c\u1ee7a thai nhi. Thi\u1ebfu vitamin B12 c\u00f3 th\u1ec3 d\u1eabn \u0111\u1ebfn s\u1ea3y thai s\u1edbm.<\/span><\/li>\n<\/ul>\n","protected":false},"excerpt":{"rendered":"<ul>\n<li style=\"font-weight: 400;\" aria-level=\"1\"><b>C\u00f4ng d\u1ee5ng<\/b><span style=\"font-weight: 400;\">: B\u1ed5 sung s\u1eaft, vitamin, kho\u00e1ng ch\u1ea5t cho ph\u1ee5 n\u1eef mang thai<\/span><\/li>\n<li style=\"font-weight: 400;\" aria-level=\"1\"><b>Nh\u00e0 s\u1ea3n xu\u1ea5t<\/b><span style=\"font-weight: 400;\">: Ph\u01b0\u01a1ng \u0110\u00f4ng &#8211; VN<\/span><\/li>\n<li style=\"font-weight: 400;\" aria-level=\"1\"><b>Quy c\u00e1ch<\/b><span style=\"font-weight: 400;\">: H\u1ed9p 60 vi\u00ean nang (6 v\u1ec9 x 10 vi\u00ean). Th\u00f9ng 108 h\u1ed9p<\/span><\/li>\n<li style=\"font-weight: 400;\" aria-level=\"1\"><b>C\u00e1ch d\u00f9ng<\/b><span style=\"font-weight: 400;\">: U\u1ed1ng 1 vi\u00ean\/l\u1ea7n\/ng\u00e0y, ngay tr\u01b0\u1edbc b\u1eefa \u0103n<\/span><\/li>\n<li style=\"font-weight: 400;\" aria-level=\"1\"><b style=\"color: #555555;\"><span style=\"color: #282828;\">H\u1ea1n d\u00f9ng<\/span>: <\/b><span style=\"font-weight: 400;\">3 n\u0103m k\u1ec3 t\u1eeb ng\u00e0y s\u1ea3n xu\u1ea5t<\/span><\/li>\n<\/ul>\n","protected":false},"featured_media":3229,"comment_status":"open","ping_status":"closed","template":"","meta":[],"product_cat":[15,59,64,30],"product_tag":[],"_links":{"self":[{"href":"https:\/\/ngaviet.com\/vi\/wp-json\/wp\/v2\/product\/2703"}],"collection":[{"href":"https:\/\/ngaviet.com\/vi\/wp-json\/wp\/v2\/product"}],"about":[{"href":"https:\/\/ngaviet.com\/vi\/wp-json\/wp\/v2\/types\/product"}],"replies":[{"embeddable":true,"href":"https:\/\/ngaviet.com\/vi\/wp-json\/wp\/v2\/comments?post=2703"}],"wp:featuredmedia":[{"embeddable":true,"href":"https:\/\/ngaviet.com\/vi\/wp-json\/wp\/v2\/media\/3229"}],"wp:attachment":[{"href":"https:\/\/ngaviet.com\/vi\/wp-json\/wp\/v2\/media?parent=2703"}],"wp:term":[{"taxonomy":"product_cat","embeddable":true,"href":"https:\/\/ngaviet.com\/vi\/wp-json\/wp\/v2\/product_cat?post=2703"},{"taxonomy":"product_tag","embeddable":true,"href":"https:\/\/ngaviet.com\/vi\/wp-json\/wp\/v2\/product_tag?post=2703"}],"curies":[{"name":"wp","href":"https:\/\/api.w.org\/{rel}","templated":true}]}}