{"id":274,"date":"2021-10-15T22:48:26","date_gmt":"2021-10-15T15:48:26","guid":{"rendered":"https:\/\/ngaviet.com\/?post_type=product&#038;p=274"},"modified":"2022-11-11T11:36:06","modified_gmt":"2022-11-11T04:36:06","slug":"giai-doc-gan-pharvie","status":"publish","type":"product","link":"https:\/\/ngaviet.com\/vi\/giai-doc-gan-pharvie\/","title":{"rendered":"Th\u1ef1c ph\u1ea9m ch\u1ee9c n\u0103ng gi\u1ea3i \u0111\u1ed9c gan Pharvie"},"content":{"rendered":"<div id=\"ez-toc-container\" class=\"ez-toc-v2_0_58 counter-hierarchy ez-toc-counter ez-toc-light-blue ez-toc-container-direction\">\n<div class=\"ez-toc-title-container\">\n<p class=\"ez-toc-title \" >M\u1ee5c l\u1ee5c<\/p>\n<span class=\"ez-toc-title-toggle\"><a href=\"#\" class=\"ez-toc-pull-right ez-toc-btn ez-toc-btn-xs ez-toc-btn-default ez-toc-toggle\" aria-label=\"Toggle Table of Content\" role=\"button\"><label for=\"item-69fbec4e4fc70\" ><span class=\"\"><span class=\"eztoc-hide\" style=\"display:none;\">Toggle<\/span><span class=\"ez-toc-icon-toggle-span\"><svg style=\"fill: #999;color:#999\" xmlns=\"http:\/\/www.w3.org\/2000\/svg\" class=\"list-377408\" width=\"20px\" height=\"20px\" viewBox=\"0 0 24 24\" fill=\"none\"><path d=\"M6 6H4v2h2V6zm14 0H8v2h12V6zM4 11h2v2H4v-2zm16 0H8v2h12v-2zM4 16h2v2H4v-2zm16 0H8v2h12v-2z\" fill=\"currentColor\"><\/path><\/svg><svg style=\"fill: #999;color:#999\" class=\"arrow-unsorted-368013\" xmlns=\"http:\/\/www.w3.org\/2000\/svg\" width=\"10px\" height=\"10px\" viewBox=\"0 0 24 24\" version=\"1.2\" baseProfile=\"tiny\"><path d=\"M18.2 9.3l-6.2-6.3-6.2 6.3c-.2.2-.3.4-.3.7s.1.5.3.7c.2.2.4.3.7.3h11c.3 0 .5-.1.7-.3.2-.2.3-.5.3-.7s-.1-.5-.3-.7zM5.8 14.7l6.2 6.3 6.2-6.3c.2-.2.3-.5.3-.7s-.1-.5-.3-.7c-.2-.2-.4-.3-.7-.3h-11c-.3 0-.5.1-.7.3-.2.2-.3.5-.3.7s.1.5.3.7z\"\/><\/svg><\/span><\/span><\/label><input aria-label=\"Toggle\" aria-label=\"item-69fbec4e4fc70\"  type=\"checkbox\" id=\"item-69fbec4e4fc70\"><\/a><\/span><\/div>\n<nav><ul class='ez-toc-list ez-toc-list-level-1 eztoc-toggle-hide-by-default' ><li class='ez-toc-page-1 ez-toc-heading-level-2'><a class=\"ez-toc-link ez-toc-heading-1\" href=\"https:\/\/ngaviet.com\/vi\/giai-doc-gan-pharvie\/#Thong_tin_ve_vien_giai_doc_gan_Pharvie\" title=\"Th\u00f4ng tin v\u1ec1 vi\u00ean gi\u1ea3i \u0111\u1ed9c gan Pharvie\">Th\u00f4ng tin v\u1ec1 vi\u00ean gi\u1ea3i \u0111\u1ed9c gan Pharvie<\/a><\/li><li class='ez-toc-page-1 ez-toc-heading-level-2'><a class=\"ez-toc-link ez-toc-heading-2\" href=\"https:\/\/ngaviet.com\/vi\/giai-doc-gan-pharvie\/#Thanh_phan_vien_uong_giai_doc_gan_Pharvie\" title=\"Th\u00e0nh ph\u1ea7n vi\u00ean u\u1ed1ng gi\u1ea3i \u0111\u1ed9c gan Pharvie\">Th\u00e0nh ph\u1ea7n vi\u00ean u\u1ed1ng gi\u1ea3i \u0111\u1ed9c gan Pharvie<\/a><\/li><li class='ez-toc-page-1 ez-toc-heading-level-2'><a class=\"ez-toc-link ez-toc-heading-3\" href=\"https:\/\/ngaviet.com\/vi\/giai-doc-gan-pharvie\/#Cong_dung_vien_giai_doc_gan_Pharvie\" title=\"C\u00f4ng d\u1ee5ng vi\u00ean gi\u1ea3i \u0111\u1ed9c gan Pharvie\">C\u00f4ng d\u1ee5ng vi\u00ean gi\u1ea3i \u0111\u1ed9c gan Pharvie<\/a><\/li><li class='ez-toc-page-1 ez-toc-heading-level-2'><a class=\"ez-toc-link ez-toc-heading-4\" href=\"https:\/\/ngaviet.com\/vi\/giai-doc-gan-pharvie\/#Doi_tuong_su_dung\" title=\"\u0110\u1ed1i t\u01b0\u1ee3ng s\u1eed d\u1ee5ng\">\u0110\u1ed1i t\u01b0\u1ee3ng s\u1eed d\u1ee5ng<\/a><\/li><li class='ez-toc-page-1 ez-toc-heading-level-2'><a class=\"ez-toc-link ez-toc-heading-5\" href=\"https:\/\/ngaviet.com\/vi\/giai-doc-gan-pharvie\/#Cach_dung_giai_doc_gan_Pharvie\" title=\"C\u00e1ch d\u00f9ng gi\u1ea3i \u0111\u1ed9c gan Pharvie\">C\u00e1ch d\u00f9ng gi\u1ea3i \u0111\u1ed9c gan Pharvie<\/a><\/li><li class='ez-toc-page-1 ez-toc-heading-level-2'><a class=\"ez-toc-link ez-toc-heading-6\" href=\"https:\/\/ngaviet.com\/vi\/giai-doc-gan-pharvie\/#Cach_bao_quan\" title=\"C\u00e1ch b\u1ea3o qu\u1ea3n:\u00a0\">C\u00e1ch b\u1ea3o qu\u1ea3n:\u00a0<\/a><\/li><\/ul><\/nav><\/div>\n\n<h2><span class=\"ez-toc-section\" id=\"Thong_tin_ve_vien_giai_doc_gan_Pharvie\"><\/span><b>Th\u00f4ng tin v\u1ec1 vi\u00ean gi\u1ea3i \u0111\u1ed9c gan Pharvie<\/b><span class=\"ez-toc-section-end\"><\/span><\/h2>\n<p><span style=\"font-weight: 400;\">V\u1edbi c\u00e1c th\u00e0nh ph\u1ea7n \u0111\u01b0\u1ee3c chi\u1ebft xu\u1ea5t t\u1eeb th\u1ea3o d\u01b0\u1ee3c thi\u00ean nhi\u00ean kh\u00f4ng g\u00e2y t\u00e1c d\u1ee5ng ph\u1ee5 nh\u01b0 C\u00e0 gai leo, Cao k\u1ebf s\u1eefa, Kim Ng\u00e2n, Cao di\u1ec7p h\u1ea1 ch\u00e2u,&#8230;c\u00f3 trong d\u00f2ng th\u1ef1c ph\u1ea9m ch\u1ee9c n\u0103ng gi\u1ea3i \u0111\u1ed9c gan Pharvie gi\u00fap h\u1ed7 tr\u1ee3 thanh nhi\u1ec7t, gi\u1ea3i \u0111\u1ed9c gan, ph\u00f2ng ng\u1eeba v\u00e0 t\u0103ng c\u01b0\u1eddng ch\u1ee9c n\u0103ng gan, mang l\u1ea1i cho b\u1ea1n m\u1ed9t l\u00e1 gan kh\u1ecfe m\u1ea1nh.<\/span><\/p>\n<p><span style=\"font-weight: 400;\">S\u1ea3n ph\u1ea9m \u0111\u01b0\u1ee3c ph\u00e2n ph\u1ed1i \u0111\u1ed9c quy\u1ec1n b\u1edfi c\u00f4ng ty TNHH Th\u01b0\u01a1ng M\u1ea1i Nga Vi\u1ec7t.<\/span><\/p>\n<h2><span class=\"ez-toc-section\" id=\"Thanh_phan_vien_uong_giai_doc_gan_Pharvie\"><\/span><b>Th\u00e0nh ph\u1ea7n <\/b><b>vi\u00ean u\u1ed1ng gi\u1ea3i \u0111\u1ed9c gan Pharvie<\/b><span class=\"ez-toc-section-end\"><\/span><\/h2>\n<p><span style=\"font-weight: 400;\">Cao C\u00e0 gai leo&#8230;&#8230;&#8230;&#8230;&#8230;&#8230;&#8230;&#8230;&#8230;&#8230;&#8230;&#8230;&#8230;&#8230;&#8230;&#8230;&#8230;&#8230;&#8230;&#8230;&#8230;&#8230;250mg<\/span><\/p>\n<p><span style=\"font-weight: 400;\">Cao K\u1ebf s\u1eefa&#8230;&#8230;&#8230;&#8230;&#8230;&#8230;&#8230;&#8230;&#8230;&#8230;&#8230;&#8230;&#8230;&#8230;&#8230;&#8230;&#8230;&#8230;&#8230;&#8230;&#8230;&#8230;&#8230;&#8230;.50 mg<\/span><\/p>\n<p><span style=\"font-weight: 400;\">Cao Kim ng\u00e2n&#8230;&#8230;&#8230;&#8230;&#8230;&#8230;&#8230;&#8230;&#8230;&#8230;&#8230;&#8230;&#8230;&#8230;&#8230;&#8230;&#8230;&#8230;&#8230;&#8230;&#8230;&#8230;..50mg<\/span><\/p>\n<p><span style=\"font-weight: 400;\">Cao Di\u1ec7p h\u1ea1 ch\u00e2u&#8230;&#8230;&#8230;&#8230;&#8230;&#8230;&#8230;&#8230;&#8230;&#8230;&#8230;&#8230;&#8230;&#8230;&#8230;&#8230;&#8230;&#8230;&#8230;&#8230;.50mg<\/span><\/p>\n<p><span style=\"font-weight: 400;\">Methionin&#8230;&#8230;&#8230;&#8230;&#8230;&#8230;&#8230;&#8230;&#8230;&#8230;&#8230;&#8230;&#8230;&#8230;&#8230;&#8230;&#8230;&#8230;&#8230;&#8230;&#8230;&#8230;&#8230;&#8230;&#8230;..50mg<\/span><\/p>\n<p><span style=\"font-weight: 400;\">Vitamin PP&#8230;&#8230;&#8230;&#8230;&#8230;&#8230;&#8230;&#8230;&#8230;&#8230;&#8230;&#8230;&#8230;&#8230;&#8230;&#8230;&#8230;&#8230;&#8230;&#8230;&#8230;&#8230;&#8230;&#8230;&#8230;5mg<\/span><\/p>\n<p><span style=\"font-weight: 400;\">Vitamin B2&#8230;&#8230;&#8230;&#8230;&#8230;&#8230;&#8230;&#8230;&#8230;&#8230;&#8230;&#8230;&#8230;&#8230;&#8230;&#8230;&#8230;&#8230;&#8230;&#8230;&#8230;&#8230;&#8230;&#8230;&#8230;1mg<\/span><\/p>\n<h2><span class=\"ez-toc-section\" id=\"Cong_dung_vien_giai_doc_gan_Pharvie\"><\/span><b>C\u00f4ng d\u1ee5ng <\/b><b>vi\u00ean gi\u1ea3i \u0111\u1ed9c gan Pharvie<\/b><span class=\"ez-toc-section-end\"><\/span><\/h2>\n<p><span style=\"font-weight: 400;\">&#8211; H\u1ed7 tr\u1ee3 thanh nhi\u1ec7t, gi\u1ea3i \u0111\u1ed9c gan<\/span><\/p>\n<p><span style=\"font-weight: 400;\">&#8211; B\u1ea3o v\u1ec7 v\u00e0 t\u0103ng c\u01b0\u1eddng ch\u1ee9c n\u0103ng gan<\/span><\/p>\n<p><span style=\"font-weight: 400;\">&#8211; H\u1ea1n ch\u1ebf nh\u1eefng t\u00e1c h\u1ea1i do r\u01b0\u1ee3u bia, thu\u1ed1c, ho\u00e1 ch\u1ea5t \u1ea3nh h\u01b0\u1edfng \u0111\u1ebfn gan.<\/span><\/p>\n<ul>\n<li style=\"font-weight: 400;\" aria-level=\"1\"><span style=\"font-weight: 400;\">C\u00e2y C\u00e0 gai leo: Ch\u1ed1ng oxy h\u00f3a, kh\u00e1ng vi\u00eam, b\u1ea3o v\u1ec7 gan, \u1ee9c ch\u1ebf s\u1ef1 ph\u00e1t tri\u1ec3n c\u1ee7a x\u01a1 gan<\/span><\/li>\n<li style=\"font-weight: 400;\" aria-level=\"1\"><span style=\"font-weight: 400;\">C\u00e2y K\u1ebf s\u1eefa: \u1ed4n \u0111\u1ecbnh m\u00e0ng t\u1ebf b\u00e0o c\u1ee7a gan v\u00e0 k\u00edch th\u00edch s\u1ef1 t\u1ed5ng h\u1ee3p c\u00e1c protein gan<\/span><\/li>\n<li style=\"font-weight: 400;\" aria-level=\"1\"><span style=\"font-weight: 400;\">Kim ng\u00e2n: T\u00e1c d\u1ee5ng \u1ee9c ch\u1ebf r\u1ea5t m\u1ea1nh \u0111\u1ed1i v\u1edbi t\u1ee5 c\u1ea7u khu\u1ea9n, tr\u1ef1c khu\u1ea9n th\u01b0\u01a1ng h\u00e0n, tr\u1ef1c khu\u1ea9n Shiga. T\u0103ng c\u01b0\u1eddng chuy\u1ec3n h\u00f3a c\u00e1c ch\u1ea5t b\u00e9o, h\u1ed7 tr\u1ee3 ch\u1ee9c n\u0103ng c\u1ee7a gan.<\/span><\/li>\n<li style=\"font-weight: 400;\" aria-level=\"1\"><span style=\"font-weight: 400;\">Di\u1ec7p h\u1ea1 ch\u00e2u: Th\u00e0nh ph\u1ea7n c\u00f3 kh\u1ea3 n\u0103ng kh\u00e1ng virus vi\u00eam gan B (nghi\u00ean c\u1ee9u trong ph\u00f2ng th\u00ed nghi\u1ec7m qua c\u01a1 ch\u1ebf \u1ee9c ch\u1ebf DNA polymerase c\u1ee7a virus).<\/span><\/li>\n<li style=\"font-weight: 400;\" aria-level=\"1\"><span style=\"font-weight: 400;\">Methionine l\u00e0 th\u00e0nh ph\u1ea7n quan tr\u1ecdng trong qu\u00e1 tr\u00ecnh t\u00e1i t\u1ea1o glutathione, b\u1ea3o v\u1ec7 gan ch\u1ed1ng l\u1ea1i nh\u1eefng t\u00e1c nh\u00e2n oxy ho\u00e1 nguy hi\u1ec3m trong c\u01a1 th\u1ec3\u2026.<\/span><\/li>\n<\/ul>\n<h2><span class=\"ez-toc-section\" id=\"Doi_tuong_su_dung\"><\/span><b>\u0110\u1ed1i t\u01b0\u1ee3ng s\u1eed d\u1ee5ng<\/b><span class=\"ez-toc-section-end\"><\/span><\/h2>\n<p><span style=\"font-weight: 400;\">&#8211; Ng\u01b0\u1eddi b\u1ecb n\u00f3ng nhi\u1ec7t, ch\u1ee9c n\u0103ng gan suy gi\u1ea3m do vi\u00eam gan, x\u01a1 gan v\u1edbi c\u00e1c bi\u1ec3u hi\u1ec7n: m\u1ea9n ng\u1ee9a, n\u1ed5i m\u1ec1 \u0111ay, m\u1ec7t m\u1ecfi, v\u00e0ng da, \u0103n u\u1ed1ng kh\u00f3 ti\u00eau, men gan cao.<\/span><\/p>\n<p><span style=\"font-weight: 400;\">Ng\u01b0\u1eddi u\u1ed1ng nhi\u1ec1u r\u01b0\u1ee3u bia, d\u00f9ng thu\u1ed1c, ho\u00e1 ch\u1ea5t c\u00f3 h\u1ea1i cho gan.<\/span><\/p>\n<h2><span class=\"ez-toc-section\" id=\"Cach_dung_giai_doc_gan_Pharvie\"><\/span><b>C\u00e1ch d\u00f9ng gi\u1ea3i \u0111\u1ed9c gan Pharvie<\/b><span class=\"ez-toc-section-end\"><\/span><\/h2>\n<ul>\n<li style=\"font-weight: 400;\" aria-level=\"1\"><span style=\"font-weight: 400;\">Tr\u1ebb em t\u1eeb 6-9 tu\u1ed5i: U\u1ed1ng 1 vi\u00ean\/l\u1ea7n x 2 l\u1ea7n\/ng\u00e0y.<\/span><\/li>\n<li style=\"font-weight: 400;\" aria-level=\"1\"><span style=\"font-weight: 400;\">Tr\u1ebb em tr\u00ean 9 tu\u1ed5i v\u00e0 ng\u01b0\u1eddi l\u1edbn: U\u1ed1ng 2 vi\u00ean\/l\u1ea7n x 2 l\u1ea7n\/ng\u00e0y.<\/span><\/li>\n<\/ul>\n<p><b>L\u01b0u \u00fd<\/b><span style=\"font-weight: 400;\">:\u00a0<\/span><\/p>\n<ul>\n<li style=\"font-weight: 400;\" aria-level=\"1\"><span style=\"font-weight: 400;\">Th\u1ef1c ph\u1ea9m n\u00e0y kh\u00f4ng ph\u1ea3i l\u00e0 thu\u1ed1c, kh\u00f4ng c\u00f3 t\u00e1c d\u1ee5ng thay th\u1ebf thu\u1ed1c ch\u1eefa b\u1ec7nh.<\/span><\/li>\n<li style=\"font-weight: 400;\" aria-level=\"1\"><span style=\"font-weight: 400;\">Kh\u00f4ng d\u00f9ng cho ph\u1ee5 n\u1eef c\u00f3 thai v\u00e0 cho con b\u00fa, ng\u01b0\u1eddi b\u1ecb \u0111\u00e1i th\u00e1o \u0111\u01b0\u1eddng, ng\u01b0\u1eddi c\u00f3 m\u1eabn c\u1ea3m v\u1edbi b\u1ea5t k\u1ef3 th\u00e0nh ph\u1ea7n n\u00e0o c\u1ee7a s\u1ea3n ph\u1ea9m.<\/span><\/li>\n<\/ul>\n<h2><span class=\"ez-toc-section\" id=\"Cach_bao_quan\"><\/span><b>C\u00e1ch b\u1ea3o qu\u1ea3n:\u00a0<\/b><span class=\"ez-toc-section-end\"><\/span><\/h2>\n<p><span style=\"font-weight: 400;\">N\u01a1i kh\u00f4 r\u00e1o, tr\u00e1nh \u00e1nh n\u1eafng tr\u1ef1c ti\u1ebfp.<\/span><\/p>\n<p><b>Nh\u00e0 s\u1ea3n xu\u1ea5t: <\/b><b>S\u1ea3n xu\u1ea5t t\u1ea1i C\u00f4ng ty C\u1ed5 Ph\u1ea7n d\u01b0\u1ee3c v\u1eadt t\u01b0 y t\u1ebf H\u1ea3i D\u01b0\u01a1ng<\/b><\/p>\n<p><span style=\"font-weight: 400;\">&#8211; \u0110\u1ecba ch\u1ec9: th\u00f4n Th\u01b0\u1ee3ng Trang, x\u00e3 B\u00e1t Trang, huy\u1ec7n An L\u00e3o, Th\u00e0nh ph\u1ed1 H\u1ea3i Ph\u00f2ng, Vi\u1ec7t Nam<\/span><\/p>\n<p><b>Th\u01b0\u01a1ng nh\u00e2n ch\u1ecbu tr\u00e1ch nhi\u1ec7m v\u1ec1 ch\u1ea5t l\u01b0\u1ee3ng s\u1ea3n ph\u1ea9m:<\/b><\/p>\n<p><span style=\"font-weight: 400;\">C\u00f4ng ty TNHH Th\u01b0\u01a1ng M\u1ea1i Nga Vi\u1ec7t<\/span><\/p>\n<p><span style=\"font-weight: 400;\">&#8211; \u0110\u1ecba ch\u1ec9: 644\/2 \u0111\u01b0\u1eddng 3\/2 ph\u01b0\u1eddng 14, qu\u1eadn 10<\/span><\/p>\n<p><span style=\"font-weight: 400;\">S\u1ea3n ph\u1ea9m \u0111\u00e3 \u0111\u01b0\u1ee3c B\u1ed9 y t\u1ebf C\u1ee5c an to\u00e0n th\u1ef1c ph\u1ea9m Vi\u1ec7t Nam c\u1ea5p gi\u1ea5y ch\u1ee9ng nh\u1eadn s\u1ed1: 3452\/2020\/\u0110KSP<\/span><\/p>\n<p><img decoding=\"async\" loading=\"lazy\" class=\"wp-image-2758 aligncenter\" src=\"https:\/\/ngaviet.com\/wp-content\/uploads\/2021\/10\/GIAI-DOC-GAN-PHARVIE-3.jpg\" alt=\"thuc-pham-chuc-nang-giai-doc-gan\" width=\"525\" height=\"742\" \/><\/p>\n","protected":false},"excerpt":{"rendered":"<ul>\n<li style=\"font-weight: 400;\" aria-level=\"1\"><b>C\u00f4ng d\u1ee5ng<\/b><span style=\"font-weight: 400;\">: Gi\u1ea3i \u0111\u1ed9c gan, m\u00e1t gan, b\u1ea3o v\u1ec7 v\u00e0 t\u0103ng c\u01b0\u1eddng ch\u1ee9c n\u0103ng gan, h\u1ea1 men gan<\/span><\/li>\n<li style=\"font-weight: 400;\" aria-level=\"1\"><b>Nh\u00e0 s\u1ea3n xu\u1ea5t<\/b><span style=\"font-weight: 400;\">: HP Pharma \u2013 VN<\/span><\/li>\n<li style=\"font-weight: 400;\" aria-level=\"1\"><b>Quy c\u00e1ch<\/b><span style=\"font-weight: 400;\">: H\u1ed9p 60 vi\u00ean (12 v\u1ec9 x 6 vi\u00ean). Th\u00f9ng 36 h\u1ed9p<\/span><\/li>\n<li style=\"font-weight: 400;\" aria-level=\"1\"><b>C\u00e1ch d\u00f9ng<\/b><span style=\"font-weight: 400;\">: 1-2 vi\u00ean\/l\u1ea7n x 2 l\u1ea7n\/ng\u00e0y (t\u00f9y v\u00e0o \u0111\u1ed9 tu\u1ed5i)<\/span><\/li>\n<li style=\"font-weight: 400;\" aria-level=\"1\"><b>H\u1ea1n d\u00f9ng: <\/b><span style=\"font-weight: 400;\">3 n\u0103m k\u1ec3 t\u1eeb ng\u00e0y s\u1ea3n xu\u1ea5t<\/span><\/li>\n<\/ul>\n","protected":false},"featured_media":3534,"comment_status":"open","ping_status":"closed","template":"","meta":[],"product_cat":[15,140,30,56],"product_tag":[],"_links":{"self":[{"href":"https:\/\/ngaviet.com\/vi\/wp-json\/wp\/v2\/product\/274"}],"collection":[{"href":"https:\/\/ngaviet.com\/vi\/wp-json\/wp\/v2\/product"}],"about":[{"href":"https:\/\/ngaviet.com\/vi\/wp-json\/wp\/v2\/types\/product"}],"replies":[{"embeddable":true,"href":"https:\/\/ngaviet.com\/vi\/wp-json\/wp\/v2\/comments?post=274"}],"wp:featuredmedia":[{"embeddable":true,"href":"https:\/\/ngaviet.com\/vi\/wp-json\/wp\/v2\/media\/3534"}],"wp:attachment":[{"href":"https:\/\/ngaviet.com\/vi\/wp-json\/wp\/v2\/media?parent=274"}],"wp:term":[{"taxonomy":"product_cat","embeddable":true,"href":"https:\/\/ngaviet.com\/vi\/wp-json\/wp\/v2\/product_cat?post=274"},{"taxonomy":"product_tag","embeddable":true,"href":"https:\/\/ngaviet.com\/vi\/wp-json\/wp\/v2\/product_tag?post=274"}],"curies":[{"name":"wp","href":"https:\/\/api.w.org\/{rel}","templated":true}]}}