{"id":2892,"date":"2022-10-22T08:48:01","date_gmt":"2022-10-22T01:48:01","guid":{"rendered":"https:\/\/ngaviet.com\/?post_type=product&#038;p=2892"},"modified":"2022-11-09T16:36:28","modified_gmt":"2022-11-09T09:36:28","slug":"thuoc-tri-tomoko","status":"publish","type":"product","link":"https:\/\/ngaviet.com\/vi\/thuoc-tri-tomoko\/","title":{"rendered":"Thu\u1ed1c \u0111i\u1ec1u tr\u1ecb b\u1ec7nh tr\u0129 Tomoko\u00a0"},"content":{"rendered":"<p><span style=\"font-weight: 400;\"><div id=\"ez-toc-container\" class=\"ez-toc-v2_0_58 counter-hierarchy ez-toc-counter ez-toc-light-blue ez-toc-container-direction\">\n<div class=\"ez-toc-title-container\">\n<p class=\"ez-toc-title \" >M\u1ee5c l\u1ee5c<\/p>\n<span class=\"ez-toc-title-toggle\"><a href=\"#\" class=\"ez-toc-pull-right ez-toc-btn ez-toc-btn-xs ez-toc-btn-default ez-toc-toggle\" aria-label=\"Toggle Table of Content\" role=\"button\"><label for=\"item-69fbec68f2fca\" ><span class=\"\"><span class=\"eztoc-hide\" style=\"display:none;\">Toggle<\/span><span class=\"ez-toc-icon-toggle-span\"><svg style=\"fill: #999;color:#999\" xmlns=\"http:\/\/www.w3.org\/2000\/svg\" class=\"list-377408\" width=\"20px\" height=\"20px\" viewBox=\"0 0 24 24\" fill=\"none\"><path d=\"M6 6H4v2h2V6zm14 0H8v2h12V6zM4 11h2v2H4v-2zm16 0H8v2h12v-2zM4 16h2v2H4v-2zm16 0H8v2h12v-2z\" fill=\"currentColor\"><\/path><\/svg><svg style=\"fill: #999;color:#999\" class=\"arrow-unsorted-368013\" xmlns=\"http:\/\/www.w3.org\/2000\/svg\" width=\"10px\" height=\"10px\" viewBox=\"0 0 24 24\" version=\"1.2\" baseProfile=\"tiny\"><path d=\"M18.2 9.3l-6.2-6.3-6.2 6.3c-.2.2-.3.4-.3.7s.1.5.3.7c.2.2.4.3.7.3h11c.3 0 .5-.1.7-.3.2-.2.3-.5.3-.7s-.1-.5-.3-.7zM5.8 14.7l6.2 6.3 6.2-6.3c.2-.2.3-.5.3-.7s-.1-.5-.3-.7c-.2-.2-.4-.3-.7-.3h-11c-.3 0-.5.1-.7.3-.2.2-.3.5-.3.7s.1.5.3.7z\"\/><\/svg><\/span><\/span><\/label><input aria-label=\"Toggle\" aria-label=\"item-69fbec68f2fca\"  type=\"checkbox\" id=\"item-69fbec68f2fca\"><\/a><\/span><\/div>\n<nav><ul class='ez-toc-list ez-toc-list-level-1 eztoc-toggle-hide-by-default' ><li class='ez-toc-page-1 ez-toc-heading-level-2'><a class=\"ez-toc-link ez-toc-heading-1\" href=\"https:\/\/ngaviet.com\/vi\/thuoc-tri-tomoko\/#Thong_tin_ve_thuoc_tri_Tomoko\" title=\"Th\u00f4ng tin v\u1ec1 thu\u1ed1c tr\u0129 Tomoko\">Th\u00f4ng tin v\u1ec1 thu\u1ed1c tr\u0129 Tomoko<\/a><\/li><li class='ez-toc-page-1 ez-toc-heading-level-2'><a class=\"ez-toc-link ez-toc-heading-2\" href=\"https:\/\/ngaviet.com\/vi\/thuoc-tri-tomoko\/#Thanh_phan_cua_thuoc_tri_Tomoko\" title=\"Th\u00e0nh ph\u1ea7n c\u1ee7a thu\u1ed1c tr\u0129 Tomoko\">Th\u00e0nh ph\u1ea7n c\u1ee7a thu\u1ed1c tr\u0129 Tomoko<\/a><\/li><li class='ez-toc-page-1 ez-toc-heading-level-2'><a class=\"ez-toc-link ez-toc-heading-3\" href=\"https:\/\/ngaviet.com\/vi\/thuoc-tri-tomoko\/#Thuoc_tri_Tomoko_co_tac_dung_gi\" title=\"Thu\u1ed1c tr\u0129 Tomoko c\u00f3 t\u00e1c d\u1ee5ng g\u00ec?\">Thu\u1ed1c tr\u0129 Tomoko c\u00f3 t\u00e1c d\u1ee5ng g\u00ec?<\/a><\/li><li class='ez-toc-page-1 ez-toc-heading-level-2'><a class=\"ez-toc-link ez-toc-heading-4\" href=\"https:\/\/ngaviet.com\/vi\/thuoc-tri-tomoko\/#Chi_dinh_va_chong_chi_dinh\" title=\"Ch\u1ec9 \u0111\u1ecbnh v\u00e0 ch\u1ed1ng ch\u1ec9 \u0111\u1ecbnh\u00a0\">Ch\u1ec9 \u0111\u1ecbnh v\u00e0 ch\u1ed1ng ch\u1ec9 \u0111\u1ecbnh\u00a0<\/a><\/li><li class='ez-toc-page-1 ez-toc-heading-level-2'><a class=\"ez-toc-link ez-toc-heading-5\" href=\"https:\/\/ngaviet.com\/vi\/thuoc-tri-tomoko\/#Lieu_luong_va_cach_dung\" title=\"Li\u1ec1u l\u01b0\u1ee3ng v\u00e0 c\u00e1ch d\u00f9ng\">Li\u1ec1u l\u01b0\u1ee3ng v\u00e0 c\u00e1ch d\u00f9ng<\/a><\/li><\/ul><\/nav><\/div>\n<\/span><\/p>\n<h2><span class=\"ez-toc-section\" id=\"Thong_tin_ve_thuoc_tri_Tomoko\"><\/span><b>Th\u00f4ng tin v\u1ec1 thu\u1ed1c tr\u0129 Tomoko<\/b><span class=\"ez-toc-section-end\"><\/span><\/h2>\n<p><span style=\"font-weight: 400;\">Thu\u1ed1c tr\u0129 Tomoko \u0111\u01b0\u1ee3c s\u1ea3n xu\u1ea5t b\u1edfi c\u00f4ng ty C\u1ed5 ph\u1ea7n D\u01b0\u1ee3c Trung \u01b0\u01a1ng Mediplantex, H\u00e0 N\u1ed9i, Vi\u1ec7t Nam v\u1edbi nh\u00e0 m\u00e1y \u0111\u1ea1t chu\u1ea9n GMP &#8211; WHO.\u00a0<\/span><\/p>\n<p><span style=\"font-weight: 400;\">S\u1ea3n ph\u1ea9m \u0111\u01b0\u1ee3c b\u00e0o ch\u1ebf d\u01b0\u1edbi d\u1ea1ng vi\u00ean nang c\u1ee9ng, v\u1ec9 PVC\/nh\u00f4m c\u00f3 c\u00f4ng d\u1ee5ng \u0111i\u1ec1u tr\u1ecb tr\u0129, gi\u1ea3m \u0111au r\u00e1t, co b\u00fai tr\u0129, \u0111i\u1ec1u tr\u1ecb t\u00ecnh tr\u1ea1ng \u0111i ngo\u00e0i ra m\u00e1u, \u0111\u1ea1i tr\u00e0ng t\u00e1o nhi\u1ec7t.\u00a0<\/span><\/p>\n<h2><span class=\"ez-toc-section\" id=\"Thanh_phan_cua_thuoc_tri_Tomoko\"><\/span><b>Th\u00e0nh ph\u1ea7n c\u1ee7a thu\u1ed1c tr\u0129 Tomoko<\/b><span class=\"ez-toc-section-end\"><\/span><\/h2>\n<p><span style=\"font-weight: 400;\">M\u1ed7i vi\u00ean c\u00f3 ch\u1ee9a: Cao kh\u00f4 h\u1ed7n h\u1ee3p d\u01b0\u1ee3c li\u1ec7u 350mg t\u01b0\u01a1ng \u1ee9ng v\u1edbi:<\/span><\/p>\n<p><span style=\"font-weight: 400;\">Cao H\u00f2e gi\u00e1c\u2026\u2026\u2026\u2026\u2026\u2026\u2026\u2026\u2026\u2026\u2026\u2026\u2026\u2026\u2026\u2026\u2026\u2026\u2026\u2026..\u2026\u2026..\u2026\u2026..\u2026\u2026..0,1g<\/span><\/p>\n<p><span style=\"font-weight: 400;\">Ph\u00f2ng phong\u2026\u2026\u2026\u2026\u2026\u2026\u2026\u2026\u2026\u2026\u2026\u2026\u2026\u2026\u2026\u2026\u2026\u2026\u2026\u2026..\u2026\u2026\u2026\u2026\u2026\u2026\u2026&#8230;0,05g<\/span><\/p>\n<p><span style=\"font-weight: 400;\">\u0110\u01b0\u01a1ng quy\u2026\u2026\u2026\u2026\u2026\u2026\u2026\u2026\u2026\u2026\u2026\u2026\u2026\u2026\u2026\u2026\u2026\u2026\u2026\u2026\u2026..\u2026\u2026\u2026\u2026\u2026\u2026\u2026\u2026..0,05g<\/span><\/p>\n<p><span style=\"font-weight: 400;\">Ch\u1ec9 x\u00e1c\u2026\u2026\u2026\u2026\u2026\u2026\u2026\u2026\u2026\u2026\u2026\u2026\u2026\u2026\u2026\u2026\u2026\u2026\u2026\u2026\u2026\u2026\u2026\u2026\u2026\u2026\u2026\u2026\u2026\u2026\u2026\u2026..0,05g<\/span><\/p>\n<p><span style=\"font-weight: 400;\">Ho\u00e0ng c\u1ea7m\u2026\u2026\u2026\u2026\u2026\u2026\u2026\u2026\u2026\u2026\u2026\u2026\u2026\u2026\u2026\u2026\u2026\u2026\u2026\u2026\u2026..\u2026\u2026\u2026\u2026\u2026\u2026\u2026\u2026.0,05g<\/span><\/p>\n<p><span style=\"font-weight: 400;\">\u0110\u1ecba du\u2026\u2026\u2026\u2026\u2026\u2026\u2026\u2026\u2026\u2026\u2026\u2026\u2026\u2026\u2026\u2026\u2026\u2026\u2026\u2026\u2026\u2026\u2026\u2026\u2026\u2026\u2026\u2026\u2026\u2026\u2026\u2026\u2026.0,05g<\/span><\/p>\n<h2><span class=\"ez-toc-section\" id=\"Thuoc_tri_Tomoko_co_tac_dung_gi\"><\/span><b>Thu\u1ed1c tr\u0129 Tomoko c\u00f3 t\u00e1c d\u1ee5ng g\u00ec?<\/b><span class=\"ez-toc-section-end\"><\/span><\/h2>\n<p><span style=\"font-weight: 400;\">Tomoko c\u00f3 t\u00e1c d\u1ee5ng thanh tr\u01b0\u1eddng, s\u01a1 phong nhi\u1ec7t, l\u01b0\u01a1ng huy\u1ebft, l\u00e0m b\u1ec1n v\u1eefng th\u00e0nh m\u1ea1ch ch\u1ed1ng ch\u1ea3y m\u00e1u, gi\u1ea3m \u0111au r\u00e1t, co b\u00fai tr\u0129.<\/span><\/p>\n<h2><span class=\"ez-toc-section\" id=\"Chi_dinh_va_chong_chi_dinh\"><\/span><b>Ch\u1ec9 \u0111\u1ecbnh v\u00e0 ch\u1ed1ng ch\u1ec9 \u0111\u1ecbnh\u00a0<\/b><span class=\"ez-toc-section-end\"><\/span><\/h2>\n<p><b>Ch\u1ec9 \u0111\u1ecbnh<\/b><span style=\"font-weight: 400;\">: \u0110i\u1ec1u tr\u1ecb tr\u0129, \u0111i ngo\u00e0i ra m\u00e1u, \u0111\u1ea1i tr\u00e0ng t\u00e1o nhi\u1ec7t<\/span><\/p>\n<p><b>Ch\u1ed1ng ch\u1ec9 \u0111\u1ecbnh<\/b><span style=\"font-weight: 400;\">: ph\u1ee5 n\u1eef mang thai.<\/span><\/p>\n<p><b>L\u01b0u \u00fd<\/b><span style=\"font-weight: 400;\">:<\/span><\/p>\n<ul>\n<li style=\"font-weight: 400;\" aria-level=\"1\"><span style=\"font-weight: 400;\">\u0110\u1ecdc k\u1ef9 h\u01b0\u1edbng d\u1eabn tr\u01b0\u1edbc khi s\u1eed d\u1ee5ng<\/span><\/li>\n<li style=\"font-weight: 400;\" aria-level=\"1\"><span style=\"font-weight: 400;\">Th\u00f4ng b\u00e1o ngay cho b\u00e1c s\u0129 ho\u1eb7c d\u01b0\u1ee3c s\u0129 khi g\u1eb7p t\u00e1c d\u1ee5ng kh\u00f4ng mong mu\u1ed1n khi s\u1eed d\u1ee5ng thu\u1ed1c.<\/span><\/li>\n<\/ul>\n<h2><span class=\"ez-toc-section\" id=\"Lieu_luong_va_cach_dung\"><\/span><b>Li\u1ec1u l\u01b0\u1ee3ng v\u00e0 c\u00e1ch d\u00f9ng<\/b><span class=\"ez-toc-section-end\"><\/span><\/h2>\n<p><span style=\"font-weight: 400;\">&#8211; U\u1ed1ng m\u1ed7i l\u1ea7n 2 vi\u00ean x 3 l\u1ea7n\/ng\u00e0y<\/span><\/p>\n<p><span style=\"font-weight: 400;\">&#8211; M\u1ed7i \u0111\u1ee3t \u0111i\u1ec1u tr\u1ecb n\u00ean k\u00e9o d\u00e0i 1-2 th\u00e1ng.\u00a0<\/span><\/p>\n<p><span style=\"font-weight: 400;\">N\u00ean u\u1ed1ng nhi\u1ec1u n\u01b0\u1edbc, t\u1eeb 1,5 &#8211; 2 l\u00edt n\u01b0\u1edbc\/ng\u00e0y, kh\u00f4ng \u0103n \u0111\u1ed3 cay, n\u00f3ng, kh\u00f4ng u\u1ed1ng r\u01b0\u1ee3u bia cafe.<\/span><\/p>\n<p><span style=\"font-weight: 400;\">Ti\u00eau chu\u1ea9n: TCCS<\/span><\/p>\n<p><span style=\"font-weight: 400;\">S\u0110K: VD &#8211; 25841 &#8211; 16.<\/span><\/p>\n","protected":false},"excerpt":{"rendered":"<ul>\n<li style=\"font-weight: 400;\" aria-level=\"1\"><b>C\u00f4ng d\u1ee5ng<\/b><span style=\"font-weight: 400;\">: <\/span><span style=\"font-weight: 400;\">\u00a0\u0110i\u1ec1u tr\u1ecb tr\u0129, \u0111i ngo\u00e0i ra m\u00e1u, \u0111\u1ea1i tr\u00e0ng t\u00e1o nhi\u1ec7t<\/span><\/li>\n<li style=\"font-weight: 400;\" aria-level=\"1\"><b>Nh\u00e0 s\u1ea3n xu\u1ea5t<\/b><span style=\"font-weight: 400;\">: Mediplantex &#8211; VN<\/span><\/li>\n<li style=\"font-weight: 400;\" aria-level=\"1\"><b>Quy c\u00e1ch<\/b><span style=\"font-weight: 400;\">: H\u1ed9p 30 vi\u00ean nang (3 v\u1ec9 x 30 vi\u00ean). Th\u00f9ng 240 h\u1ed9p<\/span><\/li>\n<li style=\"font-weight: 400;\" aria-level=\"1\"><b>C\u00e1ch d\u00f9ng<\/b><span style=\"font-weight: 400;\">: Tr\u1ebb em &gt;7 tu\u1ed5i: u\u1ed1ng 1 vi\u00ean\/l\u1ea7n x 1 l\u1ea7n\/ng\u00e0y. Ng\u01b0\u1eddi l\u1edbn: 1 vi\u00ean x 2 l\u1ea7n\/ng\u00e0y<\/span><\/li>\n<li style=\"font-weight: 400;\" aria-level=\"1\"><b>H\u1ea1n d\u00f9ng: <\/b><span style=\"font-weight: 400;\">3 n\u0103m k\u1ec3 t\u1eeb ng\u00e0y s\u1ea3n xu\u1ea5t<\/span><\/li>\n<\/ul>\n","protected":false},"featured_media":3613,"comment_status":"open","ping_status":"closed","template":"","meta":[],"product_cat":[15,56],"product_tag":[],"_links":{"self":[{"href":"https:\/\/ngaviet.com\/vi\/wp-json\/wp\/v2\/product\/2892"}],"collection":[{"href":"https:\/\/ngaviet.com\/vi\/wp-json\/wp\/v2\/product"}],"about":[{"href":"https:\/\/ngaviet.com\/vi\/wp-json\/wp\/v2\/types\/product"}],"replies":[{"embeddable":true,"href":"https:\/\/ngaviet.com\/vi\/wp-json\/wp\/v2\/comments?post=2892"}],"wp:featuredmedia":[{"embeddable":true,"href":"https:\/\/ngaviet.com\/vi\/wp-json\/wp\/v2\/media\/3613"}],"wp:attachment":[{"href":"https:\/\/ngaviet.com\/vi\/wp-json\/wp\/v2\/media?parent=2892"}],"wp:term":[{"taxonomy":"product_cat","embeddable":true,"href":"https:\/\/ngaviet.com\/vi\/wp-json\/wp\/v2\/product_cat?post=2892"},{"taxonomy":"product_tag","embeddable":true,"href":"https:\/\/ngaviet.com\/vi\/wp-json\/wp\/v2\/product_tag?post=2892"}],"curies":[{"name":"wp","href":"https:\/\/api.w.org\/{rel}","templated":true}]}}