{"id":2912,"date":"2022-10-22T10:26:49","date_gmt":"2022-10-22T03:26:49","guid":{"rendered":"https:\/\/ngaviet.com\/?post_type=product&#038;p=2912"},"modified":"2022-11-09T16:31:17","modified_gmt":"2022-11-09T09:31:17","slug":"hoat-huyet-duong-nao-ginko-multi-extra-120mg","status":"publish","type":"product","link":"https:\/\/ngaviet.com\/vi\/hoat-huyet-duong-nao-ginko-multi-extra-120mg\/","title":{"rendered":"Ho\u1ea1t huy\u1ebft d\u01b0\u1ee1ng n\u00e3o Ginko Multi Extra 120mg"},"content":{"rendered":"<p><span style=\"font-weight: 400;\"><div id=\"ez-toc-container\" class=\"ez-toc-v2_0_58 counter-hierarchy ez-toc-counter ez-toc-light-blue ez-toc-container-direction\">\n<div class=\"ez-toc-title-container\">\n<p class=\"ez-toc-title \" >M\u1ee5c l\u1ee5c<\/p>\n<span class=\"ez-toc-title-toggle\"><a href=\"#\" class=\"ez-toc-pull-right ez-toc-btn ez-toc-btn-xs ez-toc-btn-default ez-toc-toggle\" aria-label=\"Toggle Table of Content\" role=\"button\"><label for=\"item-69d830e53a9ea\" ><span class=\"\"><span class=\"eztoc-hide\" style=\"display:none;\">Toggle<\/span><span class=\"ez-toc-icon-toggle-span\"><svg style=\"fill: #999;color:#999\" xmlns=\"http:\/\/www.w3.org\/2000\/svg\" class=\"list-377408\" width=\"20px\" height=\"20px\" viewBox=\"0 0 24 24\" fill=\"none\"><path d=\"M6 6H4v2h2V6zm14 0H8v2h12V6zM4 11h2v2H4v-2zm16 0H8v2h12v-2zM4 16h2v2H4v-2zm16 0H8v2h12v-2z\" fill=\"currentColor\"><\/path><\/svg><svg style=\"fill: #999;color:#999\" class=\"arrow-unsorted-368013\" xmlns=\"http:\/\/www.w3.org\/2000\/svg\" width=\"10px\" height=\"10px\" viewBox=\"0 0 24 24\" version=\"1.2\" baseProfile=\"tiny\"><path d=\"M18.2 9.3l-6.2-6.3-6.2 6.3c-.2.2-.3.4-.3.7s.1.5.3.7c.2.2.4.3.7.3h11c.3 0 .5-.1.7-.3.2-.2.3-.5.3-.7s-.1-.5-.3-.7zM5.8 14.7l6.2 6.3 6.2-6.3c.2-.2.3-.5.3-.7s-.1-.5-.3-.7c-.2-.2-.4-.3-.7-.3h-11c-.3 0-.5.1-.7.3-.2.2-.3.5-.3.7s.1.5.3.7z\"\/><\/svg><\/span><\/span><\/label><input aria-label=\"Toggle\" aria-label=\"item-69d830e53a9ea\"  type=\"checkbox\" id=\"item-69d830e53a9ea\"><\/a><\/span><\/div>\n<nav><ul class='ez-toc-list ez-toc-list-level-1 eztoc-toggle-hide-by-default' ><li class='ez-toc-page-1 ez-toc-heading-level-2'><a class=\"ez-toc-link ez-toc-heading-1\" href=\"https:\/\/ngaviet.com\/vi\/hoat-huyet-duong-nao-ginko-multi-extra-120mg\/#Thong_tin_san_pham_Ginko_Multi_Extra\" title=\"Th\u00f4ng tin s\u1ea3n ph\u1ea9m Ginko Multi Extra\">Th\u00f4ng tin s\u1ea3n ph\u1ea9m Ginko Multi Extra<\/a><\/li><li class='ez-toc-page-1 ez-toc-heading-level-2'><a class=\"ez-toc-link ez-toc-heading-2\" href=\"https:\/\/ngaviet.com\/vi\/hoat-huyet-duong-nao-ginko-multi-extra-120mg\/#Thanh_phan_san_pham\" title=\"Th\u00e0nh ph\u1ea7n s\u1ea3n ph\u1ea9m\">Th\u00e0nh ph\u1ea7n s\u1ea3n ph\u1ea9m<\/a><\/li><li class='ez-toc-page-1 ez-toc-heading-level-2'><a class=\"ez-toc-link ez-toc-heading-3\" href=\"https:\/\/ngaviet.com\/vi\/hoat-huyet-duong-nao-ginko-multi-extra-120mg\/#Cong_dung_cua_Ginko_Multi_Extra\" title=\"C\u00f4ng d\u1ee5ng c\u1ee7a Ginko Multi Extra\">C\u00f4ng d\u1ee5ng c\u1ee7a Ginko Multi Extra<\/a><\/li><li class='ez-toc-page-1 ez-toc-heading-level-2'><a class=\"ez-toc-link ez-toc-heading-4\" href=\"https:\/\/ngaviet.com\/vi\/hoat-huyet-duong-nao-ginko-multi-extra-120mg\/#Doi_tuong_su_dung\" title=\"\u0110\u1ed1i t\u01b0\u1ee3ng s\u1eed d\u1ee5ng\">\u0110\u1ed1i t\u01b0\u1ee3ng s\u1eed d\u1ee5ng<\/a><\/li><li class='ez-toc-page-1 ez-toc-heading-level-2'><a class=\"ez-toc-link ez-toc-heading-5\" href=\"https:\/\/ngaviet.com\/vi\/hoat-huyet-duong-nao-ginko-multi-extra-120mg\/#Huong_dan_su_dung\" title=\"H\u01b0\u1edbng d\u1eabn s\u1eed d\u1ee5ng\">H\u01b0\u1edbng d\u1eabn s\u1eed d\u1ee5ng<\/a><\/li><li class='ez-toc-page-1 ez-toc-heading-level-2'><a class=\"ez-toc-link ez-toc-heading-6\" href=\"https:\/\/ngaviet.com\/vi\/hoat-huyet-duong-nao-ginko-multi-extra-120mg\/#Cach_bao_quan\" title=\"C\u00e1ch b\u1ea3o qu\u1ea3n\">C\u00e1ch b\u1ea3o qu\u1ea3n<\/a><\/li><\/ul><\/nav><\/div>\n<\/span><\/p>\n<h2><span class=\"ez-toc-section\" id=\"Thong_tin_san_pham_Ginko_Multi_Extra\"><\/span><b>Th\u00f4ng tin s\u1ea3n ph\u1ea9m Ginko Multi Extra<\/b><span class=\"ez-toc-section-end\"><\/span><\/h2>\n<p><span style=\"font-weight: 400;\">Ho\u1ea1t huy\u1ebft d\u01b0\u1ee1ng n\u00e3o Ginko Multi Extra l\u00e0 s\u1ea3n ph\u1ea9m ch\u1ee9c n\u0103ng c\u00f3 c\u00f4ng d\u1ee5ng h\u1ed7 tr\u1ee3 t\u0103ng c\u01b0\u1eddng tu\u1ea7n ho\u00e0n m\u00e1u n\u00e3o, t\u0103ng kh\u1ea3 n\u0103ng t\u1eadp trung, c\u1ea3i thi\u1ec7n tr\u00ed nh\u1edb. S\u1ea3n ph\u1ea9m ph\u00f9 h\u1ee3p v\u1edbi nh\u1eefng ng\u01b0\u1eddi th\u01b0\u1eddng xuy\u00ean b\u1ecb stress, \u0111au \u0111\u1ea7u, tr\u00ed nh\u1edb k\u00e9m,&#8230;h\u1ed7 tr\u1ee3 t\u0103ng c\u01b0\u1eddng s\u1ef1 t\u1eadp trung cho ng\u01b0\u1eddi d\u00f9ng.<\/span><\/p>\n<p><b>Ginko Multi Extra c\u00f3 2 quy c\u00e1ch \u0111\u00f3ng g\u00f3i:<\/b><span style=\"font-weight: 400;\">\u00a0<\/span><\/p>\n<ul>\n<li style=\"font-weight: 400;\" aria-level=\"1\"><span style=\"font-weight: 400;\">H\u1ed9p 30 vi\u00ean (3 v\u1ec9 x 10 vi\u00ean) &#8211; Th\u00f9ng 120 h\u1ed9p<\/span><\/li>\n<li style=\"font-weight: 400;\" aria-level=\"1\"><span style=\"font-weight: 400;\">H\u1ed9p 100 vi\u00ean (10 v\u1ec9 x 10 vi\u00ean) &#8211; Th\u00f9ng 60 h\u1ed9p.<\/span><\/li>\n<\/ul>\n<h2><span class=\"ez-toc-section\" id=\"Thanh_phan_san_pham\"><\/span><b>Th\u00e0nh ph\u1ea7n s\u1ea3n ph\u1ea9m<\/b><span class=\"ez-toc-section-end\"><\/span><\/h2>\n<p><span style=\"font-weight: 400;\">Cao B\u1ea1ch qu\u1ea3 (Ginkgo biloba extract)&#8230;&#8230;&#8230;&#8230;&#8230;&#8230;&#8230;&#8230;&#8230;&#8230;&#8230;&#8230;&#8230;&#8230;&#8230;.120mg<\/span><\/p>\n<p><span style=\"font-weight: 400;\">Magnesi oxyd&#8230;&#8230;&#8230;&#8230;&#8230;&#8230;&#8230;&#8230;&#8230;&#8230;&#8230;&#8230;&#8230;&#8230;&#8230;&#8230;&#8230;&#8230;&#8230;&#8230;&#8230;&#8230;&#8230;&#8230;&#8230;&#8230;&#8230;&#8230;&#8230;&#8230;&#8230;.40mg<\/span><\/p>\n<p><span style=\"font-weight: 400;\">Cafein&#8230;&#8230;&#8230;&#8230;&#8230;&#8230;&#8230;&#8230;&#8230;&#8230;&#8230;&#8230;&#8230;&#8230;&#8230;&#8230;&#8230;&#8230;&#8230;&#8230;&#8230;&#8230;&#8230;&#8230;&#8230;&#8230;&#8230;&#8230;&#8230;&#8230;&#8230;&#8230;&#8230;&#8230;&#8230;&#8230;.10mg<\/span><\/p>\n<p><span style=\"font-weight: 400;\">Rutin&#8230;&#8230;&#8230;&#8230;&#8230;&#8230;&#8230;&#8230;&#8230;&#8230;&#8230;&#8230;&#8230;&#8230;&#8230;&#8230;&#8230;&#8230;&#8230;&#8230;&#8230;&#8230;&#8230;&#8230;&#8230;&#8230;&#8230;&#8230;&#8230;&#8230;&#8230;&#8230;&#8230;&#8230;&#8230;&#8230;&#8230;.5mg<\/span><\/p>\n<p><span style=\"font-weight: 400;\">Vitamin B1 (Thiamin mononitrat)&#8230;&#8230;&#8230;&#8230;&#8230;&#8230;&#8230;&#8230;&#8230;&#8230;&#8230;&#8230;&#8230;&#8230;&#8230;&#8230;&#8230;&#8230;..2mg<\/span><\/p>\n<p><span style=\"font-weight: 400;\">Vitamin B2 (Riboflavin)&#8230;&#8230;&#8230;&#8230;&#8230;&#8230;&#8230;&#8230;&#8230;&#8230;&#8230;&#8230;&#8230;&#8230;&#8230;&#8230;&#8230;&#8230;&#8230;&#8230;&#8230;&#8230;&#8230;&#8230;&#8230;.2mg<\/span><\/p>\n<p><span style=\"font-weight: 400;\">Vitamin B5 (D-pantothenat, calci)&#8230;&#8230;&#8230;&#8230;&#8230;&#8230;&#8230;&#8230;&#8230;&#8230;&#8230;&#8230;&#8230;&#8230;&#8230;&#8230;&#8230;&#8230;.2mg<\/span><\/p>\n<p><span style=\"font-weight: 400;\">Vitamin B6 (pyridoxin hydroclorid)&#8230;&#8230;&#8230;&#8230;&#8230;&#8230;&#8230;&#8230;&#8230;&#8230;&#8230;&#8230;&#8230;&#8230;&#8230;&#8230;&#8230;&#8230;2mg<\/span><\/p>\n<p><span style=\"font-weight: 400;\">Vitamin B12 (Cyanocobalamin)&#8230;&#8230;&#8230;&#8230;&#8230;&#8230;&#8230;&#8230;&#8230;&#8230;&#8230;&#8230;&#8230;&#8230;&#8230;&#8230;&#8230;&#8230;&#8230;..10mcg<\/span><\/p>\n<h2><span class=\"ez-toc-section\" id=\"Cong_dung_cua_Ginko_Multi_Extra\"><\/span><b>C\u00f4ng d\u1ee5ng c\u1ee7a Ginko Multi Extra<\/b><span class=\"ez-toc-section-end\"><\/span><\/h2>\n<ul>\n<li style=\"font-weight: 400;\" aria-level=\"1\"><span style=\"font-weight: 400;\">H\u1ed7 tr\u1ee3 ho\u1ea1t huy\u1ebft, t\u0103ng c\u01b0\u1eddng tu\u1ea7n ho\u00e0n m\u00e1u n\u00e3o<\/span><\/li>\n<li style=\"font-weight: 400;\" aria-level=\"1\"><span style=\"font-weight: 400;\">H\u1ed7 tr\u1ee3 l\u00e0m gi\u1ea3m c\u00e1c tri\u1ec7u ch\u1ee9ng thi\u1ec3u n\u0103ng tu\u1ea7n ho\u00e0n n\u00e3o.\u00a0<\/span><\/li>\n<li style=\"font-weight: 400;\" aria-level=\"1\"><span style=\"font-weight: 400;\">H\u1ed7 tr\u1ee3 c\u1ea3i thi\u1ec7n c\u00e1c di ch\u1ee9ng sau tai bi\u1ebfn m\u1ea1ch m\u00e1u n\u00e3o do t\u1eafc m\u1ea1ch.<\/span><\/li>\n<\/ul>\n<h2><span class=\"ez-toc-section\" id=\"Doi_tuong_su_dung\"><\/span><b>\u0110\u1ed1i t\u01b0\u1ee3ng s\u1eed d\u1ee5ng<\/b><span class=\"ez-toc-section-end\"><\/span><\/h2>\n<p><span style=\"font-weight: 400;\">&#8211; Ng\u01b0\u1eddi b\u1ecb thi\u1ec3u n\u0103ng tu\u1ea7n ho\u00e0n n\u00e3o v\u1edbi c\u00e1c tri\u1ec7u ch\u1ee9ng: \u0111au \u0111\u1ea7u, hoa m\u1eaft, ch\u00f3ng m\u1eb7t, k\u00e9m t\u1eadp trung, h\u1ed9i ch\u1ee9ng ti\u1ec1n \u0111\u00ecnh<\/span><\/p>\n<p><span style=\"font-weight: 400;\">&#8211; Ng\u01b0\u1eddi l\u00e0m vi\u1ec7c tr\u00ed \u00f3c c\u0103ng th\u1eb3ng, m\u1ec7t m\u1ecfi.<\/span><\/p>\n<p><span style=\"font-weight: 400;\">&#8211; Ng\u01b0\u1eddi sau tai bi\u1ebfn m\u1ea1ch m\u00e1u n\u00e3o do t\u1eafc m\u1ea1ch.<\/span><\/p>\n<h2><span class=\"ez-toc-section\" id=\"Huong_dan_su_dung\"><\/span><b>H\u01b0\u1edbng d\u1eabn s\u1eed d\u1ee5ng<\/b><span class=\"ez-toc-section-end\"><\/span><\/h2>\n<p><span style=\"font-weight: 400;\">Ng\u01b0\u1eddi t\u1eeb 12 tu\u1ed5i tr\u1edf l\u00ean <\/span><span style=\"font-weight: 400;\">u\u1ed1ng 02 l\u1ea7n ng\u00e0y\/m\u1ed7i l\u1ea7n 01 vi\u00ean, u\u1ed1ng sau \u0103n.<\/span><\/p>\n<p><b>L\u01b0u \u00fd<\/b><span style=\"font-weight: 400;\">:<\/span><\/p>\n<ul>\n<li style=\"font-weight: 400;\" aria-level=\"1\"><span style=\"font-weight: 400;\">Th\u1ef1c ph\u1ea9m n\u00e0y kh\u00f4ng ph\u1ea3i l\u00e0 thu\u1ed1c v\u00e0 kh\u00f4ng c\u00f3 t\u00e1c d\u1ee5ng thay th\u1ebf thu\u1ed1c ch\u1eefa b\u1ec7nh<\/span><\/li>\n<li style=\"font-weight: 400;\" aria-level=\"1\"><span style=\"font-weight: 400;\">Kh\u00f4ng d\u00f9ng cho ng\u01b0\u1eddi m\u1eabn c\u1ea3m v\u1edbi b\u1ea5t c\u1ee9 th\u00e0nh ph\u1ea7n n\u00e0o c\u1ee7a s\u1ea3n ph\u1ea9m. Tr\u1ebb em d\u01b0\u1edbi 12 tu\u1ed5i, ph\u1ee5 n\u1eef cho con b\u00fa, ph\u1ee5 n\u1eef rong kinh, ng\u01b0\u1eddi \u0111ang trong c\u01a1n cao huy\u1ebft \u00e1p k\u1ecbch ph\u00e1t, ng\u01b0\u1eddi c\u00f3 h\u1ed9i ch\u1ee9ng m\u00e1u ch\u1eadm \u0111\u00f4ng, ng\u01b0\u1eddi \u0111ang xu\u1ea5t huy\u1ebft, ng\u01b0\u1eddi chu\u1ea9n b\u1ecb ph\u1eabu thu\u1eadt c\u1ea7n h\u1ecfi \u00fd ki\u1ebfn b\u00e1c s\u0129 tr\u01b0\u1edbc khi d\u00f9ng.<\/span><\/li>\n<\/ul>\n<h2><span class=\"ez-toc-section\" id=\"Cach_bao_quan\"><\/span><b>C\u00e1ch b\u1ea3o qu\u1ea3n<\/b><span class=\"ez-toc-section-end\"><\/span><\/h2>\n<p><span style=\"font-weight: 400;\">B\u1ea3o qu\u1ea3n n\u01a1i kh\u00f4 r\u00e1o, tho\u00e1ng m\u00e1t, tr\u00e1nh \u00e1nh n\u1eafng tr\u1ef1c ti\u1ebfp, nhi\u1ec7t \u0111\u1ed9 kh\u00f4ng qu\u00e1 30 \u0111\u1ed9 C. \u0110\u1ec3 xa t\u1ea7m tay tr\u1ebb em.<\/span><\/p>\n<p><b>Th\u01b0\u01a1ng nh\u00e2n ch\u1ecbu tr\u00e1ch nhi\u1ec7m v\u1ec1 ch\u1ea5t l\u01b0\u1ee3ng s\u1ea3n ph\u1ea9m v\u00e0 ph\u00e2n ph\u1ed1i<\/b><\/p>\n<p><span style=\"font-weight: 400;\">C\u00f4ng ty TNHH PTTM D\u01b0\u1ee3c Ph\u1ea9m An Ph\u00e1t<\/span><\/p>\n<p><span style=\"font-weight: 400;\">\u0110\u1ecba ch\u1ec9: S\u1ed1 43 ng\u00f5 145\/93\/2 C\u1ed5 Nhu\u1ebf, Ph\u01b0\u1eddng C\u1ed5 Nhu\u1ebf 2, qu\u1eadn B\u1eafc T\u1eeb Li\u00eam, Th\u00e0nh ph\u1ed1 H\u00e0 N\u1ed9i<\/span><\/p>\n<p><b>S\u1ea3n xu\u1ea5t t\u1ea1i C\u00f4ng ty C\u1ed5 Ph\u1ea7n d\u01b0\u1ee3c v\u1eadt t\u01b0 y t\u1ebf H\u1ea3i D\u01b0\u01a1ng<\/b><\/p>\n<p><span style=\"font-weight: 400;\">\u0110\u1ecba ch\u1ec9: s\u1ed1 102 Chi L\u0103ng, Ph\u01b0\u1eddng Nguy\u1ec5n Tr\u00e3i, TP. H\u1ea3i D\u01b0\u01a1ng, T\u1ec9nh H\u1ea3i D\u01b0\u01a1ng<\/span><\/p>\n<p><span style=\"font-weight: 400;\">S\u1ea3n ph\u1ea9m \u0111\u00e3 \u0111\u01b0\u1ee3c B\u1ed9 y t\u1ebf C\u1ee5c an to\u00e0n th\u1ef1c ph\u1ea9m Vi\u1ec7t Nam c\u1ea5p gi\u1ea5y ch\u1ee9ng nh\u1eadn c\u00f4ng b\u1ed1 s\u1ea3n ph\u1ea9m s\u1ed1: 2257\/2020\/\u0110KSP<\/span><\/p>\n<p><img decoding=\"async\" loading=\"lazy\" class=\"wp-image-2913 aligncenter\" src=\"https:\/\/ngaviet.com\/wp-content\/uploads\/2022\/10\/2020-ginko-multi-1_page-0001.jpg\" alt=\"hoat-huyet-duong-nao-ginko-multi-extra\" width=\"500\" height=\"707\" \/><\/p>\n","protected":false},"excerpt":{"rendered":"<ul>\n<li style=\"font-weight: 400;\" aria-level=\"1\"><b>C\u00f4ng d\u1ee5ng<\/b><span style=\"font-weight: 400;\">: T\u0103ng tu\u1ea7n ho\u00e0n n\u00e3o, t\u0103ng kh\u1ea3 n\u0103ng ch\u00fa \u00fd t\u1eadp trung, t\u0103ng tr\u00ed nh\u1edb, ph\u00f2ng b\u1ec7nh Alzheimer\u2019s<\/span><\/li>\n<li style=\"font-weight: 400;\" aria-level=\"1\"><b>Nh\u00e0 s\u1ea3n xu\u1ea5t<\/b><span style=\"font-weight: 400;\">: D\u01b0\u1ee3c H\u1ea3i D\u01b0\u01a1ng &#8211; VN<\/span><\/li>\n<li style=\"font-weight: 400;\" aria-level=\"1\"><b>Quy c\u00e1ch<\/b><span style=\"font-weight: 400;\">: Lo\u1ea1i h\u1ed9p 30 vi\u00ean v\u00e0 100 vi\u00ean\u00a0<\/span><\/li>\n<li style=\"font-weight: 400;\" aria-level=\"1\"><b>C\u00e1ch d\u00f9ng<\/b><span style=\"font-weight: 400;\">: ng\u00e0y u\u1ed1ng 2 l\u1ea7n, m\u1ed7i l\u1ea7n 1 vi\u00ean<\/span><\/li>\n<li style=\"font-weight: 400;\" aria-level=\"1\"><b>H\u1ea1n d\u00f9ng<\/b><span style=\"font-weight: 400;\">: 3 n\u0103m k\u1ec3 t\u1eeb ng\u00e0y s\u1ea3n xu\u1ea5t<\/span><\/li>\n<\/ul>\n","protected":false},"featured_media":3611,"comment_status":"open","ping_status":"closed","template":"","meta":[],"product_cat":[15,67],"product_tag":[],"_links":{"self":[{"href":"https:\/\/ngaviet.com\/vi\/wp-json\/wp\/v2\/product\/2912"}],"collection":[{"href":"https:\/\/ngaviet.com\/vi\/wp-json\/wp\/v2\/product"}],"about":[{"href":"https:\/\/ngaviet.com\/vi\/wp-json\/wp\/v2\/types\/product"}],"replies":[{"embeddable":true,"href":"https:\/\/ngaviet.com\/vi\/wp-json\/wp\/v2\/comments?post=2912"}],"wp:featuredmedia":[{"embeddable":true,"href":"https:\/\/ngaviet.com\/vi\/wp-json\/wp\/v2\/media\/3611"}],"wp:attachment":[{"href":"https:\/\/ngaviet.com\/vi\/wp-json\/wp\/v2\/media?parent=2912"}],"wp:term":[{"taxonomy":"product_cat","embeddable":true,"href":"https:\/\/ngaviet.com\/vi\/wp-json\/wp\/v2\/product_cat?post=2912"},{"taxonomy":"product_tag","embeddable":true,"href":"https:\/\/ngaviet.com\/vi\/wp-json\/wp\/v2\/product_tag?post=2912"}],"curies":[{"name":"wp","href":"https:\/\/api.w.org\/{rel}","templated":true}]}}