{"id":2980,"date":"2022-10-25T10:13:29","date_gmt":"2022-10-25T03:13:29","guid":{"rendered":"https:\/\/ngaviet.com\/?post_type=product&#038;p=2980"},"modified":"2022-10-25T11:27:50","modified_gmt":"2022-10-25T04:27:50","slug":"xit-hong-xuyen-tam-lien-keo-ong","status":"publish","type":"product","link":"https:\/\/ngaviet.com\/vi\/xit-hong-xuyen-tam-lien-keo-ong\/","title":{"rendered":"X\u1ecbt h\u1ecdng Xuy\u00ean T\u00e2m Li\u00ean keo ong h\u1ed7 tr\u1ee3 kh\u00e1ng vi\u00eam"},"content":{"rendered":"<h2><b>Th\u00f4ng tin v\u1ec1 X\u1ecbt h\u1ecdng Xuy\u00ean T\u00e2m Li\u00ean keo ong<\/b><\/h2>\n<p><span style=\"font-weight: 400;\">X\u1ecbt mi\u1ec7ng h\u1ecdng Xuy\u00ean T\u00e2m Li\u00ean l\u00e0 s\u1ea3n ph\u1ea9m \u0111\u01b0\u1ee3c s\u1ea3n xu\u1ea5t b\u1edfi c\u00f4ng ty D\u01b0\u1ee3c Li\u00ean Doanh EU Vi\u1ec7t Nam v\u1edbi th\u00e0nh ph\u1ea7n t\u1eeb d\u1ecbch chi\u1ebft l\u00e1 t\u00eda t\u00f4, keo ong, xuy\u00ean t\u00e2m li\u00ean c\u00f3 c\u00f4ng d\u1ee5ng kh\u00e1ng vi\u00eam, ng\u0103n ng\u1eeba s\u1ef1 ph\u00e1t tri\u1ec3n c\u1ee7a vi khu\u1ea9n trong khoang mi\u1ec7ng. L\u00e0m gi\u1ea3m c\u00e1c tri\u1ec7u ch\u1ee9ng v\u00e0 ng\u0103n ng\u1eeba vi\u00eam \u0111\u01b0\u1eddng h\u00f4 h\u1ea5p tr\u00ean do vi khu\u1ea9n, virus g\u00e2y ra.\u00a0<\/span><\/p>\n<p><span style=\"font-weight: 400;\">X\u1ecbt mi\u1ec7ng h\u1ecdng Xuy\u00ean T\u00e2m Li\u00ean keo ong th\u00edch h\u1ee3p cho ng\u01b0\u1eddi b\u1ecb <\/span><span style=\"font-weight: 400;\">vi\u00eam lo\u00e9t nhi\u1ec7t mi\u1ec7ng, ng\u1ee9a h\u1ecdng, kh\u00e0n ti\u1ebfng, ng\u01b0\u1eddi \u0111ang mu\u1ed1n c\u00f3 m\u1ed9t h\u01a1i th\u1edf th\u01a1m m\u00e1t.<\/span><\/p>\n<h2><b>Th\u00e0nh ph\u1ea7n x\u1ecbt h\u1ecdng Xuy\u00ean T\u00e2m Li\u00ean<\/b><\/h2>\n<p><span style=\"font-weight: 400;\">D\u1ecbch chi\u1ebft keo ong, D\u1ecbch chi\u1ebft Xuy\u00ean t\u00e2m li\u00ean, D\u1ecbch chi\u1ebft T\u00eda t\u00f4, D\u1ecbch chi\u1ebft Tr\u1ea7u kh\u00f4ng, D\u1ecbch chi\u1ebft \u0110inh h\u01b0\u01a1ng, Glycerine, NaCl, Saccharin, Benzalko nium, Natri Benzoate, H\u01b0\u01a1ng li\u1ec7u,<\/span><\/p>\n<p><span style=\"font-weight: 400;\">n\u01b0\u1edbc v\u1eeba \u0111\u1ee7.<\/span><\/p>\n<h2><b>C\u00f4ng d\u1ee5ng c\u1ee7a x\u1ecbt mi\u1ec7ng h\u1ecdng Xuy\u00ean T\u00e2m Li\u00ean<\/b><\/h2>\n<p><span style=\"font-weight: 400;\">&#8211; L\u00e0m s\u1ea1ch khoang mi\u1ec7ng h\u1ecdng, kh\u1eed m\u00f9i h\u00f4i mi\u1ec7ng, cho h\u01a1i th\u1edf th\u01a1m m\u00e1t h\u01a1n<\/span><\/p>\n<p><span style=\"font-weight: 400;\">&#8211; Gi\u00fap l\u00e0m d\u1ecbu m\u00e1t h\u1ecdng, h\u1ed7 tr\u1ee3 ng\u1eeba khu\u1ea9n, kh\u00e1ng vi\u00eam, gi\u00fap ng\u0103n ng\u1eeba s\u1ef1 ph\u00e1t tri\u1ec3n c\u1ee7a vi khu\u1ea9n trong khoang mi\u1ec7ng<\/span><\/p>\n<p><span style=\"font-weight: 400;\">&#8211; Gi\u00fap l\u00e0m gi\u1ea3m c\u00e1c tri\u1ec7u ch\u1ee9ng v\u00e0 ng\u0103n ng\u1eeba: ng\u1ee9a r\u00e1t c\u1ed5 h\u1ecdng, \u0111au h\u1ecdng, kh\u00e0n ti\u1ebfng, nhi\u1ec7t mi\u1ec7ng, vi\u00eam l\u1ee3i, vi\u00eam lo\u00e9t mi\u1ec7ng, vi\u00eam \u0111\u01b0\u1eddng h\u00f4 h\u1ea5p tr\u00ean do vi khu\u1ea9n, virus g\u00e2y ra.<\/span><\/p>\n<h2><b>\u0110\u1ed1i t\u01b0\u1ee3ng s\u1eed d\u1ee5ng<\/b><\/h2>\n<ul>\n<li style=\"font-weight: 400;\" aria-level=\"1\"><span style=\"font-weight: 400;\">D\u00f9ng cho ng\u01b0\u1eddi \u0111ang b\u1ecb vi\u00eam khoang mi\u1ec7ng, vi\u00eam lo\u00e9t nhi\u1ec7t mi\u1ec7ng<\/span><\/li>\n<li style=\"font-weight: 400;\" aria-level=\"1\"><span style=\"font-weight: 400;\">Ng\u01b0\u1eddi b\u1ecb ng\u1ee9a h\u1ecdng, \u0111au h\u1ecdng kh\u00e0n ti\u1ebfng, kh\u00f3 nu\u1ed1t<\/span><\/li>\n<li style=\"font-weight: 400;\" aria-level=\"1\"><span style=\"font-weight: 400;\">D\u00f9ng cho ng\u01b0\u1eddi vi\u00eam \u0111\u01b0\u1eddng h\u00f4 h\u1ea5p do vi khu\u1ea9n g\u00e2y ra<\/span><\/li>\n<li style=\"font-weight: 400;\" aria-level=\"1\"><span style=\"font-weight: 400;\">Ng\u01b0\u1eddi h\u00f4i mi\u1ec7ng, c\u1ea7n gi\u1eef cho h\u01a1i th\u1edf th\u01a1m m\u00e1t.<\/span><\/li>\n<\/ul>\n<h2><b>C\u00e1ch d\u00f9ng x\u1ecbt h\u1ecdng keo ong\u00a0<\/b><\/h2>\n<ul>\n<li style=\"font-weight: 400;\" aria-level=\"1\"><span style=\"font-weight: 400;\">L\u1eafc \u0111\u1ec1u tr\u01b0\u1edbc khi s\u1eed d\u1ee5ng<\/span><\/li>\n<li style=\"font-weight: 400;\" aria-level=\"1\"><span style=\"font-weight: 400;\">X\u1ecbt tr\u1ef1c ti\u1ebfp v\u00e0o khoang mi\u1ec7ng v\u00e0 h\u1ecdng, m\u1ed7i l\u1ea7n x\u1ecbt 2 &#8211; 3 nh\u1ecbp<\/span><\/li>\n<li style=\"font-weight: 400;\" aria-level=\"1\"><span style=\"font-weight: 400;\">S\u1eed d\u1ee5ng 3 &#8211; 4 l\u1ea7n\/ng\u00e0y<\/span><\/li>\n<li style=\"font-weight: 400;\" aria-level=\"1\"><span style=\"font-weight: 400;\">S\u1ea3n ph\u1ea9m x\u1ecbt c\u00f3 th\u1ec3 nh\u1ed5 ra ho\u1eb7c nu\u1ed1t kh\u00f4ng g\u00e2y h\u1ea1i \u0111\u1ebfn s\u1ee9c kh\u1ecfe ng\u01b0\u1eddi s\u1eed d\u1ee5ng.<\/span><\/li>\n<\/ul>\n<p><b>L\u01b0u \u00fd<\/b><span style=\"font-weight: 400;\">:<\/span><\/p>\n<ul>\n<li style=\"font-weight: 400;\" aria-level=\"1\"><span style=\"font-weight: 400;\">S\u1ea3n ph\u1ea9m n\u00e0y kh\u00f4ng ph\u1ea3i l\u00e0 thu\u1ed1c v\u00e0 kh\u00f4ng c\u00f3 t\u00e1c d\u1ee5ng thay th\u1ebf thu\u1ed1c ch\u1eefa b\u1ec7nh<\/span><\/li>\n<li style=\"font-weight: 400;\" aria-level=\"1\"><span style=\"font-weight: 400;\">Kh\u00f4ng d\u00f9ng cho ng\u01b0\u1eddi m\u1eabn c\u1ea3m v\u1edbi b\u1ea5t c\u1ee9 th\u00e0nh ph\u1ea7n n\u00e0o c\u1ee7a thu\u1ed1c.<\/span><\/li>\n<\/ul>\n<h2><b>C\u00e1ch b\u1ea3o qu\u1ea3n:\u00a0<\/b><\/h2>\n<p><span style=\"font-weight: 400;\">N\u01a1i kh\u00f4 r\u00e1o, tho\u00e1ng m\u00e1t, tr\u00e1nh \u00e1nh n\u1eafng tr\u1ef1c ti\u1ebfp.<\/span><\/p>\n<p><b>Nh\u00e0 s\u1ea3n xu\u1ea5t: C\u00f4ng ty C\u1ed5 ph\u1ea7n d\u01b0\u1ee3c Li\u00ean Doanh EU Vi\u1ec7t Nam<\/b><\/p>\n<p><span style=\"font-weight: 400;\">\u0110\u1ecba ch\u1ec9 nh\u00e0 m\u00e1y: th\u00f4n V\u0103n Minh, x\u00e3 Nam Ti\u1ebfn, huy\u1ec7n Ph\u00fa Xuy\u00ean, th\u00e0nh ph\u1ed1 H\u00e0 N\u1ed9i<\/span><\/p>\n<p><b>Ph\u00e2n ph\u1ed1i b\u1edfi: C\u00f4ng ty TNHH PTTM D\u01b0\u1ee3c An Ph\u00e1t<\/b><\/p>\n<p>&nbsp;<\/p>\n<p>&nbsp;<\/p>\n","protected":false},"excerpt":{"rendered":"<ul>\n<li style=\"font-weight: 400;\" aria-level=\"1\"><b>C\u00f4ng d\u1ee5ng<\/b><span style=\"font-weight: 400;\">: Kh\u00e1ng vi\u00eam, ng\u0103n ng\u1eeba s\u1ef1 ph\u00e1t tri\u1ec3n c\u1ee7a vi khu\u1ea9n trong khoang mi\u1ec7ng.<\/span><\/li>\n<li style=\"font-weight: 400;\" aria-level=\"1\"><b>Nh\u00e0 s\u1ea3n xu\u1ea5t<\/b><span style=\"font-weight: 400;\">: D\u01b0\u1ee3c Li\u00ean doanh EU &#8211; VN<\/span><\/li>\n<li style=\"font-weight: 400;\" aria-level=\"1\"><b>Quy c\u00e1ch<\/b><span style=\"font-weight: 400;\">: H\u1ed9p 1 chai 30ml. Th\u00f9ng 100 chai<\/span><\/li>\n<li style=\"font-weight: 400;\" aria-level=\"1\"><b>C\u00e1ch d\u00f9ng<\/b><span style=\"font-weight: 400;\">: X\u1ecbt tr\u1ef1c ti\u1ebfp v\u00e0o khoang mi\u1ec7ng h\u1ecdng<\/span><\/li>\n<li style=\"font-weight: 400;\" aria-level=\"1\"><b>H\u1ea1n d\u00f9ng: <\/b><span style=\"font-weight: 400;\">3 n\u0103m k\u1ec3 t\u1eeb ng\u00e0y s\u1ea3n xu\u1ea5t<\/span><\/li>\n<\/ul>\n","protected":false},"featured_media":3013,"comment_status":"open","ping_status":"closed","template":"","meta":[],"product_cat":[15,60],"product_tag":[],"_links":{"self":[{"href":"https:\/\/ngaviet.com\/vi\/wp-json\/wp\/v2\/product\/2980"}],"collection":[{"href":"https:\/\/ngaviet.com\/vi\/wp-json\/wp\/v2\/product"}],"about":[{"href":"https:\/\/ngaviet.com\/vi\/wp-json\/wp\/v2\/types\/product"}],"replies":[{"embeddable":true,"href":"https:\/\/ngaviet.com\/vi\/wp-json\/wp\/v2\/comments?post=2980"}],"wp:featuredmedia":[{"embeddable":true,"href":"https:\/\/ngaviet.com\/vi\/wp-json\/wp\/v2\/media\/3013"}],"wp:attachment":[{"href":"https:\/\/ngaviet.com\/vi\/wp-json\/wp\/v2\/media?parent=2980"}],"wp:term":[{"taxonomy":"product_cat","embeddable":true,"href":"https:\/\/ngaviet.com\/vi\/wp-json\/wp\/v2\/product_cat?post=2980"},{"taxonomy":"product_tag","embeddable":true,"href":"https:\/\/ngaviet.com\/vi\/wp-json\/wp\/v2\/product_tag?post=2980"}],"curies":[{"name":"wp","href":"https:\/\/api.w.org\/{rel}","templated":true}]}}