{"id":301,"date":"2021-10-15T23:46:07","date_gmt":"2021-10-15T16:46:07","guid":{"rendered":"https:\/\/ngaviet.com\/?post_type=product&#038;p=301"},"modified":"2024-07-08T20:26:03","modified_gmt":"2024-07-08T13:26:03","slug":"siro-ho-pharvie","status":"publish","type":"product","link":"https:\/\/ngaviet.com\/vi\/siro-ho-pharvie\/","title":{"rendered":"Siro Ho Pharvie chi\u1ebft xu\u1ea5t t\u1eeb l\u00e1 th\u01b0\u1eddng xu\u00e2n nh\u1eadp kh\u1ea9u t\u1eeb Ph\u00e1p"},"content":{"rendered":"<div id=\"ez-toc-container\" class=\"ez-toc-v2_0_58 counter-hierarchy ez-toc-counter ez-toc-light-blue ez-toc-container-direction\">\n<div class=\"ez-toc-title-container\">\n<p class=\"ez-toc-title \" >M\u1ee5c l\u1ee5c<\/p>\n<span class=\"ez-toc-title-toggle\"><a href=\"#\" class=\"ez-toc-pull-right ez-toc-btn ez-toc-btn-xs ez-toc-btn-default ez-toc-toggle\" aria-label=\"Toggle Table of Content\" role=\"button\"><label for=\"item-69fbfb7cce28a\" ><span class=\"\"><span class=\"eztoc-hide\" style=\"display:none;\">Toggle<\/span><span class=\"ez-toc-icon-toggle-span\"><svg style=\"fill: #999;color:#999\" xmlns=\"http:\/\/www.w3.org\/2000\/svg\" class=\"list-377408\" width=\"20px\" height=\"20px\" viewBox=\"0 0 24 24\" fill=\"none\"><path d=\"M6 6H4v2h2V6zm14 0H8v2h12V6zM4 11h2v2H4v-2zm16 0H8v2h12v-2zM4 16h2v2H4v-2zm16 0H8v2h12v-2z\" fill=\"currentColor\"><\/path><\/svg><svg style=\"fill: #999;color:#999\" class=\"arrow-unsorted-368013\" xmlns=\"http:\/\/www.w3.org\/2000\/svg\" width=\"10px\" height=\"10px\" viewBox=\"0 0 24 24\" version=\"1.2\" baseProfile=\"tiny\"><path d=\"M18.2 9.3l-6.2-6.3-6.2 6.3c-.2.2-.3.4-.3.7s.1.5.3.7c.2.2.4.3.7.3h11c.3 0 .5-.1.7-.3.2-.2.3-.5.3-.7s-.1-.5-.3-.7zM5.8 14.7l6.2 6.3 6.2-6.3c.2-.2.3-.5.3-.7s-.1-.5-.3-.7c-.2-.2-.4-.3-.7-.3h-11c-.3 0-.5.1-.7.3-.2.2-.3.5-.3.7s.1.5.3.7z\"\/><\/svg><\/span><\/span><\/label><input aria-label=\"Toggle\" aria-label=\"item-69fbfb7cce28a\"  type=\"checkbox\" id=\"item-69fbfb7cce28a\"><\/a><\/span><\/div>\n<nav><ul class='ez-toc-list ez-toc-list-level-1 eztoc-toggle-hide-by-default' ><li class='ez-toc-page-1 ez-toc-heading-level-2'><a class=\"ez-toc-link ez-toc-heading-1\" href=\"https:\/\/ngaviet.com\/vi\/siro-ho-pharvie\/#Thong_tin_san_pham_Siro_ho_Pharvie\" title=\"Th\u00f4ng tin s\u1ea3n ph\u1ea9m Siro ho Pharvie\">Th\u00f4ng tin s\u1ea3n ph\u1ea9m Siro ho Pharvie<\/a><\/li><li class='ez-toc-page-1 ez-toc-heading-level-2'><a class=\"ez-toc-link ez-toc-heading-2\" href=\"https:\/\/ngaviet.com\/vi\/siro-ho-pharvie\/#Thanh_phan_co_trong_siro_ho_Pharvie\" title=\"Th\u00e0nh ph\u1ea7n c\u00f3 trong siro ho Pharvie\">Th\u00e0nh ph\u1ea7n c\u00f3 trong siro ho Pharvie<\/a><\/li><li class='ez-toc-page-1 ez-toc-heading-level-2'><a class=\"ez-toc-link ez-toc-heading-3\" href=\"https:\/\/ngaviet.com\/vi\/siro-ho-pharvie\/#Cong_dung_cua_siro_ho_thao_duoc_Pharvie\" title=\"C\u00f4ng d\u1ee5ng c\u1ee7a siro ho th\u1ea3o d\u01b0\u1ee3c Pharvie\">C\u00f4ng d\u1ee5ng c\u1ee7a siro ho th\u1ea3o d\u01b0\u1ee3c Pharvie<\/a><\/li><li class='ez-toc-page-1 ez-toc-heading-level-2'><a class=\"ez-toc-link ez-toc-heading-4\" href=\"https:\/\/ngaviet.com\/vi\/siro-ho-pharvie\/#Doi_tuong_su_dung\" title=\"\u0110\u1ed1i t\u01b0\u1ee3ng s\u1eed d\u1ee5ng:\">\u0110\u1ed1i t\u01b0\u1ee3ng s\u1eed d\u1ee5ng:<\/a><\/li><li class='ez-toc-page-1 ez-toc-heading-level-2'><a class=\"ez-toc-link ez-toc-heading-5\" href=\"https:\/\/ngaviet.com\/vi\/siro-ho-pharvie\/#Cach_dung\" title=\"C\u00e1ch d\u00f9ng:\">C\u00e1ch d\u00f9ng:<\/a><\/li><li class='ez-toc-page-1 ez-toc-heading-level-2'><a class=\"ez-toc-link ez-toc-heading-6\" href=\"https:\/\/ngaviet.com\/vi\/siro-ho-pharvie\/#Cach_bao_quan\" title=\"C\u00e1ch b\u1ea3o qu\u1ea3n:\u00a0\">C\u00e1ch b\u1ea3o qu\u1ea3n:\u00a0<\/a><\/li><\/ul><\/nav><\/div>\n\n<h2><span class=\"ez-toc-section\" id=\"Thong_tin_san_pham_Siro_ho_Pharvie\"><\/span><b>Th\u00f4ng tin s\u1ea3n ph\u1ea9m Siro ho Pharvie<\/b><span class=\"ez-toc-section-end\"><\/span><\/h2>\n<p><span style=\"font-weight: 400;\">V\u1edbi chi\u1ebft xu\u1ea5t t\u1eeb l\u00e1 th\u01b0\u1eddng xu\u00e2n \u0111\u01b0\u1ee3c nh\u1eadp kh\u1ea9u 100% t\u1eeb Ph\u00e1p, s\u1ea3n ph\u1ea9m siro ho Pharvie c\u00f3 c\u00f4ng d\u1ee5ng h\u1ed7 tr\u1ee3 nhu\u1eadn ph\u1ebf, gi\u00fap d\u1ecbu ho, lo\u00e3ng \u0111\u1eddm, h\u1ed7 tr\u1ee3 gi\u1ea3m \u0111au r\u00e1t h\u1ecdng.\u00a0<\/span><\/p>\n<p><span style=\"font-weight: 400;\">Ngo\u00e0i ra, nh\u1edd th\u00e0nh ph\u1ea7n \u0111\u01b0\u1ee3c b\u00e0o ch\u1ebf t\u1eeb c\u00e1c nguy\u00ean li\u1ec7u ho\u00e0n to\u00e0n t\u1eeb thi\u00ean nh\u01b0 chanh, qu\u1ea5t (t\u1eafc), g\u1eebng, kha t\u1eed, m\u1eadt ong v\u00e0 h\u00fang chanh g\u00f3p ph\u1ea7n th\u00fac \u0111\u1ea9y t\u00e1c \u0111\u1ed9ng h\u1ed7 tr\u1ee3 c\u1ee7a th\u01b0\u1eddng xu\u00e2n l\u00ean tri\u1ec7u ch\u1ee9ng ho, \u0111au h\u1ecdng c\u1ee7a b\u1ec7nh nh\u00e2n.<\/span><\/p>\n<h2><span class=\"ez-toc-section\" id=\"Thanh_phan_co_trong_siro_ho_Pharvie\"><\/span><b>Th\u00e0nh ph\u1ea7n c\u00f3 trong siro ho Pharvie<\/b><span class=\"ez-toc-section-end\"><\/span><\/h2>\n<p><span style=\"font-weight: 400;\">Chi\u1ebft xu\u1ea5t Chanh \u0111\u00e0o\u2026\u2026\u2026\u2026\u2026\u2026\u2026\u2026\u2026\u2026\u2026\u2026\u2026\u2026\u2026\u2026\u2026\u2026\u2026\u2026\u2026\u2026\u2026\u2026\u2026\u2026\u2026\u2026\u2026\u2026\u2026\u2026\u2026\u2026\u2026\u2026\u2026\u2026\u2026.5,0g<\/span><\/p>\n<p><span style=\"font-weight: 400;\">Chi\u1ebft xu\u1ea5t T\u1eafc (qu\u1ea5t)\u2026\u2026\u2026\u2026\u2026\u2026\u2026\u2026\u2026\u2026\u2026\u2026\u2026\u2026\u2026\u2026\u2026\u2026\u2026\u2026\u2026\u2026\u2026\u2026\u2026\u2026\u2026\u2026\u2026\u2026\u2026\u2026\u2026\u2026\u2026\u2026\u2026\u2026\u2026..2,5g<\/span><\/p>\n<p><span style=\"font-weight: 400;\">Cao T\u00f4 ng\u1ea1nh\u2026\u2026\u2026\u2026\u2026\u2026\u2026\u2026\u2026\u2026\u2026\u2026\u2026\u2026\u2026\u2026\u2026\u2026\u2026\u2026\u2026\u2026\u2026\u2026\u2026\u2026\u2026\u2026\u2026\u2026\u2026\u2026\u2026\u2026\u2026\u2026\u2026\u2026\u2026\u2026\u2026\u2026\u2026\u2026..2,5g<\/span><\/p>\n<p><span style=\"font-weight: 400;\">Cao M\u1ea1ch m\u00f4n\u2026\u2026\u2026\u2026\u2026\u2026\u2026\u2026\u2026\u2026\u2026\u2026\u2026\u2026\u2026\u2026\u2026\u2026\u2026\u2026\u2026\u2026\u2026\u2026\u2026\u2026\u2026\u2026\u2026\u2026\u2026\u2026\u2026\u2026\u2026\u2026\u2026\u2026\u2026\u2026\u2026\u2026\u2026&#8230;2,5g<\/span><\/p>\n<p><span style=\"font-weight: 400;\">Cao G\u1eebng t\u01b0\u01a1i\u2026\u2026\u2026\u2026\u2026\u2026\u2026\u2026\u2026\u2026\u2026\u2026\u2026\u2026\u2026\u2026\u2026\u2026\u2026\u2026\u2026\u2026\u2026\u2026\u2026\u2026\u2026\u2026\u2026\u2026\u2026\u2026\u2026\u2026\u2026\u2026\u2026\u2026\u2026\u2026\u2026\u2026\u2026&#8230;..2,5 g<\/span><\/p>\n<p><span style=\"font-weight: 400;\">Cao Kha t\u1eed\u2026\u2026\u2026\u2026\u2026\u2026\u2026\u2026\u2026\u2026\u2026\u2026\u2026\u2026\u2026\u2026\u2026\u2026\u2026\u2026\u2026\u2026\u2026\u2026\u2026\u2026\u2026\u2026\u2026\u2026\u2026\u2026\u2026\u2026\u2026\u2026\u2026\u2026\u2026\u2026\u2026\u2026\u2026\u2026\u2026\u2026\u20262g<\/span><\/p>\n<p><span style=\"font-weight: 400;\">M\u1eadt ong\u2026\u2026\u2026\u2026\u2026\u2026\u2026\u2026\u2026\u2026\u2026\u2026\u2026\u2026\u2026\u2026\u2026\u2026\u2026\u2026\u2026\u2026\u2026\u2026\u2026\u2026\u2026\u2026\u2026\u2026\u2026\u2026\u2026\u2026\u2026\u2026\u2026\u2026\u2026\u2026\u2026\u2026\u2026\u2026\u2026\u2026\u2026..\u2026.1g<\/span><\/p>\n<p><span style=\"font-weight: 400;\">Chi\u1ebft xu\u1ea5t l\u00e1 Th\u01b0\u1eddng xu\u00e2n (nh\u1eadp kh\u1ea9u t\u1eeb Ph\u00e1p)\u2026\u2026\u2026\u2026\u2026\u2026\u2026\u2026\u2026\u2026\u2026\u2026\u2026\u2026\u2026\u2026\u2026\u2026\u2026\u2026\u2026\u2026..1000 mg<\/span><\/p>\n<p><span style=\"font-weight: 400;\">Cao C\u00fac t\u00edm\u2026\u2026\u2026\u2026\u2026\u2026\u2026\u2026\u2026\u2026\u2026\u2026\u2026\u2026\u2026\u2026\u2026\u2026\u2026\u2026\u2026\u2026\u2026\u2026\u2026\u2026\u2026\u2026\u2026\u2026\u2026\u2026\u2026\u2026\u2026\u2026\u2026\u2026\u2026.\u2026\u2026\u2026\u2026\u2026\u2026\u2026.500 mg<\/span><\/p>\n<p><span style=\"font-weight: 400;\">Zinc gluconate (K\u1ebdm gluconate)\u2026\u2026\u2026\u2026\u2026\u2026\u2026\u2026\u2026\u2026\u2026\u2026\u2026\u2026\u2026\u2026\u2026\u2026\u2026\u2026\u2026\u2026\u2026\u2026\u2026\u2026\u2026\u2026\u2026\u2026\u2026\u2026.\u2026.125 mg<\/span><\/p>\n<p><span style=\"font-weight: 400;\">Tinh d\u1ea7u H\u00fang Chanh\u2026\u2026\u2026\u2026\u2026\u2026\u2026\u2026\u2026\u2026\u2026\u2026\u2026\u2026\u2026\u2026\u2026\u2026\u2026\u2026\u2026\u2026\u2026\u2026\u2026\u2026\u2026\u2026\u2026\u2026\u2026\u2026\u2026\u2026\u2026\u2026\u2026\u2026\u2026&#8230;125 mg<\/span><\/p>\n<h2><span class=\"ez-toc-section\" id=\"Cong_dung_cua_siro_ho_thao_duoc_Pharvie\"><\/span><b>C\u00f4ng d\u1ee5ng c\u1ee7a siro ho th\u1ea3o d\u01b0\u1ee3c Pharvie<\/b><span class=\"ez-toc-section-end\"><\/span><\/h2>\n<p><span style=\"font-weight: 400;\">H\u1ed7 tr\u1ee3 nhu\u1eadn ph\u1ebf, gi\u00fap d\u1ecbu ho, lo\u00e3ng \u0111\u1eddm, h\u1ed7 tr\u1ee3 gi\u1ea3m \u0111au r\u00e1t h\u1ecdng, kh\u00e0n ti\u1ebfng do ho k\u00e9o d\u00e0i.<\/span><\/p>\n<ul>\n<li style=\"font-weight: 400;\" aria-level=\"1\"><span style=\"font-weight: 400;\">L\u00e1 th\u01b0\u1eddng xu\u00e2n: Gi\u1ea3m ho, long \u0111\u1eddm, \u0111i\u1ec1u tr\u1ecb ho v\u00e0 vi\u00eam \u0111\u01b0\u1eddng h\u00f4 h\u1ea5p\u00a0<\/span><\/li>\n<li style=\"font-weight: 400;\" aria-level=\"1\"><span style=\"font-weight: 400;\">V\u1ecf qu\u1ea3, h\u1ea1t, qu\u1ea3 chanh \u0111\u00e0o, t\u1eafc: Kh\u00e1ng khu\u1ea9n, ch\u1ed1ng oxy h\u00f3a, kh\u00e1ng vi\u00eam<\/span><\/li>\n<li style=\"font-weight: 400;\" aria-level=\"1\"><span style=\"font-weight: 400;\">R\u1ec5 c\u1ee7 m\u1ea1ch m\u00f4n: D\u00f9ng l\u00e0m thu\u1ed1c ho long \u0111\u1eddm, thu\u1ed1c b\u1ed5 (b\u1ec7nh ph\u1ed5i, g\u1ea7y c\u00f2m)<\/span><\/li>\n<li style=\"font-weight: 400;\" aria-level=\"1\"><span style=\"font-weight: 400;\">G\u1eebng t\u01b0\u01a1i: ch\u1ed1ng oxy h\u00f3a, kh\u00e1ng khu\u1ea9n, h\u1ea1 s\u1ed1t<\/span><\/li>\n<li style=\"font-weight: 400;\" aria-level=\"1\"><span style=\"font-weight: 400;\">Qu\u1ea3 kha t\u1eed: Ch\u1ed1ng oxy h\u00f3a, kh\u00e1ng khu\u1ea9n, gi\u1ea3m ho, kh\u00e1ng virus<\/span><\/li>\n<li style=\"font-weight: 400;\" aria-level=\"1\"><span style=\"font-weight: 400;\">M\u1eadt ong: Kh\u00e1ng khu\u1ea9n, kh\u00e1ng vi\u00eam,&#8230;.<\/span><\/li>\n<\/ul>\n<h2><span class=\"ez-toc-section\" id=\"Doi_tuong_su_dung\"><\/span><b>\u0110\u1ed1i t\u01b0\u1ee3ng s\u1eed d\u1ee5ng<\/b><span style=\"font-weight: 400;\">:<\/span><span class=\"ez-toc-section-end\"><\/span><\/h2>\n<ul>\n<li style=\"font-weight: 400;\" aria-level=\"1\"><span style=\"font-weight: 400;\">Ng\u01b0\u1eddi th\u1ec3 tr\u1ea1ng y\u1ebfu, s\u1ee9c \u0111\u1ec1 kh\u00e1ng k\u00e9m<\/span><\/li>\n<li style=\"font-weight: 400;\" aria-level=\"1\"><span style=\"font-weight: 400;\">Ng\u01b0\u1eddi hay b\u1ecb vi\u00eam \u0111\u01b0\u1eddng h\u00f4 h\u1ea5p (vi\u00eam h\u1ecdng, vi\u00eam ph\u1ebf qu\u1ea3n) khi thay \u0111\u1ed5i th\u1eddi ti\u1ebft, giao m\u00f9a do s\u1ee9c \u0111\u1ec1 kh\u00e1ng k\u00e9m.<\/span><\/li>\n<\/ul>\n<h2><span class=\"ez-toc-section\" id=\"Cach_dung\"><\/span><b>C\u00e1ch d\u00f9ng<\/b><span style=\"font-weight: 400;\">:<\/span><span class=\"ez-toc-section-end\"><\/span><\/h2>\n<ul>\n<li style=\"font-weight: 400;\" aria-level=\"1\"><span style=\"font-weight: 400;\">Tr\u1ebb 2 &#8211; 6 tu\u1ed5i: Ng\u00e0y u\u1ed1ng 2 l\u1ea7n, m\u1ed7i l\u1ea7n 5 ml<\/span><\/li>\n<li style=\"font-weight: 400;\" aria-level=\"1\"><span style=\"font-weight: 400;\">Tr\u1ebb tr\u00ean 6 tu\u1ed5i &#8211; 12 tu\u1ed5i: Ng\u00e0y u\u1ed1ng 3 l\u1ea7n, m\u1ed7i l\u1ea7n 5 ml<\/span><\/li>\n<li style=\"font-weight: 400;\" aria-level=\"1\"><span style=\"font-weight: 400;\">Tr\u1ebb tr\u00ean 12 tu\u1ed5i v\u00e0 ng\u01b0\u1eddi l\u1edbn: Ng\u00e0y u\u1ed1ng 2-3 l\u1ea7n, m\u1ed7i l\u1ea7n 10 ml<\/span><\/li>\n<li style=\"font-weight: 400;\" aria-level=\"1\"><span style=\"font-weight: 400;\">Tr\u1ebb d\u01b0\u1edbi 2 tu\u1ed5i: Thao kh\u1ea3m \u00fd ki\u1ebfn c\u1ee7a chuy\u00ean gia tr\u01b0\u1edbc khi s\u1eed d\u1ee5ng (khuy\u00ean d\u00f9ng 5ml\/ng\u00e0y)<\/span><\/li>\n<li style=\"font-weight: 400;\" aria-level=\"1\"><span style=\"font-weight: 400;\">L\u1eafc k\u1ef9 tr\u01b0\u1edbc khi u\u1ed1ng.<\/span><\/li>\n<\/ul>\n<p><b>L\u01b0u \u00fd<\/b><span style=\"font-weight: 400;\">:<\/span><\/p>\n<ul>\n<li style=\"font-weight: 400;\" aria-level=\"1\"><span style=\"font-weight: 400;\">S\u1ea3n ph\u1ea9m n\u00e0y kh\u00f4ng ph\u1ea3i l\u00e0 thu\u1ed1c, kh\u00f4ng c\u00f3 t\u00e1c d\u1ee5ng thay th\u1ebf thu\u1ed1c ch\u1eefa b\u1ec7nh.\u00a0<\/span><\/li>\n<li style=\"font-weight: 400;\" aria-level=\"1\"><span style=\"font-weight: 400;\">Kh\u00f4ng d\u00f9ng cho ng\u01b0\u1eddi c\u00f3 m\u1eabn c\u1ea3m v\u1edbi b\u1ea5t k\u1ef3 th\u00e0nh ph\u1ea7n n\u00e0o c\u1ee7a thu\u1ed1c.<\/span><\/li>\n<\/ul>\n<h2><span class=\"ez-toc-section\" id=\"Cach_bao_quan\"><\/span><b>C\u00e1ch b\u1ea3o qu\u1ea3n:\u00a0<\/b><span class=\"ez-toc-section-end\"><\/span><\/h2>\n<p><span style=\"font-weight: 400;\">N\u01a1i kh\u00f4 r\u00e1o, tho\u00e1ng m\u00e1t, tr\u00e1nh \u00e1nh n\u1eafng tr\u1ef1c ti\u1ebfp.<\/span><\/p>\n<p><b>Nh\u00e0 s\u1ea3n xu\u1ea5t: C\u00f4ng ty c\u1ed5 ph\u1ea7n d\u01b0\u1ee3c li\u1ec7u v\u00e0 v\u1eadt t\u01b0 y t\u1ebf h\u1ea3i Ph\u00f2ng<\/b><\/p>\n<p><span style=\"font-weight: 400;\">&#8211; \u0110\u1ecba ch\u1ec9: Th\u00f4n Th\u01b0\u1ee3ng Trang, X\u00e3 B\u00e1t Trang, Huy\u1ec7n An L\u00e3o, Th\u00e0nh ph\u1ed1 H\u1ea3i Ph\u00f2ng<\/span><\/p>\n<p><b>Th\u01b0\u01a1ng nh\u00e2n ch\u1ecbu tr\u00e1ch nhi\u1ec7m v\u1ec1 ch\u1ea5t l\u01b0\u1ee3ng s\u1ea3n ph\u1ea9m:<\/b><\/p>\n<p><span style=\"font-weight: 400;\">C\u00f4ng ty TNHH Th\u01b0\u01a1ng M\u1ea1i Nga Vi\u1ec7t<\/span><\/p>\n<p><span style=\"font-weight: 400;\">&#8211; \u0110\u1ecba ch\u1ec9: 644\/2 \u0111\u01b0\u1eddng 3\/2 ph\u01b0\u1eddng 14, qu\u1eadn 10<\/span><\/p>\n<p><span style=\"font-weight: 400;\">S\u1ea3n ph\u1ea9m \u0111\u0103ng k\u00fd S\u1ed1 \u0110KSP: 3451\/2020\/\u0110KSP<\/span><\/p>\n","protected":false},"excerpt":{"rendered":"<ul>\n<li style=\"font-weight: 400;\" aria-level=\"1\"><b>C\u00f4ng d\u1ee5ng<\/b><span style=\"font-weight: 400;\">: B\u1ed5 ph\u1ebf, d\u1ecbu ho, long \u0111\u1eddm, gi\u1ea3m \u0111au r\u00e1t h\u1ecdng v\u00e0 kh\u1ea3n ti\u1ebfng do ho k\u00e9o d\u00e0i..<\/span><\/li>\n<li style=\"font-weight: 400;\" aria-level=\"1\"><b>Nh\u00e0 s\u1ea3n xu\u1ea5t<\/b><span style=\"font-weight: 400;\">: HP Pharma \u2013 VN<\/span><\/li>\n<li style=\"font-weight: 400;\" aria-level=\"1\"><b>Quy c\u00e1ch<\/b><span style=\"font-weight: 400;\">: H\u1ed9p 1 chai 125ml. Th\u00f9ng 60 chai<\/span><\/li>\n<li style=\"font-weight: 400;\" aria-level=\"1\"><b>C\u00e1ch d\u00f9ng<\/b><span style=\"font-weight: 400;\">: Xem chi ti\u1ebft d\u01b0\u1edbi ph\u1ea7n m\u00f4 t\u1ea3<\/span><\/li>\n<li style=\"font-weight: 400;\" aria-level=\"1\"><b>H\u1ea1n d\u00f9ng: <\/b><span style=\"font-weight: 400;\">3 n\u0103m k\u1ec3 t\u1eeb ng\u00e0y s\u1ea3n xu\u1ea5t<\/span><\/li>\n<\/ul>\n","protected":false},"featured_media":3582,"comment_status":"open","ping_status":"closed","template":"","meta":[],"product_cat":[15,60],"product_tag":[],"_links":{"self":[{"href":"https:\/\/ngaviet.com\/vi\/wp-json\/wp\/v2\/product\/301"}],"collection":[{"href":"https:\/\/ngaviet.com\/vi\/wp-json\/wp\/v2\/product"}],"about":[{"href":"https:\/\/ngaviet.com\/vi\/wp-json\/wp\/v2\/types\/product"}],"replies":[{"embeddable":true,"href":"https:\/\/ngaviet.com\/vi\/wp-json\/wp\/v2\/comments?post=301"}],"wp:featuredmedia":[{"embeddable":true,"href":"https:\/\/ngaviet.com\/vi\/wp-json\/wp\/v2\/media\/3582"}],"wp:attachment":[{"href":"https:\/\/ngaviet.com\/vi\/wp-json\/wp\/v2\/media?parent=301"}],"wp:term":[{"taxonomy":"product_cat","embeddable":true,"href":"https:\/\/ngaviet.com\/vi\/wp-json\/wp\/v2\/product_cat?post=301"},{"taxonomy":"product_tag","embeddable":true,"href":"https:\/\/ngaviet.com\/vi\/wp-json\/wp\/v2\/product_tag?post=301"}],"curies":[{"name":"wp","href":"https:\/\/api.w.org\/{rel}","templated":true}]}}