{"id":3025,"date":"2022-10-25T14:51:42","date_gmt":"2022-10-25T07:51:42","guid":{"rendered":"https:\/\/ngaviet.com\/?post_type=product&#038;p=3025"},"modified":"2022-10-27T10:57:04","modified_gmt":"2022-10-27T03:57:04","slug":"thuc-pham-chuc-nang-bao-ve-gan-arginin-420","status":"publish","type":"product","link":"https:\/\/ngaviet.com\/vi\/thuc-pham-chuc-nang-bao-ve-gan-arginin-420\/","title":{"rendered":"Arginin 420 &#8211; T\u0103ng c\u01b0\u1eddng, b\u1ea3o v\u1ec7 v\u00e0 ph\u1ee5c h\u1ed3i ch\u1ee9c n\u0103ng gan"},"content":{"rendered":"<p><span style=\"font-weight: 400;\"><div id=\"ez-toc-container\" class=\"ez-toc-v2_0_58 counter-hierarchy ez-toc-counter ez-toc-light-blue ez-toc-container-direction\">\n<div class=\"ez-toc-title-container\">\n<p class=\"ez-toc-title \" >M\u1ee5c l\u1ee5c<\/p>\n<span class=\"ez-toc-title-toggle\"><a href=\"#\" class=\"ez-toc-pull-right ez-toc-btn ez-toc-btn-xs ez-toc-btn-default ez-toc-toggle\" aria-label=\"Toggle Table of Content\" role=\"button\"><label for=\"item-69fe1af3a0b72\" ><span class=\"\"><span class=\"eztoc-hide\" style=\"display:none;\">Toggle<\/span><span class=\"ez-toc-icon-toggle-span\"><svg style=\"fill: #999;color:#999\" xmlns=\"http:\/\/www.w3.org\/2000\/svg\" class=\"list-377408\" width=\"20px\" height=\"20px\" viewBox=\"0 0 24 24\" fill=\"none\"><path d=\"M6 6H4v2h2V6zm14 0H8v2h12V6zM4 11h2v2H4v-2zm16 0H8v2h12v-2zM4 16h2v2H4v-2zm16 0H8v2h12v-2z\" fill=\"currentColor\"><\/path><\/svg><svg style=\"fill: #999;color:#999\" class=\"arrow-unsorted-368013\" xmlns=\"http:\/\/www.w3.org\/2000\/svg\" width=\"10px\" height=\"10px\" viewBox=\"0 0 24 24\" version=\"1.2\" baseProfile=\"tiny\"><path d=\"M18.2 9.3l-6.2-6.3-6.2 6.3c-.2.2-.3.4-.3.7s.1.5.3.7c.2.2.4.3.7.3h11c.3 0 .5-.1.7-.3.2-.2.3-.5.3-.7s-.1-.5-.3-.7zM5.8 14.7l6.2 6.3 6.2-6.3c.2-.2.3-.5.3-.7s-.1-.5-.3-.7c-.2-.2-.4-.3-.7-.3h-11c-.3 0-.5.1-.7.3-.2.2-.3.5-.3.7s.1.5.3.7z\"\/><\/svg><\/span><\/span><\/label><input aria-label=\"Toggle\" aria-label=\"item-69fe1af3a0b72\"  type=\"checkbox\" id=\"item-69fe1af3a0b72\"><\/a><\/span><\/div>\n<nav><ul class='ez-toc-list ez-toc-list-level-1 eztoc-toggle-hide-by-default' ><li class='ez-toc-page-1 ez-toc-heading-level-2'><a class=\"ez-toc-link ez-toc-heading-1\" href=\"https:\/\/ngaviet.com\/vi\/thuc-pham-chuc-nang-bao-ve-gan-arginin-420\/#Thong_tin_san_pham_Arginin_420\" title=\"Th\u00f4ng tin s\u1ea3n ph\u1ea9m Arginin 420\">Th\u00f4ng tin s\u1ea3n ph\u1ea9m Arginin 420<\/a><\/li><li class='ez-toc-page-1 ez-toc-heading-level-2'><a class=\"ez-toc-link ez-toc-heading-2\" href=\"https:\/\/ngaviet.com\/vi\/thuc-pham-chuc-nang-bao-ve-gan-arginin-420\/#Thanh_phan_Arginin_420\" title=\"Th\u00e0nh ph\u1ea7n Arginin 420\">Th\u00e0nh ph\u1ea7n Arginin 420<\/a><\/li><li class='ez-toc-page-1 ez-toc-heading-level-2'><a class=\"ez-toc-link ez-toc-heading-3\" href=\"https:\/\/ngaviet.com\/vi\/thuc-pham-chuc-nang-bao-ve-gan-arginin-420\/#Cong_dung_Arginin_420\" title=\"C\u00f4ng d\u1ee5ng Arginin 420\">C\u00f4ng d\u1ee5ng Arginin 420<\/a><\/li><li class='ez-toc-page-1 ez-toc-heading-level-2'><a class=\"ez-toc-link ez-toc-heading-4\" href=\"https:\/\/ngaviet.com\/vi\/thuc-pham-chuc-nang-bao-ve-gan-arginin-420\/#Doi_tuong_su_dung\" title=\"\u0110\u1ed1i t\u01b0\u1ee3ng s\u1eed d\u1ee5ng\">\u0110\u1ed1i t\u01b0\u1ee3ng s\u1eed d\u1ee5ng<\/a><\/li><li class='ez-toc-page-1 ez-toc-heading-level-2'><a class=\"ez-toc-link ez-toc-heading-5\" href=\"https:\/\/ngaviet.com\/vi\/thuc-pham-chuc-nang-bao-ve-gan-arginin-420\/#Nguoi_bi_viem_gan_xo_gan_men_gan_cao\" title=\"Ng\u01b0\u1eddi b\u1ecb vi\u00eam gan, x\u01a1 gan, men gan cao.\">Ng\u01b0\u1eddi b\u1ecb vi\u00eam gan, x\u01a1 gan, men gan cao.<\/a><\/li><li class='ez-toc-page-1 ez-toc-heading-level-2'><a class=\"ez-toc-link ez-toc-heading-6\" href=\"https:\/\/ngaviet.com\/vi\/thuc-pham-chuc-nang-bao-ve-gan-arginin-420\/#Cach_dung_Arginin_420\" title=\"C\u00e1ch d\u00f9ng Arginin 420\">C\u00e1ch d\u00f9ng Arginin 420<\/a><\/li><li class='ez-toc-page-1 ez-toc-heading-level-2'><a class=\"ez-toc-link ez-toc-heading-7\" href=\"https:\/\/ngaviet.com\/vi\/thuc-pham-chuc-nang-bao-ve-gan-arginin-420\/#Cach_bao_quan\" title=\"C\u00e1ch b\u1ea3o qu\u1ea3n\">C\u00e1ch b\u1ea3o qu\u1ea3n<\/a><\/li><\/ul><\/nav><\/div>\n<\/span><\/p>\n<h2><span class=\"ez-toc-section\" id=\"Thong_tin_san_pham_Arginin_420\"><\/span><b>Th\u00f4ng tin s\u1ea3n ph\u1ea9m Arginin 420<\/b><span class=\"ez-toc-section-end\"><\/span><\/h2>\n<p><span style=\"font-weight: 400;\">Arginin 420 l\u00e0 s\u1ea3n ph\u1ea9m \u0111\u01b0\u1ee3c s\u1ea3n xu\u1ea5t t\u1ea1i C\u00f4ng ty c\u1ed5 ph\u1ea7n d\u01b0\u1ee3c ph\u1ea9m Qu\u1ed1c t\u1ebf Dolexphar, c\u00f3 ch\u1ee9c n\u0103ng h\u1ed7 tr\u1ee3 t\u0103ng c\u01b0\u1eddng ch\u1ee9c n\u0103ng gan, l\u00e0m m\u00e1t gan, b\u1ea3o v\u1ec7 v\u00e0 ph\u1ee5c h\u1ed3i ch\u1ee9c n\u0103ng gan, h\u1ed7 tr\u1ee3 ph\u00f2ng ng\u1eeba c\u00e1c b\u1ec7nh l\u00fd li\u00ean quan \u0111\u1ebfn gan.<\/span><\/p>\n<h2><span class=\"ez-toc-section\" id=\"Thanh_phan_Arginin_420\"><\/span><b>Th\u00e0nh ph\u1ea7n Arginin 420<\/b><span class=\"ez-toc-section-end\"><\/span><\/h2>\n<p><span style=\"font-weight: 400;\">Arginine HCl\u2026\u2026\u2026\u2026\u2026\u2026\u2026\u2026\u2026\u2026\u2026\u2026\u2026\u2026\u2026\u2026\u2026\u2026\u2026\u2026\u2026\u2026\u2026\u2026\u2026\u2026\u2026\u2026420 mg<\/span><\/p>\n<p><span style=\"font-weight: 400;\">Silymarin 40%\u2026\u2026\u2026\u2026\u2026\u2026\u2026\u2026\u2026\u2026\u2026\u2026\u2026\u2026\u2026\u2026\u2026\u2026\u2026\u2026\u2026\u2026\u2026.\u2026\u2026\u2026.10 mg<\/span><\/p>\n<p><span style=\"font-weight: 400;\">Cao kh\u00f4 d\u01b0\u1ee3c li\u1ec7u t\u01b0\u01a1ng \u0111\u01b0\u01a1ng\u2026\u2026\u2026\u2026\u2026\u2026\u2026\u2026\u2026\u2026\u2026\u2026\u2026\u2026\u2026..4,5mg<\/span><\/p>\n<p><span style=\"font-weight: 400;\">Di\u1ec7p h\u1ea1 ch\u00e2u\u2026\u2026\u2026\u2026\u2026\u2026\u2026\u2026\u2026\u2026\u2026\u2026\u2026\u2026\u2026\u2026\u2026\u2026\u2026\u2026\u2026\u2026\u2026\u2026\u2026\u2026\u2026..30mg<\/span><\/p>\n<p><span style=\"font-weight: 400;\">Actiso\u2026\u2026\u2026\u2026\u2026\u2026\u2026\u2026\u2026\u2026\u2026\u2026\u2026\u2026\u2026.\u2026\u2026\u2026\u2026\u2026\u2026\u2026\u2026\u2026\u2026\u2026\u2026\u2026\u2026\u2026\u2026&#8230;15mg<\/span><\/p>\n<p><span style=\"font-weight: 400;\">Vitamin B5 (D-pantothenate, calci)\u2026\u2026\u2026\u2026\u2026\u2026\u2026\u2026\u2026\u2026\u2026\u2026&#8230;.2 mg<\/span><\/p>\n<p><span style=\"font-weight: 400;\">Vitamin B1 (Thiamin mononitrat)\u2026\u2026\u2026\u2026\u2026\u2026\u2026\u2026\u2026\u2026\u2026\u2026\u2026&#8230;.1.5 mg<\/span><\/p>\n<p><span style=\"font-weight: 400;\">Vitamin B2 (Riboflavin)\u2026\u2026\u2026\u2026\u2026\u2026\u2026\u2026\u2026\u2026\u2026\u2026\u2026\u2026\u2026\u2026\u2026\u2026\u2026\u2026&#8230;1.5 mg<\/span><\/p>\n<h2><span class=\"ez-toc-section\" id=\"Cong_dung_Arginin_420\"><\/span><b>C\u00f4ng d\u1ee5ng Arginin 420<\/b><span class=\"ez-toc-section-end\"><\/span><\/h2>\n<p><span style=\"font-weight: 400;\">H\u1ed7 tr\u1ee3 gi\u1ea3i \u0111\u1ed9c v\u00e0 b\u1ea3o v\u1ec7 t\u1ebf b\u00e0o gan, gi\u00fap t\u0103ng c\u01b0\u1eddng ch\u1ee9c n\u0103ng gan.<\/span><\/p>\n<h2><span class=\"ez-toc-section\" id=\"Doi_tuong_su_dung\"><\/span><b>\u0110\u1ed1i t\u01b0\u1ee3ng s\u1eed d\u1ee5ng<\/b><span class=\"ez-toc-section-end\"><\/span><\/h2>\n<ul>\n<li style=\"font-weight: 400;\" aria-level=\"1\">\n<h2><span class=\"ez-toc-section\" id=\"Nguoi_bi_viem_gan_xo_gan_men_gan_cao\"><\/span><span style=\"font-weight: 400;\">Ng\u01b0\u1eddi b\u1ecb vi\u00eam gan, x\u01a1 gan, men gan cao.<\/span><span class=\"ez-toc-section-end\"><\/span><\/h2>\n<\/li>\n<li style=\"font-weight: 400;\" aria-level=\"1\"><span style=\"font-weight: 400;\">Ng\u01b0\u1eddi b\u1ecb v\u00e0ng da, m\u1ec7t m\u1ecfi, \u0103n u\u1ed1ng kh\u00f3 ti\u00eau do ch\u1ee9c n\u0103ng gan k\u00e9m.<\/span><\/li>\n<li style=\"font-weight: 400;\" aria-level=\"1\"><span style=\"font-weight: 400;\">Ng\u01b0\u1eddi u\u1ed1ng nhi\u1ec1u bia r\u01b0\u1ee3u, s\u1eed d\u1ee5ng nhi\u1ec1u thu\u1ed1c c\u00f3 h\u1ea1i cho gan.<\/span><\/li>\n<\/ul>\n<h2><span class=\"ez-toc-section\" id=\"Cach_dung_Arginin_420\"><\/span><b>C\u00e1ch d\u00f9ng Arginin 420<\/b><span class=\"ez-toc-section-end\"><\/span><\/h2>\n<ul>\n<li style=\"font-weight: 400;\" aria-level=\"1\"><span style=\"font-weight: 400;\">Ng\u01b0\u1eddi l\u1edbn: U\u1ed1ng 1 vi\u00ean\/l\u1ea7n x 2 l\u1ea7n\/ng\u00e0y.<\/span><\/li>\n<li style=\"font-weight: 400;\" aria-level=\"1\"><span style=\"font-weight: 400;\">N\u00ean d\u00f9ng chung th\u01b0\u1eddng xuy\u00ean li\u00ean t\u1ee5c m\u1ed7i \u0111\u1ee3t t\u1eeb 2-3 th\u00e1ng.<\/span><\/li>\n<li style=\"font-weight: 400;\" aria-level=\"1\"><span style=\"font-weight: 400;\">Li\u1ec1u duy tr\u00ec: U\u1ed1ng 1 vi\u00ean\/ng\u00e0y.<\/span><\/li>\n<\/ul>\n<p><b>L\u01b0u \u00fd<\/b><span style=\"font-weight: 400;\">:<\/span><\/p>\n<ul>\n<li style=\"font-weight: 400;\" aria-level=\"1\"><span style=\"font-weight: 400;\">Kh\u00f4ng d\u00f9ng cho ng\u01b0\u1eddi m\u1eabn c\u1ea3m v\u1edbi b\u1ea5t k\u1ef3 th\u00e0nh ph\u1ea7n n\u00e0o c\u1ee7a s\u1ea3n ph\u1ea9m.<\/span><\/li>\n<li style=\"font-weight: 400;\" aria-level=\"1\"><span style=\"font-weight: 400;\">Th\u1ef1c ph\u1ea9m n\u00e0y kh\u00f4ng ph\u1ea3i l\u00e0 thu\u1ed1c, kh\u00f4ng c\u00f3 t\u00e1c d\u1ee5ng thay th\u1ebf thu\u1ed1c ch\u1eefa b\u1ec7nh.<\/span><\/li>\n<\/ul>\n<h2><span class=\"ez-toc-section\" id=\"Cach_bao_quan\"><\/span><b>C\u00e1ch b\u1ea3o qu\u1ea3n<\/b><span class=\"ez-toc-section-end\"><\/span><\/h2>\n<p><span style=\"font-weight: 400;\">N\u01a1i kh\u00f4 r\u00e1o, tho\u00e1ng m\u00e1t, tr\u00e1nh \u00e1nh n\u1eafng tr\u1ef1c ti\u1ebfp, nhi\u1ec7t \u0111\u1ed9 kh\u00f4ng qu\u00e1 30 \u0111\u1ed9 C. \u0110\u1ec3 xa t\u1ea7m tay tr\u1ebb em.<\/span><\/p>\n<p><b>Nh\u00e0 s\u1ea3n xu\u1ea5t: C\u00d4NG TY C\u1ed4 PH\u1ea6N D\u01af\u1ee2C PH\u1ea8M QU\u1ed0C T\u1ebe DOLEXPHAR<\/b><\/p>\n<p><span style=\"font-weight: 400;\">&#8211; \u0110\u1ecba ch\u1ec9: L\u00f4 C2, Khu C\u00f4ng nghi\u1ec7p \u0110\u1ea1i An m\u1edf r\u1ed9ng, th\u1ecb tr\u1ea5n Lai C\u00e1ch, huy\u1ec7n C\u1ea9m Gi\u00e0ng, t\u1ec9nh H\u1ea3i D\u01b0\u01a1ng.<\/span><\/p>\n<p><b>Th\u01b0\u01a1ng nh\u00e2n ch\u1ecbu tr\u00e1ch nhi\u1ec7m v\u1ec1 ch\u1ea5t l\u01b0\u1ee3ng s\u1ea3n ph\u1ea9m:<\/b><\/p>\n<p><span style=\"font-weight: 400;\">&#8211; C\u00f4ng ty TNHH PTTM D\u01b0\u1ee3c ph\u1ea9m An Ph\u00e1t\u00a0<\/span><\/p>\n<p><span style=\"font-weight: 400;\">&#8211; \u0110\u1ecba ch\u1ec9: S\u1ed1 43 ng\u00f5 145\/93\/2 C\u1ed5 Nhu\u1ebf, Ph\u01b0\u1eddng C\u1ed5 Nhu\u1ebf 2, Qu\u1eadn B\u1eafc T\u1eeb Li\u00eam, Th\u00e0nh ph\u1ed1 H\u00e0 N\u1ed9i, Vi\u1ec7t Nam.<\/span><span style=\"font-weight: 400;\"><br \/>\n<\/span><span style=\"font-weight: 400;\">S\u1ea3n ph\u1ea9m \u0111\u00e3 \u0111\u01b0\u1ee3c B\u1ed9 y t\u1ebf C\u1ee5c an to\u00e0n th\u1ef1c ph\u1ea9m Vi\u1ec7t Nam c\u1ea5p gi\u1ea5y ch\u1ee9ng nh\u1eadn s\u1ed1: 6\/2019\/0106207170-DKCB.<\/span><\/p>\n<p><img decoding=\"async\" loading=\"lazy\" class=\"wp-image-3026 aligncenter\" src=\"https:\/\/ngaviet.com\/wp-content\/uploads\/2022\/10\/2019-Arginin-420_page-0001.jpg\" alt=\"thuc-pham-chuc-nang-bao-ve-gan-arginin-420\" width=\"710\" height=\"1003\" \/><\/p>\n","protected":false},"excerpt":{"rendered":"<ul>\n<li style=\"font-weight: 400;\" aria-level=\"1\"><b>C\u00f4ng d\u1ee5ng<\/b><span style=\"font-weight: 400;\">: Gi\u00fap h\u1ed7 tr\u1ee3 t\u0103ng c\u01b0\u1eddng ch\u1ee9c n\u0103ng gan, b\u1ea3o v\u1ec7 t\u1ebf b\u00e0o gan v\u00e0 ph\u1ee5c h\u1ed3i ch\u1ee9c n\u0103ng gan, m\u00e1t gan, l\u1ee3i m\u1eadt, l\u1ee3i ti\u1ec3u.<\/span><\/li>\n<li style=\"font-weight: 400;\" aria-level=\"1\"><b>Nh\u00e0 s\u1ea3n xu\u1ea5t<\/b><span style=\"font-weight: 400;\">: Dolexphar &#8211; VN<\/span><\/li>\n<li style=\"font-weight: 400;\" aria-level=\"1\"><b>Quy c\u00e1ch<\/b><span style=\"font-weight: 400;\">: H\u1ed9p 60 vi\u00ean nang m\u1ec1m (12 v\u1ec9 x 5 vi\u00ean)<\/span><\/li>\n<li style=\"font-weight: 400;\" aria-level=\"1\"><b>C\u00e1ch d\u00f9ng<\/b><span style=\"font-weight: 400;\">: u\u1ed1ng 1 vi\u00ean\/l\u1ea7n x 1 &#8211; 2 l\u1ea7n\/ng\u00e0y (t\u00f9y v\u00e0o \u0111\u1ed9 tu\u1ed5i)<\/span><\/li>\n<li style=\"font-weight: 400;\" aria-level=\"1\"><b>H\u1ea1n d\u00f9ng: <\/b><span style=\"font-weight: 400;\">3 n\u0103m k\u1ec3 t\u1eeb ng\u00e0y s\u1ea3n xu\u1ea5t<\/span><\/li>\n<\/ul>\n","protected":false},"featured_media":3035,"comment_status":"open","ping_status":"closed","template":"","meta":[],"product_cat":[15,56],"product_tag":[],"_links":{"self":[{"href":"https:\/\/ngaviet.com\/vi\/wp-json\/wp\/v2\/product\/3025"}],"collection":[{"href":"https:\/\/ngaviet.com\/vi\/wp-json\/wp\/v2\/product"}],"about":[{"href":"https:\/\/ngaviet.com\/vi\/wp-json\/wp\/v2\/types\/product"}],"replies":[{"embeddable":true,"href":"https:\/\/ngaviet.com\/vi\/wp-json\/wp\/v2\/comments?post=3025"}],"wp:featuredmedia":[{"embeddable":true,"href":"https:\/\/ngaviet.com\/vi\/wp-json\/wp\/v2\/media\/3035"}],"wp:attachment":[{"href":"https:\/\/ngaviet.com\/vi\/wp-json\/wp\/v2\/media?parent=3025"}],"wp:term":[{"taxonomy":"product_cat","embeddable":true,"href":"https:\/\/ngaviet.com\/vi\/wp-json\/wp\/v2\/product_cat?post=3025"},{"taxonomy":"product_tag","embeddable":true,"href":"https:\/\/ngaviet.com\/vi\/wp-json\/wp\/v2\/product_tag?post=3025"}],"curies":[{"name":"wp","href":"https:\/\/api.w.org\/{rel}","templated":true}]}}