{"id":305,"date":"2021-10-15T23:49:11","date_gmt":"2021-10-15T16:49:11","guid":{"rendered":"https:\/\/ngaviet.com\/?post_type=product&#038;p=305"},"modified":"2022-10-22T08:37:07","modified_gmt":"2022-10-22T01:37:07","slug":"dai-trang-pharvie","status":"publish","type":"product","link":"https:\/\/ngaviet.com\/vi\/dai-trang-pharvie\/","title":{"rendered":"Th\u1ef1c ph\u1ea9m ch\u1ee9c n\u0103ng vi\u00eam \u0111\u1ea1i tr\u00e0ng Pharvie"},"content":{"rendered":"<p><span style=\"font-weight: 400;\"><div id=\"ez-toc-container\" class=\"ez-toc-v2_0_58 counter-hierarchy ez-toc-counter ez-toc-light-blue ez-toc-container-direction\">\n<div class=\"ez-toc-title-container\">\n<p class=\"ez-toc-title \" >M\u1ee5c l\u1ee5c<\/p>\n<span class=\"ez-toc-title-toggle\"><a href=\"#\" class=\"ez-toc-pull-right ez-toc-btn ez-toc-btn-xs ez-toc-btn-default ez-toc-toggle\" aria-label=\"Toggle Table of Content\" role=\"button\"><label for=\"item-69db5c20c3a27\" ><span class=\"\"><span class=\"eztoc-hide\" style=\"display:none;\">Toggle<\/span><span class=\"ez-toc-icon-toggle-span\"><svg style=\"fill: #999;color:#999\" xmlns=\"http:\/\/www.w3.org\/2000\/svg\" class=\"list-377408\" width=\"20px\" height=\"20px\" viewBox=\"0 0 24 24\" fill=\"none\"><path d=\"M6 6H4v2h2V6zm14 0H8v2h12V6zM4 11h2v2H4v-2zm16 0H8v2h12v-2zM4 16h2v2H4v-2zm16 0H8v2h12v-2z\" fill=\"currentColor\"><\/path><\/svg><svg style=\"fill: #999;color:#999\" class=\"arrow-unsorted-368013\" xmlns=\"http:\/\/www.w3.org\/2000\/svg\" width=\"10px\" height=\"10px\" viewBox=\"0 0 24 24\" version=\"1.2\" baseProfile=\"tiny\"><path d=\"M18.2 9.3l-6.2-6.3-6.2 6.3c-.2.2-.3.4-.3.7s.1.5.3.7c.2.2.4.3.7.3h11c.3 0 .5-.1.7-.3.2-.2.3-.5.3-.7s-.1-.5-.3-.7zM5.8 14.7l6.2 6.3 6.2-6.3c.2-.2.3-.5.3-.7s-.1-.5-.3-.7c-.2-.2-.4-.3-.7-.3h-11c-.3 0-.5.1-.7.3-.2.2-.3.5-.3.7s.1.5.3.7z\"\/><\/svg><\/span><\/span><\/label><input aria-label=\"Toggle\" aria-label=\"item-69db5c20c3a27\"  type=\"checkbox\" id=\"item-69db5c20c3a27\"><\/a><\/span><\/div>\n<nav><ul class='ez-toc-list ez-toc-list-level-1 eztoc-toggle-hide-by-default' ><li class='ez-toc-page-1 ez-toc-heading-level-2'><a class=\"ez-toc-link ez-toc-heading-1\" href=\"https:\/\/ngaviet.com\/vi\/dai-trang-pharvie\/#Thong_tin_san_pham\" title=\"Th\u00f4ng tin s\u1ea3n ph\u1ea9m\">Th\u00f4ng tin s\u1ea3n ph\u1ea9m<\/a><\/li><li class='ez-toc-page-1 ez-toc-heading-level-2'><a class=\"ez-toc-link ez-toc-heading-2\" href=\"https:\/\/ngaviet.com\/vi\/dai-trang-pharvie\/#Thanh_phan\" title=\"Th\u00e0nh ph\u1ea7n\u00a0\">Th\u00e0nh ph\u1ea7n\u00a0<\/a><\/li><li class='ez-toc-page-1 ez-toc-heading-level-2'><a class=\"ez-toc-link ez-toc-heading-3\" href=\"https:\/\/ngaviet.com\/vi\/dai-trang-pharvie\/#Cong_dung\" title=\"C\u00f4ng d\u1ee5ng\u00a0\">C\u00f4ng d\u1ee5ng\u00a0<\/a><\/li><li class='ez-toc-page-1 ez-toc-heading-level-2'><a class=\"ez-toc-link ez-toc-heading-4\" href=\"https:\/\/ngaviet.com\/vi\/dai-trang-pharvie\/#Doi_tuong_su_dung\" title=\"\u0110\u1ed1i t\u01b0\u1ee3ng s\u1eed d\u1ee5ng:\">\u0110\u1ed1i t\u01b0\u1ee3ng s\u1eed d\u1ee5ng:<\/a><\/li><li class='ez-toc-page-1 ez-toc-heading-level-2'><a class=\"ez-toc-link ez-toc-heading-5\" href=\"https:\/\/ngaviet.com\/vi\/dai-trang-pharvie\/#Cach_dung\" title=\"C\u00e1ch d\u00f9ng:\">C\u00e1ch d\u00f9ng:<\/a><\/li><li class='ez-toc-page-1 ez-toc-heading-level-2'><a class=\"ez-toc-link ez-toc-heading-6\" href=\"https:\/\/ngaviet.com\/vi\/dai-trang-pharvie\/#Thong_tin_bo_sung\" title=\"Th\u00f4ng tin b\u1ed5 sung\">Th\u00f4ng tin b\u1ed5 sung<\/a><\/li><li class='ez-toc-page-1 ez-toc-heading-level-2'><a class=\"ez-toc-link ez-toc-heading-7\" href=\"https:\/\/ngaviet.com\/vi\/dai-trang-pharvie\/#Cach_bao_quan\" title=\"C\u00e1ch b\u1ea3o qu\u1ea3n:\u00a0\">C\u00e1ch b\u1ea3o qu\u1ea3n:\u00a0<\/a><\/li><\/ul><\/nav><\/div>\n<\/span><\/p>\n<h2><span class=\"ez-toc-section\" id=\"Thong_tin_san_pham\"><\/span><b>Th\u00f4ng tin s\u1ea3n ph\u1ea9m<\/b><span class=\"ez-toc-section-end\"><\/span><\/h2>\n<p><span style=\"font-weight: 400;\">Th\u1ef1c ph\u1ea9m ch\u1ee9c n\u0103ng vi\u00eam \u0111\u1ea1i tr\u00e0ng Pharvie c\u00f3 c\u00f4ng d\u1ee5ng h\u1ed7 tr\u1ee3 t\u0103ng c\u01b0\u1eddng ti\u00eau h\u00f3a v\u00e0 gi\u1ea3m c\u00e1c tri\u1ec7u ch\u1ee9ng \u0111au b\u1ee5ng, co th\u1eaft b\u1ee5ng, ch\u00e1n \u0103n, ti\u00eau ch\u1ea3y, t\u00e1o b\u00f3n,&#8230;nh\u1eefng tri\u1ec7u ch\u1ee9ng do vi\u00eam \u0111\u1ea1i tr\u00e0ng c\u1ea5p v\u00e0 m\u1ea1n t\u00ednh g\u00e2y ra.\u00a0<\/span><\/p>\n<p><span style=\"font-weight: 400;\">C\u00e1c th\u00e0nh ph\u1ea7n s\u1ea3n xu\u1ea5t n\u00ean th\u1ef1c ph\u1ea9m ch\u1ee9c n\u0103ng \u0111\u1ea1i tr\u00e0ng Pharvie l\u00e0 nh\u1eefng th\u00e0nh ph\u1ea7n t\u1eeb thi\u00ean nhi\u00ean, an to\u00e0n, l\u00e0nh t\u00ednh, c\u00f3 kh\u1ea3 n\u0103ng kh\u00e1ng vi\u00eam, kh\u00e1ng khu\u1ea9n, gi\u1ea3m \u0111au hi\u1ec7u qu\u1ea3, nh\u01b0: th\u00e2n r\u1ec5 cao ho\u00e0ng \u0111\u1eb1ng, r\u1ec5 m\u1ed9c h\u01b0\u01a1ng, b\u1ea1ch th\u01b0\u1ee3c, qu\u1ea3 c\u1ee7a Kha t\u1eed hay v\u1ecf th\u00e2n c\u1ee7a Cao m\u1ed9c hoa tr\u1eafng,&#8230;<\/span><\/p>\n<h2><span class=\"ez-toc-section\" id=\"Thanh_phan\"><\/span><b>Th\u00e0nh ph\u1ea7n\u00a0<\/b><span class=\"ez-toc-section-end\"><\/span><\/h2>\n<p><span style=\"font-weight: 400;\">Cao ho\u00e0ng \u0111\u1eb1ng\u2026\u2026\u2026\u2026\u2026\u2026\u2026\u2026\u2026\u2026\u2026\u2026\u2026\u2026\u2026\u2026\u2026\u2026\u2026\u2026\u2026\u2026\u2026\u2026100 mg<\/span><\/p>\n<p><span style=\"font-weight: 400;\">Cao m\u1ed9c h\u01b0\u01a1ng\u2026\u2026\u2026\u2026\u2026\u2026\u2026\u2026\u2026\u2026\u2026\u2026\u2026\u2026\u2026\u2026\u2026\u2026\u2026\u2026\u2026\u2026\u2026\u2026.100 mg<\/span><\/p>\n<p><span style=\"font-weight: 400;\">Cao b\u1ea1ch th\u01b0\u1ee3c\u2026\u2026\u2026\u2026\u2026\u2026\u2026\u2026\u2026\u2026\u2026\u2026\u2026\u2026\u2026\u2026\u2026\u2026\u2026\u2026\u2026\u2026\u2026\u2026.100 mg<\/span><\/p>\n<p><span style=\"font-weight: 400;\">Cao b\u1ea1ch tru\u1eadt\u2026\u2026\u2026\u2026\u2026\u2026\u2026\u2026\u2026\u2026\u2026\u2026\u2026\u2026\u2026\u2026\u2026\u2026\u2026\u2026\u2026\u2026\u2026\u2026\u2026.100 mg<\/span><\/p>\n<p><span style=\"font-weight: 400;\">Cao kha t\u1eed\u2026\u2026\u2026\u2026\u2026\u2026\u2026\u2026\u2026\u2026\u2026\u2026\u2026\u2026\u2026\u2026\u2026\u2026\u2026\u2026\u2026\u2026\u2026\u2026\u2026\u2026\u2026..100 mg<\/span><\/p>\n<p><span style=\"font-weight: 400;\">Cao m\u1ed9c hoa tr\u1eafng\u2026\u2026\u2026\u2026\u2026\u2026\u2026\u2026\u2026\u2026\u2026\u2026\u2026\u2026\u2026\u2026\u2026\u2026\u2026\u2026\u2026\u2026.50 mg<\/span><\/p>\n<p><span style=\"font-weight: 400;\">Nano curcumin (10%)\u2026\u2026\u2026\u2026\u2026\u2026\u2026\u2026\u2026\u2026\u2026\u2026\u2026\u2026\u2026\u2026\u2026\u2026\u2026\u2026\u202625 mg<\/span><\/p>\n<p><span style=\"font-weight: 400;\">Cao sa nh\u00e2n\u2026\u2026\u2026\u2026\u2026\u2026\u2026\u2026\u2026\u2026\u2026\u2026\u2026\u2026\u2026\u2026\u2026\u2026\u2026\u2026\u2026\u2026\u2026\u2026\u2026\u2026..20 mg.<\/span><\/p>\n<h2><span class=\"ez-toc-section\" id=\"Cong_dung\"><\/span><b>C\u00f4ng d\u1ee5ng\u00a0<\/b><span class=\"ez-toc-section-end\"><\/span><\/h2>\n<p><span style=\"font-weight: 400;\">Th\u1ef1c ph\u1ea9m ch\u1ee9c n\u0103ng \u0111\u1ea1i tr\u00e0ng Pharvie h\u1ed7 tr\u1ee3 t\u0103ng c\u01b0\u1eddng ti\u00eau ho\u00e1, gi\u00fap gi\u1ea3m tri\u1ec7u ch\u1ee9ng c\u1ee7a vi\u00eam \u0111\u1ea1i tr\u00e0ng c\u1ea5p v\u00e0 m\u1ea1n t\u00ednh.<\/span><\/p>\n<p>&nbsp;<\/p>\n<h2><span class=\"ez-toc-section\" id=\"Doi_tuong_su_dung\"><\/span><b>\u0110\u1ed1i t\u01b0\u1ee3ng s\u1eed d\u1ee5ng<\/b><span style=\"font-weight: 400;\">:<\/span><span class=\"ez-toc-section-end\"><\/span><\/h2>\n<p><span style=\"font-weight: 400;\">Ng\u01b0\u1eddi b\u1ecb vi\u00eam \u0111\u1ea1i tr\u00e0ng v\u1edbi c\u00e1c tri\u1ec7u ch\u1ee9ng \u0111\u1ea7y h\u01a1i, \u0103n u\u1ed1ng kh\u00f3 ti\u00eau, \u0111au qu\u1eb7n b\u1ee5ng, s\u00f4i b\u1ee5ng, ti\u00eau ch\u1ea3y, ph\u00e2n s\u1ed1ng, \u0111i ngo\u00e0i nhi\u1ec1u l\u1ea7n.<\/span><\/p>\n<h2><span class=\"ez-toc-section\" id=\"Cach_dung\"><\/span><b>C\u00e1ch d\u00f9ng<\/b><span style=\"font-weight: 400;\">:<\/span><span class=\"ez-toc-section-end\"><\/span><\/h2>\n<ul>\n<li style=\"font-weight: 400;\" aria-level=\"1\"><span style=\"font-weight: 400;\">U\u1ed1ng 2 vi\u00ean\/l\u1ea7n x 2-3 l\u1ea7n\/ng\u00e0y.\u00a0<\/span><\/li>\n<li style=\"font-weight: 400;\" aria-level=\"1\"><span style=\"font-weight: 400;\">U\u1ed1ng t\u1ed1t nh\u1ea5t tr\u01b0\u1edbc khi \u0103n 30 ph\u00fat ho\u1eb7c sau khi \u0103n 1 gi\u1edd.<\/span><\/li>\n<li style=\"font-weight: 400;\" aria-level=\"1\"><span style=\"font-weight: 400;\">M\u1ed7i \u0111\u1ee3t d\u00f9ng 15-20 ng\u00e0y \u0111\u1ec3 \u0111\u1ea3m b\u1ea3o c\u00f4ng d\u1ee5ng c\u1ee7a s\u1ea3n ph\u1ea9m.<\/span><\/li>\n<\/ul>\n<p><b>L\u01b0u \u00fd<\/b><span style=\"font-weight: 400;\">:<\/span><\/p>\n<p><span style=\"font-weight: 400;\">Th\u1ef1c ph\u1ea9m n\u00e0y kh\u00f4ng ph\u1ea3i l\u00e0 thu\u1ed1c, kh\u00f4ng c\u00f3 t\u00e1c d\u1ee5ng thay th\u1ebf thu\u1ed1c ch\u1eefa b\u1ec7nh.<\/span><\/p>\n<p><span style=\"font-weight: 400;\">Kh\u00f4ng d\u00f9ng cho ph\u1ee5 n\u1eef c\u00f3 thai v\u00e0 cho con b\u00fa, tr\u1ebb em d\u01b0\u1edbi 18 tu\u1ed5i, kh\u00f4ng d\u00f9ng cho ng\u01b0\u1eddi c\u00f3 m\u1eabn c\u1ea3m v\u1edbi b\u1ea5t k\u1ef3 th\u00e0nh ph\u1ea7n n\u00e0o c\u1ee7a s\u1ea3n ph\u1ea9m.<\/span><\/p>\n<h2><span class=\"ez-toc-section\" id=\"Thong_tin_bo_sung\"><\/span><b>Th\u00f4ng tin b\u1ed5 sung<\/b><span class=\"ez-toc-section-end\"><\/span><\/h2>\n<ul>\n<li style=\"font-weight: 400;\" aria-level=\"1\"><span style=\"font-weight: 400;\">Cao ho\u00e0ng \u0111\u1eb1ng: Trong \u0110\u00f4ng y, ho\u00e0ng \u0111\u1eb1ng c\u00f3 v\u1ecb \u0111\u1eafng, t\u00ednh h\u00e0n, quy v\u00e0o hai kinh t\u00e2m v\u00e0 can. V\u1ecb thu\u1ed1c n\u00e0y c\u00f3 t\u00e1c d\u1ee5ng thanh nhi\u1ec7t, gi\u1ea3i \u0111\u1ed9c, s\u00e1t tr\u00f9ng, l\u1ee3i th\u1ea5p, th\u00f4ng ti\u1ec7n. Ho\u00e0ng \u0111\u1eb1ng c\u00f3 ch\u1ee9a berberin, l\u00e0 m\u1ed9t ch\u1ea5t c\u00f3 t\u00ednh kh\u00e1ng khu\u1ea9n m\u1ea1nh trong ph\u00f2ng th\u00ed nghi\u1ec7m v\u1edbi shigella, t\u1ee5 c\u1ea7u, v\u00e0 li\u00ean c\u1ea7u khu\u1ea9n, v\u00e0 \u0111ang \u0111\u01b0\u1ee3c nhi\u1ec1u nghi\u00ean c\u1ee9u ch\u00fa \u00fd \u0111\u1ebfn.<\/span><\/li>\n<li style=\"font-weight: 400;\" aria-level=\"1\"><span style=\"font-weight: 400;\">Cao m\u1ed9c h\u01b0\u01a1ng: c\u00f3 th\u00e0nh ph\u1ea7n ch\u00ednh l\u00e0 aplotaxene, camphene, phellandrene, v\u00e0 inulin. Aplotaxene, camphene, phellandrene l\u00e0 nh\u1eefng tinh d\u1ea7u c\u00f3 t\u00ednh kh\u00e1ng khu\u1ea9n v\u00e0 kh\u00e1ng vi\u00eam. Inulin l\u00e0 m\u1ed9t lo\u1ea1i \u0111\u01b0\u1eddng ph\u1ee9c th\u01b0\u1eddng \u0111\u01b0\u1ee3c d\u00f9ng l\u00e0m pre-biotic \u0111\u1ec3 nu\u00f4i d\u01b0\u1ee1ng nh\u1eefng vi khu\u1ea9n c\u00f3 l\u1ee3i trong \u0111\u1ea1i tr\u00e0ng.<\/span><\/li>\n<li style=\"font-weight: 400;\" aria-level=\"1\"><span style=\"font-weight: 400;\">Cao b\u1ea1ch th\u01b0\u1ee3c: c\u00f3 ch\u1ee9a nh\u1eefng th\u00e0nh ph\u1ea7n c\u00f3 ho\u1ea1t t\u00ednh m\u1ea1nh nh\u01b0 Paeoniflorin, 6\u2032-O-Galloyl paeoniflorin, v\u00e0 Benzoylpaeoniflorin, l\u00e0 nh\u1eefng ch\u1ea5t kh\u00e1ng vi\u00eam v\u00e0 l\u00e0m gi\u1ea3m co th\u1eaft c\u01a1 tr\u01a1n \u1edf h\u1ec7 ti\u00eau ho\u00e1, gi\u00fap l\u00e0m gi\u1ea3m nh\u1eefng c\u01a1n \u0111au do vi\u00eam \u0111\u1ea1i tr\u00e0ng.<\/span><\/li>\n<li style=\"font-weight: 400;\" aria-level=\"1\"><span style=\"font-weight: 400;\">Cao b\u1ea1ch tru\u1eadt: c\u00f3 ch\u1ee9a hunulene v\u00e0 atractylone. Hunulene l\u00e0 m\u1ed9t lo\u1ea1i sesquiterpene c\u00f3 nhi\u1ec1u trong men bia v\u00e0 \u0111ang \u0111\u01b0\u1ee3c nghi\u00ean c\u1ee9u v\u1ec1 t\u00ednh kh\u00e1ng vi\u00eam. Atractylone c\u00f3 t\u00ednh kh\u00e1ng vi\u00eam m\u1ea1nh qua c\u01a1 ch\u1ebf \u1ed5n \u0111\u1ecbnh d\u01b0\u1ee1ng b\u00e0o mast, qua \u0111\u00f3 \u1ee9c ch\u1ebf s\u1ef1 ho\u1ea1t ho\u00e1 c\u1ee7a histamine.<\/span><\/li>\n<li style=\"font-weight: 400;\" aria-level=\"1\"><span style=\"font-weight: 400;\">Cao kha t\u1eed: c\u00f3 th\u00e0nh ph\u1ea7n h\u01a1n 50% l\u00e0 c\u00e1c lo\u1ea1i tannin, bao g\u1ed3m nh\u1eefng nh\u00f3m tannin c\u00f3 t\u00ednh ch\u1ed1ng oxy ho\u00e1 v\u00e0 kh\u00e1ng khu\u1ea9n cao nh\u01b0 gallic acid, glucogalin, v\u00e0 chebulinic acid. Ngo\u00e0i ra, Polysaccharid trong Kha t\u1eed c\u00f3 kh\u1ea3 n\u0103ng gi\u1ea3m ho r\u00f5 r\u1ec7t. T\u00e1c d\u1ee5ng d\u01b0\u1ee3c l\u00fd n\u00e0y c\u1ee7a Polysaccharid th\u1eadm ch\u00ed cao h\u01a1n so v\u1edbi nh\u1eefng ch\u1ea5t ch\u1ed1ng ho m\u1ea1nh nh\u1ea5t trong th\u00ed nghi\u1ec7m l\u00e2m s\u00e0ng nh\u01b0 codein. Kh\u00f4ng ch\u1ec9 v\u1eady, nh\u1edd ch\u1ea5t Alloyl n\u00ean Kha t\u1eed s\u1edf h\u1eefu ho\u1ea1t t\u00ednh kh\u00e1ng virus. Ho\u1ea1t ch\u1ea5t n\u00e0y \u0111\u00f3ng vai tr\u00f2 quan tr\u1ecdng \u0111\u1ed1i v\u1edbi s\u1ef1 \u1ee9c ch\u1ebf c\u00e1c virus lo\u1ea1i 1 v\u00e0 m\u1ed9t s\u1ed1 virus l\u00e0m gi\u1ea3m h\u1ec7 mi\u1ec5n d\u1ecbch c\u1ee7a con ng\u01b0\u1eddi.<\/span><\/li>\n<li style=\"font-weight: 400;\" aria-level=\"1\"><span style=\"font-weight: 400;\">Cao m\u1ed9c hoa tr\u1eafng: Nh\u01b0 ho\u00e0ng \u0111\u1eb1ng, m\u1ed9c hoa tr\u1eafng c\u00f3 ch\u1ee9a berberin, l\u00e0 m\u1ed9t ch\u1ea5t kh\u00e1ng khu\u1ea9n t\u1ef1 nhi\u00ean th\u1ec3 hi\u1ec7n t\u00ednh kh\u00e1ng khu\u1ea9n v\u1edbi nhi\u1ec1u lo\u1ea1i vi khu\u1ea9n \u0111\u01b0\u1eddng ru\u1ed9t. M\u1ed9c hoa tr\u1eafng c\u00f2n ch\u1ee9a conessin, l\u00e0 ch\u1ea5t chuy\u00ean tr\u1ecb di\u1ec7t amip trong vi\u00eam \u0111\u1ea1i tr\u00e0ng theo \u0111\u00f4ng y.<\/span><\/li>\n<li style=\"font-weight: 400;\" aria-level=\"1\"><span style=\"font-weight: 400;\">Nano curcumin (10%): Curcumin \u0111\u01b0\u1ee3c chi\u1ebft xu\u1ea5t t\u1eeb ngh\u1ec7 v\u00e0ng, l\u00e0 m\u1ed9t v\u1ecb thu\u1ed1c c\u00f3 kh\u1ea3 n\u0103ng kh\u00e1ng vi\u00eam, l\u00e0m l\u00e0nh v\u1ebft lo\u00e9t, \u0111\u1eb7c bi\u1ec7t l\u00e0 ngo\u00e0i da v\u00e0 trong h\u1ec7 ti\u00eau ho\u00e1.<\/span><\/li>\n<li style=\"font-weight: 400;\" aria-level=\"1\"><span style=\"font-weight: 400;\">Cao sa nh\u00e2n: ch\u1ee9a phellandrene, camphor, borneol, l\u00e0 nh\u1eefng tinh d\u1ea7u c\u00f3 t\u00ednh kh\u00e1ng vi\u00eam v\u00e0 kh\u00e1ng khu\u1ea9n m\u1ea1nh.<\/span><\/li>\n<\/ul>\n<h2><span class=\"ez-toc-section\" id=\"Cach_bao_quan\"><\/span><b>C\u00e1ch b\u1ea3o qu\u1ea3n:\u00a0<\/b><span class=\"ez-toc-section-end\"><\/span><\/h2>\n<p><span style=\"font-weight: 400;\">N\u01a1i kh\u00f4 r\u00e1o, tho\u00e1ng m\u00e1t, tr\u00e1nh \u00e1nh n\u1eafng tr\u1ef1c ti\u1ebfp.<\/span><\/p>\n<p><b>S\u1ea3n xu\u1ea5t t\u1ea1i C\u00f4ng ty C\u1ed5 Ph\u1ea7n d\u01b0\u1ee3c v\u1eadt t\u01b0 y t\u1ebf H\u1ea3i D\u01b0\u01a1ng<\/b><\/p>\n<p><span style=\"font-weight: 400;\">&#8211; \u0110\u1ecba ch\u1ec9: th\u00f4n Th\u01b0\u1ee3ng Trang, x\u00e3 B\u00e1t Trang, huy\u1ec7n An L\u00e3o, Th\u00e0nh ph\u1ed1 H\u1ea3i Ph\u00f2ng, Vi\u1ec7t Nam<\/span><\/p>\n<p><b>Th\u01b0\u01a1ng nh\u00e2n ch\u1ecbu tr\u00e1ch nhi\u1ec7m v\u1ec1 ch\u1ea5t l\u01b0\u1ee3ng s\u1ea3n ph\u1ea9m:<\/b><\/p>\n<p><span style=\"font-weight: 400;\">C\u00f4ng ty TNHH Th\u01b0\u01a1ng M\u1ea1i Nga Vi\u1ec7t<\/span><\/p>\n<p><span style=\"font-weight: 400;\">&#8211; \u0110\u1ecba ch\u1ec9: 644\/2 \u0111\u01b0\u1eddng 3\/2 ph\u01b0\u1eddng 14, qu\u1eadn 10<\/span><\/p>\n<p><span style=\"font-weight: 400;\">S\u1ea3n ph\u1ea9m \u0111\u00e3 \u0111\u01b0\u1ee3c B\u1ed9 y t\u1ebf C\u1ee5c an to\u00e0n th\u1ef1c ph\u1ea9m Vi\u1ec7t Nam c\u1ea5p gi\u1ea5y ch\u1ee9ng nh\u1eadn s\u1ed1: 4033\/2020\/\u0110KSP.<\/span><\/p>\n<p><img decoding=\"async\" loading=\"lazy\" class=\"wp-image-2889 aligncenter\" src=\"https:\/\/ngaviet.com\/wp-content\/uploads\/2021\/10\/2020-dai-trang-PHARVIE_page-0001.jpg\" alt=\"thuc-pham-chuc-nang-viem-dai-trang-pharvie\" width=\"577\" height=\"816\" \/><\/p>\n","protected":false},"excerpt":{"rendered":"<ul>\n<li style=\"font-weight: 400;\" aria-level=\"1\"><b>C\u00f4ng d\u1ee5ng<\/b><span style=\"font-weight: 400;\">: H\u1ed7 tr\u1ee3 t\u0103ng c\u01b0\u1eddng ti\u00eau ho\u00e1, gi\u00fap gi\u1ea3m tri\u1ec7u ch\u1ee9ng c\u1ee7a vi\u00eam \u0111\u1ea1i tr\u00e0ng c\u1ea5p v\u00e0 m\u1ea1n t\u00ednh.<\/span><\/li>\n<li style=\"font-weight: 400;\" aria-level=\"1\"><b>Nh\u00e0 s\u1ea3n xu\u1ea5t<\/b><span style=\"font-weight: 400;\">: HP Pharma &#8211; VN<\/span><\/li>\n<li style=\"font-weight: 400;\" aria-level=\"1\"><b>Quy c\u00e1ch<\/b><span style=\"font-weight: 400;\">: H\u1ed9p 1 l\u1ecd 60 vi\u00ean nang<\/span><\/li>\n<li style=\"font-weight: 400;\" aria-level=\"1\"><b>C\u00e1ch d\u00f9ng<\/b><span style=\"font-weight: 400;\">: u\u1ed1ng 2 vi\u00ean\/l\u1ea7n x 2-3 l\u1ea7n\/ng\u00e0y<\/span><\/li>\n<li style=\"font-weight: 400;\" aria-level=\"1\"><b>H\u1ea1n d\u00f9ng: <\/b><span style=\"font-weight: 400;\">3 n\u0103m k\u1ec3 t\u1eeb ng\u00e0y s\u1ea3n xu\u1ea5t<\/span><\/li>\n<\/ul>\n","protected":false},"featured_media":2417,"comment_status":"open","ping_status":"closed","template":"","meta":[],"product_cat":[15,30,56],"product_tag":[],"_links":{"self":[{"href":"https:\/\/ngaviet.com\/vi\/wp-json\/wp\/v2\/product\/305"}],"collection":[{"href":"https:\/\/ngaviet.com\/vi\/wp-json\/wp\/v2\/product"}],"about":[{"href":"https:\/\/ngaviet.com\/vi\/wp-json\/wp\/v2\/types\/product"}],"replies":[{"embeddable":true,"href":"https:\/\/ngaviet.com\/vi\/wp-json\/wp\/v2\/comments?post=305"}],"wp:featuredmedia":[{"embeddable":true,"href":"https:\/\/ngaviet.com\/vi\/wp-json\/wp\/v2\/media\/2417"}],"wp:attachment":[{"href":"https:\/\/ngaviet.com\/vi\/wp-json\/wp\/v2\/media?parent=305"}],"wp:term":[{"taxonomy":"product_cat","embeddable":true,"href":"https:\/\/ngaviet.com\/vi\/wp-json\/wp\/v2\/product_cat?post=305"},{"taxonomy":"product_tag","embeddable":true,"href":"https:\/\/ngaviet.com\/vi\/wp-json\/wp\/v2\/product_tag?post=305"}],"curies":[{"name":"wp","href":"https:\/\/api.w.org\/{rel}","templated":true}]}}