{"id":308,"date":"2021-10-18T11:01:31","date_gmt":"2021-10-18T04:01:31","guid":{"rendered":"https:\/\/ngaviet.com\/?post_type=product&#038;p=308"},"modified":"2026-04-11T12:27:57","modified_gmt":"2026-04-11T05:27:57","slug":"ha-hoi-don","status":"publish","type":"product","link":"https:\/\/ngaviet.com\/vi\/ha-hoi-don\/","title":{"rendered":"H\u1ea1 H\u1ed3i \u0110\u01a1n &#8211; Th\u1ef1c ph\u1ea9m ch\u1ee9c n\u0103ng gi\u1ea3m cao huy\u1ebft \u00e1p"},"content":{"rendered":"<div id=\"ez-toc-container\" class=\"ez-toc-v2_0_58 counter-hierarchy ez-toc-counter ez-toc-light-blue ez-toc-container-direction\">\n<div class=\"ez-toc-title-container\">\n<p class=\"ez-toc-title \" >M\u1ee5c l\u1ee5c<\/p>\n<span class=\"ez-toc-title-toggle\"><a href=\"#\" class=\"ez-toc-pull-right ez-toc-btn ez-toc-btn-xs ez-toc-btn-default ez-toc-toggle\" aria-label=\"Toggle Table of Content\" role=\"button\"><label for=\"item-69de3573f1fef\" ><span class=\"\"><span class=\"eztoc-hide\" style=\"display:none;\">Toggle<\/span><span class=\"ez-toc-icon-toggle-span\"><svg style=\"fill: #999;color:#999\" xmlns=\"http:\/\/www.w3.org\/2000\/svg\" class=\"list-377408\" width=\"20px\" height=\"20px\" viewBox=\"0 0 24 24\" fill=\"none\"><path d=\"M6 6H4v2h2V6zm14 0H8v2h12V6zM4 11h2v2H4v-2zm16 0H8v2h12v-2zM4 16h2v2H4v-2zm16 0H8v2h12v-2z\" fill=\"currentColor\"><\/path><\/svg><svg style=\"fill: #999;color:#999\" class=\"arrow-unsorted-368013\" xmlns=\"http:\/\/www.w3.org\/2000\/svg\" width=\"10px\" height=\"10px\" viewBox=\"0 0 24 24\" version=\"1.2\" baseProfile=\"tiny\"><path d=\"M18.2 9.3l-6.2-6.3-6.2 6.3c-.2.2-.3.4-.3.7s.1.5.3.7c.2.2.4.3.7.3h11c.3 0 .5-.1.7-.3.2-.2.3-.5.3-.7s-.1-.5-.3-.7zM5.8 14.7l6.2 6.3 6.2-6.3c.2-.2.3-.5.3-.7s-.1-.5-.3-.7c-.2-.2-.4-.3-.7-.3h-11c-.3 0-.5.1-.7.3-.2.2-.3.5-.3.7s.1.5.3.7z\"\/><\/svg><\/span><\/span><\/label><input aria-label=\"Toggle\" aria-label=\"item-69de3573f1fef\"  type=\"checkbox\" id=\"item-69de3573f1fef\"><\/a><\/span><\/div>\n<nav><ul class='ez-toc-list ez-toc-list-level-1 eztoc-toggle-hide-by-default' ><li class='ez-toc-page-1 ez-toc-heading-level-2'><a class=\"ez-toc-link ez-toc-heading-1\" href=\"https:\/\/ngaviet.com\/vi\/ha-hoi-don\/#Thong_tin_ve_Ha_Hoi_Don\" title=\"Th\u00f4ng tin v\u1ec1 H\u1ea1 H\u1ed3i \u0110\u01a1n\">Th\u00f4ng tin v\u1ec1 H\u1ea1 H\u1ed3i \u0110\u01a1n<\/a><\/li><li class='ez-toc-page-1 ez-toc-heading-level-2'><a class=\"ez-toc-link ez-toc-heading-2\" href=\"https:\/\/ngaviet.com\/vi\/ha-hoi-don\/#Thanh_phan_Ha_Hoi_Don\" title=\"Th\u00e0nh ph\u1ea7n H\u1ea1 H\u1ed3i \u0110\u01a1n\">Th\u00e0nh ph\u1ea7n H\u1ea1 H\u1ed3i \u0110\u01a1n<\/a><\/li><li class='ez-toc-page-1 ez-toc-heading-level-2'><a class=\"ez-toc-link ez-toc-heading-3\" href=\"https:\/\/ngaviet.com\/vi\/ha-hoi-don\/#Cong_dung_cua_Ha_Hoi_Don\" title=\"C\u00f4ng d\u1ee5ng c\u1ee7a H\u1ea1 H\u1ed3i \u0110\u01a1n\">C\u00f4ng d\u1ee5ng c\u1ee7a H\u1ea1 H\u1ed3i \u0110\u01a1n<\/a><\/li><li class='ez-toc-page-1 ez-toc-heading-level-2'><a class=\"ez-toc-link ez-toc-heading-4\" href=\"https:\/\/ngaviet.com\/vi\/ha-hoi-don\/#Doi_tuong_su_dung\" title=\"\u0110\u1ed1i t\u01b0\u1ee3ng s\u1eed d\u1ee5ng:\">\u0110\u1ed1i t\u01b0\u1ee3ng s\u1eed d\u1ee5ng:<\/a><\/li><li class='ez-toc-page-1 ez-toc-heading-level-2'><a class=\"ez-toc-link ez-toc-heading-5\" href=\"https:\/\/ngaviet.com\/vi\/ha-hoi-don\/#Huong_dan_su_dung\" title=\"H\u01b0\u1edbng d\u1eabn s\u1eed d\u1ee5ng:\">H\u01b0\u1edbng d\u1eabn s\u1eed d\u1ee5ng:<\/a><\/li><li class='ez-toc-page-1 ez-toc-heading-level-2'><a class=\"ez-toc-link ez-toc-heading-6\" href=\"https:\/\/ngaviet.com\/vi\/ha-hoi-don\/#Cach_bao_quan\" title=\"C\u00e1ch b\u1ea3o qu\u1ea3n:\u00a0\">C\u00e1ch b\u1ea3o qu\u1ea3n:\u00a0<\/a><\/li><\/ul><\/nav><\/div>\n\n<h2><span class=\"ez-toc-section\" id=\"Thong_tin_ve_Ha_Hoi_Don\"><\/span><b>Th\u00f4ng tin v\u1ec1 H\u1ea1 H\u1ed3i \u0110\u01a1n<\/b><span class=\"ez-toc-section-end\"><\/span><\/h2>\n<p><span style=\"font-weight: 400;\">H\u1ea1 H\u1ed3i \u0110\u01a1n l\u00e0 s\u1ea3n ph\u1ea9m ch\u1ee9c n\u0103ng \u0111\u1ea1t chu\u1ea9n GMP WHO, \u0111\u01b0\u1ee3c b\u00e0o ch\u1ebf ho\u00e0n to\u00e0n t\u1eeb 10 lo\u1ea1i th\u1ea3o d\u01b0\u1ee3c thi\u00ean nhi\u00ean qu\u00fd hi\u1ebfm, kh\u00f4ng c\u00f3 t\u00e1c d\u1ee5ng ph\u1ee5 gi\u00fap <\/span><span style=\"font-weight: 400;\">h\u1ed7 tr\u1ee3 \u0111i\u1ec1u tr\u1ecb b\u1ec7nh cao huy\u1ebft \u00e1p, gi\u1ea3i t\u1ecfa n\u1ed7i lo t\u0103ng huy\u1ebft \u00e1p \u0111\u1ed9t ng\u1ed9t, h\u1ed7 tr\u1ee3 gi\u1ea3m c\u00e1c tri\u1ec7u ch\u1ee9ng kh\u00f3 ch\u1ecbu do c\u01a1n cao huy\u1ebft \u00e1p g\u00e2y ra nh\u01b0: hoa m\u1eaft, ch\u00f3ng m\u1eb7t,&#8230;<\/span><\/p>\n<h2><span class=\"ez-toc-section\" id=\"Thanh_phan_Ha_Hoi_Don\"><\/span><b>Th\u00e0nh ph\u1ea7n H\u1ea1 H\u1ed3i \u0110\u01a1n<\/b><span class=\"ez-toc-section-end\"><\/span><\/h2>\n<p><span style=\"font-weight: 400;\">Sinh \u0111\u1ecba&#8230;&#8230;&#8230;&#8230;&#8230;&#8230;&#8230;&#8230;&#8230;&#8230;&#8230;&#8230;&#8230;&#8230;&#8230;&#8230;&#8230;&#8230;&#8230;&#8230;&#8230;&#8230;&#8230;&#8230;&#8230;&#8230;&#8230;&#8230;.800mg<\/span><\/p>\n<p><span style=\"font-weight: 400;\">\u0110\u1ed7 tr\u1ecdng&#8230;&#8230;&#8230;&#8230;&#8230;&#8230;&#8230;&#8230;&#8230;&#8230;&#8230;&#8230;&#8230;&#8230;&#8230;&#8230;&#8230;&#8230;&#8230;&#8230;&#8230;&#8230;&#8230;&#8230;&#8230;&#8230;&#8230;&#8230;600mg<\/span><\/p>\n<p><span style=\"font-weight: 400;\">B\u1ea1ch th\u01b0\u1ee3c&#8230;&#8230;&#8230;&#8230;&#8230;&#8230;&#8230;&#8230;&#8230;&#8230;&#8230;&#8230;&#8230;&#8230;&#8230;&#8230;&#8230;&#8230;&#8230;&#8230;&#8230;&#8230;&#8230;&#8230;&#8230;&#8230;.600mg<\/span><\/p>\n<p><span style=\"font-weight: 400;\">Ng\u01b0u t\u1ea5t&#8230;&#8230;&#8230;&#8230;&#8230;&#8230;&#8230;&#8230;&#8230;&#8230;&#8230;&#8230;&#8230;&#8230;&#8230;&#8230;&#8230;&#8230;&#8230;&#8230;&#8230;&#8230;&#8230;&#8230;&#8230;&#8230;&#8230;&#8230;600mg<\/span><\/p>\n<p><span style=\"font-weight: 400;\">H\u1ea1 kh\u00f4 th\u1ea3o&#8230;&#8230;&#8230;&#8230;&#8230;&#8230;&#8230;&#8230;&#8230;&#8230;&#8230;&#8230;&#8230;&#8230;&#8230;&#8230;&#8230;&#8230;&#8230;&#8230;&#8230;&#8230;&#8230;&#8230;&#8230;&#8230;.500mg<\/span><\/p>\n<p><span style=\"font-weight: 400;\">\u0110\u1ea3ng s\u00e2m&#8230;&#8230;&#8230;&#8230;&#8230;&#8230;&#8230;&#8230;&#8230;&#8230;&#8230;&#8230;&#8230;&#8230;&#8230;&#8230;&#8230;&#8230;&#8230;&#8230;&#8230;&#8230;&#8230;&#8230;&#8230;&#8230;&#8230;.500mg<\/span><\/p>\n<p><span style=\"font-weight: 400;\">C\u00e2u \u0111\u1eb1ng&#8230;&#8230;&#8230;&#8230;&#8230;&#8230;&#8230;&#8230;&#8230;&#8230;&#8230;&#8230;&#8230;&#8230;&#8230;&#8230;&#8230;&#8230;&#8230;&#8230;&#8230;&#8230;&#8230;&#8230;&#8230;&#8230;&#8230;..400mg<\/span><\/p>\n<p><span style=\"font-weight: 400;\">T\u00e1o nh\u00e2n&#8230;&#8230;&#8230;&#8230;&#8230;&#8230;&#8230;&#8230;&#8230;&#8230;&#8230;&#8230;&#8230;&#8230;&#8230;&#8230;&#8230;&#8230;&#8230;&#8230;&#8230;&#8230;&#8230;&#8230;&#8230;&#8230;&#8230;..300mg<\/span><\/p>\n<p><span style=\"font-weight: 400;\">Linh chi&#8230;&#8230;&#8230;&#8230;&#8230;&#8230;&#8230;&#8230;&#8230;&#8230;&#8230;&#8230;&#8230;&#8230;&#8230;&#8230;&#8230;&#8230;&#8230;&#8230;&#8230;&#8230;&#8230;&#8230;&#8230;&#8230;&#8230;&#8230;..200mg<\/span><\/p>\n<p><span style=\"font-weight: 400;\">H\u00f2e hoa&#8230;&#8230;&#8230;&#8230;&#8230;&#8230;&#8230;&#8230;&#8230;&#8230;&#8230;&#8230;&#8230;&#8230;&#8230;&#8230;&#8230;&#8230;&#8230;&#8230;&#8230;&#8230;&#8230;&#8230;&#8230;&#8230;&#8230;&#8230;.200mg<\/span><\/p>\n<h2><span class=\"ez-toc-section\" id=\"Cong_dung_cua_Ha_Hoi_Don\"><\/span><b>C\u00f4ng d\u1ee5ng c\u1ee7a H\u1ea1 H\u1ed3i \u0110\u01a1n<\/b><span class=\"ez-toc-section-end\"><\/span><\/h2>\n<ul>\n<li style=\"font-weight: 400;\" aria-level=\"1\"><span style=\"font-weight: 400;\">H\u1ed7 tr\u1ee3 \u0111i\u1ec1u tr\u1ecb cao huy\u1ebft \u00e1p. Gi\u00fap gi\u1ea3m tri\u1ec7u ch\u1ee9ng kh\u00f3 ch\u1ecbu c\u1ee7a c\u01a1n t\u0103ng huy\u1ebft \u00e1p g\u00e2y ra: \u00f9 tai, hoa m\u1eaft, ch\u00f3ng m\u1eb7t, nh\u1ee9c \u0111\u1ea7u, bu\u1ed3n n\u00f4n, \u0111au th\u1eaft ng\u1ef1c, kh\u00f3 ng\u1ee7&#8230;ng\u01b0\u1eddi m\u1ec7t m\u1ecfi v\u00ec cao huy\u1ebft \u00e1p.<\/span><\/li>\n<li style=\"font-weight: 400;\" aria-level=\"1\"><span style=\"font-weight: 400;\">Giu\u0301p ca\u0309i thi\u00ea\u0323n tu\u00e2\u0300n hoa\u0300n m\u00e1u, h\u00f4\u0300i phu\u0323c s\u01b0\u0323 \u00f4\u0309n \u0111i\u0323nh cu\u0309a huy\u00ea\u0301t a\u0301p.\u00a0<\/span><\/li>\n<li style=\"font-weight: 400;\" aria-level=\"1\"><span style=\"font-weight: 400;\">Pho\u0300ng ng\u01b0\u0300a tai bi\u00ea\u0301n do cao huy\u00ea\u0301t a\u0301p.<\/span><\/li>\n<\/ul>\n<h2><span class=\"ez-toc-section\" id=\"Doi_tuong_su_dung\"><\/span><b>\u0110\u1ed1i t\u01b0\u1ee3ng s\u1eed d\u1ee5ng<\/b><span style=\"font-weight: 400;\">:<\/span><span class=\"ez-toc-section-end\"><\/span><\/h2>\n<p><span style=\"font-weight: 400;\">&#8211; Ng\u01b0\u1eddi b\u1ecb cao huy\u1ebft \u00e1p c\u00f3 c\u00e1c bi\u1ec3u hi\u1ec7n th\u01b0\u1eddng th\u1ea5y nh\u01b0: \u00d9 tai, hoa m\u1eaft, \u0111au \u0111\u1ea7u, ch\u00f3ng m\u1eb7t, m\u1ecfi g\u00e1y, ng\u1ef1c b\u1ee9t r\u1ee9t, h\u1ed3i h\u1ed9p, kh\u00f3 ng\u1ee7, bu\u1ed3n n\u00f4n, tim \u0111\u1eadp nhanh, c\u1ea3m gi\u00e1c n\u00f3ng b\u1eebng \u1edf m\u1eb7t.<\/span><\/p>\n<p><span style=\"font-weight: 400;\">&#8211; Ng\u01b0\u1eddi c\u00f3 nguy c\u01a1 b\u1ecb tai bi\u1ebfn do cao huy\u1ebft \u00e1p ho\u1eb7c mu\u1ed1n gi\u1ea3m\/ph\u00f2ng ng\u1eeba nguy c\u01a1 cao huy\u1ebft \u00e1p.<\/span><\/p>\n<h2><span class=\"ez-toc-section\" id=\"Huong_dan_su_dung\"><\/span><b>H\u01b0\u1edbng d\u1eabn s\u1eed d\u1ee5ng<\/b><span style=\"font-weight: 400;\">:<\/span><span class=\"ez-toc-section-end\"><\/span><\/h2>\n<ul>\n<li style=\"font-weight: 400;\" aria-level=\"1\"><span style=\"font-weight: 400;\">Ng\u00e0y u\u1ed1ng 2-3 l\u1ea7n, m\u1ed7i l\u1ea7n 2-3 vi\u00ean.\u00a0<\/span><\/li>\n<li style=\"font-weight: 400;\" aria-level=\"1\"><span style=\"font-weight: 400;\">N\u00ean u\u1ed1ng tr\u01b0\u1edbc \u0103n, kh\u00f4ng nhai vi\u00ean.\u00a0<\/span><\/li>\n<li style=\"font-weight: 400;\" aria-level=\"1\"><span style=\"font-weight: 400;\">C\u00f3 th\u1ec3 u\u1ed1ng c\u00f9ng c\u00e1c lo\u1ea1i thu\u1ed1c t\u00e2y.\u00a0<\/span><\/li>\n<li style=\"font-weight: 400;\" aria-level=\"1\"><span style=\"font-weight: 400;\">D\u00f9ng duy tr\u00ec, ph\u00f2ng ng\u1eeba: ng\u00e0y 1-2 l\u1ea7n, m\u1ed7i l\u1ea7n 1-2 vi\u00ean.<\/span><\/li>\n<\/ul>\n<p><b>L\u01b0u \u00fd<\/b><span style=\"font-weight: 400;\">:<\/span><\/p>\n<p><span style=\"font-weight: 400;\">&#8211; S\u1ea3n ph\u1ea9m n\u00e0y kh\u00f4ng ph\u1ea3i l\u00e0 thu\u1ed1c v\u00e0 kh\u00f4ng c\u00f3 t\u00e1c d\u1ee5ng thay th\u1ebf thu\u1ed1c ch\u1eefa b\u1ec7nh.<\/span><\/p>\n<p><span style=\"font-weight: 400;\">&#8211; S\u1ea3n ph\u1ea9m hoa\u0300n toa\u0300n b\u0103\u0300ng tha\u0309o d\u01b0\u01a1\u0323c, kh\u00f4ng co\u0301 ta\u0301c du\u0323ng phu\u0323, co\u0301 th\u00ea\u0309 s\u01b0\u0309 du\u0323ng l\u00e2u da\u0300i.<\/span><\/p>\n<h2><span class=\"ez-toc-section\" id=\"Cach_bao_quan\"><\/span><b>C\u00e1ch b\u1ea3o qu\u1ea3n:\u00a0<\/b><span class=\"ez-toc-section-end\"><\/span><\/h2>\n<ul>\n<li style=\"font-weight: 400;\" aria-level=\"1\"><span style=\"font-weight: 400;\">B\u1ea3o qu\u1ea3n n\u01a1i kh\u00f4 r\u00e1o, tho\u00e1ng m\u00e1t. Tr\u00e1nh \u00e1nh n\u1eafng tr\u1ef1c ti\u1ebfp<\/span><\/li>\n<li style=\"font-weight: 400;\" aria-level=\"1\"><span style=\"font-weight: 400;\">Nhi\u1ec7t \u0111\u1ed9 b\u1ea3o qu\u1ea3n l\u00fd t\u01b0\u1edfng d\u01b0\u1edbi 30 \u0111\u1ed9 C.<\/span><\/li>\n<\/ul>\n<p><b>S\u1ea3n ph\u1ea9m c\u1ee7a c\u00f4ng ty TNHH Th\u01b0\u01a1ng m\u1ea1i Nga Vi\u1ec7t<\/b><\/p>\n<p><span style=\"font-weight: 400;\">&#8211; \u0110\u1ecba ch\u1ec9: 644\/2 \u0110\u01b0\u1eddng 3\/2, Ph\u01b0\u1eddng 14, Qu\u1eadn 10, Th\u00e0nh ph\u1ed1 H\u1ed3 Ch\u00ed Minh.<\/span><\/p>\n<p><b>\u0110\u01b0\u1ee3c s\u1ea3n xu\u1ea5t t\u1ea1i C\u00f4ng ty C\u1ed5 Ph\u1ea7n D\u01b0\u1ee3c VTYT H\u1ea3i D\u01b0\u01a1ng\u00a0<\/b><\/p>\n<p><span style=\"font-weight: 400;\">&#8211; \u0110\u1ecba ch\u1ec9 s\u1ed1 102 Chi L\u0103ng, Th\u00e0nh ph\u1ed1 H\u1ea3i D\u01b0\u01a1ng.<\/span><\/p>\n<p><span style=\"font-weight: 400;\">S\u1ea3n ph\u1ea9m \u0111\u00e3 \u0111\u01b0\u1ee3c B\u1ed9 y t\u1ebf C\u1ee5c an to\u00e0n th\u1ef1c ph\u1ea9m Vi\u1ec7t Nam c\u1ea5p gi\u1ea5y ch\u1ee9ng nh\u1eadn s\u1ed1: 7425\/2019\/\u0110KSP<\/span><\/p>\n<p><img decoding=\"async\" loading=\"lazy\" class=\"wp-image-2675 aligncenter\" src=\"https:\/\/ngaviet.com\/wp-content\/uploads\/2021\/10\/ha-hoi-don-5.jpg\" alt=\"thuc-pham-chuc-nang-giam-cao-huyet-ap\" width=\"494\" height=\"767\" \/><\/p>\n<blockquote><p><span style=\"font-size: 95%;\">Xem th\u00eam: <\/span><\/p><\/blockquote>\n<ul>\n<li><span style=\"font-size: 95%;\"><em><a href=\"https:\/\/ngaviet.com\/dau-hieu-cao-huyet-ap-o-nguoi-tre\/\">Nh\u1eefng d\u1ea5u hi\u1ec7u cao huy\u1ebft \u00e1p \u1edf ng\u01b0\u1eddi tr\u1ebb (th\u01b0\u1eddng hay ch\u1ee7 quan)<\/a><\/em><\/span><\/li>\n<li><span style=\"font-size: 100%;\"><em><a href=\"https:\/\/ngaviet.com\/thuc-pham-tot-cho-nguoi-cao-huyet-ap\/\">Top 25 th\u1ef1c ph\u1ea9m t\u1ed1t cho ng\u01b0\u1eddi cao huy\u1ebft \u00e1p (kh\u00f4ng n\u00ean b\u1ecf qua)<\/a><\/em><\/span><\/li>\n<li><em><a href=\"https:\/\/ngaviet.com\/cao-huyet-ap-khong-nen-an-gi\/\">Ng\u01b0\u1eddi b\u1ecb cao huy\u1ebft \u00e1p kh\u00f4ng n\u00ean \u0103n g\u00ec? Top 8 th\u1ef1c ph\u1ea9m c\u1ea7n tr\u00e1nh<\/a><\/em><\/li>\n<\/ul>\n<p>N\u1ebfu b\u1ea1n quan t\u00e2m v\u1ec1 s\u1ea3n ph\u1ea9m c\u00f3 th\u1ec3 li\u00ean h\u1ec7 \u0111\u1eb7t mua h\u00e0ng th\u00f4ng qua:<\/p>\n<ul>\n<li>Hotline:\u00a0<strong>0933.248.096<\/strong><\/li>\n<li>Email:\u00a0<em><a href=\"mailto:cskh.ngaviet@gmail.com\">cskh.ngaviet@gmail.com<\/a><\/em><\/li>\n<li>Zalo OA:\u00a0<em><a href=\"https:\/\/zalo.me\/2042719656458438425?src=media\" target=\"_blank\" rel=\"noopener\">https:\/\/zalo.me\/2042719656458438425?src=media<\/a><\/em><\/li>\n<li>Fanpage Nga Vi\u1ec7t Pharma:\u00a0<em><a href=\"https:\/\/www.facebook.com\/ngavietpharma\" target=\"_blank\" rel=\"noopener\">https:\/\/www.facebook.com\/ngavietpharma<\/a><\/em><\/li>\n<\/ul>\n","protected":false},"excerpt":{"rendered":"<ul>\n<li style=\"font-weight: 400;\" aria-level=\"1\"><b>C\u00f4ng d\u1ee5ng<\/b><span style=\"font-weight: 400;\">: H\u1ed7 tr\u1ee3 \u0111i\u1ec1u tr\u1ecb cao huy\u1ebft \u00e1p, hoa m\u1eaft, ch\u00f3ng m\u1eb7t, nh\u1ee9c \u0111\u1ea7u\u2026Gi\u00fap gi\u1ea3m tri\u1ec7u ch\u1ee9ng kh\u00f3 ch\u1ecbu c\u1ee7a c\u01a1n t\u0103ng huy\u1ebft \u00e1p<\/span><\/li>\n<li style=\"font-weight: 400;\" aria-level=\"1\"><b>Nh\u00e0 s\u1ea3n xu\u1ea5t<\/b><span style=\"font-weight: 400;\">: D\u01b0\u1ee3c H\u1ea3i D\u01b0\u01a1ng &#8211; Vi\u1ec7t Nam (HDpharma)<\/span><\/li>\n<li style=\"font-weight: 400;\" aria-level=\"1\"><b>Quy c\u00e1ch<\/b><span style=\"font-weight: 400;\">: H\u1ed9p 60 vi\u00ean n\u00e9n (6 v\u1ec9 x 10 vi\u00ean). Th\u00f9ng 96 h\u1ed9p<\/span><\/li>\n<li style=\"font-weight: 400;\" aria-level=\"1\"><b>H\u1ea1n d\u00f9ng: <\/b><span style=\"font-weight: 400;\">3 n\u0103m k\u1ec3 t\u1eeb ng\u00e0y s\u1ea3n xu\u1ea5t\u00a0<\/span><\/li>\n<\/ul>\n","protected":false},"featured_media":3608,"comment_status":"open","ping_status":"closed","template":"","meta":[],"product_cat":[15,67,30],"product_tag":[],"_links":{"self":[{"href":"https:\/\/ngaviet.com\/vi\/wp-json\/wp\/v2\/product\/308"}],"collection":[{"href":"https:\/\/ngaviet.com\/vi\/wp-json\/wp\/v2\/product"}],"about":[{"href":"https:\/\/ngaviet.com\/vi\/wp-json\/wp\/v2\/types\/product"}],"replies":[{"embeddable":true,"href":"https:\/\/ngaviet.com\/vi\/wp-json\/wp\/v2\/comments?post=308"}],"wp:featuredmedia":[{"embeddable":true,"href":"https:\/\/ngaviet.com\/vi\/wp-json\/wp\/v2\/media\/3608"}],"wp:attachment":[{"href":"https:\/\/ngaviet.com\/vi\/wp-json\/wp\/v2\/media?parent=308"}],"wp:term":[{"taxonomy":"product_cat","embeddable":true,"href":"https:\/\/ngaviet.com\/vi\/wp-json\/wp\/v2\/product_cat?post=308"},{"taxonomy":"product_tag","embeddable":true,"href":"https:\/\/ngaviet.com\/vi\/wp-json\/wp\/v2\/product_tag?post=308"}],"curies":[{"name":"wp","href":"https:\/\/api.w.org\/{rel}","templated":true}]}}