{"id":313,"date":"2021-10-18T11:13:27","date_gmt":"2021-10-18T04:13:27","guid":{"rendered":"https:\/\/ngaviet.com\/?post_type=product&#038;p=313"},"modified":"2026-05-12T11:03:06","modified_gmt":"2026-05-12T04:03:06","slug":"ha-thanh-duong","status":"publish","type":"product","link":"https:\/\/ngaviet.com\/vi\/ha-thanh-duong\/","title":{"rendered":"Th\u1ef1c ph\u1ea9m ch\u1ee9c n\u0103ng ti\u1ec3u \u0111\u01b0\u1eddng &#8211; H\u1ea1 Thanh \u0110\u01b0\u1eddng"},"content":{"rendered":"<div id=\"ez-toc-container\" class=\"ez-toc-v2_0_58 counter-hierarchy ez-toc-counter ez-toc-light-blue ez-toc-container-direction\">\n<div class=\"ez-toc-title-container\">\n<p class=\"ez-toc-title \" >M\u1ee5c l\u1ee5c<\/p>\n<span class=\"ez-toc-title-toggle\"><a href=\"#\" class=\"ez-toc-pull-right ez-toc-btn ez-toc-btn-xs ez-toc-btn-default ez-toc-toggle\" aria-label=\"Toggle Table of Content\" role=\"button\"><label for=\"item-6a0710fbbb18c\" ><span class=\"\"><span class=\"eztoc-hide\" style=\"display:none;\">Toggle<\/span><span class=\"ez-toc-icon-toggle-span\"><svg style=\"fill: #999;color:#999\" xmlns=\"http:\/\/www.w3.org\/2000\/svg\" class=\"list-377408\" width=\"20px\" height=\"20px\" viewBox=\"0 0 24 24\" fill=\"none\"><path d=\"M6 6H4v2h2V6zm14 0H8v2h12V6zM4 11h2v2H4v-2zm16 0H8v2h12v-2zM4 16h2v2H4v-2zm16 0H8v2h12v-2z\" fill=\"currentColor\"><\/path><\/svg><svg style=\"fill: #999;color:#999\" class=\"arrow-unsorted-368013\" xmlns=\"http:\/\/www.w3.org\/2000\/svg\" width=\"10px\" height=\"10px\" viewBox=\"0 0 24 24\" version=\"1.2\" baseProfile=\"tiny\"><path d=\"M18.2 9.3l-6.2-6.3-6.2 6.3c-.2.2-.3.4-.3.7s.1.5.3.7c.2.2.4.3.7.3h11c.3 0 .5-.1.7-.3.2-.2.3-.5.3-.7s-.1-.5-.3-.7zM5.8 14.7l6.2 6.3 6.2-6.3c.2-.2.3-.5.3-.7s-.1-.5-.3-.7c-.2-.2-.4-.3-.7-.3h-11c-.3 0-.5.1-.7.3-.2.2-.3.5-.3.7s.1.5.3.7z\"\/><\/svg><\/span><\/span><\/label><input aria-label=\"Toggle\" aria-label=\"item-6a0710fbbb18c\"  type=\"checkbox\" id=\"item-6a0710fbbb18c\"><\/a><\/span><\/div>\n<nav><ul class='ez-toc-list ez-toc-list-level-1 eztoc-toggle-hide-by-default' ><li class='ez-toc-page-1 ez-toc-heading-level-2'><a class=\"ez-toc-link ez-toc-heading-1\" href=\"https:\/\/ngaviet.com\/vi\/ha-thanh-duong\/#Thanh_phan_co_trong_Ha_Thanh_Duong\" title=\"Th\u00e0nh ph\u1ea7n c\u00f3 trong H\u1ea1 Thanh \u0110\u01b0\u1eddng\">Th\u00e0nh ph\u1ea7n c\u00f3 trong H\u1ea1 Thanh \u0110\u01b0\u1eddng<\/a><\/li><li class='ez-toc-page-1 ez-toc-heading-level-2'><a class=\"ez-toc-link ez-toc-heading-2\" href=\"https:\/\/ngaviet.com\/vi\/ha-thanh-duong\/#Cong_dung_cua_Ha_Thanh_Duong\" title=\"C\u00f4ng d\u1ee5ng c\u1ee7a H\u1ea1 Thanh \u0110\u01b0\u1eddng:\">C\u00f4ng d\u1ee5ng c\u1ee7a H\u1ea1 Thanh \u0110\u01b0\u1eddng:<\/a><\/li><li class='ez-toc-page-1 ez-toc-heading-level-2'><a class=\"ez-toc-link ez-toc-heading-3\" href=\"https:\/\/ngaviet.com\/vi\/ha-thanh-duong\/#Doi_tuong_su_dung\" title=\"\u0110\u1ed1i t\u01b0\u1ee3ng s\u1eed d\u1ee5ng:\">\u0110\u1ed1i t\u01b0\u1ee3ng s\u1eed d\u1ee5ng:<\/a><\/li><li class='ez-toc-page-1 ez-toc-heading-level-2'><a class=\"ez-toc-link ez-toc-heading-4\" href=\"https:\/\/ngaviet.com\/vi\/ha-thanh-duong\/#Huong_dan_su_dung\" title=\"H\u01b0\u1edbng d\u1eabn s\u1eed d\u1ee5ng:\">H\u01b0\u1edbng d\u1eabn s\u1eed d\u1ee5ng:<\/a><\/li><li class='ez-toc-page-1 ez-toc-heading-level-2'><a class=\"ez-toc-link ez-toc-heading-5\" href=\"https:\/\/ngaviet.com\/vi\/ha-thanh-duong\/#Cach_bao_quan\" title=\"C\u00e1ch b\u1ea3o qu\u1ea3n:\u00a0\">C\u00e1ch b\u1ea3o qu\u1ea3n:\u00a0<\/a><\/li><\/ul><\/nav><\/div>\n\n<p><b style=\"font-size: 23.04px;\">Th\u00f4ng tin s\u1ea3n ph\u1ea9m H\u1ea1 Thanh \u0110\u01b0\u1eddng<\/b><\/p>\n<p><span style=\"font-weight: 400;\">H\u1ea1 Thanh \u0110\u01b0\u1eddng s\u1ea3n ph\u1ea9m ch\u1ee9c n\u0103ng c\u00f3 c\u00f4ng d\u1ee5ng h\u1ed7 tr\u1ee3 gi\u1ea3m v\u00e0 \u1ed5n \u0111\u1ecbnh \u0111\u01b0\u1eddng huy\u1ebft, gi\u00fap h\u1ea1n ch\u1ebf nh\u1eefng nguy c\u01a1 do bi\u1ebfn ch\u1ee9ng c\u1ee7a b\u1ec7nh ti\u1ec3u \u0111\u01b0\u1eddng g\u00e2y n\u00ean, g\u00f3p ph\u1ea7n mang l\u1ea1i cu\u1ed9c s\u1ed1ng kh\u1ecfe m\u1ea1nh h\u01a1n cho nh\u1eefng b\u1ec7nh nh\u00e2n m\u1eafc b\u1ec7nh ti\u1ec3u \u0111\u01b0\u1eddng, ng\u01b0\u1eddi c\u00f3 l\u01b0\u1ee3ng \u0111\u01b0\u1eddng huy\u1ebft trong m\u00e1u cao.<\/span><\/p>\n<p><span style=\"font-weight: 400;\">V\u1edbi c\u00e1c th\u00e0nh ph\u1ea7n \u0111\u01b0\u1ee3c chi\u1ebft xu\u1ea5t ho\u00e0n to\u00e0n t\u1eeb t\u1eeb thi\u00ean nhi\u00ean nh\u01b0: D\u00e2y th\u00eca canh, gi\u1ea3o c\u1ed5 lam, <a href=\"https:\/\/www.bachhoaxanh.com\/kinh-nghiem-hay\/nhung-cong-dung-tuyet-voi-cua-kho-qua-rung-doi-voi-suc-khoe-1306766\" rel=\"nofollow noopener\" target=\"_blank\">kh\u1ed5 qua r\u1eebng<\/a>, linh chi, m\u1ea1ch m\u00f4n,&#8230;M\u1ed9t trong nh\u1eefng th\u00e0nh ph\u1ea7n an to\u00e0n, l\u00e0nh t\u00ednh, \u0111\u01b0\u1ee3c ch\u1ee9ng minh c\u00f3 kh\u1ea3 n\u0103ng l\u00e0m l\u00e0m gi\u1ea3m l\u01b0\u1ee3ng \u0111\u01b0\u1eddng huy\u1ebft nh\u01b0 kh\u1ed5 qua r\u1eebng; hay c\u00f3 ch\u1ee9c n\u0103ng gi\u1ea3m nguy c\u01a1 \u0111\u1ec1 kh\u00e1ng insulin nh\u01b0 d\u00e2y th\u00eca canh; gi\u1ea3m c\u00e1c bi\u1ebfn ch\u1ee9ng, b\u1ea3o v\u1ec7 gan nh\u01b0 gi\u1ea3o c\u1ed5 lam\u2026<\/span><\/p>\n<h2><span class=\"ez-toc-section\" id=\"Thanh_phan_co_trong_Ha_Thanh_Duong\"><\/span><b>Th\u00e0nh ph\u1ea7n c\u00f3 trong H\u1ea1 Thanh \u0110\u01b0\u1eddng<\/b><span class=\"ez-toc-section-end\"><\/span><\/h2>\n<p><span style=\"font-weight: 400;\">Cao d\u00e2y th\u00eca canh&#8230;&#8230;&#8230;&#8230;&#8230;&#8230;&#8230;&#8230;&#8230;&#8230;&#8230;&#8230;&#8230;&#8230;&#8230;&#8230;&#8230;&#8230;&#8230;&#8230;&#8230;&#8230;&#8230;&#8230;&#8230;&#8230;&#8230;&#8230;&#8230;&#8230;&#8230;&#8230;.250 mg<\/span><\/p>\n<p><span style=\"font-weight: 400;\">Cao gi\u1ea3o c\u1ed5 lam&#8230;&#8230;&#8230;&#8230;&#8230;&#8230;&#8230;&#8230;&#8230;&#8230;&#8230;&#8230;&#8230;&#8230;&#8230;&#8230;&#8230;&#8230;&#8230;&#8230;&#8230;&#8230;&#8230;&#8230;&#8230;&#8230;&#8230;&#8230;&#8230;&#8230;&#8230;&#8230;&#8230;.200 mg<\/span><\/p>\n<p><span style=\"font-weight: 400;\">Cao kh\u1ed5 qua r\u1eebng&#8230;&#8230;&#8230;&#8230;&#8230;&#8230;&#8230;&#8230;&#8230;&#8230;&#8230;&#8230;&#8230;&#8230;&#8230;&#8230;&#8230;&#8230;&#8230;&#8230;&#8230;&#8230;&#8230;&#8230;&#8230;&#8230;&#8230;&#8230;&#8230;&#8230;&#8230;&#8230;.150 mg<\/span><\/p>\n<p><span style=\"font-weight: 400;\">Cao Linh chi&#8230;&#8230;&#8230;&#8230;&#8230;&#8230;&#8230;&#8230;&#8230;&#8230;&#8230;&#8230;&#8230;&#8230;&#8230;&#8230;&#8230;&#8230;&#8230;&#8230;&#8230;&#8230;&#8230;&#8230;&#8230;&#8230;&#8230;&#8230;&#8230;&#8230;&#8230;&#8230;&#8230;&#8230;&#8230;..20 mg<\/span><\/p>\n<p><span style=\"font-weight: 400;\">Cao Sinh \u0111\u1ecba&#8230;&#8230;&#8230;&#8230;&#8230;&#8230;&#8230;&#8230;&#8230;&#8230;&#8230;&#8230;&#8230;&#8230;&#8230;&#8230;&#8230;&#8230;&#8230;&#8230;&#8230;&#8230;&#8230;&#8230;&#8230;&#8230;&#8230;&#8230;&#8230;&#8230;&#8230;&#8230;&#8230;&#8230;&#8230;.20mg<\/span><\/p>\n<p><span style=\"font-weight: 400;\">Acid alpha lipoic&#8230;&#8230;&#8230;&#8230;&#8230;&#8230;&#8230;&#8230;&#8230;&#8230;&#8230;&#8230;&#8230;&#8230;&#8230;&#8230;&#8230;&#8230;&#8230;&#8230;&#8230;&#8230;&#8230;&#8230;&#8230;&#8230;&#8230;&#8230;&#8230;&#8230;&#8230;&#8230;&#8230;..15 mg<\/span><\/p>\n<p><span style=\"font-weight: 400;\">Cao M\u1ea1ch m\u00f4n&#8230;&#8230;&#8230;&#8230;&#8230;&#8230;&#8230;&#8230;&#8230;&#8230;&#8230;&#8230;&#8230;&#8230;&#8230;&#8230;&#8230;&#8230;&#8230;&#8230;&#8230;&#8230;&#8230;&#8230;&#8230;&#8230;&#8230;&#8230;&#8230;&#8230;&#8230;&#8230;&#8230;&#8230;.10mg<\/span><\/p>\n<p><span style=\"font-weight: 400;\">Cao Thi\u00ean hoa ph\u1ea5n&#8230;&#8230;&#8230;&#8230;&#8230;&#8230;&#8230;&#8230;&#8230;&#8230;&#8230;&#8230;&#8230;&#8230;&#8230;&#8230;&#8230;&#8230;&#8230;&#8230;&#8230;&#8230;&#8230;&#8230;&#8230;&#8230;&#8230;&#8230;&#8230;&#8230;&#8230;..10mg<\/span><\/p>\n<h2><span class=\"ez-toc-section\" id=\"Cong_dung_cua_Ha_Thanh_Duong\"><\/span><b>C\u00f4ng d\u1ee5ng c\u1ee7a H\u1ea1 Thanh \u0110\u01b0\u1eddng<\/b><span style=\"font-weight: 400;\">:<\/span><span class=\"ez-toc-section-end\"><\/span><\/h2>\n<p><span style=\"font-weight: 400;\">&#8211; H\u1ed7 tr\u1ee3 gi\u1ea3m v\u00e0 duy tr\u00ec \u0111\u01b0\u1eddng huy\u1ebft \u1ed5n \u0111\u1ecbnh, gi\u00fap gi\u1ea3m nguy c\u01a1 bi\u1ebfn ch\u1ee9ng ti\u1ec3u \u0111\u01b0\u1eddng.<\/span><\/p>\n<h2><span class=\"ez-toc-section\" id=\"Doi_tuong_su_dung\"><\/span><b>\u0110\u1ed1i t\u01b0\u1ee3ng s\u1eed d\u1ee5ng<\/b><span style=\"font-weight: 400;\">:<\/span><span class=\"ez-toc-section-end\"><\/span><\/h2>\n<p><span style=\"font-weight: 400;\">Ng\u01b0\u1eddi b\u1ecb r\u1ed1i lo\u1ea1n dung n\u1ea1p \u0111\u01b0\u1eddng huy\u1ebft (ti\u1ec1n ti\u1ec3u \u0111\u01b0\u1eddng), ti\u1ec3u \u0111\u01b0\u1eddng type 2, bi\u1ebfn ch\u1ee9ng ti\u1ec3u \u0111\u01b0\u1eddng.<\/span><\/p>\n<h2><span class=\"ez-toc-section\" id=\"Huong_dan_su_dung\"><\/span><b>H\u01b0\u1edbng d\u1eabn s\u1eed d\u1ee5ng<\/b><span style=\"font-weight: 400;\">:<\/span><span class=\"ez-toc-section-end\"><\/span><\/h2>\n<ul>\n<li style=\"font-weight: 400;\" aria-level=\"1\"><span style=\"font-weight: 400;\">Ng\u01b0\u1eddi b\u1ecb ti\u1ec3u \u0111\u01b0\u1eddng: ng\u00e0y u\u1ed1ng 2 &#8211; 4 vi\u00ean, chia 2 l\u1ea7n.<\/span><\/li>\n<li style=\"font-weight: 400;\" aria-level=\"1\"><span style=\"font-weight: 400;\">Ng\u01b0\u1eddi b\u1ecb bi\u1ebfn ch\u1ee9ng ti\u1ec3u \u0111\u01b0\u1eddng: ng\u00e0y u\u1ed1ng 4 &#8211; 6 vi\u00ean, chia 2 l\u1ea7n.<\/span><\/li>\n<li style=\"font-weight: 400;\" aria-level=\"1\"><span style=\"font-weight: 400;\">\u0110\u1ec3 \u0111\u1ea3m b\u1ea3o c\u00f4ng d\u1ee5ng c\u1ee7a s\u1ea3n ph\u1ea9m, m\u1ed7i \u0111\u1ee3t s\u1eed d\u1ee5ng t\u1ed1i thi\u1ec3u 20 &#8211; 30 ng\u00e0y. D\u00f9ng duy tr\u00ec 1-2 vi\u00ean ng\u00e0y.<\/span><\/li>\n<\/ul>\n<p><b>L\u01b0u \u00fd<\/b><span style=\"font-weight: 400;\">:\u00a0<\/span><\/p>\n<p><span style=\"font-weight: 400;\">&#8211; S\u1ea3n ph\u1ea9m n\u00e0y kh\u00f4ng ph\u1ea3i l\u00e0 thu\u1ed1c, kh\u00f4ng c\u00f3 t\u00e1c d\u1ee5ng thay th\u1ebf thu\u1ed1c ch\u1eefa b\u1ec7nh.\u00a0<\/span><\/p>\n<p><span style=\"font-weight: 400;\">&#8211; Kh\u00f4ng d\u00f9ng cho ph\u1ee5 n\u1eef c\u00f3 thai, cho con b\u00fa, ng\u01b0\u1eddi b\u1ecb ti\u1ec3u \u0111\u01b0\u1eddng ph\u1ee5 thu\u1ed9c insulin, ng\u01b0\u1eddi c\u00f3 m\u1eabn c\u1ea3m v\u1edbi b\u1ea5t k\u1ef3 th\u00e0nh ph\u1ea7n n\u00e0o c\u1ee7a thu\u1ed1c.<\/span><\/p>\n<h2><span class=\"ez-toc-section\" id=\"Cach_bao_quan\"><\/span><b>C\u00e1ch b\u1ea3o qu\u1ea3n:\u00a0<\/b><span class=\"ez-toc-section-end\"><\/span><\/h2>\n<ul>\n<li style=\"font-weight: 400;\" aria-level=\"1\"><span style=\"font-weight: 400;\">B\u1ea3o qu\u1ea3n n\u01a1i kh\u00f4 r\u00e1o, tho\u00e1ng m\u00e1t. Tr\u00e1nh \u00e1nh n\u1eafng tr\u1ef1c ti\u1ebfp.<\/span><\/li>\n<\/ul>\n<p><b>S\u1ea3n ph\u1ea9m \u0111\u01b0\u1ee3c ph\u00e2n ph\u1ed1i \u0111\u1ed9c quy\u1ec1n b\u1edfi c\u00f4ng ty TNHH Th\u01b0\u01a1ng m\u1ea1i Nga Vi\u1ec7t<\/b><\/p>\n<p><span style=\"font-weight: 400;\">&#8211; \u0110\u1ecba ch\u1ec9: 644\/2 \u0110\u01b0\u1eddng 3\/2, Ph\u01b0\u1eddng 14, Qu\u1eadn 10, Th\u00e0nh ph\u1ed1 H\u1ed3 Ch\u00ed Minh.<\/span><\/p>\n<p><b>S\u1ea3n xu\u1ea5t b\u1edfi C\u00f4ng ty C\u1ed5 Ph\u1ea7n D\u01b0\u1ee3c Li\u1ec7u v\u00e0 V\u1eadt T\u01b0 Y T\u1ebf H\u1ea3i Ph\u00f2ng<\/b><\/p>\n<p><span style=\"font-weight: 400;\">&#8211; \u0110\u1ecba ch\u1ec9: <\/span><span style=\"font-weight: 400;\">Th\u00f4n Th\u01b0\u1ee3ng Trang, X\u00e3 B\u00e1t Trang, Huy\u1ec7n An L\u00e3o, TP. H\u1ea3i Ph\u00f2ng<\/span><\/p>\n<p><span style=\"font-weight: 400;\">S\u1ea3n ph\u1ea9m \u0111\u00e3 \u0111\u01b0\u1ee3c B\u1ed9 y t\u1ebf C\u1ee5c an to\u00e0n th\u1ef1c ph\u1ea9m Vi\u1ec7t Nam c\u1ea5p gi\u1ea5y ch\u1ee9ng nh\u1eadn s\u1ed1: 3453\/2020\/\u0110KSP<\/span><\/p>\n<p><img decoding=\"async\" loading=\"lazy\" class=\"wp-image-2717 aligncenter\" src=\"https:\/\/ngaviet.com\/wp-content\/uploads\/2021\/10\/ha-thanh-duong.jpg\" alt=\"\" width=\"419\" height=\"1199\" \/><\/p>\n<blockquote><p>Xem th\u00eam:<\/p><\/blockquote>\n<ul>\n<li><a href=\"https:\/\/ngaviet.com\/nhung-loai-rau-nguoi-tieu-duong-khong-nen-an\/\"><em>Top nh\u1eefng lo\u1ea1i rau ng\u01b0\u1eddi ti\u1ec3u \u0111\u01b0\u1eddng kh\u00f4ng n\u00ean \u0103n v\u00e0 n\u00ean \u0103n?<\/em><\/a><\/li>\n<li><em><a href=\"https:\/\/ngaviet.com\/bi-tieu-duong-an-khoai-lang-duoc-khong\/\">B\u1ecb ti\u1ec3u \u0111\u01b0\u1eddng \u0103n khoai lang \u0111\u01b0\u1ee3c kh\u00f4ng?<\/a><\/em><\/li>\n<li><a href=\"https:\/\/ngaviet.com\/hoa-qua-tot-cho-nguoi-tieu-duong\/\">C\u00e1c lo\u1ea1i hoa qu\u1ea3 t\u1ed1t cho ng\u01b0\u1eddi ti\u1ec3u \u0111\u01b0\u1eddng b\u1ea1n n\u00ean bi\u1ebft<\/a><\/li>\n<\/ul>\n<p>N\u1ebfu b\u1ea1n quan t\u00e2m v\u1ec1 s\u1ea3n ph\u1ea9m c\u00f3 th\u1ec3 li\u00ean h\u1ec7 \u0111\u1eb7t mua h\u00e0ng th\u00f4ng qua:<\/p>\n<ul>\n<li>Hotline:\u00a0<strong>0933.248.096<\/strong><\/li>\n<li>Email:\u00a0<em><a href=\"mailto:cskh.ngaviet@gmail.com\">cskh.ngaviet@gmail.com<\/a><\/em><\/li>\n<li>Zalo OA:\u00a0<em><a href=\"https:\/\/zalo.me\/2042719656458438425?src=media\" target=\"_blank\" rel=\"noopener\">https:\/\/zalo.me\/2042719656458438425?src=media<\/a><\/em><\/li>\n<li>Fanpage Nga Vi\u1ec7t Pharma:\u00a0<em><a href=\"https:\/\/www.facebook.com\/ngavietpharma\" target=\"_blank\" rel=\"noopener\">https:\/\/www.facebook.com\/ngavietpharma<\/a><\/em><\/li>\n<\/ul>\n","protected":false},"excerpt":{"rendered":"<ul>\n<li style=\"font-weight: 400;\" aria-level=\"1\"><b>C\u00f4ng d\u1ee5ng<\/b><span style=\"font-weight: 400;\">: H\u1ed7 tr\u1ee3 gi\u1ea3m v\u00e0 duy tr\u00ec \u0111\u01b0\u1eddng huy\u1ebft \u1ed5n \u0111\u1ecbnh, gi\u00fap gi\u1ea3m nguy c\u01a1 bi\u1ebfn ch\u1ee9ng ti\u1ec3u \u0111\u01b0\u1eddng.<\/span><\/li>\n<li style=\"font-weight: 400;\" aria-level=\"1\"><b>Nh\u00e0 s\u1ea3n xu\u1ea5t<\/b><span style=\"font-weight: 400;\">: <\/span><span style=\"font-weight: 400;\">C\u00f4ng ty C\u1ed5 Ph\u1ea7n D\u01b0\u1ee3c Li\u1ec7u v\u00e0 V\u1eadt T\u01b0 Y T\u1ebf H\u1ea3i Ph\u00f2ng<\/span><\/li>\n<li style=\"font-weight: 400;\" aria-level=\"1\"><b>Quy c\u00e1ch<\/b><span style=\"font-weight: 400;\">: H\u1ed9p 60 vi\u00ean nang. Th\u00f9ng 60 h\u1ed9p.<\/span><\/li>\n<li style=\"font-weight: 400;\" aria-level=\"1\"><b>C\u00e1ch d\u00f9ng<\/b><span style=\"font-weight: 400;\">: Ng\u00e0y u\u1ed1ng 2-3 l\u1ea7n, m\u1ed7i l\u1ea7n 2-3 vi\u00ean<\/span><\/li>\n<li aria-level=\"1\"><span style=\"color: #282828;\"><strong>H\u1ea1n d\u00f9ng<\/strong><\/span>: 3 n\u0103m k\u1ec3 t\u1eeb ng\u00e0y s\u1ea3n xu\u1ea5t<\/li>\n<\/ul>\n","protected":false},"featured_media":3546,"comment_status":"open","ping_status":"closed","template":"","meta":[],"product_cat":[15,67,30],"product_tag":[],"_links":{"self":[{"href":"https:\/\/ngaviet.com\/vi\/wp-json\/wp\/v2\/product\/313"}],"collection":[{"href":"https:\/\/ngaviet.com\/vi\/wp-json\/wp\/v2\/product"}],"about":[{"href":"https:\/\/ngaviet.com\/vi\/wp-json\/wp\/v2\/types\/product"}],"replies":[{"embeddable":true,"href":"https:\/\/ngaviet.com\/vi\/wp-json\/wp\/v2\/comments?post=313"}],"wp:featuredmedia":[{"embeddable":true,"href":"https:\/\/ngaviet.com\/vi\/wp-json\/wp\/v2\/media\/3546"}],"wp:attachment":[{"href":"https:\/\/ngaviet.com\/vi\/wp-json\/wp\/v2\/media?parent=313"}],"wp:term":[{"taxonomy":"product_cat","embeddable":true,"href":"https:\/\/ngaviet.com\/vi\/wp-json\/wp\/v2\/product_cat?post=313"},{"taxonomy":"product_tag","embeddable":true,"href":"https:\/\/ngaviet.com\/vi\/wp-json\/wp\/v2\/product_tag?post=313"}],"curies":[{"name":"wp","href":"https:\/\/api.w.org\/{rel}","templated":true}]}}