{"id":319,"date":"2021-10-18T13:44:05","date_gmt":"2021-10-18T06:44:05","guid":{"rendered":"https:\/\/ngaviet.com\/?post_type=product&#038;p=319"},"modified":"2026-04-16T09:21:26","modified_gmt":"2026-04-16T02:21:26","slug":"curcumin-nano","status":"publish","type":"product","link":"https:\/\/ngaviet.com\/vi\/curcumin-nano\/","title":{"rendered":"Vi\u00ean u\u1ed1ng chi\u1ebft xu\u1ea5t t\u1eeb c\u1ee7 ngh\u1ec7 v\u00e0ng Curcumin nano"},"content":{"rendered":"<div id=\"ez-toc-container\" class=\"ez-toc-v2_0_58 counter-hierarchy ez-toc-counter ez-toc-light-blue ez-toc-container-direction\">\n<div class=\"ez-toc-title-container\">\n<p class=\"ez-toc-title \" >M\u1ee5c l\u1ee5c<\/p>\n<span class=\"ez-toc-title-toggle\"><a href=\"#\" class=\"ez-toc-pull-right ez-toc-btn ez-toc-btn-xs ez-toc-btn-default ez-toc-toggle\" aria-label=\"Toggle Table of Content\" role=\"button\"><label for=\"item-69fbe0bb367ba\" ><span class=\"\"><span class=\"eztoc-hide\" style=\"display:none;\">Toggle<\/span><span class=\"ez-toc-icon-toggle-span\"><svg style=\"fill: #999;color:#999\" xmlns=\"http:\/\/www.w3.org\/2000\/svg\" class=\"list-377408\" width=\"20px\" height=\"20px\" viewBox=\"0 0 24 24\" fill=\"none\"><path d=\"M6 6H4v2h2V6zm14 0H8v2h12V6zM4 11h2v2H4v-2zm16 0H8v2h12v-2zM4 16h2v2H4v-2zm16 0H8v2h12v-2z\" fill=\"currentColor\"><\/path><\/svg><svg style=\"fill: #999;color:#999\" class=\"arrow-unsorted-368013\" xmlns=\"http:\/\/www.w3.org\/2000\/svg\" width=\"10px\" height=\"10px\" viewBox=\"0 0 24 24\" version=\"1.2\" baseProfile=\"tiny\"><path d=\"M18.2 9.3l-6.2-6.3-6.2 6.3c-.2.2-.3.4-.3.7s.1.5.3.7c.2.2.4.3.7.3h11c.3 0 .5-.1.7-.3.2-.2.3-.5.3-.7s-.1-.5-.3-.7zM5.8 14.7l6.2 6.3 6.2-6.3c.2-.2.3-.5.3-.7s-.1-.5-.3-.7c-.2-.2-.4-.3-.7-.3h-11c-.3 0-.5.1-.7.3-.2.2-.3.5-.3.7s.1.5.3.7z\"\/><\/svg><\/span><\/span><\/label><input aria-label=\"Toggle\" aria-label=\"item-69fbe0bb367ba\"  type=\"checkbox\" id=\"item-69fbe0bb367ba\"><\/a><\/span><\/div>\n<nav><ul class='ez-toc-list ez-toc-list-level-1 eztoc-toggle-hide-by-default' ><li class='ez-toc-page-1 ez-toc-heading-level-2'><a class=\"ez-toc-link ez-toc-heading-1\" href=\"https:\/\/ngaviet.com\/vi\/curcumin-nano\/#Thong_tin_san_pham_Curcumin_nano\" title=\"Th\u00f4ng tin s\u1ea3n ph\u1ea9m Curcumin nano\">Th\u00f4ng tin s\u1ea3n ph\u1ea9m Curcumin nano<\/a><\/li><li class='ez-toc-page-1 ez-toc-heading-level-2'><a class=\"ez-toc-link ez-toc-heading-2\" href=\"https:\/\/ngaviet.com\/vi\/curcumin-nano\/#Thanh_phan_Curcumin_nano\" title=\"Th\u00e0nh ph\u1ea7n Curcumin nano\">Th\u00e0nh ph\u1ea7n Curcumin nano<\/a><\/li><li class='ez-toc-page-1 ez-toc-heading-level-2'><a class=\"ez-toc-link ez-toc-heading-3\" href=\"https:\/\/ngaviet.com\/vi\/curcumin-nano\/#Cong_dung_cua_Curcumin_Nano\" title=\"C\u00f4ng d\u1ee5ng c\u1ee7a Curcumin Nano\">C\u00f4ng d\u1ee5ng c\u1ee7a Curcumin Nano<\/a><\/li><li class='ez-toc-page-1 ez-toc-heading-level-2'><a class=\"ez-toc-link ez-toc-heading-4\" href=\"https:\/\/ngaviet.com\/vi\/curcumin-nano\/#Doi_tuong_su_dung\" title=\"\u0110\u1ed1i t\u01b0\u1ee3ng s\u1eed d\u1ee5ng:\">\u0110\u1ed1i t\u01b0\u1ee3ng s\u1eed d\u1ee5ng:<\/a><\/li><li class='ez-toc-page-1 ez-toc-heading-level-2'><a class=\"ez-toc-link ez-toc-heading-5\" href=\"https:\/\/ngaviet.com\/vi\/curcumin-nano\/#Cach_dung\" title=\"C\u00e1ch d\u00f9ng:\">C\u00e1ch d\u00f9ng:<\/a><\/li><li class='ez-toc-page-1 ez-toc-heading-level-2'><a class=\"ez-toc-link ez-toc-heading-6\" href=\"https:\/\/ngaviet.com\/vi\/curcumin-nano\/#Cach_bao_quan\" title=\"C\u00e1ch b\u1ea3o qu\u1ea3n:\u00a0\">C\u00e1ch b\u1ea3o qu\u1ea3n:\u00a0<\/a><\/li><\/ul><\/nav><\/div>\n\n<h2><span class=\"ez-toc-section\" id=\"Thong_tin_san_pham_Curcumin_nano\"><\/span><b>Th\u00f4ng tin s\u1ea3n ph\u1ea9m Curcumin nano<\/b><span class=\"ez-toc-section-end\"><\/span><\/h2>\n<p><span style=\"font-weight: 400;\">Curcumin Nano v\u1edbi th\u00e0nh ph\u1ea7n g\u1ed3m 10% nano curcumin hay c\u00f2n g\u1ecdi l\u00e0 tinh b\u1ed9t ngh\u1ec7, ho\u1ea1t ch\u1ea5t t\u1ea1o n\u00ean m\u00e0u v\u00e0ng v\u00e0 \u0111em l\u1ea1i t\u00e1c d\u1ee5ng c\u1ee7a c\u1ee7 ngh\u1ec7 v\u00e0ng l\u00e0 tinh ch\u1ea5t Curcumin gi\u00fap h\u1ed7 tr\u1ee3 kh\u00e1ng vi\u00eam, gi\u1ea3m \u0111au, b\u1ea3o v\u1ec7 s\u1ee5n kh\u1edbp, h\u1ed7 tr\u1ee3 gi\u1ea3m vi\u00eam lo\u00e9t d\u1ea1 d\u00e0y, t\u00e1 tr\u00e0ng m\u1ed9t c\u00e1ch hi\u1ec7u qu\u1ea3.\u00a0<\/span><\/p>\n<p><span style=\"font-weight: 400;\">B\u00ean c\u1ea1nh \u0111\u00f3, s\u1ea3n ph\u1ea9m n\u00e0y c\u00f2n c\u00f3 c\u00f4ng d\u1ee5ng l\u00e0m \u0111\u1eb9p da, mau l\u00e0nh s\u1eb9o, gi\u1ea3m n\u00e1m da.<\/span><\/p>\n<h2><span class=\"ez-toc-section\" id=\"Thanh_phan_Curcumin_nano\"><\/span><b>Th\u00e0nh ph\u1ea7n C<\/b><b>urcumin nano<\/b><span class=\"ez-toc-section-end\"><\/span><\/h2>\n<p><span style=\"font-weight: 400;\">Nano curcumin 10%&#8230;&#8230;&#8230;&#8230;&#8230;&#8230;&#8230;&#8230;&#8230;&#8230;&#8230;&#8230;&#8230;&#8230;&#8230;&#8230;&#8230;&#8230;&#8230;&#8230;&#8230;&#8230;&#8230;&#8230;&#8230;&#8230;&#8230;&#8230;&#8230;&#8230;200mg<\/span><\/p>\n<p><span style=\"font-weight: 400;\">Piperin extract &#8230;&#8230;&#8230;&#8230;&#8230;&#8230;&#8230;&#8230;&#8230;&#8230;&#8230;&#8230;&#8230;&#8230;&#8230;&#8230;&#8230;&#8230;&#8230;&#8230;&#8230;&#8230;&#8230;&#8230;&#8230;&#8230;&#8230;&#8230;&#8230;&#8230;&#8230;&#8230;&#8230;0,5mg<\/span><\/p>\n<h2><span class=\"ez-toc-section\" id=\"Cong_dung_cua_Curcumin_Nano\"><\/span><b>C\u00f4ng d\u1ee5ng c\u1ee7a Curcumin Nano<\/b><span class=\"ez-toc-section-end\"><\/span><\/h2>\n<ul>\n<li style=\"font-weight: 400;\" aria-level=\"1\"><span style=\"font-weight: 400;\">H\u1ed7 tr\u1ee3 ph\u1ee5c h\u1ed3i vi\u00eam lo\u00e9t d\u1ea1 d\u00e0y, b\u1ea3o v\u1ec7 ni\u00eam m\u1ea1c d\u1ea1 d\u00e0y, ng\u0103n ng\u1eeba vi\u00eam lo\u00e9t d\u1ea1 d\u00e0y, h\u00e0nh t\u00e1 tr\u00e0ng. \u0110\u1ed3ng th\u1eddi, th\u00fac \u0111\u1ea9y l\u00e0m l\u00e0nh v\u1ebft lo\u00e9t nhanh ch\u00f3ng, gi\u1ea3m \u0111au do vi\u00eam lo\u00e9t.<\/span><\/li>\n<li style=\"font-weight: 400;\" aria-level=\"1\"><span style=\"font-weight: 400;\">Nano curcumin: kh\u00e1ng vi\u00eam, gi\u1ea3m \u0111au, b\u1ea3o v\u1ec7 s\u1ee5n kh\u1edbp, hi\u1ec7u qu\u1ea3 trong vi\u1ec7c h\u1ed7 tr\u1ee3 \u0111i\u1ec1u tr\u1ecb c\u00e1c b\u1ec7nh m\u1ea1n t\u00ednh, nan y nh\u01b0: ung th\u01b0, vi\u00eam lo\u00e9t d\u1ea1 d\u00e0y, l\u00e0m \u0111\u1eb9p da, mau l\u00e0nh s\u1eb9o, gi\u1ea3m n\u00e1m da.<\/span><\/li>\n<\/ul>\n<h2><span class=\"ez-toc-section\" id=\"Doi_tuong_su_dung\"><\/span><b>\u0110\u1ed1i t\u01b0\u1ee3ng s\u1eed d\u1ee5ng<\/b><span style=\"font-weight: 400;\">:<\/span><span class=\"ez-toc-section-end\"><\/span><\/h2>\n<ul>\n<li style=\"font-weight: 400;\" aria-level=\"1\"><span style=\"font-weight: 400;\">Ng\u01b0\u1eddi vi\u00eam, \u0111au d\u1ea1 d\u00e0y, t\u00e1 tr\u00e0ng.<\/span><\/li>\n<li style=\"font-weight: 400;\" aria-level=\"1\"><span style=\"font-weight: 400;\">Ng\u01b0\u1eddi s\u1ea1m da, n\u00e1m da, t\u00e0n nhang, ph\u1ee5 n\u1eef mong mu\u1ed1n c\u00f3 l\u00e0n da \u0111\u1eb9p.<\/span><\/li>\n<li style=\"font-weight: 400;\" aria-level=\"1\"><span style=\"font-weight: 400;\">Ng\u01b0\u1eddi \u0111ang ho\u1eb7c sau qu\u00e1 tr\u00ecnh h\u00f3a tr\u1ecb, x\u1ea1 tr\u1ecb.<\/span><\/li>\n<\/ul>\n<h2><span class=\"ez-toc-section\" id=\"Cach_dung\"><\/span><b>C\u00e1ch d\u00f9ng<\/b><span style=\"font-weight: 400;\">:<\/span><span class=\"ez-toc-section-end\"><\/span><\/h2>\n<p><span style=\"font-weight: 400;\">N\u00ean d\u00f9ng khi b\u1ee5ng \u0111\u00f3i (tr\u01b0\u1edbc b\u1eefa \u0103n 30 ph\u00fat ho\u1eb7c kho\u1ea3ng 2 gi\u1edd sau \u0103n).<\/span><\/p>\n<p><span style=\"font-weight: 400;\">Ng\u01b0\u1eddi l\u1edbn v\u00e0 tr\u1ebb em tr\u00ean 12 tu\u1ed5i: 1-2 vi\u00ean\/l\u1ea7n x 2 l\u1ea7n\/ng\u00e0y<\/span><\/p>\n<p><span style=\"font-weight: 400;\">Tr\u1ebb em t\u1eeb 6-12 tu\u1ed5i: 1 vi\u00ean\/l\u1ea7n x 1-2 l\u1ea7n\/ng\u00e0y.<\/span><\/p>\n<p><b>L\u01b0u \u00fd<\/b><span style=\"font-weight: 400;\">:<\/span><\/p>\n<ul>\n<li style=\"font-weight: 400;\" aria-level=\"1\"><span style=\"font-weight: 400;\">Kh\u00f4ng d\u00f9ng cho ng\u01b0\u1eddi m\u1eabn c\u1ea3m v\u1edbi b\u1ea5t c\u1ee9 th\u00e0nh ph\u1ea7n n\u00e0o c\u1ee7a thu\u1ed1c<\/span><\/li>\n<li style=\"font-weight: 400;\" aria-level=\"1\"><span style=\"font-weight: 400;\">Th\u1ef1c ph\u1ea9m n\u00e0y kh\u00f4ng ph\u1ea3i l\u00e0 thu\u1ed1c v\u00e0 kh\u00f4ng c\u00f3 t\u00e1c d\u1ee5ng thay th\u1ebf thu\u1ed1c ch\u1eefa b\u1ec7nh.<\/span><\/li>\n<\/ul>\n<h2><span class=\"ez-toc-section\" id=\"Cach_bao_quan\"><\/span><b>C\u00e1ch b\u1ea3o qu\u1ea3n:\u00a0<\/b><span class=\"ez-toc-section-end\"><\/span><\/h2>\n<p><span style=\"font-weight: 400;\">N\u01a1i kh\u00f4 r\u00e1o, tho\u00e1ng m\u00e1t, tr\u00e1nh \u00e1nh n\u1eafng tr\u1ef1c ti\u1ebfp.<\/span><\/p>\n<p><b>Nh\u00e0 s\u1ea3n xu\u1ea5t:\u00a0 C\u00f4ng ty d\u01b0\u1ee3c ph\u1ea9m v\u00e0 th\u01b0\u01a1ng m\u1ea1i Ph\u01b0\u01a1ng \u0110\u00f4ng<\/b><\/p>\n<p><span style=\"font-weight: 400;\">\u0110\u1ecba ch\u1ec9: TS 509, t\u1edd b\u1ea3n \u0111\u1ed3 s\u1ed1 01, C\u1ee5m c\u00f4ng nghi\u1ec7p H\u1ea1p L\u0129nh, Th\u00e0nh ph\u1ed1 B\u1eafc Ninh, t\u1ec9nh B\u1eafc Ninh.<\/span><\/p>\n<p><b>Th\u01b0\u01a1ng nh\u00e2n ch\u1ecbu tr\u00e1ch nhi\u1ec7m v\u1ec1 ch\u1ea5t l\u01b0\u1ee3ng s\u1ea3n ph\u1ea9m:<\/b><\/p>\n<p><span style=\"font-weight: 400;\">C\u00f4ng ty TNHH Th\u01b0\u01a1ng M\u1ea1i<\/span><span style=\"font-weight: 400;\"> Nga Vi\u1ec7t<\/span><\/p>\n<p><span style=\"font-weight: 400;\">&#8211; \u0110\u1ecba ch\u1ec9: 644\/2 \u0111\u01b0\u1eddng 3\/2, ph\u01b0\u1eddng 14, qu\u1eadn 10<\/span><\/p>\n<p><span style=\"font-weight: 400;\">S\u1ea3n ph\u1ea9m \u0111\u00e3 \u0111\u01b0\u1ee3c B\u1ed9 y t\u1ebf C\u1ee5c an to\u00e0n th\u1ef1c ph\u1ea9m Vi\u1ec7t Nam c\u1ea5p gi\u1ea5y ch\u1ee9ng nh\u1eadn s\u1ed1: 1974\/2019\/\u0110KSP<img decoding=\"async\" loading=\"lazy\" class=\"wp-image-2719 aligncenter\" src=\"https:\/\/ngaviet.com\/wp-content\/uploads\/2021\/10\/curcumin-nano-1.jpg\" alt=\"thuc-pham-chuc-nang-giam-viem-loet-da-day\" width=\"470\" height=\"1312\" \/><\/span><\/p>\n","protected":false},"excerpt":{"rendered":"<ul>\n<li style=\"font-weight: 400;\" aria-level=\"1\"><b>C\u00f4ng d\u1ee5ng<\/b><span style=\"font-weight: 400;\">: Gi\u1ea3m vi\u00eam lo\u00e9t d\u1ea1 d\u00e0y, t\u00e1 tr\u00e0ng, gi\u1ea3m n\u00e1m da<\/span><\/li>\n<li style=\"font-weight: 400;\" aria-level=\"1\"><b>Nh\u00e0 s\u1ea3n xu\u1ea5t<\/b><span style=\"font-weight: 400;\">: Ph\u01b0\u01a1ng \u0110\u00f4ng &#8211; VN<\/span><\/li>\n<li style=\"font-weight: 400;\" aria-level=\"1\"><b>Quy c\u00e1ch<\/b><span style=\"font-weight: 400;\">:\u00a0 H\u1ed9p 1 l\u1ecd 30 vi\u00ean nang m\u1ec1m<\/span><\/li>\n<li style=\"font-weight: 400;\" aria-level=\"1\"><b>C\u00e1ch d\u00f9ng<\/b><span style=\"font-weight: 400;\">: U\u1ed1ng l\u00fac \u0111\u00f3i, tr\u01b0\u1edbc \u0103n 30 ph\u00fat. 1-2 vi\u00ean\/l\u1ea7n x 2 l\u1ea7n\/ng\u00e0y<\/span><\/li>\n<li style=\"font-weight: 400;\" aria-level=\"1\"><b>H\u1ea1n d\u00f9ng: <\/b><span style=\"font-weight: 400;\">3 n\u0103m k\u1ec3 t\u1eeb ng\u00e0y s\u1ea3n xu\u1ea5t<\/span><\/li>\n<\/ul>\n","protected":false},"featured_media":3595,"comment_status":"open","ping_status":"closed","template":"","meta":[],"product_cat":[15,30,56],"product_tag":[],"_links":{"self":[{"href":"https:\/\/ngaviet.com\/vi\/wp-json\/wp\/v2\/product\/319"}],"collection":[{"href":"https:\/\/ngaviet.com\/vi\/wp-json\/wp\/v2\/product"}],"about":[{"href":"https:\/\/ngaviet.com\/vi\/wp-json\/wp\/v2\/types\/product"}],"replies":[{"embeddable":true,"href":"https:\/\/ngaviet.com\/vi\/wp-json\/wp\/v2\/comments?post=319"}],"wp:featuredmedia":[{"embeddable":true,"href":"https:\/\/ngaviet.com\/vi\/wp-json\/wp\/v2\/media\/3595"}],"wp:attachment":[{"href":"https:\/\/ngaviet.com\/vi\/wp-json\/wp\/v2\/media?parent=319"}],"wp:term":[{"taxonomy":"product_cat","embeddable":true,"href":"https:\/\/ngaviet.com\/vi\/wp-json\/wp\/v2\/product_cat?post=319"},{"taxonomy":"product_tag","embeddable":true,"href":"https:\/\/ngaviet.com\/vi\/wp-json\/wp\/v2\/product_tag?post=319"}],"curies":[{"name":"wp","href":"https:\/\/api.w.org\/{rel}","templated":true}]}}