{"id":3196,"date":"2022-10-27T11:12:22","date_gmt":"2022-10-27T04:12:22","guid":{"rendered":"https:\/\/ngaviet.com\/?post_type=product&#038;p=3196"},"modified":"2022-10-27T11:16:09","modified_gmt":"2022-10-27T04:16:09","slug":"hydrosol-20ml","status":"publish","type":"product","link":"https:\/\/ngaviet.com\/vi\/hydrosol-20ml\/","title":{"rendered":"Hydrosol 20ml (Pharma Development Ph\u00e1p)"},"content":{"rendered":"<p><span style=\"font-weight: 400;\"><div id=\"ez-toc-container\" class=\"ez-toc-v2_0_58 counter-hierarchy ez-toc-counter ez-toc-light-blue ez-toc-container-direction\">\n<div class=\"ez-toc-title-container\">\n<p class=\"ez-toc-title \" >M\u1ee5c l\u1ee5c<\/p>\n<span class=\"ez-toc-title-toggle\"><a href=\"#\" class=\"ez-toc-pull-right ez-toc-btn ez-toc-btn-xs ez-toc-btn-default ez-toc-toggle\" aria-label=\"Toggle Table of Content\" role=\"button\"><label for=\"item-69fe06d96b84c\" ><span class=\"\"><span class=\"eztoc-hide\" style=\"display:none;\">Toggle<\/span><span class=\"ez-toc-icon-toggle-span\"><svg style=\"fill: #999;color:#999\" xmlns=\"http:\/\/www.w3.org\/2000\/svg\" class=\"list-377408\" width=\"20px\" height=\"20px\" viewBox=\"0 0 24 24\" fill=\"none\"><path d=\"M6 6H4v2h2V6zm14 0H8v2h12V6zM4 11h2v2H4v-2zm16 0H8v2h12v-2zM4 16h2v2H4v-2zm16 0H8v2h12v-2z\" fill=\"currentColor\"><\/path><\/svg><svg style=\"fill: #999;color:#999\" class=\"arrow-unsorted-368013\" xmlns=\"http:\/\/www.w3.org\/2000\/svg\" width=\"10px\" height=\"10px\" viewBox=\"0 0 24 24\" version=\"1.2\" baseProfile=\"tiny\"><path d=\"M18.2 9.3l-6.2-6.3-6.2 6.3c-.2.2-.3.4-.3.7s.1.5.3.7c.2.2.4.3.7.3h11c.3 0 .5-.1.7-.3.2-.2.3-.5.3-.7s-.1-.5-.3-.7zM5.8 14.7l6.2 6.3 6.2-6.3c.2-.2.3-.5.3-.7s-.1-.5-.3-.7c-.2-.2-.4-.3-.7-.3h-11c-.3 0-.5.1-.7.3-.2.2-.3.5-.3.7s.1.5.3.7z\"\/><\/svg><\/span><\/span><\/label><input aria-label=\"Toggle\" aria-label=\"item-69fe06d96b84c\"  type=\"checkbox\" id=\"item-69fe06d96b84c\"><\/a><\/span><\/div>\n<nav><ul class='ez-toc-list ez-toc-list-level-1 eztoc-toggle-hide-by-default' ><li class='ez-toc-page-1 ez-toc-heading-level-2'><a class=\"ez-toc-link ez-toc-heading-1\" href=\"https:\/\/ngaviet.com\/vi\/hydrosol-20ml\/#Thong_tin_san_pham_Hydrosol_20ml\" title=\"Th\u00f4ng tin s\u1ea3n ph\u1ea9m Hydrosol 20ml\">Th\u00f4ng tin s\u1ea3n ph\u1ea9m Hydrosol 20ml<\/a><\/li><li class='ez-toc-page-1 ez-toc-heading-level-2'><a class=\"ez-toc-link ez-toc-heading-2\" href=\"https:\/\/ngaviet.com\/vi\/hydrosol-20ml\/#Thanh_phan_hydrosol_polyvitamine_20ml\" title=\"Th\u00e0nh ph\u1ea7n hydrosol polyvitamine (20ml)\">Th\u00e0nh ph\u1ea7n hydrosol polyvitamine (20ml)<\/a><\/li><li class='ez-toc-page-1 ez-toc-heading-level-2'><a class=\"ez-toc-link ez-toc-heading-3\" href=\"https:\/\/ngaviet.com\/vi\/hydrosol-20ml\/#Cong_dung_cua_Hydrosol_20ml_Pharma_Development_Phap\" title=\"C\u00f4ng d\u1ee5ng c\u1ee7a Hydrosol 20ml (Pharma Development Ph\u00e1p)\">C\u00f4ng d\u1ee5ng c\u1ee7a Hydrosol 20ml (Pharma Development Ph\u00e1p)<\/a><\/li><li class='ez-toc-page-1 ez-toc-heading-level-2'><a class=\"ez-toc-link ez-toc-heading-4\" href=\"https:\/\/ngaviet.com\/vi\/hydrosol-20ml\/#Mot_so_luu_y_dac_biet_khi_su_dung_thuoc_hydrosol_20ml\" title=\"M\u1ed9t s\u1ed1 l\u01b0u \u00fd \u0111\u1eb7c bi\u1ec7t khi s\u1eed d\u1ee5ng thu\u1ed1c hydrosol 20ml\u00a0\">M\u1ed9t s\u1ed1 l\u01b0u \u00fd \u0111\u1eb7c bi\u1ec7t khi s\u1eed d\u1ee5ng thu\u1ed1c hydrosol 20ml\u00a0<\/a><\/li><li class='ez-toc-page-1 ez-toc-heading-level-2'><a class=\"ez-toc-link ez-toc-heading-5\" href=\"https:\/\/ngaviet.com\/vi\/hydrosol-20ml\/#Hydrosol_20ml_khong_duoc_su_dung_trong_nhung_truong_hop_nao\" title=\"Hydrosol 20ml kh\u00f4ng \u0111\u01b0\u1ee3c s\u1eed d\u1ee5ng trong nh\u1eefng tr\u01b0\u1eddng h\u1ee3p n\u00e0o?\">Hydrosol 20ml kh\u00f4ng \u0111\u01b0\u1ee3c s\u1eed d\u1ee5ng trong nh\u1eefng tr\u01b0\u1eddng h\u1ee3p n\u00e0o?<\/a><\/li><li class='ez-toc-page-1 ez-toc-heading-level-2'><a class=\"ez-toc-link ez-toc-heading-6\" href=\"https:\/\/ngaviet.com\/vi\/hydrosol-20ml\/#Cach_dung_hydrosol_polyvitamine_pharma_developpement\" title=\"C\u00e1ch d\u00f9ng hydrosol polyvitamine pharma developpement\">C\u00e1ch d\u00f9ng hydrosol polyvitamine pharma developpement<\/a><\/li><li class='ez-toc-page-1 ez-toc-heading-level-2'><a class=\"ez-toc-link ez-toc-heading-7\" href=\"https:\/\/ngaviet.com\/vi\/hydrosol-20ml\/#Cach_bao_quan_Hydrosol_20ml\" title=\"C\u00e1ch b\u1ea3o qu\u1ea3n Hydrosol 20ml\">C\u00e1ch b\u1ea3o qu\u1ea3n Hydrosol 20ml<\/a><\/li><\/ul><\/nav><\/div>\n<\/span><\/p>\n<h2><span class=\"ez-toc-section\" id=\"Thong_tin_san_pham_Hydrosol_20ml\"><\/span><b>Th\u00f4ng tin s\u1ea3n ph\u1ea9m Hydrosol 20ml<\/b><span class=\"ez-toc-section-end\"><\/span><\/h2>\n<p><span style=\"font-weight: 400;\">Hydrosol 20ml l\u00e0 s\u1ea3n ph\u1ea9m \u0111\u01b0\u1ee3c s\u1ea3n xu\u1ea5t b\u1edfi h\u00e3ng d\u01b0\u1ee3c ph\u1ea9m Pharma Developpement c\u1ee7a Ph\u00e1p &#8211; M\u1ed9t trong nh\u1eefng h\u00e3ng d\u01b0\u1ee3c n\u1ed5i ti\u1ebfng tr\u00ean th\u1ebf gi\u1edbi.<\/span><\/p>\n<p><span style=\"font-weight: 400;\">V\u1edbi quy c\u00e1ch l\u00e0 chai dung d\u1ecbch, d\u1ea1ng nh\u1ecf gi\u1ecdt <\/span><b>an to\u00e0n, d\u1ec5 s\u1eed d\u1ee5ng<\/b><span style=\"font-weight: 400;\">:<\/span><\/p>\n<ul>\n<li style=\"font-weight: 400;\" aria-level=\"1\"><span style=\"font-weight: 400;\">Dung d\u1ecbch Hydrosol c\u00f3 v\u1ecb ng\u1ecdt, h\u01b0\u01a1ng cam gi\u00fap tr\u1ebb d\u1ec5 d\u00e0ng u\u1ed1ng<\/span><\/li>\n<li style=\"font-weight: 400;\" aria-level=\"1\"><span style=\"font-weight: 400;\">S\u1eed d\u1ee5ng \u0111\u01b0\u1ee3c cho ng\u01b0\u1eddi l\u1edbn, kh\u00f4ng mang l\u1ea1i c\u1ea3m gi\u00e1c \u0111\u00e2y l\u00e0 thu\u1ed1c u\u1ed1ng<\/span><\/li>\n<li style=\"font-weight: 400;\" aria-level=\"1\"><span style=\"font-weight: 400;\">Ph\u00f9 h\u1ee3p v\u1edbi m\u1ecdi ch\u1ebf \u0111\u1ed9 dinh d\u01b0\u1ee1ng, \u0103n u\u1ed1ng<\/span><\/li>\n<li style=\"font-weight: 400;\" aria-level=\"1\"><span style=\"font-weight: 400;\">D\u1ea1ng dung d\u1ecbch u\u1ed1ng \u0111\u1eadm \u0111\u1eb7c, dung n\u1ea1p t\u1ed1t<\/span><\/li>\n<li style=\"font-weight: 400;\" aria-level=\"1\"><span style=\"font-weight: 400;\">Th\u00fac \u0111\u1ea9y t\u0103ng tr\u01b0\u1edfng th\u1ec3 ch\u1ea5t v\u00e0 tr\u00ed tu\u1ec7 cho tr\u1ebb<\/span><\/li>\n<li style=\"font-weight: 400;\" aria-level=\"1\"><span style=\"font-weight: 400;\">Kh\u1eafc ph\u1ee5c t\u00ecnh tr\u1ea1ng m\u1ea5t c\u00e2n b\u1eb1ng dinh d\u01b0\u1ee1ng \u1edf ng\u01b0\u1eddi l\u1edbn<\/span><\/li>\n<\/ul>\n<p><span style=\"font-weight: 400;\">Hydrosol polyvitamine (20ml) \u0111\u01b0\u1ee3c ch\u1ec9 \u0111\u1ecbnh d\u00f9ng \u0111\u1ec3 b\u1ed5 sung cho nh\u1eefng ng\u01b0\u1eddi \u0111ang trong t\u00ecnh tr\u1ea1ng r\u1ed1i lo\u1ea1n ch\u1ebf \u0111\u1ed9 \u0103n u\u1ed1ng, thi\u1ebfu h\u1ee5t dinh d\u01b0\u1ee1ng, vitamin. V\u1edbi th\u00e0nh ph\u1ea7n dung d\u1ecbch ch\u1ee9a c\u00e1c vitamin \u0111\u1eadm \u0111\u1eb7c A, D2, E, B1, B2, B6, PP, C, B5 t\u1ed1t cho c\u01a1 th\u1ec3 ng\u01b0\u1eddi s\u1eed d\u1ee5ng.<\/span><\/p>\n<p><b>M\u1ed9t s\u1ed1 b\u1ec7nh th\u01b0\u1eddng g\u1eb7p khi c\u01a1 th\u1ec3 thi\u1ebfu h\u1ee5t vitamin C<\/b><span style=\"font-weight: 400;\">:<\/span><\/p>\n<p><span style=\"font-weight: 400;\">&#8211; Thi\u1ebfu vitamin A: tr\u1ebb ch\u1eadm l\u1edbn, qu\u00e1ng g\u00e0, kh\u00f4 m\u1eaft<\/span><\/p>\n<p><span style=\"font-weight: 400;\">&#8211; Thi\u1ebfu vitamin B1: t\u00ea ph\u00f9<\/span><\/p>\n<p><span style=\"font-weight: 400;\">&#8211; Thi\u1ebfu vitamin C: ch\u1ea3y m\u00e1u ch\u00e2n r\u0103ng<\/span><\/p>\n<p><span style=\"font-weight: 400;\">&#8211; Thi\u1ebfu <span style=\"color: #282828;\"><a style=\"color: #282828;\" href=\"https:\/\/www.vinmec.com\/vi\/tin-tuc\/thong-tin-suc-khoe\/21-dieu-can-biet-ve-vitamin-d\/\" rel=\"nofollow noopener\" target=\"_blank\">vitamin D<\/a><\/span>: c\u00f2i x\u01b0\u01a1ng.<\/span><\/p>\n<h2><span class=\"ez-toc-section\" id=\"Thanh_phan_hydrosol_polyvitamine_20ml\"><\/span><b>Th\u00e0nh ph\u1ea7n hydrosol polyvitamine (20ml)<\/b><span class=\"ez-toc-section-end\"><\/span><\/h2>\n<p><span style=\"font-weight: 400;\">Vitamin A t\u1ed5ng h\u1ee3p (c\u00f4 \u0111\u1eb7c) d\u1ea1ng d\u1ea7u\u2026\u2026\u2026\u2026\u2026\u2026\u2026\u2026\u2026\u2026\u2026\u2026\u2026\u2026\u2026\u2026\u2026\u2026\u2026.\u2026\u2026.250000 UI<\/span><\/p>\n<p><span style=\"font-weight: 400;\">Ergocalciferol (Vitamin D2)\u2026\u2026\u2026\u2026\u2026\u2026\u2026\u2026\u2026\u2026\u2026\u2026\u2026\u2026\u2026\u2026\u2026\u2026\u2026\u2026\u2026\u2026\u2026\u2026&#8230;.\u2026\u2026.\u2026..50000 UI<\/span><\/p>\n<p><span style=\"font-weight: 400;\">Alpha- Tocopherol (Acetate) (Vitamin E)\u2026\u2026\u2026\u2026\u2026\u2026\u2026\u2026\u2026\u2026\u2026\u2026\u2026\u2026\u2026\u2026\u2026\u2026.\u2026\u2026.100 mg<\/span><\/p>\n<p><span style=\"font-weight: 400;\">Thiamine (Hydrochloride) (Vitamin B1)\u2026\u2026\u2026\u2026\u2026\u2026\u2026\u2026\u2026\u2026\u2026\u2026\u2026\u2026\u2026\u2026\u2026\u2026\u2026&#8230;\u2026..100 mg<\/span><\/p>\n<p><span style=\"font-weight: 400;\">Riboflavin (Sodium Phosphate) (Vitamin B2)<\/span> <span style=\"font-weight: 400;\">\u2026\u2026\u2026\u2026\u2026\u2026\u2026\u2026\u2026\u2026\u2026\u2026\u2026\u2026\u2026\u2026\u2026..75 mg<\/span><\/p>\n<p><span style=\"font-weight: 400;\">Pyridoxine (Hydrochloride) (Vitamin B6)\u2026\u2026\u2026\u2026\u2026\u2026\u2026\u2026\u2026\u2026\u2026\u2026\u2026\u2026\u2026\u2026\u2026\u2026\u2026..\u2026.100 mg<\/span><\/p>\n<p><span style=\"font-weight: 400;\">Nicotinamide (Vitamin PP)\u2026\u2026\u2026\u2026\u2026\u2026\u2026\u2026\u2026\u2026\u2026\u2026\u2026\u2026\u2026\u2026\u2026\u2026\u2026\u2026\u2026\u2026\u2026\u2026\u2026..\u2026\u2026&#8230;&#8230;.500 mg<\/span><\/p>\n<p><span style=\"font-weight: 400;\">Ascorbic acid (Vitamin C)\u2026\u2026\u2026\u2026\u2026\u2026\u2026\u2026\u2026\u2026\u2026\u2026\u2026\u2026\u2026\u2026\u2026\u2026\u2026\u2026\u2026\u2026\u2026\u2026\u2026&#8230;\u2026..\u2026\u2026&#8230;2500 mg<\/span><\/p>\n<p><span style=\"font-weight: 400;\">Dexpanthenol (Vitamin B5)\u2026\u2026\u2026\u2026\u2026\u2026\u2026\u2026\u2026\u2026\u2026\u2026\u2026\u2026\u2026\u2026\u2026\u2026\u2026\u2026\u2026\u2026\u2026\u2026\u2026\u2026..\u2026\u2026..200 mg<\/span><\/p>\n<h2><span class=\"ez-toc-section\" id=\"Cong_dung_cua_Hydrosol_20ml_Pharma_Development_Phap\"><\/span><b>C\u00f4ng d\u1ee5ng c\u1ee7a Hydrosol 20ml (Pharma Development Ph\u00e1p)<\/b><span class=\"ez-toc-section-end\"><\/span><\/h2>\n<p><span style=\"font-weight: 400;\">Ph\u00f2ng ng\u1eeba ho\u1eb7c \u0111i\u1ec1u tr\u1ecb c\u00e1c r\u1ed1i lo\u1ea1n li\u00ean quan \u0111\u1ebfn ch\u1ebf \u0111\u1ed9 \u0103n u\u1ed1ng kh\u00f4ng c\u00e2n b\u1eb1ng ho\u1eb7c thi\u1ebfu h\u1ee5t dinh d\u01b0\u1ee1ng.<\/span><\/p>\n<p><b>L\u01b0u \u00fd<\/b><span style=\"font-weight: 400;\">: S\u1ea3n ph\u1ea9m n\u00e0y \u0111\u01b0\u1ee3c ch\u1ec9 \u0111\u1ecbnh theo b\u00e1c s\u0129, ng\u01b0\u1eddi d\u00f9ng kh\u00f4ng t\u1ef1 \u00fd s\u1eed d\u1ee5ng.<\/span><\/p>\n<h2><span class=\"ez-toc-section\" id=\"Mot_so_luu_y_dac_biet_khi_su_dung_thuoc_hydrosol_20ml\"><\/span><b>M\u1ed9t s\u1ed1 l\u01b0u \u00fd \u0111\u1eb7c bi\u1ec7t khi s\u1eed d\u1ee5ng thu\u1ed1c hydrosol 20ml\u00a0<\/b><span class=\"ez-toc-section-end\"><\/span><\/h2>\n<ul>\n<li style=\"font-weight: 400;\" aria-level=\"1\"><span style=\"font-weight: 400;\">N\u1ebfu \u0111ang b\u1ed5 sung canxi, tham kh\u1ea3o \u00fd ki\u1ebfn \u200b\u200bb\u00e1c s\u0129.<\/span><\/li>\n<li style=\"font-weight: 400;\" aria-level=\"1\"><span style=\"font-weight: 400;\">\u0110\u1ec3 tr\u00e1nh t\u01b0\u01a1ng t\u00e1c gi\u1eefa c\u00e1c lo\u1ea1i thu\u1ed1c, ph\u1ea3i lu\u00f4n n\u00f3i v\u1edbi v\u1edbi b\u00e1c s\u0129 c\u00e1c \u0111i\u1ec1u tr\u1ecb<\/span><\/li>\n<li style=\"font-weight: 400;\" aria-level=\"1\"><span style=\"font-weight: 400;\">Tr\u00e1nh k\u1ebft h\u1ee3p thu\u1ed1c c\u00f3 vitamin A v\u00e0 D v\u00ec qu\u00e1 li\u1ec1u vitamin A ho\u1eb7c D c\u00f3 th\u1ec3 d\u1eabn \u0111\u1ebfn t\u00e1c d\u1ee5ng ph\u1ee5 kh\u00f4ng mong mu\u1ed1n nghi\u00eam tr\u1ecdng, \u0111\u1eb7c bi\u1ec7t l\u00e0 \u1edf tr\u1ebb nh\u1ecf.<\/span><\/li>\n<\/ul>\n<p><b>L\u01b0u \u00fd s\u1eed d\u1ee5ng thu\u1ed1c cho ph\u1ee5 n\u1eef mang thai v\u00e0 \u0111ang cho con b\u00fa:<\/b><\/p>\n<ul>\n<li style=\"font-weight: 400;\" aria-level=\"1\"><span style=\"font-weight: 400;\">N\u1ebfu b\u00e1c s\u0129 ch\u1ea9n \u0111o\u00e1n b\u1ea1n \u0111ang thi\u1ebfu vitamin, thu\u1ed1c n\u00e0y c\u00f3 th\u1ec3 \u0111\u01b0\u1ee3c s\u1eed d\u1ee5ng trong thai k\u1ef3.<\/span><\/li>\n<li style=\"font-weight: 400;\" aria-level=\"1\"><span style=\"font-weight: 400;\">Tr\u00e1nh d\u00f9ng hydrosol polyvitamine (20ml)\u00a0 trong th\u1eddi k\u1ef3 cho con b\u00fa do nguy c\u01a1 t\u00e1c d\u1ee5ng ph\u1ee5 kh\u00f4ng mong mu\u1ed1n \u1edf tr\u1ebb s\u01a1 sinh<\/span><\/li>\n<li style=\"font-weight: 400;\" aria-level=\"1\"><span style=\"font-weight: 400;\">Lu\u00f4n lu\u00f4n ph\u1ea3i xin \u00fd ki\u1ebfn \u200b\u200bc\u1ee7a b\u00e1c s\u0129 ho\u1eb7c d\u01b0\u1ee3c s\u0129 tr\u01b0\u1edbc khi d\u00f9ng thu\u1ed1c.<\/span><\/li>\n<\/ul>\n<h2><span class=\"ez-toc-section\" id=\"Hydrosol_20ml_khong_duoc_su_dung_trong_nhung_truong_hop_nao\"><\/span><b>Hydrosol 20ml kh\u00f4ng \u0111\u01b0\u1ee3c s\u1eed d\u1ee5ng trong nh\u1eefng tr\u01b0\u1eddng h\u1ee3p n\u00e0o?<\/b><span class=\"ez-toc-section-end\"><\/span><\/h2>\n<ul>\n<li style=\"font-weight: 400;\" aria-level=\"1\"><span style=\"font-weight: 400;\">Ng\u01b0\u1eddi c\u00f3 ti\u1ec1n s\u1eed d\u1ecb \u1ee9ng v\u1edbi m\u1ed9t trong c\u00e1c th\u00e0nh ph\u1ea7n c\u1ee7a thu\u1ed1c<\/span><\/li>\n<li style=\"font-weight: 400;\" aria-level=\"1\"><span style=\"font-weight: 400;\">R\u1ed1i lo\u1ea1n h\u1ea5p th\u1ee5 ch\u1ea5t b\u00e9o<\/span><\/li>\n<li style=\"font-weight: 400;\" aria-level=\"1\"><span style=\"font-weight: 400;\">B\u1ec7nh k\u00e9m h\u1ea5p thu m\u00e3n t\u00ednh<\/span><\/li>\n<li style=\"font-weight: 400;\" aria-level=\"1\"><span style=\"font-weight: 400;\">\u0110ang d\u00f9ng thu\u1ed1c \u0111i\u1ec1u tr\u1ecb can thi\u1ec7p v\u00e0o s\u1ef1 h\u1ea5p th\u1ee5 c\u1ee7a vitamin A,<\/span><\/li>\n<li style=\"font-weight: 400;\" aria-level=\"1\"><span style=\"font-weight: 400;\">Hypercalcaemia (m\u1ee9c \u0111\u1ed9 cao b\u1ea5t th\u01b0\u1eddng c\u1ee7a canxi trong m\u00e1u)<\/span><\/li>\n<li style=\"font-weight: 400;\" aria-level=\"1\"><span style=\"font-weight: 400;\">T\u0103ng calci ni\u1ec7u (m\u1ee9c \u0111\u1ed9 cao b\u1ea5t th\u01b0\u1eddng c\u1ee7a canxi trong n\u01b0\u1edbc ti\u1ec3u)<\/span><\/li>\n<li style=\"font-weight: 400;\" aria-level=\"1\"><span style=\"font-weight: 400;\">Canxi lithiasis (s\u1ecfi th\u1eadn)<\/span><\/li>\n<li style=\"font-weight: 400;\" aria-level=\"1\"><span style=\"font-weight: 400;\">\u0110ang d\u00f9ng levodopa<\/span><\/li>\n<li style=\"font-weight: 400;\" aria-level=\"1\"><span style=\"font-weight: 400;\">Khi nghi ng\u1edd, n\u00ean h\u1ecfi \u00fd ki\u1ebfn \u200b\u200bc\u1ee7a b\u00e1c s\u0129 ho\u1eb7c d\u01b0\u1ee3c s\u0129.<\/span><\/li>\n<\/ul>\n<h2><span class=\"ez-toc-section\" id=\"Cach_dung_hydrosol_polyvitamine_pharma_developpement\"><\/span><strong>C\u00e1ch d\u00f9ng hydrosol polyvitamine pharma developpement<\/strong><span class=\"ez-toc-section-end\"><\/span><\/h2>\n<ul>\n<li style=\"font-weight: 400;\" aria-level=\"1\"><span style=\"font-weight: 400;\">Tr\u1ebb em d\u01b0\u1edbi 6 th\u00e1ng: 5 gi\u1ecdt<\/span><\/li>\n<li style=\"font-weight: 400;\" aria-level=\"1\"><span style=\"font-weight: 400;\">Tr\u1ebb t\u1eeb 6-12 th\u00e1ng: 10 gi\u1ecdt<\/span><\/li>\n<li style=\"font-weight: 400;\" aria-level=\"1\"><span style=\"font-weight: 400;\">Tr\u1ebb t\u1eeb 1-4 tu\u1ed5i 15 gi\u1ecdt<\/span><\/li>\n<li style=\"font-weight: 400;\" aria-level=\"1\"><span style=\"font-weight: 400;\">Tr\u1ebb t\u1eeb 4-12 tu\u1ed5i: 20 gi\u1ecdt<\/span><\/li>\n<li style=\"font-weight: 400;\" aria-level=\"1\"><span style=\"font-weight: 400;\">Ng\u01b0\u1eddi tr\u00ean 12 tu\u1ed5i: 25 gi\u1ecdt<\/span><\/li>\n<\/ul>\n<h2><span class=\"ez-toc-section\" id=\"Cach_bao_quan_Hydrosol_20ml\"><\/span><b>C\u00e1ch b\u1ea3o qu\u1ea3n H<\/b><strong>ydrosol 20ml<\/strong><span class=\"ez-toc-section-end\"><\/span><\/h2>\n<p><span style=\"font-weight: 400;\">N\u01a1i kh\u00f4 r\u00e1o, tho\u00e1ng m\u00e1t, tr\u00e1nh \u00e1nh n\u1eafng tr\u1ef1c ti\u1ebfp.<\/span><\/p>\n<p><b>Nh\u00e0 s\u1ea3n xu\u1ea5t: <\/b><span style=\"font-weight: 400;\">Pharma Developpement &#8211; Ph\u00e1p<\/span><\/p>\n<p><b>C\u00f4ng ty ph\u00e2n ph\u1ed1i s\u1ea3n ph\u1ea9m: C\u00f4ng ty TNHH Th\u01b0\u01a1ng M\u1ea1i Nga Vi\u1ec7t<\/b><\/p>\n<p><span style=\"font-weight: 400;\">S\u1ea3n ph\u1ea9m \u0111\u00e3 \u0111\u01b0\u1ee3c B\u1ed9 y t\u1ebf C\u1ee5c an to\u00e0n th\u1ef1c ph\u1ea9m Vi\u1ec7t Nam c\u1ea5p gi\u1ea5y ch\u1ee9ng nh\u1eadn s\u1ed1: 9018\/2018\/\u0110KSP.<\/span><\/p>\n<p><img decoding=\"async\" loading=\"lazy\" class=\"wp-image-3199 aligncenter\" src=\"https:\/\/ngaviet.com\/wp-content\/uploads\/2022\/10\/Hydrosol.jpg\" alt=\"hydrosol 20ml\" width=\"702\" height=\"965\" \/><\/p>\n","protected":false},"excerpt":{"rendered":"<ul>\n<li style=\"font-weight: 400;\" aria-level=\"1\"><b>C\u00f4ng d\u1ee5ng<\/b><span style=\"font-weight: 400;\">: Ph\u00f2ng ng\u1eeba ho\u1eb7c \u0111i\u1ec1u tr\u1ecb c\u00e1c r\u1ed1i lo\u1ea1n li\u00ean quan \u0111\u1ebfn ch\u1ebf \u0111\u1ed9 \u0103n u\u1ed1ng kh\u00f4ng c\u00e2n b\u1eb1ng ho\u1eb7c thi\u1ebfu h\u1ee5t dinh d\u01b0\u1ee1ng<\/span><\/li>\n<li style=\"font-weight: 400;\" aria-level=\"1\"><b>Nh\u00e0 s\u1ea3n xu\u1ea5t<\/b><span style=\"font-weight: 400;\">: Pharma Developpement &#8211; Ph\u00e1p<\/span><\/li>\n<li style=\"font-weight: 400;\" aria-level=\"1\"><b>Quy c\u00e1ch<\/b><span style=\"font-weight: 400;\">: H\u1ed9p 1 chai 20ml. Th\u00f9ng 100 chai<\/span><\/li>\n<li style=\"font-weight: 400;\" aria-level=\"1\"><b>C\u00e1ch d\u00f9ng<\/b><span style=\"font-weight: 400;\">: xem chi ti\u1ebft d\u01b0\u1edbi ph\u1ea7n m\u00f4 t\u1ea3<\/span><\/li>\n<li style=\"font-weight: 400;\" aria-level=\"1\"><b>H\u1ea1n d\u00f9ng: <\/b><span style=\"font-weight: 400;\">2 n\u0103m k\u1ec3 t\u1eeb ng\u00e0y s\u1ea3n xu\u1ea5t<\/span><\/li>\n<\/ul>\n","protected":false},"featured_media":3203,"comment_status":"open","ping_status":"closed","template":"","meta":[],"product_cat":[15,59,64,30,56],"product_tag":[],"_links":{"self":[{"href":"https:\/\/ngaviet.com\/vi\/wp-json\/wp\/v2\/product\/3196"}],"collection":[{"href":"https:\/\/ngaviet.com\/vi\/wp-json\/wp\/v2\/product"}],"about":[{"href":"https:\/\/ngaviet.com\/vi\/wp-json\/wp\/v2\/types\/product"}],"replies":[{"embeddable":true,"href":"https:\/\/ngaviet.com\/vi\/wp-json\/wp\/v2\/comments?post=3196"}],"wp:featuredmedia":[{"embeddable":true,"href":"https:\/\/ngaviet.com\/vi\/wp-json\/wp\/v2\/media\/3203"}],"wp:attachment":[{"href":"https:\/\/ngaviet.com\/vi\/wp-json\/wp\/v2\/media?parent=3196"}],"wp:term":[{"taxonomy":"product_cat","embeddable":true,"href":"https:\/\/ngaviet.com\/vi\/wp-json\/wp\/v2\/product_cat?post=3196"},{"taxonomy":"product_tag","embeddable":true,"href":"https:\/\/ngaviet.com\/vi\/wp-json\/wp\/v2\/product_tag?post=3196"}],"curies":[{"name":"wp","href":"https:\/\/api.w.org\/{rel}","templated":true}]}}