{"id":3248,"date":"2022-10-27T16:21:54","date_gmt":"2022-10-27T09:21:54","guid":{"rendered":"https:\/\/ngaviet.com\/?post_type=product&#038;p=3248"},"modified":"2023-07-13T12:09:27","modified_gmt":"2023-07-13T05:09:27","slug":"oscan-k66","status":"publish","type":"product","link":"https:\/\/ngaviet.com\/vi\/oscan-k66\/","title":{"rendered":"Oscan K66 &#8211; Vi\u00ean u\u1ed1ng b\u1ed5 sung canxi t\u1eeb t\u1ea3o bi\u1ec3n \u0111\u1ecf"},"content":{"rendered":"<p><b style=\"font-size: 23.04px; color: #333333;\">Th\u00f4ng tin vi\u00ean u\u1ed1ng Canxi Oscan K66<\/b><\/p>\n<p><span style=\"font-weight: 400;\">B\u1ea1n c\u00f3 bi\u1ebft, Aquamin l\u00e0 m\u1ed9t lo\u1ea1i ph\u1ee9c h\u1ee3p ch\u1ee9a c\u00e1c mu\u1ed1i h\u1eefu c\u01a1 c\u1ee7a nhi\u1ec1u ion nguy\u00ean t\u1ed1 vi l\u01b0\u1ee3ng \u0111\u01b0\u1ee3c t\u00ecm th\u1ea5y trong t\u1ebf b\u00e0o c\u1ee7a lo\u00e0i <span style=\"color: #282828;\">t\u1ea3o bi\u1ec3n \u0111\u1ecf <\/span><\/span><span style=\"font-weight: 400;\">h\u1ecd Lithothamnion. Lo\u00e0i t\u1ea3o n\u00e0y s\u1ed1ng \u1edf khu v\u1ef1c bi\u1ec3n l\u1ea1nh Ireland, c\u00e1ch xa nh\u1eefng t\u00e1c nh\u00e2n g\u00e2y \u00f4 nhi\u1ec5m m\u00f4i tr\u01b0\u1eddng do ho\u1ea1t \u0111\u1ed9ng c\u1ee7a con ng\u01b0\u1eddi. \u0110\u1eb7c bi\u1ec7t, ph\u1ee9c h\u1ee3p Aquamin th\u00f4 trong lo\u00e0i t\u1ea3o \u0111\u1ecf n\u00e0y ch\u1ee9a ch\u1ee7 y\u1ebfu l\u00e0 c\u00e1c mu\u1ed1i h\u1eefu c\u01a1 c\u1ee7a Canxi v\u00e0 Magne.<\/span><\/p>\n<p><span style=\"font-weight: 400;\">Ch\u00ednh v\u00ec th\u1ebf, v\u1edbi h\u00e0m l\u01b0\u1ee3ng canxi v\u00e0 <\/span><span style=\"font-weight: 400;\">magie<\/span><span style=\"font-weight: 400;\"> cao t\u1eeb th\u00e0nh ph\u1ea7n Aquamin c\u00f9ng v\u1edbi vitamin D3, acid folic v\u00e0 vitamin K2, th\u1ef1c ph\u1ea9m b\u1ea3o v\u1ec7 s\u1ee9c kh\u1ecfe Oscan K66 c\u00f3 c\u00f4ng d\u1ee5ng h\u1ed7 tr\u1ee3 t\u0103ng c\u01b0\u1eddng kh\u1ea3 n\u0103ng h\u1ea5p thu canxi cho c\u01a1 th\u1ec3, gi\u00fap x\u01b0\u01a1ng r\u0103ng ch\u1eafc kh\u1ecfe. \u0110\u1ed3ng th\u1eddi, h\u1ed7 tr\u1ee3 ph\u00e1t tri\u1ec3n chi\u1ec1u cao v\u00e0 gi\u1ea3m nguy c\u01a1 c\u00f2i x\u01b0\u01a1ng \u1edf tr\u1ebb em, gi\u1ea3m nguy c\u01a1 v\u1edbi lo\u00e3ng x\u01b0\u01a1ng \u1edf ng\u01b0\u1eddi l\u1edbn.\u00a0<\/span><\/p>\n<h2><b>Th\u00e0nh ph\u1ea7n c\u00f3 trong Oscan K66<\/b><\/h2>\n<p><span style=\"font-weight: 400;\">Aquamin F (32% canxi h\u1eefu c\u01a1) \u2013 nh\u1eadp kh\u1ea9u Anh\u2026\u2026\u2026\u2026\u2026\u2026..\u2026..\u2026..450 mg<\/span><\/p>\n<p><span style=\"font-weight: 400;\">Aquamin Mg\u2026\u2026\u2026\u2026\u2026\u2026\u2026\u2026\u2026\u2026\u2026\u2026\u2026\u2026\u2026\u2026\u2026\u2026\u2026\u2026\u2026\u2026\u2026\u2026..\u2026..\u2026..\u2026..\u2026..\u2026&#8230;.15 mg<\/span><\/p>\n<p><span style=\"font-weight: 400;\">K\u1ebdm gluconate\u2026\u2026\u2026\u2026\u2026\u2026\u2026\u2026\u2026\u2026\u2026\u2026\u2026\u2026\u2026\u2026\u2026\u2026\u2026\u2026\u2026\u2026\u2026..\u2026..\u2026..\u2026..\u2026..\u2026&#8230;0.5 mg<\/span><\/p>\n<p><span style=\"font-weight: 400;\">Vitamin D3 (Cholecalciferol)&#8230;&#8230;&#8230;&#8230;&#8230;&#8230;&#8230;&#8230;&#8230;&#8230;&#8230;&#8230;&#8230;&#8230;&#8230;&#8230;&#8230;&#8230;&#8230;&#8230;&#8230;&#8230;&#8230;..200 UI<\/span><\/p>\n<p><span style=\"font-weight: 400;\">Folic acid\u2026\u2026\u2026\u2026\u2026\u2026\u2026\u2026\u2026\u2026\u2026\u2026\u2026\u2026\u2026\u2026\u2026\u2026\u2026\u2026\u2026\u2026\u2026\u2026&#8230;&#8230;&#8230;&#8230;&#8230;&#8230;&#8230;&#8230;&#8230;&#8230;&#8230;&#8230;.200 mcg<\/span><\/p>\n<p><span style=\"font-weight: 400;\">Vitamin K2 MK7 (2000ppm) (Menaquinone-7)&#8230;&#8230;&#8230;&#8230;&#8230;&#8230;&#8230;&#8230;&#8230;&#8230;&#8230;&#8230;.2.5 mcg<\/span><\/p>\n<h2><b>C\u00f4ng d\u1ee5ng c\u1ee7a Oscan K66<\/b><\/h2>\n<ul>\n<li style=\"font-weight: 400;\" aria-level=\"1\"><span style=\"font-weight: 400;\">H\u1ed7 tr\u1ee3 t\u0103ng c\u01b0\u1eddng kh\u1ea3 n\u0103ng h\u1ea5p thu canxi cho c\u01a1 th\u1ec3, gi\u00fap x\u01b0\u01a1ng r\u0103ng ch\u1eafc kh\u1ecfe<\/span><\/li>\n<li style=\"font-weight: 400;\" aria-level=\"1\"><span style=\"font-weight: 400;\">H\u1ed7 tr\u1ee3 ph\u00e1t tri\u1ec3n chi\u1ec1u cao v\u00e0 gi\u1ea3m nguy c\u01a1 c\u00f2i x\u01b0\u01a1ng \u1edf tr\u1ebb em.<\/span><\/li>\n<li style=\"font-weight: 400;\" aria-level=\"1\"><span style=\"font-weight: 400;\">Gi\u1ea3m nguy c\u01a1 v\u1edbi lo\u00e3ng x\u01b0\u01a1ng \u1edf ng\u01b0\u1eddi l\u1edbn.<\/span><\/li>\n<li style=\"font-weight: 400;\" aria-level=\"1\"><span style=\"font-weight: 400;\">Ngo\u00e0i ra c\u00f2n b\u1ed5 sung canxi cho ph\u1ee5 n\u1eef mang thai<\/span><\/li>\n<\/ul>\n<h2><b>C\u00e1ch d\u00f9ng s\u1ea3n ph\u1ea9m<\/b><\/h2>\n<p><span style=\"font-weight: 400;\">Vi\u00ean n\u00e9n c\u00f3 v\u1ecb ng\u1ecdt c\u00f3 th\u1ec3 u\u1ed1ng c\u00f9ng n\u01b0\u1edbc, nhai, ng\u1eadm ho\u1eb7c pha th\u00e0nh h\u1ed7n d\u1ecbch \u0111\u1ec3 u\u1ed1ng. N\u00ean s\u1eed d\u1ee5ng v\u00e0o bu\u1ed5i s\u00e1ng ho\u1eb7c tr\u01b0a \u0111\u1ec3 thu\u1ed1c \u0111\u1ea1t hi\u1ec7u qu\u1ea3 t\u1ed1t.<\/span><\/p>\n<ul>\n<li style=\"font-weight: 400;\" aria-level=\"1\"><span style=\"font-weight: 400;\">Ng\u01b0\u1eddi l\u1edbn, ng\u01b0\u1eddi lo\u00e3ng x\u01b0\u01a1ng, ph\u1ee5 n\u1eef \u0111ang cho con b\u00fa: Ng\u00e0y 2 vi\u00ean, chia 2 l\u1ea7n.<\/span><\/li>\n<li style=\"font-weight: 400;\" aria-level=\"1\"><span style=\"font-weight: 400;\">Tr\u1ebb em t\u1eeb 2-10 tu\u1ed5i: Ng\u00e0y 1 vi\u00ean. V\u1edbi tr\u1ebb em \u1edf \u0111\u1ed9 tu\u1ed5i nh\u1ecf n\u00ean pha th\u00e0nh d\u1ea1ng h\u1ed7n d\u1ecbch u\u1ed1ng \u0111\u1ec3 tr\u00e1nh ngh\u1eb9n, h\u00f3c.<\/span><\/li>\n<\/ul>\n<p><span style=\"font-weight: 400;\"><strong>L\u01b0u \u00fd<\/strong>: Tr\u1ebb em d\u01b0\u1edbi 02 tu\u1ed5i: Tham kh\u1ea3o chuy\u00ean gia y t\u1ebf, dinh d\u01b0\u1ee1ng tr\u01b0\u1edbc khi d\u00f9ng.<\/span><strong><br \/>\n<\/strong><\/p>\n<p><b>Ch\u00fa \u00fd<\/b><span style=\"font-weight: 400;\">:\u00a0<\/span><\/p>\n<ul>\n<li style=\"font-weight: 400;\" aria-level=\"1\"><span style=\"font-weight: 400;\">Th\u1ef1c ph\u1ea9m n\u00e0y kh\u00f4ng ph\u1ea3i l\u00e0 thu\u1ed1c, kh\u00f4ng c\u00f3 t\u00e1c d\u1ee5ng thay th\u1ebf thu\u1ed1c ch\u1eefa b\u1ec7nh.<\/span><\/li>\n<li style=\"font-weight: 400;\" aria-level=\"1\"><span style=\"font-weight: 400;\">Kh\u00f4ng s\u1eed d\u1ee5ng n\u1ebfu m\u1eabn c\u1ea3m v\u1edbi b\u1ea5t k\u1ef3 th\u00e0nh ph\u1ea7n n\u00e0o c\u1ee7a s\u1ea3n ph\u1ea9m.<\/span><\/li>\n<\/ul>\n<h2><b>\u0110\u1ed1i t\u01b0\u1ee3ng s\u1eed d\u1ee5ng Oscan K66<\/b><\/h2>\n<ul>\n<li style=\"font-weight: 400;\" aria-level=\"1\"><span style=\"font-weight: 400;\">Tr\u1ebb c\u00f2i x\u01b0\u01a1ng v\u00e0 ch\u1eadm m\u1ecdc r\u0103ng ho\u1eb7c thanh thi\u1ebfu ni\u00ean \u0111ang trong giai \u0111o\u1ea1n ph\u00e1t tri\u1ec3n chi\u1ec1u cao.\u00a0<\/span><\/li>\n<li style=\"font-weight: 400;\" aria-level=\"1\"><span style=\"font-weight: 400;\">Ph\u1ee5 n\u1eef chu\u1ea9n b\u1ecb mang thai, \u0111ang mang thai, cho con b\u00fa, \u0111ang tu\u1ed5i ti\u1ec1n m\u00e3n kinh.\u00a0<\/span><\/li>\n<li style=\"font-weight: 400;\" aria-level=\"1\"><span style=\"font-weight: 400;\">Ng\u01b0\u1eddi cao tu\u1ed5i b\u1ecb lo\u00e3ng x\u01b0\u01a1ng c\u1ea7n b\u1ed5 sung canxi.<\/span><\/li>\n<\/ul>\n<h2><b>Th\u00f4ng tin th\u00eam b\u1ea1n n\u00ean bi\u1ebft<\/b><\/h2>\n<ul>\n<li style=\"font-weight: 400;\" aria-level=\"1\"><b>Aquamin F (Aquamin Food): <\/b><span style=\"font-weight: 400;\">\u00a0l\u00e0 d\u1ea1ng Aquamin \u0111\u01b0\u1ee3c ch\u1ebf bi\u1ebfn \u0111\u1ec3 d\u00f9ng tr\u1ef1c ti\u1ebfp, \u0111\u1ec3 b\u1ed5 sung h\u00e0m l\u01b0\u1ee3ng canxi cho th\u1ef1c ph\u1ea9m, \u0111\u1ed3 u\u1ed1ng chay. V\u00e0 \u0111\u1ec3 l\u00e0m nguy\u00ean li\u1ec7u cho c\u00e1c c\u00f4ng th\u1ee9c n\u1ea5u \u0103n \u1edf m\u1ed9t s\u1ed1 qu\u1ed1c gia.\u00a0<\/span><\/li>\n<li style=\"font-weight: 400;\" aria-level=\"1\"><b>Aquamin Mg:<\/b><span style=\"font-weight: 400;\"> l\u00e0 d\u00f2ng Aquamin c\u00f3 ch\u1ee9a nhi\u1ec1u Magne, bao g\u1ed3m Aquamin Mg AG , Aquamin Mg TG, Aquamin Mg Soluble.<\/span><\/li>\n<li style=\"font-weight: 400;\" aria-level=\"1\"><b>K\u1ebdm gluconate<\/b><span style=\"font-weight: 400;\">: \u0111\u00e2y l\u00e0 m\u1ed9t trong nh\u1eefng kho\u00e1ng ch\u1ea5t c\u01a1 th\u1ec3 con ng\u01b0\u1eddi kh\u00f4ng th\u1ec3 t\u1ef1 t\u1ed5ng h\u1ee3p \u0111\u01b0\u1ee3c m\u00e0 ph\u1ea3i d\u1ef1a v\u00e0o ngu\u1ed3n t\u1eeb th\u1ef1c ph\u1ea9m. B\u00ean c\u1ea1nh \u0111\u00f3 k\u1ebdm \u0111\u00f3ng vai tr\u00f2 quan tr\u1ecdng trong h\u1ec7 mi\u1ec5n d\u1ecbch c\u1ee7a con ng\u01b0\u1eddi. \u0110\u1eb7c bi\u1ec7t k\u1ebdm h\u1ed7 tr\u1ee3 trong nhi\u1ec1u ph\u1ea3n \u1ee9ng mi\u1ec5n d\u1ecbch, chuy\u1ec3n ho\u00e1, v\u00e0 t\u1ed5ng h\u1ee3p hormones c\u1ee7a c\u01a1 th\u1ec3.<\/span><\/li>\n<li style=\"font-weight: 400;\" aria-level=\"1\"><b>Vitamin D3 (Cholecalciferol):<\/b><span style=\"font-weight: 400;\"> Vitamin D l\u00e0 m\u1ed9t steroid hormone c\u01a1 th\u1ec3 ng\u01b0\u1eddi t\u1ed5ng h\u1ee3p khi ti\u1ebfp x\u00fac v\u1edbi \u00e1nh s\u00e1ng m\u1eb7t tr\u1eddi. Ch\u00ednh v\u00ec th\u1ebf, vitamin D gi\u00fap c\u01a1 th\u1ec3 h\u1ea5p thu canxi v\u00e0 phospho t\u1ed1t h\u01a1n. \u0110\u1ed3ng th\u1eddi gi\u00fap gi\u1ea3m nguy c\u01a1 lo\u00e3ng x\u01b0\u01a1ng, v\u00e0 c\u00f3 vai tr\u00f2 \u0111i\u1ec1u h\u00f2a trong h\u1ec7 mi\u1ec5n d\u1ecbch c\u1ee7a c\u01a1 th\u1ec3.<\/span><\/li>\n<\/ul>\n<h2><b>C\u00e1ch b\u1ea3o qu\u1ea3n<\/b><\/h2>\n<p><span style=\"font-weight: 400;\">B\u1ea3o qu\u1ea3n n\u01a1i kh\u00f4 r\u00e1o, tho\u00e1ng m\u00e1t, tr\u00e1nh \u00e1nh n\u1eafng tr\u1ef1c ti\u1ebfp, nhi\u1ec7t \u0111\u1ed9 kh\u00f4ng qu\u00e1 30 \u0111\u1ed9 C. \u0110\u1ec3 xa t\u1ea7m tay tr\u1ebb em.<\/span><\/p>\n<p><b>Th\u01b0\u01a1ng nh\u00e2n ch\u1ecbu tr\u00e1ch nhi\u1ec7m v\u1ec1 ch\u1ea5t l\u01b0\u1ee3ng s\u1ea3n ph\u1ea9m v\u00e0 ph\u00e2n ph\u1ed1i<\/b><\/p>\n<p><span style=\"font-weight: 400;\">C\u00d4NG TY TNHH C\u00d4NG NGH\u1ec6 H\u00d3A SINH BM<\/span><\/p>\n<p><span style=\"font-weight: 400;\">\u0110\u1ecba ch\u1ec9: L\u00f4 6.3, T\u1ed5 8, ph\u1ed1 Tu Ho\u00e0ng, Ph\u01b0\u1eddng Ph\u01b0\u01a1ng Canh, Qu\u1eadn Nam T\u1eeb Li\u00eam, Th\u00e0nh ph\u1ed1 H\u00e0 N\u1ed9i, Vi\u1ec7t Nam.<\/span><\/p>\n<p><b>S\u1ea3n xu\u1ea5t t\u1ea1i C\u00d4NG TY C\u1ed4 PH\u1ea6N PH\u00c1T TRI\u1ec2N D\u01af\u1ee2C VESTA<\/b><\/p>\n<p><span style=\"font-weight: 400;\">\u0110\u1ecba ch\u1ec9: Th\u00f4n M\u1ef9 Giang, x\u00e3 Tam Hi\u1ec7p, Huy\u1ec7n Ph\u00fac Th\u1ecd, th\u00e0nh ph\u1ed1 H\u00e0 N\u1ed9i, Vi\u1ec7t Nam<\/span><\/p>\n<p><span style=\"font-weight: 400;\">S\u1ea3n ph\u1ea9m \u0111\u00e3 \u0111\u01b0\u1ee3c B\u1ed9 y t\u1ebf C\u1ee5c an to\u00e0n th\u1ef1c ph\u1ea9m Vi\u1ec7t Nam c\u1ea5p gi\u1ea5y ch\u1ee9ng nh\u1eadn s\u1ed1:\u00a0 51\/2019\/ATTP-CNGMP.<\/span><\/p>\n<p><img decoding=\"async\" loading=\"lazy\" class=\"wp-image-3549 aligncenter\" src=\"https:\/\/ngaviet.com\/wp-content\/uploads\/2022\/10\/OSCAN-K66-1.jpg\" alt=\"vi\u00ean u\u1ed1ng b\u1ed5 sung canxi oscan k66\" width=\"695\" height=\"1065\" \/><\/p>\n<blockquote><p>Xem th\u00eam: <em><a href=\"https:\/\/ngaviet.com\/canxi-tao-bien-do\/\">Canxi t\u1ea3o bi\u1ec3n \u0111\u1ecf c\u00f3 t\u00e1c d\u1ee5ng g\u00ec? V\u00ec sao cung c\u1ea5p canxi h\u1eefu c\u01a1 t\u1eeb t\u1ea3o bi\u1ec3n \u0111\u1ecf t\u1ed1t h\u01a1n canxi v\u00f4 c\u01a1?<\/a><\/em><\/p><\/blockquote>\n<p>N\u1ebfu b\u1ea1n quan t\u00e2m v\u1ec1 s\u1ea3n ph\u1ea9m c\u00f3 th\u1ec3 li\u00ean h\u1ec7 \u0111\u1eb7t mua h\u00e0ng th\u00f4ng qua:<\/p>\n<ul>\n<li>Hotline:\u00a0<strong>0933.248.096<\/strong><\/li>\n<li>Email:\u00a0<em><a href=\"mailto:cskh.ngaviet@gmail.com\">cskh.ngaviet@gmail.com<\/a><\/em><\/li>\n<li>Zalo OA:\u00a0<em><a href=\"https:\/\/zalo.me\/2042719656458438425?src=media\" target=\"_blank\" rel=\"noopener\">https:\/\/zalo.me\/2042719656458438425?src=media<\/a><\/em><\/li>\n<li>Fanpage Nga Vi\u1ec7t Pharma:\u00a0<em><a href=\"https:\/\/www.facebook.com\/ngavietpharma\" target=\"_blank\" rel=\"noopener\">https:\/\/www.facebook.com\/ngavietpharma<\/a><\/em><\/li>\n<\/ul>\n","protected":false},"excerpt":{"rendered":"<ul>\n<li style=\"font-weight: 400;\" aria-level=\"1\"><b>C\u00f4ng d\u1ee5ng<\/b><span style=\"font-weight: 400;\">: H\u1ed7 tr\u1ee3 t\u0103ng c\u01b0\u1eddng kh\u1ea3 n\u0103ng h\u1ea5p thu canxi cho c\u01a1 th\u1ec3, gi\u00fap x\u01b0\u01a1ng r\u0103ng ch\u1eafc kh\u1ecfe.<\/span><\/li>\n<li style=\"font-weight: 400;\" aria-level=\"1\"><b>Nh\u00e0 s\u1ea3n xu\u1ea5t<\/b><span style=\"font-weight: 400;\">: Vesta &#8211; VN<\/span><\/li>\n<li style=\"font-weight: 400;\" aria-level=\"1\"><b>Quy c\u00e1ch<\/b><span style=\"font-weight: 400;\">: H\u1ed9p 30 vi\u00ean n\u00e9n (3 v\u1ec9 x 10 vi\u00ean) ho\u1eb7c L\u1ecd 30 vi\u00ean<\/span><\/li>\n<li style=\"font-weight: 400;\" aria-level=\"1\"><b>C\u00e1ch d\u00f9ng<\/b><span style=\"font-weight: 400;\">: 2 vi\u00ean\/ng\u00e0y chia 2 l\u1ea7n. Tr\u1ebb em 2-10 tu\u1ed5i: 1 vi\u00ean\/ ng\u00e0y<\/span><\/li>\n<li style=\"font-weight: 400;\" aria-level=\"1\"><b>H\u1ea1n d\u00f9ng: <\/b><span style=\"font-weight: 400;\">3 n\u0103m k\u1ec3 t\u1eeb ng\u00e0y s\u1ea3n xu\u1ea5t<\/span><\/li>\n<\/ul>\n","protected":false},"featured_media":3555,"comment_status":"open","ping_status":"closed","template":"","meta":[],"product_cat":[15,64,30,56],"product_tag":[],"_links":{"self":[{"href":"https:\/\/ngaviet.com\/vi\/wp-json\/wp\/v2\/product\/3248"}],"collection":[{"href":"https:\/\/ngaviet.com\/vi\/wp-json\/wp\/v2\/product"}],"about":[{"href":"https:\/\/ngaviet.com\/vi\/wp-json\/wp\/v2\/types\/product"}],"replies":[{"embeddable":true,"href":"https:\/\/ngaviet.com\/vi\/wp-json\/wp\/v2\/comments?post=3248"}],"wp:featuredmedia":[{"embeddable":true,"href":"https:\/\/ngaviet.com\/vi\/wp-json\/wp\/v2\/media\/3555"}],"wp:attachment":[{"href":"https:\/\/ngaviet.com\/vi\/wp-json\/wp\/v2\/media?parent=3248"}],"wp:term":[{"taxonomy":"product_cat","embeddable":true,"href":"https:\/\/ngaviet.com\/vi\/wp-json\/wp\/v2\/product_cat?post=3248"},{"taxonomy":"product_tag","embeddable":true,"href":"https:\/\/ngaviet.com\/vi\/wp-json\/wp\/v2\/product_tag?post=3248"}],"curies":[{"name":"wp","href":"https:\/\/api.w.org\/{rel}","templated":true}]}}