{"id":329,"date":"2021-10-20T10:03:38","date_gmt":"2021-10-20T03:03:38","guid":{"rendered":"https:\/\/ngaviet.com\/?post_type=product&#038;p=329"},"modified":"2026-04-03T10:05:23","modified_gmt":"2026-04-03T03:05:23","slug":"vien-ngam-ho-thao-duoc-dr-coolers","status":"publish","type":"product","link":"https:\/\/ngaviet.com\/vi\/vien-ngam-ho-thao-duoc-dr-coolers\/","title":{"rendered":"Vi\u00ean ng\u1eadm ho th\u1ea3o d\u01b0\u1ee3c Dr. Coolers"},"content":{"rendered":"<div id=\"ez-toc-container\" class=\"ez-toc-v2_0_58 counter-hierarchy ez-toc-counter ez-toc-light-blue ez-toc-container-direction\">\n<div class=\"ez-toc-title-container\">\n<p class=\"ez-toc-title \" >M\u1ee5c l\u1ee5c<\/p>\n<span class=\"ez-toc-title-toggle\"><a href=\"#\" class=\"ez-toc-pull-right ez-toc-btn ez-toc-btn-xs ez-toc-btn-default ez-toc-toggle\" aria-label=\"Toggle Table of Content\" role=\"button\"><label for=\"item-69d594ed0f4f0\" ><span class=\"\"><span class=\"eztoc-hide\" style=\"display:none;\">Toggle<\/span><span class=\"ez-toc-icon-toggle-span\"><svg style=\"fill: #999;color:#999\" xmlns=\"http:\/\/www.w3.org\/2000\/svg\" class=\"list-377408\" width=\"20px\" height=\"20px\" viewBox=\"0 0 24 24\" fill=\"none\"><path d=\"M6 6H4v2h2V6zm14 0H8v2h12V6zM4 11h2v2H4v-2zm16 0H8v2h12v-2zM4 16h2v2H4v-2zm16 0H8v2h12v-2z\" fill=\"currentColor\"><\/path><\/svg><svg style=\"fill: #999;color:#999\" class=\"arrow-unsorted-368013\" xmlns=\"http:\/\/www.w3.org\/2000\/svg\" width=\"10px\" height=\"10px\" viewBox=\"0 0 24 24\" version=\"1.2\" baseProfile=\"tiny\"><path d=\"M18.2 9.3l-6.2-6.3-6.2 6.3c-.2.2-.3.4-.3.7s.1.5.3.7c.2.2.4.3.7.3h11c.3 0 .5-.1.7-.3.2-.2.3-.5.3-.7s-.1-.5-.3-.7zM5.8 14.7l6.2 6.3 6.2-6.3c.2-.2.3-.5.3-.7s-.1-.5-.3-.7c-.2-.2-.4-.3-.7-.3h-11c-.3 0-.5.1-.7.3-.2.2-.3.5-.3.7s.1.5.3.7z\"\/><\/svg><\/span><\/span><\/label><input aria-label=\"Toggle\" aria-label=\"item-69d594ed0f4f0\"  type=\"checkbox\" id=\"item-69d594ed0f4f0\"><\/a><\/span><\/div>\n<nav><ul class='ez-toc-list ez-toc-list-level-1 eztoc-toggle-hide-by-default' ><li class='ez-toc-page-1 ez-toc-heading-level-2'><a class=\"ez-toc-link ez-toc-heading-1\" href=\"https:\/\/ngaviet.com\/vi\/vien-ngam-ho-thao-duoc-dr-coolers\/#Thong_tin_ve_vien_ngam_ho_Dr_Coolers\" title=\"Th\u00f4ng tin v\u1ec1 vi\u00ean ng\u1eadm ho Dr. Coolers\">Th\u00f4ng tin v\u1ec1 vi\u00ean ng\u1eadm ho Dr. Coolers<\/a><\/li><li class='ez-toc-page-1 ez-toc-heading-level-2'><a class=\"ez-toc-link ez-toc-heading-2\" href=\"https:\/\/ngaviet.com\/vi\/vien-ngam-ho-thao-duoc-dr-coolers\/#Thanh_phan_co_trong_vien_ngam_Dr_Coolers\" title=\"Th\u00e0nh ph\u1ea7n c\u00f3 trong vi\u00ean ng\u1eadm Dr. Coolers\">Th\u00e0nh ph\u1ea7n c\u00f3 trong vi\u00ean ng\u1eadm Dr. Coolers<\/a><\/li><li class='ez-toc-page-1 ez-toc-heading-level-2'><a class=\"ez-toc-link ez-toc-heading-3\" href=\"https:\/\/ngaviet.com\/vi\/vien-ngam-ho-thao-duoc-dr-coolers\/#Cong_dung_cua_vien_ngam_ho_Dr_Coolers\" title=\"C\u00f4ng d\u1ee5ng c\u1ee7a vi\u00ean ng\u1eadm ho Dr. Coolers\">C\u00f4ng d\u1ee5ng c\u1ee7a vi\u00ean ng\u1eadm ho Dr. Coolers<\/a><\/li><li class='ez-toc-page-1 ez-toc-heading-level-2'><a class=\"ez-toc-link ez-toc-heading-4\" href=\"https:\/\/ngaviet.com\/vi\/vien-ngam-ho-thao-duoc-dr-coolers\/#Doi_tuong_su_dung\" title=\"\u0110\u1ed1i t\u01b0\u1ee3ng s\u1eed d\u1ee5ng\">\u0110\u1ed1i t\u01b0\u1ee3ng s\u1eed d\u1ee5ng<\/a><\/li><li class='ez-toc-page-1 ez-toc-heading-level-2'><a class=\"ez-toc-link ez-toc-heading-5\" href=\"https:\/\/ngaviet.com\/vi\/vien-ngam-ho-thao-duoc-dr-coolers\/#Huong_dan_su_dung\" title=\"H\u01b0\u1edbng d\u1eabn s\u1eed d\u1ee5ng\">H\u01b0\u1edbng d\u1eabn s\u1eed d\u1ee5ng<\/a><\/li><li class='ez-toc-page-1 ez-toc-heading-level-2'><a class=\"ez-toc-link ez-toc-heading-6\" href=\"https:\/\/ngaviet.com\/vi\/vien-ngam-ho-thao-duoc-dr-coolers\/#Cach_bao_quan\" title=\"C\u00e1ch b\u1ea3o qu\u1ea3n\">C\u00e1ch b\u1ea3o qu\u1ea3n<\/a><\/li><\/ul><\/nav><\/div>\n\n<h2><span class=\"ez-toc-section\" id=\"Thong_tin_ve_vien_ngam_ho_Dr_Coolers\"><\/span><b>Th\u00f4ng tin v\u1ec1 vi\u00ean ng\u1eadm ho Dr. Coolers<\/b><span class=\"ez-toc-section-end\"><\/span><\/h2>\n<p><span style=\"font-weight: 400;\">&#8211; Vi\u00ean ng\u1eadm ho th\u1ea3o d\u01b0\u1ee3c Dr. Coolers l\u00e0 s\u1ea3n ph\u1ea9m \u0111\u01b0\u1ee3c s\u1ea3n xu\u1ea5t t\u1ea1i \u1ea4n \u0110\u1ed9. V\u1edbi chi\u1ebft xu\u1ea5t t\u1eeb nh\u1eefng th\u00e0nh ph\u1ea7n t\u1eeb thi\u00ean nhi\u00ean an to\u00e0n, l\u00e0nh t\u00ednh nh\u01b0 cam th\u1ea3o, b\u1ea1c h\u00e0 \u00c2u, g\u1eebng, ngh\u1ec7,<\/span><span style=\"font-weight: 400;\">&#8230;s\u1ebd t\u1ea1o c\u1ea3m gi\u00e1c m\u00e1t l\u1ea1nh, gi\u00fap gi\u1ea3m nh\u1eb9 nh\u1eefng tri\u1ec7u ch\u1ee9ng \u0111au h\u1ecdng \u1edf ng\u01b0\u1eddi b\u1ec7nh, t\u1ea1o n\u00ean h\u01a1i th\u1edf th\u01a1m m\u00e1t d\u00e0i l\u00e2u.<\/span><\/p>\n<p><span style=\"font-weight: 400;\">&#8211; S\u1ea3n ph\u1ea9m c\u00f3 2 h\u01b0\u01a1ng v\u1ecb: cam v\u00e0 b\u1ea1c h\u00e0.<\/span><\/p>\n<h2><span class=\"ez-toc-section\" id=\"Thanh_phan_co_trong_vien_ngam_Dr_Coolers\"><\/span><b>Th\u00e0nh ph\u1ea7n c\u00f3 trong <\/b><b>vi\u00ean ng\u1eadm Dr. Coolers<\/b><span class=\"ez-toc-section-end\"><\/span><\/h2>\n<p><span style=\"font-weight: 400;\">Chi\u1ebft xu\u1ea5t Cam th\u1ea3o (Glycyrrhiza glabra)<\/span><span style=\"font-weight: 400;\">&#8230;&#8230;&#8230;&#8230;&#8230;&#8230;&#8230;&#8230;&#8230;&#8230;&#8230;&#8230;&#8230;&#8230;&#8230;..<\/span><span style=\"font-weight: 400;\">20 mg<\/span><\/p>\n<p><span style=\"font-weight: 400;\">B\u1ea1c h\u00e0 \u00c2u (Mentha piperata)<\/span><span style=\"font-weight: 400;\">&#8230;&#8230;&#8230;&#8230;&#8230;&#8230;&#8230;&#8230;&#8230;&#8230;&#8230;&#8230;&#8230;&#8230;&#8230;&#8230;&#8230;&#8230;&#8230;&#8230;&#8230;&#8230;.<\/span><span style=\"font-weight: 400;\">7 mg<\/span><\/p>\n<p><span style=\"font-weight: 400;\">Chi\u1ebft xu\u1ea5t Terminalia bellirica<\/span><span style=\"font-weight: 400;\">&#8230;&#8230;&#8230;&#8230;&#8230;&#8230;&#8230;&#8230;&#8230;&#8230;&#8230;&#8230;&#8230;&#8230;&#8230;&#8230;&#8230;&#8230;&#8230;&#8230;&#8230;&#8230;<\/span><span style=\"font-weight: 400;\">5 mg<\/span><\/p>\n<p><span style=\"font-weight: 400;\">Chi\u1ebft xu\u1ea5t <span style=\"color: #282828;\"><a style=\"color: #282828;\" href=\"https:\/\/suckhoedoisong.vn\/them-gung-vao-bua-an-hang-ngay-de-khong-bo-lo-7-loi-ich-suc-khoe-tuyet-voi-nay-169220223121708774.htm\" rel=\"nofollow noopener\" target=\"_blank\">G\u1eebng<\/a><\/span> (Zingiber offifcinale)<\/span><span style=\"font-weight: 400;\">&#8230;&#8230;&#8230;&#8230;&#8230;&#8230;&#8230;&#8230;&#8230;&#8230;&#8230;&#8230;&#8230;&#8230;&#8230;&#8230;&#8230;&#8230;<\/span><span style=\"font-weight: 400;\">5 mg<\/span><\/p>\n<p><span style=\"font-weight: 400;\">Chi\u1ebft xu\u1ea5t Ngh\u1ec7 (Curcuma longa)<\/span><span style=\"font-weight: 400;\">&#8230;&#8230;&#8230;&#8230;&#8230;&#8230;&#8230;&#8230;&#8230;&#8230;&#8230;&#8230;&#8230;&#8230;&#8230;&#8230;&#8230;&#8230;&#8230;..<\/span><span style=\"font-weight: 400;\">2 mg<\/span><\/p>\n<h2><span class=\"ez-toc-section\" id=\"Cong_dung_cua_vien_ngam_ho_Dr_Coolers\"><\/span><b>C\u00f4ng d\u1ee5ng c\u1ee7a vi\u00ean ng\u1eadm ho Dr. Coolers<\/b><span class=\"ez-toc-section-end\"><\/span><\/h2>\n<p><span style=\"font-weight: 400;\">H\u1ed7 tr\u1ee3 gi\u1ea3m ho, gi\u1ea3m \u0111au r\u00e1t h\u1ecdng, kh\u1ea3n ti\u1ebfng do ho k\u00e9o d\u00e0i, l\u00e0m th\u01a1m mi\u1ec7ng.<\/span><\/p>\n<h2><span class=\"ez-toc-section\" id=\"Doi_tuong_su_dung\"><\/span><b>\u0110\u1ed1i t\u01b0\u1ee3ng s\u1eed d\u1ee5ng<\/b><span class=\"ez-toc-section-end\"><\/span><\/h2>\n<ul>\n<li style=\"font-weight: 400;\" aria-level=\"1\"><span style=\"font-weight: 400;\">Ng\u01b0\u1eddi b\u1ecb ho, ho khan, ho c\u00f3 \u0111\u1eddm<\/span><\/li>\n<li style=\"font-weight: 400;\" aria-level=\"1\"><span style=\"font-weight: 400;\">Ng\u01b0\u1eddi b\u1ecb ho do vi\u00eam h\u1ecdng,\u00a0 vi\u00eam ph\u1ebf qu\u1ea3n g\u00e2y ra\u00a0<\/span><\/li>\n<li style=\"font-weight: 400;\" aria-level=\"1\"><span style=\"font-weight: 400;\">Ng\u01b0\u1eddi \u0111au r\u00e1t h\u1ecdng, kh\u1ea3n ti\u1ebfng do ho k\u00e9o d\u00e0i, m\u1ea5t ti\u1ebfng do thay \u0111\u1ed5i th\u1eddi ti\u1ebft, s\u1eed d\u1ee5ng m\u00e1y \u0111i\u1ec1u h\u00f2a, u\u1ed1ng nhi\u1ec1u n\u01b0\u1edbc \u0111\u00e1\u2026<\/span><\/li>\n<\/ul>\n<h2><span class=\"ez-toc-section\" id=\"Huong_dan_su_dung\"><\/span><b>H\u01b0\u1edbng d\u1eabn s\u1eed d\u1ee5ng<\/b><span class=\"ez-toc-section-end\"><\/span><\/h2>\n<p><span style=\"font-weight: 400;\">Ng\u01b0\u1eddi l\u1edbn ng\u1eadm m\u1ed7i l\u1ea7n 1-2 vi\u00ean, ng\u00e0y 3-4 l\u1ea7n.<\/span><\/p>\n<p><b>L\u01b0u \u00fd<\/b><span style=\"font-weight: 400;\">:<\/span><\/p>\n<p><span style=\"font-weight: 400;\">&#8211; S\u1ea3n ph\u1ea9m n\u00e0y kh\u00f4ng ph\u1ea3i l\u00e0 thu\u1ed1c v\u00e0 kh\u00f4ng c\u00f3 t\u00e1c d\u1ee5ng thay th\u1ebf thu\u1ed1c ch\u1eefa b\u1ec7nh.<\/span><\/p>\n<p><span style=\"font-weight: 400;\">&#8211; Kh\u00f4ng s\u1eed d\u1ee5ng cho ng\u01b0\u1eddi m\u1eabn c\u1ea3m v\u1edbi b\u1ea5t k\u1ef3 th\u00e0nh ph\u1ea7n n\u00e0o c\u1ee7a s\u1ea3n ph\u1ea9m.\u00a0<\/span><\/p>\n<h2><span class=\"ez-toc-section\" id=\"Cach_bao_quan\"><\/span><b>C\u00e1ch b\u1ea3o qu\u1ea3n<\/b><span class=\"ez-toc-section-end\"><\/span><\/h2>\n<ul>\n<li style=\"font-weight: 400;\" aria-level=\"1\"><span style=\"font-weight: 400;\">B\u1ea3o qu\u1ea3n s\u1ea3n ph\u1ea9m n\u01a1i kh\u00f4 r\u00e1o, tho\u00e1ng m\u00e1t. Tr\u00e1nh \u00e1nh n\u1eafng tr\u1ef1c ti\u1ebfp.\u00a0<\/span><\/li>\n<li style=\"font-weight: 400;\" aria-level=\"1\"><span style=\"font-weight: 400;\">\u0110\u1ec3 xa t\u1ea7m tay tr\u1ebb em.<\/span><\/li>\n<\/ul>\n<p><b>Th\u01b0\u01a1ng nh\u00e2n nh\u1eadp kh\u1ea9u v\u00e0 ch\u1ecbu tr\u00e1ch nhi\u1ec7m v\u1ec1 ch\u1ea5t l\u01b0\u1ee3ng s\u1ea3n ph\u1ea9m<\/b><span style=\"font-weight: 400;\">.<\/span><\/p>\n<ul>\n<li style=\"font-weight: 400;\" aria-level=\"1\"><span style=\"font-weight: 400;\">C\u00f4ng ty TNHH Th\u01b0\u01a1ng m\u1ea1i Nga Vi\u1ec7t.<\/span><\/li>\n<li style=\"font-weight: 400;\" aria-level=\"1\"><span style=\"font-weight: 400;\">\u0110\u1ecba ch\u1ec9: 644\/2 \u0110\u01b0\u1eddng 3\/2, Ph\u01b0\u1eddng 14, Qu\u1eadn 10, Th\u00e0nh ph\u1ed1 H\u1ed3 Ch\u00ed Minh.<\/span><\/li>\n<\/ul>\n<p><span style=\"font-weight: 400;\">S\u1ed1 \u0110KSP: 11245\/2019\/\u0110KSP<img decoding=\"async\" loading=\"lazy\" class=\"wp-image-2615 aligncenter\" src=\"https:\/\/ngaviet.com\/wp-content\/uploads\/2021\/10\/2019-Dr.-Coolers-cam-p1_page-0001.jpg\" alt=\"\" width=\"533\" height=\"1088\" \/><\/span><\/p>\n","protected":false},"excerpt":{"rendered":"<ul>\n<li style=\"font-weight: 400;\" aria-level=\"1\"><b>C\u00f4ng d\u1ee5ng<\/b><span style=\"font-weight: 400;\">: Gi\u1ea3m ho, vi\u00eam h\u1ecdng, r\u00e1t h\u1ecdng, kh\u1ea3n ti\u1ebfng, l\u00e0m th\u01a1m mi\u1ec7ng.<\/span><\/li>\n<li style=\"font-weight: 400;\" aria-level=\"1\"><b>Nh\u00e0 s\u1ea3n xu\u1ea5t<\/b><span style=\"font-weight: 400;\">: Leamak &#8211; India (\u1ea4n \u0110\u1ed9)<\/span><\/li>\n<li style=\"font-weight: 400;\" aria-level=\"1\"><b>Quy c\u00e1ch<\/b><span style=\"font-weight: 400;\">: H\u1ed9p 20 vi\u00ean ng\u1eadm (5 v\u1ec9 x 4 vi\u00ean). Th\u00f9ng 180 h\u1ed9p<\/span><\/li>\n<li style=\"font-weight: 400;\" aria-level=\"1\"><b>C\u00e1ch d\u00f9ng<\/b><span style=\"font-weight: 400;\">: Ng\u1eadm 1 vi\u00ean\/l\u1ea7n, ng\u00e0y 3-4 l\u1ea7n<\/span><\/li>\n<li style=\"font-weight: 400;\" aria-level=\"1\"><span style=\"color: #282828;\"><b style=\"font-size: 14.4px;\">H\u1ea1n d\u00f9ng<\/b><\/span><span style=\"font-weight: 400;\">: 3 n\u0103m k\u1ec3 t\u1eeb ng\u00e0y s\u1ea3n xu\u1ea5t<\/span><\/li>\n<\/ul>\n","protected":false},"featured_media":3511,"comment_status":"open","ping_status":"closed","template":"","meta":[],"product_cat":[15,59,60,30],"product_tag":[101],"_links":{"self":[{"href":"https:\/\/ngaviet.com\/vi\/wp-json\/wp\/v2\/product\/329"}],"collection":[{"href":"https:\/\/ngaviet.com\/vi\/wp-json\/wp\/v2\/product"}],"about":[{"href":"https:\/\/ngaviet.com\/vi\/wp-json\/wp\/v2\/types\/product"}],"replies":[{"embeddable":true,"href":"https:\/\/ngaviet.com\/vi\/wp-json\/wp\/v2\/comments?post=329"}],"wp:featuredmedia":[{"embeddable":true,"href":"https:\/\/ngaviet.com\/vi\/wp-json\/wp\/v2\/media\/3511"}],"wp:attachment":[{"href":"https:\/\/ngaviet.com\/vi\/wp-json\/wp\/v2\/media?parent=329"}],"wp:term":[{"taxonomy":"product_cat","embeddable":true,"href":"https:\/\/ngaviet.com\/vi\/wp-json\/wp\/v2\/product_cat?post=329"},{"taxonomy":"product_tag","embeddable":true,"href":"https:\/\/ngaviet.com\/vi\/wp-json\/wp\/v2\/product_tag?post=329"}],"curies":[{"name":"wp","href":"https:\/\/api.w.org\/{rel}","templated":true}]}}