{"id":3294,"date":"2022-10-28T16:47:38","date_gmt":"2022-10-28T09:47:38","guid":{"rendered":"https:\/\/ngaviet.com\/?post_type=product&#038;p=3294"},"modified":"2026-05-03T21:39:16","modified_gmt":"2026-05-03T14:39:16","slug":"temptcure-100","status":"publish","type":"product","link":"https:\/\/ngaviet.com\/vi\/temptcure-100\/","title":{"rendered":"Thu\u1ed1c temptcure 100 &#8211; \u0110i\u1ec1u tr\u1ecb r\u1ed1i lo\u1ea1n c\u01b0\u01a1ng d\u01b0\u01a1ng"},"content":{"rendered":"<p><span style=\"font-weight: 400;\"><div id=\"ez-toc-container\" class=\"ez-toc-v2_0_58 counter-hierarchy ez-toc-counter ez-toc-light-blue ez-toc-container-direction\">\n<div class=\"ez-toc-title-container\">\n<p class=\"ez-toc-title \" >M\u1ee5c l\u1ee5c<\/p>\n<span class=\"ez-toc-title-toggle\"><a href=\"#\" class=\"ez-toc-pull-right ez-toc-btn ez-toc-btn-xs ez-toc-btn-default ez-toc-toggle\" aria-label=\"Toggle Table of Content\" role=\"button\"><label for=\"item-69fe16060a5cc\" ><span class=\"\"><span class=\"eztoc-hide\" style=\"display:none;\">Toggle<\/span><span class=\"ez-toc-icon-toggle-span\"><svg style=\"fill: #999;color:#999\" xmlns=\"http:\/\/www.w3.org\/2000\/svg\" class=\"list-377408\" width=\"20px\" height=\"20px\" viewBox=\"0 0 24 24\" fill=\"none\"><path d=\"M6 6H4v2h2V6zm14 0H8v2h12V6zM4 11h2v2H4v-2zm16 0H8v2h12v-2zM4 16h2v2H4v-2zm16 0H8v2h12v-2z\" fill=\"currentColor\"><\/path><\/svg><svg style=\"fill: #999;color:#999\" class=\"arrow-unsorted-368013\" xmlns=\"http:\/\/www.w3.org\/2000\/svg\" width=\"10px\" height=\"10px\" viewBox=\"0 0 24 24\" version=\"1.2\" baseProfile=\"tiny\"><path d=\"M18.2 9.3l-6.2-6.3-6.2 6.3c-.2.2-.3.4-.3.7s.1.5.3.7c.2.2.4.3.7.3h11c.3 0 .5-.1.7-.3.2-.2.3-.5.3-.7s-.1-.5-.3-.7zM5.8 14.7l6.2 6.3 6.2-6.3c.2-.2.3-.5.3-.7s-.1-.5-.3-.7c-.2-.2-.4-.3-.7-.3h-11c-.3 0-.5.1-.7.3-.2.2-.3.5-.3.7s.1.5.3.7z\"\/><\/svg><\/span><\/span><\/label><input aria-label=\"Toggle\" aria-label=\"item-69fe16060a5cc\"  type=\"checkbox\" id=\"item-69fe16060a5cc\"><\/a><\/span><\/div>\n<nav><ul class='ez-toc-list ez-toc-list-level-1 eztoc-toggle-hide-by-default' ><li class='ez-toc-page-1 ez-toc-heading-level-2'><a class=\"ez-toc-link ez-toc-heading-1\" href=\"https:\/\/ngaviet.com\/vi\/temptcure-100\/#Temptcure_100_la_thuoc_gi\" title=\"Temptcure 100 l\u00e0 thu\u1ed1c g\u00ec?\">Temptcure 100 l\u00e0 thu\u1ed1c g\u00ec?<\/a><\/li><li class='ez-toc-page-1 ez-toc-heading-level-2'><a class=\"ez-toc-link ez-toc-heading-2\" href=\"https:\/\/ngaviet.com\/vi\/temptcure-100\/#Thanh_phan_co_trong_thuoc_temptcure_%E2%80%93_100\" title=\"Th\u00e0nh ph\u1ea7n c\u00f3 trong thu\u1ed1c temptcure &#8211; 100\">Th\u00e0nh ph\u1ea7n c\u00f3 trong thu\u1ed1c temptcure &#8211; 100<\/a><\/li><li class='ez-toc-page-1 ez-toc-heading-level-2'><a class=\"ez-toc-link ez-toc-heading-3\" href=\"https:\/\/ngaviet.com\/vi\/temptcure-100\/#Thuoc_temptcure_100_co_tac_dung_gi\" title=\"Thu\u1ed1c temptcure 100 c\u00f3 t\u00e1c d\u1ee5ng g\u00ec?\">Thu\u1ed1c temptcure 100 c\u00f3 t\u00e1c d\u1ee5ng g\u00ec?<\/a><ul class='ez-toc-list-level-3'><li class='ez-toc-heading-level-3'><a class=\"ez-toc-link ez-toc-heading-4\" href=\"https:\/\/ngaviet.com\/vi\/temptcure-100\/#Chi_dinh_dung_thuoc_temptcure-100\" title=\"Ch\u1ec9 \u0111\u1ecbnh d\u00f9ng thu\u1ed1c temptcure-100\">Ch\u1ec9 \u0111\u1ecbnh d\u00f9ng thu\u1ed1c temptcure-100<\/a><\/li><li class='ez-toc-page-1 ez-toc-heading-level-3'><a class=\"ez-toc-link ez-toc-heading-5\" href=\"https:\/\/ngaviet.com\/vi\/temptcure-100\/#Chong_chong_chi_dinh_dung_thuoc_temptcure_100\" title=\"Ch\u1ed1ng ch\u1ed1ng ch\u1ec9 \u0111\u1ecbnh d\u00f9ng thu\u1ed1c temptcure 100\">Ch\u1ed1ng ch\u1ed1ng ch\u1ec9 \u0111\u1ecbnh d\u00f9ng thu\u1ed1c temptcure 100<\/a><\/li><\/ul><\/li><li class='ez-toc-page-1 ez-toc-heading-level-2'><a class=\"ez-toc-link ez-toc-heading-6\" href=\"https:\/\/ngaviet.com\/vi\/temptcure-100\/#Temptcure_100_cach_dung\" title=\"Temptcure 100 c\u00e1ch d\u00f9ng\">Temptcure 100 c\u00e1ch d\u00f9ng<\/a><ul class='ez-toc-list-level-3'><li class='ez-toc-heading-level-3'><a class=\"ez-toc-link ez-toc-heading-7\" href=\"https:\/\/ngaviet.com\/vi\/temptcure-100\/#Cach_dung_thuoc_Temptcure_100\" title=\"C\u00e1ch d\u00f9ng thu\u1ed1c Temptcure 100\">C\u00e1ch d\u00f9ng thu\u1ed1c Temptcure 100<\/a><\/li><li class='ez-toc-page-1 ez-toc-heading-level-3'><a class=\"ez-toc-link ez-toc-heading-8\" href=\"https:\/\/ngaviet.com\/vi\/temptcure-100\/#Lieu_dung_Temptcure_100\" title=\"Li\u1ec1u d\u00f9ng Temptcure 100\">Li\u1ec1u d\u00f9ng Temptcure 100<\/a><\/li><\/ul><\/li><li class='ez-toc-page-1 ez-toc-heading-level-2'><a class=\"ez-toc-link ez-toc-heading-9\" href=\"https:\/\/ngaviet.com\/vi\/temptcure-100\/#Cach_bao_quan_temptcure-100\" title=\"C\u00e1ch b\u1ea3o qu\u1ea3n temptcure-100\">C\u00e1ch b\u1ea3o qu\u1ea3n temptcure-100<\/a><\/li><\/ul><\/nav><\/div>\n<\/span><\/p>\n<h2><span class=\"ez-toc-section\" id=\"Temptcure_100_la_thuoc_gi\"><\/span><b>Temptcure 100 l\u00e0 thu\u1ed1c g\u00ec?<\/b><span class=\"ez-toc-section-end\"><\/span><\/h2>\n<p><b>Temptcure 100<\/b><span style=\"font-weight: 400;\"> l\u00e0 lo\u1ea1i thu\u1ed1c b\u00e1n theo \u0111\u01a1n c\u00f3 c\u00f4ng d\u1ee5ng \u0111i\u1ec1u tr\u1ecb r\u1ed1i lo\u1ea1n c\u01b0\u01a1ng d\u01b0\u01a1ng, m\u1ed7i h\u1ed9p s\u1ebd c\u00f3 1 v\u1ec9\/4 vi\u00ean n\u00e9n bao phim.<\/span><\/p>\n<p><span style=\"font-weight: 400;\">Thu\u1ed1c temptcure &#8211; 100 \u0111\u01b0\u1ee3c s\u1ea3n xu\u1ea5t b\u1edfi c\u00f4ng ty Gracure Pharmaceuticals Ltd &#8211; \u1ea4n \u0110\u1ed9, trong th\u00e0nh ph\u1ea7n thu\u1ed1c c\u00f3 Sildenafil v\u1edbi h\u00e0m l\u01b0\u1ee3ng 100mg. Sildenafil l\u00e0 m\u1ed9t lo\u1ea1i d\u01b0\u1ee3c ch\u1ea5t \u0111\u01b0\u1ee3c s\u1eed d\u1ee5ng r\u1ed9ng r\u00e3i \u0111\u1ec3 b\u00e0o ch\u1ebf c\u00e1c d\u00f2ng thu\u1ed1c h\u1ed7 tr\u1ee3 \u0111i\u1ec1u tr\u1ecb r\u1ed1i lo\u1ea1n c\u01b0\u01a1ng d\u01b0\u01a1ng t\u1eeb nh\u1eb9 \u0111\u1ebfn n\u1eb7ng \u1edf nam gi\u1edbi.<\/span><\/p>\n<h2><span class=\"ez-toc-section\" id=\"Thanh_phan_co_trong_thuoc_temptcure_%E2%80%93_100\"><\/span><b>Th\u00e0nh ph\u1ea7n c\u00f3 trong thu\u1ed1c temptcure &#8211; 100<\/b><span class=\"ez-toc-section-end\"><\/span><\/h2>\n<p><span style=\"font-weight: 400;\">Sildenafil Citrate t\u01b0\u01a1ng \u0111\u01b0\u01a1ng v\u1edbi Sildenafil 100mg.<\/span><\/p>\n<h2><span class=\"ez-toc-section\" id=\"Thuoc_temptcure_100_co_tac_dung_gi\"><\/span><b>Thu\u1ed1c temptcure 100 c\u00f3 t\u00e1c d\u1ee5ng g\u00ec?<\/b><span class=\"ez-toc-section-end\"><\/span><\/h2>\n<h3><span class=\"ez-toc-section\" id=\"Chi_dinh_dung_thuoc_temptcure-100\"><\/span><b>Ch\u1ec9 \u0111\u1ecbnh d\u00f9ng thu\u1ed1c temptcure-100<\/b><span class=\"ez-toc-section-end\"><\/span><\/h3>\n<p><span style=\"font-weight: 400;\">Thu\u1ed1c Temptcure 100 \u0111\u01b0\u1ee3c ch\u1ec9 \u0111\u1ecbnh d\u00f9ng cho c\u00e1c tr\u01b0\u1eddng h\u1ee3p:<\/span><\/p>\n<ul>\n<li style=\"font-weight: 400;\" aria-level=\"1\"><span style=\"font-weight: 400;\">\u0110i\u1ec1u tr\u1ecb r\u1ed1i lo\u1ea1n c\u01b0\u01a1ng d\u01b0\u01a1ng \u1edf nam gi\u1edbi<\/span><\/li>\n<li style=\"font-weight: 400;\" aria-level=\"1\"><span style=\"font-weight: 400;\">C\u1ea3i thi\u1ec7n t\u00ecnh tr\u1ea1ng y\u1ebfu sinh l\u00fd, xu\u1ea5t tinh s\u1edbm,&#8230;<\/span><\/li>\n<\/ul>\n<h3><span class=\"ez-toc-section\" id=\"Chong_chong_chi_dinh_dung_thuoc_temptcure_100\"><\/span><b>Ch\u1ed1ng ch\u1ed1ng ch\u1ec9 \u0111\u1ecbnh d\u00f9ng thu\u1ed1c temptcure 100<\/b><span class=\"ez-toc-section-end\"><\/span><\/h3>\n<p><span style=\"font-weight: 400;\">Thu\u1ed1c Temptcure 100 kh\u00f4ng \u0111\u01b0\u1ee3c s\u1eed d\u1ee5ng cho m\u1ed9t s\u1ed1 tr\u01b0\u1eddng h\u1ee3p nh\u01b0:<\/span><\/p>\n<ul>\n<li style=\"font-weight: 400;\" aria-level=\"1\"><span style=\"font-weight: 400;\">Ng\u01b0\u1eddi m\u1eabn c\u1ea3m v\u1edbi b\u1ea5t k\u1ef3 th\u00e0nh ph\u1ea7n n\u00e0o c\u00f3 trong thu\u1ed1c<\/span><\/li>\n<li style=\"font-weight: 400;\" aria-level=\"1\"><span style=\"font-weight: 400;\">Ng\u01b0\u1eddi b\u1ec7nh \u0111ang s\u1eed d\u1ee5ng thu\u1ed1c c\u00f3 ch\u1ee9a th\u00e0nh ph\u1ea7n Oxit Nitric, Nitrat.<\/span><\/li>\n<li style=\"font-weight: 400;\" aria-level=\"1\"><span style=\"font-weight: 400;\">Ng\u01b0\u1eddi \u0111ang b\u1ecb suy tim n\u1eb7ng, co th\u1eaft l\u1ed3ng ng\u1ef1c khuy\u1ebfn c\u00e1o kh\u00f4ng n\u00ean quan h\u1ec7.<\/span><\/li>\n<li style=\"font-weight: 400;\" aria-level=\"1\"><span style=\"font-weight: 400;\">Ng\u01b0\u1eddi m\u1ea5t th\u1ecb l\u1ef1c do thi\u1ebfu m\u00e1u c\u1ee5c b\u1ed9 l\u00ean th\u1ea7n kinh th\u1ecb gi\u00e1c.<\/span><\/li>\n<li style=\"font-weight: 400;\" aria-level=\"1\"><span style=\"font-weight: 400;\">Kh\u00f4ng ch\u1ec9 \u0111\u1ecbnh s\u1eed d\u1ee5ng cho ng\u01b0\u1eddi d\u01b0\u1edbi 18 tu\u1ed5i.<\/span><\/li>\n<\/ul>\n<h2><span class=\"ez-toc-section\" id=\"Temptcure_100_cach_dung\"><\/span><b>Temptcure 100 c\u00e1ch d\u00f9ng<\/b><span class=\"ez-toc-section-end\"><\/span><\/h2>\n<h3><span class=\"ez-toc-section\" id=\"Cach_dung_thuoc_Temptcure_100\"><\/span><b>C\u00e1ch d\u00f9ng thu\u1ed1c Temptcure 100<\/b><span class=\"ez-toc-section-end\"><\/span><\/h3>\n<ul>\n<li style=\"font-weight: 400;\" aria-level=\"1\"><span style=\"font-weight: 400;\">Thu\u1ed1c temptcure-100 \u0111\u01b0\u1ee3c \u0111i\u1ec1u ch\u1ebf d\u1ea1ng vi\u00ean n\u00e9n bao phim do \u0111\u00f3 ng\u01b0\u1eddi d\u00f9ng s\u1eed d\u1ee5ng b\u1eb1ng c\u00e1ch u\u1ed1ng tr\u1ef1c ti\u1ebfp.\u00a0<\/span><\/li>\n<li style=\"font-weight: 400;\" aria-level=\"1\"><span style=\"font-weight: 400;\">\u0110\u1ec3 \u0111\u1ea1t \u0111\u01b0\u1ee3c hi\u1ec7u qu\u1ea3 t\u1ed1t nh\u1ea5t, khuy\u1ebfn kh\u00edch n\u00ean s\u1eed d\u1ee5ng thu\u1ed1c tr\u01b0\u1edbc khi quan h\u1ec7 t\u1eeb 1h.<\/span><\/li>\n<\/ul>\n<h3><span class=\"ez-toc-section\" id=\"Lieu_dung_Temptcure_100\"><\/span><b>Li\u1ec1u d\u00f9ng Temptcure 100<\/b><span class=\"ez-toc-section-end\"><\/span><\/h3>\n<p><span style=\"font-weight: 400;\">T\u00f9y v\u00e0o t\u1eebng th\u1ec3 tr\u1ea1ng v\u00e0 kh\u1ea3 n\u0103ng \u0111\u00e1p \u1ee9ng thu\u1ed1c c\u1ee7a t\u1eebng ng\u01b0\u1eddi m\u00e0 li\u1ec1u l\u01b0\u1ee3ng s\u1eed d\u1ee5ng s\u1ebd s\u1ef1 kh\u00e1c nhau.<\/span><\/p>\n<ul>\n<li style=\"font-weight: 400;\" aria-level=\"1\"><span style=\"font-weight: 400;\">Li\u1ec1u d\u00f9ng khuy\u1ebfn c\u00e1o: 25 -50mg\/l\u1ea7n, t\u1ed1i \u0111a 100mg\/l\u1ea7n\/ng\u00e0y<\/span><\/li>\n<li style=\"font-weight: 400;\" aria-level=\"1\"><span style=\"font-weight: 400;\">Ng\u01b0\u1eddi cao tu\u1ed5i (&gt;65 tu\u1ed5i) ho\u1eb7c suy th\u1eadn nh\u1eb9 v\u00e0 v\u1eeba: Kh\u00f4ng c\u1ea7n \u0111i\u1ec1u ch\u1ec9nh li\u1ec1u<\/span><\/li>\n<li style=\"font-weight: 400;\" aria-level=\"1\"><span style=\"font-weight: 400;\">Ng\u01b0\u1eddi suy th\u1eadn n\u1eb7ng, suy gan: 25mg\/l\u1ea7n\/ng\u00e0y ho\u1eb7c c\u00f3 th\u1ec3 t\u0103ng li\u1ec1u n\u1ebfu \u0111\u01b0\u1ee3c ch\u1ec9 \u0111\u1ecbnh.<\/span><\/li>\n<\/ul>\n<h2><span class=\"ez-toc-section\" id=\"Cach_bao_quan_temptcure-100\"><\/span><b>C\u00e1ch b\u1ea3o qu\u1ea3n temptcure-100<\/b><span class=\"ez-toc-section-end\"><\/span><\/h2>\n<p><span style=\"font-weight: 400;\">N\u01a1i kh\u00f4 r\u00e1o, tho\u00e1ng m\u00e1t, tr\u00e1nh \u00e1nh n\u1eafng tr\u1ef1c ti\u1ebfp.<\/span><\/p>\n<p><b>S\u1ea3n xu\u1ea5t b\u1edfi: <\/b><span style=\"font-weight: 400;\">C\u00f4ng ty Gracure Pharmaceuticals Ltd &#8211; \u1ea4n \u0110\u1ed9<\/span><\/p>\n<p><span style=\"font-weight: 400;\">E-1105, RIICO Industrial Area, Phase II, Bhiwadi, Alwar (Rajasthan), \u1ea4n \u0110\u1ed9.<\/span><\/p>\n<p><strong>N\u1ebfu b\u1ea1n quan t\u00e2m v\u1ec1 s\u1ea3n ph\u1ea9m c\u00f3 th\u1ec3 li\u00ean h\u1ec7 \u0111\u1eb7t mua h\u00e0ng th\u00f4ng qua<\/strong>:<\/p>\n<ul>\n<li>Hotline:\u00a0<strong>0933.248.096<\/strong><\/li>\n<li>Email:\u00a0<em><a href=\"mailto:cskh.ngaviet@gmail.com\">cskh.ngaviet@gmail.com<\/a><\/em><\/li>\n<li>Zalo OA:\u00a0<em><a href=\"https:\/\/zalo.me\/2042719656458438425?src=media\" target=\"_blank\" rel=\"noopener\">https:\/\/zalo.me\/2042719656458438425?src=media<\/a><\/em><\/li>\n<li>Fanpage Nga Vi\u1ec7t Pharma:\u00a0<em><a href=\"https:\/\/www.facebook.com\/ngavietpharma\" target=\"_blank\" rel=\"noopener\">https:\/\/www.facebook.com\/ngavietpharma<\/a><\/em><\/li>\n<\/ul>\n<blockquote><p>&gt; Ngu\u1ed3n th\u00f4ng tin tham kh\u1ea3o: <span style=\"color: #282828;\"><a style=\"color: #282828;\" href=\"https:\/\/www.vinmec.com\/vi\/thong-tin-duoc\/su-dung-thuoc-toan\/temptcure-100-la-thuoc-gi\/\" rel=\"nofollow noopener\" target=\"_blank\"><em>https:\/\/www.vinmec.com\/vi\/thong-tin-duoc\/su-dung-thuoc-toan\/temptcure-100-la-thuoc-gi\/<\/em><\/a><\/span><\/p><\/blockquote>\n<p>&nbsp;<\/p>\n","protected":false},"excerpt":{"rendered":"<ul>\n<li style=\"font-weight: 400;\" aria-level=\"1\"><b>C\u00f4ng d\u1ee5ng<\/b><span style=\"font-weight: 400;\">: \u0110i\u1ec1u tr\u1ecb r\u1ed1i lo\u1ea1n c\u01b0\u01a1ng d\u01b0\u01a1ng<\/span><\/li>\n<li style=\"font-weight: 400;\" aria-level=\"1\"><b>Nh\u00e0 s\u1ea3n xu\u1ea5t<\/b><span style=\"font-weight: 400;\">: \u1ea4n \u0110\u1ed9<\/span><\/li>\n<li style=\"font-weight: 400;\" aria-level=\"1\"><b>Quy c\u00e1ch<\/b><span style=\"font-weight: 400;\">:\u00a0 H\u1ed9p 4 vi\u00ean (1 v\u1ec9 x 4 vi\u00ean). Th\u00f9ng 200 h\u1ed9p<\/span><\/li>\n<li style=\"font-weight: 400;\" aria-level=\"1\"><b>C\u00e1ch d\u00f9ng<\/b><span style=\"font-weight: 400;\">: U\u1ed1ng 1 vi\u00ean tr\u01b0\u1edbc khi quan h\u1ec7 kho\u1ea3ng 1 gi\u1edd, t\u1ed1i \u0111a 1 l\u1ea7n m\u1ed7i ng\u00e0y<\/span><\/li>\n<li style=\"font-weight: 400;\" aria-level=\"1\"><b>H\u1ea1n d\u00f9ng<\/b><span style=\"font-weight: 400;\">: 3 n\u0103m k\u1ec3 t\u1eeb ng\u00e0y s\u1ea3n xu\u1ea5t<\/span><\/li>\n<\/ul>\n","protected":false},"featured_media":3691,"comment_status":"open","ping_status":"closed","template":"","meta":[],"product_cat":[15,59],"product_tag":[],"_links":{"self":[{"href":"https:\/\/ngaviet.com\/vi\/wp-json\/wp\/v2\/product\/3294"}],"collection":[{"href":"https:\/\/ngaviet.com\/vi\/wp-json\/wp\/v2\/product"}],"about":[{"href":"https:\/\/ngaviet.com\/vi\/wp-json\/wp\/v2\/types\/product"}],"replies":[{"embeddable":true,"href":"https:\/\/ngaviet.com\/vi\/wp-json\/wp\/v2\/comments?post=3294"}],"wp:featuredmedia":[{"embeddable":true,"href":"https:\/\/ngaviet.com\/vi\/wp-json\/wp\/v2\/media\/3691"}],"wp:attachment":[{"href":"https:\/\/ngaviet.com\/vi\/wp-json\/wp\/v2\/media?parent=3294"}],"wp:term":[{"taxonomy":"product_cat","embeddable":true,"href":"https:\/\/ngaviet.com\/vi\/wp-json\/wp\/v2\/product_cat?post=3294"},{"taxonomy":"product_tag","embeddable":true,"href":"https:\/\/ngaviet.com\/vi\/wp-json\/wp\/v2\/product_tag?post=3294"}],"curies":[{"name":"wp","href":"https:\/\/api.w.org\/{rel}","templated":true}]}}