{"id":3303,"date":"2022-10-28T16:58:14","date_gmt":"2022-10-28T09:58:14","guid":{"rendered":"https:\/\/ngaviet.com\/?post_type=product&#038;p=3303"},"modified":"2022-10-28T17:00:11","modified_gmt":"2022-10-28T10:00:11","slug":"thuoc-frentine","status":"publish","type":"product","link":"https:\/\/ngaviet.com\/vi\/thuoc-frentine\/","title":{"rendered":"Thu\u1ed1c Frentine &#8211; \u0110i\u1ec1u tr\u1ecb \u0111au l\u01b0ng, nh\u1ee9c m\u1ecfi x\u01b0\u01a1ng"},"content":{"rendered":"<p><span style=\"color: #555555; font-size: 14.4px;\"><div id=\"ez-toc-container\" class=\"ez-toc-v2_0_58 counter-hierarchy ez-toc-counter ez-toc-light-blue ez-toc-container-direction\">\n<div class=\"ez-toc-title-container\">\n<p class=\"ez-toc-title \" >M\u1ee5c l\u1ee5c<\/p>\n<span class=\"ez-toc-title-toggle\"><a href=\"#\" class=\"ez-toc-pull-right ez-toc-btn ez-toc-btn-xs ez-toc-btn-default ez-toc-toggle\" aria-label=\"Toggle Table of Content\" role=\"button\"><label for=\"item-69f647c3d00f6\" ><span class=\"\"><span class=\"eztoc-hide\" style=\"display:none;\">Toggle<\/span><span class=\"ez-toc-icon-toggle-span\"><svg style=\"fill: #999;color:#999\" xmlns=\"http:\/\/www.w3.org\/2000\/svg\" class=\"list-377408\" width=\"20px\" height=\"20px\" viewBox=\"0 0 24 24\" fill=\"none\"><path d=\"M6 6H4v2h2V6zm14 0H8v2h12V6zM4 11h2v2H4v-2zm16 0H8v2h12v-2zM4 16h2v2H4v-2zm16 0H8v2h12v-2z\" fill=\"currentColor\"><\/path><\/svg><svg style=\"fill: #999;color:#999\" class=\"arrow-unsorted-368013\" xmlns=\"http:\/\/www.w3.org\/2000\/svg\" width=\"10px\" height=\"10px\" viewBox=\"0 0 24 24\" version=\"1.2\" baseProfile=\"tiny\"><path d=\"M18.2 9.3l-6.2-6.3-6.2 6.3c-.2.2-.3.4-.3.7s.1.5.3.7c.2.2.4.3.7.3h11c.3 0 .5-.1.7-.3.2-.2.3-.5.3-.7s-.1-.5-.3-.7zM5.8 14.7l6.2 6.3 6.2-6.3c.2-.2.3-.5.3-.7s-.1-.5-.3-.7c-.2-.2-.4-.3-.7-.3h-11c-.3 0-.5.1-.7.3-.2.2-.3.5-.3.7s.1.5.3.7z\"\/><\/svg><\/span><\/span><\/label><input aria-label=\"Toggle\" aria-label=\"item-69f647c3d00f6\"  type=\"checkbox\" id=\"item-69f647c3d00f6\"><\/a><\/span><\/div>\n<nav><ul class='ez-toc-list ez-toc-list-level-1 eztoc-toggle-hide-by-default' ><li class='ez-toc-page-1 ez-toc-heading-level-2'><a class=\"ez-toc-link ez-toc-heading-1\" href=\"https:\/\/ngaviet.com\/vi\/thuoc-frentine\/#Thong_tin_ve_thuoc_Frentine\" title=\"Th\u00f4ng tin v\u1ec1 thu\u1ed1c Frentine\u00a0\">Th\u00f4ng tin v\u1ec1 thu\u1ed1c Frentine\u00a0<\/a><\/li><li class='ez-toc-page-1 ez-toc-heading-level-2'><a class=\"ez-toc-link ez-toc-heading-2\" href=\"https:\/\/ngaviet.com\/vi\/thuoc-frentine\/#Thanh_phan_co_trong_thuoc_Frentine\" title=\"Th\u00e0nh ph\u1ea7n c\u00f3 trong thu\u1ed1c Frentine\u00a0\">Th\u00e0nh ph\u1ea7n c\u00f3 trong thu\u1ed1c Frentine\u00a0<\/a><\/li><li class='ez-toc-page-1 ez-toc-heading-level-2'><a class=\"ez-toc-link ez-toc-heading-3\" href=\"https:\/\/ngaviet.com\/vi\/thuoc-frentine\/#Chi_dinh_va_chong_chi_dinh_dung_thuoc_Frentine\" title=\"Ch\u1ec9 \u0111\u1ecbnh v\u00e0 ch\u1ed1ng ch\u1ec9 \u0111\u1ecbnh d\u00f9ng thu\u1ed1c Frentine\">Ch\u1ec9 \u0111\u1ecbnh v\u00e0 ch\u1ed1ng ch\u1ec9 \u0111\u1ecbnh d\u00f9ng thu\u1ed1c Frentine<\/a><ul class='ez-toc-list-level-3'><li class='ez-toc-heading-level-3'><a class=\"ez-toc-link ez-toc-heading-4\" href=\"https:\/\/ngaviet.com\/vi\/thuoc-frentine\/#Chi_dinh_dung_thuoc_Frentine\" title=\"Ch\u1ec9 \u0111\u1ecbnh d\u00f9ng thu\u1ed1c Frentine\">Ch\u1ec9 \u0111\u1ecbnh d\u00f9ng thu\u1ed1c Frentine<\/a><\/li><li class='ez-toc-page-1 ez-toc-heading-level-3'><a class=\"ez-toc-link ez-toc-heading-5\" href=\"https:\/\/ngaviet.com\/vi\/thuoc-frentine\/#Chong_chi_dinh\" title=\"Ch\u1ed1ng ch\u1ec9 \u0111\u1ecbnh\u00a0\">Ch\u1ed1ng ch\u1ec9 \u0111\u1ecbnh\u00a0<\/a><\/li><\/ul><\/li><li class='ez-toc-page-1 ez-toc-heading-level-2'><a class=\"ez-toc-link ez-toc-heading-6\" href=\"https:\/\/ngaviet.com\/vi\/thuoc-frentine\/#Cach_dung\" title=\"C\u00e1ch d\u00f9ng:\">C\u00e1ch d\u00f9ng:<\/a><\/li><li class='ez-toc-page-1 ez-toc-heading-level-2'><a class=\"ez-toc-link ez-toc-heading-7\" href=\"https:\/\/ngaviet.com\/vi\/thuoc-frentine\/#Cach_bao_quan\" title=\"C\u00e1ch b\u1ea3o qu\u1ea3n:\u00a0\">C\u00e1ch b\u1ea3o qu\u1ea3n:\u00a0<\/a><\/li><\/ul><\/nav><\/div>\n<\/span><\/p>\n<h2><span class=\"ez-toc-section\" id=\"Thong_tin_ve_thuoc_Frentine\"><\/span><b>Th\u00f4ng tin v\u1ec1 thu\u1ed1c Frentine\u00a0<\/b><span class=\"ez-toc-section-end\"><\/span><\/h2>\n<p><span style=\"font-weight: 400;\">Frentine l\u00e0 d\u00f2ng thu\u1ed1c k\u00ea \u0111\u01a1n \u0111\u01b0\u1ee3c s\u1ea3n xu\u1ea5t b\u1edfi c\u00f4ng ty c\u1ed5 ph\u1ea7n d\u01b0\u1ee3c ph\u1ea9m Trung \u01af\u01a1ng 3, Vi\u1ec7t Nam. S\u1ea3n ph\u1ea9m c\u00f3 c\u00f4ng d\u1ee5ng \u0111i\u1ec1u tr\u1ecb \u0111au l\u01b0ng, t\u00ea th\u1ea5p, t\u00ea b\u00ec ch\u00e2n tay, vi\u00eam \u0111au d\u00e2y th\u1ea7n kinh t\u1ecda,&#8230;<\/span><\/p>\n<h2><span class=\"ez-toc-section\" id=\"Thanh_phan_co_trong_thuoc_Frentine\"><\/span><b>Th\u00e0nh ph\u1ea7n c\u00f3 trong thu\u1ed1c Frentine\u00a0<\/b><span class=\"ez-toc-section-end\"><\/span><\/h2>\n<p><span style=\"font-weight: 400;\">B\u1ed9t m\u00e3 ti\u1ec1n ch\u1ebf\u2026\u2026\u2026\u2026\u2026\u2026\u2026\u2026\u2026\u2026\u2026\u2026\u2026\u2026\u2026\u2026\u2026\u2026\u2026\u202650mg<\/span><\/p>\n<p><span style=\"font-weight: 400;\">(T\u01b0\u01a1ng \u0111\u01b0\u01a1ng: M\u00e3 ti\u1ec1n 50mg)<\/span><\/p>\n<p><span style=\"font-weight: 400;\">B\u1ed9t k\u00e9p h\u1ed7n h\u1ee3p d\u01b0\u1ee3c li\u1ec7u\u2026\u2026\u2026\u2026\u2026\u2026\u2026\u2026\u2026\u2026\u2026\u2026\u202650mg<\/span><\/p>\n<p><span style=\"font-weight: 400;\">(T\u01b0\u01a1ng \u0111\u01b0\u01a1ng: Th\u01b0\u01a1ng tru\u1eadt\u2026\u2026\u2026\u2026\u2026\u2026.\u2026\u2026\u2026\u2026\u202620mg<\/span><\/p>\n<p><span style=\"font-weight: 400;\">\u00a0\u00a0\u00a0\u00a0\u00a0\u00a0\u00a0\u00a0\u00a0\u00a0\u00a0\u00a0\u00a0\u00a0\u00a0\u00a0\u00a0\u00a0\u00a0\u00a0\u00a0\u00a0\u00a0\u00a0\u00a0\u00a0\u00a0H\u01b0\u01a1ng ph\u1ee5\u2026\u2026\u2026\u2026\u2026\u2026&#8230;\u2026\u2026\u2026\u2026\u2026.13mg<\/span><\/p>\n<p><span style=\"font-weight: 400;\">\u00a0\u00a0\u00a0\u00a0\u00a0\u00a0\u00a0\u00a0\u00a0\u00a0\u00a0\u00a0\u00a0\u00a0\u00a0\u00a0\u00a0\u00a0\u00a0\u00a0\u00a0\u00a0\u00a0\u00a0\u00a0\u00a0\u00a0M\u1ed9c h\u01b0\u01a1ng\u2026\u2026\u2026\u2026\u2026\u2026&#8230;\u2026\u2026\u2026\u2026\u2026.8mg<\/span><\/p>\n<p><span style=\"font-weight: 400;\">\u00a0\u00a0\u00a0\u00a0\u00a0\u00a0\u00a0\u00a0\u00a0\u00a0\u00a0\u00a0\u00a0\u00a0\u00a0\u00a0\u00a0\u00a0\u00a0\u00a0\u00a0\u00a0\u00a0\u00a0\u00a0\u00a0\u00a0\u0110\u1ecba li\u1ec1n\u2026\u2026\u2026\u2026\u2026\u2026\u2026\u2026&#8230;\u2026\u2026\u2026\u2026\u2026..6mg<\/span><\/p>\n<p><span style=\"font-weight: 400;\">\u00a0\u00a0\u00a0\u00a0\u00a0\u00a0\u00a0\u00a0\u00a0\u00a0\u00a0\u00a0\u00a0\u00a0\u00a0\u00a0\u00a0\u00a0\u00a0\u00a0\u00a0\u00a0\u00a0\u00a0\u00a0\u00a0\u00a0Qu\u1ebf chi\u2026\u2026\u2026\u2026\u2026\u2026\u2026\u2026&#8230;\u2026\u2026\u2026\u2026\u2026..3mg)<\/span><\/p>\n<h2><span class=\"ez-toc-section\" id=\"Chi_dinh_va_chong_chi_dinh_dung_thuoc_Frentine\"><\/span><b>Ch\u1ec9 \u0111\u1ecbnh v\u00e0 ch\u1ed1ng ch\u1ec9 \u0111\u1ecbnh d\u00f9ng thu\u1ed1c Frentine<\/b><span class=\"ez-toc-section-end\"><\/span><\/h2>\n<h3><span class=\"ez-toc-section\" id=\"Chi_dinh_dung_thuoc_Frentine\"><\/span><b>Ch\u1ec9 \u0111\u1ecbnh d\u00f9ng thu\u1ed1c <\/b><b>Frentine<\/b><span class=\"ez-toc-section-end\"><\/span><\/h3>\n<ul>\n<li style=\"font-weight: 400;\" aria-level=\"1\"><span style=\"font-weight: 400;\">Phong t\u00ea th\u1ea5p, g\u00e2y \u0111au nh\u1ee9c c\u00e1c kh\u1edbp ho\u1eb7c to\u00e0n th\u00e2n<\/span><\/li>\n<li style=\"font-weight: 400;\" aria-level=\"1\"><span style=\"font-weight: 400;\">Vi\u00eam \u0111au kh\u1edbp c\u1ea5p v\u00e0 m\u00e3n t\u00ednh k\u00e8m theo s\u01b0ng n\u00f3ng \u0111\u1ecf \u0111au<\/span><\/li>\n<li style=\"font-weight: 400;\" aria-level=\"1\"><span style=\"font-weight: 400;\">Vi\u00eam \u0111au d\u00e2y th\u1ea7n kinh t\u1ecda, vi\u00eam \u0111au d\u00e2y th\u1ea7n kinh li\u00ean s\u01b0\u1eddn v\u00e0 t\u00ea b\u00ec ch\u00e2n tay.<\/span><\/li>\n<\/ul>\n<h3><span class=\"ez-toc-section\" id=\"Chong_chi_dinh\"><\/span><b>Ch\u1ed1ng ch\u1ec9 \u0111\u1ecbnh\u00a0<\/b><span class=\"ez-toc-section-end\"><\/span><\/h3>\n<ul>\n<li style=\"font-weight: 400;\" aria-level=\"1\"><span style=\"font-weight: 400;\">M\u1eabn c\u1ea3m v\u1edbi th\u00e0nh ph\u1ea7n thu\u1ed1c<\/span><\/li>\n<li style=\"font-weight: 400;\" aria-level=\"1\"><span style=\"font-weight: 400;\">Ph\u1ee5 n\u1eef c\u00f3 thai v\u00e0 cho con b\u00fa, tr\u1ebb em d\u01b0\u1edbi 5 tu\u1ed5i<\/span><\/li>\n<li style=\"font-weight: 400;\" aria-level=\"1\"><span style=\"font-weight: 400;\">Ng\u01b0\u1eddi \u00e2m h\u01b0 huy\u1ebft nhi\u1ec7t.<\/span><\/li>\n<\/ul>\n<h2><span class=\"ez-toc-section\" id=\"Cach_dung\"><\/span><b>C\u00e1ch d\u00f9ng<\/b><span style=\"font-weight: 400;\">:<\/span><span class=\"ez-toc-section-end\"><\/span><\/h2>\n<p><span style=\"font-weight: 400;\">D\u00f9ng theo \u0111\u01b0\u1eddng u\u1ed1ng<\/span><\/p>\n<p><span style=\"font-weight: 400;\">Li\u1ec1u d\u00f9ng:\u00a0<\/span><\/p>\n<ul>\n<li style=\"font-weight: 400;\" aria-level=\"1\"><span style=\"font-weight: 400;\">Ng\u01b0\u1eddi l\u1edbn v\u00e0 tr\u1ebb em tr\u00ean 12 tu\u1ed5i: Ng\u00e0y u\u1ed1ng 4 vi\u00ean, chia 2 l\u1ea7n<\/span><\/li>\n<li style=\"font-weight: 400;\" aria-level=\"1\"><span style=\"font-weight: 400;\">Tr\u1ebb em t\u1eeb 5-12 tu\u1ed5i: Ng\u00e0y u\u1ed1ng 2 vi\u00ean, chia 2 l\u1ea7n.<\/span><\/li>\n<\/ul>\n<h2><span class=\"ez-toc-section\" id=\"Cach_bao_quan\"><\/span><b>C\u00e1ch b\u1ea3o qu\u1ea3n:\u00a0<\/b><span class=\"ez-toc-section-end\"><\/span><\/h2>\n<p><span style=\"font-weight: 400;\">N\u01a1i kh\u00f4 r\u00e1o, tho\u00e1ng m\u00e1t, nhi\u1ec7t \u0111\u1ed9 kh\u00f4ng qu\u00e1 30\u2103.<\/span><\/p>\n<p><b>Nh\u00e0 s\u1ea3n xu\u1ea5t: <\/b><span style=\"font-weight: 400;\">C\u00f4ng ty c\u1ed5 ph\u1ea7n d\u01b0\u1ee3c ph\u1ea9m Trung \u01af\u01a1ng 3, Vi\u1ec7t Nam.<\/span><\/p>\n<p><span style=\"font-weight: 400;\">&#8211; Nh\u00e0 m\u00e1y: S\u1ed1 28 &#8211; \u0110\u01b0\u1eddng 351 &#8211; Nam S\u01a1n &#8211; An D\u01b0\u01a1ng &#8211; H\u1ea3i Ph\u00f2ng<\/span><\/p>\n<p><span style=\"font-weight: 400;\">Ti\u00eau chu\u1ea9n th\u00e0nh ph\u1ea9m: TCSS\/45-14-031-Z3.<\/span><\/p>\n<p><img decoding=\"async\" loading=\"lazy\" class=\"wp-image-3304 aligncenter\" src=\"https:\/\/ngaviet.com\/wp-content\/uploads\/2022\/10\/Frentine.jpg\" alt=\"thu\u1ed1c frentine\" width=\"553\" height=\"779\" \/><\/p>\n","protected":false},"excerpt":{"rendered":"<ul>\n<li style=\"font-weight: 400;\" aria-level=\"1\"><b>C\u00f4ng d\u1ee5ng<\/b><span style=\"font-weight: 400;\">: \u0110i\u1ec1u tr\u1ecb b\u1ec7nh phong th\u1ea5p g\u00e2y \u0111au nh\u1ee9c, vi\u00eam \u0111au kh\u1edbp k\u00e8m s\u01b0ng \u0111\u1ecf, vi\u00eam \u0111au d\u00e2y th\u1ea7n kinh t\u1ecda, t\u00ea b\u00ec ch\u00e2n tay.<\/span><\/li>\n<li style=\"font-weight: 400;\" aria-level=\"1\"><b>Nh\u00e0 s\u1ea3n xu\u1ea5t<\/b><span style=\"font-weight: 400;\">: C\u00f4ng ty C\u1ed5 ph\u1ea7n d\u01b0\u1ee3c ph\u1ea9m TW3 &#8211; VN<\/span><\/li>\n<li style=\"font-weight: 400;\" aria-level=\"1\"><b>Quy c\u00e1ch<\/b><span style=\"font-weight: 400;\">: H\u1ed9p 1 chai 30 vi\u00ean nang c\u1ee9ng. Th\u00f9ng 120 h\u1ed9p.<br \/>\n<\/span><\/li>\n<li style=\"font-weight: 400;\" aria-level=\"1\"><b>C\u00e1ch d\u00f9ng<\/b><span style=\"font-weight: 400;\">: Ng\u01b0\u1eddi l\u1edbn, tr\u1ebb em &gt; 12 tu\u1ed5i: ng\u00e0y 4 vi\u00ean chia 2 l\u1ea7n. Tr\u1ebb 5-12 tu\u1ed5i: ng\u00e0y 2 vi\u00ean, chia 2 l\u1ea7n<\/span><\/li>\n<li style=\"font-weight: 400;\" aria-level=\"1\"><b>H\u1ea1n d\u00f9ng<\/b><span style=\"font-weight: 400;\">: 3 n\u0103m k\u1ec3 t\u1eeb ng\u00e0y s\u1ea3n xu\u1ea5t<\/span><\/li>\n<\/ul>\n","protected":false},"featured_media":3306,"comment_status":"open","ping_status":"closed","template":"","meta":[],"product_cat":[15,56],"product_tag":[],"_links":{"self":[{"href":"https:\/\/ngaviet.com\/vi\/wp-json\/wp\/v2\/product\/3303"}],"collection":[{"href":"https:\/\/ngaviet.com\/vi\/wp-json\/wp\/v2\/product"}],"about":[{"href":"https:\/\/ngaviet.com\/vi\/wp-json\/wp\/v2\/types\/product"}],"replies":[{"embeddable":true,"href":"https:\/\/ngaviet.com\/vi\/wp-json\/wp\/v2\/comments?post=3303"}],"wp:featuredmedia":[{"embeddable":true,"href":"https:\/\/ngaviet.com\/vi\/wp-json\/wp\/v2\/media\/3306"}],"wp:attachment":[{"href":"https:\/\/ngaviet.com\/vi\/wp-json\/wp\/v2\/media?parent=3303"}],"wp:term":[{"taxonomy":"product_cat","embeddable":true,"href":"https:\/\/ngaviet.com\/vi\/wp-json\/wp\/v2\/product_cat?post=3303"},{"taxonomy":"product_tag","embeddable":true,"href":"https:\/\/ngaviet.com\/vi\/wp-json\/wp\/v2\/product_tag?post=3303"}],"curies":[{"name":"wp","href":"https:\/\/api.w.org\/{rel}","templated":true}]}}