{"id":3370,"date":"2022-11-03T11:09:30","date_gmt":"2022-11-03T04:09:30","guid":{"rendered":"https:\/\/ngaviet.com\/?post_type=product&#038;p=3370"},"modified":"2022-11-09T11:10:51","modified_gmt":"2022-11-09T04:10:51","slug":"carbothiol","status":"publish","type":"product","link":"https:\/\/ngaviet.com\/vi\/carbothiol\/","title":{"rendered":"Siro ho ti\u00eau \u0111\u1eddm Carbothiol 2%"},"content":{"rendered":"<p><span style=\"font-weight: 400;\"><div id=\"ez-toc-container\" class=\"ez-toc-v2_0_58 counter-hierarchy ez-toc-counter ez-toc-light-blue ez-toc-container-direction\">\n<div class=\"ez-toc-title-container\">\n<p class=\"ez-toc-title \" >M\u1ee5c l\u1ee5c<\/p>\n<span class=\"ez-toc-title-toggle\"><a href=\"#\" class=\"ez-toc-pull-right ez-toc-btn ez-toc-btn-xs ez-toc-btn-default ez-toc-toggle\" aria-label=\"Toggle Table of Content\" role=\"button\"><label for=\"item-69de119b083c5\" ><span class=\"\"><span class=\"eztoc-hide\" style=\"display:none;\">Toggle<\/span><span class=\"ez-toc-icon-toggle-span\"><svg style=\"fill: #999;color:#999\" xmlns=\"http:\/\/www.w3.org\/2000\/svg\" class=\"list-377408\" width=\"20px\" height=\"20px\" viewBox=\"0 0 24 24\" fill=\"none\"><path d=\"M6 6H4v2h2V6zm14 0H8v2h12V6zM4 11h2v2H4v-2zm16 0H8v2h12v-2zM4 16h2v2H4v-2zm16 0H8v2h12v-2z\" fill=\"currentColor\"><\/path><\/svg><svg style=\"fill: #999;color:#999\" class=\"arrow-unsorted-368013\" xmlns=\"http:\/\/www.w3.org\/2000\/svg\" width=\"10px\" height=\"10px\" viewBox=\"0 0 24 24\" version=\"1.2\" baseProfile=\"tiny\"><path d=\"M18.2 9.3l-6.2-6.3-6.2 6.3c-.2.2-.3.4-.3.7s.1.5.3.7c.2.2.4.3.7.3h11c.3 0 .5-.1.7-.3.2-.2.3-.5.3-.7s-.1-.5-.3-.7zM5.8 14.7l6.2 6.3 6.2-6.3c.2-.2.3-.5.3-.7s-.1-.5-.3-.7c-.2-.2-.4-.3-.7-.3h-11c-.3 0-.5.1-.7.3-.2.2-.3.5-.3.7s.1.5.3.7z\"\/><\/svg><\/span><\/span><\/label><input aria-label=\"Toggle\" aria-label=\"item-69de119b083c5\"  type=\"checkbox\" id=\"item-69de119b083c5\"><\/a><\/span><\/div>\n<nav><ul class='ez-toc-list ez-toc-list-level-1 eztoc-toggle-hide-by-default' ><li class='ez-toc-page-1 ez-toc-heading-level-2'><a class=\"ez-toc-link ez-toc-heading-1\" href=\"https:\/\/ngaviet.com\/vi\/carbothiol\/#Thong_tin_ve_Siro_ho_tieu_dom_Carbothiol_2\" title=\"Th\u00f4ng tin v\u1ec1 Siro ho ti\u00eau \u0111\u1eddm Carbothiol 2%\">Th\u00f4ng tin v\u1ec1 Siro ho ti\u00eau \u0111\u1eddm Carbothiol 2%<\/a><\/li><li class='ez-toc-page-1 ez-toc-heading-level-2'><a class=\"ez-toc-link ez-toc-heading-2\" href=\"https:\/\/ngaviet.com\/vi\/carbothiol\/#Thanh_phan_cua_Siro_long_dom_Carbothiol_2\" title=\"Th\u00e0nh ph\u1ea7n c\u1ee7a Siro long \u0111\u1eddm Carbothiol 2%\">Th\u00e0nh ph\u1ea7n c\u1ee7a Siro long \u0111\u1eddm Carbothiol 2%<\/a><\/li><li class='ez-toc-page-1 ez-toc-heading-level-2'><a class=\"ez-toc-link ez-toc-heading-3\" href=\"https:\/\/ngaviet.com\/vi\/carbothiol\/#Cong_dung_cua_Siro_ho_Carbothiol_2\" title=\"C\u00f4ng d\u1ee5ng c\u1ee7a Siro ho Carbothiol 2%\">C\u00f4ng d\u1ee5ng c\u1ee7a Siro ho Carbothiol 2%<\/a><\/li><li class='ez-toc-page-1 ez-toc-heading-level-2'><a class=\"ez-toc-link ez-toc-heading-4\" href=\"https:\/\/ngaviet.com\/vi\/carbothiol\/#Cach_dung_siro_Carbothiol_2\" title=\"C\u00e1ch d\u00f9ng siro Carbothiol 2%\">C\u00e1ch d\u00f9ng siro Carbothiol 2%<\/a><\/li><li class='ez-toc-page-1 ez-toc-heading-level-2'><a class=\"ez-toc-link ez-toc-heading-5\" href=\"https:\/\/ngaviet.com\/vi\/carbothiol\/#Chi_dinh_va_chong_chi_dinh\" title=\"Ch\u1ec9 \u0111\u1ecbnh v\u00e0 ch\u1ed1ng ch\u1ec9 \u0111\u1ecbnh\">Ch\u1ec9 \u0111\u1ecbnh v\u00e0 ch\u1ed1ng ch\u1ec9 \u0111\u1ecbnh<\/a><ul class='ez-toc-list-level-3'><li class='ez-toc-heading-level-3'><a class=\"ez-toc-link ez-toc-heading-6\" href=\"https:\/\/ngaviet.com\/vi\/carbothiol\/#Chi_dinh\" title=\"Ch\u1ec9 \u0111\u1ecbnh\">Ch\u1ec9 \u0111\u1ecbnh<\/a><\/li><li class='ez-toc-page-1 ez-toc-heading-level-3'><a class=\"ez-toc-link ez-toc-heading-7\" href=\"https:\/\/ngaviet.com\/vi\/carbothiol\/#Chong_chi_dinh\" title=\"Ch\u1ed1ng ch\u1ec9 \u0111\u1ecbnh\">Ch\u1ed1ng ch\u1ec9 \u0111\u1ecbnh<\/a><\/li><\/ul><\/li><li class='ez-toc-page-1 ez-toc-heading-level-2'><a class=\"ez-toc-link ez-toc-heading-8\" href=\"https:\/\/ngaviet.com\/vi\/carbothiol\/#Than_trong_khi_dung_Carbothiol_2\" title=\"Th\u1eadn tr\u1ecdng khi d\u00f9ng Carbothiol 2%\">Th\u1eadn tr\u1ecdng khi d\u00f9ng Carbothiol 2%<\/a><\/li><li class='ez-toc-page-1 ez-toc-heading-level-2'><a class=\"ez-toc-link ez-toc-heading-9\" href=\"https:\/\/ngaviet.com\/vi\/carbothiol\/#Tac_dung_khong_mong_muon\" title=\"T\u00e1c d\u1ee5ng kh\u00f4ng mong mu\u1ed1n\">T\u00e1c d\u1ee5ng kh\u00f4ng mong mu\u1ed1n<\/a><\/li><li class='ez-toc-page-1 ez-toc-heading-level-2'><a class=\"ez-toc-link ez-toc-heading-10\" href=\"https:\/\/ngaviet.com\/vi\/carbothiol\/#Cach_bao_quan\" title=\"C\u00e1ch b\u1ea3o qu\u1ea3n\">C\u00e1ch b\u1ea3o qu\u1ea3n<\/a><\/li><\/ul><\/nav><\/div>\n<\/span><\/p>\n<h2><span class=\"ez-toc-section\" id=\"Thong_tin_ve_Siro_ho_tieu_dom_Carbothiol_2\"><\/span><b>Th\u00f4ng tin v\u1ec1 Siro ho ti\u00eau \u0111\u1eddm Carbothiol 2%<\/b><span class=\"ez-toc-section-end\"><\/span><\/h2>\n<p><span style=\"font-weight: 400;\">Siro Carbothiol 2% l\u00e0 s\u1ea3n ph\u1ea9m \u0111\u1ebfn t\u1eeb th\u01b0\u01a1ng hi\u1ec7u Dopharma c\u00f3 c\u00f4ng d\u1ee5ng gi\u00fap long \u0111\u1eddm, tan \u0111\u1eddm \u0111i\u1ec1u ch\u1ec9nh s\u1ef1 ti\u1ebft nh\u1ea7y \u0111\u01b0\u1ee3c s\u1eed d\u1ee5ng cho tr\u1ebb t\u1eeb 2-5 tu\u1ed5i ho\u1eb7c l\u1edbn h\u01a1n 5 tu\u1ed5i.<\/span><\/p>\n<p><span style=\"font-weight: 400;\">Th\u00e0nh ph\u1ea7n c\u00f3 trong siro ti\u00eau \u0111\u1eddm Carbothiol 2% l\u00e0 <span style=\"color: #282828;\"><a style=\"color: #282828;\" href=\"https:\/\/www.vinmec.com\/vi\/thong-tin-duoc\/su-dung-thuoc-toan\/cong-dung-cua-thuoc-carbocistein\/\" rel=\"nofollow noopener\" target=\"_blank\">carbocistein<\/a><\/span>, th\u00e0nh ph\u1ea7n n\u00e0y c\u00f3 t\u00e1c d\u1ee5ng \u0111i\u1ec1u h\u00f2a s\u1ef1 ti\u1ebft \u0111\u1eddm ki\u1ec3u tan \u0111\u1eddm. Thu\u1ed1c t\u00e1c \u0111\u1ed9ng tr\u00ean giai \u0111o\u1ea1n gel c\u1ee7a ch\u1ea5t nh\u1ea7y c\u00f3 l\u1ebd b\u1eb1ng c\u00e1ch c\u1eaft \u0111\u1ee9t c\u1ea7u n\u1ed1i disulfur c\u1ee7a c\u00e1c glycoprotein v\u00e0 do \u0111\u00f3 t\u1ea1o \u0111i\u1ec1u ki\u1ec7n cho s\u1ef1 kh\u1ea1c \u0111\u1eddm (\u0111\u1eb7c t\u00ednh d\u01b0\u1ee3c l\u1ef1c h\u1ecdc).<\/span><\/p>\n<h2><span class=\"ez-toc-section\" id=\"Thanh_phan_cua_Siro_long_dom_Carbothiol_2\"><\/span><b>Th\u00e0nh ph\u1ea7n c\u1ee7a Siro long \u0111\u1eddm Carbothiol 2%<\/b><span class=\"ez-toc-section-end\"><\/span><\/h2>\n<p><span style=\"font-weight: 400;\">Carbocistein\u2026\u2026\u2026\u2026\u2026\u2026\u2026..2,5g<\/span><\/p>\n<p><span style=\"font-weight: 400;\">\u0110\u01b0\u1eddng tr\u1eafng\u2026\u2026\u2026\u2026\u2026\u2026\u2026.87,5g<\/span><\/p>\n<p><span style=\"font-weight: 400;\">Nipagin\u2026\u2026\u2026\u2026\u2026\u2026\u2026\u2026\u2026..0,1875g<\/span><\/p>\n<p><span style=\"font-weight: 400;\">Ethanol 90\u2026\u2026\u2026\u2026\u2026\u2026\u2026\u2026.0,125ml<\/span><\/p>\n<p><span style=\"font-weight: 400;\">Natri hydroxyd 0,1N\u2026\u2026\u2026\u2026.2,5ml<\/span><\/p>\n<p><span style=\"font-weight: 400;\">Eosin\u2026\u2026\u2026\u2026\u2026\u2026\u2026\u2026\u2026\u2026..0,0125mg<\/span><\/p>\n<p><span style=\"font-weight: 400;\">N\u01b0\u1edbc c\u1ea5t v\u1eeba \u0111\u1ee7\u2026\u2026\u2026\u2026\u2026..125ml.<\/span><\/p>\n<h2><span class=\"ez-toc-section\" id=\"Cong_dung_cua_Siro_ho_Carbothiol_2\"><\/span><b>C\u00f4ng d\u1ee5ng c\u1ee7a Siro ho Carbothiol 2%<\/b><span class=\"ez-toc-section-end\"><\/span><\/h2>\n<ul>\n<li style=\"font-weight: 400;\" aria-level=\"1\"><span style=\"font-weight: 400;\">Long \u0111\u1eddm, gi\u1ea3m ho, gi\u1ea3m ti\u1ebft d\u1ecbch ph\u1ebf qu\u1ea3n, vi\u00eam m\u0169i h\u1ecdng.\u00a0<\/span><\/li>\n<li style=\"font-weight: 400;\" aria-level=\"1\"><span style=\"font-weight: 400;\">C\u1ea3i thi\u1ec7n t\u00ecnh tr\u1ea1ng ti\u1ebft d\u1ecbch ph\u1ebf qu\u1ea3n. Gi\u00fap d\u1ec5 ho kh\u1ea1c<\/span><\/li>\n<\/ul>\n<h2><span class=\"ez-toc-section\" id=\"Cach_dung_siro_Carbothiol_2\"><\/span><b>C\u00e1ch d\u00f9ng siro Carbothiol 2%<\/b><span class=\"ez-toc-section-end\"><\/span><\/h2>\n<ul>\n<li style=\"font-weight: 400;\" aria-level=\"1\"><span style=\"font-weight: 400;\">Tr\u1ebb 2-5 tu\u1ed5i: 1 th\u00eca c\u00e0 ph\u00ea (5ml) x 2 l\u1ea7n\/ng\u00e0y<\/span><\/li>\n<li style=\"font-weight: 400;\" aria-level=\"1\"><span style=\"font-weight: 400;\">Tr\u1ebb em &gt;5 tu\u1ed5i: 1 th\u00eca c\u00e0 ph\u00ea (5ml) x 3 l\u1ea7n\/ng\u00e0y.<\/span><\/li>\n<\/ul>\n<p><b>L\u01b0u \u00fd<\/b><span style=\"font-weight: 400;\">:<\/span><\/p>\n<ul>\n<li style=\"font-weight: 400;\" aria-level=\"1\"><span style=\"font-weight: 400;\">\u0110\u1ee3t \u0111i\u1ec1u tr\u1ecb kh\u00f4ng qu\u00e1 8 &#8211; 10 ng\u00e0y.<\/span><\/li>\n<li style=\"font-weight: 400;\" aria-level=\"1\"><span style=\"font-weight: 400;\">Tr\u01b0\u1eddng h\u1ee3p \u0111i\u1ec1u tr\u1ecb k\u00e9o d\u00e0i ph\u1ea3i c\u00f3 ch\u1ec9 \u0111\u1ecbnh c\u1ee7a b\u00e1c s\u0129 ho\u1eb7c d\u01b0\u1ee3c s\u0129 k\u00ea thu\u1ed1c.<\/span><\/li>\n<\/ul>\n<h2><span class=\"ez-toc-section\" id=\"Chi_dinh_va_chong_chi_dinh\"><\/span><b>Ch\u1ec9 \u0111\u1ecbnh v\u00e0 ch\u1ed1ng ch\u1ec9 \u0111\u1ecbnh<\/b><span class=\"ez-toc-section-end\"><\/span><\/h2>\n<h3><span class=\"ez-toc-section\" id=\"Chi_dinh\"><\/span><b>Ch\u1ec9 \u0111\u1ecbnh<\/b><span class=\"ez-toc-section-end\"><\/span><\/h3>\n<p><span style=\"font-weight: 400;\">Ch\u1ec9 \u0111\u1ecbnh \u0111i\u1ec1u tr\u1ecb nh\u1eefng r\u1ed1i lo\u1ea1n c\u1ea5p v\u00e0 m\u1ea1n \u0111\u01b0\u1eddng h\u00f4 h\u1ea5p tr\u00ean v\u00e0 d\u01b0\u1edbi k\u00e8m theo ti\u1ebft nhi\u1ec1u \u0111\u1eddm nh\u01b0 vi\u00eam m\u0169i, vi\u00eam xoang, vi\u00eam ph\u1ebf qu\u1ea3n c\u1ea5p v\u00e0 m\u1ea1n, kh\u00ed qu\u1ea3n th\u0169ng v\u00e0 gi\u00e3n ph\u1ebf qu\u1ea3n.<\/span><\/p>\n<h3><span class=\"ez-toc-section\" id=\"Chong_chi_dinh\"><\/span><b>Ch\u1ed1ng ch\u1ec9 \u0111\u1ecbnh<\/b><span class=\"ez-toc-section-end\"><\/span><\/h3>\n<ul>\n<li style=\"font-weight: 400;\" aria-level=\"1\"><span style=\"font-weight: 400;\">C\u00f3 ti\u1ec1n s\u1eed qu\u00e1 m\u1eabn c\u1ea3m v\u1edbi c\u00e1c th\u00e0nh ph\u1ea7n c\u1ee7a thu\u1ed1c<\/span><\/li>\n<li style=\"font-weight: 400;\" aria-level=\"1\"><span style=\"font-weight: 400;\">B\u1ec7nh nh\u00e2n lo\u00e9t d\u1ea1 d\u00e0y, t\u00e1 tr\u00e0ng ti\u1ebfn tri\u1ec3n<\/span><\/li>\n<li style=\"font-weight: 400;\" aria-level=\"1\"><span style=\"font-weight: 400;\">Tr\u1ebb em d\u01b0\u1edbi 2 tu\u1ed5i.<\/span><\/li>\n<\/ul>\n<h2><span class=\"ez-toc-section\" id=\"Than_trong_khi_dung_Carbothiol_2\"><\/span><b>Th\u1eadn tr\u1ecdng khi d\u00f9ng Carbothiol 2%<\/b><span class=\"ez-toc-section-end\"><\/span><\/h2>\n<ul>\n<li style=\"font-weight: 400;\" aria-level=\"1\"><span style=\"font-weight: 400;\">C\u1ea9n tr\u1ecdng \u1edf nh\u1eefng b\u1ec7nh nh\u00e2n c\u00f3 b\u1ec7nh ti\u1ec3u s\u1eed b\u1ecb lo\u00e9t d\u1ea1 d\u00e0y, t\u00e1 tr\u00e0ng<\/span><\/li>\n<li style=\"font-weight: 400;\" aria-level=\"1\"><span style=\"font-weight: 400;\">Tr\u01b0\u1eddng h\u1ee3p b\u1ec7nh nh\u00e2n b\u1ecb ti\u1ec3u \u0111\u01b0\u1eddng ho\u1eb7c \u0111ang c\u00f3 ch\u1ebf \u0111\u1ed9 \u0103n gi\u1ea3m \u0111\u01b0\u1eddng c\u1ea7n t\u00ednh to\u00e1n l\u01b0\u1ee3ng saccharose \u0111\u01b0a v\u00e0o.<\/span><\/li>\n<\/ul>\n<h2><span class=\"ez-toc-section\" id=\"Tac_dung_khong_mong_muon\"><\/span><b>T\u00e1c d\u1ee5ng kh\u00f4ng mong mu\u1ed1n<\/b><span class=\"ez-toc-section-end\"><\/span><\/h2>\n<ul>\n<li style=\"font-weight: 400;\" aria-level=\"1\"><span style=\"font-weight: 400;\">C\u00f3 th\u1ec3 x\u1ea3y ra hi\u1ec7n t\u01b0\u1ee3ng kh\u00f4ng dung n\u1ea1p \u0111\u01b0\u1eddng ti\u00eau h\u00f3a: \u0111au d\u1ea1 d\u00e0y, bu\u1ed3n n\u00f4n, ti\u00eau ch\u1ea3y, trong tr\u01b0\u1eddng h\u1ee3p n\u00e0y c\u1ea7n gi\u1ea3m li\u1ec1u<\/span><\/li>\n<li style=\"font-weight: 400;\" aria-level=\"1\"><span style=\"font-weight: 400;\">Th\u00f4ng b\u00e1o ngay cho b\u00e1c s\u0129 nh\u1eefng t\u00e1c d\u1ee5ng kh\u00f4ng mong mu\u1ed1n g\u1eb7p ph\u1ea3i khi s\u1eed d\u1ee5ng thu\u1ed1c.<\/span><\/li>\n<\/ul>\n<h2><span class=\"ez-toc-section\" id=\"Cach_bao_quan\"><\/span><b>C\u00e1ch b\u1ea3o qu\u1ea3n<\/b><span class=\"ez-toc-section-end\"><\/span><\/h2>\n<p><span style=\"font-weight: 400;\">N\u01a1i kh\u00f4 r\u00e1o, tho\u00e1ng m\u00e1t, tr\u00e1nh \u00e1nh n\u1eafng tr\u1ef1c ti\u1ebfp, nhi\u1ec7t \u0111\u1ed9 d\u01b0\u1edbi 30\u2103.<\/span><\/p>\n<p><span style=\"font-weight: 400;\">Ti\u00eau chu\u1ea9n: TCSS.<\/span><\/p>\n<p><b>S\u1ea3n xu\u1ea5t t\u1ea1i: C\u00f4ng ty CP d\u01b0\u1ee3c ph\u1ea9m Trung \u01af\u01a1ng 2<\/b><\/p>\n<p><span style=\"font-weight: 400;\">&#8211; \u0110\u1ecba ch\u1ec9: L\u00f4 27, KCN Quang Minh, M\u00ea Linh, H\u00e0 N\u1ed9i.<\/span><\/p>\n<p>N\u1ebfu b\u1ea1n quan t\u00e2m v\u1ec1 s\u1ea3n ph\u1ea9m c\u00f3 th\u1ec3 li\u00ean h\u1ec7 \u0111\u1eb7t mua h\u00e0ng t\u1ea1i Nga Vi\u1ec7t Pharma th\u00f4ng qua:<\/p>\n<ul>\n<li><em>Hotline: 0933.248.096<\/em><\/li>\n<li><em>Email:\u00a0<a href=\"mailto:cskh.ngaviet@gmail.com\">cskh.ngaviet@gmail.com<\/a><\/em><\/li>\n<li><em>Zalo OA:\u00a0<a href=\"https:\/\/zalo.me\/2042719656458438425?src=media\" target=\"_blank\" rel=\"noopener\">https:\/\/zalo.me\/2042719656458438425?src=media<\/a><\/em><\/li>\n<li><em>Fanpage Nga Vi\u1ec7t Pharma:\u00a0<a href=\"https:\/\/www.facebook.com\/ngavietpharma\" target=\"_blank\" rel=\"noopener\">https:\/\/www.facebook.com\/ngavietpharma<\/a><\/em><\/li>\n<\/ul>\n","protected":false},"excerpt":{"rendered":"<ul>\n<li style=\"font-weight: 400;\" aria-level=\"1\"><b>C\u00f4ng d\u1ee5ng<\/b><span style=\"font-weight: 400;\">: Long \u0111\u1eddm, gi\u1ea3m ho, gi\u1ea3m ti\u1ebft d\u1ecbch ph\u1ebf qu\u1ea3n, vi\u00eam m\u0169i h\u1ecdng<\/span><\/li>\n<li style=\"font-weight: 400;\" aria-level=\"1\"><b>Nh\u00e0 s\u1ea3n xu\u1ea5t<\/b><span style=\"font-weight: 400;\">: D\u01b0\u1ee3c ph\u1ea9m TW2 &#8211; VN<\/span><\/li>\n<li style=\"font-weight: 400;\" aria-level=\"1\"><b>Quy c\u00e1ch<\/b><span style=\"font-weight: 400;\">: H\u1ed9p 1 chai 125ml. Th\u00f9ng 28 chai<\/span><\/li>\n<li style=\"font-weight: 400;\" aria-level=\"1\"><b>C\u00e1ch d\u00f9ng<\/b><span style=\"font-weight: 400;\">: Xem chi ti\u1ebft d\u01b0\u1edbi ph\u1ea7n m\u00f4 t\u1ea3<\/span><\/li>\n<li style=\"font-weight: 400;\" aria-level=\"1\"><b>H\u1ea1n d\u00f9ng<\/b><span style=\"font-weight: 400;\">: 3 n\u0103m k\u1ec3 t\u1eeb ng\u00e0y s\u1ea3n xu\u1ea5t.<\/span><\/li>\n<\/ul>\n","protected":false},"featured_media":3371,"comment_status":"open","ping_status":"closed","template":"","meta":[],"product_cat":[15,60],"product_tag":[],"_links":{"self":[{"href":"https:\/\/ngaviet.com\/vi\/wp-json\/wp\/v2\/product\/3370"}],"collection":[{"href":"https:\/\/ngaviet.com\/vi\/wp-json\/wp\/v2\/product"}],"about":[{"href":"https:\/\/ngaviet.com\/vi\/wp-json\/wp\/v2\/types\/product"}],"replies":[{"embeddable":true,"href":"https:\/\/ngaviet.com\/vi\/wp-json\/wp\/v2\/comments?post=3370"}],"wp:featuredmedia":[{"embeddable":true,"href":"https:\/\/ngaviet.com\/vi\/wp-json\/wp\/v2\/media\/3371"}],"wp:attachment":[{"href":"https:\/\/ngaviet.com\/vi\/wp-json\/wp\/v2\/media?parent=3370"}],"wp:term":[{"taxonomy":"product_cat","embeddable":true,"href":"https:\/\/ngaviet.com\/vi\/wp-json\/wp\/v2\/product_cat?post=3370"},{"taxonomy":"product_tag","embeddable":true,"href":"https:\/\/ngaviet.com\/vi\/wp-json\/wp\/v2\/product_tag?post=3370"}],"curies":[{"name":"wp","href":"https:\/\/api.w.org\/{rel}","templated":true}]}}