{"id":3384,"date":"2022-11-03T11:43:18","date_gmt":"2022-11-03T04:43:18","guid":{"rendered":"https:\/\/ngaviet.com\/?post_type=product&#038;p=3384"},"modified":"2026-05-03T21:39:44","modified_gmt":"2026-05-03T14:39:44","slug":"thuoc-tranh-thai-khan-cap-amariston","status":"publish","type":"product","link":"https:\/\/ngaviet.com\/vi\/thuoc-tranh-thai-khan-cap-amariston\/","title":{"rendered":"Thu\u1ed1c tr\u00e1nh thai kh\u1ea9n c\u1ea5p Amariston (hi\u1ec7u qu\u1ea3 trong 120h)"},"content":{"rendered":"<p><span style=\"font-weight: 400;\"><div id=\"ez-toc-container\" class=\"ez-toc-v2_0_58 counter-hierarchy ez-toc-counter ez-toc-light-blue ez-toc-container-direction\">\n<div class=\"ez-toc-title-container\">\n<p class=\"ez-toc-title \" >M\u1ee5c l\u1ee5c<\/p>\n<span class=\"ez-toc-title-toggle\"><a href=\"#\" class=\"ez-toc-pull-right ez-toc-btn ez-toc-btn-xs ez-toc-btn-default ez-toc-toggle\" aria-label=\"Toggle Table of Content\" role=\"button\"><label for=\"item-69fd447503a99\" ><span class=\"\"><span class=\"eztoc-hide\" style=\"display:none;\">Toggle<\/span><span class=\"ez-toc-icon-toggle-span\"><svg style=\"fill: #999;color:#999\" xmlns=\"http:\/\/www.w3.org\/2000\/svg\" class=\"list-377408\" width=\"20px\" height=\"20px\" viewBox=\"0 0 24 24\" fill=\"none\"><path d=\"M6 6H4v2h2V6zm14 0H8v2h12V6zM4 11h2v2H4v-2zm16 0H8v2h12v-2zM4 16h2v2H4v-2zm16 0H8v2h12v-2z\" fill=\"currentColor\"><\/path><\/svg><svg style=\"fill: #999;color:#999\" class=\"arrow-unsorted-368013\" xmlns=\"http:\/\/www.w3.org\/2000\/svg\" width=\"10px\" height=\"10px\" viewBox=\"0 0 24 24\" version=\"1.2\" baseProfile=\"tiny\"><path d=\"M18.2 9.3l-6.2-6.3-6.2 6.3c-.2.2-.3.4-.3.7s.1.5.3.7c.2.2.4.3.7.3h11c.3 0 .5-.1.7-.3.2-.2.3-.5.3-.7s-.1-.5-.3-.7zM5.8 14.7l6.2 6.3 6.2-6.3c.2-.2.3-.5.3-.7s-.1-.5-.3-.7c-.2-.2-.4-.3-.7-.3h-11c-.3 0-.5.1-.7.3-.2.2-.3.5-.3.7s.1.5.3.7z\"\/><\/svg><\/span><\/span><\/label><input aria-label=\"Toggle\" aria-label=\"item-69fd447503a99\"  type=\"checkbox\" id=\"item-69fd447503a99\"><\/a><\/span><\/div>\n<nav><ul class='ez-toc-list ez-toc-list-level-1 eztoc-toggle-hide-by-default' ><li class='ez-toc-page-1 ez-toc-heading-level-2'><a class=\"ez-toc-link ez-toc-heading-1\" href=\"https:\/\/ngaviet.com\/vi\/thuoc-tranh-thai-khan-cap-amariston\/#Amariston_la_thuoc_gi\" title=\"Amariston l\u00e0 thu\u1ed1c g\u00ec?\">Amariston l\u00e0 thu\u1ed1c g\u00ec?<\/a><\/li><li class='ez-toc-page-1 ez-toc-heading-level-2'><a class=\"ez-toc-link ez-toc-heading-2\" href=\"https:\/\/ngaviet.com\/vi\/thuoc-tranh-thai-khan-cap-amariston\/#Thanh_phan_thuoc_tranh_thai_khan_cap_Amariston\" title=\"Th\u00e0nh ph\u1ea7n thu\u1ed1c tr\u00e1nh thai kh\u1ea9n c\u1ea5p Amariston\">Th\u00e0nh ph\u1ea7n thu\u1ed1c tr\u00e1nh thai kh\u1ea9n c\u1ea5p Amariston<\/a><\/li><li class='ez-toc-page-1 ez-toc-heading-level-2'><a class=\"ez-toc-link ez-toc-heading-3\" href=\"https:\/\/ngaviet.com\/vi\/thuoc-tranh-thai-khan-cap-amariston\/#Cach_dung_thuoc_tranh_thai_khan_cap_120h_Amariston\" title=\"C\u00e1ch d\u00f9ng thu\u1ed1c tr\u00e1nh thai kh\u1ea9n c\u1ea5p 120h Amariston\">C\u00e1ch d\u00f9ng thu\u1ed1c tr\u00e1nh thai kh\u1ea9n c\u1ea5p 120h Amariston<\/a><\/li><li class='ez-toc-page-1 ez-toc-heading-level-2'><a class=\"ez-toc-link ez-toc-heading-4\" href=\"https:\/\/ngaviet.com\/vi\/thuoc-tranh-thai-khan-cap-amariston\/#Nhung_truong_hop_duoc_dung_thuoc_Amariston\" title=\"Nh\u1eefng tr\u01b0\u1eddng h\u1ee3p \u0111\u01b0\u1ee3c d\u00f9ng thu\u1ed1c Amariston?\">Nh\u1eefng tr\u01b0\u1eddng h\u1ee3p \u0111\u01b0\u1ee3c d\u00f9ng thu\u1ed1c Amariston?<\/a><\/li><li class='ez-toc-page-1 ez-toc-heading-level-2'><a class=\"ez-toc-link ez-toc-heading-5\" href=\"https:\/\/ngaviet.com\/vi\/thuoc-tranh-thai-khan-cap-amariston\/#Can_bao_va_than_trong_khi_dung_thuoc_Amariston\" title=\"C\u1ea9n b\u00e1o v\u00e0 th\u1eadn tr\u1ecdng khi d\u00f9ng thu\u1ed1c Amariston\">C\u1ea9n b\u00e1o v\u00e0 th\u1eadn tr\u1ecdng khi d\u00f9ng thu\u1ed1c Amariston<\/a><\/li><li class='ez-toc-page-1 ez-toc-heading-level-2'><a class=\"ez-toc-link ez-toc-heading-6\" href=\"https:\/\/ngaviet.com\/vi\/thuoc-tranh-thai-khan-cap-amariston\/#Chong_chi_dinh_dung_thuoc_tranh_thai_120h_Amariston\" title=\"Ch\u1ed1ng ch\u1ec9 \u0111\u1ecbnh d\u00f9ng thu\u1ed1c tr\u00e1nh thai 120h Amariston\">Ch\u1ed1ng ch\u1ec9 \u0111\u1ecbnh d\u00f9ng thu\u1ed1c tr\u00e1nh thai 120h Amariston<\/a><\/li><li class='ez-toc-page-1 ez-toc-heading-level-2'><a class=\"ez-toc-link ez-toc-heading-7\" href=\"https:\/\/ngaviet.com\/vi\/thuoc-tranh-thai-khan-cap-amariston\/#Dung_thuoc_ngua_thai_Amariston_co_hieu_qua_khong\" title=\"D\u00f9ng thu\u1ed1c ng\u1eeba thai Amariston c\u00f3 hi\u1ec7u qu\u1ea3 kh\u00f4ng?\">D\u00f9ng thu\u1ed1c ng\u1eeba thai Amariston c\u00f3 hi\u1ec7u qu\u1ea3 kh\u00f4ng?<\/a><\/li><li class='ez-toc-page-1 ez-toc-heading-level-2'><a class=\"ez-toc-link ez-toc-heading-8\" href=\"https:\/\/ngaviet.com\/vi\/thuoc-tranh-thai-khan-cap-amariston\/#Amariston_cho_con_bu_uong_duoc_khong\" title=\"Amariston cho con b\u00fa u\u1ed1ng \u0111\u01b0\u1ee3c kh\u00f4ng?\">Amariston cho con b\u00fa u\u1ed1ng \u0111\u01b0\u1ee3c kh\u00f4ng?<\/a><\/li><li class='ez-toc-page-1 ez-toc-heading-level-2'><a class=\"ez-toc-link ez-toc-heading-9\" href=\"https:\/\/ngaviet.com\/vi\/thuoc-tranh-thai-khan-cap-amariston\/#Phu_nu_mang_thai_lo_dung_thuoc_Amariston_co_sao_khong\" title=\"Ph\u1ee5 n\u1eef mang thai l\u1ee1 d\u00f9ng thu\u1ed1c Amariston c\u00f3 sao kh\u00f4ng?\">Ph\u1ee5 n\u1eef mang thai l\u1ee1 d\u00f9ng thu\u1ed1c Amariston c\u00f3 sao kh\u00f4ng?<\/a><\/li><\/ul><\/nav><\/div>\n<\/span><\/p>\n<h2><span class=\"ez-toc-section\" id=\"Amariston_la_thuoc_gi\"><\/span><b>Amariston l\u00e0 thu\u1ed1c g\u00ec?<\/b><span class=\"ez-toc-section-end\"><\/span><\/h2>\n<p><span style=\"font-weight: 400;\">Amariston l\u00e0 thu\u1ed1c ng\u1eeba thai kh\u1ea9n c\u1ea5p 120h, m\u1ed7i h\u1ed9p thu\u1ed1c Amariston s\u1ebd c\u00f3 1 vi\u00ean, thu\u1ed1c n\u00e0y c\u00f3 t\u00e1c d\u1ee5ng tr\u00e1nh th\u1ee5 thai trong v\u00f2ng 120h sau khi giao h\u1ee3p, khi d\u00f9ng c\u00e0ng s\u1edbm c\u00e0ng c\u00f3 hi\u1ec7u qu\u1ea3 cao, \u0111\u01b0\u1ee3c ch\u1ec9 \u0111\u1ecbnh d\u00f9ng cho n\u1eef gi\u1edbi.<\/span><\/p>\n<p><span style=\"font-weight: 400;\">D\u1ea1ng b\u00e0o ch\u1ebf: Vi\u00ean n\u00e9n h\u00ecnh tr\u1ee5, m\u00e0u v\u00e0ng, m\u1eb7t vi\u00ean nh\u1eb5n, c\u1ea1nh v\u00e0 th\u00e0nh vi\u00ean l\u00e0nh l\u1eb7n. M\u1eb7t vi\u00ean c\u00f3 s\u1ed1 10.<\/span><\/p>\n<h2><span class=\"ez-toc-section\" id=\"Thanh_phan_thuoc_tranh_thai_khan_cap_Amariston\"><\/span><b>Th\u00e0nh ph\u1ea7n thu\u1ed1c tr\u00e1nh thai kh\u1ea9n c\u1ea5p Amariston<\/b><span class=\"ez-toc-section-end\"><\/span><\/h2>\n<p><span style=\"font-weight: 400;\">Th\u00e0nh ph\u1ea7n d\u01b0\u1ee3c ch\u1ea5t: Mifepristone 10,0mg<\/span><\/p>\n<p><span style=\"font-weight: 400;\">Th\u00e0nh ph\u1ea7n t\u00e1 d\u01b0\u1ee3c: Wheat starch, Lactose, Polyvinyl alcohol, Magnesi stea.<\/span><\/p>\n<h2><span class=\"ez-toc-section\" id=\"Cach_dung_thuoc_tranh_thai_khan_cap_120h_Amariston\"><\/span><b>C\u00e1ch d\u00f9ng thu\u1ed1c tr\u00e1nh thai kh\u1ea9n c\u1ea5p 120h Amariston<\/b><span class=\"ez-toc-section-end\"><\/span><\/h2>\n<p><span style=\"font-weight: 400;\">U\u1ed1ng 1 vi\u00ean <\/span><span style=\"color: #282828;\"><a style=\"color: #282828;\" href=\"https:\/\/vinmec.com\/vi\/thong-tin-duoc\/su-dung-thuoc-toan\/cong-dung-thuoc-amariston\/\" rel=\"nofollow noopener\" target=\"_blank\"><span style=\"font-weight: 400;\">Amariston<\/span><\/a><\/span><span style=\"font-weight: 400;\"> trong v\u00f2ng 120 gi\u1edd sau khi giao h\u1ee3p, d\u00f9ng c\u00e0ng s\u1edbm c\u00e0ng c\u00f3 hi\u1ec7u qu\u1ea3 cao.<\/span><\/p>\n<h2><span class=\"ez-toc-section\" id=\"Nhung_truong_hop_duoc_dung_thuoc_Amariston\"><\/span><b>Nh\u1eefng tr\u01b0\u1eddng h\u1ee3p \u0111\u01b0\u1ee3c d\u00f9ng thu\u1ed1c Amariston?<\/b><span class=\"ez-toc-section-end\"><\/span><\/h2>\n<p><span style=\"font-weight: 400;\">&#8211; Kh\u00f4ng d\u00f9ng bi\u1ec7n ph\u00e1p tr\u00e1nh thai n\u00e0o khi giao h\u1ee3p<\/span><\/p>\n<p><span style=\"font-weight: 400;\">&#8211; Bi\u1ec7n ph\u00e1p tr\u00e1nh thai \u0111\u00e3 d\u00f9ng kh\u00f4ng \u0111\u00e1ng tin c\u1eady:<\/span><\/p>\n<ul>\n<li style=\"font-weight: 400;\" aria-level=\"1\"><span style=\"font-weight: 400;\">Bao cao su b\u1ecb r\u00e1ch, tr\u01b0\u1ee3t hay ho\u1eb7c d\u00f9ng sai c\u00e1ch<\/span><\/li>\n<li style=\"font-weight: 400;\" aria-level=\"1\"><span style=\"font-weight: 400;\">Giao h\u1ee3p gi\u00e1n \u0111o\u1ea1n kh\u00f4ng th\u00e0nh c\u00f4ng<\/span><\/li>\n<li style=\"font-weight: 400;\" aria-level=\"1\"><span style=\"font-weight: 400;\">M\u00e0ng ch\u1eafn \u00e2m \u0111\u1ea1o hay thu\u1ed1c ng\u1eeba thai \u0111\u1eb7t \u00e2m \u0111\u1ea1o b\u1ecb sai ch\u1ed7, r\u00e1ch hay l\u1ea5y ra s\u1edbm<\/span><\/li>\n<li style=\"font-weight: 400;\" aria-level=\"1\"><span style=\"font-weight: 400;\">Giao h\u1ee3p gi\u00e1n \u0111o\u1ea1n kh\u00f4ng th\u00e0nh c\u00f4ng<\/span><\/li>\n<li style=\"font-weight: 400;\" aria-level=\"1\"><span style=\"font-weight: 400;\">T\u00ednh sai ng\u00e0y r\u1ee5ng tr\u1ee9ng<\/span><\/li>\n<li style=\"font-weight: 400;\" aria-level=\"1\"><span style=\"font-weight: 400;\">V\u00f2ng tr\u00e1nh thai \u0111\u00e3 l\u1ea5y ra ho\u1eb7c b\u1ecb m\u1ea5t<\/span><\/li>\n<li style=\"font-weight: 400;\" aria-level=\"1\"><span style=\"font-weight: 400;\">Qu\u00ean d\u00f9ng thu\u1ed1c tr\u00e1nh thai tr\u01b0\u1edbc \u0111\u00f3\u00a0<\/span><\/li>\n<\/ul>\n<h2><span class=\"ez-toc-section\" id=\"Can_bao_va_than_trong_khi_dung_thuoc_Amariston\"><\/span><b>C\u1ea9n b\u00e1o v\u00e0 th\u1eadn tr\u1ecdng khi d\u00f9ng thu\u1ed1c Amariston<\/b><span class=\"ez-toc-section-end\"><\/span><\/h2>\n<ul>\n<li style=\"font-weight: 400;\" aria-level=\"1\"><span style=\"font-weight: 400;\">Amariston kh\u00f4ng th\u1ec3 thay th\u1ebf li\u1ec7u ph\u00e1p ng\u1eeba thai th\u01b0\u1eddng xuy\u00ean<\/span><\/li>\n<li style=\"font-weight: 400;\" aria-level=\"1\"><span style=\"font-weight: 400;\">Vi\u1ec7c d\u00f9ng nhi\u1ec1u thu\u1ed1c tr\u00e1nh thai kh\u1ea9n c\u1ea5p trong m\u1ed9t th\u1eddi gian ng\u1eafn s\u1ebd g\u00e2y h\u1ea1i n\u1eb7ng n\u1ec1 (kh\u00f4ng th\u1ec3 c\u00f3 thai m\u1ed9t th\u1eddi gian d\u00e0i) v\u00e0 hi\u1ec7u qu\u1ea3 ng\u1eeba thai b\u1ecb h\u1ea1n ch\u1ebf.<\/span><\/li>\n<li style=\"font-weight: 400;\" aria-level=\"1\"><span style=\"font-weight: 400;\">Amariston s\u1eed d\u1ee5ng th\u1eadn tr\u1ecdng v\u1edbi ng\u01b0\u1eddi suy gan, suy th\u1eadn<\/span><\/li>\n<li style=\"font-weight: 400;\" aria-level=\"1\"><span style=\"font-weight: 400;\">Do l\u00e0m t\u0103ng nguy c\u01a1 nhi\u1ec5m khu\u1ea9n n\u00ean c\u1ea7n th\u1eadn tr\u1ecdng khi s\u1eed d\u1ee5ng<\/span><\/li>\n<li style=\"font-weight: 400;\" aria-level=\"1\"><span style=\"font-weight: 400;\">Th\u1eadn tr\u1ecdng s\u1eed d\u1ee5ng v\u1edbi b\u1ec7nh nh\u00e2n b\u1ecb hen suy\u1ec5n nh\u1eb9 ho\u1eb7c b\u1ecb t\u1eafc ngh\u1ebdn m\u00e3n t\u00ednh \u0111\u01b0\u1eddng h\u00f4 h\u1ea5p, ng\u01b0\u1eddi c\u00f3 b\u1ec7nh tim m\u1ea1ch hay thi\u1ebfu m\u00e1u.<\/span><\/li>\n<li style=\"font-weight: 400;\" aria-level=\"1\"><span style=\"font-weight: 400;\">Giao h\u1ee3p kh\u00f4ng an to\u00e0n sau khi u\u1ed1ng thu\u1ed1c c\u00f3 th\u1ec3 s\u1ebd l\u00e0m t\u0103ng nguy c\u01a1 c\u00f3 thai ngo\u00e0i \u00fd mu\u1ed1n<\/span><\/li>\n<\/ul>\n<h2><span class=\"ez-toc-section\" id=\"Chong_chi_dinh_dung_thuoc_tranh_thai_120h_Amariston\"><\/span><b>Ch\u1ed1ng ch\u1ec9 \u0111\u1ecbnh d\u00f9ng thu\u1ed1c tr\u00e1nh thai 120h Amariston<\/b><span class=\"ez-toc-section-end\"><\/span><\/h2>\n<ul>\n<li style=\"font-weight: 400;\" aria-level=\"1\"><span style=\"font-weight: 400;\">Ng\u01b0\u1eddi b\u1ec7nh c\u1ee7a tuy\u1ebfn th\u01b0\u1ee3ng th\u1eadn, suy th\u1eadn m\u1ea1n t\u00ednh<\/span><\/li>\n<li style=\"font-weight: 400;\" aria-level=\"1\"><span style=\"font-weight: 400;\">Ng\u01b0\u1eddi \u0111ang \u0111i\u1ec1u tr\u1ecb v\u1edbi Corticosteroid, \u0111\u1eb7c bi\u1ec7t ng\u01b0\u1eddi \u0111ang b\u1ecb hen n\u1eb7ng m\u00e0 ch\u01b0a \u0111\u01b0\u1ee3c ki\u1ec3m so\u00e1t b\u1eb1ng \u0111i\u1ec1u tr\u1ecb<\/span><\/li>\n<li style=\"font-weight: 400;\" aria-level=\"1\"><span style=\"font-weight: 400;\">D\u1ecb \u1ee9ng v\u1edbi Mifepristone<\/span><\/li>\n<li style=\"font-weight: 400;\" aria-level=\"1\"><span style=\"font-weight: 400;\">Ng\u01b0\u1eddi mang thai ho\u1eb7c nghi ng\u1edd mang thai.<\/span><\/li>\n<\/ul>\n<h2><span class=\"ez-toc-section\" id=\"Dung_thuoc_ngua_thai_Amariston_co_hieu_qua_khong\"><\/span><b>D\u00f9ng thu\u1ed1c ng\u1eeba thai Amariston c\u00f3 hi\u1ec7u qu\u1ea3 kh\u00f4ng?<\/b><span class=\"ez-toc-section-end\"><\/span><\/h2>\n<p><span style=\"font-weight: 400;\">C\u00f3. Hi\u1ec7u qu\u1ea3 ng\u1eeba thai trong 120 gi\u1edd sau quan h\u1ee3p. Tuy nhi\u00ean, thu\u1ed1c Amariston kh\u00f4ng th\u1ec3 thay th\u1ebf c\u00e1c bi\u1ec7n ph\u00e1p ng\u1eeba thai th\u01b0\u1eddng xuy\u00ean.<\/span><\/p>\n<h2><span class=\"ez-toc-section\" id=\"Amariston_cho_con_bu_uong_duoc_khong\"><\/span><b>Amariston cho con b\u00fa u\u1ed1ng \u0111\u01b0\u1ee3c kh\u00f4ng?<\/b><span class=\"ez-toc-section-end\"><\/span><\/h2>\n<p><span style=\"font-weight: 400;\">&#8211; Ph\u1ee5 n\u1eef \u0111ang cho con b\u00fa: mifepriston \u0111i qua s\u1eefa m\u1eb9 v\u00ec v\u1eady n\u00ean tr\u00e1nh cho con b\u00fa sau khi d\u00f9ng thu\u1ed1c tr\u00e1nh thai kh\u1ea9n c\u1ea5p Amariston.<\/span><\/p>\n<h2><span class=\"ez-toc-section\" id=\"Phu_nu_mang_thai_lo_dung_thuoc_Amariston_co_sao_khong\"><\/span><b>Ph\u1ee5 n\u1eef mang thai l\u1ee1 d\u00f9ng thu\u1ed1c Amariston c\u00f3 sao kh\u00f4ng?<\/b><span class=\"ez-toc-section-end\"><\/span><\/h2>\n<p><span style=\"font-weight: 400;\">Ph\u1ee5 n\u1eef mang thai u\u1ed1ng nh\u1ea7m thu\u1ed1c Amariston kh\u00f4ng g\u00e2y s\u1ea3y thai nh\u01b0ng kh\u1ea3 n\u0103ng xu\u1ea5t huy\u1ebft c\u00f3 th\u1ec3 s\u1ea3y ra.<\/span><\/p>\n<p><span style=\"font-weight: 400;\">Ti\u00eau chu\u1ea9n ch\u1ea5t l\u01b0\u1ee3ng c\u1ee7a thu\u1ed1c: TCCS<\/span><\/p>\n<p><span style=\"font-weight: 400;\">Nh\u00e0 s\u1ea3n xu\u1ea5t: C\u00f4ng ty c\u1ed5 ph\u1ea7n D\u01b0\u1ee3c Ph\u1ea9m Nam H\u00e0<\/span><\/p>\n<p><span style=\"font-weight: 400;\">\u0110\u1ecba ch\u1ec9: 415 H\u00e0n Thuy\u00ean, Th\u00e0nh ph\u1ed1 Nam \u0110\u1ecbnh.<\/span><\/p>\n<p><span style=\"font-weight: 400;\">N\u1ebfu b\u1ea1n quan t\u00e2m v\u1ec1 thu\u1ed1c tr\u00e1nh thai kh\u1ea9n c\u1ea5p Amariston c\u00f3 th\u1ec3 \u0111\u1eb7t mua th\u00f4ng qua:<\/span><\/p>\n<ul>\n<li><span style=\"font-weight: 400;\">Hotline: <strong>0933.248.096<\/strong><\/span><\/li>\n<li><span style=\"font-weight: 400;\">Email: <\/span><em><a href=\"mailto:cskh.ngaviet@gmail.com\"><span style=\"font-weight: 400;\">cskh.ngaviet@gmail.com<\/span><\/a><\/em><\/li>\n<li><span style=\"font-weight: 400;\">Zalo OA: <\/span><em><a href=\"https:\/\/zalo.me\/2042719656458438425?src=media\" target=\"_blank\" rel=\"noopener\"><span style=\"font-weight: 400;\">https:\/\/zalo.me\/2042719656458438425?src=media<\/span><\/a><\/em><\/li>\n<li><span style=\"font-weight: 400;\">Fanpage Nga Vi\u1ec7t Pharma: <\/span><em><a href=\"https:\/\/www.facebook.com\/ngavietpharma\" target=\"_blank\" rel=\"noopener\"><span style=\"font-weight: 400;\">https:\/\/www.facebook.com\/ngavietpharma<\/span><\/a><\/em><\/li>\n<\/ul>\n","protected":false},"excerpt":{"rendered":"<ul>\n<li style=\"font-weight: 400;\" aria-level=\"1\"><b>C\u00f4ng d\u1ee5ng<\/b><span style=\"font-weight: 400;\">: Ng\u1eeba thai kh\u1ea9n c\u1ea5p, tr\u00e1nh thai trong v\u00f2ng 120h<\/span><\/li>\n<li style=\"font-weight: 400;\" aria-level=\"1\"><b>Nh\u00e0 s\u1ea3n xu\u1ea5t<\/b><span style=\"font-weight: 400;\">: D\u01b0\u1ee3c Nam H\u00e0 &#8211; VN<\/span><\/li>\n<li style=\"font-weight: 400;\" aria-level=\"1\"><b>Quy c\u00e1ch<\/b><span style=\"font-weight: 400;\">:\u00a0 H\u1ed9p 1 vi\u00ean. Th\u00f9ng 384 h\u1ed9p<\/span><\/li>\n<li style=\"font-weight: 400;\" aria-level=\"1\"><b>C\u00e1ch d\u00f9ng<\/b><span style=\"font-weight: 400;\">: U\u1ed1ng 1 vi\u00ean Amariston trong v\u00f2ng 120 gi\u1edd sau khi giao h\u1ee3p<\/span><\/li>\n<li style=\"font-weight: 400;\" aria-level=\"1\"><b>H\u1ea1n d\u00f9ng<\/b><span style=\"font-weight: 400;\">: 3 n\u0103m k\u1ec3 t\u1eeb ng\u00e0y s\u1ea3n xu\u1ea5t<\/span><\/li>\n<\/ul>\n","protected":false},"featured_media":3700,"comment_status":"open","ping_status":"closed","template":"","meta":[],"product_cat":[15,64],"product_tag":[],"_links":{"self":[{"href":"https:\/\/ngaviet.com\/vi\/wp-json\/wp\/v2\/product\/3384"}],"collection":[{"href":"https:\/\/ngaviet.com\/vi\/wp-json\/wp\/v2\/product"}],"about":[{"href":"https:\/\/ngaviet.com\/vi\/wp-json\/wp\/v2\/types\/product"}],"replies":[{"embeddable":true,"href":"https:\/\/ngaviet.com\/vi\/wp-json\/wp\/v2\/comments?post=3384"}],"wp:featuredmedia":[{"embeddable":true,"href":"https:\/\/ngaviet.com\/vi\/wp-json\/wp\/v2\/media\/3700"}],"wp:attachment":[{"href":"https:\/\/ngaviet.com\/vi\/wp-json\/wp\/v2\/media?parent=3384"}],"wp:term":[{"taxonomy":"product_cat","embeddable":true,"href":"https:\/\/ngaviet.com\/vi\/wp-json\/wp\/v2\/product_cat?post=3384"},{"taxonomy":"product_tag","embeddable":true,"href":"https:\/\/ngaviet.com\/vi\/wp-json\/wp\/v2\/product_tag?post=3384"}],"curies":[{"name":"wp","href":"https:\/\/api.w.org\/{rel}","templated":true}]}}