{"id":343,"date":"2021-10-20T10:12:35","date_gmt":"2021-10-20T03:12:35","guid":{"rendered":"https:\/\/ngaviet.com\/?post_type=product&#038;p=343"},"modified":"2026-04-08T19:59:49","modified_gmt":"2026-04-08T12:59:49","slug":"dau-toi-garlic-oil","status":"publish","type":"product","link":"https:\/\/ngaviet.com\/vi\/dau-toi-garlic-oil\/","title":{"rendered":"Vi\u00ean d\u1ea7u t\u1ecfi Garlic Oil nguy\u00ean ch\u1ea5t gi\u00fap gi\u1ea3m cholesterol"},"content":{"rendered":"<div id=\"ez-toc-container\" class=\"ez-toc-v2_0_58 counter-hierarchy ez-toc-counter ez-toc-light-blue ez-toc-container-direction\">\n<div class=\"ez-toc-title-container\">\n<p class=\"ez-toc-title \" >M\u1ee5c l\u1ee5c<\/p>\n<span class=\"ez-toc-title-toggle\"><a href=\"#\" class=\"ez-toc-pull-right ez-toc-btn ez-toc-btn-xs ez-toc-btn-default ez-toc-toggle\" aria-label=\"Toggle Table of Content\" role=\"button\"><label for=\"item-69d694b5481cf\" ><span class=\"\"><span class=\"eztoc-hide\" style=\"display:none;\">Toggle<\/span><span class=\"ez-toc-icon-toggle-span\"><svg style=\"fill: #999;color:#999\" xmlns=\"http:\/\/www.w3.org\/2000\/svg\" class=\"list-377408\" width=\"20px\" height=\"20px\" viewBox=\"0 0 24 24\" fill=\"none\"><path d=\"M6 6H4v2h2V6zm14 0H8v2h12V6zM4 11h2v2H4v-2zm16 0H8v2h12v-2zM4 16h2v2H4v-2zm16 0H8v2h12v-2z\" fill=\"currentColor\"><\/path><\/svg><svg style=\"fill: #999;color:#999\" class=\"arrow-unsorted-368013\" xmlns=\"http:\/\/www.w3.org\/2000\/svg\" width=\"10px\" height=\"10px\" viewBox=\"0 0 24 24\" version=\"1.2\" baseProfile=\"tiny\"><path d=\"M18.2 9.3l-6.2-6.3-6.2 6.3c-.2.2-.3.4-.3.7s.1.5.3.7c.2.2.4.3.7.3h11c.3 0 .5-.1.7-.3.2-.2.3-.5.3-.7s-.1-.5-.3-.7zM5.8 14.7l6.2 6.3 6.2-6.3c.2-.2.3-.5.3-.7s-.1-.5-.3-.7c-.2-.2-.4-.3-.7-.3h-11c-.3 0-.5.1-.7.3-.2.2-.3.5-.3.7s.1.5.3.7z\"\/><\/svg><\/span><\/span><\/label><input aria-label=\"Toggle\" aria-label=\"item-69d694b5481cf\"  type=\"checkbox\" id=\"item-69d694b5481cf\"><\/a><\/span><\/div>\n<nav><ul class='ez-toc-list ez-toc-list-level-1 eztoc-toggle-hide-by-default' ><li class='ez-toc-page-1 ez-toc-heading-level-2'><a class=\"ez-toc-link ez-toc-heading-1\" href=\"https:\/\/ngaviet.com\/vi\/dau-toi-garlic-oil\/#Thong_tin_ve_vien_dau_toi_Garlic_Oil\" title=\"Th\u00f4ng tin v\u1ec1 vi\u00ean d\u1ea7u t\u1ecfi Garlic Oil\">Th\u00f4ng tin v\u1ec1 vi\u00ean d\u1ea7u t\u1ecfi Garlic Oil<\/a><\/li><li class='ez-toc-page-1 ez-toc-heading-level-2'><a class=\"ez-toc-link ez-toc-heading-2\" href=\"https:\/\/ngaviet.com\/vi\/dau-toi-garlic-oil\/#Thanh_phan_cua_vien_tinh_dau_toi_Garlic_Oil\" title=\"Th\u00e0nh ph\u1ea7n c\u1ee7a vi\u00ean tinh d\u1ea7u t\u1ecfi Garlic Oil\">Th\u00e0nh ph\u1ea7n c\u1ee7a vi\u00ean tinh d\u1ea7u t\u1ecfi Garlic Oil<\/a><\/li><li class='ez-toc-page-1 ez-toc-heading-level-2'><a class=\"ez-toc-link ez-toc-heading-3\" href=\"https:\/\/ngaviet.com\/vi\/dau-toi-garlic-oil\/#Vien_uong_tinh_dau_toi_co_tac_dung_gi\" title=\"Vi\u00ean u\u1ed1ng tinh d\u1ea7u t\u1ecfi c\u00f3 t\u00e1c d\u1ee5ng g\u00ec?\">Vi\u00ean u\u1ed1ng tinh d\u1ea7u t\u1ecfi c\u00f3 t\u00e1c d\u1ee5ng g\u00ec?<\/a><\/li><li class='ez-toc-page-1 ez-toc-heading-level-2'><a class=\"ez-toc-link ez-toc-heading-4\" href=\"https:\/\/ngaviet.com\/vi\/dau-toi-garlic-oil\/#Doi_tuong_su_dung_vien_dau_toi\" title=\"\u0110\u1ed1i t\u01b0\u1ee3ng s\u1eed d\u1ee5ng vi\u00ean d\u1ea7u t\u1ecfi\">\u0110\u1ed1i t\u01b0\u1ee3ng s\u1eed d\u1ee5ng vi\u00ean d\u1ea7u t\u1ecfi<\/a><\/li><li class='ez-toc-page-1 ez-toc-heading-level-2'><a class=\"ez-toc-link ez-toc-heading-5\" href=\"https:\/\/ngaviet.com\/vi\/dau-toi-garlic-oil\/#Cach_dung_vien_dau_toi_Garlic_Oil\" title=\"C\u00e1ch d\u00f9ng vi\u00ean d\u1ea7u t\u1ecfi Garlic Oil\">C\u00e1ch d\u00f9ng vi\u00ean d\u1ea7u t\u1ecfi Garlic Oil<\/a><\/li><li class='ez-toc-page-1 ez-toc-heading-level-2'><a class=\"ez-toc-link ez-toc-heading-6\" href=\"https:\/\/ngaviet.com\/vi\/dau-toi-garlic-oil\/#Cach_bao_quan\" title=\".C\u00e1ch b\u1ea3o qu\u1ea3n\u00a0\">.C\u00e1ch b\u1ea3o qu\u1ea3n\u00a0<\/a><\/li><\/ul><\/nav><\/div>\n\n<h2><span class=\"ez-toc-section\" id=\"Thong_tin_ve_vien_dau_toi_Garlic_Oil\"><\/span><b>Th\u00f4ng tin v\u1ec1 vi\u00ean d\u1ea7u t\u1ecfi <\/b><b>Garlic Oil<\/b><span class=\"ez-toc-section-end\"><\/span><\/h2>\n<p><span style=\"font-weight: 400;\">D\u1ea7u t\u1ecfi Garlic l\u00e0 th\u1ef1c ph\u1ea9m ch\u1ee9c n\u0103ng \u0111\u01b0\u1ee3c ph\u00e2n ph\u1ed1i \u0111\u1ed9c quy\u1ec1n b\u1edfi c\u00f4ng ty TNHH Th\u01b0\u01a1ng M\u1ea1i Nga Vi\u1ec7t. V\u1edbi c\u00f4ng d\u1ee5ng l\u00e0m gi\u1ea3m cholesterol, ng\u0103n ng\u1eeba m\u1ee1 trong m\u00e1u, t\u0103ng c\u01b0\u1eddng h\u1ec7 mi\u1ec5n d\u1ecbch nh\u1edd nh\u1eefng th\u00e0nh ph\u1ea7n l\u00e0nh t\u00ednh, kh\u00f4ng t\u00e1c d\u1ee5ng ph\u1ee5 nh\u01b0: d\u1ea7u t\u1ecfi t\u00eda nguy\u00ean ch\u1ea5t, Vitamin A, D3,&#8230;<\/span><\/p>\n<p><b>C\u00f4ng d\u1ee5ng<\/b><span style=\"font-weight: 400;\">:\u00a0<\/span><\/p>\n<ul>\n<li><span style=\"font-weight: 400;\">Gi\u00fap gi\u1ea3m cholesterol, h\u1ea1 m\u1ee1 m\u00e1u, \u1ed5n \u0111\u1ecbnh huy\u1ebft \u00e1p. <\/span><\/li>\n<li><span style=\"font-weight: 400;\">Gi\u00fap ti\u00eau h\u00f3a t\u1ed1t. <\/span><\/li>\n<li><span style=\"font-weight: 400;\">T\u0103ng c\u01b0\u1eddng mi\u1ec5n d\u1ecbch, h\u1ea1n ch\u1ebf m\u1eafc c\u00e1c b\u1ec7nh v\u1ec1 \u0111\u01b0\u1eddng h\u00f4 h\u1ea5p.<\/span><\/li>\n<\/ul>\n<h2><span class=\"ez-toc-section\" id=\"Thanh_phan_cua_vien_tinh_dau_toi_Garlic_Oil\"><\/span><b>Th\u00e0nh ph\u1ea7n c\u1ee7a vi\u00ean tinh d\u1ea7u t\u1ecfi Garlic Oil<\/b><span class=\"ez-toc-section-end\"><\/span><\/h2>\n<ul>\n<li style=\"font-weight: 400;\" aria-level=\"1\"><span style=\"font-weight: 400;\"><span style=\"color: #282828;\"><a style=\"color: #282828;\" href=\"https:\/\/www.vinmec.com\/vi\/tin-tuc\/thong-tin-suc-khoe\/song-khoe\/tinh-dau-toi-co-tac-dung-gi\/\" rel=\"nofollow noopener\" target=\"_blank\">D\u1ea7u t\u1ecfi<\/a><\/span> nguy\u00ean ch\u1ea5t: 50mg<\/span><\/li>\n<li style=\"font-weight: 400;\" aria-level=\"1\"><span style=\"font-weight: 400;\">Vitamin A: 500 IU<\/span><\/li>\n<li style=\"font-weight: 400;\" aria-level=\"1\"><span style=\"font-weight: 400;\">Vitamin D3: 100IU<\/span><\/li>\n<\/ul>\n<h2><span class=\"ez-toc-section\" id=\"Vien_uong_tinh_dau_toi_co_tac_dung_gi\"><\/span><strong>Vi\u00ean u\u1ed1ng tinh d\u1ea7u t\u1ecfi c\u00f3 t\u00e1c d\u1ee5ng g\u00ec?<\/strong><span class=\"ez-toc-section-end\"><\/span><\/h2>\n<p><span style=\"font-weight: 400;\">&#8211; Gi\u1ea3m cholesterol, h\u1ea1 m\u1ee1 m\u00e1u, ng\u0103n ng\u1eeba x\u01a1 v\u1eefa \u0111\u1ed9ng m\u1ea1ch, \u1ed5n \u0111\u1ecbnh huy\u1ebft \u00e1p, h\u1ed7 tr\u1ee3 \u0111i\u1ec1u tr\u1ecb m\u1ee1 m\u00e1u cao, gan nhi\u1ec5m m\u1ee1.<\/span><\/p>\n<p><span style=\"font-weight: 400;\">&#8211; H\u1ed7 tr\u1ee3 ti\u00eau h\u00f3a, gi\u1ea3m ch\u01b0\u1edbng b\u1ee5ng, \u0111\u1ea7y h\u01a1i, \u0103n kh\u00f4ng ti\u00eau.<\/span><\/p>\n<p><span style=\"font-weight: 400;\">&#8211; T\u0103ng c\u01b0\u1eddng mi\u1ec5n d\u1ecbch, h\u1ea1n ch\u1ebf m\u1eafc c\u00e1c b\u1ec7nh v\u1ec1 \u0111\u01b0\u1eddng h\u00f4 h\u1ea5p.<\/span><\/p>\n<h2><span class=\"ez-toc-section\" id=\"Doi_tuong_su_dung_vien_dau_toi\"><\/span><b>\u0110\u1ed1i t\u01b0\u1ee3ng s\u1eed d\u1ee5ng vi\u00ean d\u1ea7u t\u1ecfi<\/b><span class=\"ez-toc-section-end\"><\/span><\/h2>\n<ul>\n<li style=\"font-weight: 400;\" aria-level=\"1\"><span style=\"font-weight: 400;\">Ng\u01b0\u1eddi l\u1edbn v\u00e0 tr\u1ebb em c\u00f3 s\u1ee9c \u0111\u1ec1 kh\u00e1ng k\u00e9m, ng\u01b0\u1eddi hay b\u1ecb vi\u00eam \u0111\u01b0\u1eddng h\u00f4 h\u1ea5p khi th\u1eddi ti\u1ebft thay \u0111\u1ed5i<\/span><\/li>\n<li style=\"font-weight: 400;\" aria-level=\"1\"><span style=\"font-weight: 400;\">Ng\u01b0\u1eddi \u0103n kh\u00f3 ti\u00eau, \u0111\u1ea7y h\u01a1i, ch\u01b0\u1edbng b\u1ee5ng<\/span><\/li>\n<li style=\"font-weight: 400;\" aria-level=\"1\"><span style=\"font-weight: 400;\">Ng\u01b0\u1eddi cholesterol m\u00e1u cao, x\u01a1 v\u1eefa m\u1ea1ch, ng\u01b0\u1eddi b\u1ecb ti\u1ec3u \u0111\u01b0\u1eddng<\/span><\/li>\n<\/ul>\n<h2><span class=\"ez-toc-section\" id=\"Cach_dung_vien_dau_toi_Garlic_Oil\"><\/span><b>C\u00e1ch d\u00f9ng vi\u00ean d\u1ea7u t\u1ecfi Garlic Oil<\/b><span class=\"ez-toc-section-end\"><\/span><\/h2>\n<p><span style=\"font-weight: 400;\">&#8211; Tr\u1ebb em t\u1eeb 6-12 tu\u1ed5i, 1-2 vi\u00ean l\u1ea7n x 2 l\u1ea7n\/ng\u00e0y<\/span><\/p>\n<p><span style=\"font-weight: 400;\">&#8211; Tr\u1ebb em &gt; 12 tu\u1ed5i v\u00e0 ng\u01b0\u1eddi l\u1edbn u\u1ed1ng 2-3 vi\u00ean\/l\u1ea7n x 2 l\u1ea7n\/ng\u00e0y.<\/span><\/p>\n<h2><span class=\"ez-toc-section\" id=\"Cach_bao_quan\"><\/span><span style=\"font-weight: 400;\">.<\/span><b>C\u00e1ch b\u1ea3o qu\u1ea3n\u00a0<\/b><span class=\"ez-toc-section-end\"><\/span><\/h2>\n<ul>\n<li style=\"font-weight: 400;\" aria-level=\"1\"><span style=\"font-weight: 400;\">B\u1ea3o qu\u1ea3n n\u01a1i kh\u00f4 r\u00e1o, tho\u00e1ng m\u00e1t. Tr\u00e1nh \u00e1nh n\u1eafng tr\u1ef1c ti\u1ebfp<\/span><\/li>\n<li style=\"font-weight: 400;\" aria-level=\"1\"><span style=\"font-weight: 400;\">Nhi\u1ec7t \u0111\u1ed9 b\u1ea3o qu\u1ea3n l\u00fd t\u01b0\u1edfng d\u01b0\u1edbi 30 \u0111\u1ed9 C.<\/span><\/li>\n<\/ul>\n<p><b>Th\u01b0\u01a1ng nh\u00e2n ph\u00e2n ph\u1ed1i v\u00e0 ch\u1ecbu tr\u00e1ch nhi\u1ec7m v\u1ec1 s\u1ea3n ph\u1ea9m:<\/b><\/p>\n<p><b>&#8211; C\u00f4ng ty TNHH Th\u01b0\u01a1ng m\u1ea1i Nga Vi\u1ec7t<\/b><\/p>\n<p><span style=\"font-weight: 400;\">&#8211; \u0110\u1ecba ch\u1ec9: 644\/2 \u0110\u01b0\u1eddng 3\/2, Ph\u01b0\u1eddng 14, Qu\u1eadn 10, Th\u00e0nh ph\u1ed1 H\u1ed3 Ch\u00ed Minh.<\/span><\/p>\n<p><b>S\u1ea3n xu\u1ea5t b\u1edfi C\u00f4ng ty C\u1ed5 Ph\u1ea7n D\u01b0\u1ee3c Li\u1ec7u v\u00e0 V\u1eadt T\u01b0 Y T\u1ebf H\u1ea3i Ph\u00f2ng<\/b><\/p>\n<p><span style=\"font-weight: 400;\">&#8211; \u0110\u1ecba ch\u1ec9: <\/span><span style=\"font-weight: 400;\">Th\u00f4n Th\u01b0\u1ee3ng Trang, X\u00e3 B\u00e1t Trang, Huy\u1ec7n An L\u00e3o, TP. H\u1ea3i Ph\u00f2ng<\/span><\/p>\n<p><span style=\"font-weight: 400;\">D\u1ea7u t\u1ecfi t\u00eda \u0111\u1ea1t ti\u00eau chu\u1ea9n s\u1ea3n ph\u1ea9m s\u1ed1: 01\/NV\/2021<\/span><\/p>\n<p><img decoding=\"async\" loading=\"lazy\" class=\"wp-image-2665 aligncenter\" src=\"https:\/\/ngaviet.com\/wp-content\/uploads\/2022\/10\/ban-cong-bo-dau-toi-tia.jpg\" alt=\"\" width=\"551\" height=\"772\" \/><\/p>\n<p>N\u1ebfu b\u1ea1n quan t\u00e2m v\u1ec1 s\u1ea3n ph\u1ea9m c\u00f3 th\u1ec3 li\u00ean h\u1ec7 \u0111\u1eb7t mua h\u00e0ng th\u00f4ng qua:<\/p>\n<ul>\n<li>Hotline:\u00a0<strong>0933.248.096<\/strong><\/li>\n<li>Email:\u00a0<em><a href=\"mailto:cskh.ngaviet@gmail.com\">cskh.ngaviet@gmail.com<\/a><\/em><\/li>\n<li>Zalo OA:\u00a0<em><a href=\"https:\/\/zalo.me\/2042719656458438425?src=media\" target=\"_blank\" rel=\"noopener\">https:\/\/zalo.me\/2042719656458438425?src=media<\/a><\/em><\/li>\n<li>Fanpage Nga Vi\u1ec7t Pharma:\u00a0<em><a href=\"https:\/\/www.facebook.com\/ngavietpharma\" target=\"_blank\" rel=\"noopener\">https:\/\/www.facebook.com\/ngavietpharma<\/a><\/em><\/li>\n<\/ul>\n","protected":false},"excerpt":{"rendered":"<ul>\n<li style=\"font-weight: 400;\" aria-level=\"1\"><b>C\u00f4ng d\u1ee5ng<\/b><span style=\"font-weight: 400;\">: Gi\u00fap gi\u1ea3m cholesterol, h\u1ea1 m\u1ee1 m\u00e1u, \u1ed5n \u0111\u1ecbnh huy\u1ebft \u00e1p. Gi\u00fap ti\u00eau h\u00f3a t\u1ed1t. T\u0103ng c\u01b0\u1eddng mi\u1ec5n d\u1ecbch, h\u1ea1n ch\u1ebf m\u1eafc c\u00e1c b\u1ec7nh v\u1ec1 \u0111\u01b0\u1eddng h\u00f4 h\u1ea5p.<\/span><\/li>\n<li style=\"font-weight: 400;\" aria-level=\"1\"><b>Nh\u00e0 s\u1ea3n xu\u1ea5t<\/b><span style=\"font-weight: 400;\">: C\u00f4ng ty C\u1ed5 Ph\u1ea7n D\u01b0\u1ee3c Li\u1ec7u v\u00e0 V\u1eadt T\u01b0 Y T\u1ebf H\u1ea3i Ph\u00f2ng<\/span><\/li>\n<li style=\"font-weight: 400;\" aria-level=\"1\"><b>Quy c\u00e1ch<\/b><span style=\"font-weight: 400;\">: H\u1ed9p 100 vi\u00ean nang m\u1ec1m. Th\u00f9ng 60 h\u1ed9p<\/span><\/li>\n<li style=\"font-weight: 400;\" aria-level=\"1\"><b>C\u00e1ch d\u00f9ng<\/b><span style=\"font-weight: 400;\">: U\u1ed1ng ng\u00e0y 2 l\u1ea7n<\/span><\/li>\n<li aria-level=\"1\"><strong>H\u1ea1n d\u00f9ng<\/strong>: 3 n\u0103m k\u1ec3 t\u1eeb ng\u00e0y s\u1ea3n xu\u1ea5t<\/li>\n<\/ul>\n","protected":false},"featured_media":3482,"comment_status":"open","ping_status":"closed","template":"","meta":[],"product_cat":[15,67,60,30,56],"product_tag":[101],"_links":{"self":[{"href":"https:\/\/ngaviet.com\/vi\/wp-json\/wp\/v2\/product\/343"}],"collection":[{"href":"https:\/\/ngaviet.com\/vi\/wp-json\/wp\/v2\/product"}],"about":[{"href":"https:\/\/ngaviet.com\/vi\/wp-json\/wp\/v2\/types\/product"}],"replies":[{"embeddable":true,"href":"https:\/\/ngaviet.com\/vi\/wp-json\/wp\/v2\/comments?post=343"}],"wp:featuredmedia":[{"embeddable":true,"href":"https:\/\/ngaviet.com\/vi\/wp-json\/wp\/v2\/media\/3482"}],"wp:attachment":[{"href":"https:\/\/ngaviet.com\/vi\/wp-json\/wp\/v2\/media?parent=343"}],"wp:term":[{"taxonomy":"product_cat","embeddable":true,"href":"https:\/\/ngaviet.com\/vi\/wp-json\/wp\/v2\/product_cat?post=343"},{"taxonomy":"product_tag","embeddable":true,"href":"https:\/\/ngaviet.com\/vi\/wp-json\/wp\/v2\/product_tag?post=343"}],"curies":[{"name":"wp","href":"https:\/\/api.w.org\/{rel}","templated":true}]}}