{"id":3444,"date":"2022-11-04T16:37:00","date_gmt":"2022-11-04T09:37:00","guid":{"rendered":"https:\/\/ngaviet.com\/?post_type=product&#038;p=3444"},"modified":"2022-11-04T16:37:54","modified_gmt":"2022-11-04T09:37:54","slug":"bao-cao-su-co-gai-winclove","status":"publish","type":"product","link":"https:\/\/ngaviet.com\/vi\/bao-cao-su-co-gai-winclove\/","title":{"rendered":"Bao cao su c\u00f3 gai si\u00eau m\u1ecfng Winc Love (0,01)"},"content":{"rendered":"<p><span style=\"color: #555555; font-size: 14.4px;\"><div id=\"ez-toc-container\" class=\"ez-toc-v2_0_58 counter-hierarchy ez-toc-counter ez-toc-light-blue ez-toc-container-direction\">\n<div class=\"ez-toc-title-container\">\n<p class=\"ez-toc-title \" >M\u1ee5c l\u1ee5c<\/p>\n<span class=\"ez-toc-title-toggle\"><a href=\"#\" class=\"ez-toc-pull-right ez-toc-btn ez-toc-btn-xs ez-toc-btn-default ez-toc-toggle\" aria-label=\"Toggle Table of Content\" role=\"button\"><label for=\"item-69d6c34fef1d8\" ><span class=\"\"><span class=\"eztoc-hide\" style=\"display:none;\">Toggle<\/span><span class=\"ez-toc-icon-toggle-span\"><svg style=\"fill: #999;color:#999\" xmlns=\"http:\/\/www.w3.org\/2000\/svg\" class=\"list-377408\" width=\"20px\" height=\"20px\" viewBox=\"0 0 24 24\" fill=\"none\"><path d=\"M6 6H4v2h2V6zm14 0H8v2h12V6zM4 11h2v2H4v-2zm16 0H8v2h12v-2zM4 16h2v2H4v-2zm16 0H8v2h12v-2z\" fill=\"currentColor\"><\/path><\/svg><svg style=\"fill: #999;color:#999\" class=\"arrow-unsorted-368013\" xmlns=\"http:\/\/www.w3.org\/2000\/svg\" width=\"10px\" height=\"10px\" viewBox=\"0 0 24 24\" version=\"1.2\" baseProfile=\"tiny\"><path d=\"M18.2 9.3l-6.2-6.3-6.2 6.3c-.2.2-.3.4-.3.7s.1.5.3.7c.2.2.4.3.7.3h11c.3 0 .5-.1.7-.3.2-.2.3-.5.3-.7s-.1-.5-.3-.7zM5.8 14.7l6.2 6.3 6.2-6.3c.2-.2.3-.5.3-.7s-.1-.5-.3-.7c-.2-.2-.4-.3-.7-.3h-11c-.3 0-.5.1-.7.3-.2.2-.3.5-.3.7s.1.5.3.7z\"\/><\/svg><\/span><\/span><\/label><input aria-label=\"Toggle\" aria-label=\"item-69d6c34fef1d8\"  type=\"checkbox\" id=\"item-69d6c34fef1d8\"><\/a><\/span><\/div>\n<nav><ul class='ez-toc-list ez-toc-list-level-1 eztoc-toggle-hide-by-default' ><li class='ez-toc-page-1 ez-toc-heading-level-2'><a class=\"ez-toc-link ez-toc-heading-1\" href=\"https:\/\/ngaviet.com\/vi\/bao-cao-su-co-gai-winclove\/#Thong_tin_ve_bao_cao_su_co_gai_Winclove\" title=\"Th\u00f4ng tin v\u1ec1 bao cao su c\u00f3 gai Winclove\">Th\u00f4ng tin v\u1ec1 bao cao su c\u00f3 gai Winclove<\/a><\/li><li class='ez-toc-page-1 ez-toc-heading-level-2'><a class=\"ez-toc-link ez-toc-heading-2\" href=\"https:\/\/ngaviet.com\/vi\/bao-cao-su-co-gai-winclove\/#Cach_dung_bao_cao_su_gan_gai_Winclove\" title=\"C\u00e1ch d\u00f9ng bao cao su g\u00e2n gai Winclove\">C\u00e1ch d\u00f9ng bao cao su g\u00e2n gai Winclove<\/a><\/li><li class='ez-toc-page-1 ez-toc-heading-level-2'><a class=\"ez-toc-link ez-toc-heading-3\" href=\"https:\/\/ngaviet.com\/vi\/bao-cao-su-co-gai-winclove\/#Luu_y_khi_su_dung_bao_cao_su_Winclove\" title=\"L\u01b0u \u00fd khi s\u1eed d\u1ee5ng bao cao su Winclove\">L\u01b0u \u00fd khi s\u1eed d\u1ee5ng bao cao su Winclove<\/a><\/li><li class='ez-toc-page-1 ez-toc-heading-level-2'><a class=\"ez-toc-link ez-toc-heading-4\" href=\"https:\/\/ngaviet.com\/vi\/bao-cao-su-co-gai-winclove\/#Cach_bao_quan_san_pham\" title=\"C\u00e1ch b\u1ea3o qu\u1ea3n s\u1ea3n ph\u1ea9m\">C\u00e1ch b\u1ea3o qu\u1ea3n s\u1ea3n ph\u1ea9m<\/a><\/li><\/ul><\/nav><\/div>\n<\/span><\/p>\n<h2><span class=\"ez-toc-section\" id=\"Thong_tin_ve_bao_cao_su_co_gai_Winclove\"><\/span><b>Th\u00f4ng tin v\u1ec1 bao cao su c\u00f3 gai Winclove<\/b><span class=\"ez-toc-section-end\"><\/span><\/h2>\n<p><span style=\"font-weight: 400;\">Kh\u00e1c v\u1edbi lo\u1ea1i <a href=\"https:\/\/ngaviet.com\/bao-cao-su-sieu-mong-winclove\/\">bao cao su si\u00eau m\u1ecfng<\/a> c\u00f9ng h\u00e3ng Winclove, lo\u1ea1i bao cao su c\u00f3 gai ph\u00e1 c\u00e1ch h\u01a1n \u0111\u01b0\u1ee3c nh\u00e0 s\u1ea3n xu\u1ea5t nh\u1ea5n nh\u00e1 th\u00eam c\u00e1c <\/span><b>ch\u1ea5m g\u00e2n gai<\/b><span style=\"font-weight: 400;\"> \u0111\u1ed3ng nh\u1ea5t xung quanh th\u00e2n bao \u0111\u1ec3 gi\u00fap ma s\u00e1t v\u00e0o th\u00e0nh \u00e2m \u0111\u1ea1o, nh\u1eefng ch\u1ea5m gai l\u00e0m <\/span><b>t\u0103ng kho\u00e1i c\u1ea3m<\/b><span style=\"font-weight: 400;\">, gi\u00fap k\u00e9o d\u00e0i \u201ccu\u1ed9c y\u00eau\u201d.\u00a0<\/span><\/p>\n<p><span style=\"font-weight: 400;\">V\u1edbi th\u00e0nh ph\u1ea7n <\/span><b>cao su t\u1ef1 nhi\u00ean<\/b><span style=\"font-weight: 400;\">, an to\u00e0n,<\/span><b> m\u1ec1m m\u1ea1i<\/b><span style=\"font-weight: 400;\">. \u0110\u1eb7c bi\u1ec7t, s\u1ea3n ph\u1ea9m c\u00f3 chi\u1ec1u r\u1ed9ng 52mm v\u00e0 chi\u1ec1u d\u00e0i 180mm <\/span><b>v\u1eeba v\u1eb7n<\/b><span style=\"font-weight: 400;\">, <\/span><b>\u00f4m s\u00e1t<\/b><span style=\"font-weight: 400;\"> v\u00e0o d\u01b0\u01a1ng v\u1eadt, ph\u00f9 h\u1ee3p v\u1edbi \u0111\u1ea1i \u0111a s\u1ed1 k\u00edch th\u01b0\u1edbc nam gi\u1edbi Ch\u00e2u \u00c1. \u0110\u1ea3m b\u1ea3o bao cao su Winclove s\u1ebd mang l\u1ea1i c\u1ea3m gi\u00e1c tho\u1ea3i m\u00e1i cho ch\u00e0ng m\u00e0 kh\u00f4ng ph\u1ea3i lo bao cao su qu\u00e1 r\u1ed9ng hay qu\u00e1 ch\u1eadt.<\/span><\/p>\n<p><span style=\"font-weight: 400;\">S\u1ea3n ph\u1ea9m ch\u1ea5t l\u01b0\u1ee3ng cao, \u0111\u01b0\u1ee3c s\u1ea3n xu\u1ea5t theo chu\u1ea9n <\/span><b>c\u00f4ng ngh\u1ec7 USA<\/b><span style=\"font-weight: 400;\"> v\u00e0 ti\u00eau chu\u1ea9n: ISO 9001:2015.<\/span><\/p>\n<h2><span class=\"ez-toc-section\" id=\"Cach_dung_bao_cao_su_gan_gai_Winclove\"><\/span><b>C\u00e1ch d\u00f9ng bao cao su g\u00e2n gai Winclove<\/b><span class=\"ez-toc-section-end\"><\/span><\/h2>\n<p><b>C\u1ea9n th\u1eadn<\/b><span style=\"font-weight: 400;\">: Bao cao su c\u00f3 gai si\u00eau m\u1ecfng Winclove c\u00f3 th\u1ec3 b\u1ecb r\u00e1ch b\u1edfi m\u00f3ng tay ho\u1eb7c c\u00e1c v\u1eadt s\u1eafc nh\u1ecdn theo ng\u01b0\u1eddi nh\u01b0 \u0111\u1ed3ng h\u1ed3, \u0111\u1ed3 trang s\u1ee9c v\u00e0 kh\u00f3a k\u00e9o.\u00a0<\/span><\/p>\n<ol>\n<li><span style=\"font-weight: 400;\"> \u0110eo bao cao su v\u00e0o d\u01b0\u01a1ng v\u1eadt \u0111ang c\u01b0\u01a1ng c\u1ee9ng tr\u01b0\u1edbc khi c\u00f3 b\u1ea5t k\u1ef3 ti\u1ebfp x\u00fac gi\u1eefa d\u01b0\u01a1ng v\u1eadt v\u00e0 c\u01a1 th\u1ec3 b\u1ea1n t\u00ecnh. D\u1ecbch ch\u1ea1y ra t\u1eeb d\u01b0\u01a1ng v\u1eadt trong giai \u0111o\u1ea1n \u201ckh\u1edfi \u0111\u1ed9ng tr\u01b0\u1edbc khi c\u01b0\u01a1ng c\u1ee9ng&#8221; C\u01a0 th\u1ec3 ch\u1ee9a tinh tr\u00f9ng v\u00e0 c\u00e1c m\u1ea7m b\u1ec7n STls.\u00a0<\/span><\/li>\n<li><span style=\"font-weight: 400;\"> C\u1ea9n th\u1eadn x\u00e9 v\u1ecf b\u1ea3o v\u1ec7 t\u1ea1i v\u1ecb tr\u00ed c\u1ea1nh r\u0103ng c\u01b0a \u0111\u1ec3 tr\u00e1nh b\u1ecb h\u01b0 h\u1ea1i bao cao su<\/span><\/li>\n<li><span style=\"font-weight: 400;\"> L\u1ed9n ng\u01b0\u1ee3c bao cao su si\u00eau m\u1ecfng Winclove r\u1ed3i ch\u1ee5p l\u00ean \u0111\u1ea7u d\u01b0\u01a1ng v\u1eadt.\u00a0<\/span><\/li>\n<\/ol>\n<p><span style=\"font-weight: 400;\">Ch\u00fa \u00fd: N\u1ebfu c\u00f3 kh\u00f4ng kh\u00ed b\u00ean \u0111\u1ea7u ch\u1ee9a tinh d\u1ecbch, b\u00f3p nh\u1eb9 \u0111\u1ec3 \u0111\u1ea9y h\u1ebft kh\u00f4ng kh\u00ed ra.\u00a0<\/span><\/p>\n<ol start=\"4\">\n<li><span style=\"font-weight: 400;\"> D\u00f9ng tay vu\u1ed1t ch\u1eadm-\u0111\u1ec1u t\u1eeb bao cao su Winclove xu\u1ed1ng cu\u1ed1i c\u1ee7a d\u01b0\u01a1ng v\u1eadt.\u00a0<\/span><\/li>\n<\/ol>\n<p><span style=\"font-weight: 400;\">Ch\u00fa \u00fd: N\u1ebfu bao cao su kh\u00f4ng tu\u1ed9t xu\u1ed1ng d\u1ec5 d\u00e0ng ngh\u0129a l\u00e0 b\u1ea1n \u0111\u00e3 \u0111eo kh\u00f4ng \u0111\u00fang chi\u1ec1u, n\u00ean h\u1ee7y b\u1ecf v\u00e0 d\u00f9ng m\u1ed9t c\u00e1i m\u1edbi kh\u00e1c.\u00a0<\/span><\/p>\n<ol start=\"5\">\n<li><span style=\"font-weight: 400;\"> Sau khi xu\u1ea5t tinh, t\u1eeb t\u1eeb r\u00fat d\u01b0\u01a1ng v\u1eadt ra kh\u1ecfi \u00e2m \u0111\u1ea1o khi \u0111ang c\u01b0\u01a1ng c\u1ee9ng. Gi\u1eef \u0111\u1ea7u ch\u1ee9a tinh d\u1ecbch khi th\u00e1o bao cao su ra kh\u1ecfi d\u01b0\u01a1ng v\u1eadt \u0111\u1ec3 \u0111\u1ea3m b\u1ea3o tinh d\u1ecbch kh\u00f4ng b\u1ecb tr\u00e0o ra ngo\u00e0i.\u00a0<\/span><\/li>\n<li><span style=\"font-weight: 400;\"> Kh\u00f4ng x\u1ea3 bao cao su v\u00e0 toilet m\u00e0 d\u00f9ng gi\u1ea5y v\u1ec7 sinh qu\u1ea5n l\u1ea1i cho v\u00e0o th\u00f9ng r\u00e1c \u0111\u1ec3 h\u1ee7y theo quy \u0111\u1ecbnh.<\/span><\/li>\n<\/ol>\n<h2><span class=\"ez-toc-section\" id=\"Luu_y_khi_su_dung_bao_cao_su_Winclove\"><\/span><b>L\u01b0u \u00fd khi s\u1eed d\u1ee5ng bao cao su Winclove<\/b><span class=\"ez-toc-section-end\"><\/span><\/h2>\n<ul>\n<li style=\"font-weight: 400;\" aria-level=\"1\"><span style=\"font-weight: 400;\">KH\u00d4NG S\u1eec D\u1ee4NG BAO NHI\u1ec0U H\u01a0N M\u1ed8T L\u1ea6N\u00a0<\/span><\/li>\n<li style=\"font-weight: 400;\" aria-level=\"1\"><span style=\"font-weight: 400;\">Vi\u1ec7c t\u00e1i s\u1eed d\u1ee5ng bao cao su s\u1ebd l\u00e0m t\u0103ng nguy c\u01a1 bao b\u1ecb tu\u1ed9t ho\u1eb7c r\u00e1ch, h\u1eadu qu\u1ea3 c\u00f3 th\u1ec3 l\u00e0 mang thai ngo\u00e0i \u00fd mu\u1ed1n, l\u00e2y nhi\u1ec5m HIV ho\u1eb7c c\u00e1c b\u1ec7nh STIs.<\/span><\/li>\n<li style=\"font-weight: 400;\" aria-level=\"1\"><span style=\"font-weight: 400;\">Ch\u1ec9 d\u00f9ng m\u1ed9t bao cao su cho m\u1ed7i l\u1ea7n quan h\u1ec7<\/span><\/li>\n<li style=\"font-weight: 400;\" aria-level=\"1\"><span style=\"font-weight: 400;\">D\u00f9ng bao cao su m\u1edbi cho m\u1ed7i l\u1ea7n c\u01b0\u01a1ng c\u1ee9ng<\/span><\/li>\n<li style=\"font-weight: 400;\" aria-level=\"1\"><span style=\"font-weight: 400;\">Kh\u00f4ng d\u00f9ng m\u00f3ng tay ho\u1eb7c v\u1eadt nh\u1ecdn ch\u1ea1m v\u00e0o c\u00f3 th\u1ec3 g\u00e2y th\u1ee7ng ho\u1eb7c r\u00e1ch bao<\/span><\/li>\n<li style=\"font-weight: 400;\" aria-level=\"1\"><span style=\"font-weight: 400;\">Bao cao su c\u00f3 th\u1ec3 g\u00e2y d\u1ecb \u1ee9ng<\/span><\/li>\n<li style=\"font-weight: 400;\" aria-level=\"1\"><span style=\"font-weight: 400;\">Khi b\u1ecb d\u1ecb \u1ee9ng do bao cao su c\u1ea7n d\u1eebng ngay v\u00e0 tham v\u1ea5n B\u00e1c s\u0129 c\u1ee7a b\u1ea1n<\/span><\/li>\n<li style=\"font-weight: 400;\" aria-level=\"1\"><span style=\"font-weight: 400;\">Bao \u0111\u01b0\u1ee3c thi\u1ebft k\u1ebf b\u1edfi giao h\u1ee3p qua \u0111\u01b0\u1eddng \u00e2m \u0111\u1ea1o, giao h\u1ee3p c\u00e1c v\u1ecb tr\u00ed kh\u00e1c c\u00f3 th\u1ec3 l\u00e0m t\u0103ng nguy c\u01a1 h\u01b0 h\u1ea1i, Khi s\u1eed d\u1ee5ng \u0111\u00fang c\u00e1ch, bao cao su s\u1ebd gi\u00fap tr\u00e1nh thai, HIV [AIDS) v\u00e0 c\u00e1c b\u1ec7nh l\u00e2y nhi\u1ec5m qua \u0111\u01b0\u1eddng t\u00ecnh d\u1ee5c (STIC kh\u00e1c nh\u01b0 giang mai, b\u1ec7nh l\u1eadu, vi\u00eam gan B, n\u1ea5m c\u1ed5 t\u1eed cung herpSS,&#8230;Tuy nhi\u00ean, kh\u00f4ng c\u00f3 ph\u01b0\u01a1ng ph\u00e1p n\u00e0o \u0111\u1ea3m b\u1ea3o an to\u00e0n 100% c\u1ea3. N\u1ebfu s\u1eed d\u1ee5ng th\u00eam ch\u1ea5t b\u00f4i tr\u01a1n c\u1ea7n \u0111\u1ea3m b\u1ea3o ch\u1ea5t b\u00f4i tr\u01a1n \u0111\u00f3 t\u01b0\u01a1ng th\u00edch v\u1edbi bao cao su. Kh\u00f4ng s\u1eed d\u1ee5ng bao cao su Winclove \u0111\u00e3 h\u1ebft h\u1ea1n s\u1eed d\u1ee5ng<\/span><\/li>\n<li style=\"font-weight: 400;\" aria-level=\"1\"><span style=\"font-weight: 400;\">N\u1ebfu bao b\u1ecb r\u00e1ch ho\u1eb7c tu\u1ed9t trong khi giao h\u1ee3p; r\u00fat d\u01b0\u01a1ng v\u1eadt ra kh\u1ecfi \u00e2m \u0111\u1ea1o, th\u00e1o ngay bao ra v\u00e0 tham v\u1ea5n b\u00e1c s\u0129 v\u1ec1 vi\u1ec7c mang thai ho\u1eb7c c\u00e1ch ph\u00f2ng b\u1ec7nh STls<\/span><\/li>\n<li style=\"font-weight: 400;\" aria-level=\"1\"><span style=\"font-weight: 400;\">Tham v\u1ea5n v\u1edbi b\u00e1c s\u0129 ho\u1eb7c d\u01b0\u1ee3c s\u0129 v\u1ec1 vi\u1ec7c t\u01b0\u01a1ng th\u00edch gi\u1eefa bao cao su v\u1edbi lo\u1ea1i thu\u1ed1c b\u1ea1n d\u00f9ng \u0111\u1ec3 \u0111i\u1ec1u tr\u1ecb c\u00e1c b\u1ec7nh do d\u01b0\u01a1ng v\u1eadt v\u00e0 \u00e2m \u0111\u1ea1o<\/span><\/li>\n<li style=\"font-weight: 400;\" aria-level=\"1\"><span style=\"font-weight: 400;\">T\u00ecm ki\u1ebfm tr\u1ee3 gi\u00fap y t\u1ebf c\u00e0ng s\u1edbm c\u00e0ng t\u1ed1t, v\u00e0 trong v\u00f2ng 72 gi\u1edd n\u1ebfu bao cao su b\u1ecb r\u00e1ch hay n\u1ed5 trong khi quan h\u1ec7<\/span><\/li>\n<\/ul>\n<h2><span class=\"ez-toc-section\" id=\"Cach_bao_quan_san_pham\"><\/span><b>C\u00e1ch b\u1ea3o qu\u1ea3n s\u1ea3n ph\u1ea9m<\/b><span class=\"ez-toc-section-end\"><\/span><\/h2>\n<ol>\n<li><span style=\"font-weight: 400;\"> Kh\u00f4ng \u0111\u1ec3 bao cao su trong c\u00e1c \u0111i\u1ec1u ki\u1ec7n sau:\u00a0<\/span><\/li>\n<li><span style=\"font-weight: 400;\">a) B\u1ea3o qu\u1ea3n n\u01a1i kh\u00f4 r\u00e1o (&lt;25\u00b0C v\u00e0 tr\u00e1nh \u00e1nh n\u1eafng m\u1eb7t tr\u1eddi)\u00a0<\/span><\/li>\n<li><span style=\"font-weight: 400;\">b) N\u01a1i c\u00f3 nhi\u1ec7t \u0111\u1ed9 v\u00e0 \u0111\u1ed9 \u1ea9m b\u1ea5t th\u01b0\u1eddng<\/span><\/li>\n<li><span style=\"font-weight: 400;\">c) Khu v\u1ef1c c\u00f3 h\u00f3a ch\u1ea5t c\u00f4n tr\u00f9ng<\/span><\/li>\n<li><span style=\"font-weight: 400;\"> Gi\u1eef l\u1ea1i h\u1ed9p \u0111\u1ec3 ch\u1eefa thay ch\u01b0a s\u1eed d\u1ee5ng:\u00a0<\/span><\/li>\n<\/ol>\n<p><span style=\"font-weight: 400;\">Kh\u00f4ng gi\u1eef bao cao su m\u00e0 kh\u00f4ng c\u00f3 h\u1ed9p b\u1ea3o v\u1ec7.\u00a0<\/span><\/p>\n<p><span style=\"font-weight: 400;\">N\u1ebfu c\u00f3 b\u1ea5t k\u1ef3 c\u00e2u vui l\u00f2ng li\u00ean h\u1ec7 v\u1edbi nh\u00e0 ph\u00e2n ph\u1ed1i ghi tr\u00ean v\u1ecf h\u1ed9p t\u1ea1i qu\u1ed1c gia b\u1ea1n s\u1ed1ng.<\/span><\/p>\n<p><span style=\"font-weight: 400;\">S\u1ea3n ph\u1ea9m \u0111\u01b0\u1ee3c ph\u00e2n ph\u1ed1i b\u1edfi: C\u00f4ng ty TNHH Th\u01b0\u01a1ng M\u1ea1i Nga Vi\u1ec7t<\/span><\/p>\n<p><span style=\"font-weight: 400;\">\u0110\u1ecba ch\u1ec9:644\/2 \u0110\u01b0\u1eddng 3\/2, P.14, Q.10, TP. H\u1ed3 Ch\u00ed Minh.<\/span><\/p>\n<p><span style=\"font-weight: 400;\">Nh\u00e0 nh\u1eadp kh\u1ea9u: VinhThinh Contrucstion.,JSC.<\/span><\/p>\n<p>N\u1ebfu b\u1ea1n quan t\u00e2m v\u1ec1 s\u1ea3n ph\u1ea9m c\u00f3 th\u1ec3 li\u00ean h\u1ec7 \u0111\u1eb7t mua h\u00e0ng t\u1ea1i Nga Vi\u1ec7t Pharma th\u00f4ng qua:<\/p>\n<ul>\n<li><em>Hotline: 0933.248.096<\/em><\/li>\n<li><em>Email:\u00a0<a href=\"mailto:cskh.ngaviet@gmail.com\">cskh.ngaviet@gmail.com<\/a><\/em><\/li>\n<li><em>Zalo OA:\u00a0<a href=\"https:\/\/zalo.me\/2042719656458438425?src=media\" target=\"_blank\" rel=\"noopener\">https:\/\/zalo.me\/2042719656458438425?src=media<\/a><\/em><\/li>\n<li><em>Fanpage Nga Vi\u1ec7t Pharma:\u00a0<a href=\"https:\/\/www.facebook.com\/ngavietpharma\" target=\"_blank\" rel=\"noopener\">https:\/\/www.facebook.com\/ngavietpharma<\/a><\/em><\/li>\n<\/ul>\n","protected":false},"excerpt":{"rendered":"<ul>\n<li style=\"font-weight: 400;\" aria-level=\"1\"><b>C\u00f4ng d\u1ee5ng<\/b><span style=\"font-weight: 400;\">: Ph\u00f2ng tr\u00e1nh thai &amp; l\u00e2y nhi\u1ec5m qua \u0111\u01b0\u1eddng t\u00ecnh d\u1ee5c<\/span><\/li>\n<li style=\"font-weight: 400;\" aria-level=\"1\"><b>Quy c\u00e1ch<\/b><span style=\"font-weight: 400;\">: H\u1ed9p 10 c\u00e1i (Th\u00f9ng 480 h\u1ed9p)<\/span><\/li>\n<li style=\"font-weight: 400;\" aria-level=\"1\"><b>Lo\u1ea1i<\/b><span style=\"font-weight: 400;\">: Ch\u1ea5m t\u0103ng kho\u00e1i c\u1ea3m\u00a0<\/span><\/li>\n<li style=\"font-weight: 400;\" aria-level=\"1\"><b>K\u00edch th\u01b0\u1edbc<\/b><span style=\"font-weight: 400;\">: 180 mm x 52 mm\u00a0<\/span><\/li>\n<li style=\"font-weight: 400;\" aria-level=\"1\"><b>Th\u00e0nh ph\u1ea7n<\/b><span style=\"font-weight: 400;\">: Cao su t\u1ef1 nhi\u00ean<\/span><\/li>\n<\/ul>\n","protected":false},"featured_media":3445,"comment_status":"open","ping_status":"closed","template":"","meta":[],"product_cat":[15,54],"product_tag":[],"_links":{"self":[{"href":"https:\/\/ngaviet.com\/vi\/wp-json\/wp\/v2\/product\/3444"}],"collection":[{"href":"https:\/\/ngaviet.com\/vi\/wp-json\/wp\/v2\/product"}],"about":[{"href":"https:\/\/ngaviet.com\/vi\/wp-json\/wp\/v2\/types\/product"}],"replies":[{"embeddable":true,"href":"https:\/\/ngaviet.com\/vi\/wp-json\/wp\/v2\/comments?post=3444"}],"wp:featuredmedia":[{"embeddable":true,"href":"https:\/\/ngaviet.com\/vi\/wp-json\/wp\/v2\/media\/3445"}],"wp:attachment":[{"href":"https:\/\/ngaviet.com\/vi\/wp-json\/wp\/v2\/media?parent=3444"}],"wp:term":[{"taxonomy":"product_cat","embeddable":true,"href":"https:\/\/ngaviet.com\/vi\/wp-json\/wp\/v2\/product_cat?post=3444"},{"taxonomy":"product_tag","embeddable":true,"href":"https:\/\/ngaviet.com\/vi\/wp-json\/wp\/v2\/product_tag?post=3444"}],"curies":[{"name":"wp","href":"https:\/\/api.w.org\/{rel}","templated":true}]}}