{"id":346,"date":"2021-10-20T10:20:10","date_gmt":"2021-10-20T03:20:10","guid":{"rendered":"https:\/\/ngaviet.com\/?post_type=product&#038;p=346"},"modified":"2026-05-05T04:14:04","modified_gmt":"2026-05-04T21:14:04","slug":"hoat-huyet-duong-nao-ginko-plus","status":"publish","type":"product","link":"https:\/\/ngaviet.com\/vi\/hoat-huyet-duong-nao-ginko-plus\/","title":{"rendered":"Ho\u1ea1t huy\u1ebft d\u01b0\u1ee1ng n\u00e3o Ginko Plus 150mg"},"content":{"rendered":"<div id=\"ez-toc-container\" class=\"ez-toc-v2_0_58 counter-hierarchy ez-toc-counter ez-toc-light-blue ez-toc-container-direction\">\n<div class=\"ez-toc-title-container\">\n<p class=\"ez-toc-title \" >M\u1ee5c l\u1ee5c<\/p>\n<span class=\"ez-toc-title-toggle\"><a href=\"#\" class=\"ez-toc-pull-right ez-toc-btn ez-toc-btn-xs ez-toc-btn-default ez-toc-toggle\" aria-label=\"Toggle Table of Content\" role=\"button\"><label for=\"item-69fbe0220507f\" ><span class=\"\"><span class=\"eztoc-hide\" style=\"display:none;\">Toggle<\/span><span class=\"ez-toc-icon-toggle-span\"><svg style=\"fill: #999;color:#999\" xmlns=\"http:\/\/www.w3.org\/2000\/svg\" class=\"list-377408\" width=\"20px\" height=\"20px\" viewBox=\"0 0 24 24\" fill=\"none\"><path d=\"M6 6H4v2h2V6zm14 0H8v2h12V6zM4 11h2v2H4v-2zm16 0H8v2h12v-2zM4 16h2v2H4v-2zm16 0H8v2h12v-2z\" fill=\"currentColor\"><\/path><\/svg><svg style=\"fill: #999;color:#999\" class=\"arrow-unsorted-368013\" xmlns=\"http:\/\/www.w3.org\/2000\/svg\" width=\"10px\" height=\"10px\" viewBox=\"0 0 24 24\" version=\"1.2\" baseProfile=\"tiny\"><path d=\"M18.2 9.3l-6.2-6.3-6.2 6.3c-.2.2-.3.4-.3.7s.1.5.3.7c.2.2.4.3.7.3h11c.3 0 .5-.1.7-.3.2-.2.3-.5.3-.7s-.1-.5-.3-.7zM5.8 14.7l6.2 6.3 6.2-6.3c.2-.2.3-.5.3-.7s-.1-.5-.3-.7c-.2-.2-.4-.3-.7-.3h-11c-.3 0-.5.1-.7.3-.2.2-.3.5-.3.7s.1.5.3.7z\"\/><\/svg><\/span><\/span><\/label><input aria-label=\"Toggle\" aria-label=\"item-69fbe0220507f\"  type=\"checkbox\" id=\"item-69fbe0220507f\"><\/a><\/span><\/div>\n<nav><ul class='ez-toc-list ez-toc-list-level-1 eztoc-toggle-hide-by-default' ><li class='ez-toc-page-1 ez-toc-heading-level-2'><a class=\"ez-toc-link ez-toc-heading-1\" href=\"https:\/\/ngaviet.com\/vi\/hoat-huyet-duong-nao-ginko-plus\/#Thong_tin_san_pham_Ginko_Plus\" title=\"Th\u00f4ng tin s\u1ea3n ph\u1ea9m Ginko Plus\">Th\u00f4ng tin s\u1ea3n ph\u1ea9m Ginko Plus<\/a><\/li><li class='ez-toc-page-1 ez-toc-heading-level-2'><a class=\"ez-toc-link ez-toc-heading-2\" href=\"https:\/\/ngaviet.com\/vi\/hoat-huyet-duong-nao-ginko-plus\/#Thanh_phan_co_trong_Ginko_Plus_150mg\" title=\"Th\u00e0nh ph\u1ea7n c\u00f3 trong Ginko Plus 150mg\">Th\u00e0nh ph\u1ea7n c\u00f3 trong Ginko Plus 150mg<\/a><\/li><li class='ez-toc-page-1 ez-toc-heading-level-2'><a class=\"ez-toc-link ez-toc-heading-3\" href=\"https:\/\/ngaviet.com\/vi\/hoat-huyet-duong-nao-ginko-plus\/#Cong_dung_cua_Ginko_Plus\" title=\"C\u00f4ng d\u1ee5ng c\u1ee7a Ginko Plus\">C\u00f4ng d\u1ee5ng c\u1ee7a Ginko Plus<\/a><\/li><li class='ez-toc-page-1 ez-toc-heading-level-2'><a class=\"ez-toc-link ez-toc-heading-4\" href=\"https:\/\/ngaviet.com\/vi\/hoat-huyet-duong-nao-ginko-plus\/#Doi_tuong_su_dung\" title=\"\u0110\u1ed1i t\u01b0\u1ee3ng s\u1eed d\u1ee5ng\">\u0110\u1ed1i t\u01b0\u1ee3ng s\u1eed d\u1ee5ng<\/a><\/li><li class='ez-toc-page-1 ez-toc-heading-level-2'><a class=\"ez-toc-link ez-toc-heading-5\" href=\"https:\/\/ngaviet.com\/vi\/hoat-huyet-duong-nao-ginko-plus\/#Cach_dung\" title=\"C\u00e1ch d\u00f9ng\">C\u00e1ch d\u00f9ng<\/a><\/li><li class='ez-toc-page-1 ez-toc-heading-level-2'><a class=\"ez-toc-link ez-toc-heading-6\" href=\"https:\/\/ngaviet.com\/vi\/hoat-huyet-duong-nao-ginko-plus\/#Canh_bao_ve_suc_khoe\" title=\"C\u1ea3nh b\u00e1o v\u1ec1 s\u1ee9c kh\u1ecfe\">C\u1ea3nh b\u00e1o v\u1ec1 s\u1ee9c kh\u1ecfe<\/a><\/li><li class='ez-toc-page-1 ez-toc-heading-level-2'><a class=\"ez-toc-link ez-toc-heading-7\" href=\"https:\/\/ngaviet.com\/vi\/hoat-huyet-duong-nao-ginko-plus\/#Cach_bao_quan\" title=\"C\u00e1ch b\u1ea3o qu\u1ea3n\">C\u00e1ch b\u1ea3o qu\u1ea3n<\/a><\/li><\/ul><\/nav><\/div>\n\n<h2><span class=\"ez-toc-section\" id=\"Thong_tin_san_pham_Ginko_Plus\"><\/span><b>Th\u00f4ng tin s\u1ea3n ph\u1ea9m Ginko Plus<\/b><span class=\"ez-toc-section-end\"><\/span><\/h2>\n<p><span style=\"font-weight: 400;\">Ginko Plus l\u00e0 th\u1ef1c ph\u1ea9m ch\u1ee9c n\u0103ng ho\u1ea1t huy\u1ebft d\u01b0\u1ee1ng n\u00e3o, h\u1ed7 tr\u1ee3 t\u0103ng c\u01b0\u1eddng tu\u1ea7n ho\u00e0n n\u00e3o, gi\u1ea3m \u0111au \u0111\u1ea7u hoa m\u1eaft, m\u1ea5t ng\u1ee7. V\u1edbi th\u00e0nh ph\u1ea7n t\u1eeb <a href=\"https:\/\/vinmec.com\/vi\/thong-tin-duoc\/su-dung-thuoc-toan\/loi-ich-suc-khoe-cua-ginkgo-biloba\/\" rel=\"nofollow noopener\" target=\"_blank\">Cao Ginkgo biloba<\/a> hay c\u00f2n g\u1ecdi l\u00e0 Cao b\u1ea1ch qu\u1ea3 l\u00e0 m\u1ed9t trong nh\u1eefng lo\u00e0i th\u1ef1c v\u1eadt c\u1ed5 x\u01b0a t\u1eeb k\u1ef7 Jura.<\/span><\/p>\n<p><span style=\"font-weight: 400;\">Cao b\u1ea1ch qu\u1ea3 c\u00f3 ch\u1ee9a nhi\u1ec1u ch\u1ea5t ch\u1ed1ng oxy h\u00f3a v\u00e0 kh\u00e1ng vi\u00eam, ngo\u00e0i ra d\u1ecbch chi\u1ebft t\u1eeb c\u00e2y b\u1ea1ch qu\u1ea3 c\u0169ng \u0111\u00e3 \u0111\u01b0\u1ee3c ch\u1ee9ng minh c\u00f3 kh\u1ea3 n\u0103ng ch\u1ed1ng \u0111\u00f4ng m\u00e1u, t\u0103ng l\u01b0u l\u01b0\u1ee3ng m\u00e1u n\u00e3o trong ph\u00f2ng th\u00ed nghi\u1ec7m.\u00a0<\/span><\/p>\n<p><span style=\"font-weight: 400;\">Trong \u0110\u00f4ng y, B\u1ea1ch qu\u1ea3 \u0111\u01b0\u1ee3c d\u00f9ng \u0111\u1ec3 gi\u00fap ho\u1ea1t huy\u1ebft, h\u1ed7 tr\u1ee3 t\u0103ng tu\u1ea7n ho\u00e0n m\u00e1u n\u00e3o.<\/span><\/p>\n<p><span style=\"font-weight: 400;\">Ngo\u00e0i ra, trong b\u1ea3ng th\u00e0nh ph\u1ea7n Ginko Plus 150mg c\u00f2n ch\u1ee9a c\u00e1c vitamin B1, B6, B12, cao b\u00ecnh v\u00f4i, cao b\u00ecnh ti\u00ean,&#8230;t\u1ed1t cho qu\u00e1 tr\u00ecnh tu\u1ea7n ho\u00e0n n\u00e3o.<\/span><\/p>\n<h2><span class=\"ez-toc-section\" id=\"Thanh_phan_co_trong_Ginko_Plus_150mg\"><\/span><b>Th\u00e0nh ph\u1ea7n c\u00f3 trong Ginko Plus 150mg<\/b><span class=\"ez-toc-section-end\"><\/span><\/h2>\n<p><span style=\"font-weight: 400;\">Cao ginkgo biloba (Cao b\u1ea1ch qu\u1ea3)&#8230;150mg (T\u01b0\u01a1ng \u0111\u01b0\u01a1ng Ginkgo biloba (B\u1ea1ch qu\u1ea3) 1500mg)<\/span><\/p>\n<p><span style=\"font-weight: 400;\">Cao b\u00ecnh v\u00f4i (Stephania glabra extract)&#8230;30mg (T\u01b0\u01a1ng \u0111\u01b0\u01a1ng B\u00ecnh v\u00f4i (Stephania glabra) 300mg)<\/span><\/p>\n<p><span style=\"font-weight: 400;\">Cao l\u1ea1c ti\u00ean (Passiflora foetida extract)&#8230;30mg (T\u01b0\u01a1ng \u0111\u01b0\u01a1ng L\u1ea1c ti\u00ean (Passiflora foetida) 300mg)<\/span><\/p>\n<p><span style=\"font-weight: 400;\">Rutin&#8230;&#8230;&#8230;&#8230;&#8230;&#8230;&#8230;&#8230;&#8230;&#8230;&#8230;&#8230;&#8230;&#8230;&#8230;&#8230;&#8230;&#8230;&#8230;&#8230;&#8230;&#8230;&#8230;&#8230;&#8230;&#8230;&#8230;&#8230;&#8230;&#8230;&#8230;&#8230;&#8230;&#8230;&#8230;&#8230;&#8230;&#8230;&#8230;&#8230;..10 mg<\/span><\/p>\n<p><span style=\"font-weight: 400;\">Vitamin B1&#8230;&#8230;&#8230;&#8230;&#8230;&#8230;&#8230;&#8230;&#8230;&#8230;&#8230;&#8230;&#8230;&#8230;&#8230;&#8230;&#8230;&#8230;&#8230;&#8230;&#8230;&#8230;&#8230;&#8230;&#8230;&#8230;&#8230;&#8230;&#8230;&#8230;&#8230;&#8230;&#8230;&#8230;&#8230;&#8230;&#8230;..2 mg<\/span><\/p>\n<p><span style=\"font-weight: 400;\">Vitamin B6&#8230;&#8230;&#8230;&#8230;&#8230;&#8230;&#8230;&#8230;&#8230;&#8230;&#8230;&#8230;&#8230;&#8230;&#8230;&#8230;&#8230;&#8230;&#8230;&#8230;&#8230;&#8230;&#8230;&#8230;&#8230;&#8230;&#8230;&#8230;&#8230;&#8230;&#8230;&#8230;&#8230;&#8230;&#8230;&#8230;&#8230;..2 mg<\/span><\/p>\n<p><span style=\"font-weight: 400;\">Vitamin B12&#8230;&#8230;&#8230;&#8230;&#8230;&#8230;&#8230;&#8230;&#8230;&#8230;&#8230;&#8230;&#8230;&#8230;&#8230;&#8230;&#8230;&#8230;&#8230;&#8230;&#8230;&#8230;&#8230;&#8230;&#8230;&#8230;&#8230;&#8230;&#8230;&#8230;&#8230;&#8230;&#8230;&#8230;&#8230;&#8230;.10 mcg<\/span><\/p>\n<h2><span class=\"ez-toc-section\" id=\"Cong_dung_cua_Ginko_Plus\"><\/span><b>C\u00f4ng d\u1ee5ng c\u1ee7a Ginko Plus<\/b><span class=\"ez-toc-section-end\"><\/span><\/h2>\n<ul>\n<li style=\"font-weight: 400;\" aria-level=\"1\"><span style=\"font-weight: 400;\">T\u0103ng c\u01b0\u1eddng tu\u1ea7n ho\u00e0n n\u00e3o, gi\u1ea3m \u0111au \u0111\u1ea7u, hoa m\u1eaft, ch\u00f3ng m\u1eb7t, m\u1ea5t ng\u1ee7.<\/span><\/li>\n<li style=\"font-weight: 400;\" aria-level=\"1\"><span style=\"font-weight: 400;\">Gi\u00fap ho\u1ea1t huy\u1ebft, h\u1ed7 tr\u1ee3 t\u0103ng c\u01b0\u1eddng tu\u1ea7n ho\u00e0n n\u00e3o. H\u1ed7 tr\u1ee3 gi\u1ea3m c\u00e1c bi\u1ec3u hi\u1ec7n thi\u1ec3u n\u0103ng tu\u1ea7n ho\u00e0n n\u00e3o<\/span><\/li>\n<\/ul>\n<h2><span class=\"ez-toc-section\" id=\"Doi_tuong_su_dung\"><\/span><b>\u0110\u1ed1i t\u01b0\u1ee3ng s\u1eed d\u1ee5ng<\/b><span class=\"ez-toc-section-end\"><\/span><\/h2>\n<p><span style=\"font-weight: 400;\">Ng\u01b0\u1eddi b\u1ecb thi\u1ec3u n\u0103ng tu\u1ea7n ho\u00e0n n\u00e3o v\u1edbi c\u00e1c bi\u1ec3u hi\u1ec7n: \u0111au \u0111\u1ea7u, hoa m\u1eaft, ch\u00f3ng m\u1eb7t, m\u1ea5t ng\u1ee7, suy gi\u1ea3m tr\u00ed nh\u1edb.<\/span><\/p>\n<h2><span class=\"ez-toc-section\" id=\"Cach_dung\"><\/span><b>C\u00e1ch d\u00f9ng<\/b><span class=\"ez-toc-section-end\"><\/span><\/h2>\n<p><span style=\"font-weight: 400;\">Ng\u01b0\u1eddi l\u1edbn: U\u1ed1ng 1-2 vi\u00ean tr\u01b0\u1edbc khi \u0111i ng\u1ee7 30 ph\u00fat \u2013 1 gi\u1edd.<\/span><\/p>\n<h2><span class=\"ez-toc-section\" id=\"Canh_bao_ve_suc_khoe\"><\/span><b>C\u1ea3nh b\u00e1o v\u1ec1 s\u1ee9c kh\u1ecfe<\/b><span class=\"ez-toc-section-end\"><\/span><\/h2>\n<ul>\n<li style=\"font-weight: 400;\" aria-level=\"1\"><span style=\"font-weight: 400;\">Khuy\u1ebfn c\u00e1o: Ph\u1ee5 n\u1eef c\u00f3 thai v\u00e0 cho con b\u00fa, ph\u1ee5 n\u1eef m\u00e3n kinh, ng\u01b0\u1eddi chu\u1ea9n b\u1ecb ph\u1eabu thu\u1eadt kh\u00f4ng n\u00ean d\u00f9ng.<\/span><\/li>\n<li style=\"font-weight: 400;\" aria-level=\"1\"><span style=\"font-weight: 400;\">C\u1ea3nh b\u00e1o: Th\u1eadn tr\u1ecdng v\u1edbi ng\u01b0\u1eddi l\u00e1i xe, v\u1eadn h\u00e0nh m\u00e1y m\u00f3c. D\u1eebng u\u1ed1ng n\u1ebfu m\u1eabn c\u1ea3m v\u1edbi m\u1ed9t trong c\u00e1c th\u00e0nh ph\u1ea7n c\u1ee7a s\u1ea3n ph\u1ea9m.<\/span><\/li>\n<\/ul>\n<h2><span class=\"ez-toc-section\" id=\"Cach_bao_quan\"><\/span><b>C\u00e1ch b\u1ea3o qu\u1ea3n<\/b><span class=\"ez-toc-section-end\"><\/span><\/h2>\n<p><span style=\"font-weight: 400;\">B\u1ea3o qu\u1ea3n n\u01a1i kh\u00f4 r\u00e1o, tho\u00e1ng m\u00e1t, tr\u00e1nh \u00e1nh n\u1eafng tr\u1ef1c ti\u1ebfp, nhi\u1ec7t \u0111\u1ed9 kh\u00f4ng qu\u00e1 30 \u0111\u1ed9 C. \u0110\u1ec3 xa t\u1ea7m tay tr\u1ebb em.<\/span><\/p>\n<p><span style=\"font-weight: 400;\">C\u00f4ng ty TNHH PTTM D\u01b0\u1ee3c Ph\u1ea9m An Ph\u00e1t<\/span><\/p>\n<p><span style=\"font-weight: 400;\">\u0110\u1ecba ch\u1ec9: S\u1ed1 43 ng\u00f5 145\/93\/2 C\u1ed5 Nhu\u1ebf, Ph\u01b0\u1eddng C\u1ed5 Nhu\u1ebf 2, qu\u1eadn B\u1eafc T\u1eeb Li\u00eam, Th\u00e0nh ph\u1ed1 H\u00e0 N\u1ed9i<\/span><\/p>\n<p><b>S\u1ea3n xu\u1ea5t t\u1ea1i C\u00f4ng ty C\u1ed5 Ph\u1ea7n d\u01b0\u1ee3c v\u1eadt t\u01b0 y t\u1ebf H\u1ea3i D\u01b0\u01a1ng<\/b><\/p>\n<p><span style=\"font-weight: 400;\">\u0110\u1ecba ch\u1ec9: s\u1ed1 102 Chi L\u0103ng, Ph\u01b0\u1eddng Nguy\u1ec5n Tr\u00e3i, TP. H\u1ea3i D\u01b0\u01a1ng, T\u1ec9nh H\u1ea3i D\u01b0\u01a1ng<\/span><\/p>\n<p><span style=\"font-weight: 400;\">S\u1ea3n ph\u1ea9m \u0111\u00e3 \u0111\u01b0\u1ee3c B\u1ed9 y t\u1ebf C\u1ee5c an to\u00e0n th\u1ef1c ph\u1ea9m Vi\u1ec7t Nam c\u1ea5p gi\u1ea5y ch\u1ee9ng nh\u1eadn c\u00f4ng b\u1ed1 s\u1ea3n ph\u1ea9m s\u1ed1: <\/span>3732\/2018\/\u0110KSP<\/p>\n<p><img decoding=\"async\" loading=\"lazy\" class=\"wp-image-2771 aligncenter\" src=\"https:\/\/ngaviet.com\/wp-content\/uploads\/2021\/10\/2018-Ginko-plus_page-0001.jpg\" alt=\"ginko-plus\" width=\"516\" height=\"668\" \/><\/p>\n<p>N\u1ebfu b\u1ea1n quan t\u00e2m v\u1ec1 s\u1ea3n ph\u1ea9m c\u00f3 th\u1ec3 li\u00ean h\u1ec7 \u0111\u1eb7t mua h\u00e0ng th\u00f4ng qua:<\/p>\n<ul>\n<li>Hotline:\u00a0<strong>0933.248.096<\/strong><\/li>\n<li>Email:\u00a0<em><a href=\"mailto:cskh.ngaviet@gmail.com\">cskh.ngaviet@gmail.com<\/a><\/em><\/li>\n<li>Zalo OA:\u00a0<em><a href=\"https:\/\/zalo.me\/2042719656458438425?src=media\" target=\"_blank\" rel=\"noopener\">https:\/\/zalo.me\/2042719656458438425?src=media<\/a><\/em><\/li>\n<li>Fanpage Nga Vi\u1ec7t Pharma:\u00a0<em><a href=\"https:\/\/www.facebook.com\/ngavietpharma\" target=\"_blank\" rel=\"noopener\">https:\/\/www.facebook.com\/ngavietpharma<\/a><\/em><\/li>\n<\/ul>\n","protected":false},"excerpt":{"rendered":"<ul>\n<li style=\"font-weight: 400;\" aria-level=\"1\"><b>C\u00f4ng d\u1ee5ng<\/b><span style=\"font-weight: 400;\">: T\u0103ng c\u01b0\u1eddng tu\u1ea7n ho\u00e0n n\u00e3o, gi\u1ea3m \u0111au \u0111\u1ea7u, hoa m\u1eaft, ch\u00f3ng m\u1eb7t, m\u1ea5t ng\u1ee7<\/span><\/li>\n<li style=\"font-weight: 400;\" aria-level=\"1\"><b>Nh\u00e0 s\u1ea3n xu\u1ea5t<\/b><span style=\"font-weight: 400;\">: D\u01b0\u1ee3c H\u1ea3i D\u01b0\u01a1ng &#8211; VN<\/span><\/li>\n<li style=\"font-weight: 400;\" aria-level=\"1\"><b>Quy c\u00e1ch<\/b><span style=\"font-weight: 400;\">: H\u1ed9p 100 vi\u00ean nang m\u1ec1m<\/span><\/li>\n<li style=\"font-weight: 400;\" aria-level=\"1\"><b>C\u00e1ch d\u00f9ng<\/b><span style=\"font-weight: 400;\">: u\u1ed1ng 1-2 vi\u00ean tr\u01b0\u1edbc khi ng\u1ee7 1 gi\u1edd<\/span><\/li>\n<li><b><span style=\"color: #282828;\">H\u1ea1n d\u00f9ng<\/span>: <\/b><span style=\"font-weight: 400;\">3 n\u0103m k\u1ec3 t\u1eeb ng\u00e0y s\u1ea3n xu\u1ea5t<\/span><\/li>\n<\/ul>\n","protected":false},"featured_media":3604,"comment_status":"open","ping_status":"closed","template":"","meta":[],"product_cat":[15,67,30,56],"product_tag":[101],"_links":{"self":[{"href":"https:\/\/ngaviet.com\/vi\/wp-json\/wp\/v2\/product\/346"}],"collection":[{"href":"https:\/\/ngaviet.com\/vi\/wp-json\/wp\/v2\/product"}],"about":[{"href":"https:\/\/ngaviet.com\/vi\/wp-json\/wp\/v2\/types\/product"}],"replies":[{"embeddable":true,"href":"https:\/\/ngaviet.com\/vi\/wp-json\/wp\/v2\/comments?post=346"}],"wp:featuredmedia":[{"embeddable":true,"href":"https:\/\/ngaviet.com\/vi\/wp-json\/wp\/v2\/media\/3604"}],"wp:attachment":[{"href":"https:\/\/ngaviet.com\/vi\/wp-json\/wp\/v2\/media?parent=346"}],"wp:term":[{"taxonomy":"product_cat","embeddable":true,"href":"https:\/\/ngaviet.com\/vi\/wp-json\/wp\/v2\/product_cat?post=346"},{"taxonomy":"product_tag","embeddable":true,"href":"https:\/\/ngaviet.com\/vi\/wp-json\/wp\/v2\/product_tag?post=346"}],"curies":[{"name":"wp","href":"https:\/\/api.w.org\/{rel}","templated":true}]}}