{"id":3522,"date":"2022-11-07T15:06:22","date_gmt":"2022-11-07T08:06:22","guid":{"rendered":"https:\/\/ngaviet.com\/?post_type=product&#038;p=3522"},"modified":"2023-08-25T17:00:24","modified_gmt":"2023-08-25T10:00:24","slug":"vien-uong-biotin","status":"publish","type":"product","link":"https:\/\/ngaviet.com\/vi\/vien-uong-biotin\/","title":{"rendered":"Vi\u00ean u\u1ed1ng Biotin vitamin H gi\u00fap ng\u0103n ng\u1eeba r\u1ee5ng t\u00f3c"},"content":{"rendered":"<h2><b>Th\u00f4ng tin v\u1ec1 thu\u1ed1c Biotin 5mg<\/b><\/h2>\n<p><span style=\"font-weight: 400;\">Vi\u00ean u\u1ed1ng Biotin l\u00e0 m\u1ed9t trong nh\u1eefng d\u01b0\u1ee3c ph\u1ea9m b\u1ed5 sung Bitotin (Vitamin H) &amp; Vitamin B5 gi\u00fap c\u1ea3i thi\u1ec7n t\u00ecnh tr\u1ea1ng t\u00f3c g\u00e3y r\u1ee5ng, t\u00f3c y\u1ebfu hay t\u00ecnh tr\u1ea1ng m\u00f3ng tay d\u1ec5 x\u01b0\u1edbc g\u00e3y\u2026<\/span><\/p>\n<p><span style=\"font-weight: 400;\">Biotin (vitamin H) l\u00e0 m\u1ed9t lo\u1ea1i vitamin h\u1ed7 tr\u1ee3 t\u00f3c m\u1ecdc nhanh, kh\u1ecfe v\u00e0 d\u00e0y h\u01a1n. Do \u0111\u00f3, vi\u1ec7c thi\u1ebfu h\u1ee5t vitamin n\u00e0y ch\u00ednh l\u00e0 nguy\u00ean nh\u00e2n d\u1eabn \u0111\u1ebfn t\u00ecnh tr\u1ea1ng t\u00f3c r\u1ee5ng, m\u00f3ng y\u1ebfu, d\u1ec5 x\u01b0\u1edbc g\u00e3y\u2026.<\/span><\/p>\n<p><span style=\"font-weight: 400;\">Ngo\u00e0i ra, <span style=\"color: #282828;\"><a style=\"color: #282828;\" href=\"https:\/\/www.vinmec.com\/vi\/tin-tuc\/thong-tin-suc-khoe\/suc-khoe-tong-quat\/loi-ich-suc-khoe-cua-biotin-vitamin-h\/\" rel=\"nofollow noopener\" target=\"_blank\">vitamin H<\/a><\/span> c\u00f2n gi\u00fap chuy\u1ec3n h\u00f3a c\u00e1c dinh d\u01b0\u1ee1ng (ch\u1ea5t b\u00e9o, Protein, Carbohydrate) th\u00e0nh n\u0103ng l\u01b0\u1ee3ng cung c\u1ea5p cho c\u00e1c ho\u1ea1t \u0111\u1ed9ng c\u1ee7a c\u01a1 th\u1ec3. Kh\u00f4ng ch\u1ec9 v\u1eady, vitamin H c\u00f2n r\u1ea5t h\u1eefu \u00edch v\u1edbi vi\u1ec7c h\u1ed7 tr\u1ee3 cho gan, m\u1eaft v\u00e0 h\u1ec7 th\u1ea7n kinh.<\/span><\/p>\n<p><span style=\"font-weight: 400;\">Biotin l\u00e0 m\u1ed9t trong nh\u1eefng vitamin c\u1ea7n thi\u1ebft cho ho\u1ea1t \u0111\u1ed9ng c\u1ee7a c\u00e1c enzym v\u00e0 h\u1ed7 tr\u1ee3 ch\u1ee9c n\u0103ng chuy\u1ec3n h\u00f3a. Nh\u01b0 biotin h\u1ed7 tr\u1ee3 t\u00e2n t\u1ea1o glucose, t\u1ea1o lipid v\u00e0 sinh t\u1ed5ng h\u1ee3p acid b\u00e9o cho c\u01a1 th\u1ec3,&#8230;Trong ch\u1ebf \u0111\u1ed9 \u0103n u\u1ed1ng ch\u00fang ta c\u1ea7n cung c\u1ea5p m\u1ed7i ng\u00e0y kho\u1ea3ng 150 &#8211; 300 microgam biotin. Ngu\u1ed3n cung c\u1ea5p Biotin t\u1eeb th\u1ee9c \u0103n nh\u01b0 b\u1ea1n c\u00f3 th\u1ec3 tham kh\u1ea3o nh\u01b0: Th\u1ecbt, l\u00f2ng \u0111\u1ecf tr\u1ee9ng, s\u1eefa, c\u00e1 v\u00e0 lo\u1ea1i qu\u1ea3, h\u1ea1t c\u00f3 nhi\u1ec1u botin.<\/span><\/p>\n<p><b>Th\u00e0nh ph\u1ea7n c\u00f3 trong Biotin vitamin H<\/b><\/p>\n<p><span style=\"font-weight: 400;\">Biotin (Vitamin H)\u2026\u2026\u2026\u2026\u2026\u2026\u2026\u2026\u2026\u2026\u2026..\u2026.5,0mg<\/span><\/p>\n<p><span style=\"font-weight: 400;\">Vitamin B5\u2026\u2026\u2026\u2026\u2026\u2026\u2026\u2026\u2026\u2026\u2026\u2026\u2026\u2026\u2026\u2026\u2026\u2026..2,0mg<\/span><\/p>\n<p><span style=\"font-weight: 400;\">Ph\u1ee5 li\u1ec7u: Talc, Magnesi strearate, Tinh b\u1ed9t m\u1ef3, Lactose v\u1eeba \u0111\u1ee7 2 vi\u00ean.<\/span><\/p>\n<h2><strong>Thu\u1ed1c biotin c\u00f3 t\u00e1c d\u1ee5ng g\u00ec?<\/strong><\/h2>\n<ul>\n<li style=\"font-weight: 400;\" aria-level=\"1\"><span style=\"font-weight: 400;\">B\u1ed5 sung Biotin cho ng\u01b0\u1eddi thi\u1ebfu h\u1ee5t do ch\u1ebf \u0111\u1ed9 \u0103n, ch\u00e1n \u0103n, nghi\u1ec7n r\u01b0\u1ee3u, k\u00e9m h\u1ea5p thu, t\u0103ng ti\u1ebft b\u00e3 nh\u1eddn<\/span><\/li>\n<li style=\"font-weight: 400;\" aria-level=\"1\"><span style=\"font-weight: 400;\">B\u1ea3o v\u1ec7 da, t\u00f3c, m\u00f3ng, gi\u00fap da s\u00e1ng \u0111\u1eb9p h\u01a1n, t\u00f3c, m\u00f3ng ch\u1eafc kh\u1ecfe, h\u1ea1n ch\u1ebf t\u00ecnh tr\u1ea1ng t\u00f3c r\u1ee5ng, t\u00f3c thi\u1ebfu s\u1ee9c s\u1ed1ng.<\/span><\/li>\n<\/ul>\n<h2><b>C\u00e1ch d\u00f9ng thu\u1ed1c biotin 5mg<\/b><\/h2>\n<p><span style=\"font-weight: 400;\">Thanh ni\u00ean v\u00e0 n<\/span><span style=\"font-weight: 400;\">g\u01b0\u1eddi l\u1edbn ng\u00e0y u\u1ed1ng 2 &#8211; 3 l\u1ea7n\/ng\u00e0y, u\u1ed1ng sau \u0103n.<\/span><\/p>\n<p><b>\u0110\u1ed1i t\u01b0\u1ee3ng:<\/b><\/p>\n<ul>\n<li style=\"font-weight: 400;\" aria-level=\"1\"><span style=\"font-weight: 400;\">Ng\u01b0\u1eddi thi\u1ebfu h\u1ee5t Biotin do ch\u1ebf \u0111\u1ed9 \u0103n, nghi\u1ec7n r\u01b0\u1ee3u, sau c\u1eaft d\u1ea1 d\u00e0y\u2026<\/span><\/li>\n<li style=\"font-weight: 400;\" aria-level=\"1\"><span style=\"font-weight: 400;\">Ng\u01b0\u1eddi mu\u1ed1n l\u00e0m \u0111\u1eb9p da, c\u1ee9ng m\u00f3ng v\u00e0 t\u00f3c ch\u1eafc kh\u1ecfe<\/span><\/li>\n<li style=\"font-weight: 400;\" aria-level=\"1\"><span style=\"font-weight: 400;\">Ng\u01b0\u1eddi b\u1ecb r\u1ee5ng t\u00f3c hay n\u1ed5i m\u1ecbn\u00a0 tr\u1ee9ng c\u00e1, da nh\u1eddn.<\/span><\/li>\n<li style=\"font-weight: 400;\" aria-level=\"1\"><span style=\"font-weight: 400;\">Ng\u01b0\u1eddi c\u00f3 t\u00f3c \u00edt, t\u00f3c m\u1ecfng, mu\u1ed1n c\u1ea3i thi\u1ec7n m\u00e1i t\u00f3c.<\/span><\/li>\n<li style=\"font-weight: 400;\" aria-level=\"1\"><span style=\"font-weight: 400;\">Ng\u01b0\u1eddi b\u1ecb stress nhi\u1ec1u, lo l\u1eafng kh\u00f3 ng\u1ee7, \u0103n u\u1ed1ng kh\u00f4ng khoa h\u1ecdc<\/span><\/li>\n<li style=\"font-weight: 400;\" aria-level=\"1\"><span style=\"font-weight: 400;\">C\u00e1c tr\u01b0\u1eddng h\u1ee3p t\u00f3c y\u1ebfu v\u00e0 r\u1ee5ng sau nhi\u1ec1u l\u1ea7n nhu\u1ed9m &amp; u\u1ed1n t\u00f3c..<\/span><\/li>\n<\/ul>\n<p><b>Ch\u00fa \u00fd<\/b><span style=\"font-weight: 400;\">:\u00a0<\/span><\/p>\n<ul>\n<li style=\"font-weight: 400;\" aria-level=\"1\"><span style=\"font-weight: 400;\">Th\u1ef1c ph\u1ea9m n\u00e0y kh\u00f4ng ph\u1ea3i l\u00e0 thu\u1ed1c, kh\u00f4ng c\u00f3 t\u00e1c d\u1ee5ng thay th\u1ebf thu\u1ed1c ch\u1eefa b\u1ec7nh.<\/span><\/li>\n<li style=\"font-weight: 400;\" aria-level=\"1\"><span style=\"font-weight: 400;\">Kh\u00f4ng s\u1eed d\u1ee5ng n\u1ebfu m\u1eabn c\u1ea3m v\u1edbi b\u1ea5t k\u1ef3 th\u00e0nh ph\u1ea7n n\u00e0o c\u1ee7a s\u1ea3n ph\u1ea9m.<\/span><\/li>\n<\/ul>\n<h2><b>C\u00e1ch b\u1ea3o qu\u1ea3n:\u00a0<\/b><\/h2>\n<p><span style=\"font-weight: 400;\">B\u1ea3o qu\u1ea3n n\u01a1i kh\u00f4 r\u00e1o, tho\u00e1ng m\u00e1t, tr\u00e1nh \u00e1nh n\u1eafng tr\u1ef1c ti\u1ebfp, nhi\u1ec7t \u0111\u1ed9 kh\u00f4ng qu\u00e1 30 \u0111\u1ed9 C. \u0110\u1ec3 xa t\u1ea7m tay tr\u1ebb em.<\/span><\/p>\n<p><b>Th\u01b0\u01a1ng nh\u00e2n ch\u1ecbu tr\u00e1ch nhi\u1ec7m v\u1ec1 ch\u1ea5t l\u01b0\u1ee3ng s\u1ea3n ph\u1ea9m v\u00e0 ph\u00e2n ph\u1ed1i<\/b><\/p>\n<p><span style=\"font-weight: 400;\">C\u00d4NG TY TNHH TH\u01af\u01a0NG M\u1ea0I NGA VI\u1ec6T\u00a0<\/span><\/p>\n<p><span style=\"font-weight: 400;\">\u0110\u1ecba ch\u1ec9: 644\/2, \u0110\u01b0\u1eddng 3\/2, Ph\u01b0\u1eddng 14, Qu\u1eadn 10, TP.HCM<\/span><\/p>\n<p><span style=\"font-weight: 400;\">S\u0110T: 028 730 69996 &#8211; 0933 248 096<\/span><\/p>\n<p><b>S\u1ea3n xu\u1ea5t t\u1ea1i C\u00d4NG TY C\u1ed4 PH\u1ea6N D\u01af\u1ee2C LI\u1ec6U &amp; V\u1eacT T\u01af Y T\u1ebe H\u1ea2I PH\u00d2NG<\/b><\/p>\n<p><span style=\"font-weight: 400;\">\u0110\u1ecba ch\u1ec9: Th\u01b0\u1ee3ng Trang, B\u00e1t Trang, An L\u00e3o, TP H\u1ea3i Ph\u00f2ng<\/span><\/p>\n<p><span style=\"font-weight: 400;\">S\u1ea3n ph\u1ea9m \u0111\u00e3 \u0111\u01b0\u1ee3c B\u1ed9 y t\u1ebf C\u1ee5c an to\u00e0n th\u1ef1c ph\u1ea9m Vi\u1ec7t Nam c\u1ea5p gi\u1ea5y ch\u1ee9ng nh\u1eadn s\u1ed1: 02\/NV\/2021 S\u1ed1 \u0110KSP: 146\/TCBSP.<\/span><\/p>\n","protected":false},"excerpt":{"rendered":"<ul>\n<li style=\"font-weight: 400;\" aria-level=\"1\"><b>C\u00f4ng d\u1ee5ng<\/b><span style=\"font-weight: 400;\">: H\u1ed7 tr\u1ee3 b\u1ed5 sung vitamin H ng\u0103n ng\u1eeba r\u1ee5ng t\u00f3c, gi\u00fap t\u00f3c, m\u00f3ng ch\u1eafc kh\u1ecfe.<\/span><\/li>\n<li style=\"font-weight: 400;\" aria-level=\"1\"><b>Nh\u00e0 s\u1ea3n xu\u1ea5t<\/b><span style=\"font-weight: 400;\">: D\u01b0\u1ee3c H\u1ea3i Ph\u00f2ng &#8211; VN<\/span><\/li>\n<li style=\"font-weight: 400;\" aria-level=\"1\"><b>Quy c\u00e1ch<\/b><span style=\"font-weight: 400;\">: H\u1ed9p 30 vi\u00ean n\u00e9n (3 v\u1ec9 x 10 vi\u00ean). Th\u00f9ng 243 h\u1ed9p<\/span><\/li>\n<li style=\"font-weight: 400;\" aria-level=\"1\"><b>C\u00e1ch d\u00f9ng<\/b><span style=\"font-weight: 400;\">: Thi\u1ebfu ni\u00ean v\u00e0 ng\u01b0\u1eddi l\u1edbn: 1 vi\u00ean\/l\u1ea7n x 2-3 l\u1ea7n\/ng\u00e0y<\/span><\/li>\n<li style=\"font-weight: 400;\" aria-level=\"1\"><b>H\u1ea1n d\u00f9ng: <\/b><span style=\"font-weight: 400;\">3 n\u0103m k\u1ec3 t\u1eeb ng\u00e0y s\u1ea3n xu\u1ea5t<\/span><\/li>\n<\/ul>\n","protected":false},"featured_media":3523,"comment_status":"open","ping_status":"closed","template":"","meta":[],"product_cat":[15,54],"product_tag":[],"_links":{"self":[{"href":"https:\/\/ngaviet.com\/vi\/wp-json\/wp\/v2\/product\/3522"}],"collection":[{"href":"https:\/\/ngaviet.com\/vi\/wp-json\/wp\/v2\/product"}],"about":[{"href":"https:\/\/ngaviet.com\/vi\/wp-json\/wp\/v2\/types\/product"}],"replies":[{"embeddable":true,"href":"https:\/\/ngaviet.com\/vi\/wp-json\/wp\/v2\/comments?post=3522"}],"wp:featuredmedia":[{"embeddable":true,"href":"https:\/\/ngaviet.com\/vi\/wp-json\/wp\/v2\/media\/3523"}],"wp:attachment":[{"href":"https:\/\/ngaviet.com\/vi\/wp-json\/wp\/v2\/media?parent=3522"}],"wp:term":[{"taxonomy":"product_cat","embeddable":true,"href":"https:\/\/ngaviet.com\/vi\/wp-json\/wp\/v2\/product_cat?post=3522"},{"taxonomy":"product_tag","embeddable":true,"href":"https:\/\/ngaviet.com\/vi\/wp-json\/wp\/v2\/product_tag?post=3522"}],"curies":[{"name":"wp","href":"https:\/\/api.w.org\/{rel}","templated":true}]}}