{"id":3669,"date":"2022-11-10T10:00:39","date_gmt":"2022-11-10T03:00:39","guid":{"rendered":"https:\/\/ngaviet.com\/?post_type=product&#038;p=3669"},"modified":"2022-11-10T10:00:39","modified_gmt":"2022-11-10T03:00:39","slug":"bang-ca-nhan-wingo","status":"publish","type":"product","link":"https:\/\/ngaviet.com\/vi\/bang-ca-nhan-wingo\/","title":{"rendered":"B\u0103ng keo c\u00e1 nh\u00e2n Wingo \u0111\u1ed9 d\u00ednh, co gi\u00e3n t\u1ed1t"},"content":{"rendered":"<p><span style=\"font-weight: 400;\"><div id=\"ez-toc-container\" class=\"ez-toc-v2_0_58 counter-hierarchy ez-toc-counter ez-toc-light-blue ez-toc-container-direction\">\n<div class=\"ez-toc-title-container\">\n<p class=\"ez-toc-title \" >M\u1ee5c l\u1ee5c<\/p>\n<span class=\"ez-toc-title-toggle\"><a href=\"#\" class=\"ez-toc-pull-right ez-toc-btn ez-toc-btn-xs ez-toc-btn-default ez-toc-toggle\" aria-label=\"Toggle Table of Content\" role=\"button\"><label for=\"item-69d6cce60dd51\" ><span class=\"\"><span class=\"eztoc-hide\" style=\"display:none;\">Toggle<\/span><span class=\"ez-toc-icon-toggle-span\"><svg style=\"fill: #999;color:#999\" xmlns=\"http:\/\/www.w3.org\/2000\/svg\" class=\"list-377408\" width=\"20px\" height=\"20px\" viewBox=\"0 0 24 24\" fill=\"none\"><path d=\"M6 6H4v2h2V6zm14 0H8v2h12V6zM4 11h2v2H4v-2zm16 0H8v2h12v-2zM4 16h2v2H4v-2zm16 0H8v2h12v-2z\" fill=\"currentColor\"><\/path><\/svg><svg style=\"fill: #999;color:#999\" class=\"arrow-unsorted-368013\" xmlns=\"http:\/\/www.w3.org\/2000\/svg\" width=\"10px\" height=\"10px\" viewBox=\"0 0 24 24\" version=\"1.2\" baseProfile=\"tiny\"><path d=\"M18.2 9.3l-6.2-6.3-6.2 6.3c-.2.2-.3.4-.3.7s.1.5.3.7c.2.2.4.3.7.3h11c.3 0 .5-.1.7-.3.2-.2.3-.5.3-.7s-.1-.5-.3-.7zM5.8 14.7l6.2 6.3 6.2-6.3c.2-.2.3-.5.3-.7s-.1-.5-.3-.7c-.2-.2-.4-.3-.7-.3h-11c-.3 0-.5.1-.7.3-.2.2-.3.5-.3.7s.1.5.3.7z\"\/><\/svg><\/span><\/span><\/label><input aria-label=\"Toggle\" aria-label=\"item-69d6cce60dd51\"  type=\"checkbox\" id=\"item-69d6cce60dd51\"><\/a><\/span><\/div>\n<nav><ul class='ez-toc-list ez-toc-list-level-1 eztoc-toggle-hide-by-default' ><li class='ez-toc-page-1 ez-toc-heading-level-2'><a class=\"ez-toc-link ez-toc-heading-1\" href=\"https:\/\/ngaviet.com\/vi\/bang-ca-nhan-wingo\/#Thong_tin_ve_bang_keo_ca_nhan_Wingo\" title=\"Th\u00f4ng tin v\u1ec1 b\u0103ng keo c\u00e1 nh\u00e2n Wingo\">Th\u00f4ng tin v\u1ec1 b\u0103ng keo c\u00e1 nh\u00e2n Wingo<\/a><\/li><li class='ez-toc-page-1 ez-toc-heading-level-2'><a class=\"ez-toc-link ez-toc-heading-2\" href=\"https:\/\/ngaviet.com\/vi\/bang-ca-nhan-wingo\/#Thanh_phan_cua_bang_ca_nhan_Wingo\" title=\"Th\u00e0nh ph\u1ea7n c\u1ee7a b\u0103ng c\u00e1 nh\u00e2n Wingo\">Th\u00e0nh ph\u1ea7n c\u1ee7a b\u0103ng c\u00e1 nh\u00e2n Wingo<\/a><\/li><li class='ez-toc-page-1 ez-toc-heading-level-2'><a class=\"ez-toc-link ez-toc-heading-3\" href=\"https:\/\/ngaviet.com\/vi\/bang-ca-nhan-wingo\/#Cong_dung_cua_bang_ca_nhan_Wingo\" title=\"C\u00f4ng d\u1ee5ng c\u1ee7a b\u0103ng c\u00e1 nh\u00e2n Wingo\">C\u00f4ng d\u1ee5ng c\u1ee7a b\u0103ng c\u00e1 nh\u00e2n Wingo<\/a><\/li><\/ul><\/nav><\/div>\n<\/span><\/p>\n<h2><span class=\"ez-toc-section\" id=\"Thong_tin_ve_bang_keo_ca_nhan_Wingo\"><\/span><b>Th\u00f4ng tin v\u1ec1 b\u0103ng keo c\u00e1 nh\u00e2n Wingo<\/b><span class=\"ez-toc-section-end\"><\/span><\/h2>\n<p><span style=\"font-weight: 400;\">B\u0103ng c\u00e1 nh\u00e2n Wingo c\u00f3 \u01b0u \u0111i\u1ec3m:\u00a0<\/span><\/p>\n<ul>\n<li style=\"font-weight: 400;\" aria-level=\"1\"><span style=\"font-weight: 400;\">Ch\u1ea5t keo d\u00ednh, \u0111\u1ed9 co gi\u00e3n t\u1ed1t<\/span><\/li>\n<li style=\"font-weight: 400;\" aria-level=\"1\"><span style=\"font-weight: 400;\">Kh\u1ea3 n\u0103ng th\u1ea5m h\u00fat v\u01b0\u1ee3t tr\u1ed9i, gi\u00fap v\u00f9ng da ch\u1ed7 \u0111\u01b0\u1ee3c d\u00e1n \u0111\u01b0\u1ee3c tho\u00e1ng kh\u00ed, kh\u00f4ng g\u00e2y b\u00ed b\u00e1ch, kh\u00f3 ch\u1ecbu<\/span><\/li>\n<li style=\"font-weight: 400;\" aria-level=\"1\"><span style=\"font-weight: 400;\">S\u1ea3n ph\u1ea9m \u0111\u01b0\u1ee3c ch\u1ee9ng nh\u1eadn ch\u1ea5t l\u01b0\u1ee3ng b\u1edfi TUV Rheinland CHLB \u0110\u1ee9c, \u0111\u1ea1t ch\u1ec9 s\u1ed1 EN ISO 13485:2016<\/span><\/li>\n<\/ul>\n<p><span style=\"font-weight: 400;\">Ph\u1ea7n g\u1ea1c v\u1ea3i viscose c\u00f3 l\u1edbp m\u00e0ng tr\u00ean c\u00f9ng b\u1eb1ng polyethylene kh\u00f4ng g\u00e2y d\u00ednh v\u00e0o c\u00e1c v\u1ebft th\u01b0\u01a1ng, v\u1ebft tr\u1ea7y x\u01b0\u1edbc, r\u00e1ch da,&#8230;<\/span><\/p>\n<p><b>L\u01b0u \u00fd<\/b><span style=\"font-weight: 400;\">: Tr\u00ean m\u1ed7i h\u1ed9p b\u0103ng c\u00e1 nh\u00e2n Wingo \u0111\u1ec1u c\u00f3 d\u00e1n tem ch\u1ed1ng h\u00e0ng gi\u1ea3 b\u1edfi c\u00f4ng ty TNHH D\u01b0\u1ee3c v\u00e0 thi\u1ebft TBYT Ti\u1ebfn Ph\u00e1t &#8211; EU n\u00ean qu\u00fd kh\u00e1ch khi mua h\u00e0ng c\u1ea7n l\u01b0u \u00fd.<\/span><\/p>\n<h2><span class=\"ez-toc-section\" id=\"Thanh_phan_cua_bang_ca_nhan_Wingo\"><\/span><b>Th\u00e0nh ph\u1ea7n c\u1ee7a b\u0103ng c\u00e1 nh\u00e2n Wingo<\/b><span class=\"ez-toc-section-end\"><\/span><\/h2>\n<ul>\n<li style=\"font-weight: 400;\" aria-level=\"1\"><span style=\"font-weight: 400;\">B\u0103ng: v\u1ea3i viscose v\u00e0 polyamide co gi\u00e3n<\/span><\/li>\n<li style=\"font-weight: 400;\" aria-level=\"1\"><span style=\"font-weight: 400;\">G\u1ea1c: v\u1ea3i Viscose c\u00f3 l\u1edbp m\u00e0ng tr\u00ean c\u00f9ng b\u1eb1ng polyethylene<\/span><\/li>\n<li style=\"font-weight: 400;\" aria-level=\"1\"><span style=\"font-weight: 400;\">Ch\u1ea5t d\u00ednh: Keo n\u00f3ng ch\u1ea3y kh\u00f4ng d\u00f9ng dung m\u00f4i. M\u1ed7i mi\u1ebfng \u0111\u1ef1ng trong t\u1eebng bao ri\u00eang.<\/span><\/li>\n<\/ul>\n<h2><span class=\"ez-toc-section\" id=\"Cong_dung_cua_bang_ca_nhan_Wingo\"><\/span><b>C\u00f4ng d\u1ee5ng c\u1ee7a b\u0103ng c\u00e1 nh\u00e2n Wingo<\/b><span class=\"ez-toc-section-end\"><\/span><\/h2>\n<p><span style=\"font-weight: 400;\">B\u0103ng d\u00ednh c\u00e1 nh\u00e2n Wingo d\u00f9ng \u0111\u1ec3 d\u00e1n v\u00e0o c\u00e1c v\u1ebft th\u01b0\u01a1ng nh\u1ecf, v\u1ebft tr\u1ea7y x\u01b0\u1edbc, r\u00e1ch da,&#8230;<\/span><\/p>\n<p><b>B\u1ea3o qu\u1ea3n: <\/b><span style=\"font-weight: 400;\">N\u01a1i kh\u00f4 r\u00e1o tho\u00e1ng m\u00e1t<\/span><\/p>\n<p><b>S\u1ea3n xu\u1ea5t t\u1ea1i<\/b><span style=\"font-weight: 400;\">: Zhejiang Bangli Medical products Co.,Ltd, Trung Qu\u1ed1c<\/span><\/p>\n<p><span style=\"font-weight: 400;\">\u0110\u1ecba ch\u1ec9: No 118, Yuegui South Road, City West New District, 321300, Yongkang City, Zhejiang Province, China.<\/span><\/p>\n<p><b>Nh\u1eadp kh\u1ea9u b\u1edfi<\/b><span style=\"font-weight: 400;\">:<\/span><\/p>\n<p><span style=\"font-weight: 400;\">C\u00f4ng ty C\u1ed5 Ph\u1ea7n D\u01b0\u1ee3c Ph\u1ea9m T\u1ea5t Th\u00e0nh<\/span><\/p>\n<p><span style=\"font-weight: 400;\">\u0110\u1ecba ch\u1ec9: S\u1ed1 67, ng\u00f5 96, ph\u1ed1 \u0110\u1ea1i T\u1eeb, ph\u01b0\u1eddng \u0110\u1ea1i Kim, qu\u1eadn Ho\u00e0ng Mai, H\u00e0 N\u1ed9i.<\/span><\/p>\n","protected":false},"excerpt":{"rendered":"<ul>\n<li style=\"font-weight: 400;\" aria-level=\"1\"><b>C\u00f4ng d\u1ee5ng<\/b><span style=\"font-weight: 400;\">: D\u00f9ng \u0111\u1ec3 b\u0103ng v\u1ebft th\u01b0\u01a1ng nh\u1ecf, v\u1ebft tr\u1ea7y x\u01b0\u1edbc, r\u00e1ch da\u2026<\/span><\/li>\n<li style=\"font-weight: 400;\" aria-level=\"1\"><b>Nh\u00e0 s\u1ea3n xu\u1ea5t<\/b><span style=\"font-weight: 400;\">: Zhejiang, Trung Qu\u1ed1c<\/span><\/li>\n<li style=\"font-weight: 400;\" aria-level=\"1\"><b>Quy c\u00e1ch<\/b><span style=\"font-weight: 400;\">: H\u1ed9p 102 mi\u1ebfng (1,9 x 7,2 cm). Th\u00f9ng 100 h\u1ed9p<\/span><\/li>\n<li style=\"font-weight: 400;\" aria-level=\"1\"><b>C\u00e1ch d\u00f9ng<\/b><span style=\"font-weight: 400;\">: L\u00e0m v\u1ec7 sinh da, lau kh\u00f4 tr\u01b0\u1edbc khi d\u00e1n b\u0103ng. Thay b\u0103ng h\u00e0ng ng\u00e0y<\/span><\/li>\n<li style=\"font-weight: 400;\" aria-level=\"1\"><b>H\u1ea1n d\u00f9ng: <\/b><span style=\"font-weight: 400;\">5 n\u0103m k\u1ec3 t\u1eeb ng\u00e0y s\u1ea3n xu\u1ea5t<\/span><\/li>\n<\/ul>\n","protected":false},"featured_media":3670,"comment_status":"open","ping_status":"closed","template":"","meta":[],"product_cat":[15,54],"product_tag":[],"_links":{"self":[{"href":"https:\/\/ngaviet.com\/vi\/wp-json\/wp\/v2\/product\/3669"}],"collection":[{"href":"https:\/\/ngaviet.com\/vi\/wp-json\/wp\/v2\/product"}],"about":[{"href":"https:\/\/ngaviet.com\/vi\/wp-json\/wp\/v2\/types\/product"}],"replies":[{"embeddable":true,"href":"https:\/\/ngaviet.com\/vi\/wp-json\/wp\/v2\/comments?post=3669"}],"wp:featuredmedia":[{"embeddable":true,"href":"https:\/\/ngaviet.com\/vi\/wp-json\/wp\/v2\/media\/3670"}],"wp:attachment":[{"href":"https:\/\/ngaviet.com\/vi\/wp-json\/wp\/v2\/media?parent=3669"}],"wp:term":[{"taxonomy":"product_cat","embeddable":true,"href":"https:\/\/ngaviet.com\/vi\/wp-json\/wp\/v2\/product_cat?post=3669"},{"taxonomy":"product_tag","embeddable":true,"href":"https:\/\/ngaviet.com\/vi\/wp-json\/wp\/v2\/product_tag?post=3669"}],"curies":[{"name":"wp","href":"https:\/\/api.w.org\/{rel}","templated":true}]}}