{"id":4275,"date":"2023-02-15T09:52:42","date_gmt":"2023-02-15T02:52:42","guid":{"rendered":"https:\/\/ngaviet.com\/?post_type=product&#038;p=4275"},"modified":"2023-12-05T14:26:31","modified_gmt":"2023-12-05T07:26:31","slug":"thuc-pham-chuc-nang-bo-sung-calci-va-vitamin-calci-d-daily-copy","status":"publish","type":"product","link":"https:\/\/ngaviet.com\/vi\/thuc-pham-chuc-nang-bo-sung-calci-va-vitamin-calci-d-daily-copy\/","title":{"rendered":"Th\u1ef1c ph\u1ea9m ch\u1ee9c n\u0103ng b\u1ed5 sung Calci v\u00e0 Vitamin &#8211; Calci D Daily"},"content":{"rendered":"<p><span style=\"font-weight: 400;\"><div id=\"ez-toc-container\" class=\"ez-toc-v2_0_58 counter-hierarchy ez-toc-counter ez-toc-light-blue ez-toc-container-direction\">\n<div class=\"ez-toc-title-container\">\n<p class=\"ez-toc-title \" >M\u1ee5c l\u1ee5c<\/p>\n<span class=\"ez-toc-title-toggle\"><a href=\"#\" class=\"ez-toc-pull-right ez-toc-btn ez-toc-btn-xs ez-toc-btn-default ez-toc-toggle\" aria-label=\"Toggle Table of Content\" role=\"button\"><label for=\"item-69de33edab860\" ><span class=\"\"><span class=\"eztoc-hide\" style=\"display:none;\">Toggle<\/span><span class=\"ez-toc-icon-toggle-span\"><svg style=\"fill: #999;color:#999\" xmlns=\"http:\/\/www.w3.org\/2000\/svg\" class=\"list-377408\" width=\"20px\" height=\"20px\" viewBox=\"0 0 24 24\" fill=\"none\"><path d=\"M6 6H4v2h2V6zm14 0H8v2h12V6zM4 11h2v2H4v-2zm16 0H8v2h12v-2zM4 16h2v2H4v-2zm16 0H8v2h12v-2z\" fill=\"currentColor\"><\/path><\/svg><svg style=\"fill: #999;color:#999\" class=\"arrow-unsorted-368013\" xmlns=\"http:\/\/www.w3.org\/2000\/svg\" width=\"10px\" height=\"10px\" viewBox=\"0 0 24 24\" version=\"1.2\" baseProfile=\"tiny\"><path d=\"M18.2 9.3l-6.2-6.3-6.2 6.3c-.2.2-.3.4-.3.7s.1.5.3.7c.2.2.4.3.7.3h11c.3 0 .5-.1.7-.3.2-.2.3-.5.3-.7s-.1-.5-.3-.7zM5.8 14.7l6.2 6.3 6.2-6.3c.2-.2.3-.5.3-.7s-.1-.5-.3-.7c-.2-.2-.4-.3-.7-.3h-11c-.3 0-.5.1-.7.3-.2.2-.3.5-.3.7s.1.5.3.7z\"\/><\/svg><\/span><\/span><\/label><input aria-label=\"Toggle\" aria-label=\"item-69de33edab860\"  type=\"checkbox\" id=\"item-69de33edab860\"><\/a><\/span><\/div>\n<nav><ul class='ez-toc-list ez-toc-list-level-1 eztoc-toggle-hide-by-default' ><li class='ez-toc-page-1 ez-toc-heading-level-2'><a class=\"ez-toc-link ez-toc-heading-1\" href=\"https:\/\/ngaviet.com\/vi\/thuc-pham-chuc-nang-bo-sung-calci-va-vitamin-calci-d-daily-copy\/#Calci_D_Daily_la_thuoc_gi\" title=\"Calci D Daily l\u00e0 thu\u1ed1c g\u00ec?\">Calci D Daily l\u00e0 thu\u1ed1c g\u00ec?<\/a><\/li><li class='ez-toc-page-1 ez-toc-heading-level-2'><a class=\"ez-toc-link ez-toc-heading-2\" href=\"https:\/\/ngaviet.com\/vi\/thuc-pham-chuc-nang-bo-sung-calci-va-vitamin-calci-d-daily-copy\/#Thanh_phan_co_trong_Calci_D_Daily\" title=\"Th\u00e0nh ph\u1ea7n c\u00f3 trong Calci D Daily\">Th\u00e0nh ph\u1ea7n c\u00f3 trong Calci D Daily<\/a><\/li><li class='ez-toc-page-1 ez-toc-heading-level-2'><a class=\"ez-toc-link ez-toc-heading-3\" href=\"https:\/\/ngaviet.com\/vi\/thuc-pham-chuc-nang-bo-sung-calci-va-vitamin-calci-d-daily-copy\/#Calci_d_co_tac_dung_gi\" title=\"Calci d c\u00f3 t\u00e1c d\u1ee5ng g\u00ec?\">Calci d c\u00f3 t\u00e1c d\u1ee5ng g\u00ec?<\/a><\/li><li class='ez-toc-page-1 ez-toc-heading-level-2'><a class=\"ez-toc-link ez-toc-heading-4\" href=\"https:\/\/ngaviet.com\/vi\/thuc-pham-chuc-nang-bo-sung-calci-va-vitamin-calci-d-daily-copy\/#Doi_tuong_su_dung_calci_%E2%80%93_d\" title=\"\u0110\u1ed1i t\u01b0\u1ee3ng s\u1eed d\u1ee5ng calci &#8211; d\">\u0110\u1ed1i t\u01b0\u1ee3ng s\u1eed d\u1ee5ng calci &#8211; d<\/a><\/li><li class='ez-toc-page-1 ez-toc-heading-level-2'><a class=\"ez-toc-link ez-toc-heading-5\" href=\"https:\/\/ngaviet.com\/vi\/thuc-pham-chuc-nang-bo-sung-calci-va-vitamin-calci-d-daily-copy\/#Cach_dung_Calci_D_Daily\" title=\"C\u00e1ch d\u00f9ng Calci D Daily\">C\u00e1ch d\u00f9ng Calci D Daily<\/a><\/li><li class='ez-toc-page-1 ez-toc-heading-level-2'><a class=\"ez-toc-link ez-toc-heading-6\" href=\"https:\/\/ngaviet.com\/vi\/thuc-pham-chuc-nang-bo-sung-calci-va-vitamin-calci-d-daily-copy\/#Cach_bao_quan\" title=\"C\u00e1ch b\u1ea3o qu\u1ea3n\">C\u00e1ch b\u1ea3o qu\u1ea3n<\/a><\/li><\/ul><\/nav><\/div>\n<\/span><\/p>\n<h2><span class=\"ez-toc-section\" id=\"Calci_D_Daily_la_thuoc_gi\"><\/span><b>Calci D Daily l\u00e0 thu\u1ed1c g\u00ec?<\/b><span class=\"ez-toc-section-end\"><\/span><\/h2>\n<p><span style=\"font-weight: 400;\">Calci D Daily l\u00e0 th\u1ef1c ph\u1ea9m ch\u1ee9c n\u0103ng \u0111\u00e3 \u0111\u01b0\u1ee3c B\u1ed9 Y T\u1ebf c\u1ea5p gi\u1ea5y ph\u00e9p l\u01b0u h\u00e0nh s\u1ed1 <\/span><span style=\"font-weight: 400;\">180\/2018\/ATTP-XNCB<\/span><span style=\"font-weight: 400;\">. S\u1ea3n ph\u1ea9m \u0111\u01b0\u1ee3c s\u1ea3n xu\u1ea5t b\u1edfi C\u00f4ng ty th\u1ea3o d\u01b0\u1ee3c Thanh H\u1eb1ng v\u1edbi nh\u00e0 m\u00e1y \u0111\u1ea1t chu\u1ea9n GMP.\u00a0<\/span><\/p>\n<p><span style=\"font-weight: 400;\">Calci D Daily c\u00f3 c\u00f4ng d\u1ee5ng b\u1ed5 sung calci t\u1ed1t cho ng\u01b0\u1eddi c\u00f3 nhu c\u1ea7u calci cao, ng\u01b0\u1eddi c\u00f3 n\u1ed3ng \u0111\u1ed9 canxi huy\u1ebft th\u1ea5p nh\u1edd th\u00e0nh ph\u1ea7n c\u00f3 ch\u1ee9a <\/span><span style=\"font-weight: 400;\">Calci hydrophosphate, Calci gluconate.\u00a0<\/span><\/p>\n<p><span style=\"font-weight: 400;\">B\u00ean c\u1ea1nh \u0111\u00f3, Inulin m\u1ed9t ch\u1ea5t \u0111\u01b0\u1ee3c t\u00ecm th\u1ea5y trong c\u00e1c th\u1ef1c ph\u1ea9m c\u00f3 ngu\u1ed3n g\u1ed1c th\u1ef1c v\u1eadt v\u1edbi t\u00e1c d\u1ee5ng gi\u00fap c\u01a1 th\u1ec3 no l\u00e2u, h\u1ed7 tr\u1ee3 ti\u00eau h\u00f3a, c\u1ea3i thi\u1ec7n h\u1ea5p th\u1ee5 canxi, magie, ng\u0103n ch\u1eb7n c\u00f2i x\u01b0\u01a1ng \u1edf tr\u1ebb nh\u1ecf c\u0169ng c\u00f3 trong th\u1ef1c ph\u1ea9m ch\u1ee9c n\u0103ng <\/span><span style=\"font-weight: 400;\">Calci D Daily do \u0111\u00f3 s\u1ea3n ph\u1ea9m n\u00e0y t\u1ed1t cho c\u1ea3 tr\u1ebb ch\u1eadm l\u1edbn, c\u00f2i x\u01b0\u01a1ng.<\/span><\/p>\n<p><span style=\"font-weight: 400;\">Ngo\u00e0i ra, s\u1ea3n ph\u1ea9m c\u00f2n ch\u1ee9a vitamin A, Vitamin D,&#8230;gi\u00fap ph\u00e1t tri\u1ec3n h\u1ec7 x\u01b0\u01a1ng kh\u1edbp, x\u00e2y d\u1ef1ng v\u00e0 duy tr\u00ec x\u01b0\u01a1ng ch\u1eafc kh\u1ecfe.<\/span><\/p>\n<h2><span class=\"ez-toc-section\" id=\"Thanh_phan_co_trong_Calci_D_Daily\"><\/span><b>Th\u00e0nh ph\u1ea7n c\u00f3 trong <\/b><b>Calci D Daily<\/b><span class=\"ez-toc-section-end\"><\/span><\/h2>\n<p><span style=\"font-weight: 400;\">Calci hydrophosphate\u2026\u2026\u2026\u2026\u2026\u2026\u2026\u2026\u2026\u2026\u2026\u2026\u2026\u2026\u2026\u2026\u2026\u2026\u2026\u2026\u2026\u2026\u2026\u2026\u2026\u2026\u2026\u2026\u2026100mg<\/span><\/p>\n<p><span style=\"font-weight: 400;\">Calci gluconate\u2026\u2026\u2026\u2026\u2026\u2026\u2026\u2026\u2026\u2026\u2026\u2026\u2026\u2026\u2026\u2026\u2026\u2026\u2026\u2026\u2026\u2026\u2026\u2026\u2026\u2026\u2026\u2026\u2026\u2026\u2026&#8230;&#8230;150mg<\/span><\/p>\n<p><span style=\"font-weight: 400;\">Inulin\u2026\u2026\u2026\u2026\u2026\u2026\u2026\u2026\u2026\u2026\u2026\u2026\u2026\u2026\u2026\u2026\u2026\u2026\u2026\u2026\u2026\u2026\u2026\u2026\u2026\u2026\u2026\u2026\u2026\u2026\u2026\u2026\u2026\u2026\u2026\u2026&#8230;&#8230;&#8230;..10mg<\/span><\/p>\n<p><span style=\"font-weight: 400;\">Vitamin A\u2026\u2026\u2026\u2026\u2026\u2026\u2026\u2026\u2026\u2026\u2026\u2026\u2026\u2026\u2026\u2026\u2026\u2026\u2026\u2026\u2026\u2026\u2026\u2026\u2026\u2026\u2026\u2026\u2026\u2026\u2026\u2026\u2026\u2026..\u2026..100IU<\/span><\/p>\n<p><span style=\"font-weight: 400;\">Vitamin D\u2026\u2026\u2026\u2026\u2026\u2026\u2026\u2026\u2026\u2026\u2026\u2026\u2026\u2026\u2026\u2026\u2026\u2026\u2026\u2026\u2026\u2026\u2026\u2026\u2026\u2026\u2026\u2026\u2026\u2026\u2026\u2026\u2026\u2026.\u2026&#8230;3200IU<\/span><\/p>\n<p><span style=\"font-weight: 400;\">K\u1ebdm gluconate\u2026\u2026\u2026\u2026\u2026\u2026\u2026\u2026\u2026\u2026\u2026\u2026\u2026\u2026\u2026\u2026\u2026\u2026\u2026\u2026\u2026\u2026\u2026\u2026\u2026\u2026\u2026\u2026\u2026\u2026\u2026\u2026&#8230;28mg<\/span><\/p>\n<p><span style=\"font-weight: 400;\">Magnesium oxide\u2026\u2026\u2026\u2026\u2026\u2026\u2026\u2026\u2026\u2026\u2026\u2026\u2026\u2026\u2026\u2026\u2026\u2026\u2026\u2026\u2026\u2026\u2026\u2026\u2026\u2026\u2026\u2026\u2026\u2026\u2026.50mg<\/span><\/p>\n<h2><span class=\"ez-toc-section\" id=\"Calci_d_co_tac_dung_gi\"><\/span><strong>Calci d c\u00f3 t\u00e1c d\u1ee5ng g\u00ec?<\/strong><span class=\"ez-toc-section-end\"><\/span><\/h2>\n<p><span style=\"font-weight: 400;\">B\u1ed5 sung calci, <span style=\"color: #282828;\"><a style=\"color: #282828;\" href=\"https:\/\/www.vinmec.com\/vi\/tin-tuc\/thong-tin-suc-khoe\/suc-khoe-tong-quat\/vitamin-d3-co-tac-dung-gi\/\" rel=\"nofollow noopener\" target=\"_blank\">vitamin D3<\/a><\/span> v\u00e0 c\u00e1c kho\u00e1ng ch\u1ea5t cho ng\u01b0\u1eddi c\u00f3 nhu c\u1ea7u calci cao. H\u1ed7 tr\u1ee3 gi\u1ea3m nguy c\u01a1 lo\u00e3ng x\u01b0\u01a1ng \u1edf ng\u01b0\u1eddi tr\u01b0\u1edfng th\u00e0nh, ng\u01b0\u1eddi cao tu\u1ed5i, ph\u1ee5 n\u1eef m\u00e3n kinh.<\/span><\/p>\n<h2><span class=\"ez-toc-section\" id=\"Doi_tuong_su_dung_calci_%E2%80%93_d\"><\/span><b>\u0110\u1ed1i t\u01b0\u1ee3ng s\u1eed d\u1ee5ng calci &#8211; d<\/b><span class=\"ez-toc-section-end\"><\/span><\/h2>\n<ul>\n<li style=\"font-weight: 400;\" aria-level=\"1\"><span style=\"font-weight: 400;\">Ng\u01b0\u1eddi c\u00f3 nhu c\u1ea7u calci cao nh\u01b0: ph\u1ee5 n\u1eef mang thai, ph\u1ee5 n\u1eef cho con b\u00fa, tr\u1ebb em c\u00f2i x\u01b0\u01a1ng, ch\u1eadm l\u1edbn, tr\u1ebb \u0111ang trong \u0111\u1ed9 tu\u1ed5i ph\u00e1t tri\u1ec3n chi\u1ec1u cao c\u1ea7n b\u1ed5 sung calci.<\/span><\/li>\n<li style=\"font-weight: 400;\" aria-level=\"1\"><span style=\"font-weight: 400;\">Ph\u1ee5 n\u1eef m\u00e3n kinh, ng\u01b0\u1eddi tr\u01b0\u1edfng th\u00e0nh, ng\u01b0\u1eddi cao tu\u1ed5i c\u00f3 nguy c\u01a1 b\u1ecb lo\u00e3ng x\u01b0\u01a1ng do thi\u1ebfu calci.<\/span><\/li>\n<\/ul>\n<h2><span class=\"ez-toc-section\" id=\"Cach_dung_Calci_D_Daily\"><\/span><b>C\u00e1ch d\u00f9ng Calci D Daily<\/b><span class=\"ez-toc-section-end\"><\/span><\/h2>\n<p><span style=\"font-weight: 400;\">&#8211; Ng\u01b0\u1eddi l\u1edbn: <\/span><span style=\"font-weight: 400;\">ng\u00e0y u\u1ed1ng 4 vi\u00ean, chia 2 l\u1ea7n<\/span><\/p>\n<p><span style=\"font-weight: 400;\">&#8211; Tr\u1ebb em tr\u00ean 6 tu\u1ed5i: U\u1ed1ng 1-2 vi\u00ean\/ng\u00e0y.<\/span><\/p>\n<p><span style=\"font-weight: 400;\">Ch\u00fa \u00fd: Th\u1ef1c ph\u1ea9m n\u00e0y kh\u00f4ng ph\u1ea3i l\u00e0 thu\u1ed1c v\u00e0 kh\u00f4ng c\u00f3 t\u00e1c d\u1ee5ng thay th\u1ebf thu\u1ed1c ch\u1eefa b\u1ec7nh.<\/span><\/p>\n<h2><span class=\"ez-toc-section\" id=\"Cach_bao_quan\"><\/span><b>C\u00e1ch b\u1ea3o qu\u1ea3n<\/b><span class=\"ez-toc-section-end\"><\/span><\/h2>\n<p><span style=\"font-weight: 400;\">\u0110\u1ec3 n\u01a1i kh\u00f4 r\u00e1o, tho\u00e1ng m\u00e1t, tr\u00e1nh \u00e1nh n\u1eafng tr\u1ef1c ti\u1ebfp.<\/span><\/p>\n<p><span style=\"font-weight: 400;\">Ti\u00eau chu\u1ea9n: TCCS<\/span><\/p>\n<p><span style=\"font-weight: 400;\">S\u1ed1 XNCB: 180\/2018\/ATTP-XNCB<\/span><\/p>\n<p><b>S\u1ea3n xu\u1ea5t t\u1ea1i<\/b><span style=\"font-weight: 400;\">: C\u00f4ng ty TNHH Th\u1ea3o d\u01b0\u1ee3c Thanh H\u1eb1ng<\/span><\/p>\n<p><span style=\"font-weight: 400;\">\u0110\u1ecba ch\u1ec9: Y\u00ean Vi\u00ean, x\u00e3 V\u00e2n h\u00e0, huy\u1ec7n Vi\u1ec7t Y\u00ean, t\u1ec9nh B\u1eafc Giang<\/span><\/p>\n<p><b>Th\u01b0\u01a1ng nh\u00e2n ch\u1ecbu tr\u00e1ch nhi\u1ec7m v\u1ec1 ch\u1ea5t l\u01b0\u1ee3ng s\u1ea3n ph\u1ea9m:<\/b><\/p>\n<p><b>C\u00f4ng ty TNHH Th\u01b0\u01a1ng M\u1ea1i Nga Vi\u1ec7t<\/b><\/p>\n<p><b>\u0110\u1ecba ch\u1ec9: <\/b><span style=\"font-weight: 400;\">644\/2 \u0111\u01b0\u1eddng 3\/2 ph\u01b0\u1eddng 14, qu\u1eadn 10<\/span><\/p>\n<p><span style=\"font-weight: 400;\">\u0110i\u1ec7n tho\u1ea1i: 028.73069996 &#8211; Hotline: 0934541068.<\/span><\/p>\n","protected":false},"excerpt":{"rendered":"<ul>\n<li style=\"font-weight: 400;\" aria-level=\"1\"><b>C\u00f4ng d\u1ee5ng<\/b><span style=\"font-weight: 400;\">: B\u1ed5 sung calci, vitamin D3 v\u00e0 c\u00e1c kho\u00e1ng ch\u1ea5t cho ng\u01b0\u1eddi c\u00f3 nhu c\u1ea7u calci cao. H\u1ed7 tr\u1ee3 gi\u1ea3m nguy c\u01a1 lo\u00e3ng x\u01b0\u01a1ng<\/span><\/li>\n<li style=\"font-weight: 400;\" aria-level=\"1\"><b>Nh\u00e0 s\u1ea3n xu\u1ea5t<\/b><span style=\"font-weight: 400;\">: Thanh H\u1eb1ng &#8211; VN<\/span><\/li>\n<li style=\"font-weight: 400;\" aria-level=\"1\"><b>Quy c\u00e1ch<\/b><span style=\"font-weight: 400;\">: H\u1ed9p 60 vi\u00ean nang m\u1ec1m (6 v\u1ec9 x 10 vi\u00ean). Th\u00f9ng 140 h\u1ed9p<\/span><\/li>\n<li style=\"font-weight: 400;\" aria-level=\"1\"><b>C\u00e1ch d\u00f9ng<\/b><span style=\"font-weight: 400;\">:\u00a0 ng\u00e0y u\u1ed1ng 4 vi\u00ean, chia 2 l\u1ea7n. Tr\u1ebb em &gt;6 tu\u1ed5i: 1-2 vi\u00ean\/ng\u00e0y<\/span><\/li>\n<li style=\"font-weight: 400;\" aria-level=\"1\"><b>H\u1ea1n d\u00f9ng: <\/b><span style=\"font-weight: 400;\">3 n\u0103m k\u1ec3 t\u1eeb ng\u00e0y s\u1ea3n xu\u1ea5t<\/span><\/li>\n<\/ul>\n","protected":false},"featured_media":3491,"comment_status":"open","ping_status":"closed","template":"","meta":[],"product_cat":[15,64,30,56],"product_tag":[],"_links":{"self":[{"href":"https:\/\/ngaviet.com\/vi\/wp-json\/wp\/v2\/product\/4275"}],"collection":[{"href":"https:\/\/ngaviet.com\/vi\/wp-json\/wp\/v2\/product"}],"about":[{"href":"https:\/\/ngaviet.com\/vi\/wp-json\/wp\/v2\/types\/product"}],"replies":[{"embeddable":true,"href":"https:\/\/ngaviet.com\/vi\/wp-json\/wp\/v2\/comments?post=4275"}],"wp:featuredmedia":[{"embeddable":true,"href":"https:\/\/ngaviet.com\/vi\/wp-json\/wp\/v2\/media\/3491"}],"wp:attachment":[{"href":"https:\/\/ngaviet.com\/vi\/wp-json\/wp\/v2\/media?parent=4275"}],"wp:term":[{"taxonomy":"product_cat","embeddable":true,"href":"https:\/\/ngaviet.com\/vi\/wp-json\/wp\/v2\/product_cat?post=4275"},{"taxonomy":"product_tag","embeddable":true,"href":"https:\/\/ngaviet.com\/vi\/wp-json\/wp\/v2\/product_tag?post=4275"}],"curies":[{"name":"wp","href":"https:\/\/api.w.org\/{rel}","templated":true}]}}