{"id":4482,"date":"2024-03-29T15:20:12","date_gmt":"2024-03-29T08:20:12","guid":{"rendered":"https:\/\/ngaviet.com\/?post_type=product&#038;p=4482"},"modified":"2024-03-29T16:45:10","modified_gmt":"2024-03-29T09:45:10","slug":"bo-than-trang-duong-bazoka","status":"publish","type":"product","link":"https:\/\/ngaviet.com\/vi\/bo-than-trang-duong-bazoka\/","title":{"rendered":"Th\u1ef1c Ph\u1ea9m Ch\u1ee9c N\u0103ng B\u1ed5 Th\u1eadn Tr\u00e1ng D\u01b0\u01a1ng Bazoka"},"content":{"rendered":"<h2><strong>Th\u00f4ng Tin V\u1ec1 S\u1ea3n Ph\u1ea9m Bazoka<\/strong><\/h2>\n<p>Sau chu\u1ed7i th\u1eddi gian d\u00e0i nghi\u00ean c\u1ee9u v\u00e0 th\u1eed nghi\u1ec7m \u0111\u01b0a ra h\u00e0ng tr\u0103m k\u1ebft qu\u1ea3 kh\u00e1c nhau. Cu\u1ed1i c\u00f9ng c\u00e1c nh\u00e0 nghi\u00ean c\u1ee9u \u0111\u00e3 t\u1ea1o n\u00ean s\u1ea3n ph\u1ea9m Bazoka \u0111\u01b0\u1ee3c ch\u1ebf xu\u1ea5t t\u1eeb th\u1ea3o m\u1ed9c thi\u00ean nhi\u00ean bao g\u1ed3m B\u1ed9t Ng\u1ecdc C\u1ea9u (<em>Cynomorium songaricum<\/em>)<em>,\u00a0<\/em>Cao B\u00e1ch B\u1ec7nh (<em>Eurycoma longifolia<\/em>\u00a0), Cao Th\u1ea1ch H\u1ed9c (<em>Dendrobium nobile<\/em>), Cao Ng\u0169 Gia B\u00ec (<em>Acanthopanax trifoliatus<\/em>)<em>.<\/em><\/p>\n<p>\u0110\u00e2y c\u00f3 th\u1ec3 xem l\u00e0 m\u1ed9t gi\u1ea3i ph\u00e1p v\u01b0\u1ee3t tr\u1ed9i khi Bazoka \u0111\u01b0\u1ee3c t\u1ea1o n\u00ean nh\u1eb1m m\u1ee5c \u0111ich gi\u00fap b\u1ea1n b\u1ed5 th\u1eadn, tr\u00e1ng d\u01b0\u01a1ng v\u00e0 t\u0103ng c\u01b0\u1eddng kh\u1ea3 n\u0103ng c\u1ea3i thi\u1ec7n sinh l\u00fd. B\u00ean c\u1ea1nh \u0111\u00f3, Bazoka c\u00f2n h\u1ed7 tr\u1ee3 c\u1ea3i thi\u1ec7n c\u00e1c tri\u1ec7u ch\u1ee9ng \u0111au l\u01b0ng, m\u1ecfi g\u1ed1i, sinh l\u00fd y\u1ebfu do th\u1eadn k\u00e9m.<\/p>\n<h2><strong>Th\u00e0nh Ph\u1ea7n C\u00f3 Trong Bazoka<\/strong><\/h2>\n<p>B\u1ed9t Ng\u1ecdc C\u1ea9u (<em>Cynomorium songaricum<\/em>)&#8230;&#8230;&#8230;&#8230;&#8230;&#8230;&#8230;.50 mg<\/p>\n<p>Cao B\u00e1ch B\u1ec7nh (<em>Eurycoma longifolia<\/em>)&#8230;&#8230;&#8230;&#8230;&#8230;&#8230;&#8230;&#8230;.400 mg<\/p>\n<p>Cao Th\u1ea1ch H\u1ed9c (<em>Dendrobium nobile<\/em>)&#8230;&#8230;&#8230;&#8230;&#8230;&#8230;&#8230;&#8230;..100 mg<\/p>\n<p>Cao Ng\u0169 Gia B\u00ec (<em>Acanthopanax trifoliatus<\/em>)&#8230;&#8230;&#8230;&#8230;&#8230;&#8230;.75 mg<\/p>\n<p>Ph\u1ee5 Li\u1ec7u: Amidon, ch\u1ea5t ch\u1ed1ng \u0111\u00f4ng v\u00f3n (magnesi stearat, talcum), ch\u1ea5t \u1ed5n \u0111\u1ecbnh (hydroxyprolyl methyl cellulose), glycol, ch\u1ea5t t\u1ea1o m\u00e0u t\u1ed5ng h\u1ee3p (titan dioxit, brown HT).<\/p>\n<h2><strong>C\u00f4ng D\u1ee5ng C\u1ee7a Bazoka<\/strong><\/h2>\n<ul>\n<li>H\u1ed7 tr\u1ee3 c\u1ea3i thi\u1ec7n sinh l\u00fd<\/li>\n<li>H\u1ed7 tr\u1ee3 b\u1ed5 th\u1eadn, tr\u00e1ng d\u01b0\u01a1ng<\/li>\n<\/ul>\n<h2><strong>\u0110\u1ed1i T\u01b0\u1ee3ng S\u1eed D\u1ee5ng<\/strong><\/h2>\n<ul>\n<li>Nam gi\u1edbi tr\u01b0\u1edfng th\u00e0nh sinh l\u00fd y\u1ebfu, \u0111au l\u01b0ng, m\u1ecfi g\u1ed1i, th\u1eadn k\u00e9m<\/li>\n<\/ul>\n<h2><strong>C\u00e1ch S\u1eed D\u1ee5ng<\/strong><\/h2>\n<ul>\n<li>U\u1ed1ng sau khi \u0103n<\/li>\n<li>2 vi\u00ean\/l\u1ea7n v\u00e0 u\u1ed1ng 1 \u2013 2 l\u1ea7n\/ng\u00e0y<\/li>\n<\/ul>\n<h2><strong>B\u1ea3o Qu\u1ea3n<\/strong><\/h2>\n<ul>\n<li>B\u1ea3o qu\u1ea3n n\u01a1i kh\u00f4 r\u00e1o, tho\u00e1ng m\u00e1t, tr\u00e1nh \u00e1nh n\u1eafng tr\u1ef1c ti\u1ebfp<\/li>\n<li>\u0110\u1ec3 xa t\u1ea7m tay tr\u1ebb em<\/li>\n<\/ul>\n<p><strong><em>&#8220;Th\u1ef1c ph\u1ea9m n\u00e0y kh\u00f4ng ph\u1ea3i l\u00e0 thu\u1ed1c, kh\u00f4ng d\u00f9ng thay th\u1ebf thu\u1ed1c ch\u1eefa b\u1ec7nh&#8221;<\/em><\/strong><\/p>\n<p><strong>L\u01b0u \u00dd:<\/strong> kh\u00f4ng d\u00f9ng cho ng\u01b0\u1eddi b\u1ecb m\u1eabn c\u1ea3m, ki\u00eang k\u1ef5 v\u1edbi b\u1ea5t k\u00ec th\u00e0nh ph\u1ea7n n\u00e0o c\u1ee7a thu\u1ed9c ph\u1ea9m n\u00e0y. Ng\u01b0\u1eddi \u0111ang d\u00f9ng thu\u1ed1c ph\u1ea3i h\u1ecfi \u00fd ki\u1ebfn chuy\u00ean gia y t\u1ebf tr\u01b0\u1edbc khi s\u1eed d\u1ee5ng.<\/p>\n<p style=\"text-align: center;\"><strong><span style=\"vertical-align: inherit;\"><span style=\"vertical-align: inherit;\"><span style=\"vertical-align: inherit;\"><span style=\"vertical-align: inherit;\"><span style=\"vertical-align: inherit;\"><span style=\"vertical-align: inherit;\"><span style=\"vertical-align: inherit;\">&#8212;&#8212;&#8212;&#8212;&#8212;&#8212;&#8212;&#8212;&#8212;&#8212;&#8212;&#8212;&#8212;&#8212;&#8212;&#8212;&#8211; &#8212;&#8212;&#8212;&#8212;&#8212;&#8212;<\/span><\/span><\/span><\/span><\/span><\/span><\/span><\/strong><\/p>\n<p>N\u1ebfu b\u1ea1n quan t\u00e2m v\u1ec1 s\u1ea3n ph\u1ea9m c\u00f3 th\u1ec3 li\u00ean h\u1ec7 \u0111\u1eb7t mua h\u00e0ng t\u1ea1i Nga Vi\u1ec7t Pharma th\u00f4ng qua:<\/p>\n<ul>\n<li><em><span style=\"vertical-align: inherit;\">\u0110\u01b0\u1eddng d\u00e2y n\u00f3ng: 0933.248.096<\/span><\/em><\/li>\n<li><em><span style=\"vertical-align: inherit;\"><span style=\"vertical-align: inherit;\"><span style=\"vertical-align: inherit;\"><span style=\"vertical-align: inherit;\"><span style=\"vertical-align: inherit;\"><span style=\"vertical-align: inherit;\"><span style=\"vertical-align: inherit;\">Email:\u00a0 <\/span><\/span><\/span><\/span><\/span><\/span><\/span><a href=\"mailto:cskh.ngaviet@gmail.com\"><span style=\"vertical-align: inherit;\"><span style=\"vertical-align: inherit;\"><span style=\"vertical-align: inherit;\"><span style=\"vertical-align: inherit;\"><span style=\"vertical-align: inherit;\"><span style=\"vertical-align: inherit;\"><span style=\"vertical-align: inherit;\">cskh.ngaviet@gmail.com<\/span><\/span><\/span><\/span><\/span><\/span><\/span><\/a><\/em><\/li>\n<li><em><span style=\"vertical-align: inherit;\"><span style=\"vertical-align: inherit;\"><span style=\"vertical-align: inherit;\"><span style=\"vertical-align: inherit;\"><span style=\"vertical-align: inherit;\"><span style=\"vertical-align: inherit;\"><span style=\"vertical-align: inherit;\">Zalo OA:\u00a0 <\/span><\/span><\/span><\/span><\/span><\/span><\/span><a href=\"https:\/\/zalo.me\/2042719656458438425?src=media\" target=\"_blank\" rel=\"noopener\"><span style=\"vertical-align: inherit;\"><span style=\"vertical-align: inherit;\"><span style=\"vertical-align: inherit;\"><span style=\"vertical-align: inherit;\"><span style=\"vertical-align: inherit;\"><span style=\"vertical-align: inherit;\"><span style=\"vertical-align: inherit;\">https:\/\/zalo.me\/2042719656458438425?src=media<\/span><\/span><\/span><\/span><\/span><\/span><\/span><\/a><\/em><\/li>\n<li><em>Fanpage Nga Vi\u1ec7t Pharma:\u00a0<a href=\"https:\/\/www.facebook.com\/ngavietpharma\" target=\"_blank\" rel=\"noopener\">https:\/\/www.facebook.com\/ngavietpharma<\/a><\/em><\/li>\n<\/ul>\n","protected":false},"excerpt":{"rendered":"<ul>\n<li style=\"font-weight: 400;\" aria-level=\"1\"><b>C\u00f4ng d\u1ee5ng<\/b><span style=\"font-weight: 400;\">: H\u1ed7 tr\u1ee3 b\u1ed5 th\u1eadn tr\u00e1ng d\u01b0\u01a1ng, t\u0103ng c\u01b0\u1eddng sinh l\u00fd nam gi\u1edbi<\/span><\/li>\n<li style=\"font-weight: 400;\" aria-level=\"1\"><span style=\"font-weight: 400;\"><b>Nh\u00e0 s\u1ea3n xu\u1ea5t<\/b><\/span><span style=\"font-weight: 400;\">: X\u01b0\u1edfng S\u1ea3n Xu\u1ea5t C\u00f4ng Ty CP Y D\u01b0\u1ee3c ELIPHA<\/span><\/li>\n<li style=\"font-weight: 400;\" aria-level=\"1\"><b>Quy c\u00e1ch<\/b><span style=\"font-weight: 400;\">: H\u1ed9p 40 vi\u00ean n\u00e9n<\/span><\/li>\n<li style=\"font-weight: 400;\" aria-level=\"1\"><b>C\u00e1ch d\u00f9ng<\/b><span style=\"font-weight: 400;\">: Xem chi ti\u1ebft d\u01b0\u1edbi ph\u1ea7n m\u00f4 t\u1ea3<\/span><\/li>\n<li style=\"font-weight: 400;\" aria-level=\"1\"><b>H\u1ea1n d\u00f9ng<\/b><span style=\"font-weight: 400;\">: 07\/08\/2026<\/span><\/li>\n<\/ul>\n","protected":false},"featured_media":4496,"comment_status":"open","ping_status":"closed","template":"","meta":[],"product_cat":[15,59],"product_tag":[249,247,248],"_links":{"self":[{"href":"https:\/\/ngaviet.com\/vi\/wp-json\/wp\/v2\/product\/4482"}],"collection":[{"href":"https:\/\/ngaviet.com\/vi\/wp-json\/wp\/v2\/product"}],"about":[{"href":"https:\/\/ngaviet.com\/vi\/wp-json\/wp\/v2\/types\/product"}],"replies":[{"embeddable":true,"href":"https:\/\/ngaviet.com\/vi\/wp-json\/wp\/v2\/comments?post=4482"}],"wp:featuredmedia":[{"embeddable":true,"href":"https:\/\/ngaviet.com\/vi\/wp-json\/wp\/v2\/media\/4496"}],"wp:attachment":[{"href":"https:\/\/ngaviet.com\/vi\/wp-json\/wp\/v2\/media?parent=4482"}],"wp:term":[{"taxonomy":"product_cat","embeddable":true,"href":"https:\/\/ngaviet.com\/vi\/wp-json\/wp\/v2\/product_cat?post=4482"},{"taxonomy":"product_tag","embeddable":true,"href":"https:\/\/ngaviet.com\/vi\/wp-json\/wp\/v2\/product_tag?post=4482"}],"curies":[{"name":"wp","href":"https:\/\/api.w.org\/{rel}","templated":true}]}}