{"id":4566,"date":"2024-04-26T16:23:06","date_gmt":"2024-04-26T09:23:06","guid":{"rendered":"https:\/\/ngaviet.com\/?post_type=product&#038;p=4566"},"modified":"2024-07-30T14:12:19","modified_gmt":"2024-07-30T07:12:19","slug":"nanocoll-ho-tro-dieu-tri-vet-thuong-va-vet-bong","status":"publish","type":"product","link":"https:\/\/ngaviet.com\/vi\/nanocoll-ho-tro-dieu-tri-vet-thuong-va-vet-bong\/","title":{"rendered":"NANOCOLL &#8211; H\u1ed7 tr\u1ee3 \u0111i\u1ec1u tr\u1ecb v\u1ebft th\u01b0\u01a1ng v\u00e0 v\u1ebft b\u1ecfng"},"content":{"rendered":"<h2><strong>Th\u00f4ng Tin V\u1ec1 NANOCOLL<\/strong><\/h2>\n<p><span style=\"font-weight: 400;\">NanoColl l\u00e0 s\u1ef1 k\u1ebft h\u1ee3p gi\u1eefa c\u00e1c h\u1ea1t Nano b\u1ea1c d\u1ea1ng keo v\u00e0 Collagen type 1 c\u00f3 \u0111\u1ed9 tinh <\/span><span style=\"font-weight: 400;\">khi\u1ebft cao. NanoColl c\u00f3 d\u1ea1ng gel kh\u00f4ng nh\u1eddn, tan trong n\u01b0\u1edbc, kh\u00f4ng d\u1ea7u, kh\u00f4ng m\u00f9i, <\/span><span style=\"font-weight: 400;\">th\u1ec9nh tho\u1ea3ng c\u00f3 c\u00e1c h\u1ea1t Collagen tr\u1eafng l\u01a1 l\u1eedng. Collagen type 1 \u1edf d\u1ea1ng nguy\u00ean ch\u1ea5t r\u1ea5t <\/span><span style=\"font-weight: 400;\">nh\u1ea1y c\u1ea3m v\u1edbi nhi\u1ec7t \u0111\u1ed9. Khi ti\u1ebfp x\u00fac v\u1edbi da, gel NanoColl c\u00f3 th\u1ec3 bi\u1ebfn th\u00e0nh ch\u1ea5t l\u1ecfng <\/span><span style=\"font-weight: 400;\">nh\u1edbt t\u00f9y theo nhi\u1ec7t \u0111\u1ed9 c\u01a1 th\u1ec3.<\/span><\/p>\n<h2><strong>Th\u00e0nh Ph\u1ea7n B\u00ean Trong NANOCOLL<\/strong><\/h2>\n<p><span style=\"font-weight: 400;\">Nano Crystalline Silver 0,002% Gel in Collagen Base (v\u1eeba \u0111\u1ee7)<\/span><\/p>\n<h2><strong>Ch\u1ec9 \u0110\u1ecbnh<\/strong><\/h2>\n<p><span style=\"font-weight: 400;\">NanoColl \u0111\u01b0\u1ee3c s\u1eed d\u1ee5ng trong \u0111i\u1ec1u tr\u1ecb b\u1ecfng v\u00e0 v\u1ebft th\u01b0\u01a1ng<\/span><\/p>\n<h2><strong>C\u01a1 Ch\u1ebf Ho\u1ea1t \u0110\u1ed9ng C\u1ee7a NANOCOLL<\/strong><\/h2>\n<p><span style=\"font-weight: 400;\">C\u00e1c h\u1ea1t Nano b\u1ea1c \u0111\u00f3ng m\u1ed9t vai tr\u00f2 \u0111\u1eb7c bi\u1ec7t trong vi\u1ec7c ng\u0103n ng\u1eeba nhi\u1ec5m tr\u00f9ng v\u00e0 gi\u1ea3m <\/span><span style=\"font-weight: 400;\">t\u1ea3i l\u01b0\u1ee3ng vi khu\u1ea9n trong v\u1ebft th\u01b0\u01a1ng nh\u1edd \u0111\u1eb7c t\u00ednh kh\u00e1ng khu\u1ea9n ph\u1ed5 r\u1ed9ng v\u00e0 \u0111\u1eb7c t\u00ednh <\/span><span style=\"font-weight: 400;\">bi\u1ebfn \u0111\u1ed5i b\u1ec1 m\u1eb7t c\u1ee7a ch\u00fang gi\u00fap d\u1ec5 d\u00e0ng k\u1ebft h\u1ee3p Nano b\u1ea1c v\u00e0o n\u1ec1n Collagen \u0111\u1ec3 c\u1ea3i thi\u1ec7n qu\u00e1 tr\u00ecnh ch\u1eefa l\u00e0nh v\u1ebft th\u01b0\u01a1ng. N\u00f3 c\u00f3 \u0111\u1eb7c t\u00ednh h\u1ea5p th\u1ee5 khi ti\u1ebfp x\u00fac v\u1edbi d\u1ecbch ti\u1ebft v\u1ebft th\u01b0\u01a1ng v\u00e0 t\u1ea1o th\u00e0nh gel v\u00e0 gi\u1ea3i ph\u00f3ng c\u00e1c cation tinh th\u1ec3 Nano l\u00ean v\u1ebft th\u01b0\u01a1ng. <\/span><span style=\"font-weight: 400;\">\u0111\u1ebf gi\u1ea3i ph\u00f3ng c\u00e1c c\u1ee5m hat bac c\u1ef1c nh\u1ecf v\u00e0 c\u00f3 kh\u00e5<\/span><\/p>\n<p><span style=\"font-weight: 400;\">Nanocoll s\u1eed d\u1ee5ng c\u00f4ng ngh\u1ec7 Nano \u0111\u1ec3 gi\u1ea3i ph\u00f3ng c\u00e1c c\u1ee5m h\u1ea1t b\u1ea1c c\u1ef1c nh\u1ecf v\u00e0 c\u00f3 kh\u1ea3 n\u0103ng ph\u1ea3n \u1ee9ng cao. C\u00e1c h\u1ea1t b\u1ea1c c\u00e0ng nh\u1ecf th\u00ec di\u1ec7n t\u00edch b\u1ec1 m\u1eb7t v\u1ebft th\u01b0\u01a1ng s\u1ebd ti\u1ebfp x\u00fac <\/span><span style=\"font-weight: 400;\">v\u1edbi b\u1ea1c c\u00e0ng l\u1edbn, do \u0111\u00f3 l\u00e0m t\u0103ng ho\u1ea1t t\u00ednh sinh h\u1ecdc v\u00e0 kh\u1ea3 n\u0103ng h\u00f2a tan b\u1ea1c. <\/span><span style=\"font-weight: 400;\">Collagen \u0111\u01b0\u1ee3c bi\u1ebft \u0111\u1ebfn v\u1edbi \u0111\u1eb7c t\u00ednh ch\u1eefa l\u00e0nh v\u1ebft th\u01b0\u01a1ng b\u1eb1ng c\u00e1ch h\u1ed7 tr\u1ee3 ho\u1ea1t \u0111\u1ed9ng <\/span><span style=\"font-weight: 400;\">c\u1ee7a t\u1ebf b\u00e0o v\u00e0 cung c\u1ea5p m\u1ed9t ma tr\u1eadn c\u00f3 t\u1ed5 ch\u1ee9c trong da.<\/span><\/p>\n<h2><strong>\u01afu \u0110i\u1ec3m Sinh H\u1ecdc<\/strong><\/h2>\n<ul>\n<li><span style=\"font-weight: 400;\">Ho\u1ea1t t\u00ednh kh\u00e1ng khu\u1ea9n t\u1ed1t.<\/span><\/li>\n<li>Gi\u1ea3m ph\u1ea3n \u1ee9ng vi\u00eam c\u1ee7a v\u1ebft th\u01b0\u01a1ng b\u1eb1ng c\u00e1ch gi\u1ea3m ti\u1ebft d\u1ecbch v\u00e0 ki\u1ec3m so\u00e1t nhi\u1ec5m tr\u00f9ng v\u1ebft th\u01b0\u01a1ng.<\/li>\n<li><span style=\"color: #333333; font-size: 14.4px;\">T\u1ea1o m\u00f4i tr\u01b0\u1eddng t\u1ed1i \u01b0u cho qu\u00e1 tr\u00ecnh, ch\u1eefa l\u00e0nh v\u1ebft th\u01b0\u01a1ng b\u1eb1ng c\u00e1ch duy tr\u00ec \u0111\u1ed9 \u1ea9m, <\/span>k\u00edch th\u00edch bi\u1ec3u m\u00f4 h\u00f3a v\u00e0 ki\u1ec3m so\u00e1t nhi\u1ec5m tr\u00f9ng v\u1ebft th\u01b0\u01a1ng.<\/li>\n<li><span style=\"font-weight: 400;\">Ho\u1ea1t t\u00ednh kh\u00e1ng khu\u1ea9n c\u1ee7a ion b\u1ea1c \u0111\u01b0\u1ee3c ph\u00e1t hi\u1ec7n l\u00e0 do:<\/span><\/li>\n<li><span style=\"font-weight: 400;\">Gi\u00e1n \u0111o\u1ea1n chu\u1ed7i h\u00f4 h\u1ea5p c\u1ee7a t\u1ebf b\u00e0o<\/span><\/li>\n<li>Can thi\u1ec7p v\u00e0o qu\u00e1 tr\u00ecnh v\u1eadn chuy\u1ec3n \u0111i\u1ec7n t\u1eeb v\u00e0 ion c\u1ee7a vi khu\u1ea9n t\u1ebf b\u00e0o.<\/li>\n<li>G\u1eafn v\u00e0o DNA vi khu\u1ea9n v\u00e0 \u1ea3nh h\u01b0\u1edfng \u0111\u1ebfn s\u1ef1 nh\u00e2n l\u00ean c\u1ee7a t\u1ebf b\u00e0o.<\/li>\n<li>T\u01b0\u01a1ng t\u00e1c v\u1edbi m\u00e0ng t\u1ebf b\u00e0o v\u00e0 l\u00e0m h\u1ecfng c\u1ea5u tr\u00fac c\u1ee7a n\u00f3 v\u00e0 ch\u1ee9c n\u0103ng c\u1ee7a th\u1ee5 th\u1ec3.<\/li>\n<\/ul>\n<h2><b>H\u01b0\u1edbng d\u1eabn s\u1eed d\u1ee5ng NANOCOLL<\/b><\/h2>\n<ul>\n<li>R\u1eeda s\u1ea1ch v\u1ebft th\u01b0\u01a1ng b\u1eb1ng dung d\u1ecbch n\u01b0\u1edbc mu\u1ed1i v\u00f4 tr\u00f9ng. \u0110\u1ea3m b\u1ea3o n\u1ec1n v\u1ebft th\u01b0\u01a1ng lu\u00f4n \u1ea9m v\u00e0 nh\u1eb9 nh\u00e0ng lau kh\u00f4 v\u00f9ng quanh v\u1ebft th\u01b0\u01a1ng<\/li>\n<li>B\u00f4i NanoCol n\u1ebfu c\u1ea7n \u0111\u1ec3 che ph\u1ee7 to\u00e0n b\u1ed9 v\u00f9ng v\u1ebft th\u01b0\u01a1ng.<\/li>\n<li>N\u1ebfu c\u1ea7n, h\u00e3y che v\u1ebft th\u01b0\u01a1ng b\u1eb1ng b\u0103ng kh\u00f4ng d\u00ednh th\u00edch h\u1ee3p.<\/li>\n<li>B\u00f4i l\u1ea1i v\u00e0 b\u0103ng l\u1ea1i hai l\u1ea7n m\u00f4i ng\u00e0y t\u00f9y theo t\u00ecnh tr\u1ea1ng v\u1ebft th\u01b0\u01a1ng.<\/li>\n<li>L\u00e0m \u1ea9m l\u1edbp b\u0103ng th\u1ee9 hai b\u1eb1ng n\u01b0\u1edbc v\u00f4 tr\u00f9ng c\u01a1 th\u1ebf gi\u00fap lo\u1ea1i b\u1ecf d\u1ec5 d\u00e0ng.<\/li>\n<li>Sau khi s\u1eed d\u1ee5ng, \u0111\u00f3ng ch\u1eb7t n\u1eafp.<\/li>\n<\/ul>\n<h2><strong>B\u1ea3o Qu\u1ea3n<\/strong><\/h2>\n<ul>\n<li><span style=\"font-weight: 400;\">Kh\u00f4ng \u0111\u1ec3 \u0111\u00f4ng l\u1ea1nh. Tr\u00e1nh \u00e1nh s\u00e1ng<\/span><\/li>\n<li><span style=\"font-weight: 400;\">B\u1ea3o qu\u1ea3n \u1edf nhi\u1ec7t \u0111\u1ed9 ph\u00f2ng kh\u00f4ng qu\u00e1 40\u00b0C<\/span><\/li>\n<li><span style=\"font-weight: 400;\">\u0110\u1ec3 xa t\u1ea7m tay tr\u1ebb em.<\/span><\/li>\n<li>N\u01a1i kh\u00f4 r\u00e1o, tho\u00e1ng m\u00e1t, tr\u00e1nh \u00e1nh s\u00e1ng m\u1eb7t tr\u1eddi tr\u1ef1c ti\u1ebfp.<\/li>\n<\/ul>\n<p><strong><em>\u201cTh\u1ef1c ph\u1ea9m n\u00e0y kh\u00f4ng ph\u1ea3i l\u00e0 thu\u1ed1c, kh\u00f4ng d\u00f9ng thay th\u1ebf thu\u1ed1c ch\u1eefa b\u1ec7nh\u201d<\/em><\/strong><\/p>\n<p><strong>L\u01b0u \u00dd:<\/strong>\u00a0kh\u00f4ng d\u00f9ng cho ng\u01b0\u1eddi b\u1ecb m\u1eabn c\u1ea3m, ki\u00eang k\u1ef5 v\u1edbi b\u1ea5t k\u00ec th\u00e0nh ph\u1ea7n n\u00e0o c\u1ee7a thu\u1ed9c ph\u1ea9m n\u00e0y. Ng\u01b0\u1eddi \u0111ang d\u00f9ng thu\u1ed1c ph\u1ea3i h\u1ecfi \u00fd ki\u1ebfn chuy\u00ean gia y t\u1ebf tr\u01b0\u1edbc khi s\u1eed d\u1ee5ng.<\/p>\n<p><strong>\u2014\u2014\u2014\u2014\u2014\u2014\u2014\u2014\u2014\u2014\u2014\u2014\u2014\u2014\u2014\u2014\u2013 \u2014\u2014\u2014\u2014\u2014\u2014<\/strong><\/p>\n<p>N\u1ebfu b\u1ea1n quan t\u00e2m v\u1ec1 s\u1ea3n ph\u1ea9m c\u00f3 th\u1ec3 li\u00ean h\u1ec7 \u0111\u1eb7t mua h\u00e0ng t\u1ea1i Nga Vi\u1ec7t Pharma th\u00f4ng qua:<\/p>\n<ul>\n<li><em>\u0110\u01b0\u1eddng d\u00e2y n\u00f3ng: 0933.248.096<\/em><\/li>\n<li><em>Email:\u00a0\u00a0<a href=\"mailto:cskh.ngaviet@gmail.com\">cskh.ngaviet@gmail.com<\/a><\/em><\/li>\n<li><em>Zalo OA:\u00a0\u00a0<a href=\"https:\/\/zalo.me\/2042719656458438425?src=media\" target=\"_blank\" rel=\"noopener\">https:\/\/zalo.me\/2042719656458438425?src=media<\/a><\/em><\/li>\n<li><em>Fanpage Nga Vi\u1ec7t Pharma:\u00a0<a href=\"https:\/\/www.facebook.com\/ngavietpharma\" target=\"_blank\" rel=\"noopener\">https:\/\/www.facebook.com\/ngavietpharma<\/a><\/em><\/li>\n<\/ul>\n<p>&nbsp;<\/p>\n<p>&nbsp;<\/p>\n<p>&nbsp;<\/p>\n","protected":false},"excerpt":{"rendered":"<ul>\n<li aria-level=\"1\"><b>C\u00f4ng d\u1ee5ng<\/b>: H\u1ed7 tr\u1ee3 \u0111i\u1ec1u tr\u1ecb v\u1ebft th\u01b0\u01a1ng v\u00e0 v\u1ebft b\u1ecfng<\/li>\n<li aria-level=\"1\"><b>Nh\u00e0 s\u1ea3n xu\u1ea5t<\/b>: COLOGENESIS HEALTHCARE PRIVATE LIMITED<\/li>\n<li aria-level=\"1\"><b>Quy c\u00e1ch<\/b>: H\u1ed9p 1 tu\u00fdp 10g<\/li>\n<li aria-level=\"1\"><b>C\u00e1ch d\u00f9ng<\/b>: Xem chi ti\u1ebft d\u01b0\u1edbi ph\u1ea7n m\u00f4 t\u1ea3<\/li>\n<li aria-level=\"1\"><b>H\u1ea1n d\u00f9ng<\/b>: 31\/01\/2026<\/li>\n<\/ul>\n","protected":false},"featured_media":4567,"comment_status":"open","ping_status":"closed","template":"","meta":[],"product_cat":[15,54],"product_tag":[272,271,273,270,269],"_links":{"self":[{"href":"https:\/\/ngaviet.com\/vi\/wp-json\/wp\/v2\/product\/4566"}],"collection":[{"href":"https:\/\/ngaviet.com\/vi\/wp-json\/wp\/v2\/product"}],"about":[{"href":"https:\/\/ngaviet.com\/vi\/wp-json\/wp\/v2\/types\/product"}],"replies":[{"embeddable":true,"href":"https:\/\/ngaviet.com\/vi\/wp-json\/wp\/v2\/comments?post=4566"}],"wp:featuredmedia":[{"embeddable":true,"href":"https:\/\/ngaviet.com\/vi\/wp-json\/wp\/v2\/media\/4567"}],"wp:attachment":[{"href":"https:\/\/ngaviet.com\/vi\/wp-json\/wp\/v2\/media?parent=4566"}],"wp:term":[{"taxonomy":"product_cat","embeddable":true,"href":"https:\/\/ngaviet.com\/vi\/wp-json\/wp\/v2\/product_cat?post=4566"},{"taxonomy":"product_tag","embeddable":true,"href":"https:\/\/ngaviet.com\/vi\/wp-json\/wp\/v2\/product_tag?post=4566"}],"curies":[{"name":"wp","href":"https:\/\/api.w.org\/{rel}","templated":true}]}}